{"id":9120,"date":"2025-11-10T09:35:59","date_gmt":"2025-11-10T09:35:59","guid":{"rendered":"https:\/\/gambling6.com\/tipy-na-sportove-stavkovanie-vas-sprievodca-online-stavkovanim\/"},"modified":"2025-11-12T19:22:26","modified_gmt":"2025-11-12T19:22:26","slug":"tipy-na-sportove-stavkovanie-vas-sprievodca-online-stavkovanim","status":"publish","type":"page","link":"https:\/\/gambling6.com\/sl\/sportne-stave\/tipy-na-sportove-stavkovanie-vas-sprievodca-online-stavkovanim\/","title":{"rendered":"Tipy na \u0161portov\u00e9 st\u00e1vkovanie \u2013 V\u00e1\u0161 sprievodca online st\u00e1vkovan\u00edm"},"content":{"rendered":"<h2>Kompletn\u00fd sprievodca svetom online st\u00e1vok!<\/h2>\n<p>Hazardn\u00e9 hry s\u00fa s\u00fa\u010das\u0165ou na\u0161ej prirodzenosti u\u017e od \u00fasvitu \u013eudstva. Ke\u010f sa objavil internet, bolo prirodzen\u00e9, \u017ee sa objavili aj str\u00e1nky s hazardn\u00fdmi hrami. Ke\u010f sa tak stalo, te\u0161ili sa obrovsk\u00e9mu \u00faspechu a online hazardn\u00e9 hry s\u00fa teraz jednou z najpopul\u00e1rnej\u0161\u00edch aktiv\u00edt na svete.<\/p>\n<p>Predpokladajme, \u017ee chcete za\u010da\u0165 hra\u0165 online hazardn\u00fa hru. V takom pr\u00edpade by ste mali vedie\u0165, \u017ee registr\u00e1cia \u00fa\u010dtu na ktorejko\u013evek z hlavn\u00fdch webov\u00fdch str\u00e1nok s online hazardn\u00fdmi hrami v\u00e1m zaberie len p\u00e1r min\u00fat, po ktor\u00fdch m\u00f4\u017eete hra\u0165 \u010doko\u013evek, od online kas\u00ednov\u00fdch hier a\u017e po online poker, alebo dokonca stavi\u0165 na \u0161portov\u00e9 \u010di finan\u010dn\u00e9 str\u00e1nky.<\/p>\n<p><img loading=\"lazy\" decoding=\"async\" class=\"size-medium wp-image-3057 alignright\" src=\"https:\/\/gambling6.com\/wp-content\/uploads\/2022\/04\/soccermoney-300x200.jpg\" alt=\"sprievodca online st\u00e1vkovan\u00edm\" width=\"300\" height=\"200\" srcset=\"https:\/\/gambling6.com\/wp-content\/uploads\/2022\/04\/soccermoney-300x200.jpg 300w, https:\/\/gambling6.com\/wp-content\/uploads\/2022\/04\/soccermoney.jpg 424w\" sizes=\"auto, (max-width: 300px) 100vw, 300px\" \/>Ke\u010f u\u017e hovor\u00edme o online st\u00e1vkovan\u00ed, mali by ste vedie\u0165, \u017ee ak sa chcete pripoji\u0165 k webovej str\u00e1nke s online hazardn\u00fdmi hrami, ktor\u00e1 nevy\u017eaduje, aby ste sa u\u010dili hra\u0165 nov\u00fa hru (\u010do by bol pr\u00edpad \u010dohoko\u013evek od online pokru a\u017e po online kas\u00ednov\u00e9 hry), online st\u00e1vkovanie je perfektn\u00fdm rie\u0161en\u00edm. Pravidl\u00e1 u\u017e pozn\u00e1te \u2013 sta\u010d\u00ed spr\u00e1vne uh\u00e1dnu\u0165 v\u00fdsledok hry z profesion\u00e1lneho \u0161portu a to je v\u0161etko. Ak m\u00e1te pravdu, dostanete zaplaten\u00e9. Ak sa m\u00fdlite, m\u00f4\u017eete to sk\u00fasi\u0165 znova.<\/p>\n<p>Povedzme, \u017ee ste doteraz neobjavili online st\u00e1vkovanie. Bolo by hl\u00fape, keby ste za\u010dali hra\u0165 bez toho, aby ste vedeli \u010doko\u013evek o odvetv\u00ed, \u0161portoch alebo dokonca o online hazardn\u00fdch str\u00e1nkach, ku ktor\u00fdm sa chcete pripoji\u0165. Preto existuj\u00fa str\u00e1nky, ktor\u00fdch jedin\u00fdm cie\u013eom je pribl\u00ed\u017ei\u0165 v\u00e1s k va\u0161im ob\u013e\u00faben\u00fdm online hazardn\u00fdm aktivit\u00e1m t\u00fdm, \u017ee v\u00e1m pon\u00faknu \u010do najviac vedomost\u00ed.<\/p>\n<p><strong>BetOnline<\/strong> je jednou z najlep\u0161\u00edch online st\u00e1vkov\u00fdch str\u00e1nok na svete. Od st\u00e1vkovania na dostihy a\u017e po \u0161portov\u00e9 st\u00e1vkovanie a finan\u010dn\u00e9 st\u00e1vkovanie, v\u0161etky s\u00fa tu podrobne prezentovan\u00e9 a v\u0161etko, \u010do za\u010diato\u010dn\u00edk potrebuje vedie\u0165, sa dozviete len p\u00e1r min\u00fat v sekcii, ktor\u00e1 v\u00e1s zauj\u00edma.<\/p>\n<p><a class=\"thirstylink\" title=\"Betonline sports en\" href=\"https:\/\/gambling6.com\/go\/betonline-sports-en\/\" target=\"_blank\" rel=\"nofollow noopener\">Pridajte sa k mili\u00f3nom fan\u00fa\u0161ikov \u0161portov\u00fdch st\u00e1vok z cel\u00e9ho sveta v Betonline, na\u0161ej ob\u013e\u00fabenej st\u00e1vkovej kancel\u00e1rii, kliknut\u00edm na tento odkaz.<\/a><\/p>\n<p>Napr\u00edklad, ak chcete za\u010da\u0165 st\u00e1vkova\u0165 na dostihy, mali by ste sa pozrie\u0165 do sekcie St\u00e1vkovanie na dostihy, ktor\u00e1 v\u00e1m pon\u00faka v\u0161etko o online dostihoch &#8211; od ps\u00edch dostihov a\u017e po starod\u00e1vne konsk\u00e9 dostihy, alebo dokonca nov\u0161ie \u0161porty ako NASCAR alebo preteky Formuly 1. BetOnline v\u00e1m pon\u00faka v\u0161etko, \u010do by ste chceli vedie\u0165 o ka\u017edom z t\u00fdchto typov \u0161portov.<\/p>\n<p>Celkovo vzat\u00e9, ak chcete za\u010da\u0165 st\u00e1vkova\u0165 na \u0161porty, mali by ste vysk\u00fa\u0161a\u0165 BetOnline, jednu z najlep\u0161\u00edch online hazardn\u00fdch str\u00e1nok. Doved\u00fa v\u00e1s od toho, \u017ee o tomto odvetv\u00ed neviete absol\u00fatne ni\u010d, k tomu, \u017ee na \u0148om zarob\u00edte kopec pe\u0148az\u00ed!<\/p>\n","protected":false},"excerpt":{"rendered":"<p>Kompletn\u00fd sprievodca svetom online st\u00e1vok! Hazardn\u00e9 hry s\u00fa s\u00fa\u010das\u0165ou na\u0161ej prirodzenosti u\u017e od \u00fasvitu \u013eudstva. Ke\u010f sa objavil internet, bolo prirodzen\u00e9, \u017ee sa objavili aj str\u00e1nky s hazardn\u00fdmi hrami. Ke\u010f sa tak stalo, te\u0161ili sa obrovsk\u00e9mu \u00faspechu a online hazardn\u00e9 hry s\u00fa teraz jednou z najpopul\u00e1rnej\u0161\u00edch aktiv\u00edt na svete. Predpokladajme, \u017ee chcete za\u010da\u0165 hra\u0165 online [&hellip;]<\/p>\n","protected":false},"author":1,"featured_media":0,"parent":9251,"menu_order":14,"comment_status":"closed","ping_status":"closed","template":"","meta":{"footnotes":""},"class_list":["post-9120","page","type-page","status-publish","hentry"],"yoast_head":"<!-- This site is optimized with the Yoast SEO plugin v27.4 - https:\/\/yoast.com\/product\/yoast-seo-wordpress\/ -->\n<title>Sprievodca a tipy pre online \u0161portov\u00e9 st\u00e1vkovanie<\/title>\n<meta name=\"description\" content=\"Za\u010dnite st\u00e1vkova\u0165 online e\u0161te dnes. Nav\u0161t\u00edvte BetOnline a n\u00e1jdite kompletn\u00fd v\u00fdber mo\u017enost\u00ed st\u00e1vkovania, ako aj online poker a kas\u00edno, v\u0161etko na jednej webovej str\u00e1nke.\" \/>\n<meta name=\"robots\" content=\"index, follow, max-snippet:-1, max-image-preview:large, max-video-preview:-1\" \/>\n<link rel=\"canonical\" href=\"https:\/\/gambling6.com\/sl\/sportne-stave\/tipy-na-sportove-stavkovanie-vas-sprievodca-online-stavkovanim\/\" \/>\n<meta property=\"og:locale\" content=\"sl_SI\" \/>\n<meta property=\"og:type\" content=\"article\" \/>\n<meta property=\"og:title\" content=\"Sprievodca a tipy pre online \u0161portov\u00e9 st\u00e1vkovanie\" \/>\n<meta property=\"og:description\" content=\"Za\u010dnite st\u00e1vkova\u0165 online e\u0161te dnes. Nav\u0161t\u00edvte BetOnline a n\u00e1jdite kompletn\u00fd v\u00fdber mo\u017enost\u00ed st\u00e1vkovania, ako aj online poker a kas\u00edno, v\u0161etko na jednej webovej str\u00e1nke.\" \/>\n<meta property=\"og:url\" content=\"https:\/\/gambling6.com\/sl\/sportne-stave\/tipy-na-sportove-stavkovanie-vas-sprievodca-online-stavkovanim\/\" \/>\n<meta property=\"og:site_name\" content=\"Gambling6\" \/>\n<meta property=\"article:modified_time\" content=\"2025-11-12T19:22:26+00:00\" \/>\n<meta property=\"og:image\" content=\"https:\/\/gambling6.com\/wp-content\/uploads\/2022\/04\/soccermoney.jpg\" \/>\n\t<meta property=\"og:image:width\" content=\"424\" \/>\n\t<meta property=\"og:image:height\" content=\"283\" \/>\n\t<meta property=\"og:image:type\" content=\"image\/jpeg\" \/>\n<meta name=\"twitter:card\" content=\"summary_large_image\" \/>\n<meta name=\"twitter:label1\" content=\"Est. reading time\" \/>\n\t<meta name=\"twitter:data1\" content=\"3 minute\" \/>\n<script type=\"application\/ld+json\" class=\"yoast-schema-graph\">{\"@context\":\"https:\\\/\\\/schema.org\",\"@graph\":[{\"@type\":\"WebPage\",\"@id\":\"https:\\\/\\\/gambling6.com\\\/sl\\\/sportne-stave\\\/tipy-na-sportove-stavkovanie-vas-sprievodca-online-stavkovanim\\\/\",\"url\":\"https:\\\/\\\/gambling6.com\\\/sl\\\/sportne-stave\\\/tipy-na-sportove-stavkovanie-vas-sprievodca-online-stavkovanim\\\/\",\"name\":\"Sprievodca a tipy pre online \u0161portov\u00e9 st\u00e1vkovanie\",\"isPartOf\":{\"@id\":\"https:\\\/\\\/gambling6.com\\\/sl\\\/#website\"},\"primaryImageOfPage\":{\"@id\":\"https:\\\/\\\/gambling6.com\\\/sl\\\/sportne-stave\\\/tipy-na-sportove-stavkovanie-vas-sprievodca-online-stavkovanim\\\/#primaryimage\"},\"image\":{\"@id\":\"https:\\\/\\\/gambling6.com\\\/sl\\\/sportne-stave\\\/tipy-na-sportove-stavkovanie-vas-sprievodca-online-stavkovanim\\\/#primaryimage\"},\"thumbnailUrl\":\"https:\\\/\\\/gambling6.com\\\/wp-content\\\/uploads\\\/2022\\\/04\\\/soccermoney-300x200.jpg\",\"datePublished\":\"2025-11-10T09:35:59+00:00\",\"dateModified\":\"2025-11-12T19:22:26+00:00\",\"description\":\"Za\u010dnite st\u00e1vkova\u0165 online e\u0161te dnes. Nav\u0161t\u00edvte BetOnline a n\u00e1jdite kompletn\u00fd v\u00fdber mo\u017enost\u00ed st\u00e1vkovania, ako aj online poker a kas\u00edno, v\u0161etko na jednej webovej str\u00e1nke.\",\"breadcrumb\":{\"@id\":\"https:\\\/\\\/gambling6.com\\\/sl\\\/sportne-stave\\\/tipy-na-sportove-stavkovanie-vas-sprievodca-online-stavkovanim\\\/#breadcrumb\"},\"inLanguage\":\"sl-SI\",\"potentialAction\":[{\"@type\":\"ReadAction\",\"target\":[\"https:\\\/\\\/gambling6.com\\\/sl\\\/sportne-stave\\\/tipy-na-sportove-stavkovanie-vas-sprievodca-online-stavkovanim\\\/\"]}]},{\"@type\":\"ImageObject\",\"inLanguage\":\"sl-SI\",\"@id\":\"https:\\\/\\\/gambling6.com\\\/sl\\\/sportne-stave\\\/tipy-na-sportove-stavkovanie-vas-sprievodca-online-stavkovanim\\\/#primaryimage\",\"url\":\"https:\\\/\\\/gambling6.com\\\/wp-content\\\/uploads\\\/2022\\\/04\\\/soccermoney-300x200.jpg\",\"contentUrl\":\"https:\\\/\\\/gambling6.com\\\/wp-content\\\/uploads\\\/2022\\\/04\\\/soccermoney-300x200.jpg\"},{\"@type\":\"BreadcrumbList\",\"@id\":\"https:\\\/\\\/gambling6.com\\\/sl\\\/sportne-stave\\\/tipy-na-sportove-stavkovanie-vas-sprievodca-online-stavkovanim\\\/#breadcrumb\",\"itemListElement\":[{\"@type\":\"ListItem\",\"position\":1,\"name\":\"Home\",\"item\":\"https:\\\/\\\/gambling6.com\\\/sl\\\/home\\\/\"},{\"@type\":\"ListItem\",\"position\":2,\"name\":\"\u0160portne stave\",\"item\":\"https:\\\/\\\/gambling6.com\\\/sl\\\/introduction-to-online-sportsbetting\\\/\"},{\"@type\":\"ListItem\",\"position\":3,\"name\":\"Tipy na \u0161portov\u00e9 st\u00e1vkovanie \u2013 V\u00e1\u0161 sprievodca online st\u00e1vkovan\u00edm\"}]},{\"@type\":\"WebSite\",\"@id\":\"https:\\\/\\\/gambling6.com\\\/sl\\\/#website\",\"url\":\"https:\\\/\\\/gambling6.com\\\/sl\\\/\",\"name\":\"Gambling6\",\"description\":\"\",\"potentialAction\":[{\"@type\":\"SearchAction\",\"target\":{\"@type\":\"EntryPoint\",\"urlTemplate\":\"https:\\\/\\\/gambling6.com\\\/sl\\\/?s={search_term_string}\"},\"query-input\":{\"@type\":\"PropertyValueSpecification\",\"valueRequired\":true,\"valueName\":\"search_term_string\"}}],\"inLanguage\":\"sl-SI\"}]}<\/script>\n<!-- \/ Yoast SEO plugin. -->","yoast_head_json":{"title":"Sprievodca a tipy pre online \u0161portov\u00e9 st\u00e1vkovanie","description":"Za\u010dnite st\u00e1vkova\u0165 online e\u0161te dnes. Nav\u0161t\u00edvte BetOnline a n\u00e1jdite kompletn\u00fd v\u00fdber mo\u017enost\u00ed st\u00e1vkovania, ako aj online poker a kas\u00edno, v\u0161etko na jednej webovej str\u00e1nke.","robots":{"index":"index","follow":"follow","max-snippet":"max-snippet:-1","max-image-preview":"max-image-preview:large","max-video-preview":"max-video-preview:-1"},"canonical":"https:\/\/gambling6.com\/sl\/sportne-stave\/tipy-na-sportove-stavkovanie-vas-sprievodca-online-stavkovanim\/","og_locale":"sl_SI","og_type":"article","og_title":"Sprievodca a tipy pre online \u0161portov\u00e9 st\u00e1vkovanie","og_description":"Za\u010dnite st\u00e1vkova\u0165 online e\u0161te dnes. Nav\u0161t\u00edvte BetOnline a n\u00e1jdite kompletn\u00fd v\u00fdber mo\u017enost\u00ed st\u00e1vkovania, ako aj online poker a kas\u00edno, v\u0161etko na jednej webovej str\u00e1nke.","og_url":"https:\/\/gambling6.com\/sl\/sportne-stave\/tipy-na-sportove-stavkovanie-vas-sprievodca-online-stavkovanim\/","og_site_name":"Gambling6","article_modified_time":"2025-11-12T19:22:26+00:00","og_image":[{"width":424,"height":283,"url":"https:\/\/gambling6.com\/wp-content\/uploads\/2022\/04\/soccermoney.jpg","type":"image\/jpeg"}],"twitter_card":"summary_large_image","twitter_misc":{"Est. reading time":"3 minute"},"schema":{"@context":"https:\/\/schema.org","@graph":[{"@type":"WebPage","@id":"https:\/\/gambling6.com\/sl\/sportne-stave\/tipy-na-sportove-stavkovanie-vas-sprievodca-online-stavkovanim\/","url":"https:\/\/gambling6.com\/sl\/sportne-stave\/tipy-na-sportove-stavkovanie-vas-sprievodca-online-stavkovanim\/","name":"Sprievodca a tipy pre online \u0161portov\u00e9 st\u00e1vkovanie","isPartOf":{"@id":"https:\/\/gambling6.com\/sl\/#website"},"primaryImageOfPage":{"@id":"https:\/\/gambling6.com\/sl\/sportne-stave\/tipy-na-sportove-stavkovanie-vas-sprievodca-online-stavkovanim\/#primaryimage"},"image":{"@id":"https:\/\/gambling6.com\/sl\/sportne-stave\/tipy-na-sportove-stavkovanie-vas-sprievodca-online-stavkovanim\/#primaryimage"},"thumbnailUrl":"https:\/\/gambling6.com\/wp-content\/uploads\/2022\/04\/soccermoney-300x200.jpg","datePublished":"2025-11-10T09:35:59+00:00","dateModified":"2025-11-12T19:22:26+00:00","description":"Za\u010dnite st\u00e1vkova\u0165 online e\u0161te dnes. Nav\u0161t\u00edvte BetOnline a n\u00e1jdite kompletn\u00fd v\u00fdber mo\u017enost\u00ed st\u00e1vkovania, ako aj online poker a kas\u00edno, v\u0161etko na jednej webovej str\u00e1nke.","breadcrumb":{"@id":"https:\/\/gambling6.com\/sl\/sportne-stave\/tipy-na-sportove-stavkovanie-vas-sprievodca-online-stavkovanim\/#breadcrumb"},"inLanguage":"sl-SI","potentialAction":[{"@type":"ReadAction","target":["https:\/\/gambling6.com\/sl\/sportne-stave\/tipy-na-sportove-stavkovanie-vas-sprievodca-online-stavkovanim\/"]}]},{"@type":"ImageObject","inLanguage":"sl-SI","@id":"https:\/\/gambling6.com\/sl\/sportne-stave\/tipy-na-sportove-stavkovanie-vas-sprievodca-online-stavkovanim\/#primaryimage","url":"https:\/\/gambling6.com\/wp-content\/uploads\/2022\/04\/soccermoney-300x200.jpg","contentUrl":"https:\/\/gambling6.com\/wp-content\/uploads\/2022\/04\/soccermoney-300x200.jpg"},{"@type":"BreadcrumbList","@id":"https:\/\/gambling6.com\/sl\/sportne-stave\/tipy-na-sportove-stavkovanie-vas-sprievodca-online-stavkovanim\/#breadcrumb","itemListElement":[{"@type":"ListItem","position":1,"name":"Home","item":"https:\/\/gambling6.com\/sl\/home\/"},{"@type":"ListItem","position":2,"name":"\u0160portne stave","item":"https:\/\/gambling6.com\/sl\/introduction-to-online-sportsbetting\/"},{"@type":"ListItem","position":3,"name":"Tipy na \u0161portov\u00e9 st\u00e1vkovanie \u2013 V\u00e1\u0161 sprievodca online st\u00e1vkovan\u00edm"}]},{"@type":"WebSite","@id":"https:\/\/gambling6.com\/sl\/#website","url":"https:\/\/gambling6.com\/sl\/","name":"Gambling6","description":"","potentialAction":[{"@type":"SearchAction","target":{"@type":"EntryPoint","urlTemplate":"https:\/\/gambling6.com\/sl\/?s={search_term_string}"},"query-input":{"@type":"PropertyValueSpecification","valueRequired":true,"valueName":"search_term_string"}}],"inLanguage":"sl-SI"}]}},"_links":{"self":[{"href":"https:\/\/gambling6.com\/sl\/wp-json\/wp\/v2\/pages\/9120","targetHints":{"allow":["GET"]}}],"collection":[{"href":"https:\/\/gambling6.com\/sl\/wp-json\/wp\/v2\/pages"}],"about":[{"href":"https:\/\/gambling6.com\/sl\/wp-json\/wp\/v2\/types\/page"}],"author":[{"embeddable":true,"href":"https:\/\/gambling6.com\/sl\/wp-json\/wp\/v2\/users\/1"}],"replies":[{"embeddable":true,"href":"https:\/\/gambling6.com\/sl\/wp-json\/wp\/v2\/comments?post=9120"}],"version-history":[{"count":1,"href":"https:\/\/gambling6.com\/sl\/wp-json\/wp\/v2\/pages\/9120\/revisions"}],"predecessor-version":[{"id":9253,"href":"https:\/\/gambling6.com\/sl\/wp-json\/wp\/v2\/pages\/9120\/revisions\/9253"}],"up":[{"embeddable":true,"href":"https:\/\/gambling6.com\/sl\/wp-json\/wp\/v2\/pages\/9251"}],"wp:attachment":[{"href":"https:\/\/gambling6.com\/sl\/wp-json\/wp\/v2\/media?parent=9120"}],"curies":[{"name":"wp","href":"https:\/\/api.w.org\/{rel}","templated":true}]}}