{"id":9186,"date":"2025-11-10T11:02:21","date_gmt":"2025-11-10T11:02:21","guid":{"rendered":"https:\/\/gambling6.com\/pridobite-spletne-vstopnice-za-loterijo-powerball\/"},"modified":"2025-11-12T10:05:25","modified_gmt":"2025-11-12T10:05:25","slug":"pridobite-spletne-vstopnice-za-loterijo-powerball","status":"publish","type":"page","link":"https:\/\/gambling6.com\/sl\/pridobite-spletne-vstopnice-za-loterijo-powerball\/","title":{"rendered":"Pridobite spletne vstopnice za loterijo Powerball"},"content":{"rendered":"<h2>Igrajte loterijo Powerball na spletu.<\/h2>\n<p>Loterija Powerball je po vsem svetu znana po neverjetnih jackpotih. Redno boste na\u0161li jackpote, ki presegajo 100 milijonov dolarjev. <strong>Pove\u010danje jackpota je eksponentno, ker lahko dobite spletne sre\u010dke za loterijo Powerball.<\/strong> Igranje Powerballa na spletu je preprosto iz udobja va\u0161ega doma, le z ra\u010dunalnikom in internetno povezavo.<\/p>\n<h2>Spletne sre\u010dke Powerball, enostavne kot 1-2-3<\/h2>\n<p>\u010ce \u017eelite igrati loterijo Powerball na spletu, morate obiskati na\u0161ega partnerja <a class=\"thirstylink\" title=\"Redfoxlotto\" href=\"https:\/\/gambling6.com\/go\/redfoxlotto\/\" target=\"_blank\" rel=\"nofollow noopener\">RedFoxLotto (kliknite tukaj za obisk)<\/a> in ustvariti ra\u010dun. Odprtje ra\u010duna je enostavno in v nekaj minutah lahko za\u010dnete igrati loterijo Powerball. Naslednji korak bi bil, da odprete razdelek z vstopnicami, kjer s pomo\u010djo obrazca izberete pet glavnih \u0161tevilk.<\/p>\n<p>Ko kon\u010date, izberete eno bonus \u0161tevilko Powerball. <strong>\u010ce \u017eelite osvojiti glavni dobitek, morate uganiti pet glavnih \u0161tevilk in Powerball z iz\u017erebanimi kroglicami.<\/strong> Brez skrbi, \u010de se te \u0161tevilke ne ujemajo, lahko sodelujete v zahtevi za eno od sedmih drugih nagradnih stopenj.<\/p>\n<h2>Prodaja sre\u010dk Powerball na spletu strmo nara\u0161\u010da<\/h2>\n<p><img loading=\"lazy\" decoding=\"async\" class=\"size-medium wp-image-1533 alignright\" src=\"https:\/\/gambling6.com\/wp-content\/uploads\/2022\/04\/2_ticket_powerball_au2-1-163x300.jpg\" alt=\"sre\u010dka Powerball\" width=\"163\" height=\"300\" srcset=\"https:\/\/gambling6.com\/wp-content\/uploads\/2022\/04\/2_ticket_powerball_au2-1-163x300.jpg 163w, https:\/\/gambling6.com\/wp-content\/uploads\/2022\/04\/2_ticket_powerball_au2-1.jpg 250w\" sizes=\"auto, (max-width: 163px) 100vw, 163px\" \/>V zadnjih dveh letih je prodaja sre\u010dk za Powerball USA zelo hitro rasla in se v tem obdobju podvojila v primerjavi z letom prej. <strong>Velikost jackpotov in enostavnost nakupa sre\u010dk prek spleta sta bila gonilna sila tako znatne rasti.<\/strong> \u010ce je preteklost kakr\u0161en koli pokazatelj prihodnje prodaje, lahko v prihodnjih letih pri\u010dakujemo ve\u010djo rast velikosti jackpotov.<\/p>\n<h2>Svetovno \u0161tevilo loterij nara\u0161\u010da.<\/h2>\n<p>Razen pri Mega Millions, ki dr\u017ei rekord po velikosti jackpotov lota, smo v preteklem letu v ve\u010dini loterij, ki so se igrale prek spleta, zabele\u017eili rekordne jackpote. Ni znakov, da se bodo ti rekordni jackpoti kmalu zni\u017eali. Pravzaprav lahko pri\u010dakujemo, da se bodo rekordi vedno znova podirali, saj ljudje preplavljajo svoje ra\u010dunalnike, ko novice o jackpotih dose\u017eejo visoke ravni.<\/p>\n<h2>Preverite zmagovalne \u0161tevilke Powerballa na spletu.<\/h2>\n<p>\u010ce kupujete sre\u010dke, si vzemite \u010das in preverite rezultate z uporabo spletnega orodja za podatkovne baze. \u0160tevilne nagrade vsako leto ostanejo neprevzete, ker ko ljudje sli\u0161ijo, da so bili jackpoti osvojeni na obmo\u010dju, kjer ne \u017eivijo, ali v lokalu, kjer niso kupili sre\u010dke, jo zavr\u017eejo in ne preverijo, ali so bili osvojeni na drugih ravneh nagrad.<\/p>\n<p>Prosim, ne delajte napake, da bi denar vrgli v smeti ali ga pustili neopaznega v denarnici. Zaslu\u017eite si ves denar, ki ste ga osvojili. Igrajte loterijo Powerball na spletu \u0161e danes in lahko postanete naslednji multimilijonar na svetu.<\/p>\n<table style=\"width: 500px;\" border=\"1\" cellspacing=\"5\" cellpadding=\"5\" align=\"center\">\n<tbody>\n<tr>\n<td colspan=\"3\" align=\"center\">Deset najve\u010djih jackpotov za leto 2013<\/td>\n<\/tr>\n<tr>\n<td>\u017drebanje<\/td>\n<td align=\"center\">Datum<\/td>\n<td align=\"center\">Jackpot (USD)<\/td>\n<\/tr>\n<tr>\n<td>Powerball &#8211; ZDA<\/td>\n<td align=\"center\">18. maj 2013<\/td>\n<td align=\"right\">590.500.000 $<\/td>\n<\/tr>\n<tr>\n<td>Powerball &#8211; ZDA<\/td>\n<td align=\"center\">7. avgust 2013<\/td>\n<td align=\"right\">448.400.000 $<\/td>\n<\/tr>\n<tr>\n<td>Powerball &#8211; ZDA<\/td>\n<td align=\"center\">18. september 2013<\/td>\n<td align=\"right\">399.400.000 $<\/td>\n<\/tr>\n<tr>\n<td>Powerball &#8211; ZDA<\/td>\n<td align=\"center\">23. marec 2013<\/td>\n<td align=\"right\">338.300.000 $<\/td>\n<\/tr>\n<tr>\n<td>Powerball &#8211; ZDA<\/td>\n<td align=\"center\">6. februar 2013<\/td>\n<td align=\"right\">217.000.000 $<\/td>\n<\/tr>\n<tr>\n<td>Powerball &#8211; ZDA<\/td>\n<td align=\"center\">23. oktober 2013<\/td>\n<td align=\"right\">213.400.000 $<\/td>\n<\/tr>\n<tr>\n<td>Powerball &#8211; ZDA<\/td>\n<td align=\"center\">22. junij 2013<\/td>\n<td align=\"right\">131.500.000 $<\/td>\n<\/tr>\n<tr>\n<td>Powerball &#8211; ZDA<\/td>\n<td align=\"center\">16. november 2013<\/td>\n<td align=\"right\">130.300.000 $<\/td>\n<\/tr>\n<tr>\n<td>Powerball &#8211; ZDA<\/td>\n<td align=\"center\">11. december 2013<\/td>\n<td align=\"right\">122.900.000 $<\/td>\n<\/tr>\n<tr>\n<td>Powerball &#8211; ZDA<\/td>\n<td align=\"center\">25. dec. 2013<\/td>\n<td align=\"right\">74.000.000 $<\/td>\n<\/tr>\n<\/tbody>\n<\/table>\n<p>&nbsp;<\/p>\n<table style=\"width: 500px;\" border=\"1\" cellspacing=\"5\" cellpadding=\"5\" align=\"center\">\n<tbody>\n<tr>\n<td colspan=\"3\" align=\"center\">Powerball Lotto &#8211; Nagradne stopnje ZDA<\/td>\n<\/tr>\n<tr>\n<td>Nagrada<\/td>\n<td align=\"center\">Tekme<\/td>\n<td align=\"center\">Kvote<\/td>\n<\/tr>\n<tr>\n<td>1. (Jackpot)<\/td>\n<td align=\"center\">5 + 1<\/td>\n<td align=\"right\">175.223.510 : 1<\/td>\n<\/tr>\n<tr>\n<td>2.<\/td>\n<td align=\"center\">5<\/td>\n<td align=\"right\">5.153.633 : 1<\/td>\n<\/tr>\n<tr>\n<td>3.<\/td>\n<td align=\"center\">4 + 1<\/td>\n<td align=\"right\">648.976 : 1<\/td>\n<\/tr>\n<tr>\n<td>4.<\/td>\n<td align=\"center\">4<\/td>\n<td align=\"right\">19.087 : 1<\/td>\n<\/tr>\n<tr>\n<td>5.<\/td>\n<td align=\"center\">3 + 1<\/td>\n<td align=\"right\">12.245 : 1<\/td>\n<\/tr>\n<tr>\n<td>6.<\/td>\n<td align=\"center\">3<\/td>\n<td align=\"right\">360 : 1<\/td>\n<\/tr>\n<tr>\n<td>7.<\/td>\n<td align=\"center\">2 + 1<\/td>\n<td align=\"right\">706 : 1<\/td>\n<\/tr>\n<tr>\n<td>8.<\/td>\n<td align=\"center\">1 + 1<\/td>\n<td align=\"right\">111 : 1<\/td>\n<\/tr>\n<tr>\n<td>9.<\/td>\n<td align=\"center\">0 + 1<\/td>\n<td align=\"right\">55 : 1<\/td>\n<\/tr>\n<\/tbody>\n<\/table>\n","protected":false},"excerpt":{"rendered":"<p>Igrajte loterijo Powerball na spletu. Loterija Powerball je po vsem svetu znana po neverjetnih jackpotih. Redno boste na\u0161li jackpote, ki presegajo 100 milijonov dolarjev. Pove\u010danje jackpota je eksponentno, ker lahko dobite spletne sre\u010dke za loterijo Powerball. Igranje Powerballa na spletu je preprosto iz udobja va\u0161ega doma, le z ra\u010dunalnikom in internetno povezavo. Spletne sre\u010dke Powerball, [&hellip;]<\/p>\n","protected":false},"author":1,"featured_media":0,"parent":0,"menu_order":4,"comment_status":"closed","ping_status":"closed","template":"","meta":{"footnotes":""},"class_list":["post-9186","page","type-page","status-publish","hentry"],"yoast_head":"<!-- This site is optimized with the Yoast SEO plugin v27.3 - https:\/\/yoast.com\/product\/yoast-seo-wordpress\/ -->\n<title>Kupite vstopnice za Powerball loterijo na spletu<\/title>\n<meta name=\"description\" content=\"Pridobite svoje vstopnice za loterijo Powerball ZDA na spletu \u0161e danes.\" \/>\n<meta name=\"robots\" content=\"index, follow, max-snippet:-1, max-image-preview:large, max-video-preview:-1\" \/>\n<link rel=\"canonical\" href=\"https:\/\/gambling6.com\/sl\/pridobite-spletne-vstopnice-za-loterijo-powerball\/\" \/>\n<meta property=\"og:locale\" content=\"sl_SI\" \/>\n<meta property=\"og:type\" content=\"article\" \/>\n<meta property=\"og:title\" content=\"Kupite vstopnice za Powerball loterijo na spletu\" \/>\n<meta property=\"og:description\" content=\"Pridobite svoje vstopnice za loterijo Powerball ZDA na spletu \u0161e danes.\" \/>\n<meta property=\"og:url\" content=\"https:\/\/gambling6.com\/sl\/pridobite-spletne-vstopnice-za-loterijo-powerball\/\" \/>\n<meta property=\"og:site_name\" content=\"Gambling6\" \/>\n<meta property=\"article:modified_time\" content=\"2025-11-12T10:05:25+00:00\" \/>\n<meta property=\"og:image\" content=\"https:\/\/gambling6.com\/wp-content\/uploads\/2022\/04\/2_ticket_powerball_au2-1.jpg\" \/>\n\t<meta property=\"og:image:width\" content=\"250\" \/>\n\t<meta property=\"og:image:height\" content=\"460\" \/>\n\t<meta property=\"og:image:type\" content=\"image\/jpeg\" \/>\n<meta name=\"twitter:card\" content=\"summary_large_image\" \/>\n<meta name=\"twitter:label1\" content=\"Est. reading time\" \/>\n\t<meta name=\"twitter:data1\" content=\"2 minuti\" \/>\n<script type=\"application\/ld+json\" class=\"yoast-schema-graph\">{\"@context\":\"https:\\\/\\\/schema.org\",\"@graph\":[{\"@type\":\"WebPage\",\"@id\":\"https:\\\/\\\/gambling6.com\\\/sl\\\/pridobite-spletne-vstopnice-za-loterijo-powerball\\\/\",\"url\":\"https:\\\/\\\/gambling6.com\\\/sl\\\/pridobite-spletne-vstopnice-za-loterijo-powerball\\\/\",\"name\":\"Kupite vstopnice za Powerball loterijo na spletu\",\"isPartOf\":{\"@id\":\"https:\\\/\\\/gambling6.com\\\/sl\\\/#website\"},\"primaryImageOfPage\":{\"@id\":\"https:\\\/\\\/gambling6.com\\\/sl\\\/pridobite-spletne-vstopnice-za-loterijo-powerball\\\/#primaryimage\"},\"image\":{\"@id\":\"https:\\\/\\\/gambling6.com\\\/sl\\\/pridobite-spletne-vstopnice-za-loterijo-powerball\\\/#primaryimage\"},\"thumbnailUrl\":\"https:\\\/\\\/gambling6.com\\\/wp-content\\\/uploads\\\/2022\\\/04\\\/2_ticket_powerball_au2-1-163x300.jpg\",\"datePublished\":\"2025-11-10T11:02:21+00:00\",\"dateModified\":\"2025-11-12T10:05:25+00:00\",\"description\":\"Pridobite svoje vstopnice za loterijo Powerball ZDA na spletu \u0161e danes.\",\"breadcrumb\":{\"@id\":\"https:\\\/\\\/gambling6.com\\\/sl\\\/pridobite-spletne-vstopnice-za-loterijo-powerball\\\/#breadcrumb\"},\"inLanguage\":\"sl-SI\",\"potentialAction\":[{\"@type\":\"ReadAction\",\"target\":[\"https:\\\/\\\/gambling6.com\\\/sl\\\/pridobite-spletne-vstopnice-za-loterijo-powerball\\\/\"]}]},{\"@type\":\"ImageObject\",\"inLanguage\":\"sl-SI\",\"@id\":\"https:\\\/\\\/gambling6.com\\\/sl\\\/pridobite-spletne-vstopnice-za-loterijo-powerball\\\/#primaryimage\",\"url\":\"https:\\\/\\\/gambling6.com\\\/wp-content\\\/uploads\\\/2022\\\/04\\\/2_ticket_powerball_au2-1-163x300.jpg\",\"contentUrl\":\"https:\\\/\\\/gambling6.com\\\/wp-content\\\/uploads\\\/2022\\\/04\\\/2_ticket_powerball_au2-1-163x300.jpg\"},{\"@type\":\"BreadcrumbList\",\"@id\":\"https:\\\/\\\/gambling6.com\\\/sl\\\/pridobite-spletne-vstopnice-za-loterijo-powerball\\\/#breadcrumb\",\"itemListElement\":[{\"@type\":\"ListItem\",\"position\":1,\"name\":\"Home\",\"item\":\"https:\\\/\\\/gambling6.com\\\/sl\\\/home\\\/\"},{\"@type\":\"ListItem\",\"position\":2,\"name\":\"Pridobite spletne vstopnice za loterijo Powerball\"}]},{\"@type\":\"WebSite\",\"@id\":\"https:\\\/\\\/gambling6.com\\\/sl\\\/#website\",\"url\":\"https:\\\/\\\/gambling6.com\\\/sl\\\/\",\"name\":\"Gambling6\",\"description\":\"\",\"potentialAction\":[{\"@type\":\"SearchAction\",\"target\":{\"@type\":\"EntryPoint\",\"urlTemplate\":\"https:\\\/\\\/gambling6.com\\\/sl\\\/?s={search_term_string}\"},\"query-input\":{\"@type\":\"PropertyValueSpecification\",\"valueRequired\":true,\"valueName\":\"search_term_string\"}}],\"inLanguage\":\"sl-SI\"}]}<\/script>\n<!-- \/ Yoast SEO plugin. -->","yoast_head_json":{"title":"Kupite vstopnice za Powerball loterijo na spletu","description":"Pridobite svoje vstopnice za loterijo Powerball ZDA na spletu \u0161e danes.","robots":{"index":"index","follow":"follow","max-snippet":"max-snippet:-1","max-image-preview":"max-image-preview:large","max-video-preview":"max-video-preview:-1"},"canonical":"https:\/\/gambling6.com\/sl\/pridobite-spletne-vstopnice-za-loterijo-powerball\/","og_locale":"sl_SI","og_type":"article","og_title":"Kupite vstopnice za Powerball loterijo na spletu","og_description":"Pridobite svoje vstopnice za loterijo Powerball ZDA na spletu \u0161e danes.","og_url":"https:\/\/gambling6.com\/sl\/pridobite-spletne-vstopnice-za-loterijo-powerball\/","og_site_name":"Gambling6","article_modified_time":"2025-11-12T10:05:25+00:00","og_image":[{"width":250,"height":460,"url":"https:\/\/gambling6.com\/wp-content\/uploads\/2022\/04\/2_ticket_powerball_au2-1.jpg","type":"image\/jpeg"}],"twitter_card":"summary_large_image","twitter_misc":{"Est. reading time":"2 minuti"},"schema":{"@context":"https:\/\/schema.org","@graph":[{"@type":"WebPage","@id":"https:\/\/gambling6.com\/sl\/pridobite-spletne-vstopnice-za-loterijo-powerball\/","url":"https:\/\/gambling6.com\/sl\/pridobite-spletne-vstopnice-za-loterijo-powerball\/","name":"Kupite vstopnice za Powerball loterijo na spletu","isPartOf":{"@id":"https:\/\/gambling6.com\/sl\/#website"},"primaryImageOfPage":{"@id":"https:\/\/gambling6.com\/sl\/pridobite-spletne-vstopnice-za-loterijo-powerball\/#primaryimage"},"image":{"@id":"https:\/\/gambling6.com\/sl\/pridobite-spletne-vstopnice-za-loterijo-powerball\/#primaryimage"},"thumbnailUrl":"https:\/\/gambling6.com\/wp-content\/uploads\/2022\/04\/2_ticket_powerball_au2-1-163x300.jpg","datePublished":"2025-11-10T11:02:21+00:00","dateModified":"2025-11-12T10:05:25+00:00","description":"Pridobite svoje vstopnice za loterijo Powerball ZDA na spletu \u0161e danes.","breadcrumb":{"@id":"https:\/\/gambling6.com\/sl\/pridobite-spletne-vstopnice-za-loterijo-powerball\/#breadcrumb"},"inLanguage":"sl-SI","potentialAction":[{"@type":"ReadAction","target":["https:\/\/gambling6.com\/sl\/pridobite-spletne-vstopnice-za-loterijo-powerball\/"]}]},{"@type":"ImageObject","inLanguage":"sl-SI","@id":"https:\/\/gambling6.com\/sl\/pridobite-spletne-vstopnice-za-loterijo-powerball\/#primaryimage","url":"https:\/\/gambling6.com\/wp-content\/uploads\/2022\/04\/2_ticket_powerball_au2-1-163x300.jpg","contentUrl":"https:\/\/gambling6.com\/wp-content\/uploads\/2022\/04\/2_ticket_powerball_au2-1-163x300.jpg"},{"@type":"BreadcrumbList","@id":"https:\/\/gambling6.com\/sl\/pridobite-spletne-vstopnice-za-loterijo-powerball\/#breadcrumb","itemListElement":[{"@type":"ListItem","position":1,"name":"Home","item":"https:\/\/gambling6.com\/sl\/home\/"},{"@type":"ListItem","position":2,"name":"Pridobite spletne vstopnice za loterijo Powerball"}]},{"@type":"WebSite","@id":"https:\/\/gambling6.com\/sl\/#website","url":"https:\/\/gambling6.com\/sl\/","name":"Gambling6","description":"","potentialAction":[{"@type":"SearchAction","target":{"@type":"EntryPoint","urlTemplate":"https:\/\/gambling6.com\/sl\/?s={search_term_string}"},"query-input":{"@type":"PropertyValueSpecification","valueRequired":true,"valueName":"search_term_string"}}],"inLanguage":"sl-SI"}]}},"_links":{"self":[{"href":"https:\/\/gambling6.com\/sl\/wp-json\/wp\/v2\/pages\/9186","targetHints":{"allow":["GET"]}}],"collection":[{"href":"https:\/\/gambling6.com\/sl\/wp-json\/wp\/v2\/pages"}],"about":[{"href":"https:\/\/gambling6.com\/sl\/wp-json\/wp\/v2\/types\/page"}],"author":[{"embeddable":true,"href":"https:\/\/gambling6.com\/sl\/wp-json\/wp\/v2\/users\/1"}],"replies":[{"embeddable":true,"href":"https:\/\/gambling6.com\/sl\/wp-json\/wp\/v2\/comments?post=9186"}],"version-history":[{"count":1,"href":"https:\/\/gambling6.com\/sl\/wp-json\/wp\/v2\/pages\/9186\/revisions"}],"predecessor-version":[{"id":10516,"href":"https:\/\/gambling6.com\/sl\/wp-json\/wp\/v2\/pages\/9186\/revisions\/10516"}],"wp:attachment":[{"href":"https:\/\/gambling6.com\/sl\/wp-json\/wp\/v2\/media?parent=9186"}],"curies":[{"name":"wp","href":"https:\/\/api.w.org\/{rel}","templated":true}]}}