{"id":9251,"date":"2025-11-10T12:37:15","date_gmt":"2025-11-10T12:37:15","guid":{"rendered":"https:\/\/gambling6.com\/sportne-stave\/"},"modified":"2025-11-12T10:37:48","modified_gmt":"2025-11-12T10:37:48","slug":"sportne-stave","status":"publish","type":"page","link":"https:\/\/gambling6.com\/sl\/sportne-stave\/","title":{"rendered":"\u0160portne stave"},"content":{"rendered":"<h2>Osnove \u0161portnih stav<\/h2>\n<p>\u0160portne stave, izraz, ki nastane s preprosto kombinacijo samih opisnih besed, so dejavnost napovedovanja profesionalnih in amaterskih \u0161portnih izidov, skupaj s stavo na rezultat. <strong>Sportsbet je izraz, ki se uporablja za opis kraja, kjer bi se kdo ukvarjal s \u0161portnimi stavami.<\/strong> Na splo\u0161no v ZDA ta dejavnost ni legalna. V bistvu obstajajo le \u0161tiri od petdesetih ameri\u0161kih zveznih dr\u017eav, kjer so \u0161portne stave in \u0161portne stave priznane kot 100 % legalne. Nato se je pojavil internet.<\/p>\n<h2>Milijoni se vsak dan udele\u017eujejo \u0161portnih stav<\/h2>\n<p>Vsak dan se milijoni ljudi zgrinjajo na tiso\u010de spletnih mest, da bi stavili na kateri koli \u0161port, ki ga lahko najdete. Vendar pa vam bo <strong>ta uvod v spletne \u0161portne stave pokazal, da je pri tem ve\u010d kot le poznavanje razlike in stavo na ekipo<\/strong>, ki jo \u017eelite zmagati. Stava na tekmo ne le naredi gledalca bolj zanimivega, ampak vam lahko z umetnostjo \u0161portnega stavni\u0161tva, \u010de jo opravite pravilno, prinese veliko denarja. \u010ce je to nov podvig za vsakogar, ki nima izku\u0161enj s \u0161portnimi stavami, boste morali poznati osnove in na\u010dela \u0161portnega stavni\u0161tva, \u010de ne \u017eelite biti dezorientirani, ko se bo dogajanje za\u010delo.<\/p>\n<h2>Terminologija spletnih \u0161portnih stav<\/h2>\n<p>Najprej se morate seznaniti z nekaj terminologije, ki se uporablja pri \u0161portnih stavah. \u00bb<a href=\"http:\/\/en.wikipedia.org\/wiki\/Handicapping\" target=\"_blank\" rel=\"noopener\">Handicap<\/a>\u00ab je prvi izraz, ki ga bom predstavil; pomeni dati eni ekipi ali osebi prednost pred drugo s podalj\u0161anjem enega od udarcev, golov, touchdownov ali preprosto to\u010dk drugega igralca, da bi nasprotniku dali bolj\u0161o mo\u017enost, da se izena\u010di z njegovo ravnijo igre. Recimo, na primer, da bi igral ko\u0161arko ena na ena z Michaelom Jordanom in bi prvi, ki dose\u017ee 21 to\u010dk, zmagal. Lahko bi imel 18 to\u010dk prednosti, kar bi pomenilo, da ima on 18-to\u010dkovni hendikep. Da bi zmagal, bo moral dose\u010di 21 to\u010dk, preden jaz dose\u017eem 3 to\u010dke. Obstaja veliko primerov hendikepa ali &#8220;to\u010dkovnih razlik&#8221;, kot jih lahko imenujemo tudi &#8220;to\u010dkovne razlike&#8221;. Razumevanje tega na\u010dela je eden od klju\u010dev do razumevanja dobrih stav pri spletnih \u0161portnih stavah.<\/p>\n<h2>Poznajte svojo spletno stavnico<\/h2>\n<p><strong>\u0160portne stave, bodisi spletne bodisi v \u017eivo, se obi\u010dajno izvajajo v tako imenovani &#8220;stavnici&#8221;.<\/strong> &#8220;Stavnica&#8221; je ustanova, ki sprejema stave, stavnica pa je oseba, ki obi\u010dajno dolo\u010di razliko za dolo\u010deno ustanovo. Postopek dolo\u010ditve &#8220;razlike&#8221; v nasprotju z &#8220;enakim izkupi\u010dkom&#8221; (stava s kvoto 1:1) je lahko zelo zapleten in se lahko razlikuje od ene stavnice do druge.<\/p>\n<h2>Betonline Sportsbook \u2013 sprejema \u0161portne navija\u010de iz ZDA<\/h2>\n<p>Ko ste pripravljeni na \u0161portne stave, morate najti ugledno spletno igralnico ali stavnico, da boste lahko stavili. <a class=\"thirstylink\" title=\"Betonline casino en\" href=\"https:\/\/gambling6.com\/go\/betonline-casino-en\/\" target=\"_blank\" rel=\"nofollow noopener\">Oglejte si lahko Betonline sportsbook<\/a>, to je znana spletna igralnica z ugledom neverjetne varnosti. Ponujajo veliko razli\u010dnih na\u010dinov pologa in dviga, zato bi morali biti sposobni najti na\u010din, kako jih uporabljati glede na svoje osebne potrebe.<\/p>\n<p>Druga odli\u010dna alternativa je 888 Casino \u2013 njihov oddelek za \u0161portne stave je eden najbolj\u0161ih. Poleg tega imajo tudi odli\u010dno poker sobo, absolutno najbolj\u0161e igralni\u0161ke igre in celo stvari, kot sta bingo in sre\u010dke.<\/p>\n<p>Edina slabost 888 je, da ne sprejemajo strank iz Zdru\u017eenih dr\u017eav. \u010ce pa ste prebivalec druge dr\u017eave, morate vsekakor <a class=\"thirstylink\" title=\"888 casino en\" href=\"https:\/\/gambling6.com\/go\/888-casino-en\/\" target=\"_blank\" rel=\"nofollow noopener\">obiskati spletno stran igralnice 888 \u2013 preprosto sledite tej povezavi.<\/a><\/p>\n<p>Preizkusite teren, vendar se morate o spletnih \u0161portnih stavah \u0161e veliko nau\u010diti. To spletno mesto bomo \u0161e naprej posodabljali, da se boste lahko seznanili s kvotami in dejavniki, ki prispevajo k izidom dolo\u010denih dogodkov.<strong>\u010ce \u017eelite postati strokovnjak na podro\u010dju \u0161portnih stav<\/strong>, ste pri\u0161li na pravo mesto. Udobno se namestite in se veselite zabave s spletnimi \u0161portnimi stavami.<\/p>\n","protected":false},"excerpt":{"rendered":"<p>Osnove \u0161portnih stav \u0160portne stave, izraz, ki nastane s preprosto kombinacijo samih opisnih besed, so dejavnost napovedovanja profesionalnih in amaterskih \u0161portnih izidov, skupaj s stavo na rezultat. Sportsbet je izraz, ki se uporablja za opis kraja, kjer bi se kdo ukvarjal s \u0161portnimi stavami. Na splo\u0161no v ZDA ta dejavnost ni legalna. V bistvu obstajajo [&hellip;]<\/p>\n","protected":false},"author":1,"featured_media":0,"parent":0,"menu_order":4,"comment_status":"closed","ping_status":"closed","template":"","meta":{"footnotes":""},"class_list":["post-9251","page","type-page","status-publish","hentry"],"yoast_head":"<!-- This site is optimized with the Yoast SEO plugin v27.4 - https:\/\/yoast.com\/product\/yoast-seo-wordpress\/ -->\n<title>Uvod v spletne \u0161portne stave<\/title>\n<meta name=\"description\" content=\"Seznanite se z nekaj terminologijo, ki se uporablja pri spletnih \u0161portnih stavah.\" \/>\n<meta name=\"robots\" content=\"index, follow, max-snippet:-1, max-image-preview:large, max-video-preview:-1\" \/>\n<link rel=\"canonical\" href=\"https:\/\/gambling6.com\/sl\/sportne-stave\/\" \/>\n<meta property=\"og:locale\" content=\"sl_SI\" \/>\n<meta property=\"og:type\" content=\"article\" \/>\n<meta property=\"og:title\" content=\"Uvod v spletne \u0161portne stave\" \/>\n<meta property=\"og:description\" content=\"Seznanite se z nekaj terminologijo, ki se uporablja pri spletnih \u0161portnih stavah.\" \/>\n<meta property=\"og:url\" content=\"https:\/\/gambling6.com\/sl\/sportne-stave\/\" \/>\n<meta property=\"og:site_name\" content=\"Gambling6\" \/>\n<meta property=\"article:modified_time\" content=\"2025-11-12T10:37:48+00:00\" \/>\n<meta name=\"twitter:card\" content=\"summary_large_image\" \/>\n<meta name=\"twitter:label1\" content=\"Est. reading time\" \/>\n\t<meta name=\"twitter:data1\" content=\"3 minute\" \/>\n<script type=\"application\/ld+json\" class=\"yoast-schema-graph\">{\"@context\":\"https:\\\/\\\/schema.org\",\"@graph\":[{\"@type\":\"WebPage\",\"@id\":\"https:\\\/\\\/gambling6.com\\\/sl\\\/sportne-stave\\\/\",\"url\":\"https:\\\/\\\/gambling6.com\\\/sl\\\/sportne-stave\\\/\",\"name\":\"Uvod v spletne \u0161portne stave\",\"isPartOf\":{\"@id\":\"https:\\\/\\\/gambling6.com\\\/sl\\\/#website\"},\"datePublished\":\"2025-11-10T12:37:15+00:00\",\"dateModified\":\"2025-11-12T10:37:48+00:00\",\"description\":\"Seznanite se z nekaj terminologijo, ki se uporablja pri spletnih \u0161portnih stavah.\",\"breadcrumb\":{\"@id\":\"https:\\\/\\\/gambling6.com\\\/sl\\\/sportne-stave\\\/#breadcrumb\"},\"inLanguage\":\"sl-SI\",\"potentialAction\":[{\"@type\":\"ReadAction\",\"target\":[\"https:\\\/\\\/gambling6.com\\\/sl\\\/sportne-stave\\\/\"]}]},{\"@type\":\"BreadcrumbList\",\"@id\":\"https:\\\/\\\/gambling6.com\\\/sl\\\/sportne-stave\\\/#breadcrumb\",\"itemListElement\":[{\"@type\":\"ListItem\",\"position\":1,\"name\":\"Home\",\"item\":\"https:\\\/\\\/gambling6.com\\\/sl\\\/home\\\/\"},{\"@type\":\"ListItem\",\"position\":2,\"name\":\"\u0160portne stave\"}]},{\"@type\":\"WebSite\",\"@id\":\"https:\\\/\\\/gambling6.com\\\/sl\\\/#website\",\"url\":\"https:\\\/\\\/gambling6.com\\\/sl\\\/\",\"name\":\"Gambling6\",\"description\":\"\",\"potentialAction\":[{\"@type\":\"SearchAction\",\"target\":{\"@type\":\"EntryPoint\",\"urlTemplate\":\"https:\\\/\\\/gambling6.com\\\/sl\\\/?s={search_term_string}\"},\"query-input\":{\"@type\":\"PropertyValueSpecification\",\"valueRequired\":true,\"valueName\":\"search_term_string\"}}],\"inLanguage\":\"sl-SI\"}]}<\/script>\n<!-- \/ Yoast SEO plugin. -->","yoast_head_json":{"title":"Uvod v spletne \u0161portne stave","description":"Seznanite se z nekaj terminologijo, ki se uporablja pri spletnih \u0161portnih stavah.","robots":{"index":"index","follow":"follow","max-snippet":"max-snippet:-1","max-image-preview":"max-image-preview:large","max-video-preview":"max-video-preview:-1"},"canonical":"https:\/\/gambling6.com\/sl\/sportne-stave\/","og_locale":"sl_SI","og_type":"article","og_title":"Uvod v spletne \u0161portne stave","og_description":"Seznanite se z nekaj terminologijo, ki se uporablja pri spletnih \u0161portnih stavah.","og_url":"https:\/\/gambling6.com\/sl\/sportne-stave\/","og_site_name":"Gambling6","article_modified_time":"2025-11-12T10:37:48+00:00","twitter_card":"summary_large_image","twitter_misc":{"Est. reading time":"3 minute"},"schema":{"@context":"https:\/\/schema.org","@graph":[{"@type":"WebPage","@id":"https:\/\/gambling6.com\/sl\/sportne-stave\/","url":"https:\/\/gambling6.com\/sl\/sportne-stave\/","name":"Uvod v spletne \u0161portne stave","isPartOf":{"@id":"https:\/\/gambling6.com\/sl\/#website"},"datePublished":"2025-11-10T12:37:15+00:00","dateModified":"2025-11-12T10:37:48+00:00","description":"Seznanite se z nekaj terminologijo, ki se uporablja pri spletnih \u0161portnih stavah.","breadcrumb":{"@id":"https:\/\/gambling6.com\/sl\/sportne-stave\/#breadcrumb"},"inLanguage":"sl-SI","potentialAction":[{"@type":"ReadAction","target":["https:\/\/gambling6.com\/sl\/sportne-stave\/"]}]},{"@type":"BreadcrumbList","@id":"https:\/\/gambling6.com\/sl\/sportne-stave\/#breadcrumb","itemListElement":[{"@type":"ListItem","position":1,"name":"Home","item":"https:\/\/gambling6.com\/sl\/home\/"},{"@type":"ListItem","position":2,"name":"\u0160portne stave"}]},{"@type":"WebSite","@id":"https:\/\/gambling6.com\/sl\/#website","url":"https:\/\/gambling6.com\/sl\/","name":"Gambling6","description":"","potentialAction":[{"@type":"SearchAction","target":{"@type":"EntryPoint","urlTemplate":"https:\/\/gambling6.com\/sl\/?s={search_term_string}"},"query-input":{"@type":"PropertyValueSpecification","valueRequired":true,"valueName":"search_term_string"}}],"inLanguage":"sl-SI"}]}},"_links":{"self":[{"href":"https:\/\/gambling6.com\/sl\/wp-json\/wp\/v2\/pages\/9251","targetHints":{"allow":["GET"]}}],"collection":[{"href":"https:\/\/gambling6.com\/sl\/wp-json\/wp\/v2\/pages"}],"about":[{"href":"https:\/\/gambling6.com\/sl\/wp-json\/wp\/v2\/types\/page"}],"author":[{"embeddable":true,"href":"https:\/\/gambling6.com\/sl\/wp-json\/wp\/v2\/users\/1"}],"replies":[{"embeddable":true,"href":"https:\/\/gambling6.com\/sl\/wp-json\/wp\/v2\/comments?post=9251"}],"version-history":[{"count":1,"href":"https:\/\/gambling6.com\/sl\/wp-json\/wp\/v2\/pages\/9251\/revisions"}],"predecessor-version":[{"id":10539,"href":"https:\/\/gambling6.com\/sl\/wp-json\/wp\/v2\/pages\/9251\/revisions\/10539"}],"wp:attachment":[{"href":"https:\/\/gambling6.com\/sl\/wp-json\/wp\/v2\/media?parent=9251"}],"curies":[{"name":"wp","href":"https:\/\/api.w.org\/{rel}","templated":true}]}}