{"id":9322,"date":"2025-11-10T20:13:59","date_gmt":"2025-11-10T20:13:59","guid":{"rendered":"https:\/\/gambling6.com\/loterija\/"},"modified":"2025-11-12T18:35:42","modified_gmt":"2025-11-12T18:35:42","slug":"loterija","status":"publish","type":"page","link":"https:\/\/gambling6.com\/sl\/loterija\/","title":{"rendered":"Loterija"},"content":{"rendered":"<h2>Loto postaja mednaroden in na spletu.<\/h2>\n<p>\u010ceprav velja za odli\u010dno obliko zabave, je nakup mednarodnih loterijskih sre\u010dk postal tudi velik posel. Igre na sre\u010do so na splo\u0161no eksplodirale deloma zaradi odli\u010dne medijske izpostavljenosti pokra, dodaten uspeh pa se pripisuje internetu. <strong>Igranje mednarodnih loterij in nakup sre\u010dk na spletu sta pospe\u0161ila rast jackpotov<\/strong> in mnogi ljudje zdaj igranje RedFoxLotto vklju\u010dijo v svoj dohodkovni na\u010drt.<\/p>\n<h2>Internet olaj\u0161a nakup loterijskih sre\u010dk.<\/h2>\n<p>Internet je na ve\u010d na\u010dinov spremenil na\u0161a \u017eivljenja; zagotovo je svet naredil veliko manj\u0161i. Vsak dan se v mnogih dr\u017eavah po vsem svetu igra na stotine loterij. Ve\u010dina nacionalnih \u017erebanj, vklju\u010dno s tistimi z ve\u010djimi jackpoti, je na voljo ljudem, ki kupujejo loto sre\u010dk mednarodno. <strong>Ve\u010dje svetovne loterije, kot sta Mega Millions v Zdru\u017eenih dr\u017eavah Amerike in Powerball iz ZDA in Avstralije, omogo\u010dajo nakup sre\u010dk prek spleta prek na\u0161ega partnerja RedFoxLotto.<\/strong><img loading=\"lazy\" decoding=\"async\" class=\" alignright size-full wp-image-437\" style=\"margin: 10px; border: 5px none #ffffff; float: right;\" src=\"http:\/\/gambling6.com\/wp-content\/uploads\/2013\/12\/International-Community-150x150.jpg\" alt=\"Mednarodne loterije na spletu\" width=\"150\" height=\"150\" \/><\/p>\n<h2>Kupite loterijske sre\u010dke 24 ur na dan, 7 dni v tednu<\/h2>\n<p>V dana\u0161njem tehnolo\u0161kem svetu lahko kupimo sre\u010dke za \u0161tevilne mednarodne loterije 24 ur na dan, 365 dni v tednu. Z internetom lahko te sre\u010dke kupimo, ne da bi morali te\u010di k prodajalcem loterij ali stati v vrsti. Lahko si vzamemo \u010das za izbiro va\u0161ih \u0161tevilk in za to uporabimo razli\u010dna orodja, ki so vam na voljo. Enostavnost igranja mednarodnih loterij je dvignila jackpote in ve\u010dnivojske nagrade na rekordne ravni. Vi\u0161ine nagrad so mnoge spodbudile k ustanovitvi podjetja z igranjem RedFoxLotto na spletu.<\/p>\n<h2>Nakup loterijskih sre\u010dk na spletu je varen.<\/h2>\n<p>Z na\u0161im partnerjem RedFoxLotto je nakup sre\u010dk za mednarodne loterije varen in preprost. Najprej boste morali odpreti ra\u010dun. Ob odprtju ra\u010duna boste morali navesti osebne podatke. Vnesite trenutne in pravilne podatke za svoj ra\u010dun, da bomo lahko preverili va\u0161o identiteto, ko boste zadeli velik jackpot. Podatki, ki jih vnesete in po\u0161ljete, so za\u0161\u010diteni z 256-bitnim \u0161ifriranjem, varno gostovanje pa zagotavlja, da ostanejo zasebni in se uporabljajo samo za namene, opisane na spletni strani.<\/p>\n<h2>Spletne ban\u010dne metode za zmago na RedFoxLotto<\/h2>\n<p>Za nakup sre\u010dk lahko uporabite kartice, kot so Visa, MasterCard in Visa debet. Na voljo je ve\u010d drugih na\u010dinov pla\u010dila, kot so ban\u010dna nakazila in kripto pla\u010dila. \u010ce pa imate ve\u010dji dobitek, boste morali odpreti ban\u010dni ra\u010dun, da vam lahko naka\u017eemo dobitke. Varno okolje je odli\u010dna izbira za igranje mednarodnih loterij in prejemanje dobitkov.<\/p>\n<h2>Nakup loterijskih sre\u010dk prek spleta ima svoje prednosti.<\/h2>\n<p>Druga prednost nakupa loterijskih sre\u010dk prek spleta je, da je na voljo veliko orodij, ki vam pomagajo analizirati \u0161tevilke za ve\u010dino velikih mednarodnih \u017erebanj. Spletna orodja za loterijo vam omogo\u010dajo ogled najpogostej\u0161ih \u0161tevilk, najmanj pogostih \u0161tevilk in zgodovine \u017erebanj za loterije po vsem svetu. Te informacije vam dajejo prednost pri nakupu sre\u010dk in lahko okrepijo va\u0161 ban\u010dni ra\u010dun z ve\u010dnivojskimi dobitki.<\/p>\n<p>Igranje RedFoxLotto je lahko zabavno in donosno. Za\u010dnite igrati mednarodne loterije \u0161e danes. <a class=\"thirstylink\" title=\"Redfoxlotto\" href=\"https:\/\/gambling6.com\/go\/redfoxlotto\/\" target=\"_blank\" rel=\"nofollow noopener\">\u010ce \u017eelite kupiti mednarodne loterijske sre\u010dke na spletu, obi\u0161\u010dite na\u0161ega partnerja RedFoxLotto.<\/a><\/p>\n<h2>Ali morate biti rezident, da lahko igrate mednarodno loterijo?<\/h2>\n<p>Preprost odgovor je: ne, ni vam treba! \u010ce ste brali \u010dlanke na internetu ali v \u010dasopisu o ljudeh, ki so osvojili ve\u010dmilijonske jackpote, ste morda pomislili: &#8220;Zakaj ne morem poskusiti ene od teh loterij?&#8221; No, zdaj ni ve\u010d problem, da niste rezident dr\u017eave, kjer se \u017ereba loterija z jackpoti.<\/p>\n<p>Sre\u010dko za kateri koli loto jackpot, ki ga \u017eelite osvojiti, lahko dobite, saj so na voljo na spletu vsem na svetu. To spletno mesto vam pomaga kupiti spletno loto sre\u010dko za najpomembnej\u0161e mednarodne jackpote. In postopek ne bi mogel biti bolj preprost. Kliknite zgornjo povezavo in izberite loterijo. Preusmerjeni boste na stran, kjer lahko sami izberete svoje najljub\u0161e \u0161tevilke za to loterijo ali pa pustite, da ra\u010dunalnik naklju\u010dno izbere \u0161tevilke namesto vas.<\/p>\n<p>Nato pla\u010date prek spleta z mo\u017enostjo pla\u010dila, ki vam najbolj ustreza. Te metode pla\u010dila vklju\u010dujejo priljubljene, varne re\u0161itve e-denarnic, kot sta Skrill in celo kriptovaluta. Seveda lahko izberete tudi najbolj priljubljeno mo\u017enost: pla\u010dilo s kreditno kartico.<\/p>\n<p><strong>Kaj se zgodi potem \u2013 kako dobim svojo spletno sre\u010dko za loto?<\/strong> Deluje kot kurirska slu\u017eba \u2013 va\u0161a spletna sre\u010dka za loto boKupiti jih je mogo\u010de na va\u0161e ime, nato jih skenirati in nalo\u017eiti na va\u0161 ra\u010dun.<\/p>\n<p>Vse, kar morate storiti, je, da se udobno namestite in po\u010dakate na \u017erebanje, preverite svoje \u0161tevilke ter vidite, koliko ste zadeli. \u010ce zadenete znesek, manj\u0161i od 2000 \u20ac, bo denar nakazan na va\u0161 uporabni\u0161ki ra\u010dun. Za zneske, ki presegajo ta znesek, predpisi RedFoxLotto zahtevajo, da izpolnite obrazec za zahtevo, ki ga ponuja spletna stran. V va\u0161em imenu ga posredujejo ustrezni loterijski komisiji in preden se zaveste, boste po po\u0161ti prejeli \u010dek! <a class=\"thirstylink\" title=\"Redfoxlotto\" href=\"https:\/\/gambling6.com\/go\/redfoxlotto\/\" target=\"_blank\" rel=\"nofollow noopener\">Kupite loterijske sre\u010dke \u0161e danes na RedFoxLotto!<\/a><\/p>\n<p>&nbsp;<\/p>\n","protected":false},"excerpt":{"rendered":"<p>Loto postaja mednaroden in na spletu. \u010ceprav velja za odli\u010dno obliko zabave, je nakup mednarodnih loterijskih sre\u010dk postal tudi velik posel. Igre na sre\u010do so na splo\u0161no eksplodirale deloma zaradi odli\u010dne medijske izpostavljenosti pokra, dodaten uspeh pa se pripisuje internetu. Igranje mednarodnih loterij in nakup sre\u010dk na spletu sta pospe\u0161ila rast jackpotov in mnogi ljudje [&hellip;]<\/p>\n","protected":false},"author":1,"featured_media":9294,"parent":0,"menu_order":8,"comment_status":"closed","ping_status":"closed","template":"","meta":{"footnotes":""},"class_list":["post-9322","page","type-page","status-publish","has-post-thumbnail","hentry"],"yoast_head":"<!-- This site is optimized with the Yoast SEO plugin v27.4 - https:\/\/yoast.com\/product\/yoast-seo-wordpress\/ -->\n<title>Nakup mednarodnih loto sre\u010dk na spletu<\/title>\n<meta name=\"description\" content=\"Nakup sre\u010dk za mednarodne loterije na spletu je preprost. Ne glede na to, kje \u017eivite, sodelujte v kateri koli od najbolj\u0161ih loterij po vsem svetu.\" \/>\n<meta name=\"robots\" content=\"index, follow, max-snippet:-1, max-image-preview:large, max-video-preview:-1\" \/>\n<link rel=\"canonical\" href=\"https:\/\/gambling6.com\/sl\/loterija\/\" \/>\n<meta property=\"og:locale\" content=\"sl_SI\" \/>\n<meta property=\"og:type\" content=\"article\" \/>\n<meta property=\"og:title\" content=\"Nakup mednarodnih loto sre\u010dk na spletu\" \/>\n<meta property=\"og:description\" content=\"Nakup sre\u010dk za mednarodne loterije na spletu je preprost. Ne glede na to, kje \u017eivite, sodelujte v kateri koli od najbolj\u0161ih loterij po vsem svetu.\" \/>\n<meta property=\"og:url\" content=\"https:\/\/gambling6.com\/sl\/loterija\/\" \/>\n<meta property=\"og:site_name\" content=\"Gambling6\" \/>\n<meta property=\"article:modified_time\" content=\"2025-11-12T18:35:42+00:00\" \/>\n<meta property=\"og:image\" content=\"https:\/\/gambling6.com\/wp-content\/uploads\/2013\/12\/International-Community-150x150.jpg\" \/>\n\t<meta property=\"og:image:width\" content=\"150\" \/>\n\t<meta property=\"og:image:height\" content=\"150\" \/>\n\t<meta property=\"og:image:type\" content=\"image\/jpeg\" \/>\n<meta name=\"twitter:card\" content=\"summary_large_image\" \/>\n<meta name=\"twitter:label1\" content=\"Est. reading time\" \/>\n\t<meta name=\"twitter:data1\" content=\"4 minute\" \/>\n<script type=\"application\/ld+json\" class=\"yoast-schema-graph\">{\"@context\":\"https:\\\/\\\/schema.org\",\"@graph\":[{\"@type\":\"WebPage\",\"@id\":\"https:\\\/\\\/gambling6.com\\\/sl\\\/loterija\\\/\",\"url\":\"https:\\\/\\\/gambling6.com\\\/sl\\\/loterija\\\/\",\"name\":\"Nakup mednarodnih loto sre\u010dk na spletu\",\"isPartOf\":{\"@id\":\"https:\\\/\\\/gambling6.com\\\/sl\\\/#website\"},\"primaryImageOfPage\":{\"@id\":\"https:\\\/\\\/gambling6.com\\\/sl\\\/loterija\\\/#primaryimage\"},\"image\":{\"@id\":\"https:\\\/\\\/gambling6.com\\\/sl\\\/loterija\\\/#primaryimage\"},\"thumbnailUrl\":\"https:\\\/\\\/gambling6.com\\\/wp-content\\\/uploads\\\/2013\\\/12\\\/International-Community-150x150.jpg\",\"datePublished\":\"2025-11-10T20:13:59+00:00\",\"dateModified\":\"2025-11-12T18:35:42+00:00\",\"description\":\"Nakup sre\u010dk za mednarodne loterije na spletu je preprost. Ne glede na to, kje \u017eivite, sodelujte v kateri koli od najbolj\u0161ih loterij po vsem svetu.\",\"breadcrumb\":{\"@id\":\"https:\\\/\\\/gambling6.com\\\/sl\\\/loterija\\\/#breadcrumb\"},\"inLanguage\":\"sl-SI\",\"potentialAction\":[{\"@type\":\"ReadAction\",\"target\":[\"https:\\\/\\\/gambling6.com\\\/sl\\\/loterija\\\/\"]}]},{\"@type\":\"ImageObject\",\"inLanguage\":\"sl-SI\",\"@id\":\"https:\\\/\\\/gambling6.com\\\/sl\\\/loterija\\\/#primaryimage\",\"url\":\"https:\\\/\\\/gambling6.com\\\/wp-content\\\/uploads\\\/2013\\\/12\\\/International-Community-150x150.jpg\",\"contentUrl\":\"https:\\\/\\\/gambling6.com\\\/wp-content\\\/uploads\\\/2013\\\/12\\\/International-Community-150x150.jpg\",\"width\":150,\"height\":150},{\"@type\":\"BreadcrumbList\",\"@id\":\"https:\\\/\\\/gambling6.com\\\/sl\\\/loterija\\\/#breadcrumb\",\"itemListElement\":[{\"@type\":\"ListItem\",\"position\":1,\"name\":\"Home\",\"item\":\"https:\\\/\\\/gambling6.com\\\/sl\\\/home\\\/\"},{\"@type\":\"ListItem\",\"position\":2,\"name\":\"Loterija\"}]},{\"@type\":\"WebSite\",\"@id\":\"https:\\\/\\\/gambling6.com\\\/sl\\\/#website\",\"url\":\"https:\\\/\\\/gambling6.com\\\/sl\\\/\",\"name\":\"Gambling6\",\"description\":\"\",\"potentialAction\":[{\"@type\":\"SearchAction\",\"target\":{\"@type\":\"EntryPoint\",\"urlTemplate\":\"https:\\\/\\\/gambling6.com\\\/sl\\\/?s={search_term_string}\"},\"query-input\":{\"@type\":\"PropertyValueSpecification\",\"valueRequired\":true,\"valueName\":\"search_term_string\"}}],\"inLanguage\":\"sl-SI\"}]}<\/script>\n<!-- \/ Yoast SEO plugin. -->","yoast_head_json":{"title":"Nakup mednarodnih loto sre\u010dk na spletu","description":"Nakup sre\u010dk za mednarodne loterije na spletu je preprost. Ne glede na to, kje \u017eivite, sodelujte v kateri koli od najbolj\u0161ih loterij po vsem svetu.","robots":{"index":"index","follow":"follow","max-snippet":"max-snippet:-1","max-image-preview":"max-image-preview:large","max-video-preview":"max-video-preview:-1"},"canonical":"https:\/\/gambling6.com\/sl\/loterija\/","og_locale":"sl_SI","og_type":"article","og_title":"Nakup mednarodnih loto sre\u010dk na spletu","og_description":"Nakup sre\u010dk za mednarodne loterije na spletu je preprost. Ne glede na to, kje \u017eivite, sodelujte v kateri koli od najbolj\u0161ih loterij po vsem svetu.","og_url":"https:\/\/gambling6.com\/sl\/loterija\/","og_site_name":"Gambling6","article_modified_time":"2025-11-12T18:35:42+00:00","og_image":[{"width":150,"height":150,"url":"https:\/\/gambling6.com\/wp-content\/uploads\/2013\/12\/International-Community-150x150.jpg","type":"image\/jpeg"}],"twitter_card":"summary_large_image","twitter_misc":{"Est. reading time":"4 minute"},"schema":{"@context":"https:\/\/schema.org","@graph":[{"@type":"WebPage","@id":"https:\/\/gambling6.com\/sl\/loterija\/","url":"https:\/\/gambling6.com\/sl\/loterija\/","name":"Nakup mednarodnih loto sre\u010dk na spletu","isPartOf":{"@id":"https:\/\/gambling6.com\/sl\/#website"},"primaryImageOfPage":{"@id":"https:\/\/gambling6.com\/sl\/loterija\/#primaryimage"},"image":{"@id":"https:\/\/gambling6.com\/sl\/loterija\/#primaryimage"},"thumbnailUrl":"https:\/\/gambling6.com\/wp-content\/uploads\/2013\/12\/International-Community-150x150.jpg","datePublished":"2025-11-10T20:13:59+00:00","dateModified":"2025-11-12T18:35:42+00:00","description":"Nakup sre\u010dk za mednarodne loterije na spletu je preprost. Ne glede na to, kje \u017eivite, sodelujte v kateri koli od najbolj\u0161ih loterij po vsem svetu.","breadcrumb":{"@id":"https:\/\/gambling6.com\/sl\/loterija\/#breadcrumb"},"inLanguage":"sl-SI","potentialAction":[{"@type":"ReadAction","target":["https:\/\/gambling6.com\/sl\/loterija\/"]}]},{"@type":"ImageObject","inLanguage":"sl-SI","@id":"https:\/\/gambling6.com\/sl\/loterija\/#primaryimage","url":"https:\/\/gambling6.com\/wp-content\/uploads\/2013\/12\/International-Community-150x150.jpg","contentUrl":"https:\/\/gambling6.com\/wp-content\/uploads\/2013\/12\/International-Community-150x150.jpg","width":150,"height":150},{"@type":"BreadcrumbList","@id":"https:\/\/gambling6.com\/sl\/loterija\/#breadcrumb","itemListElement":[{"@type":"ListItem","position":1,"name":"Home","item":"https:\/\/gambling6.com\/sl\/home\/"},{"@type":"ListItem","position":2,"name":"Loterija"}]},{"@type":"WebSite","@id":"https:\/\/gambling6.com\/sl\/#website","url":"https:\/\/gambling6.com\/sl\/","name":"Gambling6","description":"","potentialAction":[{"@type":"SearchAction","target":{"@type":"EntryPoint","urlTemplate":"https:\/\/gambling6.com\/sl\/?s={search_term_string}"},"query-input":{"@type":"PropertyValueSpecification","valueRequired":true,"valueName":"search_term_string"}}],"inLanguage":"sl-SI"}]}},"_links":{"self":[{"href":"https:\/\/gambling6.com\/sl\/wp-json\/wp\/v2\/pages\/9322","targetHints":{"allow":["GET"]}}],"collection":[{"href":"https:\/\/gambling6.com\/sl\/wp-json\/wp\/v2\/pages"}],"about":[{"href":"https:\/\/gambling6.com\/sl\/wp-json\/wp\/v2\/types\/page"}],"author":[{"embeddable":true,"href":"https:\/\/gambling6.com\/sl\/wp-json\/wp\/v2\/users\/1"}],"replies":[{"embeddable":true,"href":"https:\/\/gambling6.com\/sl\/wp-json\/wp\/v2\/comments?post=9322"}],"version-history":[{"count":1,"href":"https:\/\/gambling6.com\/sl\/wp-json\/wp\/v2\/pages\/9322\/revisions"}],"predecessor-version":[{"id":10749,"href":"https:\/\/gambling6.com\/sl\/wp-json\/wp\/v2\/pages\/9322\/revisions\/10749"}],"wp:featuredmedia":[{"embeddable":true,"href":"https:\/\/gambling6.com\/sl\/wp-json\/wp\/v2\/media\/9294"}],"wp:attachment":[{"href":"https:\/\/gambling6.com\/sl\/wp-json\/wp\/v2\/media?parent=9322"}],"curies":[{"name":"wp","href":"https:\/\/api.w.org\/{rel}","templated":true}]}}