{"id":9369,"date":"2025-11-10T21:00:53","date_gmt":"2025-11-10T21:00:53","guid":{"rendered":"https:\/\/gambling6.com\/loterija\/pridobite-spletne-vstopnice-za-loterijo-mega-millions\/"},"modified":"2025-11-10T21:00:53","modified_gmt":"2025-11-10T21:00:53","slug":"pridobite-spletne-vstopnice-za-loterijo-mega-millions","status":"publish","type":"page","link":"https:\/\/gambling6.com\/sl\/loterija\/pridobite-spletne-vstopnice-za-loterijo-mega-millions\/","title":{"rendered":"Pridobite spletne vstopnice za loterijo Mega Millions"},"content":{"rendered":"<h2>Sre\u010dke za loterijo Mega Millions so na voljo kjer koli na svetu<\/h2>\n<p>Neverjetno \u0161tevilo ljudi vsak dan kupi sre\u010dke za loterijo, tako v Severni Ameriki kot po vsem svetu. Ve\u010dina udele\u017eencev loterije se dobro zaveda, da so njihove mo\u017enosti za dejanski zadetek glavnega dobitka zelo majhne. <strong>Vendar pa ljudje z mo\u017enostjo spletnega nakupa sre\u010dk za loterijo Mega Millions vsak dan hitijo k svojim ra\u010dunalnikom<\/strong>, se prijavijo v na\u0161ega partnerja RedFoxLotto.com in kupijo sre\u010dke <\/span>za ogromno ameri\u0161ko loterijo Mega Millions.<img loading=\"lazy\" decoding=\"async\" class=\" alignright wp-image-544\" style=\"margin: 10px; border: 5px solid #ffffff; float: right;\" src=\"http:\/\/gambling6.com\/wp-content\/uploads\/2013\/12\/get-mega-millions-tickets-online.png\" alt=\"va\u0161e sre\u010dke Megamillions na spletu\" width=\"297\" height=\"163\" srcset=\"https:\/\/gambling6.com\/wp-content\/uploads\/2013\/12\/get-mega-millions-tickets-online.png 388w, https:\/\/gambling6.com\/wp-content\/uploads\/2013\/12\/get-mega-millions-tickets-online-300x165.png 300w\" sizes=\"auto, (max-width: 297px) 100vw, 297px\" \/><\/p>\n<h2>\u010ce \u017eelite zmagati, morate dobiti svoje sre\u010dke na spletu.<\/h2>\n<p>Mnogi ljudje bi raje imeli majhno mo\u017enost za zmago kot pa nobene. Kot pravi pregovor: &#8220;Brez sre\u010dke ne more\u0161 zmagati&#8221;. Ta stavek se mnogim ljudem vtisne v spomin in ker jih vsak dan preplavljajo slike lota, je zelo verjetno, da bodo sre\u010dke kupili na spletu. Internet je ljudem po vsem svetu omogo\u010dil nakup sre\u010dk za vsako \u017erebanje loterije. Ker je Mega Millions eno najve\u010djih \u017erebanj na svetu, je preprosto smiselno, da se ljudje zgrinjajo k nakupu sre\u010dk na spletu.<\/p>\n<p>\u010ce \u017eelite dobiti svojo sre\u010dko, <a class=\"thirstylink\" title=\"Redfoxlotto\" href=\"https:\/\/gambling6.com\/go\/redfoxlotto\/\" target=\"_blank\" rel=\"nofollow noopener\">kliknite tukaj, da obi\u0161\u010dete RedFoxLotto.com<\/a>, odli\u010dno storitev za po\u0161iljanje loterijskih sre\u010dk, kjer lahko kupite sre\u010dke za najpomembnej\u0161e jackpote z vsega sveta.<\/p>\n<h2>Spletne kupce \u010dakajo mo\u017enosti, ki jim bodo spremenile \u017eivljenje.<\/h2>\n<p>Pomembno je omeniti, da ljudje kupujejo spletne sre\u010dke za loterijo Mega Millions, da bi posku\u0161ali spremeniti svoje \u017eivljenje. Ko sli\u0161ijo rezultate, da je par iz Tunkhannocka v Pensilvaniji osvojil glavno nagrado, so razo\u010darani in svojih sre\u010dk sploh ne preverijo.<\/p>\n<h2>Spletne sre\u010dke za Mega Millions in Powerball so najbolj priljubljene.<\/h2>\n<p>Dve loteriji v ZDA, Megamillions in Powerball, sta resni\u010dno najve\u010dji loteriji, ki ustvarjata jackpote na svetu. Ni presenetljivo, da spletna prodaja vstopnic za ta dva velikana vsak teden dose\u017ee nove vi\u0161ave. Nakup vstopnic za Mega Millions na spletu je redno dvigoval jackpote na izjemne ravni.<\/p>\n<h2>Neverjetni jackpoti Mega Millions v letu 2013 so se pribli\u017eali rekordu<\/h2>\n<table style=\"width: 500px;\" border=\"1\" cellspacing=\"5\" cellpadding=\"5\" align=\"center\">\n<tbody>\n<tr>\n<td colspan=\"3\" align=\"center\">Pet najve\u010djih jackpotov za leto 2013<\/td>\n<\/tr>\n<tr>\n<td>\u017drebanje<\/td>\n<td align=\"center\">Datum<\/td>\n<td align=\"center\">Jackpot (USD)<\/td>\n<\/tr>\n<tr>\n<td>Mega Millions &#8211; ZDA<\/td>\n<td align=\"center\">17. dec. 2013<\/td>\n<td align=\"right\">636.000.000 $<\/td>\n<\/tr>\n<tr>\n<td>Mega Millions &#8211; ZDA<\/td>\n<td align=\"center\">17. maj 2013<\/td>\n<td align=\"right\">190.000.000 $<\/td>\n<\/tr>\n<tr>\n<td>Mega Millions &#8211; ZDA<\/td>\n<td align=\"center\">1. oktober 2013<\/td>\n<td align=\"right\">189.000.000 $<\/td>\n<\/tr>\n<tr>\n<td>Mega Millions &#8211; ZDA<\/td>\n<td align=\"center\">25. januar 2013<\/td>\n<td align=\"right\">89.000.000 $<\/td>\n<\/tr>\n<tr>\n<td>Mega Millions &#8211; ZDA<\/td>\n<td align=\"center\">5. julij 2013<\/td>\n<td align=\"right\">79.000.000 $<\/td>\n<\/tr>\n<\/tbody>\n<\/table>\n<h2>\u00a0\u0160tevilne nagrade za spletno sre\u010dko Mega Millions imetniki<\/h2>\n<table style=\"width: 500px;\" border=\"1\" cellspacing=\"5\" cellpadding=\"5\" align=\"center\">\n<tbody>\n<tr>\n<td colspan=\"3\" align=\"center\">Stopnje nagrad loterije Mega Millions<\/td>\n<\/tr>\n<tr>\n<td>Nagrada<\/td>\n<td align=\"center\">Tekme<\/td>\n<td align=\"center\">Kvote<\/td>\n<\/tr>\n<tr>\n<td>1. (Jackpot)<\/td>\n<td align=\"center\">5 + 1<\/td>\n<td align=\"right\">175.711.538 : 1<\/td>\n<\/tr>\n<tr>\n<td>2.<\/td>\n<td align=\"center\">5<\/td>\n<td align=\"right\">3.904.701 : 1<\/td>\n<\/tr>\n<tr>\n<td>3.<\/td>\n<td align=\"center\">4 + 1<\/td>\n<td align=\"right\">689.065 : 1<\/td>\n<\/tr>\n<tr>\n<td>4.<\/td>\n<td align=\"center\">4<\/td>\n<td align=\"right\">15.313 : 1<\/td>\n<\/tr>\n<tr>\n<td>5.<\/td>\n<td align=\"center\">3 + 1<\/td>\n<td align=\"right\">13.781 : 1<\/td>\n<\/tr>\n<tr>\n<td>6.<\/td>\n<td align=\"center\">2 + 1<\/td>\n<td align=\"right\">844 : 1<\/td>\n<\/tr>\n<tr>\n<td>7.<\/td>\n<td align=\"center\">3<\/td>\n<td align=\"right\">360 : 1<\/td>\n<\/tr>\n<tr>\n<td>8.<\/td>\n<td align=\"center\">1 + 1<\/td>\n<td align=\"right\">141 : 1<\/td>\n<\/tr>\n<tr>\n<td>9.<\/td>\n<td align=\"center\">0 + 1<\/td>\n<td align=\"right\">75 : 1<\/td>\n<\/tr>\n<\/tbody>\n<\/table>\n<p style=\"text-align: center;\"><strong>Igrajte Mega Millions \u0161e danes s svojimi spletnimi vstopnicami in morda se vam bodo uresni\u010dile sanje!<\/strong><\/p>\n","protected":false},"excerpt":{"rendered":"<p>Sre\u010dke za loterijo Mega Millions so na voljo kjer koli na svetu Neverjetno \u0161tevilo ljudi vsak dan kupi sre\u010dke za loterijo, tako v Severni Ameriki kot po vsem svetu. Ve\u010dina udele\u017eencev loterije se dobro zaveda, da so njihove mo\u017enosti za dejanski zadetek glavnega dobitka zelo majhne. Vendar pa ljudje z mo\u017enostjo spletnega nakupa sre\u010dk za [&hellip;]<\/p>\n","protected":false},"author":1,"featured_media":9353,"parent":9322,"menu_order":13,"comment_status":"closed","ping_status":"closed","template":"","meta":{"footnotes":""},"class_list":["post-9369","page","type-page","status-publish","has-post-thumbnail","hentry"],"yoast_head":"<!-- This site is optimized with the Yoast SEO plugin v27.4 - https:\/\/yoast.com\/product\/yoast-seo-wordpress\/ -->\n<title>Kupite loterijske vstopnice Mega Millions na spletu<\/title>\n<meta name=\"description\" content=\"Osvojite veliko z nakupom spletnih vstopnic za loterijo Mega Millions.\" \/>\n<meta name=\"robots\" content=\"index, follow, max-snippet:-1, max-image-preview:large, max-video-preview:-1\" \/>\n<link rel=\"canonical\" href=\"https:\/\/gambling6.com\/sl\/loterija\/pridobite-spletne-vstopnice-za-loterijo-mega-millions\/\" \/>\n<meta property=\"og:locale\" content=\"sl_SI\" \/>\n<meta property=\"og:type\" content=\"article\" \/>\n<meta property=\"og:title\" content=\"Kupite loterijske vstopnice Mega Millions na spletu\" \/>\n<meta property=\"og:description\" content=\"Osvojite veliko z nakupom spletnih vstopnic za loterijo Mega Millions.\" \/>\n<meta property=\"og:url\" content=\"https:\/\/gambling6.com\/sl\/loterija\/pridobite-spletne-vstopnice-za-loterijo-mega-millions\/\" \/>\n<meta property=\"og:site_name\" content=\"Gambling6\" \/>\n<meta property=\"og:image\" content=\"https:\/\/gambling6.com\/wp-content\/uploads\/2013\/12\/get-mega-millions-tickets-online.png\" \/>\n\t<meta property=\"og:image:width\" content=\"388\" \/>\n\t<meta property=\"og:image:height\" content=\"213\" \/>\n\t<meta property=\"og:image:type\" content=\"image\/png\" \/>\n<meta name=\"twitter:card\" content=\"summary_large_image\" \/>\n<meta name=\"twitter:label1\" content=\"Est. reading time\" \/>\n\t<meta name=\"twitter:data1\" content=\"2 minuti\" \/>\n<script type=\"application\/ld+json\" class=\"yoast-schema-graph\">{\"@context\":\"https:\\\/\\\/schema.org\",\"@graph\":[{\"@type\":\"WebPage\",\"@id\":\"https:\\\/\\\/gambling6.com\\\/sl\\\/loterija\\\/pridobite-spletne-vstopnice-za-loterijo-mega-millions\\\/\",\"url\":\"https:\\\/\\\/gambling6.com\\\/sl\\\/loterija\\\/pridobite-spletne-vstopnice-za-loterijo-mega-millions\\\/\",\"name\":\"Kupite loterijske vstopnice Mega Millions na spletu\",\"isPartOf\":{\"@id\":\"https:\\\/\\\/gambling6.com\\\/sl\\\/#website\"},\"primaryImageOfPage\":{\"@id\":\"https:\\\/\\\/gambling6.com\\\/sl\\\/loterija\\\/pridobite-spletne-vstopnice-za-loterijo-mega-millions\\\/#primaryimage\"},\"image\":{\"@id\":\"https:\\\/\\\/gambling6.com\\\/sl\\\/loterija\\\/pridobite-spletne-vstopnice-za-loterijo-mega-millions\\\/#primaryimage\"},\"thumbnailUrl\":\"https:\\\/\\\/gambling6.com\\\/wp-content\\\/uploads\\\/2013\\\/12\\\/get-mega-millions-tickets-online.png\",\"datePublished\":\"2025-11-10T21:00:53+00:00\",\"description\":\"Osvojite veliko z nakupom spletnih vstopnic za loterijo Mega Millions.\",\"breadcrumb\":{\"@id\":\"https:\\\/\\\/gambling6.com\\\/sl\\\/loterija\\\/pridobite-spletne-vstopnice-za-loterijo-mega-millions\\\/#breadcrumb\"},\"inLanguage\":\"sl-SI\",\"potentialAction\":[{\"@type\":\"ReadAction\",\"target\":[\"https:\\\/\\\/gambling6.com\\\/sl\\\/loterija\\\/pridobite-spletne-vstopnice-za-loterijo-mega-millions\\\/\"]}]},{\"@type\":\"ImageObject\",\"inLanguage\":\"sl-SI\",\"@id\":\"https:\\\/\\\/gambling6.com\\\/sl\\\/loterija\\\/pridobite-spletne-vstopnice-za-loterijo-mega-millions\\\/#primaryimage\",\"url\":\"https:\\\/\\\/gambling6.com\\\/wp-content\\\/uploads\\\/2013\\\/12\\\/get-mega-millions-tickets-online.png\",\"contentUrl\":\"https:\\\/\\\/gambling6.com\\\/wp-content\\\/uploads\\\/2013\\\/12\\\/get-mega-millions-tickets-online.png\",\"width\":388,\"height\":213},{\"@type\":\"BreadcrumbList\",\"@id\":\"https:\\\/\\\/gambling6.com\\\/sl\\\/loterija\\\/pridobite-spletne-vstopnice-za-loterijo-mega-millions\\\/#breadcrumb\",\"itemListElement\":[{\"@type\":\"ListItem\",\"position\":1,\"name\":\"Home\",\"item\":\"https:\\\/\\\/gambling6.com\\\/sl\\\/home\\\/\"},{\"@type\":\"ListItem\",\"position\":2,\"name\":\"Loterija\",\"item\":\"https:\\\/\\\/gambling6.com\\\/sl\\\/loterija\\\/\"},{\"@type\":\"ListItem\",\"position\":3,\"name\":\"Pridobite spletne vstopnice za loterijo Mega Millions\"}]},{\"@type\":\"WebSite\",\"@id\":\"https:\\\/\\\/gambling6.com\\\/sl\\\/#website\",\"url\":\"https:\\\/\\\/gambling6.com\\\/sl\\\/\",\"name\":\"Gambling6\",\"description\":\"\",\"potentialAction\":[{\"@type\":\"SearchAction\",\"target\":{\"@type\":\"EntryPoint\",\"urlTemplate\":\"https:\\\/\\\/gambling6.com\\\/sl\\\/?s={search_term_string}\"},\"query-input\":{\"@type\":\"PropertyValueSpecification\",\"valueRequired\":true,\"valueName\":\"search_term_string\"}}],\"inLanguage\":\"sl-SI\"}]}<\/script>\n<!-- \/ Yoast SEO plugin. -->","yoast_head_json":{"title":"Kupite loterijske vstopnice Mega Millions na spletu","description":"Osvojite veliko z nakupom spletnih vstopnic za loterijo Mega Millions.","robots":{"index":"index","follow":"follow","max-snippet":"max-snippet:-1","max-image-preview":"max-image-preview:large","max-video-preview":"max-video-preview:-1"},"canonical":"https:\/\/gambling6.com\/sl\/loterija\/pridobite-spletne-vstopnice-za-loterijo-mega-millions\/","og_locale":"sl_SI","og_type":"article","og_title":"Kupite loterijske vstopnice Mega Millions na spletu","og_description":"Osvojite veliko z nakupom spletnih vstopnic za loterijo Mega Millions.","og_url":"https:\/\/gambling6.com\/sl\/loterija\/pridobite-spletne-vstopnice-za-loterijo-mega-millions\/","og_site_name":"Gambling6","og_image":[{"width":388,"height":213,"url":"https:\/\/gambling6.com\/wp-content\/uploads\/2013\/12\/get-mega-millions-tickets-online.png","type":"image\/png"}],"twitter_card":"summary_large_image","twitter_misc":{"Est. reading time":"2 minuti"},"schema":{"@context":"https:\/\/schema.org","@graph":[{"@type":"WebPage","@id":"https:\/\/gambling6.com\/sl\/loterija\/pridobite-spletne-vstopnice-za-loterijo-mega-millions\/","url":"https:\/\/gambling6.com\/sl\/loterija\/pridobite-spletne-vstopnice-za-loterijo-mega-millions\/","name":"Kupite loterijske vstopnice Mega Millions na spletu","isPartOf":{"@id":"https:\/\/gambling6.com\/sl\/#website"},"primaryImageOfPage":{"@id":"https:\/\/gambling6.com\/sl\/loterija\/pridobite-spletne-vstopnice-za-loterijo-mega-millions\/#primaryimage"},"image":{"@id":"https:\/\/gambling6.com\/sl\/loterija\/pridobite-spletne-vstopnice-za-loterijo-mega-millions\/#primaryimage"},"thumbnailUrl":"https:\/\/gambling6.com\/wp-content\/uploads\/2013\/12\/get-mega-millions-tickets-online.png","datePublished":"2025-11-10T21:00:53+00:00","description":"Osvojite veliko z nakupom spletnih vstopnic za loterijo Mega Millions.","breadcrumb":{"@id":"https:\/\/gambling6.com\/sl\/loterija\/pridobite-spletne-vstopnice-za-loterijo-mega-millions\/#breadcrumb"},"inLanguage":"sl-SI","potentialAction":[{"@type":"ReadAction","target":["https:\/\/gambling6.com\/sl\/loterija\/pridobite-spletne-vstopnice-za-loterijo-mega-millions\/"]}]},{"@type":"ImageObject","inLanguage":"sl-SI","@id":"https:\/\/gambling6.com\/sl\/loterija\/pridobite-spletne-vstopnice-za-loterijo-mega-millions\/#primaryimage","url":"https:\/\/gambling6.com\/wp-content\/uploads\/2013\/12\/get-mega-millions-tickets-online.png","contentUrl":"https:\/\/gambling6.com\/wp-content\/uploads\/2013\/12\/get-mega-millions-tickets-online.png","width":388,"height":213},{"@type":"BreadcrumbList","@id":"https:\/\/gambling6.com\/sl\/loterija\/pridobite-spletne-vstopnice-za-loterijo-mega-millions\/#breadcrumb","itemListElement":[{"@type":"ListItem","position":1,"name":"Home","item":"https:\/\/gambling6.com\/sl\/home\/"},{"@type":"ListItem","position":2,"name":"Loterija","item":"https:\/\/gambling6.com\/sl\/loterija\/"},{"@type":"ListItem","position":3,"name":"Pridobite spletne vstopnice za loterijo Mega Millions"}]},{"@type":"WebSite","@id":"https:\/\/gambling6.com\/sl\/#website","url":"https:\/\/gambling6.com\/sl\/","name":"Gambling6","description":"","potentialAction":[{"@type":"SearchAction","target":{"@type":"EntryPoint","urlTemplate":"https:\/\/gambling6.com\/sl\/?s={search_term_string}"},"query-input":{"@type":"PropertyValueSpecification","valueRequired":true,"valueName":"search_term_string"}}],"inLanguage":"sl-SI"}]}},"_links":{"self":[{"href":"https:\/\/gambling6.com\/sl\/wp-json\/wp\/v2\/pages\/9369","targetHints":{"allow":["GET"]}}],"collection":[{"href":"https:\/\/gambling6.com\/sl\/wp-json\/wp\/v2\/pages"}],"about":[{"href":"https:\/\/gambling6.com\/sl\/wp-json\/wp\/v2\/types\/page"}],"author":[{"embeddable":true,"href":"https:\/\/gambling6.com\/sl\/wp-json\/wp\/v2\/users\/1"}],"replies":[{"embeddable":true,"href":"https:\/\/gambling6.com\/sl\/wp-json\/wp\/v2\/comments?post=9369"}],"version-history":[{"count":0,"href":"https:\/\/gambling6.com\/sl\/wp-json\/wp\/v2\/pages\/9369\/revisions"}],"up":[{"embeddable":true,"href":"https:\/\/gambling6.com\/sl\/wp-json\/wp\/v2\/pages\/9322"}],"wp:featuredmedia":[{"embeddable":true,"href":"https:\/\/gambling6.com\/sl\/wp-json\/wp\/v2\/media\/9353"}],"wp:attachment":[{"href":"https:\/\/gambling6.com\/sl\/wp-json\/wp\/v2\/media?parent=9369"}],"curies":[{"name":"wp","href":"https:\/\/api.w.org\/{rel}","templated":true}]}}