{"id":9412,"date":"2025-11-11T02:05:47","date_gmt":"2025-11-11T02:05:47","guid":{"rendered":"https:\/\/gambling6.com\/loterija\/kako-lahko-kupim-spletne-vstopnice-za-loterijo-euromillions-izven-evrope\/"},"modified":"2025-11-12T18:50:22","modified_gmt":"2025-11-12T18:50:22","slug":"kako-lahko-kupim-spletne-vstopnice-za-loterijo-euromillions-izven-evrope","status":"publish","type":"page","link":"https:\/\/gambling6.com\/sl\/loterija\/kako-lahko-kupim-spletne-vstopnice-za-loterijo-euromillions-izven-evrope\/","title":{"rendered":"Kako lahko kupim spletne vstopnice za loterijo Euromillions izven Evrope?"},"content":{"rendered":"<h2>Euro Millions<\/h2>\n<p>S 185 milijoni evrov na kocki in redno mo\u017enostjo osvojitve ve\u010d kot 100 milijonov evrov, ljudje hitijo k svojim ra\u010dunalnikom, da bi kupili spletne sre\u010dke za loterijo EuroMillions.<\/strong> Euromillions se igra v 9 dr\u017eavah po Evropi, lani pa je izpla\u010dal ve\u010d kot 2,5 milijarde dolarjev nagrad. Zakaj ne bi \u017eeleli imeti prilo\u017enosti osvojiti tega glavnega dobitka? Vse, kar morate storiti, je, da obi\u0161\u010dete na\u0161ega partnerja RedFoxLotto in si zagotovite spletne sre\u010dke. Igranje RedFoxLotto \u0161e nikoli ni bilo la\u017eje.<\/p>\n<p><strong>Spletne sre\u010dke za loterijo Euromillions lahko kupite dvakrat tedensko<\/strong> in s tem imate mo\u017enost osvojiti do 13 razli\u010dnih ravni nagrad. Za nakup sre\u010dk na spletu izberite 5 glavnih \u0161tevilk od 1 do 50. Drugi\u010d, obstajata dve \u0161tevilki sre\u010dne zvezde, obe med 1 in 11, ki se iz\u017erebata iz lo\u010denega avtomata. Za prevzem glavnega jackpota morate uganiti vseh sedem \u0161tevilk.<\/p>\n<h2>Zakaj igrati loterijo Euromillions na spletu?<\/h2>\n<p><img loading=\"lazy\" decoding=\"async\" class=\" wp-image-1437 alignright\" src=\"https:\/\/gambling6.com\/wp-content\/uploads\/2022\/04\/2_ticket_euromillions-112x300.jpg\" alt=\"euromillions ticket\" width=\"99\" height=\"265\" srcset=\"https:\/\/gambling6.com\/wp-content\/uploads\/2022\/04\/2_ticket_euromillions-112x300.jpg 112w, https:\/\/gambling6.com\/wp-content\/uploads\/2022\/04\/2_ticket_euromillions.jpg 200w\" sizes=\"auto, (max-width: 99px) 100vw, 99px\" \/>Loterijska mrzlica v Evropi lahko \u2013 in je \u2013 dosegla epidemi\u010dne ravni. Zato se ljudje tedensko postavljajo v vrsto, da bi igrali najve\u010djo loterijo v Evropi z enim od treh najve\u010djih jackpotov na svetu. Loterija Euromillions se je za\u010dela leta 2004 in se igra v Belgiji, Franciji, na Irskem, v Avstriji, Luksemburgu, \u0160paniji, na Portugalskem, v \u0160vici in Zdru\u017eenem kraljestvu. \u0160kotski par je julija 2011 osvojil najve\u010dji jackpot doslej, in sicer 185 milijonov evrov.<\/p>\n<p>Poleg vseh evropskih igralcev v zgoraj omenjenih dr\u017eavah milijoni ljudi vsak teden kupijo sre\u010dke prek spleta. Pridobitev spletnih sre\u010dk za loterijo Euromillions je zelo preprosta: obi\u0161\u010dite na\u0161ega partnerja RedFoxLotto. Verjetnost, da osvojite glavni jackpot v loteriji EuroMillions, je 1 proti 116.531.800. \u010ce pa \u017eelite sodelovati v eni od ostalih 13 nagradnih stopenj, je va\u0161a skupna verjetnost ena proti 13.<\/p>\n<p>Ponovno boste ugotovili, da je loterija Euromillions ena najbolj vznemirljivih na svetu. <span style=\"box-sizing: border-box; margin: 0px; padding: 0px;\">Vzemite si \u010das in <a href=\"https:\/\/gambling6.com\/go\/redfoxlotto-en\/\" target=\"_blank\" rel=\"noopener\">obi\u0161\u010dite RedFoxLotto \u0161e danes tako, da sledite tej povezavi<\/a>, odprete ra\u010dun in za\u010dnete igrati to ogromno evropsko loterijo.<\/span> Prepri\u010dani smo, da boste veseli, da ste to storili. Sre\u010dke za EuroMillions in druge priljubljene loterije po vsem svetu je enostavno dobiti prek spleta.<\/p>\n<table style=\"width: 500px;\" border=\"1\" cellspacing=\"5\" cellpadding=\"5\" align=\"center\">\n<tbody>\n<tr>\n<td colspan=\"3\" align=\"center\">Pet najve\u010djih jackpotov za leto 2013<\/td>\n<\/tr>\n<tr>\n<td>\u017drebanje<\/td>\n<td align=\"center\">Datum<\/td>\n<td align=\"center\">Jackpot (USD)<\/td>\n<\/tr>\n<tr>\n<td>Euro Millions &#8211; Evropa<\/td>\n<td align=\"center\">25. junij 2013<\/td>\n<td align=\"right\">260.129.094 $<\/td>\n<\/tr>\n<tr>\n<td>Euro Millions &#8211; Evropa<\/td>\n<td align=\"center\">15. november 2013<\/td>\n<td align=\"right\">137.000.000 $<\/td>\n<\/tr>\n<tr>\n<td>Evro milijoni &#8211; Evropa<\/td>\n<td align=\"center\">28. maj 2013<\/td>\n<td align=\"right\">132.676.542 $<\/td>\n<\/tr>\n<tr>\n<td>Evro milijoni &#8211; Evropa<\/td>\n<td align=\"center\">25. junij 2013<\/td>\n<td align=\"right\">131.636.203 $<\/td>\n<\/tr>\n<tr>\n<td>Evro milijoni &#8211; Evropa<\/td>\n<td align=\"center\">23. avgust 2013<\/td>\n<td align=\"right\">131.628.767 $<\/td>\n<\/tr>\n<\/tbody>\n<\/table>\n<p>&nbsp;<\/p>\n<table style=\"width: 500px;\" border=\"1\" cellspacing=\"5\" cellpadding=\"5\" align=\"center\">\n<tbody>\n<tr>\n<td colspan=\"3\" align=\"center\">Nagradne stopnje Euro Millions<\/td>\n<\/tr>\n<tr>\n<td>Nagrada<\/td>\n<td align=\"center\">Tekme<\/td>\n<td align=\"center\">Kvote<\/td>\n<\/tr>\n<tr>\n<td>1. mesto (jackpot)<\/td>\n<td align=\"center\">5 + 2<\/td>\n<td align=\"right\">116.531.800 : 1<\/td>\n<\/tr>\n<tr>\n<td>2. mesto<\/td>\n<td align=\"center\">5 + 1<\/td>\n<td align=\"right\">6.473.989 : 1<\/td>\n<\/tr>\n<tr>\n<td>3.<\/td>\n<td align=\"center\">5<\/td>\n<td align=\"right\">3.236.994 : 1<\/td>\n<\/tr>\n<tr>\n<td>4.<\/td>\n<td align=\"center\">4 + 2<\/td>\n<td align=\"right\">517.919 : 1<\/td>\n<\/tr>\n<tr>\n<td>5.<\/td>\n<td align=\"center\">4 + 1<\/td>\n<td align=\"right\">28.773 : 1<\/td>\n<\/tr>\n<tr>\n<td>6.<\/td>\n<td align=\"center\">4<\/td>\n<td align=\"right\">14.387 : 1<\/td>\n<\/tr>\n<tr>\n<td>7.<\/td>\n<td align=\"center\">3 + 2<\/td>\n<td align=\"right\">11.771 : 1<\/td>\n<\/tr>\n<tr>\n<td>8.<\/td>\n<td align=\"center\">2 + 2<\/td>\n<td align=\"right\">821 : 1<\/td>\n<\/tr>\n<tr>\n<td>9.<\/td>\n<td align=\"center\">3 + 1<\/td>\n<td align=\"right\">654 : 1<\/td>\n<\/tr>\n<tr>\n<td>10.<\/td>\n<td align=\"center\">3<\/td>\n<td align=\"right\">327 : 1<\/td>\n<\/tr>\n<tr>\n<td>11.<\/td>\n<td align=\"center\">1 + 2<\/td>\n<td align=\"right\">156 : 1<\/td>\n<\/tr>\n<tr>\n<td>12.<\/td>\n<td align=\"center\">2 + 1<\/td>\n<td align=\"right\">46 : 1<\/td>\n<\/tr>\n<tr>\n<td>13.<\/td>\n<td align=\"center\">2<\/td>\n<td align=\"right\">23 : 1<\/td>\n<\/tr>\n<\/tbody>\n<\/table>\n","protected":false},"excerpt":{"rendered":"<p>Euro Millions S 185 milijoni evrov na kocki in redno mo\u017enostjo osvojitve ve\u010d kot 100 milijonov evrov, ljudje hitijo k svojim ra\u010dunalnikom, da bi kupili spletne sre\u010dke za loterijo EuroMillions. Euromillions se igra v 9 dr\u017eavah po Evropi, lani pa je izpla\u010dal ve\u010d kot 2,5 milijarde dolarjev nagrad. Zakaj ne bi \u017eeleli imeti prilo\u017enosti osvojiti [&hellip;]<\/p>\n","protected":false},"author":1,"featured_media":0,"parent":9322,"menu_order":2,"comment_status":"closed","ping_status":"closed","template":"","meta":{"footnotes":""},"class_list":["post-9412","page","type-page","status-publish","hentry"],"yoast_head":"<!-- This site is optimized with the Yoast SEO plugin v27.4 - https:\/\/yoast.com\/product\/yoast-seo-wordpress\/ -->\n<title>Kupite spletne vstopnice za loterijo Euromillions<\/title>\n<meta name=\"description\" content=\"Spletne vstopnice za najve\u010djo loterijo v Evropi, Euromillions in Euromillions UK, si zagotovite pri zaupanja vrednem ponudniku, kot je RedFoxLotto.com.\" \/>\n<meta name=\"robots\" content=\"index, follow, max-snippet:-1, max-image-preview:large, max-video-preview:-1\" \/>\n<link rel=\"canonical\" href=\"https:\/\/gambling6.com\/sl\/loterija\/kako-lahko-kupim-spletne-vstopnice-za-loterijo-euromillions-izven-evrope\/\" \/>\n<meta property=\"og:locale\" content=\"sl_SI\" \/>\n<meta property=\"og:type\" content=\"article\" \/>\n<meta property=\"og:title\" content=\"Kupite spletne vstopnice za loterijo Euromillions\" \/>\n<meta property=\"og:description\" content=\"Spletne vstopnice za najve\u010djo loterijo v Evropi, Euromillions in Euromillions UK, si zagotovite pri zaupanja vrednem ponudniku, kot je RedFoxLotto.com.\" \/>\n<meta property=\"og:url\" content=\"https:\/\/gambling6.com\/sl\/loterija\/kako-lahko-kupim-spletne-vstopnice-za-loterijo-euromillions-izven-evrope\/\" \/>\n<meta property=\"og:site_name\" content=\"Gambling6\" \/>\n<meta property=\"article:modified_time\" content=\"2025-11-12T18:50:22+00:00\" \/>\n<meta property=\"og:image\" content=\"https:\/\/gambling6.com\/wp-content\/uploads\/2022\/04\/2_ticket_euromillions.jpg\" \/>\n\t<meta property=\"og:image:width\" content=\"200\" \/>\n\t<meta property=\"og:image:height\" content=\"534\" \/>\n\t<meta property=\"og:image:type\" content=\"image\/jpeg\" \/>\n<meta name=\"twitter:card\" content=\"summary_large_image\" \/>\n<meta name=\"twitter:label1\" content=\"Est. reading time\" \/>\n\t<meta name=\"twitter:data1\" content=\"2 minuti\" \/>\n<script type=\"application\/ld+json\" class=\"yoast-schema-graph\">{\"@context\":\"https:\\\/\\\/schema.org\",\"@graph\":[{\"@type\":\"WebPage\",\"@id\":\"https:\\\/\\\/gambling6.com\\\/sl\\\/loterija\\\/kako-lahko-kupim-spletne-vstopnice-za-loterijo-euromillions-izven-evrope\\\/\",\"url\":\"https:\\\/\\\/gambling6.com\\\/sl\\\/loterija\\\/kako-lahko-kupim-spletne-vstopnice-za-loterijo-euromillions-izven-evrope\\\/\",\"name\":\"Kupite spletne vstopnice za loterijo Euromillions\",\"isPartOf\":{\"@id\":\"https:\\\/\\\/gambling6.com\\\/sl\\\/#website\"},\"primaryImageOfPage\":{\"@id\":\"https:\\\/\\\/gambling6.com\\\/sl\\\/loterija\\\/kako-lahko-kupim-spletne-vstopnice-za-loterijo-euromillions-izven-evrope\\\/#primaryimage\"},\"image\":{\"@id\":\"https:\\\/\\\/gambling6.com\\\/sl\\\/loterija\\\/kako-lahko-kupim-spletne-vstopnice-za-loterijo-euromillions-izven-evrope\\\/#primaryimage\"},\"thumbnailUrl\":\"https:\\\/\\\/gambling6.com\\\/wp-content\\\/uploads\\\/2022\\\/04\\\/2_ticket_euromillions-112x300.jpg\",\"datePublished\":\"2025-11-11T02:05:47+00:00\",\"dateModified\":\"2025-11-12T18:50:22+00:00\",\"description\":\"Spletne vstopnice za najve\u010djo loterijo v Evropi, Euromillions in Euromillions UK, si zagotovite pri zaupanja vrednem ponudniku, kot je RedFoxLotto.com.\",\"breadcrumb\":{\"@id\":\"https:\\\/\\\/gambling6.com\\\/sl\\\/loterija\\\/kako-lahko-kupim-spletne-vstopnice-za-loterijo-euromillions-izven-evrope\\\/#breadcrumb\"},\"inLanguage\":\"sl-SI\",\"potentialAction\":[{\"@type\":\"ReadAction\",\"target\":[\"https:\\\/\\\/gambling6.com\\\/sl\\\/loterija\\\/kako-lahko-kupim-spletne-vstopnice-za-loterijo-euromillions-izven-evrope\\\/\"]}]},{\"@type\":\"ImageObject\",\"inLanguage\":\"sl-SI\",\"@id\":\"https:\\\/\\\/gambling6.com\\\/sl\\\/loterija\\\/kako-lahko-kupim-spletne-vstopnice-za-loterijo-euromillions-izven-evrope\\\/#primaryimage\",\"url\":\"https:\\\/\\\/gambling6.com\\\/wp-content\\\/uploads\\\/2022\\\/04\\\/2_ticket_euromillions-112x300.jpg\",\"contentUrl\":\"https:\\\/\\\/gambling6.com\\\/wp-content\\\/uploads\\\/2022\\\/04\\\/2_ticket_euromillions-112x300.jpg\"},{\"@type\":\"BreadcrumbList\",\"@id\":\"https:\\\/\\\/gambling6.com\\\/sl\\\/loterija\\\/kako-lahko-kupim-spletne-vstopnice-za-loterijo-euromillions-izven-evrope\\\/#breadcrumb\",\"itemListElement\":[{\"@type\":\"ListItem\",\"position\":1,\"name\":\"Home\",\"item\":\"https:\\\/\\\/gambling6.com\\\/sl\\\/home\\\/\"},{\"@type\":\"ListItem\",\"position\":2,\"name\":\"Loterija\",\"item\":\"https:\\\/\\\/gambling6.com\\\/sl\\\/loterija\\\/\"},{\"@type\":\"ListItem\",\"position\":3,\"name\":\"Kako lahko kupim spletne vstopnice za loterijo Euromillions izven Evrope?\"}]},{\"@type\":\"WebSite\",\"@id\":\"https:\\\/\\\/gambling6.com\\\/sl\\\/#website\",\"url\":\"https:\\\/\\\/gambling6.com\\\/sl\\\/\",\"name\":\"Gambling6\",\"description\":\"\",\"potentialAction\":[{\"@type\":\"SearchAction\",\"target\":{\"@type\":\"EntryPoint\",\"urlTemplate\":\"https:\\\/\\\/gambling6.com\\\/sl\\\/?s={search_term_string}\"},\"query-input\":{\"@type\":\"PropertyValueSpecification\",\"valueRequired\":true,\"valueName\":\"search_term_string\"}}],\"inLanguage\":\"sl-SI\"}]}<\/script>\n<!-- \/ Yoast SEO plugin. -->","yoast_head_json":{"title":"Kupite spletne vstopnice za loterijo Euromillions","description":"Spletne vstopnice za najve\u010djo loterijo v Evropi, Euromillions in Euromillions UK, si zagotovite pri zaupanja vrednem ponudniku, kot je RedFoxLotto.com.","robots":{"index":"index","follow":"follow","max-snippet":"max-snippet:-1","max-image-preview":"max-image-preview:large","max-video-preview":"max-video-preview:-1"},"canonical":"https:\/\/gambling6.com\/sl\/loterija\/kako-lahko-kupim-spletne-vstopnice-za-loterijo-euromillions-izven-evrope\/","og_locale":"sl_SI","og_type":"article","og_title":"Kupite spletne vstopnice za loterijo Euromillions","og_description":"Spletne vstopnice za najve\u010djo loterijo v Evropi, Euromillions in Euromillions UK, si zagotovite pri zaupanja vrednem ponudniku, kot je RedFoxLotto.com.","og_url":"https:\/\/gambling6.com\/sl\/loterija\/kako-lahko-kupim-spletne-vstopnice-za-loterijo-euromillions-izven-evrope\/","og_site_name":"Gambling6","article_modified_time":"2025-11-12T18:50:22+00:00","og_image":[{"width":200,"height":534,"url":"https:\/\/gambling6.com\/wp-content\/uploads\/2022\/04\/2_ticket_euromillions.jpg","type":"image\/jpeg"}],"twitter_card":"summary_large_image","twitter_misc":{"Est. reading time":"2 minuti"},"schema":{"@context":"https:\/\/schema.org","@graph":[{"@type":"WebPage","@id":"https:\/\/gambling6.com\/sl\/loterija\/kako-lahko-kupim-spletne-vstopnice-za-loterijo-euromillions-izven-evrope\/","url":"https:\/\/gambling6.com\/sl\/loterija\/kako-lahko-kupim-spletne-vstopnice-za-loterijo-euromillions-izven-evrope\/","name":"Kupite spletne vstopnice za loterijo Euromillions","isPartOf":{"@id":"https:\/\/gambling6.com\/sl\/#website"},"primaryImageOfPage":{"@id":"https:\/\/gambling6.com\/sl\/loterija\/kako-lahko-kupim-spletne-vstopnice-za-loterijo-euromillions-izven-evrope\/#primaryimage"},"image":{"@id":"https:\/\/gambling6.com\/sl\/loterija\/kako-lahko-kupim-spletne-vstopnice-za-loterijo-euromillions-izven-evrope\/#primaryimage"},"thumbnailUrl":"https:\/\/gambling6.com\/wp-content\/uploads\/2022\/04\/2_ticket_euromillions-112x300.jpg","datePublished":"2025-11-11T02:05:47+00:00","dateModified":"2025-11-12T18:50:22+00:00","description":"Spletne vstopnice za najve\u010djo loterijo v Evropi, Euromillions in Euromillions UK, si zagotovite pri zaupanja vrednem ponudniku, kot je RedFoxLotto.com.","breadcrumb":{"@id":"https:\/\/gambling6.com\/sl\/loterija\/kako-lahko-kupim-spletne-vstopnice-za-loterijo-euromillions-izven-evrope\/#breadcrumb"},"inLanguage":"sl-SI","potentialAction":[{"@type":"ReadAction","target":["https:\/\/gambling6.com\/sl\/loterija\/kako-lahko-kupim-spletne-vstopnice-za-loterijo-euromillions-izven-evrope\/"]}]},{"@type":"ImageObject","inLanguage":"sl-SI","@id":"https:\/\/gambling6.com\/sl\/loterija\/kako-lahko-kupim-spletne-vstopnice-za-loterijo-euromillions-izven-evrope\/#primaryimage","url":"https:\/\/gambling6.com\/wp-content\/uploads\/2022\/04\/2_ticket_euromillions-112x300.jpg","contentUrl":"https:\/\/gambling6.com\/wp-content\/uploads\/2022\/04\/2_ticket_euromillions-112x300.jpg"},{"@type":"BreadcrumbList","@id":"https:\/\/gambling6.com\/sl\/loterija\/kako-lahko-kupim-spletne-vstopnice-za-loterijo-euromillions-izven-evrope\/#breadcrumb","itemListElement":[{"@type":"ListItem","position":1,"name":"Home","item":"https:\/\/gambling6.com\/sl\/home\/"},{"@type":"ListItem","position":2,"name":"Loterija","item":"https:\/\/gambling6.com\/sl\/loterija\/"},{"@type":"ListItem","position":3,"name":"Kako lahko kupim spletne vstopnice za loterijo Euromillions izven Evrope?"}]},{"@type":"WebSite","@id":"https:\/\/gambling6.com\/sl\/#website","url":"https:\/\/gambling6.com\/sl\/","name":"Gambling6","description":"","potentialAction":[{"@type":"SearchAction","target":{"@type":"EntryPoint","urlTemplate":"https:\/\/gambling6.com\/sl\/?s={search_term_string}"},"query-input":{"@type":"PropertyValueSpecification","valueRequired":true,"valueName":"search_term_string"}}],"inLanguage":"sl-SI"}]}},"_links":{"self":[{"href":"https:\/\/gambling6.com\/sl\/wp-json\/wp\/v2\/pages\/9412","targetHints":{"allow":["GET"]}}],"collection":[{"href":"https:\/\/gambling6.com\/sl\/wp-json\/wp\/v2\/pages"}],"about":[{"href":"https:\/\/gambling6.com\/sl\/wp-json\/wp\/v2\/types\/page"}],"author":[{"embeddable":true,"href":"https:\/\/gambling6.com\/sl\/wp-json\/wp\/v2\/users\/1"}],"replies":[{"embeddable":true,"href":"https:\/\/gambling6.com\/sl\/wp-json\/wp\/v2\/comments?post=9412"}],"version-history":[{"count":1,"href":"https:\/\/gambling6.com\/sl\/wp-json\/wp\/v2\/pages\/9412\/revisions"}],"predecessor-version":[{"id":10777,"href":"https:\/\/gambling6.com\/sl\/wp-json\/wp\/v2\/pages\/9412\/revisions\/10777"}],"up":[{"embeddable":true,"href":"https:\/\/gambling6.com\/sl\/wp-json\/wp\/v2\/pages\/9322"}],"wp:attachment":[{"href":"https:\/\/gambling6.com\/sl\/wp-json\/wp\/v2\/media?parent=9412"}],"curies":[{"name":"wp","href":"https:\/\/api.w.org\/{rel}","templated":true}]}}