{"id":9436,"date":"2025-11-11T02:44:38","date_gmt":"2025-11-11T02:44:38","guid":{"rendered":"https:\/\/gambling6.com\/loterija\/pridobite-spletne-vstopnice-za-loterijo-new-yorka\/"},"modified":"2025-11-11T02:44:38","modified_gmt":"2025-11-11T02:44:38","slug":"pridobite-spletne-vstopnice-za-loterijo-new-yorka","status":"publish","type":"page","link":"https:\/\/gambling6.com\/sl\/loterija\/pridobite-spletne-vstopnice-za-loterijo-new-yorka\/","title":{"rendered":"Pridobite spletne vstopnice za loterijo New Yorka"},"content":{"rendered":"<h2>Newyor\u0161ka loterija na spletu<\/h2>\n<p>Z jackpoti, ki se za\u010dnejo pri 3 milijonih dolarjev, postane newyor\u0161ka loterija na dan \u017erebanja tako velika kot mesto samo. Za va\u0161o informacijo, minimalni jackpot je veliko vi\u0161ji kot pri ve\u010dini, <strong>zato pri odlo\u010danju razmislite o nakupu spletnih sre\u010dk za newyor\u0161ko loterijo<\/strong>.<\/p>\n<p>\u010ce jackpota ne osvojite, lahko pri\u010dakujete jackpote s prenosom, ki se pogosto pove\u010dajo na 10 mest. Pravzaprav je rekordni jackpot za newyor\u0161ko loterijo 58 milijonov dolarjev. <strong>Z mo\u017enostjo pridobitve sre\u010dk na spletu bi lahko sodelovali v naslednjem rekordnem jackpotu.<\/strong><\/p>\n<h2>Newyor\u0161ka loterija se \u017ereba dvakrat na teden.<\/h2>\n<p>Jackpot je vedno milijone dolarjev v \u017erebanju, ki poteka dvakrat na teden v New Yorku. Povsem smiselno je, da ima eno najve\u010djih mest na svetu loterijo z jackpoti, ki se za\u010dne kot ena najve\u010djih na svetu. Vsak teden se milijoni prebivalcev New Yorka postavijo v vrsto, da bi kupili sre\u010dke za to loterijo, ki spreminja \u017eivljenja. <b>Ni vam treba stati v vrsti, \u010de lahko kupite sre\u010dke prek spleta.<\/b><\/p>\n<p>Newyor\u0161ka loterija, ena najstarej\u0161ih loterij v ZDA, ustanovljena leta 1967, je po vsem svetu zbrala skoraj 40 milijard dolarjev za dobrodelne namene. Leta 2004 je en sam imetnik sre\u010dke zaslu\u017eil kar 58 milijonov dolarjev, kar je bil takrat eden najve\u010djih dobitkov na loteriji v zgodovini ZDA.<\/p>\n<p>Newyor\u0161ka loterija je enostavna za igranje. Ta loto v slogu 6\/59 zahteva, da izberete \u0161est \u0161tevilk od 1 do 59 skupaj z bonus \u0161tevilko.<strong> \u010ce \u017eelite osvojiti glavni dobitek, morate uganiti \u0161est primarnih \u0161tevilk, va\u0161e mo\u017enosti pa so pribli\u017eno 1 proti 45 milijonom.<\/strong>\u00a0Z ugajanjem petih, \u0161tirih ali treh \u0161tevilk lahko sodelujete v eni od petih sekundarnih nagrad, ki so na voljo za vsako \u017erebanje ob sredah in sobotah vsakega tedna.<\/p>\n<p>Newyor\u0161ka loterija je igra, ki jo \u017eeli igrati vsak, in zdaj lahko svoje sre\u010dke dobite na spletu prek na\u0161ega partnerja RedFoxLotto z uporabo te povezave. border=&#8221;1&#8243; cellspacing=&#8221;5&#8243; cellpadding=&#8221;5&#8243; align=&#8221;center&#8221;><\/p>\n<tbody>\n<tr>\n<td colspan=\"3\" align=\"center\">Pet najve\u010djih jackpotov za leto 2013<\/td>\n<\/tr>\n<tr>\n<td>\u017drebanje<\/td>\n<td align=\"center\">Datum<\/td>\n<td align=\"center\">Jackpot (USD)<\/td>\n<\/tr>\n<tr>\n<td>New York Lotto &#8211; ZDA<\/td>\n<td align=\"center\">10. april 2013<\/td>\n<td align=\"right\">26.500.000 $<\/td>\n<\/tr>\n<tr>\n<td>New York Lotto &#8211; ZDA<\/td>\n<td align=\"center\">29. junij 2013<\/td>\n<td align=\"right\">10.700.000 $<\/td>\n<\/tr>\n<tr>\n<td>New York Lotto &#8211; ZDA<\/td>\n<td align=\"center\">4. september 2013<\/td>\n<td align=\"right\">7.100.000 $<\/td>\n<\/tr>\n<tr>\n<td>New York Lotto &#8211; ZDA<\/td>\n<td align=\"center\">6. november 2013<\/td>\n<td align=\"right\">6.200.000 $<\/td>\n<\/tr>\n<tr>\n<td>New York Lotto &#8211; ZDA<\/td>\n<td align=\"center\">23. november 2013<\/td>\n<td align=\"right\">3.200.000 $<\/td>\n<\/tr>\n<\/tbody>\n<\/table>\n<p>&nbsp;<\/p>\n<table style=\"width: 500px;\" border=\"1\" cellspacing=\"5\" cellpadding=\"5\" align=\"center\">\n<tbody>\n<tr>\n<td colspan=\"3\" align=\"center\">New York Lotto &#8211; Nagradne stopnje ZDA<\/td>\n<\/tr>\n<tr>\n<td>Nagrada<\/td>\n<td align=\"center\">Tekme<\/td>\n<td align=\"center\">Kvote<\/td>\n<\/tr>\n<tr>\n<td>1. (Jackpot)<\/td>\n<td align=\"center\">6<\/td>\n<td align=\"right\">45.057.474 : 1<\/td>\n<\/tr>\n<tr>\n<td>2.<\/td>\n<td align=\"center\">5 + 1<\/td>\n<td align=\"right\">7.509.579 : 1<\/td>\n<\/tr>\n<tr>\n<td>3.<\/td>\n<td align=\"center\">5<\/td>\n<td align=\"right\">141.690 : 1<\/td>\n<\/tr>\n<tr>\n<td>4.<\/td>\n<td align=\"center\">4<\/td>\n<td align=\"right\">2.180 : 1<\/td>\n<\/tr>\n<tr>\n<td>5.<\/td>\n<td align=\"center\">3<\/td>\n<td align=\"right\">96 : 1<\/td>\n<\/tr>\n<\/tbody>\n<\/table>\n","protected":false},"excerpt":{"rendered":"<p>Newyor\u0161ka loterija na spletu Z jackpoti, ki se za\u010dnejo pri 3 milijonih dolarjev, postane newyor\u0161ka loterija na dan \u017erebanja tako velika kot mesto samo. Za va\u0161o informacijo, minimalni jackpot je veliko vi\u0161ji kot pri ve\u010dini, zato pri odlo\u010danju razmislite o nakupu spletnih sre\u010dk za newyor\u0161ko loterijo. \u010ce jackpota ne osvojite, lahko pri\u010dakujete jackpote s prenosom, [&hellip;]<\/p>\n","protected":false},"author":1,"featured_media":0,"parent":9322,"menu_order":12,"comment_status":"closed","ping_status":"closed","template":"","meta":{"footnotes":""},"class_list":["post-9436","page","type-page","status-publish","hentry"],"yoast_head":"<!-- This site is optimized with the Yoast SEO plugin v27.3 - https:\/\/yoast.com\/product\/yoast-seo-wordpress\/ -->\n<title>Kupite vstopnice za newyor\u0161ko loterijo na spletu<\/title>\n<meta name=\"description\" content=\"Postanite takoj\u0161nji milijonar tako, da dobite svoje sre\u010dke za New York Lotto na spletu.\" \/>\n<meta name=\"robots\" content=\"index, follow, max-snippet:-1, max-image-preview:large, max-video-preview:-1\" \/>\n<link rel=\"canonical\" href=\"https:\/\/gambling6.com\/sl\/loterija\/pridobite-spletne-vstopnice-za-loterijo-new-yorka\/\" \/>\n<meta property=\"og:locale\" content=\"sl_SI\" \/>\n<meta property=\"og:type\" content=\"article\" \/>\n<meta property=\"og:title\" content=\"Kupite vstopnice za newyor\u0161ko loterijo na spletu\" \/>\n<meta property=\"og:description\" content=\"Postanite takoj\u0161nji milijonar tako, da dobite svoje sre\u010dke za New York Lotto na spletu.\" \/>\n<meta property=\"og:url\" content=\"https:\/\/gambling6.com\/sl\/loterija\/pridobite-spletne-vstopnice-za-loterijo-new-yorka\/\" \/>\n<meta property=\"og:site_name\" content=\"Gambling6\" \/>\n<meta name=\"twitter:card\" content=\"summary_large_image\" \/>\n<meta name=\"twitter:label1\" content=\"Est. reading time\" \/>\n\t<meta name=\"twitter:data1\" content=\"2 minuti\" \/>\n<script type=\"application\/ld+json\" class=\"yoast-schema-graph\">{\"@context\":\"https:\\\/\\\/schema.org\",\"@graph\":[{\"@type\":\"WebPage\",\"@id\":\"https:\\\/\\\/gambling6.com\\\/sl\\\/loterija\\\/pridobite-spletne-vstopnice-za-loterijo-new-yorka\\\/\",\"url\":\"https:\\\/\\\/gambling6.com\\\/sl\\\/loterija\\\/pridobite-spletne-vstopnice-za-loterijo-new-yorka\\\/\",\"name\":\"Kupite vstopnice za newyor\u0161ko loterijo na spletu\",\"isPartOf\":{\"@id\":\"https:\\\/\\\/gambling6.com\\\/sl\\\/#website\"},\"datePublished\":\"2025-11-11T02:44:38+00:00\",\"description\":\"Postanite takoj\u0161nji milijonar tako, da dobite svoje sre\u010dke za New York Lotto na spletu.\",\"breadcrumb\":{\"@id\":\"https:\\\/\\\/gambling6.com\\\/sl\\\/loterija\\\/pridobite-spletne-vstopnice-za-loterijo-new-yorka\\\/#breadcrumb\"},\"inLanguage\":\"sl-SI\",\"potentialAction\":[{\"@type\":\"ReadAction\",\"target\":[\"https:\\\/\\\/gambling6.com\\\/sl\\\/loterija\\\/pridobite-spletne-vstopnice-za-loterijo-new-yorka\\\/\"]}]},{\"@type\":\"BreadcrumbList\",\"@id\":\"https:\\\/\\\/gambling6.com\\\/sl\\\/loterija\\\/pridobite-spletne-vstopnice-za-loterijo-new-yorka\\\/#breadcrumb\",\"itemListElement\":[{\"@type\":\"ListItem\",\"position\":1,\"name\":\"Home\",\"item\":\"https:\\\/\\\/gambling6.com\\\/sl\\\/home\\\/\"},{\"@type\":\"ListItem\",\"position\":2,\"name\":\"Loterija\",\"item\":\"https:\\\/\\\/gambling6.com\\\/sl\\\/loterija\\\/\"},{\"@type\":\"ListItem\",\"position\":3,\"name\":\"Pridobite spletne vstopnice za loterijo New Yorka\"}]},{\"@type\":\"WebSite\",\"@id\":\"https:\\\/\\\/gambling6.com\\\/sl\\\/#website\",\"url\":\"https:\\\/\\\/gambling6.com\\\/sl\\\/\",\"name\":\"Gambling6\",\"description\":\"\",\"potentialAction\":[{\"@type\":\"SearchAction\",\"target\":{\"@type\":\"EntryPoint\",\"urlTemplate\":\"https:\\\/\\\/gambling6.com\\\/sl\\\/?s={search_term_string}\"},\"query-input\":{\"@type\":\"PropertyValueSpecification\",\"valueRequired\":true,\"valueName\":\"search_term_string\"}}],\"inLanguage\":\"sl-SI\"}]}<\/script>\n<!-- \/ Yoast SEO plugin. -->","yoast_head_json":{"title":"Kupite vstopnice za newyor\u0161ko loterijo na spletu","description":"Postanite takoj\u0161nji milijonar tako, da dobite svoje sre\u010dke za New York Lotto na spletu.","robots":{"index":"index","follow":"follow","max-snippet":"max-snippet:-1","max-image-preview":"max-image-preview:large","max-video-preview":"max-video-preview:-1"},"canonical":"https:\/\/gambling6.com\/sl\/loterija\/pridobite-spletne-vstopnice-za-loterijo-new-yorka\/","og_locale":"sl_SI","og_type":"article","og_title":"Kupite vstopnice za newyor\u0161ko loterijo na spletu","og_description":"Postanite takoj\u0161nji milijonar tako, da dobite svoje sre\u010dke za New York Lotto na spletu.","og_url":"https:\/\/gambling6.com\/sl\/loterija\/pridobite-spletne-vstopnice-za-loterijo-new-yorka\/","og_site_name":"Gambling6","twitter_card":"summary_large_image","twitter_misc":{"Est. reading time":"2 minuti"},"schema":{"@context":"https:\/\/schema.org","@graph":[{"@type":"WebPage","@id":"https:\/\/gambling6.com\/sl\/loterija\/pridobite-spletne-vstopnice-za-loterijo-new-yorka\/","url":"https:\/\/gambling6.com\/sl\/loterija\/pridobite-spletne-vstopnice-za-loterijo-new-yorka\/","name":"Kupite vstopnice za newyor\u0161ko loterijo na spletu","isPartOf":{"@id":"https:\/\/gambling6.com\/sl\/#website"},"datePublished":"2025-11-11T02:44:38+00:00","description":"Postanite takoj\u0161nji milijonar tako, da dobite svoje sre\u010dke za New York Lotto na spletu.","breadcrumb":{"@id":"https:\/\/gambling6.com\/sl\/loterija\/pridobite-spletne-vstopnice-za-loterijo-new-yorka\/#breadcrumb"},"inLanguage":"sl-SI","potentialAction":[{"@type":"ReadAction","target":["https:\/\/gambling6.com\/sl\/loterija\/pridobite-spletne-vstopnice-za-loterijo-new-yorka\/"]}]},{"@type":"BreadcrumbList","@id":"https:\/\/gambling6.com\/sl\/loterija\/pridobite-spletne-vstopnice-za-loterijo-new-yorka\/#breadcrumb","itemListElement":[{"@type":"ListItem","position":1,"name":"Home","item":"https:\/\/gambling6.com\/sl\/home\/"},{"@type":"ListItem","position":2,"name":"Loterija","item":"https:\/\/gambling6.com\/sl\/loterija\/"},{"@type":"ListItem","position":3,"name":"Pridobite spletne vstopnice za loterijo New Yorka"}]},{"@type":"WebSite","@id":"https:\/\/gambling6.com\/sl\/#website","url":"https:\/\/gambling6.com\/sl\/","name":"Gambling6","description":"","potentialAction":[{"@type":"SearchAction","target":{"@type":"EntryPoint","urlTemplate":"https:\/\/gambling6.com\/sl\/?s={search_term_string}"},"query-input":{"@type":"PropertyValueSpecification","valueRequired":true,"valueName":"search_term_string"}}],"inLanguage":"sl-SI"}]}},"_links":{"self":[{"href":"https:\/\/gambling6.com\/sl\/wp-json\/wp\/v2\/pages\/9436","targetHints":{"allow":["GET"]}}],"collection":[{"href":"https:\/\/gambling6.com\/sl\/wp-json\/wp\/v2\/pages"}],"about":[{"href":"https:\/\/gambling6.com\/sl\/wp-json\/wp\/v2\/types\/page"}],"author":[{"embeddable":true,"href":"https:\/\/gambling6.com\/sl\/wp-json\/wp\/v2\/users\/1"}],"replies":[{"embeddable":true,"href":"https:\/\/gambling6.com\/sl\/wp-json\/wp\/v2\/comments?post=9436"}],"version-history":[{"count":0,"href":"https:\/\/gambling6.com\/sl\/wp-json\/wp\/v2\/pages\/9436\/revisions"}],"up":[{"embeddable":true,"href":"https:\/\/gambling6.com\/sl\/wp-json\/wp\/v2\/pages\/9322"}],"wp:attachment":[{"href":"https:\/\/gambling6.com\/sl\/wp-json\/wp\/v2\/media?parent=9436"}],"curies":[{"name":"wp","href":"https:\/\/api.w.org\/{rel}","templated":true}]}}