{"id":9502,"date":"2025-11-11T03:56:15","date_gmt":"2025-11-11T03:56:15","guid":{"rendered":"https:\/\/gambling6.com\/loterija\/sodelujte-v-kanadskem-loteriji-6-49\/"},"modified":"2025-11-11T03:56:15","modified_gmt":"2025-11-11T03:56:15","slug":"sodelujte-v-kanadskem-loteriji-6-49","status":"publish","type":"page","link":"https:\/\/gambling6.com\/sl\/loterija\/sodelujte-v-kanadskem-loteriji-6-49\/","title":{"rendered":"Sodelujte v kanadskem loteriji 6\/49"},"content":{"rendered":"<h2>Kanadski loto 6\/49<\/h2>\n<p>Od leta 1982 sta bili v Kanadi pozimi zagotovljeni dve stvari. Prva stvar, na katero ste se lahko zanesli, je bila dejstvo, da ste si lahko ogledali Hokejski ve\u010der v Kanadi na CBC. Druga stvar, na katero ste lahko napovedali, je bila, da bo nekdo postal milijonar z igranjem Lota 6\/49. Danes se \u0161e vedno lahko zanesete na \u017erebanje v soboto zve\u010der. <strong>Velika razlika danes je, da lahko kupite sre\u010dk za \u017erebanje kanadskega lota 6\/49 prek spleta.<\/strong> Vzemite si \u010das in <a class=\"thirstylink\" title=\"Redfoxlotto\" href=\"https:\/\/gambling6.com\/go\/redfoxlotto\/\" target=\"_blank\" rel=\"nofollow noopener\">kupite svoje sre\u010dk prek spleta \u0161e danes pri na\u0161em partnerju RedFoxLotto.com.<\/a><img loading=\"lazy\" decoding=\"async\" class=\" alignright size-full wp-image-562\" style=\"margin: 10px; border: 5px solid #ffffff; float: right;\" src=\"http:\/\/gambling6.com\/wp-content\/uploads\/2013\/12\/get-online-649-lotto-tickets.png\" alt=\"Lotto 6\/49 Kanada\" width=\"300\" height=\"190\" \/><\/p>\n<p>Verjetnost, da si zagotovite glavno nagrado v kanadski loteriji Lotto 6\/49, je 13.983.816:1. Skupna verjetnost za osvojitev nagrade je pribli\u017eno ena proti 32. \u010ce \u017eelite dobiti spletne sre\u010dke, najprej izberite \u0161est glavnih kroglic od 1 do 49. <strong>\u010ce \u017eelite osvojiti dele\u017e glavnega dobitka, morate uganiti vseh \u0161est iz\u017erebanih \u0161tevilk<\/strong>. \u010ce \u017eelite osvojiti drugo nagrado, pravilno izberite pet glavnih \u0161tevilk in bonus \u0161tevilko. \u017drebanja potekajo v soboto in sredo zve\u010der pribli\u017eno ob 19.10 EST v Kanadi. Obstaja \u0161est nagradnih stopenj in \u010de nih\u010de ne prevzame glavnega dobitka, se ta prenese v naslednjo igro, dokler nekdo na koncu ne zmaga.<\/p>\n<h2>Igrajte za ogromne jackpote s spletnimi sre\u010dkami za Lotto 6\/49<\/h2>\n<table style=\"width: 500px;\" border=\"1\" cellspacing=\"5\" cellpadding=\"5\" align=\"center\">\n<tbody>\n<tr>\n<td colspan=\"3\" align=\"center\">Pet najve\u010djih jackpotov za leto 2013<\/td>\n<\/tr>\n<tr>\n<td>\u017drebanje<\/td>\n<td align=\"center\">Datum<\/td>\n<td align=\"center\">Jackpot (USD)<\/td>\n<\/tr>\n<tr>\n<td>Loto 6\/49 &#8211; Kanada<\/td>\n<td align=\"center\">13. april 2013<\/td>\n<td align=\"right\">58.974.913 $<\/td>\n<\/tr>\n<tr>\n<td>Loto 6\/49 &#8211; Kanada<\/td>\n<td align=\"center\">12. oktober 2013<\/td>\n<td align=\"right\">37.200.000 $<\/td>\n<\/tr>\n<tr>\n<td>Loto 6\/49 &#8211; Kanada<\/td>\n<td align=\"center\">30. oktober 2013<\/td>\n<td align=\"right\">18.807.390 $<\/td>\n<\/tr>\n<tr>\n<td>Loto 6\/49 &#8211; Kanada<\/td>\n<td align=\"center\">6. julij 2013<\/td>\n<td align=\"right\">18.351.756 $<\/td>\n<\/tr>\n<tr>\n<td>Loto 6\/49 &#8211; Kanada<\/td>\n<td align=\"center\">4. december 2013<\/td>\n<td align=\"right\">17.670.000 $<\/td>\n<\/tr>\n<\/tbody>\n<\/table>\n<h2>\u0160tevilne ravni nagrad zmagati s spletnimi loto sre\u010dkami<\/h2>\n<p>Mo\u017enost zmage s sedmimi razli\u010dnimi nagradnimi stopnjami odpira svet mo\u017enosti za zaslu\u017eek, ko kupite spletne sre\u010dke za Lotto 6\/49. Mnogi ljudje pravzaprav pozabijo na vse dodatne stopnje, na katerih lahko osvojite nagrado. Pomembno je, da po nakupu sre\u010dk preverite, ali ste kaj zadeli.<\/p>\n<p>Dejstvo je, da mnogi ljudje vsak teden kupijo sre\u010dke in ne preverijo, ali so kaj zadeli, potem ko sli\u0161ijo, da je nekdo drug kupil sre\u010dko na drugi lokaciji in zadel glavni dobitek. <b>Tako enostavno je kupiti sre\u010dke za Lotto 6\/49 na spletu, kot jih je prav tako enostavno preveriti na spletu.<\/b> Obstaja veliko orodij, ki vam pomagajo iskati po \u0161tevilnih bazah podatkov za ve\u010dje loterije po vsem svetu.<\/p>\n<table style=\"width: 500px;\" border=\"1\" cellspacing=\"5\" cellpadding=\"5\" align=\"center\">\n<tbody>\n<tr>\n<td colspan=\"3\" align=\"center\">Loto 6\/49 &#8211; Nagradne stopnje Kanade<\/td>\n<\/tr>\n<tr>\n<td>Nagrada<\/td>\n<td align=\"center\">Tekme<\/td>\n<td align=\"center\">Kvote<\/td>\n<\/tr>\n<tr>\n<td>1. (Jackpot)<\/td>\n<td align=\"center\">6<\/td>\n<td align=\"right\">13.983.816 : 1<\/td>\n<\/tr>\n<tr>\n<td>2.<\/td>\n<td align=\"center\">5 + 1<\/td>\n<td align=\"right\">2.330.636 : 1<\/td>\n<\/tr>\n<tr>\n<td>3.<\/td>\n<td align=\"center\">5<\/td>\n<td align=\"right\">55.492 : 1<\/td>\n<\/tr>\n<tr>\n<td>4.<\/td>\n<td align=\"center\">4<\/td>\n<td align=\"right\">1.033 : 1<\/td>\n<\/tr>\n<tr>\n<td>5.<\/td>\n<td align=\"center\">3<\/td>\n<td align=\"right\">57 : 1<\/td>\n<\/tr>\n<tr>\n<td>6.<\/td>\n<td align=\"center\">2 + 1<\/td>\n<td align=\"right\">81 : 1<\/td>\n<\/tr>\n<tr>\n<td>7.<\/td>\n<td align=\"center\">2<\/td>\n<td align=\"right\">8 : 1<\/td>\n<\/tr>\n<\/tbody>\n<\/table>\n<p style=\"text-align: center;\"><strong>Igrajte kanadsko loto 6\/49 na spletu in u\u017eivajte v svobodi, ki jo ponuja milijonar!<\/strong><\/p>\n","protected":false},"excerpt":{"rendered":"<p>Kanadski loto 6\/49 Od leta 1982 sta bili v Kanadi pozimi zagotovljeni dve stvari. Prva stvar, na katero ste se lahko zanesli, je bila dejstvo, da ste si lahko ogledali Hokejski ve\u010der v Kanadi na CBC. Druga stvar, na katero ste lahko napovedali, je bila, da bo nekdo postal milijonar z igranjem Lota 6\/49. Danes [&hellip;]<\/p>\n","protected":false},"author":1,"featured_media":9486,"parent":9322,"menu_order":5,"comment_status":"closed","ping_status":"closed","template":"","meta":{"footnotes":""},"class_list":["post-9502","page","type-page","status-publish","has-post-thumbnail","hentry"],"yoast_head":"<!-- This site is optimized with the Yoast SEO plugin v27.3 - https:\/\/yoast.com\/product\/yoast-seo-wordpress\/ -->\n<title>Pridobite spletne vstopnice za kanadsko loterijo 6\/49<\/title>\n<meta name=\"description\" content=\"Zdaj je enostavno dobiti sre\u010dke za Lotto 6\/49 na spletu v Kanadi.\" \/>\n<meta name=\"robots\" content=\"index, follow, max-snippet:-1, max-image-preview:large, max-video-preview:-1\" \/>\n<link rel=\"canonical\" href=\"https:\/\/gambling6.com\/sl\/loterija\/sodelujte-v-kanadskem-loteriji-6-49\/\" \/>\n<meta property=\"og:locale\" content=\"sl_SI\" \/>\n<meta property=\"og:type\" content=\"article\" \/>\n<meta property=\"og:title\" content=\"Pridobite spletne vstopnice za kanadsko loterijo 6\/49\" \/>\n<meta property=\"og:description\" content=\"Zdaj je enostavno dobiti sre\u010dke za Lotto 6\/49 na spletu v Kanadi.\" \/>\n<meta property=\"og:url\" content=\"https:\/\/gambling6.com\/sl\/loterija\/sodelujte-v-kanadskem-loteriji-6-49\/\" \/>\n<meta property=\"og:site_name\" content=\"Gambling6\" \/>\n<meta property=\"og:image\" content=\"https:\/\/gambling6.com\/wp-content\/uploads\/2013\/12\/get-online-649-lotto-tickets.png\" \/>\n\t<meta property=\"og:image:width\" content=\"300\" \/>\n\t<meta property=\"og:image:height\" content=\"190\" \/>\n\t<meta property=\"og:image:type\" content=\"image\/png\" \/>\n<meta name=\"twitter:card\" content=\"summary_large_image\" \/>\n<meta name=\"twitter:label1\" content=\"Est. reading time\" \/>\n\t<meta name=\"twitter:data1\" content=\"2 minuti\" \/>\n<script type=\"application\/ld+json\" class=\"yoast-schema-graph\">{\"@context\":\"https:\\\/\\\/schema.org\",\"@graph\":[{\"@type\":\"WebPage\",\"@id\":\"https:\\\/\\\/gambling6.com\\\/sl\\\/loterija\\\/sodelujte-v-kanadskem-loteriji-6-49\\\/\",\"url\":\"https:\\\/\\\/gambling6.com\\\/sl\\\/loterija\\\/sodelujte-v-kanadskem-loteriji-6-49\\\/\",\"name\":\"Pridobite spletne vstopnice za kanadsko loterijo 6\\\/49\",\"isPartOf\":{\"@id\":\"https:\\\/\\\/gambling6.com\\\/sl\\\/#website\"},\"primaryImageOfPage\":{\"@id\":\"https:\\\/\\\/gambling6.com\\\/sl\\\/loterija\\\/sodelujte-v-kanadskem-loteriji-6-49\\\/#primaryimage\"},\"image\":{\"@id\":\"https:\\\/\\\/gambling6.com\\\/sl\\\/loterija\\\/sodelujte-v-kanadskem-loteriji-6-49\\\/#primaryimage\"},\"thumbnailUrl\":\"https:\\\/\\\/gambling6.com\\\/wp-content\\\/uploads\\\/2013\\\/12\\\/get-online-649-lotto-tickets.png\",\"datePublished\":\"2025-11-11T03:56:15+00:00\",\"description\":\"Zdaj je enostavno dobiti sre\u010dke za Lotto 6\\\/49 na spletu v Kanadi.\",\"breadcrumb\":{\"@id\":\"https:\\\/\\\/gambling6.com\\\/sl\\\/loterija\\\/sodelujte-v-kanadskem-loteriji-6-49\\\/#breadcrumb\"},\"inLanguage\":\"sl-SI\",\"potentialAction\":[{\"@type\":\"ReadAction\",\"target\":[\"https:\\\/\\\/gambling6.com\\\/sl\\\/loterija\\\/sodelujte-v-kanadskem-loteriji-6-49\\\/\"]}]},{\"@type\":\"ImageObject\",\"inLanguage\":\"sl-SI\",\"@id\":\"https:\\\/\\\/gambling6.com\\\/sl\\\/loterija\\\/sodelujte-v-kanadskem-loteriji-6-49\\\/#primaryimage\",\"url\":\"https:\\\/\\\/gambling6.com\\\/wp-content\\\/uploads\\\/2013\\\/12\\\/get-online-649-lotto-tickets.png\",\"contentUrl\":\"https:\\\/\\\/gambling6.com\\\/wp-content\\\/uploads\\\/2013\\\/12\\\/get-online-649-lotto-tickets.png\",\"width\":300,\"height\":190},{\"@type\":\"BreadcrumbList\",\"@id\":\"https:\\\/\\\/gambling6.com\\\/sl\\\/loterija\\\/sodelujte-v-kanadskem-loteriji-6-49\\\/#breadcrumb\",\"itemListElement\":[{\"@type\":\"ListItem\",\"position\":1,\"name\":\"Home\",\"item\":\"https:\\\/\\\/gambling6.com\\\/sl\\\/home\\\/\"},{\"@type\":\"ListItem\",\"position\":2,\"name\":\"Loterija\",\"item\":\"https:\\\/\\\/gambling6.com\\\/sl\\\/loterija\\\/\"},{\"@type\":\"ListItem\",\"position\":3,\"name\":\"Sodelujte v kanadskem loteriji 6\\\/49\"}]},{\"@type\":\"WebSite\",\"@id\":\"https:\\\/\\\/gambling6.com\\\/sl\\\/#website\",\"url\":\"https:\\\/\\\/gambling6.com\\\/sl\\\/\",\"name\":\"Gambling6\",\"description\":\"\",\"potentialAction\":[{\"@type\":\"SearchAction\",\"target\":{\"@type\":\"EntryPoint\",\"urlTemplate\":\"https:\\\/\\\/gambling6.com\\\/sl\\\/?s={search_term_string}\"},\"query-input\":{\"@type\":\"PropertyValueSpecification\",\"valueRequired\":true,\"valueName\":\"search_term_string\"}}],\"inLanguage\":\"sl-SI\"}]}<\/script>\n<!-- \/ Yoast SEO plugin. -->","yoast_head_json":{"title":"Pridobite spletne vstopnice za kanadsko loterijo 6\/49","description":"Zdaj je enostavno dobiti sre\u010dke za Lotto 6\/49 na spletu v Kanadi.","robots":{"index":"index","follow":"follow","max-snippet":"max-snippet:-1","max-image-preview":"max-image-preview:large","max-video-preview":"max-video-preview:-1"},"canonical":"https:\/\/gambling6.com\/sl\/loterija\/sodelujte-v-kanadskem-loteriji-6-49\/","og_locale":"sl_SI","og_type":"article","og_title":"Pridobite spletne vstopnice za kanadsko loterijo 6\/49","og_description":"Zdaj je enostavno dobiti sre\u010dke za Lotto 6\/49 na spletu v Kanadi.","og_url":"https:\/\/gambling6.com\/sl\/loterija\/sodelujte-v-kanadskem-loteriji-6-49\/","og_site_name":"Gambling6","og_image":[{"width":300,"height":190,"url":"https:\/\/gambling6.com\/wp-content\/uploads\/2013\/12\/get-online-649-lotto-tickets.png","type":"image\/png"}],"twitter_card":"summary_large_image","twitter_misc":{"Est. reading time":"2 minuti"},"schema":{"@context":"https:\/\/schema.org","@graph":[{"@type":"WebPage","@id":"https:\/\/gambling6.com\/sl\/loterija\/sodelujte-v-kanadskem-loteriji-6-49\/","url":"https:\/\/gambling6.com\/sl\/loterija\/sodelujte-v-kanadskem-loteriji-6-49\/","name":"Pridobite spletne vstopnice za kanadsko loterijo 6\/49","isPartOf":{"@id":"https:\/\/gambling6.com\/sl\/#website"},"primaryImageOfPage":{"@id":"https:\/\/gambling6.com\/sl\/loterija\/sodelujte-v-kanadskem-loteriji-6-49\/#primaryimage"},"image":{"@id":"https:\/\/gambling6.com\/sl\/loterija\/sodelujte-v-kanadskem-loteriji-6-49\/#primaryimage"},"thumbnailUrl":"https:\/\/gambling6.com\/wp-content\/uploads\/2013\/12\/get-online-649-lotto-tickets.png","datePublished":"2025-11-11T03:56:15+00:00","description":"Zdaj je enostavno dobiti sre\u010dke za Lotto 6\/49 na spletu v Kanadi.","breadcrumb":{"@id":"https:\/\/gambling6.com\/sl\/loterija\/sodelujte-v-kanadskem-loteriji-6-49\/#breadcrumb"},"inLanguage":"sl-SI","potentialAction":[{"@type":"ReadAction","target":["https:\/\/gambling6.com\/sl\/loterija\/sodelujte-v-kanadskem-loteriji-6-49\/"]}]},{"@type":"ImageObject","inLanguage":"sl-SI","@id":"https:\/\/gambling6.com\/sl\/loterija\/sodelujte-v-kanadskem-loteriji-6-49\/#primaryimage","url":"https:\/\/gambling6.com\/wp-content\/uploads\/2013\/12\/get-online-649-lotto-tickets.png","contentUrl":"https:\/\/gambling6.com\/wp-content\/uploads\/2013\/12\/get-online-649-lotto-tickets.png","width":300,"height":190},{"@type":"BreadcrumbList","@id":"https:\/\/gambling6.com\/sl\/loterija\/sodelujte-v-kanadskem-loteriji-6-49\/#breadcrumb","itemListElement":[{"@type":"ListItem","position":1,"name":"Home","item":"https:\/\/gambling6.com\/sl\/home\/"},{"@type":"ListItem","position":2,"name":"Loterija","item":"https:\/\/gambling6.com\/sl\/loterija\/"},{"@type":"ListItem","position":3,"name":"Sodelujte v kanadskem loteriji 6\/49"}]},{"@type":"WebSite","@id":"https:\/\/gambling6.com\/sl\/#website","url":"https:\/\/gambling6.com\/sl\/","name":"Gambling6","description":"","potentialAction":[{"@type":"SearchAction","target":{"@type":"EntryPoint","urlTemplate":"https:\/\/gambling6.com\/sl\/?s={search_term_string}"},"query-input":{"@type":"PropertyValueSpecification","valueRequired":true,"valueName":"search_term_string"}}],"inLanguage":"sl-SI"}]}},"_links":{"self":[{"href":"https:\/\/gambling6.com\/sl\/wp-json\/wp\/v2\/pages\/9502","targetHints":{"allow":["GET"]}}],"collection":[{"href":"https:\/\/gambling6.com\/sl\/wp-json\/wp\/v2\/pages"}],"about":[{"href":"https:\/\/gambling6.com\/sl\/wp-json\/wp\/v2\/types\/page"}],"author":[{"embeddable":true,"href":"https:\/\/gambling6.com\/sl\/wp-json\/wp\/v2\/users\/1"}],"replies":[{"embeddable":true,"href":"https:\/\/gambling6.com\/sl\/wp-json\/wp\/v2\/comments?post=9502"}],"version-history":[{"count":0,"href":"https:\/\/gambling6.com\/sl\/wp-json\/wp\/v2\/pages\/9502\/revisions"}],"up":[{"embeddable":true,"href":"https:\/\/gambling6.com\/sl\/wp-json\/wp\/v2\/pages\/9322"}],"wp:featuredmedia":[{"embeddable":true,"href":"https:\/\/gambling6.com\/sl\/wp-json\/wp\/v2\/media\/9486"}],"wp:attachment":[{"href":"https:\/\/gambling6.com\/sl\/wp-json\/wp\/v2\/media?parent=9502"}],"curies":[{"name":"wp","href":"https:\/\/api.w.org\/{rel}","templated":true}]}}