{"id":9618,"date":"2025-11-11T08:04:46","date_gmt":"2025-11-11T08:04:46","guid":{"rendered":"https:\/\/gambling6.com\/loterija\/kupite-vstopnice-za-loterijo-florida-na-spletu\/"},"modified":"2025-11-11T08:04:46","modified_gmt":"2025-11-11T08:04:46","slug":"kupite-vstopnice-za-loterijo-florida-na-spletu","status":"publish","type":"page","link":"https:\/\/gambling6.com\/sl\/loterija\/kupite-vstopnice-za-loterijo-florida-na-spletu\/","title":{"rendered":"Kupite vstopnice za loterijo Florida na spletu"},"content":{"rendered":"<h2>Florida Lotto<\/h2>\n<p>Vro\u010da dr\u017eava, vro\u010da loterija! Prebivalci Floride se bodo zagotovo strinjali, da je njihova loterija obvezna vsako sredo in soboto. Z jackpoti, ki se za\u010dnejo pri 2 milijonih dolarjev in pogosto prese\u017eejo 10 milijonov in ve\u010d, je floridska loterija postala neverjetno priljubljena med ljubitelji spletnih loterij. <strong>Nakup sre\u010dk za floridsko loterijo je la\u017eji kot potovanje na Florido.<\/strong><\/p>\n<p>\u010ceprav je verjetnost za osvojitev jackpota ena proti 22.957.480,<strong>imate ve\u010d kot 1 proti 67 mo\u017enosti, da osvojite eno od nagrad, ki so na voljo v \u0161tirih ravneh<\/strong>. Ker obstajajo le \u0161tiri ravni nagrad, so denarni zneski vi\u0161ji kot v ve\u010dini drugih loterij. Vendar pa osvojitev jackpota ni izklju\u010dena. Rekordni jackpot je zna\u0161al nekaj ve\u010d kot 106 milijonov dolarjev; to je bil eden najve\u010djih jackpotov v ameri\u0161ki zgodovini v \u010dasu, ko je bil osvojen.<\/p>\n<h2>Florida Lotto pomaga izobra\u017eevanju<\/h2>\n<p>Leta 1988 je bil ustanovljen Florida Lotto za pomo\u010d pri financiranju izobra\u017eevanja v zvezni dr\u017eavi Florida. Za ta namen je bilo zbranih veliko denarja, z dodatkom spletne prodaje pa je Florida Lotto do\u017eivel hitro rast jackpotov. To je razvidno iz rekordnega jackpota leta 1990 v vi\u0161ini 106 milijonov dolarjev. <strong>Ta rekordni jackpot je osvojilo \u0161est razli\u010dnih zmagovalcev, vsi pa so imeli \u0161tevilke na svojih sre\u010dkah.<\/strong><\/p>\n<p>\u010ce \u017eelite igrati to loterijo, morate izbrati \u0161est \u0161tevilk med ena in 53. \u010ce \u017eelite osvojiti jackpot, morate preprosto uganiti vseh \u0161est \u0161tevilk. \u010ce jackpota ne osvojite, se prenese na naslednje \u017erebanje. Kot imetnik spletne sre\u010dke imate mo\u017enost unov\u010diti \u0161tiri razli\u010dne ravni nagrad, ki vam lahko prinesejo tudi veliko denarja.<\/p>\n<p>Morda ne prenesete vro\u010dega podnebja, ki ga ponuja Florida. Kljub temu lahko zagotovo <a class=\"thirstylink\" title=\"TheLotter en\" href=\"https:\/\/gambling6.com\/go\/thelotter-en\/\" target=\"_blank\" rel=\"nofollow noopener\"><strong>izkoristite mo\u017enost pridobitve spletnih sre\u010dk za Florida Lotto tako, da obi\u0161\u010dete na\u0161ega partnerja, TheLotter<\/strong>.<\/a><\/p>\n<p>&nbsp;<\/p>\n<table style=\"width: 500px;\" border=\"1\" cellspacing=\"5\" cellpadding=\"5\" align=\"center\">\n<tbody>\n<tr>\n<td colspan=\"3\" align=\"center\">Najbolj\u0161i jackpoti za leto 2013<\/td>\n<\/tr>\n<tr>\n<td>\u017drebanje<\/td>\n<td align=\"center\">Datum<\/td>\n<td align=\"center\">Jackpot (USD)<\/td>\n<\/tr>\n<tr>\n<td>Florida Lotto &#8211; ZDA<\/td>\n<td align=\"center\">24. avg. 2013<\/td>\n<td align=\"right\">58.000.000 $<\/td>\n<\/tr>\n<tr>\n<td>Florida Lotto &#8211; ZDA<\/td>\n<td align=\"center\">18. dec. 2013<\/td>\n<td align=\"right\">46.000.000 $<\/td>\n<\/tr>\n<\/tbody>\n<\/table>\n<p>&nbsp;<\/p>\n<table style=\"width: 500px;\" border=\"1\" cellspacing=\"5\" cellpadding=\"5\" align=\"center\">\n<tbody>\n<tr>\n<td colspan=\"3\" align=\"center\">Nagradne stopnje lota Florida Lotto &#8211; ZDA<\/td>\n<\/tr>\n<tr>\n<td>Nagrada<\/td>\n<td align=\"center\">Tekme<\/td>\n<td align=\"center\">Kvote<\/td>\n<\/tr>\n<tr>\n<td>1. (jackpot)<\/td>\n<td align=\"center\">6<\/td>\n<td align=\"right\">22.957.480 : 1<\/td>\n<\/tr>\n<tr>\n<td>2.<\/td>\n<td align=\"center\">5<\/td>\n<td align=\"right\">81.410 : 1<\/td>\n<\/tr>\n<tr>\n<td>3.<\/td>\n<td poravnaj=\"center\">4<\/td>\n<td poravnaj=\"desno\">1.416 : 1<\/td>\n<\/tr>\n<tr>\n<td>4.<\/td>\n<td poravnaj=\"center\">3<\/td>\n<td poravnaj=\"desno\">71 : 1<\/td>\n<\/tr>\n<\/tbody>\n<\/table>\n","protected":false},"excerpt":{"rendered":"<p>Florida Lotto Vro\u010da dr\u017eava, vro\u010da loterija! Prebivalci Floride se bodo zagotovo strinjali, da je njihova loterija obvezna vsako sredo in soboto. Z jackpoti, ki se za\u010dnejo pri 2 milijonih dolarjev in pogosto prese\u017eejo 10 milijonov in ve\u010d, je floridska loterija postala neverjetno priljubljena med ljubitelji spletnih loterij. Nakup sre\u010dk za floridsko loterijo je la\u017eji kot [&hellip;]<\/p>\n","protected":false},"author":1,"featured_media":0,"parent":9322,"menu_order":11,"comment_status":"closed","ping_status":"closed","template":"","meta":{"footnotes":""},"class_list":["post-9618","page","type-page","status-publish","hentry"],"yoast_head":"<!-- This site is optimized with the Yoast SEO plugin v27.4 - https:\/\/yoast.com\/product\/yoast-seo-wordpress\/ -->\n<title>Pridobite spletne vstopnice za loterijo Florida<\/title>\n<meta name=\"description\" content=\"Sodelujte v loteriji Florida Lotto in se izognite vro\u010dini tako, da si vstopnice priskrbite prek spleta.\" \/>\n<meta name=\"robots\" content=\"index, follow, max-snippet:-1, max-image-preview:large, max-video-preview:-1\" \/>\n<link rel=\"canonical\" href=\"https:\/\/gambling6.com\/sl\/loterija\/kupite-vstopnice-za-loterijo-florida-na-spletu\/\" \/>\n<meta property=\"og:locale\" content=\"sl_SI\" \/>\n<meta property=\"og:type\" content=\"article\" \/>\n<meta property=\"og:title\" content=\"Pridobite spletne vstopnice za loterijo Florida\" \/>\n<meta property=\"og:description\" content=\"Sodelujte v loteriji Florida Lotto in se izognite vro\u010dini tako, da si vstopnice priskrbite prek spleta.\" \/>\n<meta property=\"og:url\" content=\"https:\/\/gambling6.com\/sl\/loterija\/kupite-vstopnice-za-loterijo-florida-na-spletu\/\" \/>\n<meta property=\"og:site_name\" content=\"Gambling6\" \/>\n<meta name=\"twitter:card\" content=\"summary_large_image\" \/>\n<meta name=\"twitter:label1\" content=\"Est. reading time\" \/>\n\t<meta name=\"twitter:data1\" content=\"2 minuti\" \/>\n<script type=\"application\/ld+json\" class=\"yoast-schema-graph\">{\"@context\":\"https:\\\/\\\/schema.org\",\"@graph\":[{\"@type\":\"WebPage\",\"@id\":\"https:\\\/\\\/gambling6.com\\\/sl\\\/loterija\\\/kupite-vstopnice-za-loterijo-florida-na-spletu\\\/\",\"url\":\"https:\\\/\\\/gambling6.com\\\/sl\\\/loterija\\\/kupite-vstopnice-za-loterijo-florida-na-spletu\\\/\",\"name\":\"Pridobite spletne vstopnice za loterijo Florida\",\"isPartOf\":{\"@id\":\"https:\\\/\\\/gambling6.com\\\/sl\\\/#website\"},\"datePublished\":\"2025-11-11T08:04:46+00:00\",\"description\":\"Sodelujte v loteriji Florida Lotto in se izognite vro\u010dini tako, da si vstopnice priskrbite prek spleta.\",\"breadcrumb\":{\"@id\":\"https:\\\/\\\/gambling6.com\\\/sl\\\/loterija\\\/kupite-vstopnice-za-loterijo-florida-na-spletu\\\/#breadcrumb\"},\"inLanguage\":\"sl-SI\",\"potentialAction\":[{\"@type\":\"ReadAction\",\"target\":[\"https:\\\/\\\/gambling6.com\\\/sl\\\/loterija\\\/kupite-vstopnice-za-loterijo-florida-na-spletu\\\/\"]}]},{\"@type\":\"BreadcrumbList\",\"@id\":\"https:\\\/\\\/gambling6.com\\\/sl\\\/loterija\\\/kupite-vstopnice-za-loterijo-florida-na-spletu\\\/#breadcrumb\",\"itemListElement\":[{\"@type\":\"ListItem\",\"position\":1,\"name\":\"Home\",\"item\":\"https:\\\/\\\/gambling6.com\\\/sl\\\/home\\\/\"},{\"@type\":\"ListItem\",\"position\":2,\"name\":\"Loterija\",\"item\":\"https:\\\/\\\/gambling6.com\\\/sl\\\/loterija\\\/\"},{\"@type\":\"ListItem\",\"position\":3,\"name\":\"Kupite vstopnice za loterijo Florida na spletu\"}]},{\"@type\":\"WebSite\",\"@id\":\"https:\\\/\\\/gambling6.com\\\/sl\\\/#website\",\"url\":\"https:\\\/\\\/gambling6.com\\\/sl\\\/\",\"name\":\"Gambling6\",\"description\":\"\",\"potentialAction\":[{\"@type\":\"SearchAction\",\"target\":{\"@type\":\"EntryPoint\",\"urlTemplate\":\"https:\\\/\\\/gambling6.com\\\/sl\\\/?s={search_term_string}\"},\"query-input\":{\"@type\":\"PropertyValueSpecification\",\"valueRequired\":true,\"valueName\":\"search_term_string\"}}],\"inLanguage\":\"sl-SI\"}]}<\/script>\n<!-- \/ Yoast SEO plugin. -->","yoast_head_json":{"title":"Pridobite spletne vstopnice za loterijo Florida","description":"Sodelujte v loteriji Florida Lotto in se izognite vro\u010dini tako, da si vstopnice priskrbite prek spleta.","robots":{"index":"index","follow":"follow","max-snippet":"max-snippet:-1","max-image-preview":"max-image-preview:large","max-video-preview":"max-video-preview:-1"},"canonical":"https:\/\/gambling6.com\/sl\/loterija\/kupite-vstopnice-za-loterijo-florida-na-spletu\/","og_locale":"sl_SI","og_type":"article","og_title":"Pridobite spletne vstopnice za loterijo Florida","og_description":"Sodelujte v loteriji Florida Lotto in se izognite vro\u010dini tako, da si vstopnice priskrbite prek spleta.","og_url":"https:\/\/gambling6.com\/sl\/loterija\/kupite-vstopnice-za-loterijo-florida-na-spletu\/","og_site_name":"Gambling6","twitter_card":"summary_large_image","twitter_misc":{"Est. reading time":"2 minuti"},"schema":{"@context":"https:\/\/schema.org","@graph":[{"@type":"WebPage","@id":"https:\/\/gambling6.com\/sl\/loterija\/kupite-vstopnice-za-loterijo-florida-na-spletu\/","url":"https:\/\/gambling6.com\/sl\/loterija\/kupite-vstopnice-za-loterijo-florida-na-spletu\/","name":"Pridobite spletne vstopnice za loterijo Florida","isPartOf":{"@id":"https:\/\/gambling6.com\/sl\/#website"},"datePublished":"2025-11-11T08:04:46+00:00","description":"Sodelujte v loteriji Florida Lotto in se izognite vro\u010dini tako, da si vstopnice priskrbite prek spleta.","breadcrumb":{"@id":"https:\/\/gambling6.com\/sl\/loterija\/kupite-vstopnice-za-loterijo-florida-na-spletu\/#breadcrumb"},"inLanguage":"sl-SI","potentialAction":[{"@type":"ReadAction","target":["https:\/\/gambling6.com\/sl\/loterija\/kupite-vstopnice-za-loterijo-florida-na-spletu\/"]}]},{"@type":"BreadcrumbList","@id":"https:\/\/gambling6.com\/sl\/loterija\/kupite-vstopnice-za-loterijo-florida-na-spletu\/#breadcrumb","itemListElement":[{"@type":"ListItem","position":1,"name":"Home","item":"https:\/\/gambling6.com\/sl\/home\/"},{"@type":"ListItem","position":2,"name":"Loterija","item":"https:\/\/gambling6.com\/sl\/loterija\/"},{"@type":"ListItem","position":3,"name":"Kupite vstopnice za loterijo Florida na spletu"}]},{"@type":"WebSite","@id":"https:\/\/gambling6.com\/sl\/#website","url":"https:\/\/gambling6.com\/sl\/","name":"Gambling6","description":"","potentialAction":[{"@type":"SearchAction","target":{"@type":"EntryPoint","urlTemplate":"https:\/\/gambling6.com\/sl\/?s={search_term_string}"},"query-input":{"@type":"PropertyValueSpecification","valueRequired":true,"valueName":"search_term_string"}}],"inLanguage":"sl-SI"}]}},"_links":{"self":[{"href":"https:\/\/gambling6.com\/sl\/wp-json\/wp\/v2\/pages\/9618","targetHints":{"allow":["GET"]}}],"collection":[{"href":"https:\/\/gambling6.com\/sl\/wp-json\/wp\/v2\/pages"}],"about":[{"href":"https:\/\/gambling6.com\/sl\/wp-json\/wp\/v2\/types\/page"}],"author":[{"embeddable":true,"href":"https:\/\/gambling6.com\/sl\/wp-json\/wp\/v2\/users\/1"}],"replies":[{"embeddable":true,"href":"https:\/\/gambling6.com\/sl\/wp-json\/wp\/v2\/comments?post=9618"}],"version-history":[{"count":0,"href":"https:\/\/gambling6.com\/sl\/wp-json\/wp\/v2\/pages\/9618\/revisions"}],"up":[{"embeddable":true,"href":"https:\/\/gambling6.com\/sl\/wp-json\/wp\/v2\/pages\/9322"}],"wp:attachment":[{"href":"https:\/\/gambling6.com\/sl\/wp-json\/wp\/v2\/media?parent=9618"}],"curies":[{"name":"wp","href":"https:\/\/api.w.org\/{rel}","templated":true}]}}