{"id":9638,"date":"2025-11-11T08:47:40","date_gmt":"2025-11-11T08:47:40","guid":{"rendered":"https:\/\/gambling6.com\/loterija\/pridobite-spletne-srecke-za-loterijo-eurojackpot\/"},"modified":"2025-11-11T08:47:40","modified_gmt":"2025-11-11T08:47:40","slug":"pridobite-spletne-srecke-za-loterijo-eurojackpot","status":"publish","type":"page","link":"https:\/\/gambling6.com\/sl\/loterija\/pridobite-spletne-srecke-za-loterijo-eurojackpot\/","title":{"rendered":"Pridobite spletne sre\u010dke za loterijo Eurojackpot"},"content":{"rendered":"<h2>Loterija Eurojackpot<\/h2>\n<p>Sre\u010dke za Eurojackpot lahko kupite na spletu in \u010dez no\u010d postanete milijonar. Internet je zdaj omogo\u010dil igranje Eurojackpota na spletu skupaj s \u0161tevilnimi drugimi evropskimi loterijami. To lahko storite tako, da sre\u010dke kupite na spletu iz udobnega naslanja\u010da, v katerem pre\u017eivljate \u010das od doma. Ni\u010d ve\u010d te\u010di v trgovino na vogalu ali na kioske z loterijo, sre\u010dke za Eurojackpot si priskrbite na spletu.<img loading=\"lazy\" decoding=\"async\" class=\"alignright wp-image-552 \" style=\"margin: 10px; border: 5px solid #ffffff; float: right;\" src=\"https:\/\/gambling6.com\/wp-content\/uploads\/2013\/12\/play-euro-jackpot-online.jpg\" alt=\"kupite sre\u010dke za Eurojackpot na spletu\" width=\"240\" height=\"218\" \/><\/p>\n<p>\u010ce \u017eelite postati eden od milijonov ljudi, ki \u017eelijo unov\u010diti ogromne jackpote, morate le izbrati svojih sedem \u0161tevilk na spletu in jih dvigniti z enim od \u0161tevilnih priro\u010dnih na\u010dinov pla\u010dila. Nakup loterijskih sre\u010dk na spletu \u0161e nikoli ni bil la\u017eji. V koti\u010dkih Evrope lahko kupite sre\u010dkke za ve\u010d ve\u010djih loterij z jackpotom na spletu.<\/p>\n<h2>Kupite sre\u010dkke za Eurojackpot na spletu iz katere koli dr\u017eave<\/h2>\n<p>Pri spletnem nakupu sre\u010dk ni meja. Ne glede na to, ali ste na Kubi ali Kitajskem, lahko s pomo\u010djo na\u0161ega partnerja RedFoxLotto kupite sre\u010dkke v hitrem, prijaznem in varnem okolju prek interneta. <a class=\"thirstylink\" title=\"RedFoxLotto sl\" href=\"https:\/\/gambling6.com\/go\/redfoxlotto-sl\/\" target=\"_blank\" rel=\"nofollow noopener\">Prijavite se tukaj, prijavite se v svoj ra\u010dun<\/a>, izberite \u0161tevilke, pla\u010dajte in po\u010dakate, da svojo sre\u010dk primerjate z rezultati \u017erebanja.<\/p>\n<p>RedFoxLotto ne more sprejeti ljubiteljev lota s sede\u017eem v ZDA; namesto tega naj igralci iz ZDA poskusijo TheLotter, drugo mo\u017enost za mednarodne loterijske sre\u010dk.<br \/>\n<a href=\"https:\/\/smarturl.it\/theBig_Play?tl_affid=8190&amp;tl_bannerid=6cc3afab\" target=\"_self\" rel=\"noopener\"><img loading=\"lazy\" decoding=\"async\" class=\"aligncenter\" title=\"\" src=\"\/\/www.thelotter-affiliates.com\/accounts\/default1\/banners\/6cc3afab.gif\" alt=\"\" width=\"468\" height=\"60\" \/><\/a><\/p>\n<h2>Ogromne nagrade z va\u0161imi spletnimi sre\u010dkami Eurojackpot<\/h2>\n<table style=\"width: 500px;\" border=\"1\" cellspacing=\"5\" cellpadding=\"5\" align=\"center\">\n<tbody>\n<tr>\n<td colspan=\"3\" align=\"center\">Pet najve\u010djih jackpotov za leto 2013<\/td>\n<\/tr>\n<tr>\n<td>\u017drebanje<\/td>\n<td align=\"center\">Datum<\/td>\n<td align=\"center\">Jackpot (USD)<\/td>\n<\/tr>\n<tr>\n<td>Evrski jackpot &#8211; Evropa<\/td>\n<td align=\"center\">12. april 2013<\/td>\n<td align=\"right\">63.128.694 $<\/td>\n<\/tr>\n<tr>\n<td>Evrski jackpot &#8211; Evropa<\/td>\n<td align=\"center\">19. julij 2013<\/td>\n<td align=\"right\">56.886.414 $<\/td>\n<\/tr>\n<tr>\n<td>Evro jackpot &#8211; Evropa<\/td>\n<td align=\"center\">25. januar 2013<\/td>\n<td align=\"right\">40.470.680 $<\/td>\n<\/tr>\n<tr>\n<td>Evro jackpot &#8211; Evropa<\/td>\n<td align=\"center\">27. september 2013<\/td>\n<td align=\"right\">29.122.090 $<\/td>\n<\/tr>\n<tr>\n<td>Evro jackpot &#8211; Evropa<\/td>\n<td align=\"center\">7. december 2013<\/td>\n<td align=\"right\">28.770.000 $<\/td>\n<\/tr>\n<\/tbody>\n<\/table>\n<h2> Dvanajst mo\u017enosti za zmago z va\u0161o spletno igro Eurojackpot sre\u010dke<\/h2>\n<table style=\"width: 500px;\" border=\"1\" cellspacing=\"5\" cellpadding=\"5\" align=\"center\">\n<tbody>\n<tr>\n<td colspan=\"3\" align=\"center\">Stopnje nagrad Eurojackpota<\/td>\n<\/tr>\n<tr>\n<td>Nagrada<\/td>\n<td align=\"center\">Tekme<\/td>\n<td align=\"center\">Kvote<\/td>\n<\/tr>\n<tr>\n<td>1. (Jackpot)<\/td>\n<td align=\"center\">5 + 2<\/td>\n<td align=\"right\">59.325.280 : 1<\/td>\n<\/tr>\n<tr>\n<td>2.<\/td>\n<td align=\"center\">5 + 1<\/td>\n<td align=\"right\">4.943.773 : 1<\/td>\n<\/tr>\n<tr>\n<td>3.<\/td>\n<td align=\"center\">5<\/td>\n<td align=\"right\">3.955.019 : 1<\/td>\n<\/tr>\n<tr>\n<td>4.<\/td>\n<td align=\"center\">4 + 2<\/td>\n<td align=\"right\">263.668 : 1<\/td>\n<\/tr>\n<tr>\n<td>5.<\/td>\n<td align=\"center\">4 + 1<\/td>\n<td align=\"right\">21.972 : 1<\/td>\n<\/tr>\n<tr>\n<td>6.<\/td>\n<td align=\"center\">4<\/td>\n<td align=\"right\">17.578 : 1<\/td>\n<\/tr>\n<tr>\n<td>7.<\/td>\n<td align=\"center\">3 + 2<\/td>\n<td align=\"right\">5.992 : 1<\/td>\n<\/tr>\n<tr>\n<td>8.<\/td>\n<td align=\"center\">3 + 1<\/td>\n<td align=\"right\">499 : 1<\/td>\n<\/tr>\n<tr>\n<td>9.<\/td>\n<td align=\"center\">2 + 2<\/td>\n<td align=\"right\">418 : 1<\/td>\n<\/tr>\n<tr>\n<td>10.<\/td>\n<td align=\"center\">3<\/td>\n<td align=\"right\">399 : 1<\/td>\n<\/tr>\n<tr>\n<td>11.<\/td>\n<td align=\"center\">1 + 2<\/td>\n<td align=\"right\">80 : 1<\/td>\n<\/tr>\n<tr>\n<td>12.<\/td>\n<td align=\"center\">2 + 1<\/td>\n<td align=\"right\">35 : 1<\/td>\n<\/tr>\n<\/tbody>\n<\/table>\n<p style=\"text-align: center;\"><strong>Ne odla\u0161ajte s svojo prilo\u017enostjo, da postanete milijonar. Prijavite se za nakup sre\u010dk Eurojackpot na spletu \u0161e danes.<\/strong><\/p>\n","protected":false},"excerpt":{"rendered":"<p>Loterija Eurojackpot Sre\u010dke za Eurojackpot lahko kupite na spletu in \u010dez no\u010d postanete milijonar. Internet je zdaj omogo\u010dil igranje Eurojackpota na spletu skupaj s \u0161tevilnimi drugimi evropskimi loterijami. To lahko storite tako, da sre\u010dke kupite na spletu iz udobnega naslanja\u010da, v katerem pre\u017eivljate \u010das od doma. Ni\u010d ve\u010d te\u010di v trgovino na vogalu ali na [&hellip;]<\/p>\n","protected":false},"author":1,"featured_media":9528,"parent":9322,"menu_order":10,"comment_status":"closed","ping_status":"closed","template":"","meta":{"footnotes":""},"class_list":["post-9638","page","type-page","status-publish","has-post-thumbnail","hentry"],"yoast_head":"<!-- This site is optimized with the Yoast SEO plugin v27.3 - https:\/\/yoast.com\/product\/yoast-seo-wordpress\/ -->\n<title>Kupite sre\u010dke za loterijo Eurojackpot na spletu<\/title>\n<meta name=\"description\" content=\"Z igranjem Eurojackpota lahko osvojite veliko denarja, \u010de kupite loto sre\u010dke na spletu.\" \/>\n<meta name=\"robots\" content=\"index, follow, max-snippet:-1, max-image-preview:large, max-video-preview:-1\" \/>\n<link rel=\"canonical\" href=\"https:\/\/gambling6.com\/sl\/loterija\/pridobite-spletne-srecke-za-loterijo-eurojackpot\/\" \/>\n<meta property=\"og:locale\" content=\"sl_SI\" \/>\n<meta property=\"og:type\" content=\"article\" \/>\n<meta property=\"og:title\" content=\"Kupite sre\u010dke za loterijo Eurojackpot na spletu\" \/>\n<meta property=\"og:description\" content=\"Z igranjem Eurojackpota lahko osvojite veliko denarja, \u010de kupite loto sre\u010dke na spletu.\" \/>\n<meta property=\"og:url\" content=\"https:\/\/gambling6.com\/sl\/loterija\/pridobite-spletne-srecke-za-loterijo-eurojackpot\/\" \/>\n<meta property=\"og:site_name\" content=\"Gambling6\" \/>\n<meta property=\"og:image\" content=\"https:\/\/gambling6.com\/wp-content\/uploads\/2013\/12\/play-euro-jackpot-online.jpg\" \/>\n\t<meta property=\"og:image:width\" content=\"285\" \/>\n\t<meta property=\"og:image:height\" content=\"259\" \/>\n\t<meta property=\"og:image:type\" content=\"image\/jpeg\" \/>\n<meta name=\"twitter:card\" content=\"summary_large_image\" \/>\n<meta name=\"twitter:label1\" content=\"Est. reading time\" \/>\n\t<meta name=\"twitter:data1\" content=\"2 minuti\" \/>\n<script type=\"application\/ld+json\" class=\"yoast-schema-graph\">{\"@context\":\"https:\\\/\\\/schema.org\",\"@graph\":[{\"@type\":\"WebPage\",\"@id\":\"https:\\\/\\\/gambling6.com\\\/sl\\\/loterija\\\/pridobite-spletne-srecke-za-loterijo-eurojackpot\\\/\",\"url\":\"https:\\\/\\\/gambling6.com\\\/sl\\\/loterija\\\/pridobite-spletne-srecke-za-loterijo-eurojackpot\\\/\",\"name\":\"Kupite sre\u010dke za loterijo Eurojackpot na spletu\",\"isPartOf\":{\"@id\":\"https:\\\/\\\/gambling6.com\\\/sl\\\/#website\"},\"primaryImageOfPage\":{\"@id\":\"https:\\\/\\\/gambling6.com\\\/sl\\\/loterija\\\/pridobite-spletne-srecke-za-loterijo-eurojackpot\\\/#primaryimage\"},\"image\":{\"@id\":\"https:\\\/\\\/gambling6.com\\\/sl\\\/loterija\\\/pridobite-spletne-srecke-za-loterijo-eurojackpot\\\/#primaryimage\"},\"thumbnailUrl\":\"https:\\\/\\\/gambling6.com\\\/wp-content\\\/uploads\\\/2013\\\/12\\\/play-euro-jackpot-online.jpg\",\"datePublished\":\"2025-11-11T08:47:40+00:00\",\"description\":\"Z igranjem Eurojackpota lahko osvojite veliko denarja, \u010de kupite loto sre\u010dke na spletu.\",\"breadcrumb\":{\"@id\":\"https:\\\/\\\/gambling6.com\\\/sl\\\/loterija\\\/pridobite-spletne-srecke-za-loterijo-eurojackpot\\\/#breadcrumb\"},\"inLanguage\":\"sl-SI\",\"potentialAction\":[{\"@type\":\"ReadAction\",\"target\":[\"https:\\\/\\\/gambling6.com\\\/sl\\\/loterija\\\/pridobite-spletne-srecke-za-loterijo-eurojackpot\\\/\"]}]},{\"@type\":\"ImageObject\",\"inLanguage\":\"sl-SI\",\"@id\":\"https:\\\/\\\/gambling6.com\\\/sl\\\/loterija\\\/pridobite-spletne-srecke-za-loterijo-eurojackpot\\\/#primaryimage\",\"url\":\"https:\\\/\\\/gambling6.com\\\/wp-content\\\/uploads\\\/2013\\\/12\\\/play-euro-jackpot-online.jpg\",\"contentUrl\":\"https:\\\/\\\/gambling6.com\\\/wp-content\\\/uploads\\\/2013\\\/12\\\/play-euro-jackpot-online.jpg\",\"width\":285,\"height\":259},{\"@type\":\"BreadcrumbList\",\"@id\":\"https:\\\/\\\/gambling6.com\\\/sl\\\/loterija\\\/pridobite-spletne-srecke-za-loterijo-eurojackpot\\\/#breadcrumb\",\"itemListElement\":[{\"@type\":\"ListItem\",\"position\":1,\"name\":\"Home\",\"item\":\"https:\\\/\\\/gambling6.com\\\/sl\\\/home\\\/\"},{\"@type\":\"ListItem\",\"position\":2,\"name\":\"Loterija\",\"item\":\"https:\\\/\\\/gambling6.com\\\/sl\\\/loterija\\\/\"},{\"@type\":\"ListItem\",\"position\":3,\"name\":\"Pridobite spletne sre\u010dke za loterijo Eurojackpot\"}]},{\"@type\":\"WebSite\",\"@id\":\"https:\\\/\\\/gambling6.com\\\/sl\\\/#website\",\"url\":\"https:\\\/\\\/gambling6.com\\\/sl\\\/\",\"name\":\"Gambling6\",\"description\":\"\",\"potentialAction\":[{\"@type\":\"SearchAction\",\"target\":{\"@type\":\"EntryPoint\",\"urlTemplate\":\"https:\\\/\\\/gambling6.com\\\/sl\\\/?s={search_term_string}\"},\"query-input\":{\"@type\":\"PropertyValueSpecification\",\"valueRequired\":true,\"valueName\":\"search_term_string\"}}],\"inLanguage\":\"sl-SI\"}]}<\/script>\n<!-- \/ Yoast SEO plugin. -->","yoast_head_json":{"title":"Kupite sre\u010dke za loterijo Eurojackpot na spletu","description":"Z igranjem Eurojackpota lahko osvojite veliko denarja, \u010de kupite loto sre\u010dke na spletu.","robots":{"index":"index","follow":"follow","max-snippet":"max-snippet:-1","max-image-preview":"max-image-preview:large","max-video-preview":"max-video-preview:-1"},"canonical":"https:\/\/gambling6.com\/sl\/loterija\/pridobite-spletne-srecke-za-loterijo-eurojackpot\/","og_locale":"sl_SI","og_type":"article","og_title":"Kupite sre\u010dke za loterijo Eurojackpot na spletu","og_description":"Z igranjem Eurojackpota lahko osvojite veliko denarja, \u010de kupite loto sre\u010dke na spletu.","og_url":"https:\/\/gambling6.com\/sl\/loterija\/pridobite-spletne-srecke-za-loterijo-eurojackpot\/","og_site_name":"Gambling6","og_image":[{"width":285,"height":259,"url":"https:\/\/gambling6.com\/wp-content\/uploads\/2013\/12\/play-euro-jackpot-online.jpg","type":"image\/jpeg"}],"twitter_card":"summary_large_image","twitter_misc":{"Est. reading time":"2 minuti"},"schema":{"@context":"https:\/\/schema.org","@graph":[{"@type":"WebPage","@id":"https:\/\/gambling6.com\/sl\/loterija\/pridobite-spletne-srecke-za-loterijo-eurojackpot\/","url":"https:\/\/gambling6.com\/sl\/loterija\/pridobite-spletne-srecke-za-loterijo-eurojackpot\/","name":"Kupite sre\u010dke za loterijo Eurojackpot na spletu","isPartOf":{"@id":"https:\/\/gambling6.com\/sl\/#website"},"primaryImageOfPage":{"@id":"https:\/\/gambling6.com\/sl\/loterija\/pridobite-spletne-srecke-za-loterijo-eurojackpot\/#primaryimage"},"image":{"@id":"https:\/\/gambling6.com\/sl\/loterija\/pridobite-spletne-srecke-za-loterijo-eurojackpot\/#primaryimage"},"thumbnailUrl":"https:\/\/gambling6.com\/wp-content\/uploads\/2013\/12\/play-euro-jackpot-online.jpg","datePublished":"2025-11-11T08:47:40+00:00","description":"Z igranjem Eurojackpota lahko osvojite veliko denarja, \u010de kupite loto sre\u010dke na spletu.","breadcrumb":{"@id":"https:\/\/gambling6.com\/sl\/loterija\/pridobite-spletne-srecke-za-loterijo-eurojackpot\/#breadcrumb"},"inLanguage":"sl-SI","potentialAction":[{"@type":"ReadAction","target":["https:\/\/gambling6.com\/sl\/loterija\/pridobite-spletne-srecke-za-loterijo-eurojackpot\/"]}]},{"@type":"ImageObject","inLanguage":"sl-SI","@id":"https:\/\/gambling6.com\/sl\/loterija\/pridobite-spletne-srecke-za-loterijo-eurojackpot\/#primaryimage","url":"https:\/\/gambling6.com\/wp-content\/uploads\/2013\/12\/play-euro-jackpot-online.jpg","contentUrl":"https:\/\/gambling6.com\/wp-content\/uploads\/2013\/12\/play-euro-jackpot-online.jpg","width":285,"height":259},{"@type":"BreadcrumbList","@id":"https:\/\/gambling6.com\/sl\/loterija\/pridobite-spletne-srecke-za-loterijo-eurojackpot\/#breadcrumb","itemListElement":[{"@type":"ListItem","position":1,"name":"Home","item":"https:\/\/gambling6.com\/sl\/home\/"},{"@type":"ListItem","position":2,"name":"Loterija","item":"https:\/\/gambling6.com\/sl\/loterija\/"},{"@type":"ListItem","position":3,"name":"Pridobite spletne sre\u010dke za loterijo Eurojackpot"}]},{"@type":"WebSite","@id":"https:\/\/gambling6.com\/sl\/#website","url":"https:\/\/gambling6.com\/sl\/","name":"Gambling6","description":"","potentialAction":[{"@type":"SearchAction","target":{"@type":"EntryPoint","urlTemplate":"https:\/\/gambling6.com\/sl\/?s={search_term_string}"},"query-input":{"@type":"PropertyValueSpecification","valueRequired":true,"valueName":"search_term_string"}}],"inLanguage":"sl-SI"}]}},"_links":{"self":[{"href":"https:\/\/gambling6.com\/sl\/wp-json\/wp\/v2\/pages\/9638","targetHints":{"allow":["GET"]}}],"collection":[{"href":"https:\/\/gambling6.com\/sl\/wp-json\/wp\/v2\/pages"}],"about":[{"href":"https:\/\/gambling6.com\/sl\/wp-json\/wp\/v2\/types\/page"}],"author":[{"embeddable":true,"href":"https:\/\/gambling6.com\/sl\/wp-json\/wp\/v2\/users\/1"}],"replies":[{"embeddable":true,"href":"https:\/\/gambling6.com\/sl\/wp-json\/wp\/v2\/comments?post=9638"}],"version-history":[{"count":0,"href":"https:\/\/gambling6.com\/sl\/wp-json\/wp\/v2\/pages\/9638\/revisions"}],"up":[{"embeddable":true,"href":"https:\/\/gambling6.com\/sl\/wp-json\/wp\/v2\/pages\/9322"}],"wp:featuredmedia":[{"embeddable":true,"href":"https:\/\/gambling6.com\/sl\/wp-json\/wp\/v2\/media\/9528"}],"wp:attachment":[{"href":"https:\/\/gambling6.com\/sl\/wp-json\/wp\/v2\/media?parent=9638"}],"curies":[{"name":"wp","href":"https:\/\/api.w.org\/{rel}","templated":true}]}}