{"id":9652,"date":"2025-11-11T09:09:51","date_gmt":"2025-11-11T09:09:51","guid":{"rendered":"https:\/\/gambling6.com\/loterija\/pridobite-loterijske-vstopnice-el-gordo-od-koder-koli\/"},"modified":"2025-11-11T09:09:51","modified_gmt":"2025-11-11T09:09:51","slug":"pridobite-loterijske-vstopnice-el-gordo-od-koder-koli","status":"publish","type":"page","link":"https:\/\/gambling6.com\/sl\/loterija\/pridobite-loterijske-vstopnice-el-gordo-od-koder-koli\/","title":{"rendered":"Pridobite loterijske vstopnice El Gordo od koder koli"},"content":{"rendered":"<h2>Enostaven nakup sre\u010dk za loterijo El Gordo na spletu.<\/h2>\n<p><img loading=\"lazy\" decoding=\"async\" class=\" wp-image-1569 alignright\" src=\"https:\/\/gambling6.com\/wp-content\/uploads\/2022\/04\/2_ticket_spanish_lottery.jpg\" alt=\"sre\u010dka El Gordo\" width=\"200\" height=\"274\" \/>V Evropi je loterija El Gordo ogromna in jo igrajo ljudje tako v \u0160paniji kot mednarodno. Vsak teden lahko pri\u010dakujete minimalni glavni dobitek v vi\u0161ini pribli\u017eno 6,5 milijona evrov. \u017drebanje je samo eno na teden, ob nedeljah, ljudje pa se vsak teden postavljajo v vrsto za igranje. Glavni dobitek se lahko nabere do 26 milijonov evrov. \u010ce pa pride do pogostih prenosov cen (ne gre za glavni dobitek), lahko v\u010dasih dose\u017ee do 35 milijonov evrov, \u010de upo\u0161tevamo prenose iz prej\u0161njih tednov.<\/p>\n<h2>Evropejci kupujejo spletne loterijske sre\u010dke tedensko.<\/h2>\n<p>Evropa ostaja vse ve\u010dji vir prihodkov od loterij; Vsak teden se na tej celini milijoni igralcev postavijo v vrsto za igranje lota. \u010ce \u017eelite dobiti spletne sre\u010dke za loterijo El Gordo, morate obiskati na\u0161ega partnerja RedFoxLotto, se prijaviti v svoj ra\u010dun in se nato odlo\u010diti, ali \u017eelite uporabiti hitre izbire ali izbrati svoje \u0161tevilke. \u010ce izbirate svoje \u0161tevilke, boste morali izbrati pet glavnih \u0161tevilk in eno dodatno \u0161tevilko.<\/p>\n<h2>Evropejci kupujejo sre\u010dke za nedeljsko \u017erebanje prek spleta.<\/h2>\n<p>El Gordo, znane kot \u0161panska loterija 6\/49, ne smemo zamenjevati z bo\u017ei\u010dno loterijo El Gordo. Ta priljubljena tedenska loterija se \u017ereba ob nedeljah. Pri nakupu spletnih sre\u010dk za loterijo El Gordo imejte v mislih, da je mo\u017enost za osvojitev nagrade 1 proti 10. To je zato, ker poleg osvojitve glavnega dobitka obstaja sedem razli\u010dnih ravni nagrad.<\/p>\n<h2>Mesec se za nakup sre\u010dk porabijo milijoni.<\/h2>\n<p>Evropejci so v zadnjih nekaj letih ponoreli za loterijskimi sre\u010dkami. Evropejci, ki so drugi najve\u010dji za Severno Ameriko, vsako leto za sre\u010dke porabijo ve\u010d sto milijonov dolarjev. Zdaj, ko je mogo\u010de kupiti sre\u010dke za svetovne loterije prek spleta, se je prodaja mo\u010dno pove\u010dala. \u010ce \u017eelite dobiti sre\u010dke za prihajajo\u010do loterijo El Gordo, preprosto obi\u0161\u010dite na\u0161ega partnerja RedFoxLotto, se registrirajte in morda boste na dobri poti, da \u010dez no\u010d postanete multimilijonar. <\/p>\n<table style=\"width: 500px;\" border=\"1\" cellspacing=\"5\" cellpadding=\"5\" align=\"center\">\n<tbody>\n<tr>\n<td colspan=\"3\" align=\"center\">Najbolj\u0161i jackpoti za leto 2013<\/td>\n<\/tr>\n<tr>\n<td>\u017drebanje<\/td>\n<td align=\"center\">Datum<\/td>\n<td align=\"center\">Jackpot (USD)<\/td>\n<\/tr>\n<tr>\n<td>El Gordo &#8211; \u0160panija<\/td>\n<td align=\"center\">13. oktober 2013<\/td>\n<td align=\"right\">13.327.360 $<\/td>\n<\/tr>\n<tr>\n<td>El Gordo &#8211; \u0160panija<\/td>\n<td align=\"center\">4. avgust 2013<\/td>\n<td align=\"right\">10.275.000 $<\/td>\n<\/tr>\n<tr>\n<td>El Gordo &#8211; \u0160panija<\/td>\n<td align=\"center\">16. junij 2013<\/td>\n<td align=\"right\">9.590.000 $<\/td>\n<\/tr>\n<tr>\n<td>El Gordo &#8211; \u0160panija<\/td>\n<td align=\"center\">23. junij 2013<\/td>\n<td align=\"right\">6.850.000 $<\/td>\n<\/tr>\n<\/tbody>\n<\/table>\n<p>&nbsp;<\/p>\n<table style=\"width: 500px;\" border=\"1\" cellspacing=\"5\" cellpadding=\"5\" align=\"center\">\n<tbody>\n<tr>\n<td colspan=\"3\" align=\"center\">El Gordo Lotto &#8211; \u0160panske nagradne stopnje 6\/49<\/td>\n<\/tr>\n<tr>\n<td>Nagrada<\/td>\n<td align=\"center\">Tekme<\/td>\n<td align=\"center\">Kvote<\/td>\n<\/tr>\n<tr>\n<td>1. (Jackpot)<\/td>\n<td align=\"center\">5 + 1<\/td>\n<td align=\"right\">31.625.100 : 1<\/td>\n<\/tr>\n<tr>\n<td>2.<\/td>\n<td align=\"center\">5<\/td>\n<td align=\"right\">3.513.900 : 1<\/td>\n<\/tr>\n<tr>\n<td>3.<\/td>\n<td align=\"center\">4 + 1<\/td>\n<td align=\"right\">129.082 : 1<\/td>\n<\/tr>\n<tr>\n<td>4.<\/td>\n<td align=\"center\">4<\/td>\n<td align=\"right\">14.342 : 1<\/td>\n<\/tr>\n<tr>\n<td>5.<\/td>\n<td align=\"center\">3 + 1<\/td>\n<td align=\"right\">2.689 : 1<\/td>\n<\/tr>\n<tr>\n<td>6.<\/td>\n<td align=\"center\">3<\/td>\n<td align=\"right\">299 : 1<\/td>\n<\/tr>\n<tr>\n<td>7.<\/td>\n<td align=\"center\">2 + 1<\/td>\n<td align=\"right\">172 : 1<\/td>\n<\/tr>\n<tr>\n<td>8.<\/td>\n<td align=\"center\">2<\/td>\n<td align=\"right\">19 : 1<\/td>\n<\/tr>\n<tr>\n<td>9.<\/td>\n<td align=\"center\">0 + 1<\/td>\n<td align=\"right\">10 : 1<\/td>\n<\/tr>\n<\/tbody>\n<\/table>\n","protected":false},"excerpt":{"rendered":"<p>Enostaven nakup sre\u010dk za loterijo El Gordo na spletu. V Evropi je loterija El Gordo ogromna in jo igrajo ljudje tako v \u0160paniji kot mednarodno. Vsak teden lahko pri\u010dakujete minimalni glavni dobitek v vi\u0161ini pribli\u017eno 6,5 milijona evrov. \u017drebanje je samo eno na teden, ob nedeljah, ljudje pa se vsak teden postavljajo v vrsto za [&hellip;]<\/p>\n","protected":false},"author":1,"featured_media":0,"parent":9322,"menu_order":3,"comment_status":"closed","ping_status":"closed","template":"","meta":{"footnotes":""},"class_list":["post-9652","page","type-page","status-publish","hentry"],"yoast_head":"<!-- This site is optimized with the Yoast SEO plugin v27.4 - https:\/\/yoast.com\/product\/yoast-seo-wordpress\/ -->\n<title>Kupite vstopnice za loterijo El Gordo na spletu<\/title>\n<meta name=\"description\" content=\"Postanite milijonar, ko dobite spletne sre\u010dke za loterijo El Gordo.\" \/>\n<meta name=\"robots\" content=\"index, follow, max-snippet:-1, max-image-preview:large, max-video-preview:-1\" \/>\n<link rel=\"canonical\" href=\"https:\/\/gambling6.com\/sl\/loterija\/pridobite-loterijske-vstopnice-el-gordo-od-koder-koli\/\" \/>\n<meta property=\"og:locale\" content=\"sl_SI\" \/>\n<meta property=\"og:type\" content=\"article\" \/>\n<meta property=\"og:title\" content=\"Kupite vstopnice za loterijo El Gordo na spletu\" \/>\n<meta property=\"og:description\" content=\"Postanite milijonar, ko dobite spletne sre\u010dke za loterijo El Gordo.\" \/>\n<meta property=\"og:url\" content=\"https:\/\/gambling6.com\/sl\/loterija\/pridobite-loterijske-vstopnice-el-gordo-od-koder-koli\/\" \/>\n<meta property=\"og:site_name\" content=\"Gambling6\" \/>\n<meta property=\"og:image\" content=\"https:\/\/gambling6.com\/wp-content\/uploads\/2022\/04\/2_ticket_spanish_lottery.jpg\" \/>\n\t<meta property=\"og:image:width\" content=\"219\" \/>\n\t<meta property=\"og:image:height\" content=\"300\" \/>\n\t<meta property=\"og:image:type\" content=\"image\/jpeg\" \/>\n<meta name=\"twitter:card\" content=\"summary_large_image\" \/>\n<meta name=\"twitter:label1\" content=\"Est. reading time\" \/>\n\t<meta name=\"twitter:data1\" content=\"2 minuti\" \/>\n<script type=\"application\/ld+json\" class=\"yoast-schema-graph\">{\"@context\":\"https:\\\/\\\/schema.org\",\"@graph\":[{\"@type\":\"WebPage\",\"@id\":\"https:\\\/\\\/gambling6.com\\\/sl\\\/loterija\\\/pridobite-loterijske-vstopnice-el-gordo-od-koder-koli\\\/\",\"url\":\"https:\\\/\\\/gambling6.com\\\/sl\\\/loterija\\\/pridobite-loterijske-vstopnice-el-gordo-od-koder-koli\\\/\",\"name\":\"Kupite vstopnice za loterijo El Gordo na spletu\",\"isPartOf\":{\"@id\":\"https:\\\/\\\/gambling6.com\\\/sl\\\/#website\"},\"primaryImageOfPage\":{\"@id\":\"https:\\\/\\\/gambling6.com\\\/sl\\\/loterija\\\/pridobite-loterijske-vstopnice-el-gordo-od-koder-koli\\\/#primaryimage\"},\"image\":{\"@id\":\"https:\\\/\\\/gambling6.com\\\/sl\\\/loterija\\\/pridobite-loterijske-vstopnice-el-gordo-od-koder-koli\\\/#primaryimage\"},\"thumbnailUrl\":\"https:\\\/\\\/gambling6.com\\\/wp-content\\\/uploads\\\/2022\\\/04\\\/2_ticket_spanish_lottery.jpg\",\"datePublished\":\"2025-11-11T09:09:51+00:00\",\"description\":\"Postanite milijonar, ko dobite spletne sre\u010dke za loterijo El Gordo.\",\"breadcrumb\":{\"@id\":\"https:\\\/\\\/gambling6.com\\\/sl\\\/loterija\\\/pridobite-loterijske-vstopnice-el-gordo-od-koder-koli\\\/#breadcrumb\"},\"inLanguage\":\"sl-SI\",\"potentialAction\":[{\"@type\":\"ReadAction\",\"target\":[\"https:\\\/\\\/gambling6.com\\\/sl\\\/loterija\\\/pridobite-loterijske-vstopnice-el-gordo-od-koder-koli\\\/\"]}]},{\"@type\":\"ImageObject\",\"inLanguage\":\"sl-SI\",\"@id\":\"https:\\\/\\\/gambling6.com\\\/sl\\\/loterija\\\/pridobite-loterijske-vstopnice-el-gordo-od-koder-koli\\\/#primaryimage\",\"url\":\"https:\\\/\\\/gambling6.com\\\/wp-content\\\/uploads\\\/2022\\\/04\\\/2_ticket_spanish_lottery.jpg\",\"contentUrl\":\"https:\\\/\\\/gambling6.com\\\/wp-content\\\/uploads\\\/2022\\\/04\\\/2_ticket_spanish_lottery.jpg\"},{\"@type\":\"BreadcrumbList\",\"@id\":\"https:\\\/\\\/gambling6.com\\\/sl\\\/loterija\\\/pridobite-loterijske-vstopnice-el-gordo-od-koder-koli\\\/#breadcrumb\",\"itemListElement\":[{\"@type\":\"ListItem\",\"position\":1,\"name\":\"Home\",\"item\":\"https:\\\/\\\/gambling6.com\\\/sl\\\/home\\\/\"},{\"@type\":\"ListItem\",\"position\":2,\"name\":\"Loterija\",\"item\":\"https:\\\/\\\/gambling6.com\\\/sl\\\/loterija\\\/\"},{\"@type\":\"ListItem\",\"position\":3,\"name\":\"Pridobite loterijske vstopnice El Gordo od koder koli\"}]},{\"@type\":\"WebSite\",\"@id\":\"https:\\\/\\\/gambling6.com\\\/sl\\\/#website\",\"url\":\"https:\\\/\\\/gambling6.com\\\/sl\\\/\",\"name\":\"Gambling6\",\"description\":\"\",\"potentialAction\":[{\"@type\":\"SearchAction\",\"target\":{\"@type\":\"EntryPoint\",\"urlTemplate\":\"https:\\\/\\\/gambling6.com\\\/sl\\\/?s={search_term_string}\"},\"query-input\":{\"@type\":\"PropertyValueSpecification\",\"valueRequired\":true,\"valueName\":\"search_term_string\"}}],\"inLanguage\":\"sl-SI\"}]}<\/script>\n<!-- \/ Yoast SEO plugin. -->","yoast_head_json":{"title":"Kupite vstopnice za loterijo El Gordo na spletu","description":"Postanite milijonar, ko dobite spletne sre\u010dke za loterijo El Gordo.","robots":{"index":"index","follow":"follow","max-snippet":"max-snippet:-1","max-image-preview":"max-image-preview:large","max-video-preview":"max-video-preview:-1"},"canonical":"https:\/\/gambling6.com\/sl\/loterija\/pridobite-loterijske-vstopnice-el-gordo-od-koder-koli\/","og_locale":"sl_SI","og_type":"article","og_title":"Kupite vstopnice za loterijo El Gordo na spletu","og_description":"Postanite milijonar, ko dobite spletne sre\u010dke za loterijo El Gordo.","og_url":"https:\/\/gambling6.com\/sl\/loterija\/pridobite-loterijske-vstopnice-el-gordo-od-koder-koli\/","og_site_name":"Gambling6","og_image":[{"width":219,"height":300,"url":"https:\/\/gambling6.com\/wp-content\/uploads\/2022\/04\/2_ticket_spanish_lottery.jpg","type":"image\/jpeg"}],"twitter_card":"summary_large_image","twitter_misc":{"Est. reading time":"2 minuti"},"schema":{"@context":"https:\/\/schema.org","@graph":[{"@type":"WebPage","@id":"https:\/\/gambling6.com\/sl\/loterija\/pridobite-loterijske-vstopnice-el-gordo-od-koder-koli\/","url":"https:\/\/gambling6.com\/sl\/loterija\/pridobite-loterijske-vstopnice-el-gordo-od-koder-koli\/","name":"Kupite vstopnice za loterijo El Gordo na spletu","isPartOf":{"@id":"https:\/\/gambling6.com\/sl\/#website"},"primaryImageOfPage":{"@id":"https:\/\/gambling6.com\/sl\/loterija\/pridobite-loterijske-vstopnice-el-gordo-od-koder-koli\/#primaryimage"},"image":{"@id":"https:\/\/gambling6.com\/sl\/loterija\/pridobite-loterijske-vstopnice-el-gordo-od-koder-koli\/#primaryimage"},"thumbnailUrl":"https:\/\/gambling6.com\/wp-content\/uploads\/2022\/04\/2_ticket_spanish_lottery.jpg","datePublished":"2025-11-11T09:09:51+00:00","description":"Postanite milijonar, ko dobite spletne sre\u010dke za loterijo El Gordo.","breadcrumb":{"@id":"https:\/\/gambling6.com\/sl\/loterija\/pridobite-loterijske-vstopnice-el-gordo-od-koder-koli\/#breadcrumb"},"inLanguage":"sl-SI","potentialAction":[{"@type":"ReadAction","target":["https:\/\/gambling6.com\/sl\/loterija\/pridobite-loterijske-vstopnice-el-gordo-od-koder-koli\/"]}]},{"@type":"ImageObject","inLanguage":"sl-SI","@id":"https:\/\/gambling6.com\/sl\/loterija\/pridobite-loterijske-vstopnice-el-gordo-od-koder-koli\/#primaryimage","url":"https:\/\/gambling6.com\/wp-content\/uploads\/2022\/04\/2_ticket_spanish_lottery.jpg","contentUrl":"https:\/\/gambling6.com\/wp-content\/uploads\/2022\/04\/2_ticket_spanish_lottery.jpg"},{"@type":"BreadcrumbList","@id":"https:\/\/gambling6.com\/sl\/loterija\/pridobite-loterijske-vstopnice-el-gordo-od-koder-koli\/#breadcrumb","itemListElement":[{"@type":"ListItem","position":1,"name":"Home","item":"https:\/\/gambling6.com\/sl\/home\/"},{"@type":"ListItem","position":2,"name":"Loterija","item":"https:\/\/gambling6.com\/sl\/loterija\/"},{"@type":"ListItem","position":3,"name":"Pridobite loterijske vstopnice El Gordo od koder koli"}]},{"@type":"WebSite","@id":"https:\/\/gambling6.com\/sl\/#website","url":"https:\/\/gambling6.com\/sl\/","name":"Gambling6","description":"","potentialAction":[{"@type":"SearchAction","target":{"@type":"EntryPoint","urlTemplate":"https:\/\/gambling6.com\/sl\/?s={search_term_string}"},"query-input":{"@type":"PropertyValueSpecification","valueRequired":true,"valueName":"search_term_string"}}],"inLanguage":"sl-SI"}]}},"_links":{"self":[{"href":"https:\/\/gambling6.com\/sl\/wp-json\/wp\/v2\/pages\/9652","targetHints":{"allow":["GET"]}}],"collection":[{"href":"https:\/\/gambling6.com\/sl\/wp-json\/wp\/v2\/pages"}],"about":[{"href":"https:\/\/gambling6.com\/sl\/wp-json\/wp\/v2\/types\/page"}],"author":[{"embeddable":true,"href":"https:\/\/gambling6.com\/sl\/wp-json\/wp\/v2\/users\/1"}],"replies":[{"embeddable":true,"href":"https:\/\/gambling6.com\/sl\/wp-json\/wp\/v2\/comments?post=9652"}],"version-history":[{"count":0,"href":"https:\/\/gambling6.com\/sl\/wp-json\/wp\/v2\/pages\/9652\/revisions"}],"up":[{"embeddable":true,"href":"https:\/\/gambling6.com\/sl\/wp-json\/wp\/v2\/pages\/9322"}],"wp:attachment":[{"href":"https:\/\/gambling6.com\/sl\/wp-json\/wp\/v2\/media?parent=9652"}],"curies":[{"name":"wp","href":"https:\/\/api.w.org\/{rel}","templated":true}]}}