{"id":9677,"date":"2025-11-11T09:44:52","date_gmt":"2025-11-11T09:44:52","guid":{"rendered":"https:\/\/gambling6.com\/loterija\/pridobite-spletne-vstopnice-za-avstralsko-loterijo\/"},"modified":"2025-11-11T09:44:52","modified_gmt":"2025-11-11T09:44:52","slug":"pridobite-spletne-vstopnice-za-avstralsko-loterijo","status":"publish","type":"page","link":"https:\/\/gambling6.com\/sl\/loterija\/pridobite-spletne-vstopnice-za-avstralsko-loterijo\/","title":{"rendered":"Pridobite spletne vstopnice za avstralsko loterijo"},"content":{"rendered":"<h2>Avstralska loterija<\/h2>\n<p>Vsak teden, v torek in \u010detrtek, se v Avstraliji odvijata dve zelo vznemirljivi loteriji. Sre\u010dke Powerball in Oz Lotto lahko kupite na spletu. Nakup sre\u010dk za avstralski loto na spletu je tako preprost kot &#8220;vre\u010di \u0161e eno kozico na barbiko&#8221;. Ljudje igrajo te loterije za redno visoke jackpote v vi\u0161ini 50 milijonov dolarjev in ve\u010d.<\/p>\n<p>Kvote za oba jackpota so glede na njuno velikost precej ugodne, z mo\u017enostjo nakupa sre\u010dk na spletu pa se precej hitro zvi\u0161ajo. Globalno so ti jackpoti v zadnjih nekaj letih pridobili na priljubljenosti. O teh \u017erebanju vsak dan sli\u0161ite ve\u010d v novicah.<\/p>\n<h2>Spletne sre\u010dke Oz Lotto so varne in za\u0161\u010ditene.<\/h2>\n<p>Varno in za\u0161\u010diteno lahko izberete svojih 7 \u0161tevilk in po\u010dakate na \u017erebanje. Na\u0161 partner <a class=\"thirstylink\" title=\"Redfoxlotto\" href=\"https:\/\/gambling6.com\/go\/redfoxlotto\/\" target=\"_blank\" rel=\"nofollow noopener\">RedFoxLotto.com<\/a> vam odvzame vse skrbi pri nakupu loto sre\u010dk prek spleta, zato se morate le usesti in \u010dakati na zmago.<\/p>\n<p>Ameri\u0161ki igralci, ki \u017eelijo sodelovati in kupiti sre\u010dk prek spleta za Powerball ali katero koli drugo loterijo iz Avstralije, naj izberejo na\u0161o drugo priporo\u010dilo: <a href=\"https:\/\/gambling6.com\/go\/thelotter-en\/\" target=\"_blank\" rel=\"noopener\">TheLotter. Kliknite tukaj za obisk<\/a><\/span><a class=\"thirstylink\" title=\"TheLotter sl\" href=\"https:\/\/gambling6.com\/go\/thelotter-en\/\" target=\"_blank\" rel=\"nofollow noopener\">\u00a0njihove spletne strani.<\/a><\/p>\n<h2>Ogromni jackpoti s spletnimi sre\u010dkami za Powerball Australia<\/h2>\n<table style=\"width: 500px;\" border=\"1\" cellspacing=\"5\" cellpadding=\"5\" align=\"center\">\n<tbody>\n<tr>\n<td colspan=\"3\" align=\"center\">Pet najve\u010djih jackpotov za leto 2013<\/td>\n<\/tr>\n<tr>\n<td>\u017drebanje<\/td>\n<td align=\"center\">Datum<\/td>\n<td align=\"center\">Jackpot (USD)<\/td>\n<\/tr>\n<tr>\n<td>Powerball &#8211; Avstralija<\/td>\n<td align=\"center\">2. maj 2013<\/td>\n<td align=\"right\">55.229.291 $<\/td>\n<\/tr>\n<tr>\n<td>Powerball &#8211; Avstralija<\/td>\n<td align=\"center\">18. julij 2013<\/td>\n<td align=\"right\">26.700.000 $<\/td>\n<\/tr>\n<tr>\n<td>Powerball &#8211; Avstralija<\/td>\n<td align=\"center\">19. september 2013<\/td>\n<td align=\"right\">26.700.000 $<\/td>\n<\/tr>\n<tr>\n<td>Powerball &#8211; Avstralija<\/td>\n<td align=\"center\">24. oktober 2013<\/td>\n<td align=\"right\">26.700.000 $<\/td>\n<\/tr>\n<tr>\n<td>Powerball &#8211; Avstralija<\/td>\n<td align=\"center\">3. januar 2013<\/td>\n<td align=\"right\">22.250.000 $<\/td>\n<\/tr>\n<\/tbody>\n<\/table>\n<h2>\u00a0Osem nagradnih stopenj za spletno sre\u010dko avstralskega Powerballa kupci<\/h2>\n<table style=\"width: 500px;\" border=\"1\" cellspacing=\"5\" cellpadding=\"5\" align=\"center\">\n<tbody>\n<tr>\n<td colspan=\"3\" align=\"center\">Powerball Lotto &#8211; Avstralija Nagradne stopnje<\/td>\n<\/tr>\n<tr>\n<td>Nagrada<\/td>\n<td align=\"center\">Tekme<\/td>\n<td align=\"center\">Kvote<\/td>\n<\/tr>\n<tr>\n<td>1. (Jackpot)<\/td>\n<td align=\"center\">6 + 1<\/td>\n<td align=\"right\">76.767.600 : 1<\/td>\n<\/tr>\n<tr>\n<td>2.<\/td>\n<td align=\"center\">6<\/td>\n<td align=\"right\">4.040.400 : 1<\/td>\n<\/tr>\n<tr>\n<td>3.<\/td>\n<td align=\"center\">5 + 1<\/td>\n<td align=\"right\">376.312 : 1<\/td>\n<\/tr>\n<tr>\n<td>4.<\/td>\n<td align=\"center\">5<\/td>\n<td align=\"right\">19.806 : 1<\/td>\n<\/tr>\n<tr>\n<td>5.<\/td>\n<td align=\"center\">4 + 1<\/td>\n<td align=\"right\">9.123 : 1<\/td>\n<\/tr>\n<tr>\n<td>6.<\/td>\n<td align=\"center\">3 + 1<\/td>\n<td align=\"right\">641 : 1<\/td>\n<\/tr>\n<tr>\n<td>7.<\/td>\n<td align=\"center\">4<\/td>\n<td align=\"right\">480 : 1<\/td>\n<\/tr>\n<tr>\n<td>8.<\/td>\n<td align=\"center\">2 + 1<\/td>\n<td align=\"right\">110 : 1<\/td>\n<\/tr>\n<\/tbody>\n<\/table>\n<h2>\u00a0Imetniki spletnih sre\u010dk Oz Lotto lahko zaslu\u017eijo veliko denarja<\/h2>\n<table style=\"width: 500px;\" border=\"1\" cellspacing=\"5\" cellpadding=\"5\" align=\"center\">\n<tbody>\n<tr>\n<td colspan=\"3\" align=\"center\">Pet najve\u010djih jackpotov za leto 2013<\/td>\n<\/tr>\n<tr>\n<td>\u017drebanje<\/td>\n<td align=\"center\">Datum<\/td>\n<td align=\"center\">Jackpot (USD)<\/td>\n<\/tr>\n<tr>\n<td>Oz Lotto &#8211; Avstralija<\/td>\n<td align=\"center\">17. dec. 2013<\/td>\n<td align=\"right\">62.300.000 $<\/td>\n<\/tr>\n<tr>\n<td>Oz Lotto &#8211; Avstralija<\/td>\n<td align=\"center\">2. jul. 2013<\/td>\n<td align=\"right\">44.500.000 $<\/td>\n<\/tr>\n<tr>\n<td>Oz Lotto &#8211; Avstralija<\/td>\n<td align=\"center\">30. april 2013<\/td>\n<td align=\"right\">26.700.000 $<\/td>\n<\/tr>\n<tr>\n<td>Oz Lotto &#8211; Avstralija<\/td>\n<td align=\"center\">29. januar 2013<\/td>\n<td align=\"right\">20.296.484 $<\/td>\n<\/tr>\n<tr>\n<td>Oz Lotto &#8211; Avstralija<\/td>\n<td align=\"center\">3. september 2013<\/td>\n<td align=\"right\">19.790.620 $<\/td>\n<\/tr>\n<\/tbody>\n<\/table>\n<h2>\u00a0Preverite sre\u010dke na spletu, \u010de se ujemajo pla\u010daj<\/h2>\n<table style=\"width: 500px;\" border=\"1\" cellspacing=\"5\" cellpadding=\"5\" align=\"center\">\n<tbody>\n<tr>\n<td colspan=\"3\" align=\"center\">Oz Lotto &#8211; Avstralske nagradne stopnje<\/td>\n<\/tr>\n<tr>\n<td>Nagrada<\/td>\n<td align=\"center\">Tekme<\/td>\n<td align=\"center\">Kvote<\/td>\n<\/tr>\n<tr>\n<td>1. (Jackpot)<\/td>\n<td align=\"center\">7<\/td>\n<td align=\"right\">45.379.620 : 1<\/td>\n<\/tr>\n<tr>\n<td>2.<\/td>\n<td align=\"center\">6 + 1<\/td>\n<td align=\"right\">3.241.401 : 1<\/td>\n<\/tr>\n<tr>\n<td>3.<\/td>\n<td poravnaj=\"center\">6<\/td>\n<td poravnaj=\"desno\">180.078 : 1<\/td>\n<\/tr>\n<tr>\n<td>4.<\/td>\n<td align=\"center\">5 + 1<\/td>\n<td align=\"right\">29.602 : 1<\/td>\n<\/tr>\n<tr>\n<td>5.<\/td>\n<td align=\"center\">5<\/td>\n<td align=\"right\">3.430 : 1<\/td>\n<\/tr>\n<tr>\n<td>6.<\/td>\n<td align=\"center\">4<\/td>\n<td align=\"right\">154 : 1<\/td>\n<\/tr>\n<tr>\n<td>7.<\/td>\n<td align=\"center\">3 + 1<\/td>\n<td align=\"right\">55 : 1<\/td>\n<\/tr>\n<\/tbody>\n<\/table>\n","protected":false},"excerpt":{"rendered":"<p>Avstralska loterija Vsak teden, v torek in \u010detrtek, se v Avstraliji odvijata dve zelo vznemirljivi loteriji. Sre\u010dke Powerball in Oz Lotto lahko kupite na spletu. Nakup sre\u010dk za avstralski loto na spletu je tako preprost kot &#8220;vre\u010di \u0161e eno kozico na barbiko&#8221;. Ljudje igrajo te loterije za redno visoke jackpote v vi\u0161ini 50 milijonov dolarjev [&hellip;]<\/p>\n","protected":false},"author":1,"featured_media":0,"parent":9322,"menu_order":9,"comment_status":"closed","ping_status":"closed","template":"","meta":{"footnotes":""},"class_list":["post-9677","page","type-page","status-publish","hentry"],"yoast_head":"<!-- This site is optimized with the Yoast SEO plugin v27.4 - https:\/\/yoast.com\/product\/yoast-seo-wordpress\/ -->\n<title>Kupite vstopnice za avstralsko loterijo na spletu<\/title>\n<meta name=\"description\" content=\"Nakup sre\u010dk za avstralske loterije na spletu dvigne navdu\u0161enje na novo raven.\" \/>\n<meta name=\"robots\" content=\"index, follow, max-snippet:-1, max-image-preview:large, max-video-preview:-1\" \/>\n<link rel=\"canonical\" href=\"https:\/\/gambling6.com\/sl\/loterija\/pridobite-spletne-vstopnice-za-avstralsko-loterijo\/\" \/>\n<meta property=\"og:locale\" content=\"sl_SI\" \/>\n<meta property=\"og:type\" content=\"article\" \/>\n<meta property=\"og:title\" content=\"Kupite vstopnice za avstralsko loterijo na spletu\" \/>\n<meta property=\"og:description\" content=\"Nakup sre\u010dk za avstralske loterije na spletu dvigne navdu\u0161enje na novo raven.\" \/>\n<meta property=\"og:url\" content=\"https:\/\/gambling6.com\/sl\/loterija\/pridobite-spletne-vstopnice-za-avstralsko-loterijo\/\" \/>\n<meta property=\"og:site_name\" content=\"Gambling6\" \/>\n<meta name=\"twitter:card\" content=\"summary_large_image\" \/>\n<meta name=\"twitter:label1\" content=\"Est. reading time\" \/>\n\t<meta name=\"twitter:data1\" content=\"2 minuti\" \/>\n<script type=\"application\/ld+json\" class=\"yoast-schema-graph\">{\"@context\":\"https:\\\/\\\/schema.org\",\"@graph\":[{\"@type\":\"WebPage\",\"@id\":\"https:\\\/\\\/gambling6.com\\\/sl\\\/loterija\\\/pridobite-spletne-vstopnice-za-avstralsko-loterijo\\\/\",\"url\":\"https:\\\/\\\/gambling6.com\\\/sl\\\/loterija\\\/pridobite-spletne-vstopnice-za-avstralsko-loterijo\\\/\",\"name\":\"Kupite vstopnice za avstralsko loterijo na spletu\",\"isPartOf\":{\"@id\":\"https:\\\/\\\/gambling6.com\\\/sl\\\/#website\"},\"datePublished\":\"2025-11-11T09:44:52+00:00\",\"description\":\"Nakup sre\u010dk za avstralske loterije na spletu dvigne navdu\u0161enje na novo raven.\",\"breadcrumb\":{\"@id\":\"https:\\\/\\\/gambling6.com\\\/sl\\\/loterija\\\/pridobite-spletne-vstopnice-za-avstralsko-loterijo\\\/#breadcrumb\"},\"inLanguage\":\"sl-SI\",\"potentialAction\":[{\"@type\":\"ReadAction\",\"target\":[\"https:\\\/\\\/gambling6.com\\\/sl\\\/loterija\\\/pridobite-spletne-vstopnice-za-avstralsko-loterijo\\\/\"]}]},{\"@type\":\"BreadcrumbList\",\"@id\":\"https:\\\/\\\/gambling6.com\\\/sl\\\/loterija\\\/pridobite-spletne-vstopnice-za-avstralsko-loterijo\\\/#breadcrumb\",\"itemListElement\":[{\"@type\":\"ListItem\",\"position\":1,\"name\":\"Home\",\"item\":\"https:\\\/\\\/gambling6.com\\\/sl\\\/home\\\/\"},{\"@type\":\"ListItem\",\"position\":2,\"name\":\"Loterija\",\"item\":\"https:\\\/\\\/gambling6.com\\\/sl\\\/loterija\\\/\"},{\"@type\":\"ListItem\",\"position\":3,\"name\":\"Pridobite spletne vstopnice za avstralsko loterijo\"}]},{\"@type\":\"WebSite\",\"@id\":\"https:\\\/\\\/gambling6.com\\\/sl\\\/#website\",\"url\":\"https:\\\/\\\/gambling6.com\\\/sl\\\/\",\"name\":\"Gambling6\",\"description\":\"\",\"potentialAction\":[{\"@type\":\"SearchAction\",\"target\":{\"@type\":\"EntryPoint\",\"urlTemplate\":\"https:\\\/\\\/gambling6.com\\\/sl\\\/?s={search_term_string}\"},\"query-input\":{\"@type\":\"PropertyValueSpecification\",\"valueRequired\":true,\"valueName\":\"search_term_string\"}}],\"inLanguage\":\"sl-SI\"}]}<\/script>\n<!-- \/ Yoast SEO plugin. -->","yoast_head_json":{"title":"Kupite vstopnice za avstralsko loterijo na spletu","description":"Nakup sre\u010dk za avstralske loterije na spletu dvigne navdu\u0161enje na novo raven.","robots":{"index":"index","follow":"follow","max-snippet":"max-snippet:-1","max-image-preview":"max-image-preview:large","max-video-preview":"max-video-preview:-1"},"canonical":"https:\/\/gambling6.com\/sl\/loterija\/pridobite-spletne-vstopnice-za-avstralsko-loterijo\/","og_locale":"sl_SI","og_type":"article","og_title":"Kupite vstopnice za avstralsko loterijo na spletu","og_description":"Nakup sre\u010dk za avstralske loterije na spletu dvigne navdu\u0161enje na novo raven.","og_url":"https:\/\/gambling6.com\/sl\/loterija\/pridobite-spletne-vstopnice-za-avstralsko-loterijo\/","og_site_name":"Gambling6","twitter_card":"summary_large_image","twitter_misc":{"Est. reading time":"2 minuti"},"schema":{"@context":"https:\/\/schema.org","@graph":[{"@type":"WebPage","@id":"https:\/\/gambling6.com\/sl\/loterija\/pridobite-spletne-vstopnice-za-avstralsko-loterijo\/","url":"https:\/\/gambling6.com\/sl\/loterija\/pridobite-spletne-vstopnice-za-avstralsko-loterijo\/","name":"Kupite vstopnice za avstralsko loterijo na spletu","isPartOf":{"@id":"https:\/\/gambling6.com\/sl\/#website"},"datePublished":"2025-11-11T09:44:52+00:00","description":"Nakup sre\u010dk za avstralske loterije na spletu dvigne navdu\u0161enje na novo raven.","breadcrumb":{"@id":"https:\/\/gambling6.com\/sl\/loterija\/pridobite-spletne-vstopnice-za-avstralsko-loterijo\/#breadcrumb"},"inLanguage":"sl-SI","potentialAction":[{"@type":"ReadAction","target":["https:\/\/gambling6.com\/sl\/loterija\/pridobite-spletne-vstopnice-za-avstralsko-loterijo\/"]}]},{"@type":"BreadcrumbList","@id":"https:\/\/gambling6.com\/sl\/loterija\/pridobite-spletne-vstopnice-za-avstralsko-loterijo\/#breadcrumb","itemListElement":[{"@type":"ListItem","position":1,"name":"Home","item":"https:\/\/gambling6.com\/sl\/home\/"},{"@type":"ListItem","position":2,"name":"Loterija","item":"https:\/\/gambling6.com\/sl\/loterija\/"},{"@type":"ListItem","position":3,"name":"Pridobite spletne vstopnice za avstralsko loterijo"}]},{"@type":"WebSite","@id":"https:\/\/gambling6.com\/sl\/#website","url":"https:\/\/gambling6.com\/sl\/","name":"Gambling6","description":"","potentialAction":[{"@type":"SearchAction","target":{"@type":"EntryPoint","urlTemplate":"https:\/\/gambling6.com\/sl\/?s={search_term_string}"},"query-input":{"@type":"PropertyValueSpecification","valueRequired":true,"valueName":"search_term_string"}}],"inLanguage":"sl-SI"}]}},"_links":{"self":[{"href":"https:\/\/gambling6.com\/sl\/wp-json\/wp\/v2\/pages\/9677","targetHints":{"allow":["GET"]}}],"collection":[{"href":"https:\/\/gambling6.com\/sl\/wp-json\/wp\/v2\/pages"}],"about":[{"href":"https:\/\/gambling6.com\/sl\/wp-json\/wp\/v2\/types\/page"}],"author":[{"embeddable":true,"href":"https:\/\/gambling6.com\/sl\/wp-json\/wp\/v2\/users\/1"}],"replies":[{"embeddable":true,"href":"https:\/\/gambling6.com\/sl\/wp-json\/wp\/v2\/comments?post=9677"}],"version-history":[{"count":0,"href":"https:\/\/gambling6.com\/sl\/wp-json\/wp\/v2\/pages\/9677\/revisions"}],"up":[{"embeddable":true,"href":"https:\/\/gambling6.com\/sl\/wp-json\/wp\/v2\/pages\/9322"}],"wp:attachment":[{"href":"https:\/\/gambling6.com\/sl\/wp-json\/wp\/v2\/media?parent=9677"}],"curies":[{"name":"wp","href":"https:\/\/api.w.org\/{rel}","templated":true}]}}