{"id":9685,"date":"2025-11-11T10:01:19","date_gmt":"2025-11-11T10:01:19","guid":{"rendered":"https:\/\/gambling6.com\/loterija\/pridobite-spletne-vstopnice-za-loterijo-mega-sena\/"},"modified":"2025-11-11T10:01:19","modified_gmt":"2025-11-11T10:01:19","slug":"pridobite-spletne-vstopnice-za-loterijo-mega-sena","status":"publish","type":"page","link":"https:\/\/gambling6.com\/sl\/loterija\/pridobite-spletne-vstopnice-za-loterijo-mega-sena\/","title":{"rendered":"Pridobite spletne vstopnice za loterijo Mega Sena"},"content":{"rendered":"<h2>Loterija Mega Sena<\/h2>\n<p>Z zagotovljenim minimalnim jackpotom v vi\u0161ini 1,1 milijona dolarjev loterija Mega Sena v Braziliji dvakrat na teden privabi ogromno sledilcev. Z mo\u017enostjo nakupa sre\u010dk za loterijo Mega Sena prek spleta se jackpoti pogosto povzpnejo precej vi\u0161je<strong>.<\/strong> V dr\u017eavi, ki je po vsem svetu znana po lepih \u017eenskah na pla\u017eah in zabavi, brazilska nacionalna loterija Mega-Sena \u0161e pove\u010da navdu\u0161enje z jackpoti, ki lahko dose\u017eejo 35 milijonov dolarjev.<\/p>\n<p><strong>Kot da 35 milijonov dolarjev ne bi bilo dovolj, na silvestrovo poteka posebno \u017erebanje z zagotovljenim jackpotom v vi\u0161ini 200 milijonov dolarjev.<\/strong><\/p>\n<p>Loterija Mega-Sena, ki poteka dvakrat na teden v Braziliji, je najve\u010dja v Ju\u017eni Ameriki in jo je mogo\u010de kupiti prek spleta. Prebivalci Brazilije, skupaj s \u0161tevilnimi spletnimi igralci, se dvakrat na teden zgrinjajo k nakupu sre\u010dk za to preprosto loterijo.<\/p>\n<h2>Igranje loterije Mega-Sena na spletu.<\/h2>\n<p>Za sodelovanje v tej loteriji morate le izbrati \u0161est \u0161tevilk med 1 in 60 ter po\u010dakati na \u017erebanje. Za prevzem glavnega dobitka morate le uganiti \u0161est \u0161tevilk. <strong>Kot spletni igralec morate naslednji korak poleteti v Brazilijo<\/strong>, prevzeti glavni dobitek in se prepustiti pla\u017ei vsem svojim novim prijateljem.<\/p>\n<p>Verjetnost, da boste z va\u0161imi spletnimi sre\u010dkami osvojili Mega Seno, je pribli\u017eno 50.000.000 proti 1. Z nakupom spletnih sre\u010dk Mega Sena lahko osvojite tudi eno od nagrad druge ali tretje stopnje, ki so pogosto precej\u0161nje. <a class=\"thirstylink\" title=\"Redfoxlotto\" href=\"https:\/\/gambling6.com\/go\/redfoxlotto\/\" target=\"_blank\" rel=\"nofollow noopener\">Kliknite tukaj, \u010de \u017eelite obiskati na\u0161ega partnerja RedFoxlotto in si na spletu priskrbeti sre\u010dke za loterijo Mega Sena.<\/a><\/p>\n<table style=\"width: 500px;\" border=\"1\" cellspacing=\"5\" cellpadding=\"5\" align=\"center\">\n<tbody>\n<tr>\n<td colspan=\"3\" align=\"center\">Pet najve\u010djih jackpotov za leto 2013<\/td>\n<\/tr>\n<tr>\n<td>\u017drebanje<\/td>\n<td align=\"center\">Datum<\/td>\n<td align=\"center\">Jackpot (USD)<\/td>\n<\/tr>\n<tr>\n<td>Mega-Sena &#8211; Latinska Amerika<\/td>\n<td align=\"center\">6. november 2013<\/td>\n<td align=\"right\">34.615.000 $<\/td>\n<\/tr>\n<tr>\n<td>Mega-Sena &#8211; Latinska Amerika<\/td>\n<td align=\"center\">1. junij 2013<\/td>\n<td align=\"right\">18.505.745 $<\/td>\n<\/tr>\n<tr>\n<td>Mega-Sena &#8211; Latinska Amerika<\/td>\n<td align=\"center\">3. julij 2013<\/td>\n<td align=\"right\">18.205.319 $<\/td>\n<\/tr>\n<tr>\n<td>Mega-Sena &#8211; Latinska Amerika<\/td>\n<td align=\"center\">31. avgust 2013<\/td>\n<td align=\"right\">13.760.000 $<\/td>\n<\/tr>\n<tr>\n<td>Mega-Sena &#8211; Latinska Amerika<\/td>\n<td align=\"center\">14. avgust 2013<\/td>\n<td align=\"right\">10.884.923 $<\/td>\n<\/tr>\n<\/tbody>\n<\/table>\n<p>&nbsp;<\/p>\n<table style=\"width: 500px;\" border=\"1\" cellspacing=\"5\" cellpadding=\"5\" align=\"center\">\n<tbody>\n<tr>\n<td colspan=\"3\" align=\"center\">Loterija Mega-Sena &#8211; brazilske nagradne stopnje<\/td>\n<\/tr>\n<tr>\n<td>Nagrada<\/td>\n<td align=\"center\">Tekme<\/td>\n<td align=\"center\">Kvote<\/td>\n<\/tr>\n<tr>\n<td>1. (Jackpot)<\/td>\n<td align=\"center\">6<\/td>\n<td align=\"right\">50.063.856 : 1<\/td>\n<\/tr>\n<tr>\n<td>2.<\/td>\n<td align=\"center\">5<\/td>\n<td align=\"right\">154.518 : 1<\/td>\n<\/tr>\n<tr>\n<td>3.<\/td>\n<td align=\"center\">4<\/td>\n<td align=\"right\">2.332 : 1<\/td>\n<\/tr>\n<\/tbody>\n<\/table>\n","protected":false},"excerpt":{"rendered":"<p>Loterija Mega Sena Z zagotovljenim minimalnim jackpotom v vi\u0161ini 1,1 milijona dolarjev loterija Mega Sena v Braziliji dvakrat na teden privabi ogromno sledilcev. Z mo\u017enostjo nakupa sre\u010dk za loterijo Mega Sena prek spleta se jackpoti pogosto povzpnejo precej vi\u0161je. V dr\u017eavi, ki je po vsem svetu znana po lepih \u017eenskah na pla\u017eah in zabavi, brazilska [&hellip;]<\/p>\n","protected":false},"author":1,"featured_media":0,"parent":9322,"menu_order":8,"comment_status":"closed","ping_status":"closed","template":"","meta":{"footnotes":""},"class_list":["post-9685","page","type-page","status-publish","hentry"],"yoast_head":"<!-- This site is optimized with the Yoast SEO plugin v27.3 - https:\/\/yoast.com\/product\/yoast-seo-wordpress\/ -->\n<title>Kupite spletne vstopnice za loterijo Mega Sena<\/title>\n<meta name=\"description\" content=\"Nau\u010dite se, kako lahko dobite spletne vstopnice za brazilsko loterijo Mega-Sena.\" \/>\n<meta name=\"robots\" content=\"index, follow, max-snippet:-1, max-image-preview:large, max-video-preview:-1\" \/>\n<link rel=\"canonical\" href=\"https:\/\/gambling6.com\/sl\/loterija\/pridobite-spletne-vstopnice-za-loterijo-mega-sena\/\" \/>\n<meta property=\"og:locale\" content=\"sl_SI\" \/>\n<meta property=\"og:type\" content=\"article\" \/>\n<meta property=\"og:title\" content=\"Kupite spletne vstopnice za loterijo Mega Sena\" \/>\n<meta property=\"og:description\" content=\"Nau\u010dite se, kako lahko dobite spletne vstopnice za brazilsko loterijo Mega-Sena.\" \/>\n<meta property=\"og:url\" content=\"https:\/\/gambling6.com\/sl\/loterija\/pridobite-spletne-vstopnice-za-loterijo-mega-sena\/\" \/>\n<meta property=\"og:site_name\" content=\"Gambling6\" \/>\n<meta name=\"twitter:card\" content=\"summary_large_image\" \/>\n<meta name=\"twitter:label1\" content=\"Est. reading time\" \/>\n\t<meta name=\"twitter:data1\" content=\"1 minuta\" \/>\n<script type=\"application\/ld+json\" class=\"yoast-schema-graph\">{\"@context\":\"https:\\\/\\\/schema.org\",\"@graph\":[{\"@type\":\"WebPage\",\"@id\":\"https:\\\/\\\/gambling6.com\\\/sl\\\/loterija\\\/pridobite-spletne-vstopnice-za-loterijo-mega-sena\\\/\",\"url\":\"https:\\\/\\\/gambling6.com\\\/sl\\\/loterija\\\/pridobite-spletne-vstopnice-za-loterijo-mega-sena\\\/\",\"name\":\"Kupite spletne vstopnice za loterijo Mega Sena\",\"isPartOf\":{\"@id\":\"https:\\\/\\\/gambling6.com\\\/sl\\\/#website\"},\"datePublished\":\"2025-11-11T10:01:19+00:00\",\"description\":\"Nau\u010dite se, kako lahko dobite spletne vstopnice za brazilsko loterijo Mega-Sena.\",\"breadcrumb\":{\"@id\":\"https:\\\/\\\/gambling6.com\\\/sl\\\/loterija\\\/pridobite-spletne-vstopnice-za-loterijo-mega-sena\\\/#breadcrumb\"},\"inLanguage\":\"sl-SI\",\"potentialAction\":[{\"@type\":\"ReadAction\",\"target\":[\"https:\\\/\\\/gambling6.com\\\/sl\\\/loterija\\\/pridobite-spletne-vstopnice-za-loterijo-mega-sena\\\/\"]}]},{\"@type\":\"BreadcrumbList\",\"@id\":\"https:\\\/\\\/gambling6.com\\\/sl\\\/loterija\\\/pridobite-spletne-vstopnice-za-loterijo-mega-sena\\\/#breadcrumb\",\"itemListElement\":[{\"@type\":\"ListItem\",\"position\":1,\"name\":\"Home\",\"item\":\"https:\\\/\\\/gambling6.com\\\/sl\\\/home\\\/\"},{\"@type\":\"ListItem\",\"position\":2,\"name\":\"Loterija\",\"item\":\"https:\\\/\\\/gambling6.com\\\/sl\\\/loterija\\\/\"},{\"@type\":\"ListItem\",\"position\":3,\"name\":\"Pridobite spletne vstopnice za loterijo Mega Sena\"}]},{\"@type\":\"WebSite\",\"@id\":\"https:\\\/\\\/gambling6.com\\\/sl\\\/#website\",\"url\":\"https:\\\/\\\/gambling6.com\\\/sl\\\/\",\"name\":\"Gambling6\",\"description\":\"\",\"potentialAction\":[{\"@type\":\"SearchAction\",\"target\":{\"@type\":\"EntryPoint\",\"urlTemplate\":\"https:\\\/\\\/gambling6.com\\\/sl\\\/?s={search_term_string}\"},\"query-input\":{\"@type\":\"PropertyValueSpecification\",\"valueRequired\":true,\"valueName\":\"search_term_string\"}}],\"inLanguage\":\"sl-SI\"}]}<\/script>\n<!-- \/ Yoast SEO plugin. -->","yoast_head_json":{"title":"Kupite spletne vstopnice za loterijo Mega Sena","description":"Nau\u010dite se, kako lahko dobite spletne vstopnice za brazilsko loterijo Mega-Sena.","robots":{"index":"index","follow":"follow","max-snippet":"max-snippet:-1","max-image-preview":"max-image-preview:large","max-video-preview":"max-video-preview:-1"},"canonical":"https:\/\/gambling6.com\/sl\/loterija\/pridobite-spletne-vstopnice-za-loterijo-mega-sena\/","og_locale":"sl_SI","og_type":"article","og_title":"Kupite spletne vstopnice za loterijo Mega Sena","og_description":"Nau\u010dite se, kako lahko dobite spletne vstopnice za brazilsko loterijo Mega-Sena.","og_url":"https:\/\/gambling6.com\/sl\/loterija\/pridobite-spletne-vstopnice-za-loterijo-mega-sena\/","og_site_name":"Gambling6","twitter_card":"summary_large_image","twitter_misc":{"Est. reading time":"1 minuta"},"schema":{"@context":"https:\/\/schema.org","@graph":[{"@type":"WebPage","@id":"https:\/\/gambling6.com\/sl\/loterija\/pridobite-spletne-vstopnice-za-loterijo-mega-sena\/","url":"https:\/\/gambling6.com\/sl\/loterija\/pridobite-spletne-vstopnice-za-loterijo-mega-sena\/","name":"Kupite spletne vstopnice za loterijo Mega Sena","isPartOf":{"@id":"https:\/\/gambling6.com\/sl\/#website"},"datePublished":"2025-11-11T10:01:19+00:00","description":"Nau\u010dite se, kako lahko dobite spletne vstopnice za brazilsko loterijo Mega-Sena.","breadcrumb":{"@id":"https:\/\/gambling6.com\/sl\/loterija\/pridobite-spletne-vstopnice-za-loterijo-mega-sena\/#breadcrumb"},"inLanguage":"sl-SI","potentialAction":[{"@type":"ReadAction","target":["https:\/\/gambling6.com\/sl\/loterija\/pridobite-spletne-vstopnice-za-loterijo-mega-sena\/"]}]},{"@type":"BreadcrumbList","@id":"https:\/\/gambling6.com\/sl\/loterija\/pridobite-spletne-vstopnice-za-loterijo-mega-sena\/#breadcrumb","itemListElement":[{"@type":"ListItem","position":1,"name":"Home","item":"https:\/\/gambling6.com\/sl\/home\/"},{"@type":"ListItem","position":2,"name":"Loterija","item":"https:\/\/gambling6.com\/sl\/loterija\/"},{"@type":"ListItem","position":3,"name":"Pridobite spletne vstopnice za loterijo Mega Sena"}]},{"@type":"WebSite","@id":"https:\/\/gambling6.com\/sl\/#website","url":"https:\/\/gambling6.com\/sl\/","name":"Gambling6","description":"","potentialAction":[{"@type":"SearchAction","target":{"@type":"EntryPoint","urlTemplate":"https:\/\/gambling6.com\/sl\/?s={search_term_string}"},"query-input":{"@type":"PropertyValueSpecification","valueRequired":true,"valueName":"search_term_string"}}],"inLanguage":"sl-SI"}]}},"_links":{"self":[{"href":"https:\/\/gambling6.com\/sl\/wp-json\/wp\/v2\/pages\/9685","targetHints":{"allow":["GET"]}}],"collection":[{"href":"https:\/\/gambling6.com\/sl\/wp-json\/wp\/v2\/pages"}],"about":[{"href":"https:\/\/gambling6.com\/sl\/wp-json\/wp\/v2\/types\/page"}],"author":[{"embeddable":true,"href":"https:\/\/gambling6.com\/sl\/wp-json\/wp\/v2\/users\/1"}],"replies":[{"embeddable":true,"href":"https:\/\/gambling6.com\/sl\/wp-json\/wp\/v2\/comments?post=9685"}],"version-history":[{"count":0,"href":"https:\/\/gambling6.com\/sl\/wp-json\/wp\/v2\/pages\/9685\/revisions"}],"up":[{"embeddable":true,"href":"https:\/\/gambling6.com\/sl\/wp-json\/wp\/v2\/pages\/9322"}],"wp:attachment":[{"href":"https:\/\/gambling6.com\/sl\/wp-json\/wp\/v2\/media?parent=9685"}],"curies":[{"name":"wp","href":"https:\/\/api.w.org\/{rel}","templated":true}]}}