{"id":9700,"date":"2025-11-11T10:23:40","date_gmt":"2025-11-11T10:23:40","guid":{"rendered":"https:\/\/gambling6.com\/loterija\/pridobite-spletne-vstopnice-za-superenalotto\/"},"modified":"2025-11-11T10:23:40","modified_gmt":"2025-11-11T10:23:40","slug":"pridobite-spletne-vstopnice-za-superenalotto","status":"publish","type":"page","link":"https:\/\/gambling6.com\/sl\/loterija\/pridobite-spletne-vstopnice-za-superenalotto\/","title":{"rendered":"Pridobite spletne vstopnice za SuperEnalotto"},"content":{"rendered":"<h2>SuperEnalotto<\/h2>\n<p>Italijani so navdu\u0161eni nad loterijo, \u0161e posebej so navdu\u0161eni nad svojim SuperEnalottom. Vsak teden je prodaja sre\u010dk za to loterijo neverjetna, saj je verjetnost ve\u010d kot 1 proti 600 milijonom. <strong>Nakup spletnih sre\u010dk za italijanski SuperEnalotto vam ponuja najslab\u0161e mo\u017ene kvote od vseh loterij na svetu.<\/strong> Vendar se zdi, da je to glavna atrakcija za lokalne Evropejce in spletne igralce loterije po vsem svetu.<\/p>\n<h2><img loading=\"lazy\" decoding=\"async\" class=\"size-full wp-image-1575 alignright\" src=\"https:\/\/gambling6.com\/wp-content\/uploads\/2022\/04\/2_ticket_superenalotto.jpg\" alt=\"vstopnica za superenalotto\" width=\"228\" height=\"300\" \/>Prenosni jackpoti za SuperEnalotto<\/h2>\n<p>Zaradi verjetnosti za dobitek v italijanskem SuperEnalottu se jackpot pogosto prenese. \u010ce izberete \u0161est \u0161tevilk med ena in 90, imate mo\u017enost, da osvojite glavni dobitek, \u010de se ujemajo vse \u0161est \u0161tevilk. \u010ce se ujemajo le pet \u0161tevilk, dobite bonus nagrado drugega reda. Bonus \u0161tevilka se iz\u017ereba lo\u010deno in je znana kot vesela krogla. <strong>Spletni igralci hitijo z nakupom sre\u010dk, da bi posku\u0161ali osvojiti rekordne glavne dobitke do 500 milijonov evrov.<\/strong><\/p>\n<p>Italijanski SuperEnalotto ima tri \u017erebanja tedensko. <b>Glavni dobitek se za\u010dne pri 2 milijonih evrov in ni presenetljivo, da so ljudje tako zainteresirani za igranje.<\/b> Tako doma\u010dini kot spletni igralci si \u017eelijo dele\u017ea v tej mednarodni loteriji, ki ponuja najvi\u0161je kvote.<\/p>\n<p>SuperEnalotto, ki je bil uveden leta 1997 v Italiji, je hitro pritegnil pozornost evropskih igralcev loterije, glavni dobitki pa so rasli in se prelagali. Najve\u010dji glavni dobitek je leta 2010 osvojil en sam imetnik sre\u010dke, in sicer v vi\u0161ini 223 milijonov evrov. <strong>Z ve\u010d ljudmi, ki kupujejo vstopnice za SuperEnalotto prek spleta,<\/strong> se lahko jackpot \u0161e pove\u010da, saj njegova velikost ni omejena<\/span>.<\/p>\n<p>Poleg tega, da lahko osvojijo velik jackpot, lahko spletni igralci sodelujejo v eni od petih drugih razpolo\u017eljivih nagrad. <a class=\"thirstylink\" title=\"RedFoxLotto en\" href=\"https:\/\/gambling6.com\/go\/redfoxlotto-en\/\" target=\"_blank\" rel=\"nofollow noopener\">\u010ce \u017eelite vstopnice za italijanski SuperEnalotto dobiti prek RedFoxLotta, kliknite tukaj.<\/a><\/p>\n<table style=\"width: 500px;\" border=\"1\" cellspacing=\"5\" cellpadding=\"5\" align=\"center\">\n<tbody>\n<tr>\n<td colspan=\"3\" align=\"center\">Najbolj\u0161i jackpoti za leto 2013<\/td>\n<\/tr>\n<tr>\n<td>\u017drebanje<\/td>\n<td align=\"center\">Datum<\/td>\n<td align=\"center\">Jackpot (USD)<\/td>\n<\/tr>\n<tr>\n<td>SuperEnalotto &#8211; Italija<\/td>\n<td align=\"center\">29. junij 2013<\/td>\n<td align=\"right\">55.759.000 $<\/td>\n<\/tr>\n<tr>\n<td>SuperEnalotto &#8211; Italija<\/td>\n<td align=\"center\">15. oktober 2013<\/td>\n<td align=\"right\">25.124.430 $<\/td>\n<\/tr>\n<tr>\n<td>SuperEnalotto &#8211; Italija<\/td>\n<td align=\"center\">3. oktober 2013<\/td>\n<td align=\"right\">21.372.000 $<\/td>\n<\/tr>\n<tr>\n<td>SuperEnalotto &#8211; Italija<\/td>\n<td align=\"center\">27. julij 2013<\/td>\n<td align=\"right\">19.043.000 $<\/td>\n<\/tr>\n<\/tbody>\n<\/table>\n<p>&nbsp;<\/p>\n<table style=\"width: 500px;\" border=\"1\" cellspacing=\"5\" cellpadding=\"5\" align=\"center\">\n<tbody>\n<tr>\n<td colspan=\"3\" align=\"center\">SuperEnalotto &#8211; Nagradne stopnje Italija<\/td>\n<\/tr>\n<tr>\n<td>Nagrada<\/td>\n<td align=\"center\">Tekme<\/td>\n<td align=\"center\">Kvote<\/td>\n<\/tr>\n<tr>\n<td>1. (Jackpot)<\/td>\n<td align=\"center\">6<\/td>\n<td align=\"right\">622.614.630 : 1<\/td>\n<\/tr>\n<tr>\n<td>2.<\/td>\n<td align=\"center\">5 + 1<\/td>\n<td align=\"right\">103.769.105 : 1<\/td>\n<\/tr>\n<tr>\n<td>3.<\/td>\n<td align=\"center\">5<\/td>\n<td align=\"right\">1.235.346 : 1<\/td>\n<\/tr>\n<tr>\n<td>4.<\/td>\n<td align=\"center\">4<\/td>\n<td align=\"right\">11.907 : 1<\/td>\n<\/tr>\n<tr>\n<td>5.<\/td>\n<td align=\"center\">3<\/td>\n<td align=\"right\">327 : 1<\/td>\n<\/tr>\n<\/tbody>\n<\/table>\n","protected":false},"excerpt":{"rendered":"<p>SuperEnalotto Italijani so navdu\u0161eni nad loterijo, \u0161e posebej so navdu\u0161eni nad svojim SuperEnalottom. Vsak teden je prodaja sre\u010dk za to loterijo neverjetna, saj je verjetnost ve\u010d kot 1 proti 600 milijonom. Nakup spletnih sre\u010dk za italijanski SuperEnalotto vam ponuja najslab\u0161e mo\u017ene kvote od vseh loterij na svetu. Vendar se zdi, da je to glavna atrakcija [&hellip;]<\/p>\n","protected":false},"author":1,"featured_media":0,"parent":9322,"menu_order":7,"comment_status":"closed","ping_status":"closed","template":"","meta":{"footnotes":""},"class_list":["post-9700","page","type-page","status-publish","hentry"],"yoast_head":"<!-- This site is optimized with the Yoast SEO plugin v27.4 - https:\/\/yoast.com\/product\/yoast-seo-wordpress\/ -->\n<title>Kupite vstopnice za SuperEnalotto na spletu<\/title>\n<meta name=\"description\" content=\"Pridobite si vstopnice za SuperEnalotto na spletu tako, da obi\u0161\u010dete na\u0161ega partnerja, RedFoxLotto\" \/>\n<meta name=\"robots\" content=\"index, follow, max-snippet:-1, max-image-preview:large, max-video-preview:-1\" \/>\n<link rel=\"canonical\" href=\"https:\/\/gambling6.com\/sl\/loterija\/pridobite-spletne-vstopnice-za-superenalotto\/\" \/>\n<meta property=\"og:locale\" content=\"sl_SI\" \/>\n<meta property=\"og:type\" content=\"article\" \/>\n<meta property=\"og:title\" content=\"Kupite vstopnice za SuperEnalotto na spletu\" \/>\n<meta property=\"og:description\" content=\"Pridobite si vstopnice za SuperEnalotto na spletu tako, da obi\u0161\u010dete na\u0161ega partnerja, RedFoxLotto\" \/>\n<meta property=\"og:url\" content=\"https:\/\/gambling6.com\/sl\/loterija\/pridobite-spletne-vstopnice-za-superenalotto\/\" \/>\n<meta property=\"og:site_name\" content=\"Gambling6\" \/>\n<meta property=\"og:image\" content=\"https:\/\/gambling6.com\/wp-content\/uploads\/2022\/04\/2_ticket_superenalotto.jpg\" \/>\n\t<meta property=\"og:image:width\" content=\"228\" \/>\n\t<meta property=\"og:image:height\" content=\"300\" \/>\n\t<meta property=\"og:image:type\" content=\"image\/jpeg\" \/>\n<meta name=\"twitter:card\" content=\"summary_large_image\" \/>\n<meta name=\"twitter:label1\" content=\"Est. reading time\" \/>\n\t<meta name=\"twitter:data1\" content=\"2 minuti\" \/>\n<script type=\"application\/ld+json\" class=\"yoast-schema-graph\">{\"@context\":\"https:\\\/\\\/schema.org\",\"@graph\":[{\"@type\":\"WebPage\",\"@id\":\"https:\\\/\\\/gambling6.com\\\/sl\\\/loterija\\\/pridobite-spletne-vstopnice-za-superenalotto\\\/\",\"url\":\"https:\\\/\\\/gambling6.com\\\/sl\\\/loterija\\\/pridobite-spletne-vstopnice-za-superenalotto\\\/\",\"name\":\"Kupite vstopnice za SuperEnalotto na spletu\",\"isPartOf\":{\"@id\":\"https:\\\/\\\/gambling6.com\\\/sl\\\/#website\"},\"primaryImageOfPage\":{\"@id\":\"https:\\\/\\\/gambling6.com\\\/sl\\\/loterija\\\/pridobite-spletne-vstopnice-za-superenalotto\\\/#primaryimage\"},\"image\":{\"@id\":\"https:\\\/\\\/gambling6.com\\\/sl\\\/loterija\\\/pridobite-spletne-vstopnice-za-superenalotto\\\/#primaryimage\"},\"thumbnailUrl\":\"https:\\\/\\\/gambling6.com\\\/wp-content\\\/uploads\\\/2022\\\/04\\\/2_ticket_superenalotto.jpg\",\"datePublished\":\"2025-11-11T10:23:40+00:00\",\"description\":\"Pridobite si vstopnice za SuperEnalotto na spletu tako, da obi\u0161\u010dete na\u0161ega partnerja, RedFoxLotto\",\"breadcrumb\":{\"@id\":\"https:\\\/\\\/gambling6.com\\\/sl\\\/loterija\\\/pridobite-spletne-vstopnice-za-superenalotto\\\/#breadcrumb\"},\"inLanguage\":\"sl-SI\",\"potentialAction\":[{\"@type\":\"ReadAction\",\"target\":[\"https:\\\/\\\/gambling6.com\\\/sl\\\/loterija\\\/pridobite-spletne-vstopnice-za-superenalotto\\\/\"]}]},{\"@type\":\"ImageObject\",\"inLanguage\":\"sl-SI\",\"@id\":\"https:\\\/\\\/gambling6.com\\\/sl\\\/loterija\\\/pridobite-spletne-vstopnice-za-superenalotto\\\/#primaryimage\",\"url\":\"https:\\\/\\\/gambling6.com\\\/wp-content\\\/uploads\\\/2022\\\/04\\\/2_ticket_superenalotto.jpg\",\"contentUrl\":\"https:\\\/\\\/gambling6.com\\\/wp-content\\\/uploads\\\/2022\\\/04\\\/2_ticket_superenalotto.jpg\"},{\"@type\":\"BreadcrumbList\",\"@id\":\"https:\\\/\\\/gambling6.com\\\/sl\\\/loterija\\\/pridobite-spletne-vstopnice-za-superenalotto\\\/#breadcrumb\",\"itemListElement\":[{\"@type\":\"ListItem\",\"position\":1,\"name\":\"Home\",\"item\":\"https:\\\/\\\/gambling6.com\\\/sl\\\/home\\\/\"},{\"@type\":\"ListItem\",\"position\":2,\"name\":\"Loterija\",\"item\":\"https:\\\/\\\/gambling6.com\\\/sl\\\/loterija\\\/\"},{\"@type\":\"ListItem\",\"position\":3,\"name\":\"Pridobite spletne vstopnice za SuperEnalotto\"}]},{\"@type\":\"WebSite\",\"@id\":\"https:\\\/\\\/gambling6.com\\\/sl\\\/#website\",\"url\":\"https:\\\/\\\/gambling6.com\\\/sl\\\/\",\"name\":\"Gambling6\",\"description\":\"\",\"potentialAction\":[{\"@type\":\"SearchAction\",\"target\":{\"@type\":\"EntryPoint\",\"urlTemplate\":\"https:\\\/\\\/gambling6.com\\\/sl\\\/?s={search_term_string}\"},\"query-input\":{\"@type\":\"PropertyValueSpecification\",\"valueRequired\":true,\"valueName\":\"search_term_string\"}}],\"inLanguage\":\"sl-SI\"}]}<\/script>\n<!-- \/ Yoast SEO plugin. -->","yoast_head_json":{"title":"Kupite vstopnice za SuperEnalotto na spletu","description":"Pridobite si vstopnice za SuperEnalotto na spletu tako, da obi\u0161\u010dete na\u0161ega partnerja, RedFoxLotto","robots":{"index":"index","follow":"follow","max-snippet":"max-snippet:-1","max-image-preview":"max-image-preview:large","max-video-preview":"max-video-preview:-1"},"canonical":"https:\/\/gambling6.com\/sl\/loterija\/pridobite-spletne-vstopnice-za-superenalotto\/","og_locale":"sl_SI","og_type":"article","og_title":"Kupite vstopnice za SuperEnalotto na spletu","og_description":"Pridobite si vstopnice za SuperEnalotto na spletu tako, da obi\u0161\u010dete na\u0161ega partnerja, RedFoxLotto","og_url":"https:\/\/gambling6.com\/sl\/loterija\/pridobite-spletne-vstopnice-za-superenalotto\/","og_site_name":"Gambling6","og_image":[{"width":228,"height":300,"url":"https:\/\/gambling6.com\/wp-content\/uploads\/2022\/04\/2_ticket_superenalotto.jpg","type":"image\/jpeg"}],"twitter_card":"summary_large_image","twitter_misc":{"Est. reading time":"2 minuti"},"schema":{"@context":"https:\/\/schema.org","@graph":[{"@type":"WebPage","@id":"https:\/\/gambling6.com\/sl\/loterija\/pridobite-spletne-vstopnice-za-superenalotto\/","url":"https:\/\/gambling6.com\/sl\/loterija\/pridobite-spletne-vstopnice-za-superenalotto\/","name":"Kupite vstopnice za SuperEnalotto na spletu","isPartOf":{"@id":"https:\/\/gambling6.com\/sl\/#website"},"primaryImageOfPage":{"@id":"https:\/\/gambling6.com\/sl\/loterija\/pridobite-spletne-vstopnice-za-superenalotto\/#primaryimage"},"image":{"@id":"https:\/\/gambling6.com\/sl\/loterija\/pridobite-spletne-vstopnice-za-superenalotto\/#primaryimage"},"thumbnailUrl":"https:\/\/gambling6.com\/wp-content\/uploads\/2022\/04\/2_ticket_superenalotto.jpg","datePublished":"2025-11-11T10:23:40+00:00","description":"Pridobite si vstopnice za SuperEnalotto na spletu tako, da obi\u0161\u010dete na\u0161ega partnerja, RedFoxLotto","breadcrumb":{"@id":"https:\/\/gambling6.com\/sl\/loterija\/pridobite-spletne-vstopnice-za-superenalotto\/#breadcrumb"},"inLanguage":"sl-SI","potentialAction":[{"@type":"ReadAction","target":["https:\/\/gambling6.com\/sl\/loterija\/pridobite-spletne-vstopnice-za-superenalotto\/"]}]},{"@type":"ImageObject","inLanguage":"sl-SI","@id":"https:\/\/gambling6.com\/sl\/loterija\/pridobite-spletne-vstopnice-za-superenalotto\/#primaryimage","url":"https:\/\/gambling6.com\/wp-content\/uploads\/2022\/04\/2_ticket_superenalotto.jpg","contentUrl":"https:\/\/gambling6.com\/wp-content\/uploads\/2022\/04\/2_ticket_superenalotto.jpg"},{"@type":"BreadcrumbList","@id":"https:\/\/gambling6.com\/sl\/loterija\/pridobite-spletne-vstopnice-za-superenalotto\/#breadcrumb","itemListElement":[{"@type":"ListItem","position":1,"name":"Home","item":"https:\/\/gambling6.com\/sl\/home\/"},{"@type":"ListItem","position":2,"name":"Loterija","item":"https:\/\/gambling6.com\/sl\/loterija\/"},{"@type":"ListItem","position":3,"name":"Pridobite spletne vstopnice za SuperEnalotto"}]},{"@type":"WebSite","@id":"https:\/\/gambling6.com\/sl\/#website","url":"https:\/\/gambling6.com\/sl\/","name":"Gambling6","description":"","potentialAction":[{"@type":"SearchAction","target":{"@type":"EntryPoint","urlTemplate":"https:\/\/gambling6.com\/sl\/?s={search_term_string}"},"query-input":{"@type":"PropertyValueSpecification","valueRequired":true,"valueName":"search_term_string"}}],"inLanguage":"sl-SI"}]}},"_links":{"self":[{"href":"https:\/\/gambling6.com\/sl\/wp-json\/wp\/v2\/pages\/9700","targetHints":{"allow":["GET"]}}],"collection":[{"href":"https:\/\/gambling6.com\/sl\/wp-json\/wp\/v2\/pages"}],"about":[{"href":"https:\/\/gambling6.com\/sl\/wp-json\/wp\/v2\/types\/page"}],"author":[{"embeddable":true,"href":"https:\/\/gambling6.com\/sl\/wp-json\/wp\/v2\/users\/1"}],"replies":[{"embeddable":true,"href":"https:\/\/gambling6.com\/sl\/wp-json\/wp\/v2\/comments?post=9700"}],"version-history":[{"count":0,"href":"https:\/\/gambling6.com\/sl\/wp-json\/wp\/v2\/pages\/9700\/revisions"}],"up":[{"embeddable":true,"href":"https:\/\/gambling6.com\/sl\/wp-json\/wp\/v2\/pages\/9322"}],"wp:attachment":[{"href":"https:\/\/gambling6.com\/sl\/wp-json\/wp\/v2\/media?parent=9700"}],"curies":[{"name":"wp","href":"https:\/\/api.w.org\/{rel}","templated":true}]}}