{"id":9701,"date":"2025-11-11T10:24:51","date_gmt":"2025-11-11T10:24:51","guid":{"rendered":"https:\/\/gambling6.com\/loterija\/pridobite-spletne-vstopnice-za-britansko-nacionalno-loterijo\/"},"modified":"2025-11-11T10:24:51","modified_gmt":"2025-11-11T10:24:51","slug":"pridobite-spletne-vstopnice-za-britansko-nacionalno-loterijo","status":"publish","type":"page","link":"https:\/\/gambling6.com\/sl\/loterija\/pridobite-spletne-vstopnice-za-britansko-nacionalno-loterijo\/","title":{"rendered":"Pridobite spletne vstopnice za britansko nacionalno loterijo"},"content":{"rendered":"<h2>Sre\u010dne sre\u010dke za britansko nacionalno loterijo na spletu<\/h2>\n<p><strong style=\"background-color: initial;\">S spletno sre\u010dko za britansko nacionalno loterijo boste postali del najljub\u0161ega lota Velike Britanije.<\/strong><span style=\"background-color: initial;\"> Prodaja sre\u010dk, tako na spletu kot lokalno, zna\u0161a pribli\u017eno 50.000.000 na \u017erebanje. Z sre\u010dko imate 1 proti 56 mo\u017enosti, da osvojite 25 \u00a3, kar je za\u010detni dobitek v britanski nacionalni loteriji.<\/span><\/p>\n<p>Za igranje te loterije izberete \u0161est glavnih \u0161tevilk med 1 in 49. Za unov\u010denje glavnega dobitka morate preprosto uganiti \u0161est \u0161tevilk. <strong>Mo\u017enosti za zmago v britanski nacionalni loteriji so pribli\u017eno 1 proti 14 milijonom.<\/strong> Te mo\u017enosti so veliko bolj\u0161e kot poskusi zmage v loteriji Euromillions; Pravzaprav je verjetnost, da boste unov\u010dili dobitek, pribli\u017eno 10-krat ve\u010dja.<\/p>\n<p>Vsako sredo in soboto prodaja sre\u010dk strmo naraste, saj lokalni Britanci in mednarodni spletni igralci loterije kupujejo sre\u010dke za osvojitev glavnega dobitka, ki skoraj vedno presega 5 milijonov funtov. \u010ceprav je 45 % prodaje sre\u010dk zagotovljeno v nagradni sklad, je bilo od uvedbe te loterije leta 1994 v korist dobrih namenov v Zdru\u017eenem kraljestvu in tujini namenjenih ve\u010d kot 42 milijard funtov.<\/p>\n<p><img loading=\"lazy\" decoding=\"async\" class=\"size-medium wp-image-1371 alignright\" src=\"https:\/\/gambling6.com\/wp-content\/uploads\/2022\/04\/2_ticket_uk_lottery-192x300.jpg\" alt=\"ticket uk lottery\" width=\"192\" height=\"300\" srcset=\"https:\/\/gambling6.com\/wp-content\/uploads\/2022\/04\/2_ticket_uk_lottery-192x300.jpg 192w, https:\/\/gambling6.com\/wp-content\/uploads\/2022\/04\/2_ticket_uk_lottery.jpg 564w\" sizes=\"auto, (max-width: 192px) 100vw, 192px\" \/>Ko se ta loterija \u017ereba ob sobotah in sredah v Londonu, je ob\u010dinstvo, ki v rokah stiska sre\u010dke, precej veliko. Ljudje se zgrinjajo k televiziji v lokalnih pubih v upanju, da bodo osvojili 5 milijonov funtov. Poleg tega se glavni dobitek, \u010de ni osvojen, prenese na naslednje \u017erebanje. <a class=\"thirstylink\" title=\"RedFoxLotto sl\" href=\"https:\/\/gambling6.com\/go\/redfoxlotto-sl\/\" target=\"_blank\" rel=\"nofollow noopener\">Pridobite si spletno sre\u010dko in mo\u017enost, da zahtevate nagrado za britansko nacionalno loterijo, tako da obi\u0161\u010dete na\u0161ega partnerja RedFoxLotto.<\/a><\/p>\n<table style=\"width: 500px;\" border=\"1\" cellspacing=\"5\" cellpadding=\"5\" align=\"center\">\n<tbody>\n<tr>\n<td colspan=\"3\" align=\"center\">Pet najve\u010djih jackpotov za leto 2013<\/td>\n<\/tr>\n<tr>\n<td>\u017drebanje<\/td>\n<td align=\"center\">Datum<\/td>\n<td align=\"center\">Jackpot (USD)<\/td>\n<\/tr>\n<tr>\n<td>Nacionalna loterija &#8211; Zdru\u017eeno kraljestvo<\/td>\n<td align=\"center\">5. oktober 2013<\/td>\n<td style=\"text-align: center;\" align=\"right\">16.500.000 $<\/td>\n<\/tr>\n<tr>\n<td>Nacionalna loterija &#8211; Zdru\u017eeno kraljestvo<\/td>\n<td align=\"center\">12. oktober 2013<\/td>\n<td align=\"right\">16.500.000 $<\/td>\n<\/tr>\n<tr>\n<td>Nacionalna loterija &#8211; Zdru\u017eeno kraljestvo<\/td>\n<td align=\"center\">18. september 2013<\/td>\n<td align=\"right\">14.025.000 $<\/td>\n<\/tr>\n<tr>\n<td>Nacionalna loterija &#8211; Zdru\u017eeno kraljestvo<\/td>\n<td align=\"center\">18. december 2013<\/td>\n<td align=\"right\">13.173.600 $<\/td>\n<\/tr>\n<tr>\n<td>Nacionalna loterija &#8211; Zdru\u017eeno kraljestvo<\/td>\n<td align=\"center\">2. november 2013<\/td>\n<td align=\"right\">13.134.000 $<\/td>\n<\/tr>\n<\/tbody>\n<\/table>\n<p>&nbsp;<\/p>\n<table style=\"width: 500px;\" border=\"1\" cellspacing=\"5\" cellpadding=\"5\" align=\"center\">\n<tbody>\n<tr>\n<td colspan=\"3\" align=\"center\">Stopnje nagrad britanske nacionalne loterije<\/td>\n<\/tr>\n<tr>\n<td>Nagrada<\/td>\n<td align=\"center\">Tekme<\/td>\n<td align=\"center\">Kvote<\/td>\n<\/tr>\n<tr>\n<td>1. (jackpot)<\/td>\n<td style=\"text-align: center;\" poravnaj=\"center\">6<\/td>\n<td poravnaj=\"desno\">13.983.816 : 1<\/td>\n<\/tr>\n<tr>\n<td>2.<\/td>\n<td poravnaj=\"center\">5 + 1<\/td>\n<td poravnaj=\"desno\">2.330.636 : 1<\/td>\n<\/tr>\n<tr>\n<td>3.<\/td>\n<td poravnaj=\"center\">5<\/td>\n<td poravnaj=\"desno\">55.492 : 1<\/td>\n<\/tr>\n<tr>\n<td>4.<\/td>\n<td poravnaj=\"center\">4<\/td>\n<td poravnaj=\"desno\">1.033 : 1<\/td>\n<\/tr>\n<tr>\n<td>5.<\/td>\n<td poravnaj=\"center\">3<\/td>\n<td poravnaj=\"desno\">57 : 1<\/td>\n<\/tr>\n<\/tbody>\n<\/table>\n","protected":false},"excerpt":{"rendered":"<p>Sre\u010dne sre\u010dke za britansko nacionalno loterijo na spletu S spletno sre\u010dko za britansko nacionalno loterijo boste postali del najljub\u0161ega lota Velike Britanije. Prodaja sre\u010dk, tako na spletu kot lokalno, zna\u0161a pribli\u017eno 50.000.000 na \u017erebanje. Z sre\u010dko imate 1 proti 56 mo\u017enosti, da osvojite 25 \u00a3, kar je za\u010detni dobitek v britanski nacionalni loteriji. Za igranje [&hellip;]<\/p>\n","protected":false},"author":1,"featured_media":0,"parent":9322,"menu_order":6,"comment_status":"closed","ping_status":"closed","template":"","meta":{"footnotes":""},"class_list":["post-9701","page","type-page","status-publish","hentry"],"yoast_head":"<!-- This site is optimized with the Yoast SEO plugin v27.6 - https:\/\/yoast.com\/product\/yoast-seo-wordpress\/ -->\n<title>Kupite vstopnice za britansko nacionalno loterijo na spletu<\/title>\n<meta name=\"description\" content=\"Sodelujte v britanski nacionalni loteriji tako, da dobite sre\u010dke na spletu.\" \/>\n<meta name=\"robots\" content=\"index, follow, max-snippet:-1, max-image-preview:large, max-video-preview:-1\" \/>\n<link rel=\"canonical\" href=\"https:\/\/gambling6.com\/sl\/loterija\/pridobite-spletne-vstopnice-za-britansko-nacionalno-loterijo\/\" \/>\n<meta property=\"og:locale\" content=\"sl_SI\" \/>\n<meta property=\"og:type\" content=\"article\" \/>\n<meta property=\"og:title\" content=\"Kupite vstopnice za britansko nacionalno loterijo na spletu\" \/>\n<meta property=\"og:description\" content=\"Sodelujte v britanski nacionalni loteriji tako, da dobite sre\u010dke na spletu.\" \/>\n<meta property=\"og:url\" content=\"https:\/\/gambling6.com\/sl\/loterija\/pridobite-spletne-vstopnice-za-britansko-nacionalno-loterijo\/\" \/>\n<meta property=\"og:site_name\" content=\"Gambling6\" \/>\n<meta property=\"og:image\" content=\"https:\/\/gambling6.com\/wp-content\/uploads\/2022\/04\/2_ticket_uk_lottery.jpg\" \/>\n\t<meta property=\"og:image:width\" content=\"564\" \/>\n\t<meta property=\"og:image:height\" content=\"883\" \/>\n\t<meta property=\"og:image:type\" content=\"image\/jpeg\" \/>\n<meta name=\"twitter:card\" content=\"summary_large_image\" \/>\n<meta name=\"twitter:label1\" content=\"Est. reading time\" \/>\n\t<meta name=\"twitter:data1\" content=\"2 minuti\" \/>\n<script type=\"application\/ld+json\" class=\"yoast-schema-graph\">{\"@context\":\"https:\\\/\\\/schema.org\",\"@graph\":[{\"@type\":\"WebPage\",\"@id\":\"https:\\\/\\\/gambling6.com\\\/sl\\\/loterija\\\/pridobite-spletne-vstopnice-za-britansko-nacionalno-loterijo\\\/\",\"url\":\"https:\\\/\\\/gambling6.com\\\/sl\\\/loterija\\\/pridobite-spletne-vstopnice-za-britansko-nacionalno-loterijo\\\/\",\"name\":\"Kupite vstopnice za britansko nacionalno loterijo na spletu\",\"isPartOf\":{\"@id\":\"https:\\\/\\\/gambling6.com\\\/sl\\\/#website\"},\"primaryImageOfPage\":{\"@id\":\"https:\\\/\\\/gambling6.com\\\/sl\\\/loterija\\\/pridobite-spletne-vstopnice-za-britansko-nacionalno-loterijo\\\/#primaryimage\"},\"image\":{\"@id\":\"https:\\\/\\\/gambling6.com\\\/sl\\\/loterija\\\/pridobite-spletne-vstopnice-za-britansko-nacionalno-loterijo\\\/#primaryimage\"},\"thumbnailUrl\":\"https:\\\/\\\/gambling6.com\\\/wp-content\\\/uploads\\\/2022\\\/04\\\/2_ticket_uk_lottery-192x300.jpg\",\"datePublished\":\"2025-11-11T10:24:51+00:00\",\"description\":\"Sodelujte v britanski nacionalni loteriji tako, da dobite sre\u010dke na spletu.\",\"breadcrumb\":{\"@id\":\"https:\\\/\\\/gambling6.com\\\/sl\\\/loterija\\\/pridobite-spletne-vstopnice-za-britansko-nacionalno-loterijo\\\/#breadcrumb\"},\"inLanguage\":\"sl-SI\",\"potentialAction\":[{\"@type\":\"ReadAction\",\"target\":[\"https:\\\/\\\/gambling6.com\\\/sl\\\/loterija\\\/pridobite-spletne-vstopnice-za-britansko-nacionalno-loterijo\\\/\"]}]},{\"@type\":\"ImageObject\",\"inLanguage\":\"sl-SI\",\"@id\":\"https:\\\/\\\/gambling6.com\\\/sl\\\/loterija\\\/pridobite-spletne-vstopnice-za-britansko-nacionalno-loterijo\\\/#primaryimage\",\"url\":\"https:\\\/\\\/gambling6.com\\\/wp-content\\\/uploads\\\/2022\\\/04\\\/2_ticket_uk_lottery-192x300.jpg\",\"contentUrl\":\"https:\\\/\\\/gambling6.com\\\/wp-content\\\/uploads\\\/2022\\\/04\\\/2_ticket_uk_lottery-192x300.jpg\"},{\"@type\":\"BreadcrumbList\",\"@id\":\"https:\\\/\\\/gambling6.com\\\/sl\\\/loterija\\\/pridobite-spletne-vstopnice-za-britansko-nacionalno-loterijo\\\/#breadcrumb\",\"itemListElement\":[{\"@type\":\"ListItem\",\"position\":1,\"name\":\"Home\",\"item\":\"https:\\\/\\\/gambling6.com\\\/sl\\\/home\\\/\"},{\"@type\":\"ListItem\",\"position\":2,\"name\":\"Loterija\",\"item\":\"https:\\\/\\\/gambling6.com\\\/sl\\\/loterija\\\/\"},{\"@type\":\"ListItem\",\"position\":3,\"name\":\"Pridobite spletne vstopnice za britansko nacionalno loterijo\"}]},{\"@type\":\"WebSite\",\"@id\":\"https:\\\/\\\/gambling6.com\\\/sl\\\/#website\",\"url\":\"https:\\\/\\\/gambling6.com\\\/sl\\\/\",\"name\":\"Gambling6\",\"description\":\"\",\"potentialAction\":[{\"@type\":\"SearchAction\",\"target\":{\"@type\":\"EntryPoint\",\"urlTemplate\":\"https:\\\/\\\/gambling6.com\\\/sl\\\/?s={search_term_string}\"},\"query-input\":{\"@type\":\"PropertyValueSpecification\",\"valueRequired\":true,\"valueName\":\"search_term_string\"}}],\"inLanguage\":\"sl-SI\"}]}<\/script>\n<!-- \/ Yoast SEO plugin. -->","yoast_head_json":{"title":"Kupite vstopnice za britansko nacionalno loterijo na spletu","description":"Sodelujte v britanski nacionalni loteriji tako, da dobite sre\u010dke na spletu.","robots":{"index":"index","follow":"follow","max-snippet":"max-snippet:-1","max-image-preview":"max-image-preview:large","max-video-preview":"max-video-preview:-1"},"canonical":"https:\/\/gambling6.com\/sl\/loterija\/pridobite-spletne-vstopnice-za-britansko-nacionalno-loterijo\/","og_locale":"sl_SI","og_type":"article","og_title":"Kupite vstopnice za britansko nacionalno loterijo na spletu","og_description":"Sodelujte v britanski nacionalni loteriji tako, da dobite sre\u010dke na spletu.","og_url":"https:\/\/gambling6.com\/sl\/loterija\/pridobite-spletne-vstopnice-za-britansko-nacionalno-loterijo\/","og_site_name":"Gambling6","og_image":[{"width":564,"height":883,"url":"https:\/\/gambling6.com\/wp-content\/uploads\/2022\/04\/2_ticket_uk_lottery.jpg","type":"image\/jpeg"}],"twitter_card":"summary_large_image","twitter_misc":{"Est. reading time":"2 minuti"},"schema":{"@context":"https:\/\/schema.org","@graph":[{"@type":"WebPage","@id":"https:\/\/gambling6.com\/sl\/loterija\/pridobite-spletne-vstopnice-za-britansko-nacionalno-loterijo\/","url":"https:\/\/gambling6.com\/sl\/loterija\/pridobite-spletne-vstopnice-za-britansko-nacionalno-loterijo\/","name":"Kupite vstopnice za britansko nacionalno loterijo na spletu","isPartOf":{"@id":"https:\/\/gambling6.com\/sl\/#website"},"primaryImageOfPage":{"@id":"https:\/\/gambling6.com\/sl\/loterija\/pridobite-spletne-vstopnice-za-britansko-nacionalno-loterijo\/#primaryimage"},"image":{"@id":"https:\/\/gambling6.com\/sl\/loterija\/pridobite-spletne-vstopnice-za-britansko-nacionalno-loterijo\/#primaryimage"},"thumbnailUrl":"https:\/\/gambling6.com\/wp-content\/uploads\/2022\/04\/2_ticket_uk_lottery-192x300.jpg","datePublished":"2025-11-11T10:24:51+00:00","description":"Sodelujte v britanski nacionalni loteriji tako, da dobite sre\u010dke na spletu.","breadcrumb":{"@id":"https:\/\/gambling6.com\/sl\/loterija\/pridobite-spletne-vstopnice-za-britansko-nacionalno-loterijo\/#breadcrumb"},"inLanguage":"sl-SI","potentialAction":[{"@type":"ReadAction","target":["https:\/\/gambling6.com\/sl\/loterija\/pridobite-spletne-vstopnice-za-britansko-nacionalno-loterijo\/"]}]},{"@type":"ImageObject","inLanguage":"sl-SI","@id":"https:\/\/gambling6.com\/sl\/loterija\/pridobite-spletne-vstopnice-za-britansko-nacionalno-loterijo\/#primaryimage","url":"https:\/\/gambling6.com\/wp-content\/uploads\/2022\/04\/2_ticket_uk_lottery-192x300.jpg","contentUrl":"https:\/\/gambling6.com\/wp-content\/uploads\/2022\/04\/2_ticket_uk_lottery-192x300.jpg"},{"@type":"BreadcrumbList","@id":"https:\/\/gambling6.com\/sl\/loterija\/pridobite-spletne-vstopnice-za-britansko-nacionalno-loterijo\/#breadcrumb","itemListElement":[{"@type":"ListItem","position":1,"name":"Home","item":"https:\/\/gambling6.com\/sl\/home\/"},{"@type":"ListItem","position":2,"name":"Loterija","item":"https:\/\/gambling6.com\/sl\/loterija\/"},{"@type":"ListItem","position":3,"name":"Pridobite spletne vstopnice za britansko nacionalno loterijo"}]},{"@type":"WebSite","@id":"https:\/\/gambling6.com\/sl\/#website","url":"https:\/\/gambling6.com\/sl\/","name":"Gambling6","description":"","potentialAction":[{"@type":"SearchAction","target":{"@type":"EntryPoint","urlTemplate":"https:\/\/gambling6.com\/sl\/?s={search_term_string}"},"query-input":{"@type":"PropertyValueSpecification","valueRequired":true,"valueName":"search_term_string"}}],"inLanguage":"sl-SI"}]}},"_links":{"self":[{"href":"https:\/\/gambling6.com\/sl\/wp-json\/wp\/v2\/pages\/9701","targetHints":{"allow":["GET"]}}],"collection":[{"href":"https:\/\/gambling6.com\/sl\/wp-json\/wp\/v2\/pages"}],"about":[{"href":"https:\/\/gambling6.com\/sl\/wp-json\/wp\/v2\/types\/page"}],"author":[{"embeddable":true,"href":"https:\/\/gambling6.com\/sl\/wp-json\/wp\/v2\/users\/1"}],"replies":[{"embeddable":true,"href":"https:\/\/gambling6.com\/sl\/wp-json\/wp\/v2\/comments?post=9701"}],"version-history":[{"count":0,"href":"https:\/\/gambling6.com\/sl\/wp-json\/wp\/v2\/pages\/9701\/revisions"}],"up":[{"embeddable":true,"href":"https:\/\/gambling6.com\/sl\/wp-json\/wp\/v2\/pages\/9322"}],"wp:attachment":[{"href":"https:\/\/gambling6.com\/sl\/wp-json\/wp\/v2\/media?parent=9701"}],"curies":[{"name":"wp","href":"https:\/\/api.w.org\/{rel}","templated":true}]}}