{"id":8650,"date":"2025-11-07T22:11:02","date_gmt":"2025-11-07T22:11:02","guid":{"rendered":"https:\/\/gambling6.com\/jocuri-pe-site-uri-europene-de-poker\/"},"modified":"2025-11-15T08:05:32","modified_gmt":"2025-11-15T08:05:32","slug":"jocuri-pe-site-uri-europene-de-poker","status":"publish","type":"page","link":"https:\/\/gambling6.com\/sr\/%d0%bf%d0%be%d0%ba%d0%b5%d1%80\/jocuri-pe-site-uri-europene-de-poker\/","title":{"rendered":"Jocuri pe site-uri europene de poker"},"content":{"rendered":"<h2>\u0218i site-urile europene ofer\u0103 poker.<\/h2>\n<p>\u00cen ultimii ani, popularitatea pokerului a atins noi culmi. \u021a\u0103rile europene reprezint\u0103 o pia\u021b\u0103 semnificativ\u0103 pentru site-urile de poker online, iar restric\u021biile luate de guvernul american asupra jocurilor de noroc online i-au obligat pe operatori s\u0103 se concentreze \u00een mare m\u0103sur\u0103 pe pia\u021ba european\u0103. De\u0219i pokerul live este o pasiune \u00een r\u00e2ndul europenilor, pokerul online ajunge rapid din urm\u0103 juc\u0103torii pricepu\u021bi la internet. \u021a\u0103ri precum Marea Britanie, Austria \u0219i Germania g\u0103zduiesc chiar \u0219i turnee \u0219i turnee interna\u021bionale de poker.<\/p>\n<p><img loading=\"lazy\" decoding=\"async\" class=\"size-full wp-image-3075 alignright\" src=\"https:\/\/gambling6.com\/wp-content\/uploads\/2022\/04\/poker_bonusode_test_bericht.png\" alt=\"\u0435\u0432\u0440\u043e\u043f\u0441\u043a\u0438 \u043f\u043e\u043a\u0435\u0440 \u0441\u0430\u0458\u0442\u043e\u0432\u0438\" width=\"246\" height=\"200\" \/>Continentul Europa cuprinde mai multe \u021b\u0103ri membre ale Uniunii Europene (UE). Pokerul online este privit favorabil \u00een \u00eentreaga Uniune European\u0103 &#8211; de fapt, site-urilor de poker online nu li s-a interzis s\u0103 opereze pe pie\u021bele europene. Cu toate acestea, fiecare \u021bar\u0103 membr\u0103 \u00ee\u0219i aplic\u0103 propriile legi privind jocurile de noroc online. Prin urmare, explicarea legalit\u0103\u021bii pokerului online \u00een Europa este destul de complex\u0103. Toate na\u021biunile membre ale Uniunii Europene trebuie s\u0103 accepte servicii de la alte na\u021biuni membre, dar fiecare \u021bar\u0103 are libertatea de a decide cu privire la legalitatea jocurilor de noroc online.<\/p>\n<p>\u00cen consecin\u021b\u0103, unii membri ai UE au interzis jocurile de noroc online, c\u00e2\u021biva le-au legalizat, \u00een timp ce al\u021bii au adoptat o abordare ambigu\u0103. De\u0219i este \u00een regul\u0103 s\u0103 joci online, juc\u0103torii europeni de poker online trebuie s\u0103 fie precau\u021bi &#8211; li se sugereaz\u0103 s\u0103 verifice politica local\u0103 asociat\u0103 cu jocurile de noroc online \u00eenainte de a decide s\u0103 joace. Chiar dac\u0103 site-urile de poker online sunt impozitate \u0219i reglementate de Uniunea European\u0103, exist\u0103 diferen\u021be \u00een legile statelor membre individuale privind jocurile de noroc online.<\/p>\n<h2>Cel mai bun site de poker online pentru juc\u0103torii europeni<\/h2>\n<p>Juc\u0103torii europeni de poker online au o selec\u021bie mult mai larg\u0103 de site-uri de poker dec\u00e2t juc\u0103torii americani. Site-ul care iese \u00een eviden\u021b\u0103 este 888 Poker.<\/p>\n<p><span style=\"background-color: transparent;\"><strong>888 Poker<\/strong> este un nume cunoscut printre site-urile europene de poker. \u0218i chiar ofer\u0103 juc\u0103torilor noi un <span style=\"font-size: medium;\"><strong>bankroll gratuit de 20 \u20ac &#8211; un \u00eenceput complet f\u0103r\u0103 riscuri la poker pe bani reali<\/strong><\/span>! \u00cen plus, ai dreptul la un alt bonus de 300 \u20ac la o depunere ulterioar\u0103. <\/span><a class=\"thirstylink\" title=\"888 poker en\" href=\"https:\/\/gambling6.com\/go\/888-poker-en\/\" target=\"_blank\" rel=\"nofollow noopener\"><strong>Face\u021bi clic aici pentru a v\u0103 \u00eenregistra la 888 \u0219i a \u00eencepe s\u0103 juca\u021bi gratuit cu 20 \u20ac \u00een bani reali.<\/strong><\/a><br \/>\n<a href=\"https:\/\/ic.aff-handler.com\/C\/46138?sr=1073333&amp;anid=\" rel=\"nofollow\"><img loading=\"lazy\" decoding=\"async\" class=\"aligncenter\" src=\"https:\/\/ic.aff-handler.com\/I\/46138?sr=1073333&amp;anid=\" width=\"530\" height=\"68\" \/><\/a><\/p>\n<p>De exemplu, Regatul Unit permite cet\u0103\u021benilor s\u0103i s\u0103 joace jocuri de noroc online \u0219i permite, de asemenea, site-urilor de jocuri de noroc str\u0103ine s\u0103 opereze \u00een \u021bar\u0103. Olanda permite reziden\u021bilor s\u0103 joace doar pe site-uri de poker online care au o licen\u021b\u0103 olandez\u0103. Pe de alt\u0103 parte, \u021b\u0103rile est-europene nu erau implicate \u00een cursa jocurilor de noroc online, dar, \u00een ultima vreme, av\u00e2nd acces facil la internet, s-au al\u0103turat \u0219i ele acestei lupte. Recent, a fost \u00eenaintat\u0103 UE o propunere care solicit\u0103 un sistem de reglementare uniform pentru jocurile de noroc online \u00een toate statele membre. Acest lucru ar ajuta la standardizarea procesului de licen\u021biere \u00een \u00eentreaga Europ\u0103 \u0219i la simplificarea acestuia.<\/p>\n<p>\u00cen ceea ce prive\u0219te juc\u0103torii de pe site-urile europene de poker, li se aplic\u0103 doar legile fiscale. Juc\u0103torii sunt impozita\u021bi de \u021b\u0103rile lor respective \u0219i de UE atunci c\u00e2nd depun bani pe un site de poker online din str\u0103in\u0103tate. Diferite \u021b\u0103ri din Europa vorbesc alte limbi. Site-urile europene de poker \u00ee\u0219i deservesc, \u00een general, clientela \u00een limba local\u0103. Cu toate acestea, unele dintre site-urile importante de poker \u00ee\u0219i ofer\u0103 ast\u0103zi site-urile web \u00een diferite limbi, deoarece software-ul lor de poker accept\u0103 mai multe limbi.<\/p>\n<p>Asisten\u021ba pentru clien\u021bi este oferit\u0103 \u0219i \u00een diferite limbi. Pe l\u00e2ng\u0103 englez\u0103, site-ul de poker poate oferi francez\u0103, spaniol\u0103, german\u0103, olandez\u0103, danez\u0103, italian\u0103, norvegian\u0103, portughez\u0103 etc. Ca \u0219i \u00een cazul limbilor, site-urile europene de poker accept\u0103 diferite valute. De\u0219i monedele principale sunt dolarii americani sau lira sterlin\u0103, euro este moneda comun\u0103 \u00een UE. Juc\u0103torii de poker din Europa prefer\u0103 s\u0103 foloseasc\u0103 euro sau lira sterlin\u0103 atunci c\u00e2nd fac depuneri pe un site de poker online.<\/p>\n<p>Site-urile europene de poker ofer\u0103, \u00een general, mai multe op\u021biuni de depunere \u0219i retragere pentru a se potrivi clien\u021bilor din diverse na\u021biuni ale Uniunii Europene. Metodele standard de plat\u0103 pe site-urile de poker online includ carduri de debit, carduri de credit, portofele electronice, transferuri bancare, transferuri bancare \u0219i cecuri electronice. Cea mai u\u0219oar\u0103 \u0219i mai popular\u0103 metod\u0103 de a alimenta un cont de poker online este cu cardul de credit. Cu toate acestea, este posibil ca unii emiten\u021bi de carduri de credit s\u0103 nu aprobe tranzac\u021biile pentru jocurile de noroc online, a\u0219a c\u0103 este cel mai bine s\u0103 verifica\u021bi \u00eenainte de a opta pentru aceast\u0103 metod\u0103.<\/p>\n<p>Mul\u021bi juc\u0103tori de poker consider\u0103 c\u0103 este convenabil s\u0103 \u00ee\u0219i alimenteze conturile de poker online folosind portofele electronice. Juc\u0103torii pot deschide un cont la oricare dintre serviciile de portofel electronic \u0219i pot alimenta contul prin intermediul b\u0103ncii lor. Portofelul electronic&#8230;Contul et poate fi, la r\u00e2ndul s\u0103u, folosit pentru a efectua depuneri \u00een contul de poker. Printre portofelele electronice populare oferite de companiile europene se num\u0103r\u0103 Neteller, Moneybookers \u0219i e-WalletXpress, printre altele. Juc\u0103torul poate alege dintre multe alte portofele electronice \u00een func\u021bie de compatibilitatea lor.<\/p>\n","protected":false},"excerpt":{"rendered":"<p>\u0218i site-urile europene ofer\u0103 poker. \u00cen ultimii ani, popularitatea pokerului a atins noi culmi. \u021a\u0103rile europene reprezint\u0103 o pia\u021b\u0103 semnificativ\u0103 pentru site-urile de poker online, iar restric\u021biile luate de guvernul american asupra jocurilor de noroc online i-au obligat pe operatori s\u0103 se concentreze \u00een mare m\u0103sur\u0103 pe pia\u021ba european\u0103. De\u0219i pokerul live este o pasiune [&hellip;]<\/p>\n","protected":false},"author":1,"featured_media":0,"parent":8749,"menu_order":22,"comment_status":"closed","ping_status":"closed","template":"","meta":{"footnotes":""},"class_list":["post-8650","page","type-page","status-publish","hentry"],"yoast_head":"<!-- This site is optimized with the Yoast SEO plugin v27.3 - https:\/\/yoast.com\/product\/yoast-seo-wordpress\/ -->\n<title>Cele mai bune site-uri de poker europene<\/title>\n<meta name=\"description\" content=\"Juc\u0103torii europeni de poker au o mul\u021bime de site-uri din care pot alege - iat\u0103 care sunt camerele noastre de poker preferate din UE\" \/>\n<meta name=\"robots\" content=\"index, follow, max-snippet:-1, max-image-preview:large, max-video-preview:-1\" \/>\n<link rel=\"canonical\" href=\"https:\/\/gambling6.com\/sr\/%d0%bf%d0%be%d0%ba%d0%b5%d1%80\/jocuri-pe-site-uri-europene-de-poker\/\" \/>\n<meta property=\"og:locale\" content=\"sr_RS\" \/>\n<meta property=\"og:type\" content=\"article\" \/>\n<meta property=\"og:title\" content=\"Cele mai bune site-uri de poker europene\" \/>\n<meta property=\"og:description\" content=\"Juc\u0103torii europeni de poker au o mul\u021bime de site-uri din care pot alege - iat\u0103 care sunt camerele noastre de poker preferate din UE\" \/>\n<meta property=\"og:url\" content=\"https:\/\/gambling6.com\/sr\/%d0%bf%d0%be%d0%ba%d0%b5%d1%80\/jocuri-pe-site-uri-europene-de-poker\/\" \/>\n<meta property=\"og:site_name\" content=\"Gambling6\" \/>\n<meta property=\"article:modified_time\" content=\"2025-11-15T08:05:32+00:00\" \/>\n<meta property=\"og:image\" content=\"https:\/\/gambling6.com\/wp-content\/uploads\/2022\/04\/poker_bonusode_test_bericht.png\" \/>\n\t<meta property=\"og:image:width\" content=\"246\" \/>\n\t<meta property=\"og:image:height\" content=\"200\" \/>\n\t<meta property=\"og:image:type\" content=\"image\/png\" \/>\n<meta name=\"twitter:card\" content=\"summary_large_image\" \/>\n<meta name=\"twitter:label1\" content=\"\u041f\u0440\u043e\u0446\u0435\u045a\u0435\u043d\u043e \u0432\u0440\u0435\u043c\u0435 \u0447\u0438\u0442\u0430\u045a\u0430\" \/>\n\t<meta name=\"twitter:data1\" content=\"4 \u043c\u0438\u043d\u0443\u0442\u0430\" \/>\n<script type=\"application\/ld+json\" class=\"yoast-schema-graph\">{\"@context\":\"https:\\\/\\\/schema.org\",\"@graph\":[{\"@type\":\"WebPage\",\"@id\":\"https:\\\/\\\/gambling6.com\\\/sr\\\/%d0%bf%d0%be%d0%ba%d0%b5%d1%80\\\/jocuri-pe-site-uri-europene-de-poker\\\/\",\"url\":\"https:\\\/\\\/gambling6.com\\\/sr\\\/%d0%bf%d0%be%d0%ba%d0%b5%d1%80\\\/jocuri-pe-site-uri-europene-de-poker\\\/\",\"name\":\"Cele mai bune site-uri de poker europene\",\"isPartOf\":{\"@id\":\"https:\\\/\\\/gambling6.com\\\/sr\\\/#website\"},\"primaryImageOfPage\":{\"@id\":\"https:\\\/\\\/gambling6.com\\\/sr\\\/%d0%bf%d0%be%d0%ba%d0%b5%d1%80\\\/jocuri-pe-site-uri-europene-de-poker\\\/#primaryimage\"},\"image\":{\"@id\":\"https:\\\/\\\/gambling6.com\\\/sr\\\/%d0%bf%d0%be%d0%ba%d0%b5%d1%80\\\/jocuri-pe-site-uri-europene-de-poker\\\/#primaryimage\"},\"thumbnailUrl\":\"https:\\\/\\\/gambling6.com\\\/wp-content\\\/uploads\\\/2022\\\/04\\\/poker_bonusode_test_bericht.png\",\"datePublished\":\"2025-11-07T22:11:02+00:00\",\"dateModified\":\"2025-11-15T08:05:32+00:00\",\"description\":\"Juc\u0103torii europeni de poker au o mul\u021bime de site-uri din care pot alege - iat\u0103 care sunt camerele noastre de poker preferate din UE\",\"breadcrumb\":{\"@id\":\"https:\\\/\\\/gambling6.com\\\/sr\\\/%d0%bf%d0%be%d0%ba%d0%b5%d1%80\\\/jocuri-pe-site-uri-europene-de-poker\\\/#breadcrumb\"},\"inLanguage\":\"sr-RS\",\"potentialAction\":[{\"@type\":\"ReadAction\",\"target\":[\"https:\\\/\\\/gambling6.com\\\/sr\\\/%d0%bf%d0%be%d0%ba%d0%b5%d1%80\\\/jocuri-pe-site-uri-europene-de-poker\\\/\"]}]},{\"@type\":\"ImageObject\",\"inLanguage\":\"sr-RS\",\"@id\":\"https:\\\/\\\/gambling6.com\\\/sr\\\/%d0%bf%d0%be%d0%ba%d0%b5%d1%80\\\/jocuri-pe-site-uri-europene-de-poker\\\/#primaryimage\",\"url\":\"https:\\\/\\\/gambling6.com\\\/wp-content\\\/uploads\\\/2022\\\/04\\\/poker_bonusode_test_bericht.png\",\"contentUrl\":\"https:\\\/\\\/gambling6.com\\\/wp-content\\\/uploads\\\/2022\\\/04\\\/poker_bonusode_test_bericht.png\"},{\"@type\":\"BreadcrumbList\",\"@id\":\"https:\\\/\\\/gambling6.com\\\/sr\\\/%d0%bf%d0%be%d0%ba%d0%b5%d1%80\\\/jocuri-pe-site-uri-europene-de-poker\\\/#breadcrumb\",\"itemListElement\":[{\"@type\":\"ListItem\",\"position\":1,\"name\":\"Home\",\"item\":\"https:\\\/\\\/gambling6.com\\\/sr\\\/home\\\/\"},{\"@type\":\"ListItem\",\"position\":2,\"name\":\"\u041f\u043e\u043a\u0435\u0440\",\"item\":\"https:\\\/\\\/gambling6.com\\\/sr\\\/%d0%bf%d0%be%d0%ba%d0%b5%d1%80\\\/\"},{\"@type\":\"ListItem\",\"position\":3,\"name\":\"Jocuri pe site-uri europene de poker\"}]},{\"@type\":\"WebSite\",\"@id\":\"https:\\\/\\\/gambling6.com\\\/sr\\\/#website\",\"url\":\"https:\\\/\\\/gambling6.com\\\/sr\\\/\",\"name\":\"Gambling6\",\"description\":\"\",\"potentialAction\":[{\"@type\":\"SearchAction\",\"target\":{\"@type\":\"EntryPoint\",\"urlTemplate\":\"https:\\\/\\\/gambling6.com\\\/sr\\\/?s={search_term_string}\"},\"query-input\":{\"@type\":\"PropertyValueSpecification\",\"valueRequired\":true,\"valueName\":\"search_term_string\"}}],\"inLanguage\":\"sr-RS\"}]}<\/script>\n<!-- \/ Yoast SEO plugin. -->","yoast_head_json":{"title":"Cele mai bune site-uri de poker europene","description":"Juc\u0103torii europeni de poker au o mul\u021bime de site-uri din care pot alege - iat\u0103 care sunt camerele noastre de poker preferate din UE","robots":{"index":"index","follow":"follow","max-snippet":"max-snippet:-1","max-image-preview":"max-image-preview:large","max-video-preview":"max-video-preview:-1"},"canonical":"https:\/\/gambling6.com\/sr\/%d0%bf%d0%be%d0%ba%d0%b5%d1%80\/jocuri-pe-site-uri-europene-de-poker\/","og_locale":"sr_RS","og_type":"article","og_title":"Cele mai bune site-uri de poker europene","og_description":"Juc\u0103torii europeni de poker au o mul\u021bime de site-uri din care pot alege - iat\u0103 care sunt camerele noastre de poker preferate din UE","og_url":"https:\/\/gambling6.com\/sr\/%d0%bf%d0%be%d0%ba%d0%b5%d1%80\/jocuri-pe-site-uri-europene-de-poker\/","og_site_name":"Gambling6","article_modified_time":"2025-11-15T08:05:32+00:00","og_image":[{"width":246,"height":200,"url":"https:\/\/gambling6.com\/wp-content\/uploads\/2022\/04\/poker_bonusode_test_bericht.png","type":"image\/png"}],"twitter_card":"summary_large_image","twitter_misc":{"\u041f\u0440\u043e\u0446\u0435\u045a\u0435\u043d\u043e \u0432\u0440\u0435\u043c\u0435 \u0447\u0438\u0442\u0430\u045a\u0430":"4 \u043c\u0438\u043d\u0443\u0442\u0430"},"schema":{"@context":"https:\/\/schema.org","@graph":[{"@type":"WebPage","@id":"https:\/\/gambling6.com\/sr\/%d0%bf%d0%be%d0%ba%d0%b5%d1%80\/jocuri-pe-site-uri-europene-de-poker\/","url":"https:\/\/gambling6.com\/sr\/%d0%bf%d0%be%d0%ba%d0%b5%d1%80\/jocuri-pe-site-uri-europene-de-poker\/","name":"Cele mai bune site-uri de poker europene","isPartOf":{"@id":"https:\/\/gambling6.com\/sr\/#website"},"primaryImageOfPage":{"@id":"https:\/\/gambling6.com\/sr\/%d0%bf%d0%be%d0%ba%d0%b5%d1%80\/jocuri-pe-site-uri-europene-de-poker\/#primaryimage"},"image":{"@id":"https:\/\/gambling6.com\/sr\/%d0%bf%d0%be%d0%ba%d0%b5%d1%80\/jocuri-pe-site-uri-europene-de-poker\/#primaryimage"},"thumbnailUrl":"https:\/\/gambling6.com\/wp-content\/uploads\/2022\/04\/poker_bonusode_test_bericht.png","datePublished":"2025-11-07T22:11:02+00:00","dateModified":"2025-11-15T08:05:32+00:00","description":"Juc\u0103torii europeni de poker au o mul\u021bime de site-uri din care pot alege - iat\u0103 care sunt camerele noastre de poker preferate din UE","breadcrumb":{"@id":"https:\/\/gambling6.com\/sr\/%d0%bf%d0%be%d0%ba%d0%b5%d1%80\/jocuri-pe-site-uri-europene-de-poker\/#breadcrumb"},"inLanguage":"sr-RS","potentialAction":[{"@type":"ReadAction","target":["https:\/\/gambling6.com\/sr\/%d0%bf%d0%be%d0%ba%d0%b5%d1%80\/jocuri-pe-site-uri-europene-de-poker\/"]}]},{"@type":"ImageObject","inLanguage":"sr-RS","@id":"https:\/\/gambling6.com\/sr\/%d0%bf%d0%be%d0%ba%d0%b5%d1%80\/jocuri-pe-site-uri-europene-de-poker\/#primaryimage","url":"https:\/\/gambling6.com\/wp-content\/uploads\/2022\/04\/poker_bonusode_test_bericht.png","contentUrl":"https:\/\/gambling6.com\/wp-content\/uploads\/2022\/04\/poker_bonusode_test_bericht.png"},{"@type":"BreadcrumbList","@id":"https:\/\/gambling6.com\/sr\/%d0%bf%d0%be%d0%ba%d0%b5%d1%80\/jocuri-pe-site-uri-europene-de-poker\/#breadcrumb","itemListElement":[{"@type":"ListItem","position":1,"name":"Home","item":"https:\/\/gambling6.com\/sr\/home\/"},{"@type":"ListItem","position":2,"name":"\u041f\u043e\u043a\u0435\u0440","item":"https:\/\/gambling6.com\/sr\/%d0%bf%d0%be%d0%ba%d0%b5%d1%80\/"},{"@type":"ListItem","position":3,"name":"Jocuri pe site-uri europene de poker"}]},{"@type":"WebSite","@id":"https:\/\/gambling6.com\/sr\/#website","url":"https:\/\/gambling6.com\/sr\/","name":"Gambling6","description":"","potentialAction":[{"@type":"SearchAction","target":{"@type":"EntryPoint","urlTemplate":"https:\/\/gambling6.com\/sr\/?s={search_term_string}"},"query-input":{"@type":"PropertyValueSpecification","valueRequired":true,"valueName":"search_term_string"}}],"inLanguage":"sr-RS"}]}},"_links":{"self":[{"href":"https:\/\/gambling6.com\/sr\/wp-json\/wp\/v2\/pages\/8650","targetHints":{"allow":["GET"]}}],"collection":[{"href":"https:\/\/gambling6.com\/sr\/wp-json\/wp\/v2\/pages"}],"about":[{"href":"https:\/\/gambling6.com\/sr\/wp-json\/wp\/v2\/types\/page"}],"author":[{"embeddable":true,"href":"https:\/\/gambling6.com\/sr\/wp-json\/wp\/v2\/users\/1"}],"replies":[{"embeddable":true,"href":"https:\/\/gambling6.com\/sr\/wp-json\/wp\/v2\/comments?post=8650"}],"version-history":[{"count":3,"href":"https:\/\/gambling6.com\/sr\/wp-json\/wp\/v2\/pages\/8650\/revisions"}],"predecessor-version":[{"id":10835,"href":"https:\/\/gambling6.com\/sr\/wp-json\/wp\/v2\/pages\/8650\/revisions\/10835"}],"up":[{"embeddable":true,"href":"https:\/\/gambling6.com\/sr\/wp-json\/wp\/v2\/pages\/8749"}],"wp:attachment":[{"href":"https:\/\/gambling6.com\/sr\/wp-json\/wp\/v2\/media?parent=8650"}],"curies":[{"name":"wp","href":"https:\/\/api.w.org\/{rel}","templated":true}]}}