{"id":11035,"date":"2025-11-17T11:15:37","date_gmt":"2025-11-17T11:15:37","guid":{"rendered":"https:\/\/gambling6.com\/?page_id=11035"},"modified":"2025-11-17T11:15:37","modified_gmt":"2025-11-17T11:15:37","slug":"888-casino-recension","status":"publish","type":"page","link":"https:\/\/gambling6.com\/sv\/888-casino-recension\/","title":{"rendered":"888 Casino Recension"},"content":{"rendered":"<h2>Inte bara en roulettesajt &#8211; 888 Casino<\/h2>\n<p>888 online casino \u00e4r ett etablerat varum\u00e4rke inom spelbranschen. Detta online casino erbjuder b\u00e5de ett fantastiskt Flash-baserat casino som laddas snabbt i din webbl\u00e4sare och m\u00f6jligheten att ladda ner spelprogramvara f\u00f6r att komma \u00e5t spelen. Spelare f\u00f6redrar nedladdningsversionen eftersom den ger en enhetlig k\u00e4nsla och utseende genom spelen.<br \/>\n<a href=\"https:\/\/ic.aff-handler.com\/C\/45871?sr=1064399&amp;anid=\" rel=\"nofollow\"><img decoding=\"async\" class=\"aligncenter\" src=\"https:\/\/ic.aff-handler.com\/I\/45871?sr=1064399&amp;anid=\" \/><\/a><\/p>\n<h2>888 Roulette-spel<\/h2>\n<p>Fr\u00e5n europeisk roulette till 3D-roulette kan du njuta av alla typer av roulette du har i \u00e5tanke p\u00e5 detta casino. Det finns ocks\u00e5 gratis roulettespel d\u00e4r du kan l\u00e4ra dig spelets regler om du \u00e4r nyb\u00f6rjare. Casinots huvudattraktion \u00e4r live-rouletten. Du kan v\u00e4lja mellan tre bord med en enda nolla: europeisk, fransk och Venezia Roulette (italiensktalande dealer).<\/p>\n<p>Insatsintervallet b\u00f6rjar fr\u00e5n 1 till maximalt 200. De accepterade valutorna \u00e4r USD, euro och GBP. Spelet erbjuder spelarna en fantastisk estetik. Det b\u00e4sta \u00e4r att spelarna kan spela det i webbl\u00e4saren utan att ladda ner n\u00e5gon programvara. Det finns tv\u00e5 vyer av spelet: den klassiska och 3D-vyn. Spelet har allt, vilket roulettefan som helst kan \u00f6nska sig.<\/p>\n<p>Men f\u00f6rutom roulettespelen hittar du alla typer av onlinespel f\u00f6r pengar h\u00e4r. Poker, sportsbook, bingo, skraplotter, spelautomater, blackjack &#8211; you name it, de har det!<\/p>\n<h2>888-s\u00e4kerhet<\/h2>\n<p>Detta casino med huvudkontor i Gibraltar tar skyddet av sina medlemmars personliga information p\u00e5 st\u00f6rsta allvar. De f\u00f6ljer strikta s\u00e4kerhetsprotokoll f\u00f6r att skydda data och information fr\u00e5n cyberkriminella attacker. Casinot \u00e4r stolt \u00f6ver att ha olika s\u00e4kerhetscertifieringar. De erbjuder 20 ins\u00e4ttningsmetoder, inklusive de mest betrodda namnen i branschen, som Visa och Neteller. Casinot m\u00e5ste uppr\u00e4tth\u00e5lla en h\u00f6g s\u00e4kerhetsniv\u00e5, eftersom spelare m\u00e5ste l\u00e4mna ut verifieringsdokument f\u00f6r att f\u00f6rhindra bedr\u00e4gerier, och informationen \u00e4r k\u00e4nslig. Med s\u00e5dana extraordin\u00e4ra s\u00e4kerhets\u00e5tg\u00e4rder kan spelare njuta av spelet utan bekymmer.<\/p>\n<h2>888 Casino Bonusar och Kampanjer<\/h2>\n<p>F\u00f6rutom spelen \u00e4r det n\u00e4sta som de flesta casinospelare \u00e4r intresserade av bonusar och kampanjer. 888 erbjuder fantastiska kampanjer med j\u00e4mna mellanrum. De ger en gener\u00f6s anm\u00e4lningsbonus till alla nya spelare. Du kan anv\u00e4nda den i vilken casinospelssektion som helst. N\u00e4r du spelar roulette f\u00f6r f\u00f6rsta g\u00e5ngen v\u00e4lkomnas du med en anm\u00e4lningsbonus p\u00e5 1500 \u20ac. Casinot har ocks\u00e5 en h\u00e4nvisningskampanj d\u00e4r du kan tj\u00e4na bel\u00f6ningar genom att bjuda in v\u00e4nner att g\u00e5 med. Sammantaget \u00e4r 888 Casino ett roligt st\u00e4lle att vara p\u00e5 f\u00f6r alla rouletteentusiaster. Alla spelfantaster kan njuta och ha en trevlig tid p\u00e5 detta casino!<\/p>\n","protected":false},"excerpt":{"rendered":"<p>Inte bara en roulettesajt &#8211; 888 Casino 888 online casino \u00e4r ett etablerat varum\u00e4rke inom spelbranschen. Detta online casino erbjuder b\u00e5de ett fantastiskt Flash-baserat casino som laddas snabbt i din webbl\u00e4sare och m\u00f6jligheten att ladda ner spelprogramvara f\u00f6r att komma \u00e5t spelen. Spelare f\u00f6redrar nedladdningsversionen eftersom den ger en enhetlig k\u00e4nsla och utseende genom spelen. [&hellip;]<\/p>\n","protected":false},"author":1,"featured_media":0,"parent":0,"menu_order":3,"comment_status":"closed","ping_status":"closed","template":"","meta":{"footnotes":""},"class_list":["post-11035","page","type-page","status-publish","hentry"],"yoast_head":"<!-- This site is optimized with the Yoast SEO plugin v27.4 - https:\/\/yoast.com\/product\/yoast-seo-wordpress\/ -->\n<title>888 Casino Recension - Gambling6<\/title>\n<meta name=\"robots\" content=\"index, follow, max-snippet:-1, max-image-preview:large, max-video-preview:-1\" \/>\n<link rel=\"canonical\" href=\"https:\/\/gambling6.com\/sv\/888-casino-recension\/\" \/>\n<meta property=\"og:locale\" content=\"sv_SE\" \/>\n<meta property=\"og:type\" content=\"article\" \/>\n<meta property=\"og:title\" content=\"888 Casino Recension - Gambling6\" \/>\n<meta property=\"og:description\" content=\"Inte bara en roulettesajt &#8211; 888 Casino 888 online casino \u00e4r ett etablerat varum\u00e4rke inom spelbranschen. Detta online casino erbjuder b\u00e5de ett fantastiskt Flash-baserat casino som laddas snabbt i din webbl\u00e4sare och m\u00f6jligheten att ladda ner spelprogramvara f\u00f6r att komma \u00e5t spelen. Spelare f\u00f6redrar nedladdningsversionen eftersom den ger en enhetlig k\u00e4nsla och utseende genom spelen. [&hellip;]\" \/>\n<meta property=\"og:url\" content=\"https:\/\/gambling6.com\/sv\/888-casino-recension\/\" \/>\n<meta property=\"og:site_name\" content=\"Gambling6\" \/>\n<meta property=\"og:image\" content=\"https:\/\/ic.aff-handler.com\/I\/45871?sr=1064399&amp;anid=\" \/>\n<meta name=\"twitter:card\" content=\"summary_large_image\" \/>\n<meta name=\"twitter:label1\" content=\"Ber\u00e4knad l\u00e4stid\" \/>\n\t<meta name=\"twitter:data1\" content=\"2 minuter\" \/>\n<script type=\"application\/ld+json\" class=\"yoast-schema-graph\">{\"@context\":\"https:\\\/\\\/schema.org\",\"@graph\":[{\"@type\":\"WebPage\",\"@id\":\"https:\\\/\\\/gambling6.com\\\/sv\\\/888-casino-recension\\\/\",\"url\":\"https:\\\/\\\/gambling6.com\\\/sv\\\/888-casino-recension\\\/\",\"name\":\"888 Casino Recension - Gambling6\",\"isPartOf\":{\"@id\":\"https:\\\/\\\/gambling6.com\\\/sv\\\/#website\"},\"primaryImageOfPage\":{\"@id\":\"https:\\\/\\\/gambling6.com\\\/sv\\\/888-casino-recension\\\/#primaryimage\"},\"image\":{\"@id\":\"https:\\\/\\\/gambling6.com\\\/sv\\\/888-casino-recension\\\/#primaryimage\"},\"thumbnailUrl\":\"https:\\\/\\\/ic.aff-handler.com\\\/I\\\/45871?sr=1064399&amp;anid=\",\"datePublished\":\"2025-11-17T11:15:37+00:00\",\"breadcrumb\":{\"@id\":\"https:\\\/\\\/gambling6.com\\\/sv\\\/888-casino-recension\\\/#breadcrumb\"},\"inLanguage\":\"sv-SE\",\"potentialAction\":[{\"@type\":\"ReadAction\",\"target\":[\"https:\\\/\\\/gambling6.com\\\/sv\\\/888-casino-recension\\\/\"]}]},{\"@type\":\"ImageObject\",\"inLanguage\":\"sv-SE\",\"@id\":\"https:\\\/\\\/gambling6.com\\\/sv\\\/888-casino-recension\\\/#primaryimage\",\"url\":\"https:\\\/\\\/ic.aff-handler.com\\\/I\\\/45871?sr=1064399&amp;anid=\",\"contentUrl\":\"https:\\\/\\\/ic.aff-handler.com\\\/I\\\/45871?sr=1064399&amp;anid=\"},{\"@type\":\"BreadcrumbList\",\"@id\":\"https:\\\/\\\/gambling6.com\\\/sv\\\/888-casino-recension\\\/#breadcrumb\",\"itemListElement\":[{\"@type\":\"ListItem\",\"position\":1,\"name\":\"Home\",\"item\":\"https:\\\/\\\/gambling6.com\\\/sv\\\/home\\\/\"},{\"@type\":\"ListItem\",\"position\":2,\"name\":\"888 Casino Recension\"}]},{\"@type\":\"WebSite\",\"@id\":\"https:\\\/\\\/gambling6.com\\\/sv\\\/#website\",\"url\":\"https:\\\/\\\/gambling6.com\\\/sv\\\/\",\"name\":\"Gambling6\",\"description\":\"\",\"potentialAction\":[{\"@type\":\"SearchAction\",\"target\":{\"@type\":\"EntryPoint\",\"urlTemplate\":\"https:\\\/\\\/gambling6.com\\\/sv\\\/?s={search_term_string}\"},\"query-input\":{\"@type\":\"PropertyValueSpecification\",\"valueRequired\":true,\"valueName\":\"search_term_string\"}}],\"inLanguage\":\"sv-SE\"}]}<\/script>\n<!-- \/ Yoast SEO plugin. -->","yoast_head_json":{"title":"888 Casino Recension - Gambling6","robots":{"index":"index","follow":"follow","max-snippet":"max-snippet:-1","max-image-preview":"max-image-preview:large","max-video-preview":"max-video-preview:-1"},"canonical":"https:\/\/gambling6.com\/sv\/888-casino-recension\/","og_locale":"sv_SE","og_type":"article","og_title":"888 Casino Recension - Gambling6","og_description":"Inte bara en roulettesajt &#8211; 888 Casino 888 online casino \u00e4r ett etablerat varum\u00e4rke inom spelbranschen. Detta online casino erbjuder b\u00e5de ett fantastiskt Flash-baserat casino som laddas snabbt i din webbl\u00e4sare och m\u00f6jligheten att ladda ner spelprogramvara f\u00f6r att komma \u00e5t spelen. Spelare f\u00f6redrar nedladdningsversionen eftersom den ger en enhetlig k\u00e4nsla och utseende genom spelen. [&hellip;]","og_url":"https:\/\/gambling6.com\/sv\/888-casino-recension\/","og_site_name":"Gambling6","og_image":[{"url":"https:\/\/ic.aff-handler.com\/I\/45871?sr=1064399&amp;anid=","type":"","width":"","height":""}],"twitter_card":"summary_large_image","twitter_misc":{"Ber\u00e4knad l\u00e4stid":"2 minuter"},"schema":{"@context":"https:\/\/schema.org","@graph":[{"@type":"WebPage","@id":"https:\/\/gambling6.com\/sv\/888-casino-recension\/","url":"https:\/\/gambling6.com\/sv\/888-casino-recension\/","name":"888 Casino Recension - Gambling6","isPartOf":{"@id":"https:\/\/gambling6.com\/sv\/#website"},"primaryImageOfPage":{"@id":"https:\/\/gambling6.com\/sv\/888-casino-recension\/#primaryimage"},"image":{"@id":"https:\/\/gambling6.com\/sv\/888-casino-recension\/#primaryimage"},"thumbnailUrl":"https:\/\/ic.aff-handler.com\/I\/45871?sr=1064399&amp;anid=","datePublished":"2025-11-17T11:15:37+00:00","breadcrumb":{"@id":"https:\/\/gambling6.com\/sv\/888-casino-recension\/#breadcrumb"},"inLanguage":"sv-SE","potentialAction":[{"@type":"ReadAction","target":["https:\/\/gambling6.com\/sv\/888-casino-recension\/"]}]},{"@type":"ImageObject","inLanguage":"sv-SE","@id":"https:\/\/gambling6.com\/sv\/888-casino-recension\/#primaryimage","url":"https:\/\/ic.aff-handler.com\/I\/45871?sr=1064399&amp;anid=","contentUrl":"https:\/\/ic.aff-handler.com\/I\/45871?sr=1064399&amp;anid="},{"@type":"BreadcrumbList","@id":"https:\/\/gambling6.com\/sv\/888-casino-recension\/#breadcrumb","itemListElement":[{"@type":"ListItem","position":1,"name":"Home","item":"https:\/\/gambling6.com\/sv\/home\/"},{"@type":"ListItem","position":2,"name":"888 Casino Recension"}]},{"@type":"WebSite","@id":"https:\/\/gambling6.com\/sv\/#website","url":"https:\/\/gambling6.com\/sv\/","name":"Gambling6","description":"","potentialAction":[{"@type":"SearchAction","target":{"@type":"EntryPoint","urlTemplate":"https:\/\/gambling6.com\/sv\/?s={search_term_string}"},"query-input":{"@type":"PropertyValueSpecification","valueRequired":true,"valueName":"search_term_string"}}],"inLanguage":"sv-SE"}]}},"_links":{"self":[{"href":"https:\/\/gambling6.com\/sv\/wp-json\/wp\/v2\/pages\/11035","targetHints":{"allow":["GET"]}}],"collection":[{"href":"https:\/\/gambling6.com\/sv\/wp-json\/wp\/v2\/pages"}],"about":[{"href":"https:\/\/gambling6.com\/sv\/wp-json\/wp\/v2\/types\/page"}],"author":[{"embeddable":true,"href":"https:\/\/gambling6.com\/sv\/wp-json\/wp\/v2\/users\/1"}],"replies":[{"embeddable":true,"href":"https:\/\/gambling6.com\/sv\/wp-json\/wp\/v2\/comments?post=11035"}],"version-history":[{"count":1,"href":"https:\/\/gambling6.com\/sv\/wp-json\/wp\/v2\/pages\/11035\/revisions"}],"predecessor-version":[{"id":11037,"href":"https:\/\/gambling6.com\/sv\/wp-json\/wp\/v2\/pages\/11035\/revisions\/11037"}],"wp:attachment":[{"href":"https:\/\/gambling6.com\/sv\/wp-json\/wp\/v2\/media?parent=11035"}],"curies":[{"name":"wp","href":"https:\/\/api.w.org\/{rel}","templated":true}]}}