{"id":11074,"date":"2025-11-17T14:24:47","date_gmt":"2025-11-17T14:24:47","guid":{"rendered":"https:\/\/gambling6.com\/?p=11074"},"modified":"2025-11-17T14:24:47","modified_gmt":"2025-11-17T14:24:47","slug":"hur-bra-ar-redfoxlotto","status":"publish","type":"page","link":"https:\/\/gambling6.com\/sv\/hur-bra-ar-redfoxlotto\/","title":{"rendered":"Hur bra \u00e4r RedFoxLotto?"},"content":{"rendered":"<h2>En recension av RedFoxLotto<\/h2>\n<p><strong>RedFoxLotto<\/strong>\u00e4r en mycket anv\u00e4ndarv\u00e4nlig, s\u00e4ker och trygg plattform f\u00f6r att k\u00f6pa lotter online till alla st\u00f6rre lotterier v\u00e4rlden \u00f6ver. P\u00e5 RedFoxLottos webbplats kan du spela m\u00e5nga lotter v\u00e4rlden \u00f6ver, och lotter kan best\u00e4llas dygnet runt, sju dagar i veckan. Det \u00e4r enkelt att skapa ett konto, s\u00e4tta in pengar och b\u00f6rja spela internationella lotter p\u00e5 n\u00e5gra minuter.<\/p>\n<h2>Du beh\u00e5ller alla pengar du vinner p\u00e5 RedFoxLotto<\/h2>\n<p>RedFoxLotto anst\u00e4ller lotteribud \u00f6ver hela v\u00e4rlden som k\u00f6per lotter till lotter du vill spela f\u00f6r din r\u00e4kning. N\u00e4r lotterna har k\u00f6pts och lotterna skannas och laddas upp till ditt konto f\u00f6re dragningen. Denna metod s\u00e4kerst\u00e4ller att du kan se dina lotter och f\u00e5 100 % av dina vinster. RedFoxLotto tar inte ut n\u00e5gon procentandel av dina vinster; alla avgifter ing\u00e5r i priset p\u00e5 dina lotter.<\/p>\n<h2>Lottor tillg\u00e4ngliga f\u00f6r alla st\u00f6rre lotterier<\/h2>\n<p><strong>Du hittar lotter tillg\u00e4ngliga f\u00f6r alla stora lotterier v\u00e4rlden \u00f6ver, inklusive Mega Millions, Powerball USA, Eurojackpot, Euro Millions och fler.<\/strong> Det spelar ingen roll vilket land du bor i; du kan k\u00f6pa lotter till alla st\u00f6rre lotterier v\u00e4rlden \u00f6ver. Allt du beh\u00f6ver g\u00f6ra \u00e4r att logga in p\u00e5 ditt konto, v\u00e4lja det RedFoxLotto du vill spela p\u00e5, v\u00e4lja de nummer du vill spela p\u00e5 och luta dig tillbaka och v\u00e4nta p\u00e5 att dragningen ska ske. RedFoxLotto skickar dig meddelanden om eventuella vinster.<\/p>\n<p>Enkelt att h\u00e4mta dina vinster p\u00e5 RedFoxLotto<\/p>\n<p>F\u00f6r alla vinstlotter du kan ha, <strong>kommer RedFoxLotto att skicka ett meddelande via e-post eller ringa dig om priset \u00e4r st\u00f6rre f\u00f6r att informera dig om dina vinster.<\/strong> Vinster upp till 2000 euro s\u00e4tts in p\u00e5 ditt konto automatiskt. Om du r\u00e5kar vinna ett pris som \u00e4r st\u00f6rre \u00e4n 2000 euro, kommer RedFoxLottos experter att v\u00e4gleda dig genom de n\u00f6dv\u00e4ndiga stegen f\u00f6r att ta emot dina vinster. Vinnare av huvudpriset kan v\u00e4lja att l\u00e5ta RedFoxLotto agera f\u00f6r deras r\u00e4kning, eller om du f\u00f6redrar det kan du resa f\u00f6r att h\u00e4mta dina vinster personligen. Vi \u00e4r s\u00e4kra p\u00e5 att om du blir en m\u00e5ngmiljonvinnare kommer du inte att ha n\u00e5gra problem med att vidta de \u00e5tg\u00e4rder som kr\u00e4vs f\u00f6r att h\u00e4mta dina vinster.<\/p>\n<h2>Betala f\u00f6r dina onlinelotter<\/h2>\n<p>RedFoxLotto erbjuder m\u00e5nga s\u00e4kra betalningsalternativ oavsett vilket land du bor i.<strong> De accepterar Visa, MasterCard, American Express, Skrill, Neteller, omedelbar bank\u00f6verf\u00f6ring, krypto och en m\u00e4ngd andra nettpl\u00e5nboksprodukter.<\/strong> Du kan v\u00e4lja att f\u00e5 dina vinster insatta med n\u00e5gon av dessa metoder eller f\u00e5 pengarna \u00f6verf\u00f6rda direkt till ditt bankkonto.<\/p>\n<p>Varje \u00e5r representerar RedFoxLotto vinnare av miljontals dollar och har en 100% betalningsgaranti. Du kommer att uppt\u00e4cka att om du har n\u00e5gra fr\u00e5gor \u00e4r det enkelt att kontakta de dedikerade kundtj\u00e4nstrepresentanterna som \u00e4r tillg\u00e4ngliga dygnet runt p\u00e5 RedFoxLotto.com. Det \u00e4r inte l\u00e4ngre n\u00f6dv\u00e4ndigt att bes\u00f6ka dina lokala lottkiosker f\u00f6r att k\u00f6pa lotter till ditt lokala lotteri. Du kan k\u00f6pa lotter bekv\u00e4mt hemifr\u00e5n eller p\u00e5 kontoret i god tid f\u00f6r alla lotterier.<\/p>\n<p><strong>Kom ig\u00e5ng med att spela internationella lotterier online idag genom att bes\u00f6ka v\u00e5r partner RedFoxLotto och \u00f6ppna ditt personliga konto.<\/strong> N\u00e4r du har ett konto hittar du m\u00e5nga olika bonuserbjudanden och speciella lottk\u00f6psprogram f\u00f6r att g\u00f6ra lottospelande roligt och l\u00f6nsamt.<\/p>\n<p><a class=\"thirstylink\" title=\"Redfoxlotto\" href=\"https:\/\/gambling6.com\/go\/redfoxlotto\/\" target=\"_blank\" rel=\"nofollow noopener\">Klicka h\u00e4r nu f\u00f6r att skapa ditt personliga RedFoxLotto-konto online,<\/a> och du kan bli multimiljon\u00e4r \u00f6ver en natt.<\/p>\n","protected":false},"excerpt":{"rendered":"<p>En recension av RedFoxLotto RedFoxLotto\u00e4r en mycket anv\u00e4ndarv\u00e4nlig, s\u00e4ker och trygg plattform f\u00f6r att k\u00f6pa lotter online till alla st\u00f6rre lotterier v\u00e4rlden \u00f6ver. P\u00e5 RedFoxLottos webbplats kan du spela m\u00e5nga lotter v\u00e4rlden \u00f6ver, och lotter kan best\u00e4llas dygnet runt, sju dagar i veckan. Det \u00e4r enkelt att skapa ett konto, s\u00e4tta in pengar och b\u00f6rja [&hellip;]<\/p>\n","protected":false},"author":1,"featured_media":0,"parent":0,"menu_order":1,"comment_status":"closed","ping_status":"closed","template":"","meta":{"footnotes":""},"class_list":["post-11074","page","type-page","status-publish","hentry"],"yoast_head":"<!-- This site is optimized with the Yoast SEO plugin v27.3 - https:\/\/yoast.com\/product\/yoast-seo-wordpress\/ -->\n<title>RedFoxLotto Recension<\/title>\n<meta name=\"description\" content=\"P\u00e5 RedFoxLotto.com kan du k\u00f6pa lotter till internationella lotterier online, inklusive Powerball och Mega Millions. L\u00e4s v\u00e5r recension av RedFoxlotto.\" \/>\n<meta name=\"robots\" content=\"index, follow, max-snippet:-1, max-image-preview:large, max-video-preview:-1\" \/>\n<link rel=\"canonical\" href=\"https:\/\/gambling6.com\/sv\/hur-bra-ar-redfoxlotto\/\" \/>\n<meta property=\"og:locale\" content=\"sv_SE\" \/>\n<meta property=\"og:type\" content=\"article\" \/>\n<meta property=\"og:title\" content=\"RedFoxLotto Recension\" \/>\n<meta property=\"og:description\" content=\"P\u00e5 RedFoxLotto.com kan du k\u00f6pa lotter till internationella lotterier online, inklusive Powerball och Mega Millions. L\u00e4s v\u00e5r recension av RedFoxlotto.\" \/>\n<meta property=\"og:url\" content=\"https:\/\/gambling6.com\/sv\/hur-bra-ar-redfoxlotto\/\" \/>\n<meta property=\"og:site_name\" content=\"Gambling6\" \/>\n<meta property=\"article:published_time\" content=\"2025-11-17T14:24:47+00:00\" \/>\n<meta name=\"author\" content=\"Catfish\" \/>\n<meta name=\"twitter:card\" content=\"summary_large_image\" \/>\n<meta name=\"twitter:label1\" content=\"Skriven av\" \/>\n\t<meta name=\"twitter:data1\" content=\"Catfish\" \/>\n\t<meta name=\"twitter:label2\" content=\"Ber\u00e4knad l\u00e4stid\" \/>\n\t<meta name=\"twitter:data2\" content=\"3 minuter\" \/>\n<script type=\"application\/ld+json\" class=\"yoast-schema-graph\">{\"@context\":\"https:\\\/\\\/schema.org\",\"@graph\":[{\"@type\":\"Article\",\"@id\":\"https:\\\/\\\/gambling6.com\\\/sv\\\/hur-bra-ar-redfoxlotto\\\/#article\",\"isPartOf\":{\"@id\":\"https:\\\/\\\/gambling6.com\\\/sv\\\/hur-bra-ar-redfoxlotto\\\/\"},\"author\":{\"name\":\"Catfish\",\"@id\":\"https:\\\/\\\/gambling6.com\\\/sv\\\/#\\\/schema\\\/person\\\/d093de87a44a018ef67117d02d86ddaf\"},\"headline\":\"Hur bra \u00e4r RedFoxLotto?\",\"datePublished\":\"2025-11-17T14:24:47+00:00\",\"mainEntityOfPage\":{\"@id\":\"https:\\\/\\\/gambling6.com\\\/sv\\\/hur-bra-ar-redfoxlotto\\\/\"},\"wordCount\":635,\"articleSection\":[\"Bez kategorii\"],\"inLanguage\":\"sv-SE\"},{\"@type\":\"WebPage\",\"@id\":\"https:\\\/\\\/gambling6.com\\\/sv\\\/hur-bra-ar-redfoxlotto\\\/\",\"url\":\"https:\\\/\\\/gambling6.com\\\/sv\\\/hur-bra-ar-redfoxlotto\\\/\",\"name\":\"RedFoxLotto Recension\",\"isPartOf\":{\"@id\":\"https:\\\/\\\/gambling6.com\\\/sv\\\/#website\"},\"datePublished\":\"2025-11-17T14:24:47+00:00\",\"author\":{\"@id\":\"https:\\\/\\\/gambling6.com\\\/sv\\\/#\\\/schema\\\/person\\\/d093de87a44a018ef67117d02d86ddaf\"},\"description\":\"P\u00e5 RedFoxLotto.com kan du k\u00f6pa lotter till internationella lotterier online, inklusive Powerball och Mega Millions. L\u00e4s v\u00e5r recension av RedFoxlotto.\",\"breadcrumb\":{\"@id\":\"https:\\\/\\\/gambling6.com\\\/sv\\\/hur-bra-ar-redfoxlotto\\\/#breadcrumb\"},\"inLanguage\":\"sv-SE\",\"potentialAction\":[{\"@type\":\"ReadAction\",\"target\":[\"https:\\\/\\\/gambling6.com\\\/sv\\\/hur-bra-ar-redfoxlotto\\\/\"]}]},{\"@type\":\"BreadcrumbList\",\"@id\":\"https:\\\/\\\/gambling6.com\\\/sv\\\/hur-bra-ar-redfoxlotto\\\/#breadcrumb\",\"itemListElement\":[{\"@type\":\"ListItem\",\"position\":1,\"name\":\"Home\",\"item\":\"https:\\\/\\\/gambling6.com\\\/sv\\\/home\\\/\"},{\"@type\":\"ListItem\",\"position\":2,\"name\":\"Hur bra \u00e4r RedFoxLotto?\"}]},{\"@type\":\"WebSite\",\"@id\":\"https:\\\/\\\/gambling6.com\\\/sv\\\/#website\",\"url\":\"https:\\\/\\\/gambling6.com\\\/sv\\\/\",\"name\":\"Gambling6\",\"description\":\"\",\"potentialAction\":[{\"@type\":\"SearchAction\",\"target\":{\"@type\":\"EntryPoint\",\"urlTemplate\":\"https:\\\/\\\/gambling6.com\\\/sv\\\/?s={search_term_string}\"},\"query-input\":{\"@type\":\"PropertyValueSpecification\",\"valueRequired\":true,\"valueName\":\"search_term_string\"}}],\"inLanguage\":\"sv-SE\"},{\"@type\":\"Person\",\"@id\":\"https:\\\/\\\/gambling6.com\\\/sv\\\/#\\\/schema\\\/person\\\/d093de87a44a018ef67117d02d86ddaf\",\"name\":\"Catfish\",\"image\":{\"@type\":\"ImageObject\",\"inLanguage\":\"sv-SE\",\"@id\":\"https:\\\/\\\/secure.gravatar.com\\\/avatar\\\/32edfa28ccbf005c231538b245a2670a36c7f33f2d3a9ab09e50843b363f2821?s=96&d=mm&r=g\",\"url\":\"https:\\\/\\\/secure.gravatar.com\\\/avatar\\\/32edfa28ccbf005c231538b245a2670a36c7f33f2d3a9ab09e50843b363f2821?s=96&d=mm&r=g\",\"contentUrl\":\"https:\\\/\\\/secure.gravatar.com\\\/avatar\\\/32edfa28ccbf005c231538b245a2670a36c7f33f2d3a9ab09e50843b363f2821?s=96&d=mm&r=g\",\"caption\":\"Catfish\"},\"sameAs\":[\"http:\\\/\\\/gambling6.com\"],\"url\":\"https:\\\/\\\/gambling6.com\\\/sv\\\/author\\\/catfish\\\/\"}]}<\/script>\n<!-- \/ Yoast SEO plugin. -->","yoast_head_json":{"title":"RedFoxLotto Recension","description":"P\u00e5 RedFoxLotto.com kan du k\u00f6pa lotter till internationella lotterier online, inklusive Powerball och Mega Millions. L\u00e4s v\u00e5r recension av RedFoxlotto.","robots":{"index":"index","follow":"follow","max-snippet":"max-snippet:-1","max-image-preview":"max-image-preview:large","max-video-preview":"max-video-preview:-1"},"canonical":"https:\/\/gambling6.com\/sv\/hur-bra-ar-redfoxlotto\/","og_locale":"sv_SE","og_type":"article","og_title":"RedFoxLotto Recension","og_description":"P\u00e5 RedFoxLotto.com kan du k\u00f6pa lotter till internationella lotterier online, inklusive Powerball och Mega Millions. L\u00e4s v\u00e5r recension av RedFoxlotto.","og_url":"https:\/\/gambling6.com\/sv\/hur-bra-ar-redfoxlotto\/","og_site_name":"Gambling6","article_published_time":"2025-11-17T14:24:47+00:00","author":"Catfish","twitter_card":"summary_large_image","twitter_misc":{"Skriven av":"Catfish","Ber\u00e4knad l\u00e4stid":"3 minuter"},"schema":{"@context":"https:\/\/schema.org","@graph":[{"@type":"Article","@id":"https:\/\/gambling6.com\/sv\/hur-bra-ar-redfoxlotto\/#article","isPartOf":{"@id":"https:\/\/gambling6.com\/sv\/hur-bra-ar-redfoxlotto\/"},"author":{"name":"Catfish","@id":"https:\/\/gambling6.com\/sv\/#\/schema\/person\/d093de87a44a018ef67117d02d86ddaf"},"headline":"Hur bra \u00e4r RedFoxLotto?","datePublished":"2025-11-17T14:24:47+00:00","mainEntityOfPage":{"@id":"https:\/\/gambling6.com\/sv\/hur-bra-ar-redfoxlotto\/"},"wordCount":635,"articleSection":["Bez kategorii"],"inLanguage":"sv-SE"},{"@type":"WebPage","@id":"https:\/\/gambling6.com\/sv\/hur-bra-ar-redfoxlotto\/","url":"https:\/\/gambling6.com\/sv\/hur-bra-ar-redfoxlotto\/","name":"RedFoxLotto Recension","isPartOf":{"@id":"https:\/\/gambling6.com\/sv\/#website"},"datePublished":"2025-11-17T14:24:47+00:00","author":{"@id":"https:\/\/gambling6.com\/sv\/#\/schema\/person\/d093de87a44a018ef67117d02d86ddaf"},"description":"P\u00e5 RedFoxLotto.com kan du k\u00f6pa lotter till internationella lotterier online, inklusive Powerball och Mega Millions. L\u00e4s v\u00e5r recension av RedFoxlotto.","breadcrumb":{"@id":"https:\/\/gambling6.com\/sv\/hur-bra-ar-redfoxlotto\/#breadcrumb"},"inLanguage":"sv-SE","potentialAction":[{"@type":"ReadAction","target":["https:\/\/gambling6.com\/sv\/hur-bra-ar-redfoxlotto\/"]}]},{"@type":"BreadcrumbList","@id":"https:\/\/gambling6.com\/sv\/hur-bra-ar-redfoxlotto\/#breadcrumb","itemListElement":[{"@type":"ListItem","position":1,"name":"Home","item":"https:\/\/gambling6.com\/sv\/home\/"},{"@type":"ListItem","position":2,"name":"Hur bra \u00e4r RedFoxLotto?"}]},{"@type":"WebSite","@id":"https:\/\/gambling6.com\/sv\/#website","url":"https:\/\/gambling6.com\/sv\/","name":"Gambling6","description":"","potentialAction":[{"@type":"SearchAction","target":{"@type":"EntryPoint","urlTemplate":"https:\/\/gambling6.com\/sv\/?s={search_term_string}"},"query-input":{"@type":"PropertyValueSpecification","valueRequired":true,"valueName":"search_term_string"}}],"inLanguage":"sv-SE"},{"@type":"Person","@id":"https:\/\/gambling6.com\/sv\/#\/schema\/person\/d093de87a44a018ef67117d02d86ddaf","name":"Catfish","image":{"@type":"ImageObject","inLanguage":"sv-SE","@id":"https:\/\/secure.gravatar.com\/avatar\/32edfa28ccbf005c231538b245a2670a36c7f33f2d3a9ab09e50843b363f2821?s=96&d=mm&r=g","url":"https:\/\/secure.gravatar.com\/avatar\/32edfa28ccbf005c231538b245a2670a36c7f33f2d3a9ab09e50843b363f2821?s=96&d=mm&r=g","contentUrl":"https:\/\/secure.gravatar.com\/avatar\/32edfa28ccbf005c231538b245a2670a36c7f33f2d3a9ab09e50843b363f2821?s=96&d=mm&r=g","caption":"Catfish"},"sameAs":["http:\/\/gambling6.com"],"url":"https:\/\/gambling6.com\/sv\/author\/catfish\/"}]}},"_links":{"self":[{"href":"https:\/\/gambling6.com\/sv\/wp-json\/wp\/v2\/pages\/11074","targetHints":{"allow":["GET"]}}],"collection":[{"href":"https:\/\/gambling6.com\/sv\/wp-json\/wp\/v2\/pages"}],"about":[{"href":"https:\/\/gambling6.com\/sv\/wp-json\/wp\/v2\/types\/page"}],"author":[{"embeddable":true,"href":"https:\/\/gambling6.com\/sv\/wp-json\/wp\/v2\/users\/1"}],"replies":[{"embeddable":true,"href":"https:\/\/gambling6.com\/sv\/wp-json\/wp\/v2\/comments?post=11074"}],"version-history":[{"count":1,"href":"https:\/\/gambling6.com\/sv\/wp-json\/wp\/v2\/pages\/11074\/revisions"}],"predecessor-version":[{"id":11075,"href":"https:\/\/gambling6.com\/sv\/wp-json\/wp\/v2\/pages\/11074\/revisions\/11075"}],"wp:attachment":[{"href":"https:\/\/gambling6.com\/sv\/wp-json\/wp\/v2\/media?parent=11074"}],"curies":[{"name":"wp","href":"https:\/\/api.w.org\/{rel}","templated":true}]}}