{"id":11098,"date":"2025-11-17T16:00:04","date_gmt":"2025-11-17T16:00:04","guid":{"rendered":"https:\/\/gambling6.com\/framgang-pa-onlinebingo\/"},"modified":"2025-11-17T16:00:04","modified_gmt":"2025-11-17T16:00:04","slug":"framgang-pa-onlinebingo","status":"publish","type":"page","link":"https:\/\/gambling6.com\/sv\/bingo\/framgang-pa-onlinebingo\/","title":{"rendered":"Framg\u00e5ng p\u00e5 onlinebingo"},"content":{"rendered":"<h2>Spela onlinebingo med r\u00e4tt strategi<\/h2>\n<p>Tack vare internets utveckling idag kan du njuta av ett underh\u00e5llande bingospel direkt fr\u00e5n ditt hems bekv\u00e4mligheter. Det b\u00e4sta \u00e4r att du kan spela spelet n\u00e4r du vill. Det \u00e4r anledningen till att onlinebingo har blivit s\u00e5 popul\u00e4rt bland m\u00e4nniskor, s\u00e4rskilt kvinnor. Om du \u00e4r nyb\u00f6rjare, oroa dig inte, du kan l\u00e4ra dig spelet genom att f\u00f6rst prova det p\u00e5 en gratis bingosajt. <a class=\"thirstylink\" title=\"Bingo Billy en\" href=\"https:\/\/gambling6.com\/go\/bingobilly-en\/\" target=\"_blank\" rel=\"nofollow noopener\">Ett bra st\u00e4lle att b\u00f6rja \u00e4r Bingo Billy &#8211; klicka h\u00e4r f\u00f6r att bes\u00f6ka.<\/a><\/p>\n<p>Men om du spelar det online, h\u00e4r \u00e4r n\u00e5gra tips som kan hj\u00e4lpa dig att \u00f6ka dina chanser att vinna. L\u00e4s vidare f\u00f6r att veta mer. G\u00f6r en snabb research och ta reda p\u00e5 bingosajter som erbjuder de b\u00e4sta ins\u00e4ttningsbonusarna. M\u00e5nga webbplatser erbjuder ocks\u00e5 lukrativa anm\u00e4lningsbonusar. Det \u00e4r alltid l\u00e4mpligt att spela bingo p\u00e5 betrodda casinosajter. Se till att du l\u00e4ser recensionerna fr\u00e5n faktiska anv\u00e4ndare av dessa casinosajter innan du registrerar dig eller registrerar dig.<\/p>\n<p><a href=\"https:\/\/record.revenueplanet.com\/_BoBybWC_aAPUOsjNOfgKefwM06wa-Rwt\/1\/\" target=\"_new\" rel=\"noopener\"><img loading=\"lazy\" decoding=\"async\" class=\"aligncenter\" style=\"border: none;\" src=\"https:\/\/media.revenueplanet.com\/uploads\/nbb-468x60-nov-generic.gif\" alt=\"BingoBilly Gratis Bingo\" width=\"468\" height=\"60\" \/><\/a><br \/>\nEndast v\u00e4lrenommerade och p\u00e5litliga casinon betalar ut hela det belopp du har vunnit i ett spel. Internet \u00e4r \u00f6versv\u00e4mmat av bingosajter, och tyv\u00e4rr stj\u00e4l m\u00e5nga bluffsajter dina pengar och betalar inte ut n\u00e4r du vinner ett spel. Det \u00e4r d\u00e4rf\u00f6r du b\u00f6r vara extra f\u00f6rsiktig n\u00e4r du v\u00e4ljer ett online casino. Bingospel spelas endast f\u00f6r skojs skull.<\/p>\n<p>Spelets regler och best\u00e4mmelser \u00e4r enkla att f\u00f6lja. Bingospelet handlar helt om tur. Ingen faktor kan f\u00f6ruts\u00e4ga resultatet eller p\u00e5verka spelet. Du kan slappna av och njuta av spelet, eftersom inga beslut beh\u00f6ver fattas. Onlinebingo har gjort spelet mer tillg\u00e4ngligt, eftersom du kan spela det n\u00e4r det passar dig och fr\u00e5n vilken plats som helst som har en internetanslutning och en dator.<\/p>\n<p>F\u00f6rs\u00f6k alltid att spela p\u00e5 en mindre befolkad webbplats. Detta \u00f6kar dina chanser att vinna spelet, eftersom du kommer att t\u00e4vla mot f\u00e4rre spelare. En webbplats med ett balanserat antal spelare ger dig en b\u00e4ttre chans att vinna spelet. V\u00e4lj webbplatser som erbjuder chattrum f\u00f6r enkel kommunikation mellan spelare. Du kan ocks\u00e5 chatta med andra spelare om korten de spelar. Du kan ocks\u00e5 \u00f6ka kortnumret f\u00f6r att v\u00e4nda segern till din sida.<\/p>\n<p>Mycket beror ocks\u00e5 p\u00e5 vilken tid du v\u00e4ljer att spela. Det har observerats att om du spelar vid udda tider har du en chans att vinna, eftersom inte m\u00e5nga spelare \u00e4r online vid dessa tidpunkter. I bingospel med stora jackpottar, undvik alltid f\u00f6r m\u00e5nga kort. V\u00e4lj alltid casinosajter som erbjuder 100 % ins\u00e4ttningsbonus. Numera kan du ocks\u00e5 st\u00f6ta p\u00e5 remissprogram fr\u00e5n casinosajterna. Som en del av programmet f\u00e5r du gratis pengar om din h\u00e4nvisning registrerar sig hos casinot. Dessutom erbjuder online casinot m\u00e5nga kampanjbonusar d\u00e5 och d\u00e5.<\/p>\n","protected":false},"excerpt":{"rendered":"<p>Spela onlinebingo med r\u00e4tt strategi Tack vare internets utveckling idag kan du njuta av ett underh\u00e5llande bingospel direkt fr\u00e5n ditt hems bekv\u00e4mligheter. Det b\u00e4sta \u00e4r att du kan spela spelet n\u00e4r du vill. Det \u00e4r anledningen till att onlinebingo har blivit s\u00e5 popul\u00e4rt bland m\u00e4nniskor, s\u00e4rskilt kvinnor. Om du \u00e4r nyb\u00f6rjare, oroa dig inte, du [&hellip;]<\/p>\n","protected":false},"author":1,"featured_media":0,"parent":8542,"menu_order":3,"comment_status":"closed","ping_status":"closed","template":"","meta":{"footnotes":""},"class_list":["post-11098","page","type-page","status-publish","hentry"],"yoast_head":"<!-- This site is optimized with the Yoast SEO plugin v27.3 - https:\/\/yoast.com\/product\/yoast-seo-wordpress\/ -->\n<title>Spelstrategi f\u00f6r onlinebingo<\/title>\n<meta name=\"description\" content=\"\u00d6ka dina chanser att vinna onlinebingo genom att f\u00f6lja r\u00e4tt spelstrategi.\" \/>\n<meta name=\"robots\" content=\"index, follow, max-snippet:-1, max-image-preview:large, max-video-preview:-1\" \/>\n<link rel=\"canonical\" href=\"https:\/\/gambling6.com\/sv\/bingo\/framgang-pa-onlinebingo\/\" \/>\n<meta property=\"og:locale\" content=\"sv_SE\" \/>\n<meta property=\"og:type\" content=\"article\" \/>\n<meta property=\"og:title\" content=\"Spelstrategi f\u00f6r onlinebingo\" \/>\n<meta property=\"og:description\" content=\"\u00d6ka dina chanser att vinna onlinebingo genom att f\u00f6lja r\u00e4tt spelstrategi.\" \/>\n<meta property=\"og:url\" content=\"https:\/\/gambling6.com\/sv\/bingo\/framgang-pa-onlinebingo\/\" \/>\n<meta property=\"og:site_name\" content=\"Gambling6\" \/>\n<meta property=\"article:published_time\" content=\"2025-11-17T16:00:04+00:00\" \/>\n<meta property=\"og:image\" content=\"https:\/\/media.revenueplanet.com\/uploads\/nbb-468x60-nov-generic.gif\" \/>\n<meta name=\"author\" content=\"Catfish\" \/>\n<meta name=\"twitter:card\" content=\"summary_large_image\" \/>\n<meta name=\"twitter:label1\" content=\"Skriven av\" \/>\n\t<meta name=\"twitter:data1\" content=\"Catfish\" \/>\n\t<meta name=\"twitter:label2\" content=\"Ber\u00e4knad l\u00e4stid\" \/>\n\t<meta name=\"twitter:data2\" content=\"3 minuter\" \/>\n<script type=\"application\/ld+json\" class=\"yoast-schema-graph\">{\"@context\":\"https:\\\/\\\/schema.org\",\"@graph\":[{\"@type\":\"Article\",\"@id\":\"https:\\\/\\\/gambling6.com\\\/sv\\\/bingo\\\/framgang-pa-onlinebingo\\\/#article\",\"isPartOf\":{\"@id\":\"https:\\\/\\\/gambling6.com\\\/sv\\\/bingo\\\/framgang-pa-onlinebingo\\\/\"},\"author\":{\"name\":\"Catfish\",\"@id\":\"https:\\\/\\\/gambling6.com\\\/sv\\\/#\\\/schema\\\/person\\\/d093de87a44a018ef67117d02d86ddaf\"},\"headline\":\"Framg\u00e5ng p\u00e5 onlinebingo\",\"datePublished\":\"2025-11-17T16:00:04+00:00\",\"mainEntityOfPage\":{\"@id\":\"https:\\\/\\\/gambling6.com\\\/sv\\\/bingo\\\/framgang-pa-onlinebingo\\\/\"},\"wordCount\":511,\"image\":{\"@id\":\"https:\\\/\\\/gambling6.com\\\/sv\\\/bingo\\\/framgang-pa-onlinebingo\\\/#primaryimage\"},\"thumbnailUrl\":\"https:\\\/\\\/media.revenueplanet.com\\\/uploads\\\/nbb-468x60-nov-generic.gif\",\"articleSection\":[\"Bingonyheter\",\"Bingostrategi\"],\"inLanguage\":\"sv-SE\"},{\"@type\":\"WebPage\",\"@id\":\"https:\\\/\\\/gambling6.com\\\/sv\\\/bingo\\\/framgang-pa-onlinebingo\\\/\",\"url\":\"https:\\\/\\\/gambling6.com\\\/sv\\\/bingo\\\/framgang-pa-onlinebingo\\\/\",\"name\":\"Spelstrategi f\u00f6r onlinebingo\",\"isPartOf\":{\"@id\":\"https:\\\/\\\/gambling6.com\\\/sv\\\/#website\"},\"primaryImageOfPage\":{\"@id\":\"https:\\\/\\\/gambling6.com\\\/sv\\\/bingo\\\/framgang-pa-onlinebingo\\\/#primaryimage\"},\"image\":{\"@id\":\"https:\\\/\\\/gambling6.com\\\/sv\\\/bingo\\\/framgang-pa-onlinebingo\\\/#primaryimage\"},\"thumbnailUrl\":\"https:\\\/\\\/media.revenueplanet.com\\\/uploads\\\/nbb-468x60-nov-generic.gif\",\"datePublished\":\"2025-11-17T16:00:04+00:00\",\"author\":{\"@id\":\"https:\\\/\\\/gambling6.com\\\/sv\\\/#\\\/schema\\\/person\\\/d093de87a44a018ef67117d02d86ddaf\"},\"description\":\"\u00d6ka dina chanser att vinna onlinebingo genom att f\u00f6lja r\u00e4tt spelstrategi.\",\"breadcrumb\":{\"@id\":\"https:\\\/\\\/gambling6.com\\\/sv\\\/bingo\\\/framgang-pa-onlinebingo\\\/#breadcrumb\"},\"inLanguage\":\"sv-SE\",\"potentialAction\":[{\"@type\":\"ReadAction\",\"target\":[\"https:\\\/\\\/gambling6.com\\\/sv\\\/bingo\\\/framgang-pa-onlinebingo\\\/\"]}]},{\"@type\":\"ImageObject\",\"inLanguage\":\"sv-SE\",\"@id\":\"https:\\\/\\\/gambling6.com\\\/sv\\\/bingo\\\/framgang-pa-onlinebingo\\\/#primaryimage\",\"url\":\"https:\\\/\\\/media.revenueplanet.com\\\/uploads\\\/nbb-468x60-nov-generic.gif\",\"contentUrl\":\"https:\\\/\\\/media.revenueplanet.com\\\/uploads\\\/nbb-468x60-nov-generic.gif\"},{\"@type\":\"BreadcrumbList\",\"@id\":\"https:\\\/\\\/gambling6.com\\\/sv\\\/bingo\\\/framgang-pa-onlinebingo\\\/#breadcrumb\",\"itemListElement\":[{\"@type\":\"ListItem\",\"position\":1,\"name\":\"Home\",\"item\":\"https:\\\/\\\/gambling6.com\\\/sv\\\/home\\\/\"},{\"@type\":\"ListItem\",\"position\":2,\"name\":\"Framg\u00e5ng p\u00e5 onlinebingo\"}]},{\"@type\":\"WebSite\",\"@id\":\"https:\\\/\\\/gambling6.com\\\/sv\\\/#website\",\"url\":\"https:\\\/\\\/gambling6.com\\\/sv\\\/\",\"name\":\"Gambling6\",\"description\":\"\",\"potentialAction\":[{\"@type\":\"SearchAction\",\"target\":{\"@type\":\"EntryPoint\",\"urlTemplate\":\"https:\\\/\\\/gambling6.com\\\/sv\\\/?s={search_term_string}\"},\"query-input\":{\"@type\":\"PropertyValueSpecification\",\"valueRequired\":true,\"valueName\":\"search_term_string\"}}],\"inLanguage\":\"sv-SE\"},{\"@type\":\"Person\",\"@id\":\"https:\\\/\\\/gambling6.com\\\/sv\\\/#\\\/schema\\\/person\\\/d093de87a44a018ef67117d02d86ddaf\",\"name\":\"Catfish\",\"image\":{\"@type\":\"ImageObject\",\"inLanguage\":\"sv-SE\",\"@id\":\"https:\\\/\\\/secure.gravatar.com\\\/avatar\\\/32edfa28ccbf005c231538b245a2670a36c7f33f2d3a9ab09e50843b363f2821?s=96&d=mm&r=g\",\"url\":\"https:\\\/\\\/secure.gravatar.com\\\/avatar\\\/32edfa28ccbf005c231538b245a2670a36c7f33f2d3a9ab09e50843b363f2821?s=96&d=mm&r=g\",\"contentUrl\":\"https:\\\/\\\/secure.gravatar.com\\\/avatar\\\/32edfa28ccbf005c231538b245a2670a36c7f33f2d3a9ab09e50843b363f2821?s=96&d=mm&r=g\",\"caption\":\"Catfish\"},\"sameAs\":[\"http:\\\/\\\/gambling6.com\"],\"url\":\"https:\\\/\\\/gambling6.com\\\/sv\\\/author\\\/catfish\\\/\"}]}<\/script>\n<!-- \/ Yoast SEO plugin. -->","yoast_head_json":{"title":"Spelstrategi f\u00f6r onlinebingo","description":"\u00d6ka dina chanser att vinna onlinebingo genom att f\u00f6lja r\u00e4tt spelstrategi.","robots":{"index":"index","follow":"follow","max-snippet":"max-snippet:-1","max-image-preview":"max-image-preview:large","max-video-preview":"max-video-preview:-1"},"canonical":"https:\/\/gambling6.com\/sv\/bingo\/framgang-pa-onlinebingo\/","og_locale":"sv_SE","og_type":"article","og_title":"Spelstrategi f\u00f6r onlinebingo","og_description":"\u00d6ka dina chanser att vinna onlinebingo genom att f\u00f6lja r\u00e4tt spelstrategi.","og_url":"https:\/\/gambling6.com\/sv\/bingo\/framgang-pa-onlinebingo\/","og_site_name":"Gambling6","article_published_time":"2025-11-17T16:00:04+00:00","og_image":[{"url":"https:\/\/media.revenueplanet.com\/uploads\/nbb-468x60-nov-generic.gif","type":"","width":"","height":""}],"author":"Catfish","twitter_card":"summary_large_image","twitter_misc":{"Skriven av":"Catfish","Ber\u00e4knad l\u00e4stid":"3 minuter"},"schema":{"@context":"https:\/\/schema.org","@graph":[{"@type":"Article","@id":"https:\/\/gambling6.com\/sv\/bingo\/framgang-pa-onlinebingo\/#article","isPartOf":{"@id":"https:\/\/gambling6.com\/sv\/bingo\/framgang-pa-onlinebingo\/"},"author":{"name":"Catfish","@id":"https:\/\/gambling6.com\/sv\/#\/schema\/person\/d093de87a44a018ef67117d02d86ddaf"},"headline":"Framg\u00e5ng p\u00e5 onlinebingo","datePublished":"2025-11-17T16:00:04+00:00","mainEntityOfPage":{"@id":"https:\/\/gambling6.com\/sv\/bingo\/framgang-pa-onlinebingo\/"},"wordCount":511,"image":{"@id":"https:\/\/gambling6.com\/sv\/bingo\/framgang-pa-onlinebingo\/#primaryimage"},"thumbnailUrl":"https:\/\/media.revenueplanet.com\/uploads\/nbb-468x60-nov-generic.gif","articleSection":["Bingonyheter","Bingostrategi"],"inLanguage":"sv-SE"},{"@type":"WebPage","@id":"https:\/\/gambling6.com\/sv\/bingo\/framgang-pa-onlinebingo\/","url":"https:\/\/gambling6.com\/sv\/bingo\/framgang-pa-onlinebingo\/","name":"Spelstrategi f\u00f6r onlinebingo","isPartOf":{"@id":"https:\/\/gambling6.com\/sv\/#website"},"primaryImageOfPage":{"@id":"https:\/\/gambling6.com\/sv\/bingo\/framgang-pa-onlinebingo\/#primaryimage"},"image":{"@id":"https:\/\/gambling6.com\/sv\/bingo\/framgang-pa-onlinebingo\/#primaryimage"},"thumbnailUrl":"https:\/\/media.revenueplanet.com\/uploads\/nbb-468x60-nov-generic.gif","datePublished":"2025-11-17T16:00:04+00:00","author":{"@id":"https:\/\/gambling6.com\/sv\/#\/schema\/person\/d093de87a44a018ef67117d02d86ddaf"},"description":"\u00d6ka dina chanser att vinna onlinebingo genom att f\u00f6lja r\u00e4tt spelstrategi.","breadcrumb":{"@id":"https:\/\/gambling6.com\/sv\/bingo\/framgang-pa-onlinebingo\/#breadcrumb"},"inLanguage":"sv-SE","potentialAction":[{"@type":"ReadAction","target":["https:\/\/gambling6.com\/sv\/bingo\/framgang-pa-onlinebingo\/"]}]},{"@type":"ImageObject","inLanguage":"sv-SE","@id":"https:\/\/gambling6.com\/sv\/bingo\/framgang-pa-onlinebingo\/#primaryimage","url":"https:\/\/media.revenueplanet.com\/uploads\/nbb-468x60-nov-generic.gif","contentUrl":"https:\/\/media.revenueplanet.com\/uploads\/nbb-468x60-nov-generic.gif"},{"@type":"BreadcrumbList","@id":"https:\/\/gambling6.com\/sv\/bingo\/framgang-pa-onlinebingo\/#breadcrumb","itemListElement":[{"@type":"ListItem","position":1,"name":"Home","item":"https:\/\/gambling6.com\/sv\/home\/"},{"@type":"ListItem","position":2,"name":"Framg\u00e5ng p\u00e5 onlinebingo"}]},{"@type":"WebSite","@id":"https:\/\/gambling6.com\/sv\/#website","url":"https:\/\/gambling6.com\/sv\/","name":"Gambling6","description":"","potentialAction":[{"@type":"SearchAction","target":{"@type":"EntryPoint","urlTemplate":"https:\/\/gambling6.com\/sv\/?s={search_term_string}"},"query-input":{"@type":"PropertyValueSpecification","valueRequired":true,"valueName":"search_term_string"}}],"inLanguage":"sv-SE"},{"@type":"Person","@id":"https:\/\/gambling6.com\/sv\/#\/schema\/person\/d093de87a44a018ef67117d02d86ddaf","name":"Catfish","image":{"@type":"ImageObject","inLanguage":"sv-SE","@id":"https:\/\/secure.gravatar.com\/avatar\/32edfa28ccbf005c231538b245a2670a36c7f33f2d3a9ab09e50843b363f2821?s=96&d=mm&r=g","url":"https:\/\/secure.gravatar.com\/avatar\/32edfa28ccbf005c231538b245a2670a36c7f33f2d3a9ab09e50843b363f2821?s=96&d=mm&r=g","contentUrl":"https:\/\/secure.gravatar.com\/avatar\/32edfa28ccbf005c231538b245a2670a36c7f33f2d3a9ab09e50843b363f2821?s=96&d=mm&r=g","caption":"Catfish"},"sameAs":["http:\/\/gambling6.com"],"url":"https:\/\/gambling6.com\/sv\/author\/catfish\/"}]}},"_links":{"self":[{"href":"https:\/\/gambling6.com\/sv\/wp-json\/wp\/v2\/pages\/11098","targetHints":{"allow":["GET"]}}],"collection":[{"href":"https:\/\/gambling6.com\/sv\/wp-json\/wp\/v2\/pages"}],"about":[{"href":"https:\/\/gambling6.com\/sv\/wp-json\/wp\/v2\/types\/page"}],"author":[{"embeddable":true,"href":"https:\/\/gambling6.com\/sv\/wp-json\/wp\/v2\/users\/1"}],"replies":[{"embeddable":true,"href":"https:\/\/gambling6.com\/sv\/wp-json\/wp\/v2\/comments?post=11098"}],"version-history":[{"count":0,"href":"https:\/\/gambling6.com\/sv\/wp-json\/wp\/v2\/pages\/11098\/revisions"}],"up":[{"embeddable":true,"href":"https:\/\/gambling6.com\/sv\/wp-json\/wp\/v2\/pages\/8542"}],"wp:attachment":[{"href":"https:\/\/gambling6.com\/sv\/wp-json\/wp\/v2\/media?parent=11098"}],"curies":[{"name":"wp","href":"https:\/\/api.w.org\/{rel}","templated":true}]}}