{"id":7090,"date":"2025-04-28T09:59:15","date_gmt":"2025-04-28T08:59:15","guid":{"rendered":"https:\/\/gambling6.com\/?p=7090"},"modified":"2025-11-18T10:53:27","modified_gmt":"2025-11-18T10:53:27","slug":"skraplotter-online-for-riktiga-pengar-ar-det-vart-att-spela","status":"publish","type":"page","link":"https:\/\/gambling6.com\/sv\/skraplotter-online-for-riktiga-pengar-ar-det-vart-att-spela\/","title":{"rendered":"Skraplotter online f\u00f6r riktiga pengar: \u00c4r det v\u00e4rt att spela?"},"content":{"rendered":"<p>Under senare \u00e5r har skraplotter online blivit alltmer popul\u00e4ra. De flesta tycker om att spela lotteri, men \u00e4r det v\u00e4rt att spela skraplotter online f\u00f6r riktiga pengar? \u00c4ven om det inte finns n\u00e5gon garanterad chans att vinna, finns det n\u00e5gra tips som kan hj\u00e4lpa dig att f\u00f6rb\u00e4ttra dina chanser. Det h\u00e4r inl\u00e4gget utforskar f\u00f6r- och nackdelarna med skraplotter online f\u00f6r riktiga pengar och hj\u00e4lper dig att avg\u00f6ra om de \u00e4r v\u00e4rda din tid och dina pengar. Vi kommer ocks\u00e5 att rekommendera det b\u00e4sta casinot f\u00f6r att spela skraplotter online f\u00f6r riktiga pengar.<\/p>\n<h2>Vad \u00e4r skraplotter online?<\/h2>\n<p>Skraplotter online \u00e4r en typ av lotterispel med direktvinst som du kan spela online. Till skillnad fr\u00e5n traditionella skraplotter, som du k\u00f6per i en fysisk butik, kan du k\u00f6pa skraplotter online och spela n\u00e4r som helst, var som helst, bekv\u00e4mt hemifr\u00e5n.<\/p>\n<p>De \u00e4r utbredda i m\u00e5nga l\u00e4nder, och deras popularitet har bara \u00f6kat de senaste \u00e5ren med tillkomsten av skraplotter online. Skraplotter online finns i en m\u00e4ngd olika teman och designer och kan erbjuda en m\u00e4ngd olika priser. Du kan till och med spela n\u00e5gra skraplottsspel online f\u00f6r att vinna riktiga kontantpriser.<\/p>\n<p>Det finns m\u00e5nga skraplotter online tillg\u00e4ngliga, och spelen kan variera vad g\u00e4ller priser, odds och prisbelopp. Men i allm\u00e4nhet \u00e4r spelets m\u00e5l att skrapa alla omr\u00e5den p\u00e5 lotten f\u00f6r att avsl\u00f6ja symboler eller nummer. Du kan vinna ett riktigt kontantpris om du matchar symbolerna eller numren.<\/p>\n<p>Skraplotter online \u00e4r ett roligt och enkelt s\u00e4tt att pr\u00f6va lyckan och vinna ett kontantpris. Och med ett s\u00e5 brett utbud av spel hittar du garanterat en skraplott som passar perfekt f\u00f6r dig. Om du letar efter ett roligt och enkelt s\u00e4tt att tj\u00e4na lite snabba pengar kan skraplotter online vara det perfekta spelet f\u00f6r dig. Prova dem idag!<\/p>\n<h2>Hur spelar man skraplotter online?<\/h2>\n<p>Skraplotter online \u00e4r en typ av lotterispel d\u00e4r spelare kan k\u00f6pa lotter och skrapa av omslaget f\u00f6r att avsl\u00f6ja ett pris. Dessa spel finns p\u00e5 m\u00e5nga lotteriorganisationers webbplatser och blir alltmer popul\u00e4ra.<\/p>\n<p>Det finns flera s\u00e4tt att spela skraplotter online. Den mest popul\u00e4ra metoden \u00e4r att spela p\u00e5 en lotterisajt online. Du kan ocks\u00e5 hitta webbplatser som specialiserar sig p\u00e5 skraplotter online. Slutligen erbjuder vissa onlinekasinon \u00e4ven skraplotter online. Om du vill spela skraplotter online beh\u00f6ver du f\u00f6rst hitta en webbplats som erbjuder dem. Du m\u00e5ste sedan skapa ett konto p\u00e5 den onlinelotterisajten\/casinot och s\u00e4tta in pengar.<\/p>\n<p>N\u00e4r du har gjort detta kan du bl\u00e4ddra bland de olika skraplotter som finns tillg\u00e4ngliga. N\u00e4r du hittar en du gillar, m\u00e5ste du k\u00f6pa den. N\u00e4r du har k\u00f6pt biljetten m\u00e5ste du skrapa bort skyddslagret f\u00f6r att se numren under. Om du matchar numren p\u00e5 din lott med de vinnande numren vinner du ett pris! S\u00e5 enkelt \u00e4r det!<\/p>\n<h2>Hur hittar man de b\u00e4sta skraplotterna online f\u00f6r riktiga pengar?<\/h2>\n<p>I det h\u00e4r avsnittet ska vi titta p\u00e5 hur man hittar de b\u00e4sta skraplotterna online f\u00f6r riktiga pengar. Med s\u00e5 m\u00e5nga skraplottsspel online tillg\u00e4ngliga kan det vara sv\u00e5rt att veta vilka som \u00e4r b\u00e4st. Men oroa dig inte, vi finns h\u00e4r f\u00f6r att hj\u00e4lpa dig. Vi har gjort researchen och hittat de b\u00e4sta skraplottscasinona online f\u00f6r riktiga pengar s\u00e5 att du kan v\u00e4lja det perfekta spelet f\u00f6r dig.<\/p>\n<p>N\u00e4r du v\u00e4ljer ett skraplottspel online finns det n\u00e5gra saker du b\u00f6r t\u00e4nka p\u00e5.<\/p>\n<ul>\n<li>Se f\u00f6rst till att webbplatsen du spelar p\u00e5 \u00e4r v\u00e4lrenommerad och erbjuder ett bra utbud av skraplotter.<\/li>\n<li>Titta sedan p\u00e5 oddsen f\u00f6r varje lott och j\u00e4mf\u00f6r dem f\u00f6r att se vilka som ger dig b\u00e4st chans att vinna.<\/li>\n<li>Slutligen, gl\u00f6m inte att l\u00e4sa det finstilta f\u00f6r att veta vad du ger dig in p\u00e5 innan du b\u00f6rjar spela.<\/li>\n<li>Genom att f\u00f6lja dessa tips kan du hitta de b\u00e4sta skraplotterna online f\u00f6r riktiga pengar. Lycka till!\n<\/ul>\n<p>Med det sagt \u00e4r det b\u00e4sta casinot f\u00f6r att spela skraplotter online f\u00f6r riktiga pengar <a class=\"thirstylink\" title=\"RedFox casino\" href=\"https:\/\/gambling6.com\/go\/redfox-casino\/\" target=\"_blank\" rel=\"nofollow noopener\">RedFox Casino<\/a>. Detta casino har enstort utbud av skraplotter och erbjuder n\u00e5gra av de b\u00e4sta oddsen p\u00e5 marknaden.<\/p>\n<h2>Skraplotter online p\u00e5 RedFox Casino<\/h2>\n<ul>\n<li><strong>Cupids skraplott<\/strong>: Detta skraplottspel handlar om k\u00e4rlek. Cupid&#8217;s Scratch fr\u00e5n Spinomenal \u00e4r en spelautomat med tre hjul och tre rader. Spelare uppskattar det ocks\u00e5 f\u00f6r de anm\u00e4rkningsv\u00e4rda funktionerna som kommer med enorma bel\u00f6ningar och omedelbara utbetalningar, ut\u00f6ver estetiken och sk\u00e4rmlayouten. Matcha 3 symboler och du kan vinna upp till 4000 g\u00e5nger din insats!\n<li><strong>Hanow Pick<\/strong>: Detta skrapkortspel p\u00e5minner om det popul\u00e4ra TV-spelet och utmanar dig att hitta den vinnande rutan. V\u00e4lj r\u00e4tt, s\u00e5 kan du vinna upp till 250 g\u00e5nger din insats.<\/li>\n<li><strong>Hoppkungen<\/strong>: Ett roligt och fantasifullt spel, denna skraplott utmanar dig att hj\u00e4lpa grodan att hoppa i s\u00e4kerhet. Matcha 3 symboler och du kan vinna upp till 500 g\u00e5nger din insats! Skrapspelet King of Jumping, som drivs av Belatra, utspelar sig i en vacker damm. Olika vattenlevande djur kan simma runt denna damm, men grodan \u00e4r den vanligaste arten. M\u00e5let med spelet \u00e4r att deltagarna ska skrapa skraplotten tills minst tre liknande symboler dyker upp. Spelare f\u00e5r sedan fantastiska g\u00e5vor i spelet. Detta \u00e4r ett skraplottsspel med medelh\u00f6g till h\u00f6g volatilitet. Detta inneb\u00e4r att spelare kan g\u00e5 igenom m\u00e5nga rundor utan att vinna. Men n\u00e4r de v\u00e4l g\u00f6r det hostar de upp enorma utbetalningar. Att spela det vanliga spelet och den geniala jackpotrundan, krokodilbonusen och tr\u00e4skbonusfunktionen l\u00e5ter dig vinna priser.\n<li><strong>Spargris<\/strong>: \u00c4nnu ett roligt och nyckfullt spel, denna skraplott utmanar dig att hj\u00e4lpa spargrisen att fyllas. Matcha 3 symboler och du kan vinna upp till 500 g\u00e5nger din insats! Spargrisen \u00e4r fylld med pengar; Du kan skrapa den f\u00f6r att \u00f6ppna den och vinna ett roligt pris! Allt du beh\u00f6ver g\u00f6ra \u00e4r att matcha 3 av numren p\u00e5 din kort f\u00f6r att vinna! N\u00e4mnde vi hur rimligt prissatt det h\u00e4r spelet \u00e4r? Det \u00e4r dags att r\u00e5na banken och vinna priser med skraplotter. F\u00f6rv\u00e4nta dig att se grisen! Kul fakta: 51,05 % av spelarna f\u00e5r tillbaka sina pengar. \u00c4r du redo att spela en ny skraplott? Vad s\u00e4gs om ett spel d\u00e4r man kan vinna 500 euro om dagen i ett \u00e5r? Testa skraplotter hos Piggy Bank idag!\n<\/ul>\n<h2>Vilka \u00e4r f\u00f6rdelarna med att spela skraplotter online?<\/h2>\n<p>Det \u00e4r ingen hemlighet att skraplotter online blir alltmer popul\u00e4ra. De \u00e4r enkla att spela, erbjuder en chans att vinna stora priser och kan vara roliga. Men vilka andra f\u00f6rdelar finns det med skraplottsspel online?<\/p>\n<ul>\n<li>Den st\u00f6rsta f\u00f6rdelen med skraplotter online \u00e4r att du kan spela dem bekv\u00e4mt hemifr\u00e5n. Du beh\u00f6ver inte g\u00e5 ut och k\u00f6pa en fysisk biljett fr\u00e5n en butik; Du kan helt enkelt logga in p\u00e5 ditt konto fr\u00e5n din dator eller telefon och b\u00f6rja spela. Du kan spela det n\u00e4r som helst, var som helst. Allt du beh\u00f6ver \u00e4r en internetanslutning.\n<li>Dessutom har skraplotter online ofta b\u00e4ttre chanser att vinna \u00e4n sina fysiska motsvarigheter. Och om du letar efter en chans att vinna lite pengar kan du inte g\u00e5 fel med skraplotter. Du kan vinna riktiga pengar om du spelar dina kort r\u00e4tt.\n<li>Slutligen kan du ocks\u00e5 anv\u00e4nda skraplotter online f\u00f6r att \u00f6ka ditt kapital. N\u00e4r det g\u00e4ller skraplotter \u00e4r dina chanser att vinna generellt ganska l\u00e5ga. Oddsen ligger generellt runt 1 p\u00e5 3 f\u00f6r de flesta spel. Vinsterna kan dock bli ganska h\u00f6ga. Till exempel erbjuder vissa skraplotter ett toppvinst p\u00e5 1 miljon dollar. S\u00e5 \u00e4ven om dina vinstchanser \u00e4r l\u00e5ga, \u00e4r de potentiella vinsterna enorma. Detta \u00e4r en av de fr\u00e4msta anledningarna till att folk spelar skraplotter online f\u00f6r riktiga pengar.\n<li>Skraplotter online \u00e4r ett bra s\u00e4tt att ha kul. Skraplotter online \u00e4r ett perfekt alternativ om du letar efter ett roligt och l\u00e4ttspelat spel f\u00f6r att f\u00f6rdriva tiden. De kan ocks\u00e5 hj\u00e4lpa dig att bek\u00e4mpa tristess eller stress.\n<li>Dessutom kan skraplotter bidra till att f\u00f6rb\u00e4ttra din mentala smidighet och ditt minne.<\/li>\n<li>En annan f\u00f6rdel med skraplotter online \u00e4r att du kan l\u00f6sa in dina vinstlotter direkt. Du beh\u00f6ver inte k\u00f6a eller ens l\u00e4mna ditt hem.\n<li>Slutligen kan skraplotter vara ett bra s\u00e4tt att tr\u00e4ffa v\u00e4nner eller familj.<\/li>\n<\/ul>\n<h2>Finns det n\u00e5gra risker f\u00f6rknippade med att spela skraplotter online f\u00f6r riktiga pengar?<\/h2>\n<p>Det finns vissa risker f\u00f6rknippade med att spela skraplotter online f\u00f6r riktiga pengar.<\/p>\n<ul>\n<li>F\u00f6rst och fr\u00e4mst, om du spelar f\u00f6r riktiga pengar kan du f\u00f6rlora pengar om du inte vinner. Eftersom chanserna att vinna \u00e4r mycket l\u00e5ga kan du snabbt f\u00f6rlora mycket pengar om du inte \u00e4r f\u00f6rsiktig.<\/li>\n<li>F\u00f6r det andra kan du uts\u00e4tta dig f\u00f6r bedr\u00e4gerier om du inte \u00e4r f\u00f6rsiktig. Det har rapporterats om bedr\u00e4gerier med skraplotter online. S\u00e5 \u00e4ven om de \u00e4r enkla att spela och erbjuder stora vinstpotentialer, m\u00e5ste du vara f\u00f6rsiktig n\u00e4r du v\u00e4ljer ett online casino.\n<li>En annan risk \u00e4r att du kanske inte kan ta ut dina vinster om du vinner. Detta kommer dock bara att h\u00e4nda om du inte kan hitta ett p\u00e5litligt online casino.\n<li>Det finns ocks\u00e5 risk att bli beroende av skraplotter om du inte \u00e4r f\u00f6rsiktig.<\/li>\n<li>Och slutligen riskerar du att spendera mer pengar \u00e4n du t\u00e4nkt dig om du rycks med av sp\u00e4nningen i spelandet.<\/li>\n<\/ul>\n<p>S\u00e5 \u00e4ven om det finns risker f\u00f6rknippade med skraplotter online, finns det ocks\u00e5 s\u00e4tt att minska dem.<\/p>\n<ul>\n<li>Se till att du vet oddsen f\u00f6r att vinna innan du b\u00f6rjar spela, och spela bara med pengar du har r\u00e5d att f\u00f6rlora.<\/li>\n<li>Om du vinner, se till att ta ut dina vinster omedelbart.<\/li>\n<\/ul>\n<p>Genom att vidta dessa f\u00f6rsiktighets\u00e5tg\u00e4rder kan du minimera riskerna och njuta av sp\u00e4nningen med skraplottsspel online.<\/p>\n<h2>\u00c4r det v\u00e4rt att spela skraplotter online f\u00f6r riktiga pengar?<\/h2>\n<p>Det finns en v\u00e4xande trend bland folk att spela skraplotter online f\u00f6r riktiga pengar. \u00c4ven om det fortfarande \u00e4r oklart om detta \u00e4r ett bra s\u00e4tt att spendera dina pengar, finns det f\u00f6r- och nackdelar med att spela skraplotter online som du b\u00f6r \u00f6verv\u00e4ga innan du fattar ditt beslut.<\/p>\n<p>\u00c4ven om det finns vissa risker f\u00f6rknippade med skraplottsspel online, finns det ocks\u00e5 potentiella f\u00f6rdelar. Till exempel kan skraplotter online vara v\u00e4ldigt roliga. De \u00e4r ocks\u00e5 ett bra s\u00e4tt att tj\u00e4na lite snabba pengar. Och om du spelar dina kort r\u00e4tt kan du till och med vinna stora jackpottar.<\/p>\n<p>Naturligtvis, som med allt spelande, \u00e4r det alltid m\u00f6jligt att f\u00f6rlora pengar n\u00e4r man spelar skraplotter online. Du \u00e4r ocks\u00e5 mer ben\u00e4gen att bli spelberoende om du spelar f\u00f6r riktiga pengar. Men om du \u00e4r f\u00f6rsiktig och spelar ansvarsfullt \u00e4r riskerna att f\u00f6rlora pengar minimala.<\/p>\n<p>S\u00e5 om du letar efter ett roligt och enkelt s\u00e4tt att vinna pengar kan det vara v\u00e4rt att \u00f6verv\u00e4ga skraplotter online. Och det b\u00e4sta st\u00e4llet att spela skraplotter online f\u00f6r riktiga pengar \u00e4r <a class=\"thirstylink\" title=\"RedFox casino\" href=\"https:\/\/gambling6.com\/go\/redfox-casino\/\" target=\"_blank\" rel=\"nofollow noopener\">RedFox Casino.<\/a><\/p>\n<h2>Slutkommentar<\/h2>\n<p>Att spela skraplotter online f\u00f6r riktiga pengar \u00e4r v\u00e4rt det! Du har inte bara chansen att vinna stora priser, utan du kan ocks\u00e5 njuta av sp\u00e4nningen och f\u00f6rv\u00e4ntan i dessa spel. Skraplotter online \u00e4r ett roligt och enkelt s\u00e4tt att vinna riktiga pengar. De \u00e4r ocks\u00e5 utm\u00e4rkta f\u00f6r att l\u00e4ra sig olika casinospel och \u00f6va sina f\u00e4rdigheter. Om du vill ha chansen att vinna stort \u00e4r det ett bra alternativ att spela skraplotter online.<\/p>\n<p>S\u00e5, om du letar efter ett roligt och enkelt s\u00e4tt att vinna riktiga pengar, varf\u00f6r inte prova skraplotter online? F\u00f6r att pr\u00f6va lyckan, <a class=\"thirstylink\" title=\"RedFox casino\" href=\"https:\/\/gambling6.com\/go\/redfox-casino\/\" target=\"_blank\" rel=\"nofollow noopener\">bes\u00f6k RedFox Casino och b\u00f6rja spela idag<\/a>.<\/p>\n","protected":false},"excerpt":{"rendered":"<p>Under senare \u00e5r har skraplotter online blivit alltmer popul\u00e4ra. De flesta tycker om att spela lotteri, men \u00e4r det v\u00e4rt att spela skraplotter online f\u00f6r riktiga pengar? \u00c4ven om det inte finns n\u00e5gon garanterad chans att vinna, finns det n\u00e5gra tips som kan hj\u00e4lpa dig att f\u00f6rb\u00e4ttra dina chanser. Det h\u00e4r inl\u00e4gget utforskar f\u00f6r- och [&hellip;]<\/p>\n","protected":false},"author":1,"featured_media":7091,"parent":0,"menu_order":0,"comment_status":"closed","ping_status":"closed","template":"","meta":{"footnotes":""},"class_list":["post-7090","page","type-page","status-publish","has-post-thumbnail","hentry"],"yoast_head":"<!-- This site is optimized with the Yoast SEO plugin v27.4 - https:\/\/yoast.com\/product\/yoast-seo-wordpress\/ -->\n<title>Skraplotter online f\u00f6r riktiga pengar: \u00c4r det v\u00e4rt att spela? - Gambling6<\/title>\n<meta name=\"robots\" content=\"index, follow, max-snippet:-1, max-image-preview:large, max-video-preview:-1\" \/>\n<link rel=\"canonical\" href=\"https:\/\/gambling6.com\/sv\/skraplotter-online-for-riktiga-pengar-ar-det-vart-att-spela\/\" \/>\n<meta property=\"og:locale\" content=\"sv_SE\" \/>\n<meta property=\"og:type\" content=\"article\" \/>\n<meta property=\"og:title\" content=\"Skraplotter online f\u00f6r riktiga pengar: \u00c4r det v\u00e4rt att spela? - Gambling6\" \/>\n<meta property=\"og:description\" content=\"Under senare \u00e5r har skraplotter online blivit alltmer popul\u00e4ra. De flesta tycker om att spela lotteri, men \u00e4r det v\u00e4rt att spela skraplotter online f\u00f6r riktiga pengar? \u00c4ven om det inte finns n\u00e5gon garanterad chans att vinna, finns det n\u00e5gra tips som kan hj\u00e4lpa dig att f\u00f6rb\u00e4ttra dina chanser. Det h\u00e4r inl\u00e4gget utforskar f\u00f6r- och [&hellip;]\" \/>\n<meta property=\"og:url\" content=\"https:\/\/gambling6.com\/sv\/skraplotter-online-for-riktiga-pengar-ar-det-vart-att-spela\/\" \/>\n<meta property=\"og:site_name\" content=\"Gambling6\" \/>\n<meta property=\"article:modified_time\" content=\"2025-11-18T10:53:27+00:00\" \/>\n<meta property=\"og:image\" content=\"https:\/\/gambling6.com\/wp-content\/uploads\/2022\/07\/pexels-pavel-danilyuk-7594241-scaled.jpg\" \/>\n\t<meta property=\"og:image:width\" content=\"1709\" \/>\n\t<meta property=\"og:image:height\" content=\"2560\" \/>\n\t<meta property=\"og:image:type\" content=\"image\/jpeg\" \/>\n<meta name=\"twitter:card\" content=\"summary_large_image\" \/>\n<meta name=\"twitter:label1\" content=\"Ber\u00e4knad l\u00e4stid\" \/>\n\t<meta name=\"twitter:data1\" content=\"10 minuter\" \/>\n<script type=\"application\/ld+json\" class=\"yoast-schema-graph\">{\"@context\":\"https:\\\/\\\/schema.org\",\"@graph\":[{\"@type\":\"WebPage\",\"@id\":\"https:\\\/\\\/gambling6.com\\\/sv\\\/skraplotter-online-for-riktiga-pengar-ar-det-vart-att-spela\\\/\",\"url\":\"https:\\\/\\\/gambling6.com\\\/sv\\\/skraplotter-online-for-riktiga-pengar-ar-det-vart-att-spela\\\/\",\"name\":\"Skraplotter online f\u00f6r riktiga pengar: \u00c4r det v\u00e4rt att spela? - Gambling6\",\"isPartOf\":{\"@id\":\"https:\\\/\\\/gambling6.com\\\/sv\\\/#website\"},\"primaryImageOfPage\":{\"@id\":\"https:\\\/\\\/gambling6.com\\\/sv\\\/skraplotter-online-for-riktiga-pengar-ar-det-vart-att-spela\\\/#primaryimage\"},\"image\":{\"@id\":\"https:\\\/\\\/gambling6.com\\\/sv\\\/skraplotter-online-for-riktiga-pengar-ar-det-vart-att-spela\\\/#primaryimage\"},\"thumbnailUrl\":\"https:\\\/\\\/gambling6.com\\\/wp-content\\\/uploads\\\/2022\\\/07\\\/pexels-pavel-danilyuk-7594241-scaled.jpg\",\"datePublished\":\"2025-04-28T08:59:15+00:00\",\"dateModified\":\"2025-11-18T10:53:27+00:00\",\"breadcrumb\":{\"@id\":\"https:\\\/\\\/gambling6.com\\\/sv\\\/skraplotter-online-for-riktiga-pengar-ar-det-vart-att-spela\\\/#breadcrumb\"},\"inLanguage\":\"sv-SE\",\"potentialAction\":[{\"@type\":\"ReadAction\",\"target\":[\"https:\\\/\\\/gambling6.com\\\/sv\\\/skraplotter-online-for-riktiga-pengar-ar-det-vart-att-spela\\\/\"]}]},{\"@type\":\"ImageObject\",\"inLanguage\":\"sv-SE\",\"@id\":\"https:\\\/\\\/gambling6.com\\\/sv\\\/skraplotter-online-for-riktiga-pengar-ar-det-vart-att-spela\\\/#primaryimage\",\"url\":\"https:\\\/\\\/gambling6.com\\\/wp-content\\\/uploads\\\/2022\\\/07\\\/pexels-pavel-danilyuk-7594241-scaled.jpg\",\"contentUrl\":\"https:\\\/\\\/gambling6.com\\\/wp-content\\\/uploads\\\/2022\\\/07\\\/pexels-pavel-danilyuk-7594241-scaled.jpg\",\"width\":1709,\"height\":2560},{\"@type\":\"BreadcrumbList\",\"@id\":\"https:\\\/\\\/gambling6.com\\\/sv\\\/skraplotter-online-for-riktiga-pengar-ar-det-vart-att-spela\\\/#breadcrumb\",\"itemListElement\":[{\"@type\":\"ListItem\",\"position\":1,\"name\":\"Home\",\"item\":\"https:\\\/\\\/gambling6.com\\\/sv\\\/home\\\/\"},{\"@type\":\"ListItem\",\"position\":2,\"name\":\"Skraplotter online f\u00f6r riktiga pengar: \u00c4r det v\u00e4rt att spela?\"}]},{\"@type\":\"WebSite\",\"@id\":\"https:\\\/\\\/gambling6.com\\\/sv\\\/#website\",\"url\":\"https:\\\/\\\/gambling6.com\\\/sv\\\/\",\"name\":\"Gambling6\",\"description\":\"\",\"potentialAction\":[{\"@type\":\"SearchAction\",\"target\":{\"@type\":\"EntryPoint\",\"urlTemplate\":\"https:\\\/\\\/gambling6.com\\\/sv\\\/?s={search_term_string}\"},\"query-input\":{\"@type\":\"PropertyValueSpecification\",\"valueRequired\":true,\"valueName\":\"search_term_string\"}}],\"inLanguage\":\"sv-SE\"}]}<\/script>\n<!-- \/ Yoast SEO plugin. -->","yoast_head_json":{"title":"Skraplotter online f\u00f6r riktiga pengar: \u00c4r det v\u00e4rt att spela? - Gambling6","robots":{"index":"index","follow":"follow","max-snippet":"max-snippet:-1","max-image-preview":"max-image-preview:large","max-video-preview":"max-video-preview:-1"},"canonical":"https:\/\/gambling6.com\/sv\/skraplotter-online-for-riktiga-pengar-ar-det-vart-att-spela\/","og_locale":"sv_SE","og_type":"article","og_title":"Skraplotter online f\u00f6r riktiga pengar: \u00c4r det v\u00e4rt att spela? - Gambling6","og_description":"Under senare \u00e5r har skraplotter online blivit alltmer popul\u00e4ra. De flesta tycker om att spela lotteri, men \u00e4r det v\u00e4rt att spela skraplotter online f\u00f6r riktiga pengar? \u00c4ven om det inte finns n\u00e5gon garanterad chans att vinna, finns det n\u00e5gra tips som kan hj\u00e4lpa dig att f\u00f6rb\u00e4ttra dina chanser. Det h\u00e4r inl\u00e4gget utforskar f\u00f6r- och [&hellip;]","og_url":"https:\/\/gambling6.com\/sv\/skraplotter-online-for-riktiga-pengar-ar-det-vart-att-spela\/","og_site_name":"Gambling6","article_modified_time":"2025-11-18T10:53:27+00:00","og_image":[{"width":1709,"height":2560,"url":"https:\/\/gambling6.com\/wp-content\/uploads\/2022\/07\/pexels-pavel-danilyuk-7594241-scaled.jpg","type":"image\/jpeg"}],"twitter_card":"summary_large_image","twitter_misc":{"Ber\u00e4knad l\u00e4stid":"10 minuter"},"schema":{"@context":"https:\/\/schema.org","@graph":[{"@type":"WebPage","@id":"https:\/\/gambling6.com\/sv\/skraplotter-online-for-riktiga-pengar-ar-det-vart-att-spela\/","url":"https:\/\/gambling6.com\/sv\/skraplotter-online-for-riktiga-pengar-ar-det-vart-att-spela\/","name":"Skraplotter online f\u00f6r riktiga pengar: \u00c4r det v\u00e4rt att spela? - Gambling6","isPartOf":{"@id":"https:\/\/gambling6.com\/sv\/#website"},"primaryImageOfPage":{"@id":"https:\/\/gambling6.com\/sv\/skraplotter-online-for-riktiga-pengar-ar-det-vart-att-spela\/#primaryimage"},"image":{"@id":"https:\/\/gambling6.com\/sv\/skraplotter-online-for-riktiga-pengar-ar-det-vart-att-spela\/#primaryimage"},"thumbnailUrl":"https:\/\/gambling6.com\/wp-content\/uploads\/2022\/07\/pexels-pavel-danilyuk-7594241-scaled.jpg","datePublished":"2025-04-28T08:59:15+00:00","dateModified":"2025-11-18T10:53:27+00:00","breadcrumb":{"@id":"https:\/\/gambling6.com\/sv\/skraplotter-online-for-riktiga-pengar-ar-det-vart-att-spela\/#breadcrumb"},"inLanguage":"sv-SE","potentialAction":[{"@type":"ReadAction","target":["https:\/\/gambling6.com\/sv\/skraplotter-online-for-riktiga-pengar-ar-det-vart-att-spela\/"]}]},{"@type":"ImageObject","inLanguage":"sv-SE","@id":"https:\/\/gambling6.com\/sv\/skraplotter-online-for-riktiga-pengar-ar-det-vart-att-spela\/#primaryimage","url":"https:\/\/gambling6.com\/wp-content\/uploads\/2022\/07\/pexels-pavel-danilyuk-7594241-scaled.jpg","contentUrl":"https:\/\/gambling6.com\/wp-content\/uploads\/2022\/07\/pexels-pavel-danilyuk-7594241-scaled.jpg","width":1709,"height":2560},{"@type":"BreadcrumbList","@id":"https:\/\/gambling6.com\/sv\/skraplotter-online-for-riktiga-pengar-ar-det-vart-att-spela\/#breadcrumb","itemListElement":[{"@type":"ListItem","position":1,"name":"Home","item":"https:\/\/gambling6.com\/sv\/home\/"},{"@type":"ListItem","position":2,"name":"Skraplotter online f\u00f6r riktiga pengar: \u00c4r det v\u00e4rt att spela?"}]},{"@type":"WebSite","@id":"https:\/\/gambling6.com\/sv\/#website","url":"https:\/\/gambling6.com\/sv\/","name":"Gambling6","description":"","potentialAction":[{"@type":"SearchAction","target":{"@type":"EntryPoint","urlTemplate":"https:\/\/gambling6.com\/sv\/?s={search_term_string}"},"query-input":{"@type":"PropertyValueSpecification","valueRequired":true,"valueName":"search_term_string"}}],"inLanguage":"sv-SE"}]}},"_links":{"self":[{"href":"https:\/\/gambling6.com\/sv\/wp-json\/wp\/v2\/pages\/7090","targetHints":{"allow":["GET"]}}],"collection":[{"href":"https:\/\/gambling6.com\/sv\/wp-json\/wp\/v2\/pages"}],"about":[{"href":"https:\/\/gambling6.com\/sv\/wp-json\/wp\/v2\/types\/page"}],"author":[{"embeddable":true,"href":"https:\/\/gambling6.com\/sv\/wp-json\/wp\/v2\/users\/1"}],"replies":[{"embeddable":true,"href":"https:\/\/gambling6.com\/sv\/wp-json\/wp\/v2\/comments?post=7090"}],"version-history":[{"count":1,"href":"https:\/\/gambling6.com\/sv\/wp-json\/wp\/v2\/pages\/7090\/revisions"}],"predecessor-version":[{"id":7092,"href":"https:\/\/gambling6.com\/sv\/wp-json\/wp\/v2\/pages\/7090\/revisions\/7092"}],"wp:featuredmedia":[{"embeddable":true,"href":"https:\/\/gambling6.com\/sv\/wp-json\/wp\/v2\/media\/7091"}],"wp:attachment":[{"href":"https:\/\/gambling6.com\/sv\/wp-json\/wp\/v2\/media?parent=7090"}],"curies":[{"name":"wp","href":"https:\/\/api.w.org\/{rel}","templated":true}]}}