{"id":8150,"date":"2025-10-29T12:55:07","date_gmt":"2025-10-29T12:55:07","guid":{"rendered":"https:\/\/gambling6.com\/?page_id=8150"},"modified":"2025-10-29T12:55:39","modified_gmt":"2025-10-29T12:55:39","slug":"home","status":"publish","type":"page","link":"https:\/\/gambling6.com\/sv\/","title":{"rendered":"Home"},"content":{"rendered":"<h2>V\u00e4lkommen till Gambling6 \u2013 information om allt du beh\u00f6ver veta om pengaspel<\/h2>\n<p><img loading=\"lazy\" decoding=\"async\" class=\" wp-image-2679 alignright\" src=\"https:\/\/gambling6.com\/wp-content\/uploads\/2022\/04\/1_win_lottery_online1.jpg\" alt=\"Onlinespel f\u00f6r pengar\" width=\"253\" height=\"168\" \/>F\u00f6r m\u00e5nga m\u00e4nniskor kan v\u00e4rlden av onlinespel med riktiga pengar verka skr\u00e4mmande och n\u00e5got de \u00e4r ovilliga att prova. De kanske gillar spel i allm\u00e4nhet, men undrar om onlinespelsajter \u00e4r p\u00e5litliga. Idag \u00e4r det dock ett av de enklaste s\u00e4tten att njuta av alla dina favoritcasinospel, \u00e4ven om du inte bor i n\u00e4rheten av ett casino.<\/p>\n<p>Onlinespelsajter har skapat ett s\u00e4tt f\u00f6r m\u00e4nniskor att spela poker, blackjack, roulette, videopoker, slots, bingo, skraplotter, satsa p\u00e5 sportevenemang, och nu kan du till och med delta i n\u00e5gon av v\u00e4rldens stora lottojackpottar online \u2013 utan att beh\u00f6va l\u00e4mna ditt bekv\u00e4ma hem.<\/p>\n<p>Alla \u00e4lskar kasinosajter med snabba utbetalningar, och om du gillar att spela b\u00f6r du kolla in vad det handlar om och se hur du kan komma ig\u00e5ng med de m\u00e5nga onlinespelsajter som finns. Att f\u00f6lja r\u00e5den fr\u00e5n en onlinespelsresurs som v\u00e5r hj\u00e4lper dig att v\u00e4lja en bra leverant\u00f6r och s\u00e4kerst\u00e4ller att du f\u00e5r en fantastisk upplevelse. Om du vill komma ig\u00e5ng direkt \u00e4r detta mina personliga rekommendationer:<\/p>\n<h2>B\u00e4sta allround-spelsajten<\/h2>\n<p>Personligen gillar jag att spela online p\u00e5 ett och samma st\u00e4lle, utan att beh\u00f6va g\u00f6ra ins\u00e4ttningar p\u00e5 olika sajter. D\u00e4rf\u00f6r \u00e4r min favorit bland allroundsajterna 888 \u2013 ett fantastiskt onlinecasino med de coolaste spelautomaterna jag n\u00e5gonsin sett och ett utm\u00e4rkt onlinepokerrum. Utbudet av casinospel, inklusive blackjack, roulette och mycket mer, l\u00e4mnar inget \u00f6vrigt att \u00f6nska. Om du letar efter en verklig bingo- eller skraplottupplevelse finns det inget b\u00e4ttre \u00e4n 888.<\/p>\n<p>D\u00e4rf\u00f6r \u00e4r min favoritwebbplats f\u00f6r alla typer av spel 888 \u2013 ett fantastiskt onlinekasino med de coolaste spelautomaterna jag n\u00e5gonsin sett och ett utm\u00e4rkt onlinepokerrum. Utbudet av kasinospel, inklusive blackjack, roulette och mycket mer, l\u00e4mnar inget \u00f6vrigt att \u00f6nska. Om du letar efter en \u00e4kta bingo- eller skraplottsupplevelse finns det inget b\u00e4ttre \u00e4n 888.<\/p>\n<p>Sedan finns det sportbettingsektionen, som erbjuder ett brett utbud av evenemang att satsa p\u00e5 och de b\u00e4sta oddsen du kan hitta p\u00e5 n\u00e4tet. Du kan till och med satsa p\u00e5 finansiella marknader, s\u00e5som stora aktieindex och valutakurser! <a class=\"thirstylink\" title=\"888 casino en\" href=\"https:\/\/gambling6.com\/go\/888-casino-en\/\" target=\"_blank\" rel=\"nofollow noopener\">Anv\u00e4nd den h\u00e4r l\u00e4nken f\u00f6r att g\u00e5 till 888 idag, s\u00e5 f\u00e5r du en bonus p\u00e5 upp till 1500 \u20ac p\u00e5 din f\u00f6rsta ins\u00e4ttning.<\/a><\/p>\n<h2>B\u00e4sta allround-spelsajten f\u00f6r bosatta i USA<\/h2>\n<p>Om du \u00e4r bosatt i USA \u00e4r dina val begr\u00e4nsade, och vissa av de operat\u00f6rer som accepterar amerikanska kunder \u00e4r lite skumma, s\u00e5 du m\u00e5ste vara f\u00f6rsiktig med vem du v\u00e4ljer.<\/p>\n<p>En sajt sticker dock ut fr\u00e5n m\u00e4ngden, och det \u00e4r <a class=\"thirstylink\" title=\"Betonline casino en\" href=\"https:\/\/gambling6.com\/go\/betonline-casino-en\/\" target=\"_blank\" rel=\"nofollow noopener\">Betonline \u2013 h\u00e4r kan du spela onlinepoker, casinospel, slots, roulette, blackjack och placera sportspel.<\/a> De accepterar spelare fr\u00e5n USA, och det finns flera s\u00e4tt att s\u00e4tta in pengar p\u00e5 ditt konto och ta ut dina vinster.<\/p>\n<h2>Gambling6 \u2013 de sex mest popul\u00e4ra formerna av onlinespel<\/h2>\n<p>P\u00e5 Gambling6.com hittar du information om f\u00f6ljande:<\/p>\n<ul>\n<li>Casinospel, inklusive blackjack, roulette, craps, videopoker, slots etc.<\/li>\n<li>Poker i alla varianter<\/li>\n<li>Onlinebingo<\/li>\n<li>Onlineskraplotter<\/li>\n<li>Sportspel och vadslagning p\u00e5 andra evenemang<\/li>\n<li>Hur du f\u00e5r en lott online till valfritt lotteri utanf\u00f6r ditt eget hemland<\/li>\n<\/ul>\n<h2>Vad s\u00e4gs om lite lotteriro och jackpottar i v\u00e4rldsklass?<\/h2>\n<p>Anta att du \u00e4r en lottofantast och inte vill begr\u00e4nsa dig till ditt lokala lotteri. I s\u00e5 fall har vi goda nyheter f\u00f6r dig: Nu kan du prova lyckan i vilken lottojackpot som helst \u00f6ver hela v\u00e4rlden \u2013 RedFoxLotto g\u00f6r det m\u00f6jligt f\u00f6r dig att k\u00f6pa lotter online till v\u00e4rldens st\u00f6rsta lottojackpottar, som Mega Millions, Powerball, El Gordo, EuroMillions och m\u00e5nga fler.<br \/>\n<a href=\"https:\/\/redfoxlotto.com\/sv\">Klicka h\u00e4r f\u00f6r att se vilken lotto som har den st\u00f6rsta jackpoten p\u00e5 g\u00e5ng och k\u00f6p en lott p\u00e5 n\u00e5gra sekunder!<\/a><\/p>\n<h2>Vanliga fr\u00e5gor om onlinekasinon<\/h2>\n<p>Om du \u00e4r ny i v\u00e4rlden av onlinekasinon har du f\u00f6rmodligen fr\u00e5gor om hur det fungerar att spela online. M\u00e5nga av dina fr\u00e5gor \u00e4r desamma som m\u00e5nga andra nya onlinekasinospelare har. Dessa fr\u00e5gor besvaras i denna FAQ-sektion och hj\u00e4lper dig att komma ig\u00e5ng.<\/p>\n<p><strong>M\u00e5ste jag ha en viss \u00e5lder f\u00f6r att spela p\u00e5 ett onlinekasino?<\/strong><\/p>\n<p>Varje onlinekasino s\u00e4tter sina egna regler och riktlinjer. De flesta kr\u00e4ver dock att spelarna \u00e4r 18 eller 21 \u00e5r f\u00f6r att delta i kasinospel med riktiga pengar.<\/p>\n<p><strong>M\u00e5ste jag ladda ner n\u00e5got till min dator f\u00f6r att spela onlinekasinospel?<\/strong><\/p>\n<p>M\u00e5nga onlinekasinon l\u00e5ter dig spela i direktspelsl\u00e4ge. N\u00e4r du v\u00e4ljer att utnyttja direktspelsl\u00e4get beh\u00f6ver du inte ladda ner n\u00e5gon programvara till din dator.<\/p>\n<p><strong>Hur sv\u00e5rt \u00e4r det att registrera sig p\u00e5 ett onlinekasino?<\/strong><\/p>\n<p>Processen \u00e4r faktiskt mycket enkel. Du beh\u00f6ver ange grundl\u00e4ggande information om dig sj\u00e4lv och ladda ner och installera programvaran om du planerar att spela spel som kr\u00e4ver nedladdning. Hela processen tar bara n\u00e5gra minuter.<\/p>\n<p><strong>M\u00e5ste jag s\u00e4tta in pengar direkt?<\/strong><\/p>\n<p>De flesta kasinon l\u00e5ter dig prova deras spel utan att s\u00e4tta in pengar. Vissa ger dig gratissnurr eller l\u00e5ter dig spela gratis under en viss tid. Ofta kan du till och med beh\u00e5lla dina vinster under denna period om du senare g\u00f6r en ins\u00e4ttning med riktiga pengar!<\/p>\n<p><strong>Vad handlar bonusarna om?<\/strong><\/p>\n<p>De flesta onlinekasinon anv\u00e4nder bonusar f\u00f6r att locka spelare att spela d\u00e4r och komma tillbaka. Vissa bonusar \u00e4r v\u00e4rda hundratals eller till och med tusentals dollar. Oftast m\u00e5ste du uppfylla bonusvillkoren innan du f\u00e5r tillg\u00e5ng till dem. Instruktioner f\u00f6r att spela upp bonusen finns p\u00e5 det onlinekasino som erbjuder bonusen.<\/p>\n<p><strong>Vilka spel kan jag spela p\u00e5 ett onlinekasino?<\/strong><\/p>\n<p>Varje onlinekasino erbjuder sitt eget utbud av spel. N\u00e5gra av de vanligaste spelen \u00e4r dock videoslots, spelautomater, roulette, craps, blackjack, poker och till och med lotterier fr\u00e5n hela v\u00e4rlden.<\/p>\n<p><strong>Hur mycket pengar kan jag egentligen vinna p\u00e5 ett onlinekasino?<\/strong><\/p>\n<p>F\u00f6rst och fr\u00e4mst \u00e4r det inte garanterat att du vinner n\u00e5got alls. Det finns dock mycket pengar att vinna d\u00e4r ute. Du hittar spelautomater med jackpottar p\u00e5 miljoner dollar, pokerturneringar med 1 miljon dollar eller mer i garanterade prispengar, etc. Faktum \u00e4r att de flesta onlinekasinon har b\u00e4ttre utbetalningsprocent \u00e4n landbaserade kasinon. Detta beror p\u00e5 att de har l\u00e4gre omkostnader och har r\u00e5d att betala ut en h\u00f6gre andel av insatserna.<\/p>\n","protected":false},"excerpt":{"rendered":"<p>V\u00e4lkommen till Gambling6 \u2013 information om allt du beh\u00f6ver veta om pengaspel F\u00f6r m\u00e5nga m\u00e4nniskor kan v\u00e4rlden av onlinespel med riktiga pengar verka skr\u00e4mmande och n\u00e5got de \u00e4r ovilliga att prova. De kanske gillar spel i allm\u00e4nhet, men undrar om onlinespelsajter \u00e4r p\u00e5litliga. Idag \u00e4r det dock ett av de enklaste s\u00e4tten att njuta av [&hellip;]<\/p>\n","protected":false},"author":1,"featured_media":0,"parent":0,"menu_order":1,"comment_status":"closed","ping_status":"closed","template":"","meta":{"footnotes":""},"class_list":["post-8150","page","type-page","status-publish","hentry"],"yoast_head":"<!-- This site is optimized with the Yoast SEO plugin v27.4 - https:\/\/yoast.com\/product\/yoast-seo-wordpress\/ -->\n<title>B\u00e4sta onlinespel f\u00f6r pengar | V\u00e4lkommen till Gambling6<\/title>\n<meta name=\"description\" content=\"Om du gillar att spela f\u00f6r pengar har v\u00e5r spelsajt all information du beh\u00f6ver om de 6 mest popul\u00e4ra onlinespelen.\" \/>\n<meta name=\"robots\" content=\"index, follow, max-snippet:-1, max-image-preview:large, max-video-preview:-1\" \/>\n<link rel=\"canonical\" href=\"https:\/\/gambling6.com\/sv\/\" \/>\n<meta property=\"og:locale\" content=\"sv_SE\" \/>\n<meta property=\"og:type\" content=\"article\" \/>\n<meta property=\"og:title\" content=\"B\u00e4sta onlinespel f\u00f6r pengar | V\u00e4lkommen till Gambling6\" \/>\n<meta property=\"og:description\" content=\"Om du gillar att spela f\u00f6r pengar har v\u00e5r spelsajt all information du beh\u00f6ver om de 6 mest popul\u00e4ra onlinespelen.\" \/>\n<meta property=\"og:url\" content=\"https:\/\/gambling6.com\/sv\/\" \/>\n<meta property=\"og:site_name\" content=\"Gambling6\" \/>\n<meta property=\"article:modified_time\" content=\"2025-10-29T12:55:39+00:00\" \/>\n<meta property=\"og:image\" content=\"https:\/\/gambling6.com\/wp-content\/uploads\/2022\/04\/1_win_lottery_online1.jpg\" \/>\n\t<meta property=\"og:image:width\" content=\"300\" \/>\n\t<meta property=\"og:image:height\" content=\"199\" \/>\n\t<meta property=\"og:image:type\" content=\"image\/jpeg\" \/>\n<meta name=\"twitter:card\" content=\"summary_large_image\" \/>\n<meta name=\"twitter:label1\" content=\"Ber\u00e4knad l\u00e4stid\" \/>\n\t<meta name=\"twitter:data1\" content=\"6 minuter\" \/>\n<script type=\"application\/ld+json\" class=\"yoast-schema-graph\">{\"@context\":\"https:\\\/\\\/schema.org\",\"@graph\":[{\"@type\":\"WebPage\",\"@id\":\"https:\\\/\\\/gambling6.com\\\/sv\\\/\",\"url\":\"https:\\\/\\\/gambling6.com\\\/sv\\\/\",\"name\":\"B\u00e4sta onlinespel f\u00f6r pengar | V\u00e4lkommen till Gambling6\",\"isPartOf\":{\"@id\":\"https:\\\/\\\/gambling6.com\\\/sv\\\/#website\"},\"primaryImageOfPage\":{\"@id\":\"https:\\\/\\\/gambling6.com\\\/sv\\\/#primaryimage\"},\"image\":{\"@id\":\"https:\\\/\\\/gambling6.com\\\/sv\\\/#primaryimage\"},\"thumbnailUrl\":\"https:\\\/\\\/gambling6.com\\\/wp-content\\\/uploads\\\/2022\\\/04\\\/1_win_lottery_online1.jpg\",\"datePublished\":\"2025-10-29T12:55:07+00:00\",\"dateModified\":\"2025-10-29T12:55:39+00:00\",\"description\":\"Om du gillar att spela f\u00f6r pengar har v\u00e5r spelsajt all information du beh\u00f6ver om de 6 mest popul\u00e4ra onlinespelen.\",\"breadcrumb\":{\"@id\":\"https:\\\/\\\/gambling6.com\\\/sv\\\/#breadcrumb\"},\"inLanguage\":\"sv-SE\",\"potentialAction\":[{\"@type\":\"ReadAction\",\"target\":[\"https:\\\/\\\/gambling6.com\\\/sv\\\/\"]}]},{\"@type\":\"ImageObject\",\"inLanguage\":\"sv-SE\",\"@id\":\"https:\\\/\\\/gambling6.com\\\/sv\\\/#primaryimage\",\"url\":\"https:\\\/\\\/gambling6.com\\\/wp-content\\\/uploads\\\/2022\\\/04\\\/1_win_lottery_online1.jpg\",\"contentUrl\":\"https:\\\/\\\/gambling6.com\\\/wp-content\\\/uploads\\\/2022\\\/04\\\/1_win_lottery_online1.jpg\"},{\"@type\":\"BreadcrumbList\",\"@id\":\"https:\\\/\\\/gambling6.com\\\/sv\\\/#breadcrumb\",\"itemListElement\":[{\"@type\":\"ListItem\",\"position\":1,\"name\":\"Home\",\"item\":\"https:\\\/\\\/gambling6.com\\\/sv\\\/home\\\/\"},{\"@type\":\"ListItem\",\"position\":2,\"name\":\"Home\"}]},{\"@type\":\"WebSite\",\"@id\":\"https:\\\/\\\/gambling6.com\\\/sv\\\/#website\",\"url\":\"https:\\\/\\\/gambling6.com\\\/sv\\\/\",\"name\":\"Gambling6\",\"description\":\"\",\"potentialAction\":[{\"@type\":\"SearchAction\",\"target\":{\"@type\":\"EntryPoint\",\"urlTemplate\":\"https:\\\/\\\/gambling6.com\\\/sv\\\/?s={search_term_string}\"},\"query-input\":{\"@type\":\"PropertyValueSpecification\",\"valueRequired\":true,\"valueName\":\"search_term_string\"}}],\"inLanguage\":\"sv-SE\"}]}<\/script>\n<!-- \/ Yoast SEO plugin. -->","yoast_head_json":{"title":"B\u00e4sta onlinespel f\u00f6r pengar | V\u00e4lkommen till Gambling6","description":"Om du gillar att spela f\u00f6r pengar har v\u00e5r spelsajt all information du beh\u00f6ver om de 6 mest popul\u00e4ra onlinespelen.","robots":{"index":"index","follow":"follow","max-snippet":"max-snippet:-1","max-image-preview":"max-image-preview:large","max-video-preview":"max-video-preview:-1"},"canonical":"https:\/\/gambling6.com\/sv\/","og_locale":"sv_SE","og_type":"article","og_title":"B\u00e4sta onlinespel f\u00f6r pengar | V\u00e4lkommen till Gambling6","og_description":"Om du gillar att spela f\u00f6r pengar har v\u00e5r spelsajt all information du beh\u00f6ver om de 6 mest popul\u00e4ra onlinespelen.","og_url":"https:\/\/gambling6.com\/sv\/","og_site_name":"Gambling6","article_modified_time":"2025-10-29T12:55:39+00:00","og_image":[{"width":300,"height":199,"url":"https:\/\/gambling6.com\/wp-content\/uploads\/2022\/04\/1_win_lottery_online1.jpg","type":"image\/jpeg"}],"twitter_card":"summary_large_image","twitter_misc":{"Ber\u00e4knad l\u00e4stid":"6 minuter"},"schema":{"@context":"https:\/\/schema.org","@graph":[{"@type":"WebPage","@id":"https:\/\/gambling6.com\/sv\/","url":"https:\/\/gambling6.com\/sv\/","name":"B\u00e4sta onlinespel f\u00f6r pengar | V\u00e4lkommen till Gambling6","isPartOf":{"@id":"https:\/\/gambling6.com\/sv\/#website"},"primaryImageOfPage":{"@id":"https:\/\/gambling6.com\/sv\/#primaryimage"},"image":{"@id":"https:\/\/gambling6.com\/sv\/#primaryimage"},"thumbnailUrl":"https:\/\/gambling6.com\/wp-content\/uploads\/2022\/04\/1_win_lottery_online1.jpg","datePublished":"2025-10-29T12:55:07+00:00","dateModified":"2025-10-29T12:55:39+00:00","description":"Om du gillar att spela f\u00f6r pengar har v\u00e5r spelsajt all information du beh\u00f6ver om de 6 mest popul\u00e4ra onlinespelen.","breadcrumb":{"@id":"https:\/\/gambling6.com\/sv\/#breadcrumb"},"inLanguage":"sv-SE","potentialAction":[{"@type":"ReadAction","target":["https:\/\/gambling6.com\/sv\/"]}]},{"@type":"ImageObject","inLanguage":"sv-SE","@id":"https:\/\/gambling6.com\/sv\/#primaryimage","url":"https:\/\/gambling6.com\/wp-content\/uploads\/2022\/04\/1_win_lottery_online1.jpg","contentUrl":"https:\/\/gambling6.com\/wp-content\/uploads\/2022\/04\/1_win_lottery_online1.jpg"},{"@type":"BreadcrumbList","@id":"https:\/\/gambling6.com\/sv\/#breadcrumb","itemListElement":[{"@type":"ListItem","position":1,"name":"Home","item":"https:\/\/gambling6.com\/sv\/home\/"},{"@type":"ListItem","position":2,"name":"Home"}]},{"@type":"WebSite","@id":"https:\/\/gambling6.com\/sv\/#website","url":"https:\/\/gambling6.com\/sv\/","name":"Gambling6","description":"","potentialAction":[{"@type":"SearchAction","target":{"@type":"EntryPoint","urlTemplate":"https:\/\/gambling6.com\/sv\/?s={search_term_string}"},"query-input":{"@type":"PropertyValueSpecification","valueRequired":true,"valueName":"search_term_string"}}],"inLanguage":"sv-SE"}]}},"_links":{"self":[{"href":"https:\/\/gambling6.com\/sv\/wp-json\/wp\/v2\/pages\/8150","targetHints":{"allow":["GET"]}}],"collection":[{"href":"https:\/\/gambling6.com\/sv\/wp-json\/wp\/v2\/pages"}],"about":[{"href":"https:\/\/gambling6.com\/sv\/wp-json\/wp\/v2\/types\/page"}],"author":[{"embeddable":true,"href":"https:\/\/gambling6.com\/sv\/wp-json\/wp\/v2\/users\/1"}],"replies":[{"embeddable":true,"href":"https:\/\/gambling6.com\/sv\/wp-json\/wp\/v2\/comments?post=8150"}],"version-history":[{"count":1,"href":"https:\/\/gambling6.com\/sv\/wp-json\/wp\/v2\/pages\/8150\/revisions"}],"predecessor-version":[{"id":8151,"href":"https:\/\/gambling6.com\/sv\/wp-json\/wp\/v2\/pages\/8150\/revisions\/8151"}],"wp:attachment":[{"href":"https:\/\/gambling6.com\/sv\/wp-json\/wp\/v2\/media?parent=8150"}],"curies":[{"name":"wp","href":"https:\/\/api.w.org\/{rel}","templated":true}]}}