{"id":8334,"date":"2025-11-07T10:48:28","date_gmt":"2025-11-07T10:48:28","guid":{"rendered":"https:\/\/gambling6.com\/kasino\/"},"modified":"2025-11-12T16:03:43","modified_gmt":"2025-11-12T16:03:43","slug":"kasino","status":"publish","type":"page","link":"https:\/\/gambling6.com\/sv\/kasino\/","title":{"rendered":"Kasino"},"content":{"rendered":"<h2>Guide f\u00f6r nyb\u00f6rjare p\u00e5 onlinekasinon<\/h2>\n<p>L\u00e5t oss inse det &#8211; onlinekasinon \u00e4r h\u00e4r f\u00f6r att stanna. Med tanke p\u00e5 dess \u00f6kande popularitet \u00e4r det bekr\u00e4ftat att spelarna \u00e4lskar det. Att spela online med riktiga pengar har gjort alla glada n\u00e4r de v\u00e4l har b\u00f6rjat, och de ber om mer. N\u00e4stan varje dag byter en stor m\u00e4ngd pengar h\u00e4nder p\u00e5 dessa casinon med riktiga pengar. Vare sig det g\u00e4ller ins\u00e4ttningar eller uttag, sker allt supersnabbt via internet.<\/p>\n<p>Men det \u00e4r h\u00e4r m\u00e5nga faktiskt blir lite nerv\u00f6sa. Snarare \u00e4n kort- eller spelautomatkombinationerna \u00e4r det betalningsalternativen och deras s\u00e4kerhet som st\u00f6r spelarna. De kan inte heller klandras. Internettransaktioner kan orsaka mycket huvudbry om man inte \u00e4r tillr\u00e4ckligt f\u00f6rsiktig.<\/p>\n<p>Det \u00e4r d\u00e4rf\u00f6r m\u00e5nga onlinekasinon g\u00f6r allt f\u00f6r att \u00f6vertyga kunderna om att de <strong>betalningsalternativ som erbjuds p\u00e5 deras webbplatser \u00e4r s\u00e4kra och trygga.<\/strong> Det \u00e4r verkligen en bra id\u00e9 att vara vaksam n\u00e4r det g\u00e4ller onlinetransaktioner. Det sista du vill \u00e4r att dina kreditkortsuppgifter hamnar i fel h\u00e4nder. Internet har en hel del hackare och bedragare, och det sista du vill \u00e4r att bli deras n\u00e4sta offer. Det b\u00e4sta du kan g\u00f6ra \u00e4r att \u00f6ka din kunskap om onlinebetalningsmetoder och deras variation.<\/p>\n<p>Det finns en hel del betalningskanaler som tillhandah\u00e5lls av onlinekasinon, vilka \u00e4r s\u00e4kra att anv\u00e4nda n\u00e4r du spelar online. Att betala med kredit- eller betalkort \u00e4r ganska vanligt i onlinekasinon. N\u00e4stan alla kasinon accepterar Visa- och MasterCards samt American Express-kort. Du kan anv\u00e4nda vilket som helst av dessa kort f\u00f6r att g\u00f6ra transaktioner.<\/p>\n<h2>Onlinekasinon som accepterar amerikanska kunder<\/h2>\n<p><img loading=\"lazy\" decoding=\"async\" class=\"wp-image-2901 alignright\" src=\"https:\/\/gambling6.com\/wp-content\/uploads\/2022\/04\/download-image2-300x190.jpg\" alt=\"ladda ner onlinecasino\n\" width=\"249\" height=\"158\" srcset=\"https:\/\/gambling6.com\/wp-content\/uploads\/2022\/04\/download-image2-300x190.jpg 300w, https:\/\/gambling6.com\/wp-content\/uploads\/2022\/04\/download-image2.jpg 435w\" sizes=\"auto, (max-width: 249px) 100vw, 249px\" \/>Om du \u00e4r bosatt i USA \u00e4r dina alternativ n\u00e4r det g\u00e4ller onlinekasinon n\u00e5got begr\u00e4nsade p\u00e5 grund av amerikansk lagstiftning. Detsamma g\u00e4ller betalningsalternativ som \u00e4r tillg\u00e4ngliga f\u00f6r dig. Det \u00e4r d\u00e4rf\u00f6r du som amerikansk bosatt b\u00f6r leta efter ett casino med bekv\u00e4ma metoder f\u00f6r ins\u00e4ttningar och uttag f\u00f6r att komma ig\u00e5ng med spel online.<\/p>\n<p>S\u00e4rskilt n\u00e4r det g\u00e4ller enkel betalningsbehandling sticker BetOnline casino ut fr\u00e5n m\u00e4ngden, vilket \u00e4r anledningen till att vi starkt rekommenderar dem till amerikanska bes\u00f6kare. <a class=\"thirstylink\" title=\"Betonline casino en\" href=\"https:\/\/gambling6.com\/go\/betonline-casino-en\/\" target=\"_blank\" rel=\"nofollow noopener\"><strong>Klicka <\/strong><strong>h\u00e4r f\u00f6r att bes\u00f6ka dem nu.<\/strong><\/a><\/p>\n<p>\u00c4ven om det kan verka som ett sj\u00e4lvklart f\u00f6rslag, innan du anger dina kreditkortsuppgifter, se till att du \u00e4r tydlig med syftet med transaktionen och litar p\u00e5 webbplatsen. Du kan ocks\u00e5 g\u00e5 ut\u00f6ver att bara skriva in kreditkortsinformation genom att v\u00e4lja onlinebetalningsmetoder. Det finns en hel del onlineportaler som \u00e4r dedikerade till detta \u00e4ndam\u00e5l. Det \u00e4r sant att casinon kan ha sin favoritwebbplats f\u00f6r onlinetransaktioner, men det finns vissa som \u00e4r mer popul\u00e4ra \u00e4n andra.<\/p>\n<p>Dessa webbplatser f\u00f6r online-transaktioner inkluderar Neteller, Money Transfer, eWalletXpress, PayPal, Instadebit och Moneybookers. Moneybookers \u00e4r en metod som \u00e4r ganska popul\u00e4r i europeiska l\u00e4nder, inklusive Storbritannien. Denna m\u00f6jlighet har gjort europeiska medborgare till stora fans av onlinekasinon.<\/p>\n<h2>Kasinon som behandlar betalningar via PayPal<\/h2>\n<p>Om du \u00e4r bekant med PayPal kommer du inte ha n\u00e5gra problem med att anv\u00e4nda det f\u00f6r dina onlinespelsessioner. Allt du beh\u00f6ver g\u00f6ra \u00e4r att registrera ditt namn och para ihop ditt kreditkort med kontot. Detta betalningss\u00e4tt accepteras av de flesta kasinon och onlinespelsajter. Om du vill f\u00f6rbli anonym n\u00e4r du spelar online \u00e4r eWalletXpress b\u00e4st l\u00e4mpad f\u00f6r dig. F\u00f6rutom s\u00e4kerhet och trygghet hj\u00e4lper den h\u00e4r webbplatsen ins\u00e4ttare att h\u00e5lla sig bakom sl\u00f6jan. Det \u00e4r en snabb transaktionsmetod som accepteras av de flesta onlinekasinon.<\/p>\n<p>Tack vare populariteten f\u00f6r online-transaktioner, inklusive spel online, har PayPal f\u00e5tt mycket uppm\u00e4rksamhet. Det verkar som att det finns ett litet antal kasinon som litar p\u00e5 den h\u00e4r webbplatsen f\u00f6r dess s\u00e4kra betalningss\u00e4tt.<\/p>\n<p>888 Casino erbjuder PayPal-alternativet till alla sina spelare bosatta i Storbritannien och Irland. Om du d\u00e4remot \u00e4r bosatt i Australien och vill spela p\u00e5 den h\u00e4r webbplatsen kan du g\u00f6ra dina transaktioner via MasterCard. F\u00f6rutom de tv\u00e5 l\u00e4nderna som n\u00e4mns ovan \u00e4r de andra europeiska l\u00e4nderna som t\u00e4cks av detta online-transaktionssystem Spanien, Portugal, Italien, \u00d6sterrike, Finland, Sverige och Danmark.<\/p>\n<p>Just nu har 888 Casino till och med ett fantastiskt erbjudande f\u00f6r nya spelare: **en bonus p\u00e5 100 % och upp till 1 500 000 \u20ac p\u00e5 din f\u00f6rsta ins\u00e4ttning f\u00f6r nya spelare! Detta kampanjerbjudande g\u00e4ller endast f\u00f6r inv\u00e5nare i specifika l\u00e4nder. <a class=\"thirstylink\" title=\"888 casino en\" href=\"https:\/\/gambling6.com\/go\/888-casino-en\/\" target=\"_blank\" rel=\"nofollow noopener\">Kontrollera 888:s webbplatser f\u00f6r mer information.<\/a><\/p>\n<p>Kortfattat har de flesta betalningsalternativ f\u00f6r alla spelare oavsett var de bor.Amerikanska och australiska medborgare kan anv\u00e4nda Visa, MasterCard, Neteller och Moneybookers, medan de som bor i Europa kan anv\u00e4nda PayPal-systemet.<\/p>\n<p>888 Casino har en m\u00e4ngd olika spel, inklusive 3D-spel. Du kan placera dina spel med PayPal, MasterCard eller andra accepterade betalningsmetoder. Alla dessa betalningsmetoder \u00e4r ganska s\u00e4kra. Men precis som m\u00e5nga andra onlinekasinon har 888casinos.com ett l\u00e4gsta ins\u00e4ttningsbelopp som du m\u00e5ste h\u00e5lla dig till. Men beloppet beror ofta p\u00e5 vilken typ av betalningsalternativ du v\u00e4ljer. Om du anv\u00e4nder MasterCard eller Visa-kort m\u00e5ste du betala $20, \u20ac20 eller \u00a320, beroende p\u00e5 vilken region du befinner dig i. Spelare som anv\u00e4nder Maestro-betalkort m\u00e5ste dock s\u00e4tta in minst $10 eller \u20ac10. Om du anv\u00e4nder onlinesajter som PayPal, MoneyBookers eller Neteller \u00e4r minimibeloppet $20.<\/p>\n<p>F\u00f6r det mesta kan beloppet variera fr\u00e5n valuta till valuta beroende p\u00e5 v\u00e4xelkurs och andra till\u00e4mpliga avgifter. Det \u00e4r d\u00e4rf\u00f6r en spelare kan s\u00e4tta in 10 pund via Neteller, medan en annan kan betala 20 dollar, vilket \u00e4r dubbelt s\u00e5 mycket som det tidigare beloppet. S\u00e5 n\u00e4r du g\u00f6r transaktionerna \u00e4r det b\u00e4ttre om du vet vilken valuta du ska anv\u00e4nda p\u00e5 ett visst casino.<\/p>\n<p>Slutsatsen \u00e4r att n\u00e4r du spelar online med dina pengar p\u00e5 ett online casino \u00e4r det b\u00e4ttre att anv\u00e4nda en betrodd betalningsmetod. P\u00e5 s\u00e5 s\u00e4tt slipper du \u00e5ngra dig senare. Du \u00e4r trots allt d\u00e4r f\u00f6r att ha kul och inte bli offer f\u00f6r bedr\u00e4geri. S\u00e5 spela s\u00e4kert och l\u00e5t hjulet snurra!<\/p>\n","protected":false},"excerpt":{"rendered":"<p>Guide f\u00f6r nyb\u00f6rjare p\u00e5 onlinekasinon L\u00e5t oss inse det &#8211; onlinekasinon \u00e4r h\u00e4r f\u00f6r att stanna. Med tanke p\u00e5 dess \u00f6kande popularitet \u00e4r det bekr\u00e4ftat att spelarna \u00e4lskar det. Att spela online med riktiga pengar har gjort alla glada n\u00e4r de v\u00e4l har b\u00f6rjat, och de ber om mer. N\u00e4stan varje dag byter en stor [&hellip;]<\/p>\n","protected":false},"author":1,"featured_media":0,"parent":0,"menu_order":2,"comment_status":"closed","ping_status":"closed","template":"","meta":{"footnotes":""},"class_list":["post-8334","page","type-page","status-publish","hentry"],"yoast_head":"<!-- This site is optimized with the Yoast SEO plugin v27.4 - https:\/\/yoast.com\/product\/yoast-seo-wordpress\/ -->\n<title>Kom ig\u00e5ng med onlinespel | Guide till onlinekasino<\/title>\n<meta name=\"description\" content=\"L\u00e5t oss inse det \u2013 online casino \u00e4r h\u00e4r f\u00f6r att stanna. Kom ig\u00e5ng nu \u2013 v\u00e5r guide till online casino hj\u00e4lper dig att v\u00e4lja de b\u00e4sta sajterna f\u00f6r dig.\" \/>\n<meta name=\"robots\" content=\"index, follow, max-snippet:-1, max-image-preview:large, max-video-preview:-1\" \/>\n<link rel=\"canonical\" href=\"https:\/\/gambling6.com\/sv\/kasino\/\" \/>\n<meta property=\"og:locale\" content=\"sv_SE\" \/>\n<meta property=\"og:type\" content=\"article\" \/>\n<meta property=\"og:title\" content=\"Kom ig\u00e5ng med onlinespel | Guide till onlinekasino\" \/>\n<meta property=\"og:description\" content=\"L\u00e5t oss inse det \u2013 online casino \u00e4r h\u00e4r f\u00f6r att stanna. Kom ig\u00e5ng nu \u2013 v\u00e5r guide till online casino hj\u00e4lper dig att v\u00e4lja de b\u00e4sta sajterna f\u00f6r dig.\" \/>\n<meta property=\"og:url\" content=\"https:\/\/gambling6.com\/sv\/kasino\/\" \/>\n<meta property=\"og:site_name\" content=\"Gambling6\" \/>\n<meta property=\"article:modified_time\" content=\"2025-11-12T16:03:43+00:00\" \/>\n<meta property=\"og:image\" content=\"https:\/\/gambling6.com\/wp-content\/uploads\/2022\/04\/download-image2.jpg\" \/>\n\t<meta property=\"og:image:width\" content=\"435\" \/>\n\t<meta property=\"og:image:height\" content=\"276\" \/>\n\t<meta property=\"og:image:type\" content=\"image\/jpeg\" \/>\n<meta name=\"twitter:card\" content=\"summary_large_image\" \/>\n<meta name=\"twitter:label1\" content=\"Ber\u00e4knad l\u00e4stid\" \/>\n\t<meta name=\"twitter:data1\" content=\"5 minuter\" \/>\n<script type=\"application\/ld+json\" class=\"yoast-schema-graph\">{\"@context\":\"https:\\\/\\\/schema.org\",\"@graph\":[{\"@type\":\"WebPage\",\"@id\":\"https:\\\/\\\/gambling6.com\\\/sv\\\/kasino\\\/\",\"url\":\"https:\\\/\\\/gambling6.com\\\/sv\\\/kasino\\\/\",\"name\":\"Kom ig\u00e5ng med onlinespel | Guide till onlinekasino\",\"isPartOf\":{\"@id\":\"https:\\\/\\\/gambling6.com\\\/sv\\\/#website\"},\"primaryImageOfPage\":{\"@id\":\"https:\\\/\\\/gambling6.com\\\/sv\\\/kasino\\\/#primaryimage\"},\"image\":{\"@id\":\"https:\\\/\\\/gambling6.com\\\/sv\\\/kasino\\\/#primaryimage\"},\"thumbnailUrl\":\"https:\\\/\\\/gambling6.com\\\/wp-content\\\/uploads\\\/2022\\\/04\\\/download-image2-300x190.jpg\",\"datePublished\":\"2025-11-07T10:48:28+00:00\",\"dateModified\":\"2025-11-12T16:03:43+00:00\",\"description\":\"L\u00e5t oss inse det \u2013 online casino \u00e4r h\u00e4r f\u00f6r att stanna. Kom ig\u00e5ng nu \u2013 v\u00e5r guide till online casino hj\u00e4lper dig att v\u00e4lja de b\u00e4sta sajterna f\u00f6r dig.\",\"breadcrumb\":{\"@id\":\"https:\\\/\\\/gambling6.com\\\/sv\\\/kasino\\\/#breadcrumb\"},\"inLanguage\":\"sv-SE\",\"potentialAction\":[{\"@type\":\"ReadAction\",\"target\":[\"https:\\\/\\\/gambling6.com\\\/sv\\\/kasino\\\/\"]}]},{\"@type\":\"ImageObject\",\"inLanguage\":\"sv-SE\",\"@id\":\"https:\\\/\\\/gambling6.com\\\/sv\\\/kasino\\\/#primaryimage\",\"url\":\"https:\\\/\\\/gambling6.com\\\/wp-content\\\/uploads\\\/2022\\\/04\\\/download-image2-300x190.jpg\",\"contentUrl\":\"https:\\\/\\\/gambling6.com\\\/wp-content\\\/uploads\\\/2022\\\/04\\\/download-image2-300x190.jpg\"},{\"@type\":\"BreadcrumbList\",\"@id\":\"https:\\\/\\\/gambling6.com\\\/sv\\\/kasino\\\/#breadcrumb\",\"itemListElement\":[{\"@type\":\"ListItem\",\"position\":1,\"name\":\"Home\",\"item\":\"https:\\\/\\\/gambling6.com\\\/sv\\\/home\\\/\"},{\"@type\":\"ListItem\",\"position\":2,\"name\":\"Kasino\"}]},{\"@type\":\"WebSite\",\"@id\":\"https:\\\/\\\/gambling6.com\\\/sv\\\/#website\",\"url\":\"https:\\\/\\\/gambling6.com\\\/sv\\\/\",\"name\":\"Gambling6\",\"description\":\"\",\"potentialAction\":[{\"@type\":\"SearchAction\",\"target\":{\"@type\":\"EntryPoint\",\"urlTemplate\":\"https:\\\/\\\/gambling6.com\\\/sv\\\/?s={search_term_string}\"},\"query-input\":{\"@type\":\"PropertyValueSpecification\",\"valueRequired\":true,\"valueName\":\"search_term_string\"}}],\"inLanguage\":\"sv-SE\"}]}<\/script>\n<!-- \/ Yoast SEO plugin. -->","yoast_head_json":{"title":"Kom ig\u00e5ng med onlinespel | Guide till onlinekasino","description":"L\u00e5t oss inse det \u2013 online casino \u00e4r h\u00e4r f\u00f6r att stanna. Kom ig\u00e5ng nu \u2013 v\u00e5r guide till online casino hj\u00e4lper dig att v\u00e4lja de b\u00e4sta sajterna f\u00f6r dig.","robots":{"index":"index","follow":"follow","max-snippet":"max-snippet:-1","max-image-preview":"max-image-preview:large","max-video-preview":"max-video-preview:-1"},"canonical":"https:\/\/gambling6.com\/sv\/kasino\/","og_locale":"sv_SE","og_type":"article","og_title":"Kom ig\u00e5ng med onlinespel | Guide till onlinekasino","og_description":"L\u00e5t oss inse det \u2013 online casino \u00e4r h\u00e4r f\u00f6r att stanna. Kom ig\u00e5ng nu \u2013 v\u00e5r guide till online casino hj\u00e4lper dig att v\u00e4lja de b\u00e4sta sajterna f\u00f6r dig.","og_url":"https:\/\/gambling6.com\/sv\/kasino\/","og_site_name":"Gambling6","article_modified_time":"2025-11-12T16:03:43+00:00","og_image":[{"width":435,"height":276,"url":"https:\/\/gambling6.com\/wp-content\/uploads\/2022\/04\/download-image2.jpg","type":"image\/jpeg"}],"twitter_card":"summary_large_image","twitter_misc":{"Ber\u00e4knad l\u00e4stid":"5 minuter"},"schema":{"@context":"https:\/\/schema.org","@graph":[{"@type":"WebPage","@id":"https:\/\/gambling6.com\/sv\/kasino\/","url":"https:\/\/gambling6.com\/sv\/kasino\/","name":"Kom ig\u00e5ng med onlinespel | Guide till onlinekasino","isPartOf":{"@id":"https:\/\/gambling6.com\/sv\/#website"},"primaryImageOfPage":{"@id":"https:\/\/gambling6.com\/sv\/kasino\/#primaryimage"},"image":{"@id":"https:\/\/gambling6.com\/sv\/kasino\/#primaryimage"},"thumbnailUrl":"https:\/\/gambling6.com\/wp-content\/uploads\/2022\/04\/download-image2-300x190.jpg","datePublished":"2025-11-07T10:48:28+00:00","dateModified":"2025-11-12T16:03:43+00:00","description":"L\u00e5t oss inse det \u2013 online casino \u00e4r h\u00e4r f\u00f6r att stanna. Kom ig\u00e5ng nu \u2013 v\u00e5r guide till online casino hj\u00e4lper dig att v\u00e4lja de b\u00e4sta sajterna f\u00f6r dig.","breadcrumb":{"@id":"https:\/\/gambling6.com\/sv\/kasino\/#breadcrumb"},"inLanguage":"sv-SE","potentialAction":[{"@type":"ReadAction","target":["https:\/\/gambling6.com\/sv\/kasino\/"]}]},{"@type":"ImageObject","inLanguage":"sv-SE","@id":"https:\/\/gambling6.com\/sv\/kasino\/#primaryimage","url":"https:\/\/gambling6.com\/wp-content\/uploads\/2022\/04\/download-image2-300x190.jpg","contentUrl":"https:\/\/gambling6.com\/wp-content\/uploads\/2022\/04\/download-image2-300x190.jpg"},{"@type":"BreadcrumbList","@id":"https:\/\/gambling6.com\/sv\/kasino\/#breadcrumb","itemListElement":[{"@type":"ListItem","position":1,"name":"Home","item":"https:\/\/gambling6.com\/sv\/home\/"},{"@type":"ListItem","position":2,"name":"Kasino"}]},{"@type":"WebSite","@id":"https:\/\/gambling6.com\/sv\/#website","url":"https:\/\/gambling6.com\/sv\/","name":"Gambling6","description":"","potentialAction":[{"@type":"SearchAction","target":{"@type":"EntryPoint","urlTemplate":"https:\/\/gambling6.com\/sv\/?s={search_term_string}"},"query-input":{"@type":"PropertyValueSpecification","valueRequired":true,"valueName":"search_term_string"}}],"inLanguage":"sv-SE"}]}},"_links":{"self":[{"href":"https:\/\/gambling6.com\/sv\/wp-json\/wp\/v2\/pages\/8334","targetHints":{"allow":["GET"]}}],"collection":[{"href":"https:\/\/gambling6.com\/sv\/wp-json\/wp\/v2\/pages"}],"about":[{"href":"https:\/\/gambling6.com\/sv\/wp-json\/wp\/v2\/types\/page"}],"author":[{"embeddable":true,"href":"https:\/\/gambling6.com\/sv\/wp-json\/wp\/v2\/users\/1"}],"replies":[{"embeddable":true,"href":"https:\/\/gambling6.com\/sv\/wp-json\/wp\/v2\/comments?post=8334"}],"version-history":[{"count":2,"href":"https:\/\/gambling6.com\/sv\/wp-json\/wp\/v2\/pages\/8334\/revisions"}],"predecessor-version":[{"id":10667,"href":"https:\/\/gambling6.com\/sv\/wp-json\/wp\/v2\/pages\/8334\/revisions\/10667"}],"wp:attachment":[{"href":"https:\/\/gambling6.com\/sv\/wp-json\/wp\/v2\/media?parent=8334"}],"curies":[{"name":"wp","href":"https:\/\/api.w.org\/{rel}","templated":true}]}}