{"id":8363,"date":"2025-11-07T12:48:10","date_gmt":"2025-11-07T12:48:10","guid":{"rendered":"https:\/\/gambling6.com\/kasino\/kasinorecensioner\/"},"modified":"2025-11-12T06:51:36","modified_gmt":"2025-11-12T06:51:36","slug":"kasinorecensioner","status":"publish","type":"page","link":"https:\/\/gambling6.com\/sv\/kasino\/kasinorecensioner\/","title":{"rendered":"Kasinorecensioner"},"content":{"rendered":"<h2>Hj\u00e4lper dig att v\u00e4lja den b\u00e4sta spelsajten via v\u00e5ra recensioner<\/h2>\n<p>Casinowebbplatser \u00e4r de platser som erbjuder dig en chans att placera dina spel p\u00e5 kasinospel eller sport, eller satsa p\u00e5 ett online pokerrum. Onlinespel ger dig bekv\u00e4mligheten av att spela hemifr\u00e5n. Du kan njuta av sp\u00e4nningen i att satsa p\u00e5 dina favoritsporter utan att l\u00e4mna ditt hems bekv\u00e4mlighet. Populariteten f\u00f6r onlinespel har gett upphov till m\u00e5nga onlinespelsajter och kasinon. Liksom alla andra branscher har onlinespel ocks\u00e5 skrupelfria operat\u00f6rer. D\u00e4rf\u00f6r \u00e4r det avg\u00f6rande att v\u00e4lja den b\u00e4sta kasinowebbplatsen. <strong>Att kolla in v\u00e5ra recensioner av casinosajter kan hj\u00e4lpa dig att avg\u00f6ra om de \u00e4r p\u00e5litliga.<\/strong><\/p>\n<p><a href=\"https:\/\/ic.aff-handler.com\/C\/47965?sr=1064399&amp;anid=\" rel=\"nofollow\"><img loading=\"lazy\" decoding=\"async\" class=\"alignright\" src=\"https:\/\/ic.aff-handler.com\/I\/47965?sr=1064399&amp;anid=\" width=\"420\" height=\"84\" \/><\/a><\/p>\n<ul>\n<li><strong>Rykte<\/strong><\/li>\n<\/ul>\n<p>Casinosajternas rykte \u00e4r det f\u00f6rsta och viktigaste att leta efter innan du fattar ett beslut. Eftersom du inte kan inspektera casinot fysiskt m\u00e5ste du lita p\u00e5 dess rykte f\u00f6r att best\u00e4mma om du ska spela d\u00e4r eller inte. De b\u00e4sta casinosajterna \u00e4r de som har m\u00e5nga \u00e5rs erfarenhet i branschen och har etablerat ett gott rykte f\u00f6r att ge utm\u00e4rkt kundservice.<\/p>\n<ul>\n<li><strong>Licens<\/strong><\/li>\n<\/ul>\n<p>P\u00e5litliga casinosajter f\u00e5r l\u00e4mpliga licenser f\u00f6r att bedriva sin verksamhet. V\u00e4lrenommerade spelkommissioner eller registrerade spelmyndigheter i specifika jurisdiktioner utf\u00e4rdar licenser till spelsajterna, efter att ha s\u00e4kerst\u00e4llt att casinosajten uppfyller vissa standarder vad g\u00e4ller s\u00e4kerhet, r\u00e4ttvis spelpolicy, utbetalningar och kundservice. P\u00e5litliga spelsajter visar den licensen tydligt, men en <strong>bra casinorecension b\u00f6r ocks\u00e5 ber\u00e4tta var casinot \u00e4r licensierat<\/strong>. Det f\u00e5r ocks\u00e5 sina system och processer granskade av respektive organ och f\u00e5r certifieringar. Du kan se dessa certifieringar p\u00e5 deras webbplatser. Att v\u00e4lja en spelsajt som \u00e4r licensierad hj\u00e4lper dig att njuta av en s\u00e4ker spelupplevelse.<\/p>\n<ul>\n<li><strong>Spelalternativ<\/strong><\/li>\n<\/ul>\n<p>Casinosajten du vill v\u00e4lja m\u00e5ste erbjuda ett utbud av spel, inklusive craps, roulette, blackjack, slots, videopoker och bordsspel. Spelprogramvaran som anv\u00e4nds av casinosajten hj\u00e4lper dig att bed\u00f6ma kvaliteten p\u00e5 spelupplevelsen. Om du v\u00e4ljer en casinosajt som erbjuder ett brett utbud av spel, kommer din spelupplevelse online att bli roligare.<\/p>\n<ul>\n<li><strong>Spelprogramvara<\/strong><\/li>\n<\/ul>\n<p>De b\u00e4sta onlinespelsajterna anv\u00e4nder den mest robusta spelprogramvaran som ger dig en milj\u00f6 som f\u00e5r dig att k\u00e4nna att du \u00e4r p\u00e5 ett riktigt casino. Den erbjuder grafik och ljud av h\u00f6gsta kvalitet. Den \u00e4r anv\u00e4ndarv\u00e4nlig, s\u00e5 du kan ladda ner, installera och anv\u00e4nda den enkelt.<\/p>\n<ul>\n<li><strong>Ins\u00e4ttnings- och uttagsalternativ<\/strong><\/li>\n<\/ul>\n<p>Det \u00e4r viktigt att l\u00e4sa recensionerna f\u00f6r de ins\u00e4ttnings- och uttagsalternativ som onlinecasinot erbjuder. Alternativen b\u00f6r passa dina behov. Numera vill m\u00e5nga spelare ha mer s\u00e4kerhet n\u00e4r de spelar p\u00e5 onlinekasinon, s\u00e5 de vill ha mer \u00e4n ett ins\u00e4ttningsalternativ. Den b\u00e4sta spelsajten erbjuder olika alternativ, s\u00e5som kreditkort, bank\u00f6verf\u00f6ringar, e-pl\u00e5nb\u00f6cker som Neteller och PayPal, och kort som Ukash och Paysafecard, och till och med kryptovalutabetalningar. V\u00e5ra casinorecensionssidor ger information om huruvida du kan f\u00f6rv\u00e4nta dig snabba och problemfria ins\u00e4ttningar och uttag. Casinot b\u00f6r vidta \u00e5tg\u00e4rder f\u00f6r att skydda din ekonomiska och personliga information genom att g\u00f6ra transaktioner via s\u00e4kra servrar.<\/p>\n<ul>\n<li><strong>Kundsupport<\/strong><\/li>\n<\/ul>\n<p><span style=\"background-color: transparent;\">Kundsupport \u00e4r en av de viktigaste sakerna att t\u00e4nka p\u00e5 innan du v\u00e4ljer en <\/span><strong style=\"background-color: transparent;\">casinowebbplats.<\/strong><span style=\"background-color: transparent;\"> Den b\u00e4sta webbplatsen erbjuder v\u00e4nlig kundsupport via telefon, e-post och livechatt dygnet runt.<\/span><\/p>\n<p>Om du \u00e4r os\u00e4ker, v\u00e4lj bara ett marknadsledande casino som 888 Casino &#8211; de har allt ditt spelande t\u00e4ckt.<a class=\"thirstylink\" title=\"888 casino en\" href=\"https:\/\/gambling6.com\/go\/888-casino-en\/\" target=\"_blank\" rel=\"nofollow noopener\"> Klicka h\u00e4r f\u00f6r att bes\u00f6ka 888 idag.<\/a><\/p>\n","protected":false},"excerpt":{"rendered":"<p>Hj\u00e4lper dig att v\u00e4lja den b\u00e4sta spelsajten via v\u00e5ra recensioner Casinowebbplatser \u00e4r de platser som erbjuder dig en chans att placera dina spel p\u00e5 kasinospel eller sport, eller satsa p\u00e5 ett online pokerrum. Onlinespel ger dig bekv\u00e4mligheten av att spela hemifr\u00e5n. Du kan njuta av sp\u00e4nningen i att satsa p\u00e5 dina favoritsporter utan att l\u00e4mna [&hellip;]<\/p>\n","protected":false},"author":1,"featured_media":0,"parent":8334,"menu_order":0,"comment_status":"closed","ping_status":"closed","template":"","meta":{"footnotes":""},"class_list":["post-8363","page","type-page","status-publish","hentry"],"yoast_head":"<!-- This site is optimized with the Yoast SEO plugin v27.4 - https:\/\/yoast.com\/product\/yoast-seo-wordpress\/ -->\n<title>Recensioner och tester f\u00f6r rekommenderade onlinekasinosajter<\/title>\n<meta name=\"description\" content=\"V\u00e5ra recensioner av casinosajter ger dig en uppfattning om vad du ska leta efter n\u00e4r du letar efter de b\u00e4sta casinosajterna online.\" \/>\n<meta name=\"robots\" content=\"index, follow, max-snippet:-1, max-image-preview:large, max-video-preview:-1\" \/>\n<link rel=\"canonical\" href=\"https:\/\/gambling6.com\/sv\/kasino\/kasinorecensioner\/\" \/>\n<meta property=\"og:locale\" content=\"sv_SE\" \/>\n<meta property=\"og:type\" content=\"article\" \/>\n<meta property=\"og:title\" content=\"Recensioner och tester f\u00f6r rekommenderade onlinekasinosajter\" \/>\n<meta property=\"og:description\" content=\"V\u00e5ra recensioner av casinosajter ger dig en uppfattning om vad du ska leta efter n\u00e4r du letar efter de b\u00e4sta casinosajterna online.\" \/>\n<meta property=\"og:url\" content=\"https:\/\/gambling6.com\/sv\/kasino\/kasinorecensioner\/\" \/>\n<meta property=\"og:site_name\" content=\"Gambling6\" \/>\n<meta property=\"article:modified_time\" content=\"2025-11-12T06:51:36+00:00\" \/>\n<meta property=\"og:image\" content=\"https:\/\/ic.aff-handler.com\/I\/47965?sr=1064399&amp;anid=\" \/>\n<meta name=\"twitter:card\" content=\"summary_large_image\" \/>\n<meta name=\"twitter:label1\" content=\"Ber\u00e4knad l\u00e4stid\" \/>\n\t<meta name=\"twitter:data1\" content=\"3 minuter\" \/>\n<script type=\"application\/ld+json\" class=\"yoast-schema-graph\">{\"@context\":\"https:\\\/\\\/schema.org\",\"@graph\":[{\"@type\":\"WebPage\",\"@id\":\"https:\\\/\\\/gambling6.com\\\/sv\\\/kasino\\\/kasinorecensioner\\\/\",\"url\":\"https:\\\/\\\/gambling6.com\\\/sv\\\/kasino\\\/kasinorecensioner\\\/\",\"name\":\"Recensioner och tester f\u00f6r rekommenderade onlinekasinosajter\",\"isPartOf\":{\"@id\":\"https:\\\/\\\/gambling6.com\\\/sv\\\/#website\"},\"primaryImageOfPage\":{\"@id\":\"https:\\\/\\\/gambling6.com\\\/sv\\\/kasino\\\/kasinorecensioner\\\/#primaryimage\"},\"image\":{\"@id\":\"https:\\\/\\\/gambling6.com\\\/sv\\\/kasino\\\/kasinorecensioner\\\/#primaryimage\"},\"thumbnailUrl\":\"https:\\\/\\\/ic.aff-handler.com\\\/I\\\/47965?sr=1064399&amp;anid=\",\"datePublished\":\"2025-11-07T12:48:10+00:00\",\"dateModified\":\"2025-11-12T06:51:36+00:00\",\"description\":\"V\u00e5ra recensioner av casinosajter ger dig en uppfattning om vad du ska leta efter n\u00e4r du letar efter de b\u00e4sta casinosajterna online.\",\"breadcrumb\":{\"@id\":\"https:\\\/\\\/gambling6.com\\\/sv\\\/kasino\\\/kasinorecensioner\\\/#breadcrumb\"},\"inLanguage\":\"sv-SE\",\"potentialAction\":[{\"@type\":\"ReadAction\",\"target\":[\"https:\\\/\\\/gambling6.com\\\/sv\\\/kasino\\\/kasinorecensioner\\\/\"]}]},{\"@type\":\"ImageObject\",\"inLanguage\":\"sv-SE\",\"@id\":\"https:\\\/\\\/gambling6.com\\\/sv\\\/kasino\\\/kasinorecensioner\\\/#primaryimage\",\"url\":\"https:\\\/\\\/ic.aff-handler.com\\\/I\\\/47965?sr=1064399&amp;anid=\",\"contentUrl\":\"https:\\\/\\\/ic.aff-handler.com\\\/I\\\/47965?sr=1064399&amp;anid=\"},{\"@type\":\"BreadcrumbList\",\"@id\":\"https:\\\/\\\/gambling6.com\\\/sv\\\/kasino\\\/kasinorecensioner\\\/#breadcrumb\",\"itemListElement\":[{\"@type\":\"ListItem\",\"position\":1,\"name\":\"Home\",\"item\":\"https:\\\/\\\/gambling6.com\\\/sv\\\/home\\\/\"},{\"@type\":\"ListItem\",\"position\":2,\"name\":\"Kasino\",\"item\":\"https:\\\/\\\/gambling6.com\\\/sv\\\/get-started-with-online-gambling\\\/\"},{\"@type\":\"ListItem\",\"position\":3,\"name\":\"Kasinorecensioner\"}]},{\"@type\":\"WebSite\",\"@id\":\"https:\\\/\\\/gambling6.com\\\/sv\\\/#website\",\"url\":\"https:\\\/\\\/gambling6.com\\\/sv\\\/\",\"name\":\"Gambling6\",\"description\":\"\",\"potentialAction\":[{\"@type\":\"SearchAction\",\"target\":{\"@type\":\"EntryPoint\",\"urlTemplate\":\"https:\\\/\\\/gambling6.com\\\/sv\\\/?s={search_term_string}\"},\"query-input\":{\"@type\":\"PropertyValueSpecification\",\"valueRequired\":true,\"valueName\":\"search_term_string\"}}],\"inLanguage\":\"sv-SE\"}]}<\/script>\n<!-- \/ Yoast SEO plugin. -->","yoast_head_json":{"title":"Recensioner och tester f\u00f6r rekommenderade onlinekasinosajter","description":"V\u00e5ra recensioner av casinosajter ger dig en uppfattning om vad du ska leta efter n\u00e4r du letar efter de b\u00e4sta casinosajterna online.","robots":{"index":"index","follow":"follow","max-snippet":"max-snippet:-1","max-image-preview":"max-image-preview:large","max-video-preview":"max-video-preview:-1"},"canonical":"https:\/\/gambling6.com\/sv\/kasino\/kasinorecensioner\/","og_locale":"sv_SE","og_type":"article","og_title":"Recensioner och tester f\u00f6r rekommenderade onlinekasinosajter","og_description":"V\u00e5ra recensioner av casinosajter ger dig en uppfattning om vad du ska leta efter n\u00e4r du letar efter de b\u00e4sta casinosajterna online.","og_url":"https:\/\/gambling6.com\/sv\/kasino\/kasinorecensioner\/","og_site_name":"Gambling6","article_modified_time":"2025-11-12T06:51:36+00:00","og_image":[{"url":"https:\/\/ic.aff-handler.com\/I\/47965?sr=1064399&amp;anid=","type":"","width":"","height":""}],"twitter_card":"summary_large_image","twitter_misc":{"Ber\u00e4knad l\u00e4stid":"3 minuter"},"schema":{"@context":"https:\/\/schema.org","@graph":[{"@type":"WebPage","@id":"https:\/\/gambling6.com\/sv\/kasino\/kasinorecensioner\/","url":"https:\/\/gambling6.com\/sv\/kasino\/kasinorecensioner\/","name":"Recensioner och tester f\u00f6r rekommenderade onlinekasinosajter","isPartOf":{"@id":"https:\/\/gambling6.com\/sv\/#website"},"primaryImageOfPage":{"@id":"https:\/\/gambling6.com\/sv\/kasino\/kasinorecensioner\/#primaryimage"},"image":{"@id":"https:\/\/gambling6.com\/sv\/kasino\/kasinorecensioner\/#primaryimage"},"thumbnailUrl":"https:\/\/ic.aff-handler.com\/I\/47965?sr=1064399&amp;anid=","datePublished":"2025-11-07T12:48:10+00:00","dateModified":"2025-11-12T06:51:36+00:00","description":"V\u00e5ra recensioner av casinosajter ger dig en uppfattning om vad du ska leta efter n\u00e4r du letar efter de b\u00e4sta casinosajterna online.","breadcrumb":{"@id":"https:\/\/gambling6.com\/sv\/kasino\/kasinorecensioner\/#breadcrumb"},"inLanguage":"sv-SE","potentialAction":[{"@type":"ReadAction","target":["https:\/\/gambling6.com\/sv\/kasino\/kasinorecensioner\/"]}]},{"@type":"ImageObject","inLanguage":"sv-SE","@id":"https:\/\/gambling6.com\/sv\/kasino\/kasinorecensioner\/#primaryimage","url":"https:\/\/ic.aff-handler.com\/I\/47965?sr=1064399&amp;anid=","contentUrl":"https:\/\/ic.aff-handler.com\/I\/47965?sr=1064399&amp;anid="},{"@type":"BreadcrumbList","@id":"https:\/\/gambling6.com\/sv\/kasino\/kasinorecensioner\/#breadcrumb","itemListElement":[{"@type":"ListItem","position":1,"name":"Home","item":"https:\/\/gambling6.com\/sv\/home\/"},{"@type":"ListItem","position":2,"name":"Kasino","item":"https:\/\/gambling6.com\/sv\/get-started-with-online-gambling\/"},{"@type":"ListItem","position":3,"name":"Kasinorecensioner"}]},{"@type":"WebSite","@id":"https:\/\/gambling6.com\/sv\/#website","url":"https:\/\/gambling6.com\/sv\/","name":"Gambling6","description":"","potentialAction":[{"@type":"SearchAction","target":{"@type":"EntryPoint","urlTemplate":"https:\/\/gambling6.com\/sv\/?s={search_term_string}"},"query-input":{"@type":"PropertyValueSpecification","valueRequired":true,"valueName":"search_term_string"}}],"inLanguage":"sv-SE"}]}},"_links":{"self":[{"href":"https:\/\/gambling6.com\/sv\/wp-json\/wp\/v2\/pages\/8363","targetHints":{"allow":["GET"]}}],"collection":[{"href":"https:\/\/gambling6.com\/sv\/wp-json\/wp\/v2\/pages"}],"about":[{"href":"https:\/\/gambling6.com\/sv\/wp-json\/wp\/v2\/types\/page"}],"author":[{"embeddable":true,"href":"https:\/\/gambling6.com\/sv\/wp-json\/wp\/v2\/users\/1"}],"replies":[{"embeddable":true,"href":"https:\/\/gambling6.com\/sv\/wp-json\/wp\/v2\/comments?post=8363"}],"version-history":[{"count":1,"href":"https:\/\/gambling6.com\/sv\/wp-json\/wp\/v2\/pages\/8363\/revisions"}],"predecessor-version":[{"id":10384,"href":"https:\/\/gambling6.com\/sv\/wp-json\/wp\/v2\/pages\/8363\/revisions\/10384"}],"up":[{"embeddable":true,"href":"https:\/\/gambling6.com\/sv\/wp-json\/wp\/v2\/pages\/8334"}],"wp:attachment":[{"href":"https:\/\/gambling6.com\/sv\/wp-json\/wp\/v2\/media?parent=8363"}],"curies":[{"name":"wp","href":"https:\/\/api.w.org\/{rel}","templated":true}]}}