{"id":8387,"date":"2025-11-07T14:18:14","date_gmt":"2025-11-07T14:18:14","guid":{"rendered":"https:\/\/gambling6.com\/kasino\/onlinekasinon-kontra-landbaserade-kasinon\/"},"modified":"2025-11-07T14:18:14","modified_gmt":"2025-11-07T14:18:14","slug":"onlinekasinon-kontra-landbaserade-kasinon","status":"publish","type":"page","link":"https:\/\/gambling6.com\/sv\/kasino\/onlinekasinon-kontra-landbaserade-kasinon\/","title":{"rendered":"Onlinekasinon kontra landbaserade kasinon"},"content":{"rendered":"<h2>Live- eller onlinekasinon<\/h2>\n<h3>Varje typ har n\u00e5got som spelare gillar<\/h3>\n<p><img loading=\"lazy\" decoding=\"async\" class=\" wp-image-332 alignright\" src=\"https:\/\/gambling6.com\/wp-content\/uploads\/2013\/12\/phil_ivey-247x300.jpg\" alt=\"live casino\" width=\"175\" height=\"213\" srcset=\"https:\/\/gambling6.com\/wp-content\/uploads\/2013\/12\/phil_ivey-247x300.jpg 247w, https:\/\/gambling6.com\/wp-content\/uploads\/2013\/12\/phil_ivey.jpg 250w\" sizes=\"auto, (max-width: 175px) 100vw, 175px\" \/>Kasinospelare b\u00f6r spela sina favoritspel p\u00e5 ett s\u00e4tt som k\u00e4nns bekv\u00e4mt f\u00f6r dem och passar deras personlighet. Vissa spelare kommer alltid att f\u00f6redra att spela p\u00e5 landbaserade kasinon eftersom de gillar atmosf\u00e4ren. De gillar att leka med de andra spelarna, folkmassorna och ljudet.<\/p>\n<p>Andra kasinospelare gillar dock id\u00e9n att spela i en lugn, avkopplande milj\u00f6 d\u00e4r de har full kontroll. Dessa spelare tenderar att luta sig mot onlinekasinon. Oavsett hur en spelare vill njuta av sina spel finns det n\u00e5got d\u00e4r ute, oavsett om det \u00e4r landbaserade eller onlinekasinon.<\/p>\n<h3>H\u00e4r \u00e4r de betydande skillnaderna mellan onlinekasinon och landbaserade kasinon:<\/h3>\n<ul>\n<li>Uppenbarligen befinner sig onlinekasinon och landbaserade kasinon i helt olika milj\u00f6er. Ett landbaserat kasino \u00e4r ett d\u00e4r spelare kan k\u00e4nna sig och vara fysiskt en del av det. Onlinekasinon spelas p\u00e5 internet, vilket inneb\u00e4r att spelare kan spela de spel de vill var de \u00e4n v\u00e4ljer. Denna plats kan vara deras hem, deras kontor eller var som helst s\u00e5 l\u00e4nge de kan ansluta till webben.<\/li>\n<li>Landbaserade kasinon har spelarklubbar som l\u00e5ter spelare tj\u00e4na bel\u00f6ningar. Bel\u00f6ningarna varierar beroende p\u00e5 kasinot. Onlinespelsajterna har ocks\u00e5 sin version av dessa klubbar, som kallas VIP-program. Men m\u00e5nga kasinospelare tycker att onlinekasinon tenderar att vara mer gener\u00f6sa eftersom de inte har samma omkostnader som landbaserade kasinon.<\/li>\n<li>Medan landbaserade kasinon erbjuder spelare m\u00f6jligheten att spela n\u00e4stan vilket kasinospel de vill, kommer spelare fortfarande att ha tillf\u00e4llen d\u00e5 de inte vill g\u00e5 ett helt kasino f\u00f6r att g\u00e5 fr\u00e5n spel till spel. De kommer ocks\u00e5 att hitta tillf\u00e4llen d\u00e5 de vill spela ett visst spel, men det inte finns n\u00e5gon plats tillg\u00e4nglig. Onlinekasinon till\u00e5ter dock spelare att spela de spel de vill n\u00e4r som helst, utan att beh\u00f6va g\u00e5 eller v\u00e4nta p\u00e5 en plats.<\/li>\n<li>Landbaserade kasinon kan vara skr\u00e4mmande f\u00f6r nya spelare, och de saknar ofta gratis resurser som kan hj\u00e4lpa dem att l\u00e4ra sig spelen och olika strategier. Onlinekasinon l\u00e5ter spelare spela i en milj\u00f6 som de kanske k\u00e4nner sig mindre skr\u00e4mda av, och de erbjuder en m\u00e4ngd gratis inneh\u00e5ll f\u00f6r att v\u00e4gleda dem genom olika aspekter av att spela kasinospel online.<\/li>\n<\/ul>\n<p>Alla som tror att onlinekasinon kan vara n\u00e5got f\u00f6r dem b\u00f6r b\u00f6rja med att l\u00e4ra sig allt de kan om Microgaming-drivna kasinon. Det b\u00e4sta av dessa \u00e4r utan tvekan 888 Casino, som du kan bes\u00f6ka genom att klicka p\u00e5 bannern nedan. <a href=\"https:\/\/ic.aff-handler.com\/C\/45871?sr=1064399&amp;anid=\" rel=\"nofollow\"><img loading=\"lazy\" decoding=\"async\" class=\"aligncenter\" src=\"https:\/\/ic.aff-handler.com\/I\/45871?sr=1064399&amp;anid=\" width=\"725\" height=\"93\" \/><\/a><br \/>\nOm du \u00e4r bosatt i USA \u00e4r BetOnline ditt b\u00e4sta alternativ f\u00f6r allm\u00e4nna kasinospel eller f\u00f6r onlinepoker.<br \/>\n<img loading=\"lazy\" decoding=\"async\" class=\" wp-image-7875 aligncenter\" src=\"https:\/\/gambling6.com\/wp-content\/uploads\/2025\/10\/BOL_AQC_banner_468x60_FS1_casino-300x38.gif\" alt=\"BetOnline casino\" width=\"694\" height=\"88\" \/><\/p>\n","protected":false},"excerpt":{"rendered":"<p>Live- eller onlinekasinon Varje typ har n\u00e5got som spelare gillar Kasinospelare b\u00f6r spela sina favoritspel p\u00e5 ett s\u00e4tt som k\u00e4nns bekv\u00e4mt f\u00f6r dem och passar deras personlighet. Vissa spelare kommer alltid att f\u00f6redra att spela p\u00e5 landbaserade kasinon eftersom de gillar atmosf\u00e4ren. De gillar att leka med de andra spelarna, folkmassorna och ljudet. Andra kasinospelare [&hellip;]<\/p>\n","protected":false},"author":1,"featured_media":0,"parent":8334,"menu_order":28,"comment_status":"closed","ping_status":"closed","template":"","meta":{"footnotes":""},"class_list":["post-8387","page","type-page","status-publish","hentry"],"yoast_head":"<!-- This site is optimized with the Yoast SEO plugin v27.6 - https:\/\/yoast.com\/product\/yoast-seo-wordpress\/ -->\n<title>J\u00e4mf\u00f6relse av landbaserade och onlinekasinon<\/title>\n<meta name=\"description\" content=\"B\u00e5de onlinekasinon och landbaserade kasinon ger spelarna en fantastisk tid och m\u00e5nga m\u00f6jligheter.\" \/>\n<meta name=\"robots\" content=\"index, follow, max-snippet:-1, max-image-preview:large, max-video-preview:-1\" \/>\n<link rel=\"canonical\" href=\"https:\/\/gambling6.com\/sv\/kasino\/onlinekasinon-kontra-landbaserade-kasinon\/\" \/>\n<meta property=\"og:locale\" content=\"sv_SE\" \/>\n<meta property=\"og:type\" content=\"article\" \/>\n<meta property=\"og:title\" content=\"J\u00e4mf\u00f6relse av landbaserade och onlinekasinon\" \/>\n<meta property=\"og:description\" content=\"B\u00e5de onlinekasinon och landbaserade kasinon ger spelarna en fantastisk tid och m\u00e5nga m\u00f6jligheter.\" \/>\n<meta property=\"og:url\" content=\"https:\/\/gambling6.com\/sv\/kasino\/onlinekasinon-kontra-landbaserade-kasinon\/\" \/>\n<meta property=\"og:site_name\" content=\"Gambling6\" \/>\n<meta property=\"og:image\" content=\"https:\/\/gambling6.com\/wp-content\/uploads\/2013\/12\/phil_ivey.jpg\" \/>\n\t<meta property=\"og:image:width\" content=\"250\" \/>\n\t<meta property=\"og:image:height\" content=\"304\" \/>\n\t<meta property=\"og:image:type\" content=\"image\/jpeg\" \/>\n<meta name=\"twitter:card\" content=\"summary_large_image\" \/>\n<meta name=\"twitter:label1\" content=\"Ber\u00e4knad l\u00e4stid\" \/>\n\t<meta name=\"twitter:data1\" content=\"2 minuter\" \/>\n<script type=\"application\/ld+json\" class=\"yoast-schema-graph\">{\"@context\":\"https:\\\/\\\/schema.org\",\"@graph\":[{\"@type\":\"WebPage\",\"@id\":\"https:\\\/\\\/gambling6.com\\\/sv\\\/kasino\\\/onlinekasinon-kontra-landbaserade-kasinon\\\/\",\"url\":\"https:\\\/\\\/gambling6.com\\\/sv\\\/kasino\\\/onlinekasinon-kontra-landbaserade-kasinon\\\/\",\"name\":\"J\u00e4mf\u00f6relse av landbaserade och onlinekasinon\",\"isPartOf\":{\"@id\":\"https:\\\/\\\/gambling6.com\\\/sv\\\/#website\"},\"primaryImageOfPage\":{\"@id\":\"https:\\\/\\\/gambling6.com\\\/sv\\\/kasino\\\/onlinekasinon-kontra-landbaserade-kasinon\\\/#primaryimage\"},\"image\":{\"@id\":\"https:\\\/\\\/gambling6.com\\\/sv\\\/kasino\\\/onlinekasinon-kontra-landbaserade-kasinon\\\/#primaryimage\"},\"thumbnailUrl\":\"https:\\\/\\\/gambling6.com\\\/wp-content\\\/uploads\\\/2013\\\/12\\\/phil_ivey-247x300.jpg\",\"datePublished\":\"2025-11-07T14:18:14+00:00\",\"description\":\"B\u00e5de onlinekasinon och landbaserade kasinon ger spelarna en fantastisk tid och m\u00e5nga m\u00f6jligheter.\",\"breadcrumb\":{\"@id\":\"https:\\\/\\\/gambling6.com\\\/sv\\\/kasino\\\/onlinekasinon-kontra-landbaserade-kasinon\\\/#breadcrumb\"},\"inLanguage\":\"sv-SE\",\"potentialAction\":[{\"@type\":\"ReadAction\",\"target\":[\"https:\\\/\\\/gambling6.com\\\/sv\\\/kasino\\\/onlinekasinon-kontra-landbaserade-kasinon\\\/\"]}]},{\"@type\":\"ImageObject\",\"inLanguage\":\"sv-SE\",\"@id\":\"https:\\\/\\\/gambling6.com\\\/sv\\\/kasino\\\/onlinekasinon-kontra-landbaserade-kasinon\\\/#primaryimage\",\"url\":\"https:\\\/\\\/gambling6.com\\\/wp-content\\\/uploads\\\/2013\\\/12\\\/phil_ivey-247x300.jpg\",\"contentUrl\":\"https:\\\/\\\/gambling6.com\\\/wp-content\\\/uploads\\\/2013\\\/12\\\/phil_ivey-247x300.jpg\"},{\"@type\":\"BreadcrumbList\",\"@id\":\"https:\\\/\\\/gambling6.com\\\/sv\\\/kasino\\\/onlinekasinon-kontra-landbaserade-kasinon\\\/#breadcrumb\",\"itemListElement\":[{\"@type\":\"ListItem\",\"position\":1,\"name\":\"Home\",\"item\":\"https:\\\/\\\/gambling6.com\\\/sv\\\/home\\\/\"},{\"@type\":\"ListItem\",\"position\":2,\"name\":\"Kasino\",\"item\":\"https:\\\/\\\/gambling6.com\\\/sv\\\/get-started-with-online-gambling\\\/\"},{\"@type\":\"ListItem\",\"position\":3,\"name\":\"Onlinekasinon kontra landbaserade kasinon\"}]},{\"@type\":\"WebSite\",\"@id\":\"https:\\\/\\\/gambling6.com\\\/sv\\\/#website\",\"url\":\"https:\\\/\\\/gambling6.com\\\/sv\\\/\",\"name\":\"Gambling6\",\"description\":\"\",\"potentialAction\":[{\"@type\":\"SearchAction\",\"target\":{\"@type\":\"EntryPoint\",\"urlTemplate\":\"https:\\\/\\\/gambling6.com\\\/sv\\\/?s={search_term_string}\"},\"query-input\":{\"@type\":\"PropertyValueSpecification\",\"valueRequired\":true,\"valueName\":\"search_term_string\"}}],\"inLanguage\":\"sv-SE\"}]}<\/script>\n<!-- \/ Yoast SEO plugin. -->","yoast_head_json":{"title":"J\u00e4mf\u00f6relse av landbaserade och onlinekasinon","description":"B\u00e5de onlinekasinon och landbaserade kasinon ger spelarna en fantastisk tid och m\u00e5nga m\u00f6jligheter.","robots":{"index":"index","follow":"follow","max-snippet":"max-snippet:-1","max-image-preview":"max-image-preview:large","max-video-preview":"max-video-preview:-1"},"canonical":"https:\/\/gambling6.com\/sv\/kasino\/onlinekasinon-kontra-landbaserade-kasinon\/","og_locale":"sv_SE","og_type":"article","og_title":"J\u00e4mf\u00f6relse av landbaserade och onlinekasinon","og_description":"B\u00e5de onlinekasinon och landbaserade kasinon ger spelarna en fantastisk tid och m\u00e5nga m\u00f6jligheter.","og_url":"https:\/\/gambling6.com\/sv\/kasino\/onlinekasinon-kontra-landbaserade-kasinon\/","og_site_name":"Gambling6","og_image":[{"width":250,"height":304,"url":"https:\/\/gambling6.com\/wp-content\/uploads\/2013\/12\/phil_ivey.jpg","type":"image\/jpeg"}],"twitter_card":"summary_large_image","twitter_misc":{"Ber\u00e4knad l\u00e4stid":"2 minuter"},"schema":{"@context":"https:\/\/schema.org","@graph":[{"@type":"WebPage","@id":"https:\/\/gambling6.com\/sv\/kasino\/onlinekasinon-kontra-landbaserade-kasinon\/","url":"https:\/\/gambling6.com\/sv\/kasino\/onlinekasinon-kontra-landbaserade-kasinon\/","name":"J\u00e4mf\u00f6relse av landbaserade och onlinekasinon","isPartOf":{"@id":"https:\/\/gambling6.com\/sv\/#website"},"primaryImageOfPage":{"@id":"https:\/\/gambling6.com\/sv\/kasino\/onlinekasinon-kontra-landbaserade-kasinon\/#primaryimage"},"image":{"@id":"https:\/\/gambling6.com\/sv\/kasino\/onlinekasinon-kontra-landbaserade-kasinon\/#primaryimage"},"thumbnailUrl":"https:\/\/gambling6.com\/wp-content\/uploads\/2013\/12\/phil_ivey-247x300.jpg","datePublished":"2025-11-07T14:18:14+00:00","description":"B\u00e5de onlinekasinon och landbaserade kasinon ger spelarna en fantastisk tid och m\u00e5nga m\u00f6jligheter.","breadcrumb":{"@id":"https:\/\/gambling6.com\/sv\/kasino\/onlinekasinon-kontra-landbaserade-kasinon\/#breadcrumb"},"inLanguage":"sv-SE","potentialAction":[{"@type":"ReadAction","target":["https:\/\/gambling6.com\/sv\/kasino\/onlinekasinon-kontra-landbaserade-kasinon\/"]}]},{"@type":"ImageObject","inLanguage":"sv-SE","@id":"https:\/\/gambling6.com\/sv\/kasino\/onlinekasinon-kontra-landbaserade-kasinon\/#primaryimage","url":"https:\/\/gambling6.com\/wp-content\/uploads\/2013\/12\/phil_ivey-247x300.jpg","contentUrl":"https:\/\/gambling6.com\/wp-content\/uploads\/2013\/12\/phil_ivey-247x300.jpg"},{"@type":"BreadcrumbList","@id":"https:\/\/gambling6.com\/sv\/kasino\/onlinekasinon-kontra-landbaserade-kasinon\/#breadcrumb","itemListElement":[{"@type":"ListItem","position":1,"name":"Home","item":"https:\/\/gambling6.com\/sv\/home\/"},{"@type":"ListItem","position":2,"name":"Kasino","item":"https:\/\/gambling6.com\/sv\/get-started-with-online-gambling\/"},{"@type":"ListItem","position":3,"name":"Onlinekasinon kontra landbaserade kasinon"}]},{"@type":"WebSite","@id":"https:\/\/gambling6.com\/sv\/#website","url":"https:\/\/gambling6.com\/sv\/","name":"Gambling6","description":"","potentialAction":[{"@type":"SearchAction","target":{"@type":"EntryPoint","urlTemplate":"https:\/\/gambling6.com\/sv\/?s={search_term_string}"},"query-input":{"@type":"PropertyValueSpecification","valueRequired":true,"valueName":"search_term_string"}}],"inLanguage":"sv-SE"}]}},"_links":{"self":[{"href":"https:\/\/gambling6.com\/sv\/wp-json\/wp\/v2\/pages\/8387","targetHints":{"allow":["GET"]}}],"collection":[{"href":"https:\/\/gambling6.com\/sv\/wp-json\/wp\/v2\/pages"}],"about":[{"href":"https:\/\/gambling6.com\/sv\/wp-json\/wp\/v2\/types\/page"}],"author":[{"embeddable":true,"href":"https:\/\/gambling6.com\/sv\/wp-json\/wp\/v2\/users\/1"}],"replies":[{"embeddable":true,"href":"https:\/\/gambling6.com\/sv\/wp-json\/wp\/v2\/comments?post=8387"}],"version-history":[{"count":0,"href":"https:\/\/gambling6.com\/sv\/wp-json\/wp\/v2\/pages\/8387\/revisions"}],"up":[{"embeddable":true,"href":"https:\/\/gambling6.com\/sv\/wp-json\/wp\/v2\/pages\/8334"}],"wp:attachment":[{"href":"https:\/\/gambling6.com\/sv\/wp-json\/wp\/v2\/media?parent=8387"}],"curies":[{"name":"wp","href":"https:\/\/api.w.org\/{rel}","templated":true}]}}