{"id":8411,"date":"2025-11-07T16:51:27","date_gmt":"2025-11-07T16:51:27","guid":{"rendered":"https:\/\/gambling6.com\/kasino\/fem-framsta-anledningar-att-ga-med-i-ett-online-casino\/"},"modified":"2025-11-15T10:06:04","modified_gmt":"2025-11-15T10:06:04","slug":"fem-framsta-anledningar-att-ga-med-i-ett-online-casino","status":"publish","type":"page","link":"https:\/\/gambling6.com\/sv\/kasino\/fem-framsta-anledningar-att-ga-med-i-ett-online-casino\/","title":{"rendered":"Fem fr\u00e4msta anledningar att g\u00e5 med i ett online casino"},"content":{"rendered":"<h2>Varf\u00f6r du borde g\u00e5 med i ett online casino<\/h2>\n<h2>M\u00e5nga saker g\u00f6r online casinon s\u00e5 bra<\/h2>\n<p><img loading=\"lazy\" decoding=\"async\" class=\"size-medium wp-image-318 alignright\" src=\"https:\/\/gambling6.com\/wp-content\/uploads\/2013\/12\/classic-casino-games-300x179.jpg\" alt=\"onlinekasino\" width=\"300\" height=\"179\" srcset=\"https:\/\/gambling6.com\/wp-content\/uploads\/2013\/12\/classic-casino-games-300x179.jpg 300w, https:\/\/gambling6.com\/wp-content\/uploads\/2013\/12\/classic-casino-games.jpg 612w\" sizes=\"auto, (max-width: 300px) 100vw, 300px\" \/>Varje online casinospelare har sina egna personliga sk\u00e4l till att spela casinospel p\u00e5 internet. Vissa sk\u00e4l \u00e4r dock mer popul\u00e4ra. N\u00e4r spelare best\u00e4mmer sig f\u00f6r att spela online kommer de att se att en helt ny v\u00e4rld \u00f6ppnar sig framf\u00f6r deras \u00f6gon. Online casinon finns i m\u00e5nga olika stilar, s\u00e5 spelare kan s\u00f6ka tills de hittar det som passar dem.<\/p>\n<p>Med v\u00e5rt favorit online casino, 888, kan du inte g\u00e5 fel. <a class=\"thirstylink\" title=\"888 casino en\" href=\"https:\/\/gambling6.com\/go\/888-casino-en\/\" target=\"_blank\" rel=\"nofollow noopener\">Denna l\u00e4nk tar dig till deras webbplats och garanterar dig en fin bonus p\u00e5 upp till \u20ac1500.<\/a><\/p>\n<h2>H\u00e4r \u00e4r fem av de fr\u00e4msta anledningarna som de flesta spelare har f\u00f6r att g\u00e5 med i ett online casino:<\/h2>\n<ol>\n<li>En av de b\u00e4sta anledningarna till att g\u00e5 med i ett online casino \u00e4r bonusarna. Det finns m\u00e5nga typer av online casino bonusar, och varje casino l\u00e5ter sina spelare njuta av de som de anser l\u00e4mpliga. Vissa bonusar kan dock vara v\u00e4rda mycket och till och med erbjuda spelare chansen att f\u00e5 hundratals eller till och med tusentals dollar gratis. N\u00e5gra av de bonusar som ofta finns p\u00e5 online casinon \u00e4r v\u00e4lkomstbonusar, reload bonusar, spelbonusar och remissbonusar. Spelare vill l\u00e4sa igenom bonuskraven s\u00e5 att de vet hur de f\u00f6rblir ber\u00e4ttigade till dem och exakt vad de m\u00e5ste g\u00f6ra f\u00f6r att klara dem.<\/li>\n<li>En annan viktig anledning till att m\u00e5nga spelare g\u00e5r med i onlinekasinon \u00e4r antalet spel de kan spela p\u00e5 ett st\u00e4lle. N\u00e4r spelare g\u00e5r till ett av de popul\u00e4ra onlinekasinona kan de g\u00e5 fr\u00e5n spel till spel utan att n\u00e5gonsin l\u00e4mna sina platser. De beh\u00f6ver inte oroa sig f\u00f6r att v\u00e4nta p\u00e5 att en plats ska \u00f6ppnas eller n\u00e5got annat problem som f\u00f6ljer med att spela p\u00e5 landbaserade kasinon. Spelen \u00e4r l\u00e4ttillg\u00e4ngliga och finns alltid tillg\u00e4ngliga s\u00e5 l\u00e4nge spelaren har valt ett av de mer popul\u00e4ra kasinona.<\/li>\n<li>En annan anledning till att m\u00e5nga spelare v\u00e4nder sig till onlinekasinon \u00e4r ekonomisk. Spelare som spenderar tid p\u00e5 onlinekasinon beh\u00f6ver inte betala f\u00f6r saker som bensin, biljetter, hotellboende, restauranger eller n\u00e5gra andra utgifter de m\u00f6ter n\u00e4r de planerar en resa till landbaserade kasinon. Det betyder att spelare kommer att ha mer pengar att l\u00e4gga p\u00e5 spelen, vilket alltid \u00e4r bra.<\/li>\n<li>Vissa spelare lever hektiska, upptagna liv. Det h\u00e4r betyder att de kan ha mycket sv\u00e5rt att ens ta sig till landbaserade kasinon. Men onlinekasinon finns alltid d\u00e4r f\u00f6r dem. \u00c4ven om de bara kan logga in i n\u00e5gra minuter under dagen, kommer de \u00e5tminstone att kunna spela lite genom att g\u00e5 med i ett onlinekasino.<\/li>\n<li>En annan tydlig f\u00f6rdel med att spela p\u00e5 onlinekasinon \u00e4r att spelarna har total kontroll \u00f6ver sin spelupplevelse. De v\u00e4ljer kasino, bonusar, kampanjer och spel, och kan anpassa m\u00e5nga aspekter av de olika onlinekasinospelen.<\/li>\n<\/ol>\n<p>Alla som letar efter ett bra onlinekasino som g\u00f6r allt s\u00e4kert och enkelt vill l\u00e4sa recensioner och hitta ett som k\u00f6rs p\u00e5 p\u00e5litlig programvara, erbjuder utm\u00e4rkt support och erbjuder m\u00e5nga spel.<\/p>\n","protected":false},"excerpt":{"rendered":"<p>Varf\u00f6r du borde g\u00e5 med i ett online casino M\u00e5nga saker g\u00f6r online casinon s\u00e5 bra Varje online casinospelare har sina egna personliga sk\u00e4l till att spela casinospel p\u00e5 internet. Vissa sk\u00e4l \u00e4r dock mer popul\u00e4ra. N\u00e4r spelare best\u00e4mmer sig f\u00f6r att spela online kommer de att se att en helt ny v\u00e4rld \u00f6ppnar sig [&hellip;]<\/p>\n","protected":false},"author":1,"featured_media":0,"parent":8334,"menu_order":30,"comment_status":"closed","ping_status":"closed","template":"","meta":{"footnotes":""},"class_list":["post-8411","page","type-page","status-publish","hentry"],"yoast_head":"<!-- This site is optimized with the Yoast SEO plugin v27.4 - https:\/\/yoast.com\/product\/yoast-seo-wordpress\/ -->\n<title>Sk\u00e4l till att g\u00e5 med i ett online casino<\/title>\n<meta name=\"description\" content=\"Onlinekasinon har s\u00e5 mycket att erbjuda spelare som letar efter en fantastisk tid och m\u00e5nga chanser att vinna.\" \/>\n<meta name=\"robots\" content=\"index, follow, max-snippet:-1, max-image-preview:large, max-video-preview:-1\" \/>\n<link rel=\"canonical\" href=\"https:\/\/gambling6.com\/sv\/kasino\/fem-framsta-anledningar-att-ga-med-i-ett-online-casino\/\" \/>\n<meta property=\"og:locale\" content=\"sv_SE\" \/>\n<meta property=\"og:type\" content=\"article\" \/>\n<meta property=\"og:title\" content=\"Sk\u00e4l till att g\u00e5 med i ett online casino\" \/>\n<meta property=\"og:description\" content=\"Onlinekasinon har s\u00e5 mycket att erbjuda spelare som letar efter en fantastisk tid och m\u00e5nga chanser att vinna.\" \/>\n<meta property=\"og:url\" content=\"https:\/\/gambling6.com\/sv\/kasino\/fem-framsta-anledningar-att-ga-med-i-ett-online-casino\/\" \/>\n<meta property=\"og:site_name\" content=\"Gambling6\" \/>\n<meta property=\"article:modified_time\" content=\"2025-11-15T10:06:04+00:00\" \/>\n<meta property=\"og:image\" content=\"https:\/\/gambling6.com\/wp-content\/uploads\/2013\/12\/classic-casino-games.jpg\" \/>\n\t<meta property=\"og:image:width\" content=\"612\" \/>\n\t<meta property=\"og:image:height\" content=\"366\" \/>\n\t<meta property=\"og:image:type\" content=\"image\/jpeg\" \/>\n<meta name=\"twitter:card\" content=\"summary_large_image\" \/>\n<meta name=\"twitter:label1\" content=\"Ber\u00e4knad l\u00e4stid\" \/>\n\t<meta name=\"twitter:data1\" content=\"3 minuter\" \/>\n<script type=\"application\/ld+json\" class=\"yoast-schema-graph\">{\"@context\":\"https:\\\/\\\/schema.org\",\"@graph\":[{\"@type\":\"WebPage\",\"@id\":\"https:\\\/\\\/gambling6.com\\\/sv\\\/kasino\\\/fem-framsta-anledningar-att-ga-med-i-ett-online-casino\\\/\",\"url\":\"https:\\\/\\\/gambling6.com\\\/sv\\\/kasino\\\/fem-framsta-anledningar-att-ga-med-i-ett-online-casino\\\/\",\"name\":\"Sk\u00e4l till att g\u00e5 med i ett online casino\",\"isPartOf\":{\"@id\":\"https:\\\/\\\/gambling6.com\\\/sv\\\/#website\"},\"primaryImageOfPage\":{\"@id\":\"https:\\\/\\\/gambling6.com\\\/sv\\\/kasino\\\/fem-framsta-anledningar-att-ga-med-i-ett-online-casino\\\/#primaryimage\"},\"image\":{\"@id\":\"https:\\\/\\\/gambling6.com\\\/sv\\\/kasino\\\/fem-framsta-anledningar-att-ga-med-i-ett-online-casino\\\/#primaryimage\"},\"thumbnailUrl\":\"https:\\\/\\\/gambling6.com\\\/wp-content\\\/uploads\\\/2013\\\/12\\\/classic-casino-games-300x179.jpg\",\"datePublished\":\"2025-11-07T16:51:27+00:00\",\"dateModified\":\"2025-11-15T10:06:04+00:00\",\"description\":\"Onlinekasinon har s\u00e5 mycket att erbjuda spelare som letar efter en fantastisk tid och m\u00e5nga chanser att vinna.\",\"breadcrumb\":{\"@id\":\"https:\\\/\\\/gambling6.com\\\/sv\\\/kasino\\\/fem-framsta-anledningar-att-ga-med-i-ett-online-casino\\\/#breadcrumb\"},\"inLanguage\":\"sv-SE\",\"potentialAction\":[{\"@type\":\"ReadAction\",\"target\":[\"https:\\\/\\\/gambling6.com\\\/sv\\\/kasino\\\/fem-framsta-anledningar-att-ga-med-i-ett-online-casino\\\/\"]}]},{\"@type\":\"ImageObject\",\"inLanguage\":\"sv-SE\",\"@id\":\"https:\\\/\\\/gambling6.com\\\/sv\\\/kasino\\\/fem-framsta-anledningar-att-ga-med-i-ett-online-casino\\\/#primaryimage\",\"url\":\"https:\\\/\\\/gambling6.com\\\/wp-content\\\/uploads\\\/2013\\\/12\\\/classic-casino-games-300x179.jpg\",\"contentUrl\":\"https:\\\/\\\/gambling6.com\\\/wp-content\\\/uploads\\\/2013\\\/12\\\/classic-casino-games-300x179.jpg\"},{\"@type\":\"BreadcrumbList\",\"@id\":\"https:\\\/\\\/gambling6.com\\\/sv\\\/kasino\\\/fem-framsta-anledningar-att-ga-med-i-ett-online-casino\\\/#breadcrumb\",\"itemListElement\":[{\"@type\":\"ListItem\",\"position\":1,\"name\":\"Home\",\"item\":\"https:\\\/\\\/gambling6.com\\\/sv\\\/home\\\/\"},{\"@type\":\"ListItem\",\"position\":2,\"name\":\"Kasino\",\"item\":\"https:\\\/\\\/gambling6.com\\\/sv\\\/get-started-with-online-gambling\\\/\"},{\"@type\":\"ListItem\",\"position\":3,\"name\":\"Fem fr\u00e4msta anledningar att g\u00e5 med i ett online casino\"}]},{\"@type\":\"WebSite\",\"@id\":\"https:\\\/\\\/gambling6.com\\\/sv\\\/#website\",\"url\":\"https:\\\/\\\/gambling6.com\\\/sv\\\/\",\"name\":\"Gambling6\",\"description\":\"\",\"potentialAction\":[{\"@type\":\"SearchAction\",\"target\":{\"@type\":\"EntryPoint\",\"urlTemplate\":\"https:\\\/\\\/gambling6.com\\\/sv\\\/?s={search_term_string}\"},\"query-input\":{\"@type\":\"PropertyValueSpecification\",\"valueRequired\":true,\"valueName\":\"search_term_string\"}}],\"inLanguage\":\"sv-SE\"}]}<\/script>\n<!-- \/ Yoast SEO plugin. -->","yoast_head_json":{"title":"Sk\u00e4l till att g\u00e5 med i ett online casino","description":"Onlinekasinon har s\u00e5 mycket att erbjuda spelare som letar efter en fantastisk tid och m\u00e5nga chanser att vinna.","robots":{"index":"index","follow":"follow","max-snippet":"max-snippet:-1","max-image-preview":"max-image-preview:large","max-video-preview":"max-video-preview:-1"},"canonical":"https:\/\/gambling6.com\/sv\/kasino\/fem-framsta-anledningar-att-ga-med-i-ett-online-casino\/","og_locale":"sv_SE","og_type":"article","og_title":"Sk\u00e4l till att g\u00e5 med i ett online casino","og_description":"Onlinekasinon har s\u00e5 mycket att erbjuda spelare som letar efter en fantastisk tid och m\u00e5nga chanser att vinna.","og_url":"https:\/\/gambling6.com\/sv\/kasino\/fem-framsta-anledningar-att-ga-med-i-ett-online-casino\/","og_site_name":"Gambling6","article_modified_time":"2025-11-15T10:06:04+00:00","og_image":[{"width":612,"height":366,"url":"https:\/\/gambling6.com\/wp-content\/uploads\/2013\/12\/classic-casino-games.jpg","type":"image\/jpeg"}],"twitter_card":"summary_large_image","twitter_misc":{"Ber\u00e4knad l\u00e4stid":"3 minuter"},"schema":{"@context":"https:\/\/schema.org","@graph":[{"@type":"WebPage","@id":"https:\/\/gambling6.com\/sv\/kasino\/fem-framsta-anledningar-att-ga-med-i-ett-online-casino\/","url":"https:\/\/gambling6.com\/sv\/kasino\/fem-framsta-anledningar-att-ga-med-i-ett-online-casino\/","name":"Sk\u00e4l till att g\u00e5 med i ett online casino","isPartOf":{"@id":"https:\/\/gambling6.com\/sv\/#website"},"primaryImageOfPage":{"@id":"https:\/\/gambling6.com\/sv\/kasino\/fem-framsta-anledningar-att-ga-med-i-ett-online-casino\/#primaryimage"},"image":{"@id":"https:\/\/gambling6.com\/sv\/kasino\/fem-framsta-anledningar-att-ga-med-i-ett-online-casino\/#primaryimage"},"thumbnailUrl":"https:\/\/gambling6.com\/wp-content\/uploads\/2013\/12\/classic-casino-games-300x179.jpg","datePublished":"2025-11-07T16:51:27+00:00","dateModified":"2025-11-15T10:06:04+00:00","description":"Onlinekasinon har s\u00e5 mycket att erbjuda spelare som letar efter en fantastisk tid och m\u00e5nga chanser att vinna.","breadcrumb":{"@id":"https:\/\/gambling6.com\/sv\/kasino\/fem-framsta-anledningar-att-ga-med-i-ett-online-casino\/#breadcrumb"},"inLanguage":"sv-SE","potentialAction":[{"@type":"ReadAction","target":["https:\/\/gambling6.com\/sv\/kasino\/fem-framsta-anledningar-att-ga-med-i-ett-online-casino\/"]}]},{"@type":"ImageObject","inLanguage":"sv-SE","@id":"https:\/\/gambling6.com\/sv\/kasino\/fem-framsta-anledningar-att-ga-med-i-ett-online-casino\/#primaryimage","url":"https:\/\/gambling6.com\/wp-content\/uploads\/2013\/12\/classic-casino-games-300x179.jpg","contentUrl":"https:\/\/gambling6.com\/wp-content\/uploads\/2013\/12\/classic-casino-games-300x179.jpg"},{"@type":"BreadcrumbList","@id":"https:\/\/gambling6.com\/sv\/kasino\/fem-framsta-anledningar-att-ga-med-i-ett-online-casino\/#breadcrumb","itemListElement":[{"@type":"ListItem","position":1,"name":"Home","item":"https:\/\/gambling6.com\/sv\/home\/"},{"@type":"ListItem","position":2,"name":"Kasino","item":"https:\/\/gambling6.com\/sv\/get-started-with-online-gambling\/"},{"@type":"ListItem","position":3,"name":"Fem fr\u00e4msta anledningar att g\u00e5 med i ett online casino"}]},{"@type":"WebSite","@id":"https:\/\/gambling6.com\/sv\/#website","url":"https:\/\/gambling6.com\/sv\/","name":"Gambling6","description":"","potentialAction":[{"@type":"SearchAction","target":{"@type":"EntryPoint","urlTemplate":"https:\/\/gambling6.com\/sv\/?s={search_term_string}"},"query-input":{"@type":"PropertyValueSpecification","valueRequired":true,"valueName":"search_term_string"}}],"inLanguage":"sv-SE"}]}},"_links":{"self":[{"href":"https:\/\/gambling6.com\/sv\/wp-json\/wp\/v2\/pages\/8411","targetHints":{"allow":["GET"]}}],"collection":[{"href":"https:\/\/gambling6.com\/sv\/wp-json\/wp\/v2\/pages"}],"about":[{"href":"https:\/\/gambling6.com\/sv\/wp-json\/wp\/v2\/types\/page"}],"author":[{"embeddable":true,"href":"https:\/\/gambling6.com\/sv\/wp-json\/wp\/v2\/users\/1"}],"replies":[{"embeddable":true,"href":"https:\/\/gambling6.com\/sv\/wp-json\/wp\/v2\/comments?post=8411"}],"version-history":[{"count":2,"href":"https:\/\/gambling6.com\/sv\/wp-json\/wp\/v2\/pages\/8411\/revisions"}],"predecessor-version":[{"id":10915,"href":"https:\/\/gambling6.com\/sv\/wp-json\/wp\/v2\/pages\/8411\/revisions\/10915"}],"up":[{"embeddable":true,"href":"https:\/\/gambling6.com\/sv\/wp-json\/wp\/v2\/pages\/8334"}],"wp:attachment":[{"href":"https:\/\/gambling6.com\/sv\/wp-json\/wp\/v2\/media?parent=8411"}],"curies":[{"name":"wp","href":"https:\/\/api.w.org\/{rel}","templated":true}]}}