{"id":8474,"date":"2025-11-07T18:17:41","date_gmt":"2025-11-07T18:17:41","guid":{"rendered":"https:\/\/gambling6.com\/tips-om-de-basta-bingosajterna\/"},"modified":"2025-11-12T12:13:08","modified_gmt":"2025-11-12T12:13:08","slug":"tips-om-de-basta-bingosajterna","status":"publish","type":"page","link":"https:\/\/gambling6.com\/sv\/bingo\/tips-om-de-basta-bingosajterna\/","title":{"rendered":"Tips om de b\u00e4sta bingosajterna"},"content":{"rendered":"<h2>Att v\u00e4lja en bingosajt<\/h2>\n<p>Bingo \u00e4r ett sp\u00e4nnande spel som kr\u00e4ver mycket mindre skicklighet \u00e4n spel som blackjack eller poker. Spelet lockar m\u00e5nga m\u00e4nniskor med sin enkelhet. Det kr\u00e4ver inte att du l\u00e4r dig n\u00e5gra komplicerade regler eller strategier. Dessutom \u00e4r det billigare att spela bingokort. M\u00e5nga sajter erbjuder detta spel online. Du kan g\u00e5 med i en av dem och spela spelet f\u00f6r en minimal summa pengar.<img loading=\"lazy\" decoding=\"async\" class=\"alignright size-full wp-image-213\" style=\"margin: 5px; float: right;\" src=\"http:\/\/gambling6.com\/wp-content\/uploads\/2013\/12\/img_110.png\" alt=\"v\u00e4lj b\u00e4sta bingosajt\" width=\"288\" height=\"175\" \/><\/p>\n<p>Med s\u00e5 m\u00e5nga bingosajter d\u00e4r ute<strong>kan det vara en ganska stor utmaning att ta reda p\u00e5 vilken som \u00e4r den b\u00e4sta onlinebingosajten<\/strong>. Det \u00e4r d\u00e4rf\u00f6r l\u00e4mpligt att \u00f6verv\u00e4ga viktiga faktorer och best\u00e4mma om en sajt \u00e4r idealisk f\u00f6r dig.<\/p>\n<ul>\n<li><strong>Rykte och erfarenhet<\/strong><\/li>\n<\/ul>\n<p>Se till att du v\u00e4ljer en bingosajt som har funnits i branschen l\u00e4nge och har ett gott rykte f\u00f6r att erbjuda en bra spelupplevelse. Du kan kontrollera detta genom att l\u00e4sa recensioner fr\u00e5n proffs och riktiga spelare. En bingosajt med m\u00e5nga spelare kan vara p\u00e5litlig, eftersom spelare inte vill stanna kvar p\u00e5 en sajt som inte erbjuder en trevlig spelupplevelse.<\/p>\n<p><a href=\"https:\/\/record.revenueplanet.com\/_BoBybWC_aAPUOsjNOfgKefwM06wa-Rwt\/1\/\" target=\"_new\"><img loading=\"lazy\" decoding=\"async\" class=\"aligncenter\" style=\"border: none;\" src=\"https:\/\/media.revenueplanet.com\/uploads\/nbb-468x60-nov-generic.gif\" alt=\"BingoBilly Gratis Bingo\" width=\"686\" height=\"88\" \/><\/a><\/p>\n<ul>\n<li><strong>Spel som erbjuds<\/strong><\/li>\n<\/ul>\n<p>Sajten du vill v\u00e4lja m\u00e5ste erbjuda ett brett utbud av spel. <strong>Bingo<\/strong>finns i olika former. 90-bollars, 80-bollars, 75-bollars, mini, quickie, coverall, bonanza och pattern \u00e4r n\u00e5gra av de popul\u00e4ra varianterna av spelet. Att v\u00e4lja en sajt som erbjuder alla dessa varianter hj\u00e4lper dig att njuta av att spela spelen utan att k\u00e4nna dig uttr\u00e5kad.<\/p>\n<ul>\n<li><strong>Bonus<\/strong><\/li>\n<\/ul>\n<p>\u00c4ven om det inte \u00e4r l\u00e4mpligt att best\u00e4mma sig baserat p\u00e5 bonusen som erbjuds av spelsajten, \u00e4r sajten med den h\u00f6gsta bonusen inte n\u00f6dv\u00e4ndigtvis den b\u00e4sta bingosajten f\u00f6r dig. Anv\u00e4ndbara funktioner och ett brett utbud av spel \u00e4r definitivt viktigare aspekter. De flesta bingosajter erbjuder en v\u00e4lkomstbonus. N\u00e4r du g\u00f6r din f\u00f6rsta ins\u00e4ttning s\u00e4tts v\u00e4lkomstbonusbeloppet automatiskt in p\u00e5 ditt konto. Du kan anv\u00e4nda denna bonus f\u00f6r att spela mer. Se till att l\u00e4sa villkoren som \u00e4r f\u00f6rknippade med bonusen. Vanligtvis b\u00f6r bonusen anv\u00e4ndas inom en m\u00e5nad.<\/p>\n<ul>\n<li><strong>Ins\u00e4ttnings- och uttagsmetoder<\/strong><\/li>\n<\/ul>\n<p>Den b\u00e4sta bingosajten erbjuder olika ins\u00e4ttningsmetoder s\u00e5 att du kan v\u00e4lja den som passar dig b\u00e4st. Den erbjuder ocks\u00e5 en rad alternativ f\u00f6r att ta ut dina vinster. De g\u00f6r det enkelt att skapa ett konto. Du kan enkelt slutf\u00f6ra deras onlineregistrering och bankuppgifter.<\/p>\n<ul>\n<li><strong>Kundtj\u00e4nst<\/strong><\/li>\n<\/ul>\n<p>Du kan kontrollera om spelsajten erbjuder den b\u00e4sta kundtj\u00e4nsten. Den b\u00e4sta sajten har ett v\u00e4lutbildat kundteam som svarar p\u00e5 dina fr\u00e5gor och l\u00f6ser dina problem snabbt. Oavsett om du k\u00f6r fast i processen att \u00f6ppna ett konto eller har problem med att ta ut dina vinster, kan du f\u00e5 deras hj\u00e4lp n\u00e4r som helst. De erbjuder livechatt, telefon och e-postsupport f\u00f6r att hantera dina problem professionellt.<\/p>\n<p>Att beakta alla dessa saker kan hj\u00e4lpa dig att v\u00e4lja en fantastisk online bingosajt. Personligen gillar vi Bingo Billy. \u00c4ven om du bor i USA kan du <span style=\"box-sizing: border-box; margin: 0px; padding: 0px;\">fortfarande spela p\u00e5 <a class=\"thirstylink\" title=\"Bingo Billy en\" href=\"https:\/\/gambling6.com\/go\/bingobilly-en\/\" target=\"_blank\" rel=\"nofollow noopener\">Bingo Billy<\/a>\u2014<\/span>f\u00f6lja den h\u00e4r l\u00e4nken till deras webbplats.<\/p>\n","protected":false},"excerpt":{"rendered":"<p>Att v\u00e4lja en bingosajt Bingo \u00e4r ett sp\u00e4nnande spel som kr\u00e4ver mycket mindre skicklighet \u00e4n spel som blackjack eller poker. Spelet lockar m\u00e5nga m\u00e4nniskor med sin enkelhet. Det kr\u00e4ver inte att du l\u00e4r dig n\u00e5gra komplicerade regler eller strategier. Dessutom \u00e4r det billigare att spela bingokort. M\u00e5nga sajter erbjuder detta spel online. Du kan g\u00e5 [&hellip;]<\/p>\n","protected":false},"author":1,"featured_media":8444,"parent":8542,"menu_order":5,"comment_status":"closed","ping_status":"closed","template":"","meta":{"footnotes":""},"class_list":["post-8474","page","type-page","status-publish","has-post-thumbnail","hentry"],"yoast_head":"<!-- This site is optimized with the Yoast SEO plugin v27.6 - https:\/\/yoast.com\/product\/yoast-seo-wordpress\/ -->\n<title>Bingotips - Vilka \u00e4r de b\u00e4sta bingosajterna?<\/title>\n<meta name=\"description\" content=\"Att v\u00e4lja den b\u00e4sta bingosajten \u00e4r viktigt \u2013 men vilken sajt ska du v\u00e4lja? Hitta svaren h\u00e4r\" \/>\n<meta name=\"robots\" content=\"index, follow, max-snippet:-1, max-image-preview:large, max-video-preview:-1\" \/>\n<link rel=\"canonical\" href=\"https:\/\/gambling6.com\/sv\/bingo\/tips-om-de-basta-bingosajterna\/\" \/>\n<meta property=\"og:locale\" content=\"sv_SE\" \/>\n<meta property=\"og:type\" content=\"article\" \/>\n<meta property=\"og:title\" content=\"Bingotips - Vilka \u00e4r de b\u00e4sta bingosajterna?\" \/>\n<meta property=\"og:description\" content=\"Att v\u00e4lja den b\u00e4sta bingosajten \u00e4r viktigt \u2013 men vilken sajt ska du v\u00e4lja? Hitta svaren h\u00e4r\" \/>\n<meta property=\"og:url\" content=\"https:\/\/gambling6.com\/sv\/bingo\/tips-om-de-basta-bingosajterna\/\" \/>\n<meta property=\"og:site_name\" content=\"Gambling6\" \/>\n<meta property=\"article:modified_time\" content=\"2025-11-12T12:13:08+00:00\" \/>\n<meta property=\"og:image\" content=\"https:\/\/gambling6.com\/wp-content\/uploads\/2013\/12\/img_110.png\" \/>\n\t<meta property=\"og:image:width\" content=\"288\" \/>\n\t<meta property=\"og:image:height\" content=\"175\" \/>\n\t<meta property=\"og:image:type\" content=\"image\/png\" \/>\n<meta name=\"twitter:card\" content=\"summary_large_image\" \/>\n<meta name=\"twitter:label1\" content=\"Ber\u00e4knad l\u00e4stid\" \/>\n\t<meta name=\"twitter:data1\" content=\"3 minuter\" \/>\n<script type=\"application\/ld+json\" class=\"yoast-schema-graph\">{\"@context\":\"https:\\\/\\\/schema.org\",\"@graph\":[{\"@type\":\"WebPage\",\"@id\":\"https:\\\/\\\/gambling6.com\\\/sv\\\/bingo\\\/tips-om-de-basta-bingosajterna\\\/\",\"url\":\"https:\\\/\\\/gambling6.com\\\/sv\\\/bingo\\\/tips-om-de-basta-bingosajterna\\\/\",\"name\":\"Bingotips - Vilka \u00e4r de b\u00e4sta bingosajterna?\",\"isPartOf\":{\"@id\":\"https:\\\/\\\/gambling6.com\\\/sv\\\/#website\"},\"primaryImageOfPage\":{\"@id\":\"https:\\\/\\\/gambling6.com\\\/sv\\\/bingo\\\/tips-om-de-basta-bingosajterna\\\/#primaryimage\"},\"image\":{\"@id\":\"https:\\\/\\\/gambling6.com\\\/sv\\\/bingo\\\/tips-om-de-basta-bingosajterna\\\/#primaryimage\"},\"thumbnailUrl\":\"https:\\\/\\\/gambling6.com\\\/wp-content\\\/uploads\\\/2013\\\/12\\\/img_110.png\",\"datePublished\":\"2025-11-07T18:17:41+00:00\",\"dateModified\":\"2025-11-12T12:13:08+00:00\",\"description\":\"Att v\u00e4lja den b\u00e4sta bingosajten \u00e4r viktigt \u2013 men vilken sajt ska du v\u00e4lja? Hitta svaren h\u00e4r\",\"breadcrumb\":{\"@id\":\"https:\\\/\\\/gambling6.com\\\/sv\\\/bingo\\\/tips-om-de-basta-bingosajterna\\\/#breadcrumb\"},\"inLanguage\":\"sv-SE\",\"potentialAction\":[{\"@type\":\"ReadAction\",\"target\":[\"https:\\\/\\\/gambling6.com\\\/sv\\\/bingo\\\/tips-om-de-basta-bingosajterna\\\/\"]}]},{\"@type\":\"ImageObject\",\"inLanguage\":\"sv-SE\",\"@id\":\"https:\\\/\\\/gambling6.com\\\/sv\\\/bingo\\\/tips-om-de-basta-bingosajterna\\\/#primaryimage\",\"url\":\"https:\\\/\\\/gambling6.com\\\/wp-content\\\/uploads\\\/2013\\\/12\\\/img_110.png\",\"contentUrl\":\"https:\\\/\\\/gambling6.com\\\/wp-content\\\/uploads\\\/2013\\\/12\\\/img_110.png\",\"width\":288,\"height\":175},{\"@type\":\"BreadcrumbList\",\"@id\":\"https:\\\/\\\/gambling6.com\\\/sv\\\/bingo\\\/tips-om-de-basta-bingosajterna\\\/#breadcrumb\",\"itemListElement\":[{\"@type\":\"ListItem\",\"position\":1,\"name\":\"Home\",\"item\":\"https:\\\/\\\/gambling6.com\\\/sv\\\/home\\\/\"},{\"@type\":\"ListItem\",\"position\":2,\"name\":\"Bingo\",\"item\":\"https:\\\/\\\/gambling6.com\\\/sv\\\/all-about-bingo\\\/\"},{\"@type\":\"ListItem\",\"position\":3,\"name\":\"Tips om de b\u00e4sta bingosajterna\"}]},{\"@type\":\"WebSite\",\"@id\":\"https:\\\/\\\/gambling6.com\\\/sv\\\/#website\",\"url\":\"https:\\\/\\\/gambling6.com\\\/sv\\\/\",\"name\":\"Gambling6\",\"description\":\"\",\"potentialAction\":[{\"@type\":\"SearchAction\",\"target\":{\"@type\":\"EntryPoint\",\"urlTemplate\":\"https:\\\/\\\/gambling6.com\\\/sv\\\/?s={search_term_string}\"},\"query-input\":{\"@type\":\"PropertyValueSpecification\",\"valueRequired\":true,\"valueName\":\"search_term_string\"}}],\"inLanguage\":\"sv-SE\"}]}<\/script>\n<!-- \/ Yoast SEO plugin. -->","yoast_head_json":{"title":"Bingotips - Vilka \u00e4r de b\u00e4sta bingosajterna?","description":"Att v\u00e4lja den b\u00e4sta bingosajten \u00e4r viktigt \u2013 men vilken sajt ska du v\u00e4lja? Hitta svaren h\u00e4r","robots":{"index":"index","follow":"follow","max-snippet":"max-snippet:-1","max-image-preview":"max-image-preview:large","max-video-preview":"max-video-preview:-1"},"canonical":"https:\/\/gambling6.com\/sv\/bingo\/tips-om-de-basta-bingosajterna\/","og_locale":"sv_SE","og_type":"article","og_title":"Bingotips - Vilka \u00e4r de b\u00e4sta bingosajterna?","og_description":"Att v\u00e4lja den b\u00e4sta bingosajten \u00e4r viktigt \u2013 men vilken sajt ska du v\u00e4lja? Hitta svaren h\u00e4r","og_url":"https:\/\/gambling6.com\/sv\/bingo\/tips-om-de-basta-bingosajterna\/","og_site_name":"Gambling6","article_modified_time":"2025-11-12T12:13:08+00:00","og_image":[{"width":288,"height":175,"url":"https:\/\/gambling6.com\/wp-content\/uploads\/2013\/12\/img_110.png","type":"image\/png"}],"twitter_card":"summary_large_image","twitter_misc":{"Ber\u00e4knad l\u00e4stid":"3 minuter"},"schema":{"@context":"https:\/\/schema.org","@graph":[{"@type":"WebPage","@id":"https:\/\/gambling6.com\/sv\/bingo\/tips-om-de-basta-bingosajterna\/","url":"https:\/\/gambling6.com\/sv\/bingo\/tips-om-de-basta-bingosajterna\/","name":"Bingotips - Vilka \u00e4r de b\u00e4sta bingosajterna?","isPartOf":{"@id":"https:\/\/gambling6.com\/sv\/#website"},"primaryImageOfPage":{"@id":"https:\/\/gambling6.com\/sv\/bingo\/tips-om-de-basta-bingosajterna\/#primaryimage"},"image":{"@id":"https:\/\/gambling6.com\/sv\/bingo\/tips-om-de-basta-bingosajterna\/#primaryimage"},"thumbnailUrl":"https:\/\/gambling6.com\/wp-content\/uploads\/2013\/12\/img_110.png","datePublished":"2025-11-07T18:17:41+00:00","dateModified":"2025-11-12T12:13:08+00:00","description":"Att v\u00e4lja den b\u00e4sta bingosajten \u00e4r viktigt \u2013 men vilken sajt ska du v\u00e4lja? Hitta svaren h\u00e4r","breadcrumb":{"@id":"https:\/\/gambling6.com\/sv\/bingo\/tips-om-de-basta-bingosajterna\/#breadcrumb"},"inLanguage":"sv-SE","potentialAction":[{"@type":"ReadAction","target":["https:\/\/gambling6.com\/sv\/bingo\/tips-om-de-basta-bingosajterna\/"]}]},{"@type":"ImageObject","inLanguage":"sv-SE","@id":"https:\/\/gambling6.com\/sv\/bingo\/tips-om-de-basta-bingosajterna\/#primaryimage","url":"https:\/\/gambling6.com\/wp-content\/uploads\/2013\/12\/img_110.png","contentUrl":"https:\/\/gambling6.com\/wp-content\/uploads\/2013\/12\/img_110.png","width":288,"height":175},{"@type":"BreadcrumbList","@id":"https:\/\/gambling6.com\/sv\/bingo\/tips-om-de-basta-bingosajterna\/#breadcrumb","itemListElement":[{"@type":"ListItem","position":1,"name":"Home","item":"https:\/\/gambling6.com\/sv\/home\/"},{"@type":"ListItem","position":2,"name":"Bingo","item":"https:\/\/gambling6.com\/sv\/all-about-bingo\/"},{"@type":"ListItem","position":3,"name":"Tips om de b\u00e4sta bingosajterna"}]},{"@type":"WebSite","@id":"https:\/\/gambling6.com\/sv\/#website","url":"https:\/\/gambling6.com\/sv\/","name":"Gambling6","description":"","potentialAction":[{"@type":"SearchAction","target":{"@type":"EntryPoint","urlTemplate":"https:\/\/gambling6.com\/sv\/?s={search_term_string}"},"query-input":{"@type":"PropertyValueSpecification","valueRequired":true,"valueName":"search_term_string"}}],"inLanguage":"sv-SE"}]}},"_links":{"self":[{"href":"https:\/\/gambling6.com\/sv\/wp-json\/wp\/v2\/pages\/8474","targetHints":{"allow":["GET"]}}],"collection":[{"href":"https:\/\/gambling6.com\/sv\/wp-json\/wp\/v2\/pages"}],"about":[{"href":"https:\/\/gambling6.com\/sv\/wp-json\/wp\/v2\/types\/page"}],"author":[{"embeddable":true,"href":"https:\/\/gambling6.com\/sv\/wp-json\/wp\/v2\/users\/1"}],"replies":[{"embeddable":true,"href":"https:\/\/gambling6.com\/sv\/wp-json\/wp\/v2\/comments?post=8474"}],"version-history":[{"count":2,"href":"https:\/\/gambling6.com\/sv\/wp-json\/wp\/v2\/pages\/8474\/revisions"}],"predecessor-version":[{"id":10631,"href":"https:\/\/gambling6.com\/sv\/wp-json\/wp\/v2\/pages\/8474\/revisions\/10631"}],"up":[{"embeddable":true,"href":"https:\/\/gambling6.com\/sv\/wp-json\/wp\/v2\/pages\/8542"}],"wp:featuredmedia":[{"embeddable":true,"href":"https:\/\/gambling6.com\/sv\/wp-json\/wp\/v2\/media\/8444"}],"wp:attachment":[{"href":"https:\/\/gambling6.com\/sv\/wp-json\/wp\/v2\/media?parent=8474"}],"curies":[{"name":"wp","href":"https:\/\/api.w.org\/{rel}","templated":true}]}}