{"id":8542,"date":"2025-11-07T19:55:52","date_gmt":"2025-11-07T19:55:52","guid":{"rendered":"https:\/\/gambling6.com\/bingo\/"},"modified":"2025-11-12T11:57:02","modified_gmt":"2025-11-12T11:57:02","slug":"bingo","status":"publish","type":"page","link":"https:\/\/gambling6.com\/sv\/bingo\/","title":{"rendered":"Bingo"},"content":{"rendered":"<h2>Grundl\u00e4ggande information om bingo<\/h2>\n<p><a href=\"https:\/\/record.revenueplanet.com\/_BoBybWC_aAMWqcfzuvZcQMni_MQzyHn0\/1\/\" target=\"_new\"><img loading=\"lazy\" decoding=\"async\" class=\"alignright\" style=\"border: none;\" src=\"https:\/\/media.revenueplanet.com\/uploads\/nbb-120x600-oct-free.gif\" alt=\"BingoBilly Gratis Bingo\" width=\"120\" height=\"600\" \/><\/a>Bingospelet riktar sig till b\u00e5de unga och \u00e4ldre. Ursprunget till detta spel ligger i 1500-talets Italien, d\u00e4r det spelades under namnet &#8221;Il Giuoco del Lotto d&#8217;Italia&#8221; och sedan spreds \u00f6ver hela Europa. Bingo \u00e4r ett socialt spel d\u00e4r tid, reaktion, uppfattning av spelet och sist men inte minst lyckan spelar roll.<\/p>\n<p>Med tiden har m\u00e4nniskor f\u00f6rs\u00f6kt hitta olika strategier f\u00f6r att utforma mer exakta ber\u00e4kningar om hur de kan \u00f6ka sina vinstchanser. Vissa av dem har misslyckats, och vissa har lyckats. Onlinebingo d\u00f6k upp i mitten av 1990-talet och har sedan dess varit i kontinuerlig utveckling. F\u00f6rdelarna med onlinebingo, till skillnad fr\u00e5n offlinebingo, \u00e4r:<\/p>\n<ul>\n<li>Du kan spela direkt hemifr\u00e5n<\/li>\n<li>Allt \u00e4r enkelt<\/li>\n<li>De erbjuder bonusar och bel\u00f6ningar<\/li>\n<li>Du kan spela gratis<\/li>\n<li>Du kan spela n\u00e4r som helst p\u00e5 dygnet<\/li>\n<li>Du har onlinesupport i realtid<\/li>\n<\/ul>\n<p>F\u00f6r nyb\u00f6rjare rekommenderas det att de spelar demospel som ger dem m\u00f6jlighet att anpassa sig till reglerna och spelets hastighet. Spelets strategier garanterar inte utbetalning men \u00f6kar vinstchanserna. Det rekommenderas ocks\u00e5 att spela i ett rum d\u00e4r antalet spelare \u00e4r litet. F\u00f6r mer erfarna spelare \u00e4r det en bra id\u00e9 att spela med s\u00e5 m\u00e5nga kort som m\u00f6jligt; detta \u00f6kar deras vinstchanser. Bingospelet spelas med 30, 75, 80 och 90 bollar.<\/p>\n<p>Ditt b\u00e4sta val skulle vara <a class=\"thirstylink\" title=\"Bingo Billy en\" href=\"https:\/\/gambling6.com\/go\/bingobilly-en\/\" target=\"_blank\" rel=\"nofollow noopener\">Bingo Billy &#8211; klicka h\u00e4r f\u00f6r att spela<\/a>, s\u00e5 f\u00e5r du bingobiljetter v\u00e4rda 30 dollar att b\u00f6rja med! Bingo Billy accepterar spelare fr\u00e5n hela v\u00e4rlden, inklusive USA.<\/p>\n<h2>Bingospelet med 30 bollar<\/h2>\n<p>Spelaren v\u00e4ljer totalt 30 bollar och anv\u00e4nder en skala fr\u00e5n 1 till 75. Bingoomr\u00e5dena best\u00e5r av fem eller fem rutor. Efter att ha k\u00f6pt lotten m\u00e5ste spelaren v\u00e4lja totalt 30 nummer. Numren dras och markeras automatiskt p\u00e5 lotten. Bingo \u00e4r avklarat n\u00e4r spelaren har dragit fem eller sex nummer som g\u00f6r att hen kan skapa en vertikal, horisontell eller diagonal linje. Spelet slutar n\u00e4r de 30 bollarna har tagit bort. Den spelare som f\u00e5r flest bingorader utses till vinnare.<\/p>\n<h2>Bingospelet med 90 bollar<\/h2>\n<p>Blotten best\u00e5r av grupper om 9 till 3, som inneh\u00e5ller totalt 27 rutor. Varje rad har 5 nummer och 4 tomma rutor. Det totala antalet nummer p\u00e5 kortet \u00e4r 15<\/p>\n<h2>Bingospelet med 80 bollar<\/h2>\n<p>H\u00e4r, p\u00e5 varje kort, finns 16 nummer, 4 rader och 4 kolumner<\/p>\n<h2>Online Bingo Strategier<\/h2>\n<p>Joseph E. Granville sa att han kan &#8221;\u00f6ka oddsen till f\u00f6rdel upp till 50%&#8221;. Han sa ocks\u00e5 att de nummer som verkligen dras slumpm\u00e4ssigt har f\u00f6ljande m\u00f6nster: ett lika stort antal nummer som slutar p\u00e5 1, 2, 3, 4, 5, 6, 7, 8, 9, stora och sm\u00e5 nummer \u00e4r i balans tillsammans med spelets f\u00f6rnyelse, extraherade nummer som n\u00e4rmar sig nummer 38, mer exakt till mitten<\/p>\n<p><strong>Ett exempel p\u00e5 en slumpm\u00e4ssig lott efter Joseph E. Granvilles m\u00f6nster \u00e4r<\/strong> 6, 11, 24, 32, 43, 57, 38, 69. Den brittiske statistikern L.C.H. Tippet lanserade en teori enligt vilken numren dras med en sannolikhet att vara n\u00e4ra 38. Med det sagt har du ett brett utbud av sajter och en liten introduktion till bingospelens v\u00e4rld till ditt f\u00f6rfogande. Beroende p\u00e5 dina preferenser kan du best\u00e4mma vilken version som \u00e4r b\u00e4st f\u00f6r dig. Lycka till!<\/p>\n","protected":false},"excerpt":{"rendered":"<p>Grundl\u00e4ggande information om bingo Bingospelet riktar sig till b\u00e5de unga och \u00e4ldre. Ursprunget till detta spel ligger i 1500-talets Italien, d\u00e4r det spelades under namnet &#8221;Il Giuoco del Lotto d&#8217;Italia&#8221; och sedan spreds \u00f6ver hela Europa. Bingo \u00e4r ett socialt spel d\u00e4r tid, reaktion, uppfattning av spelet och sist men inte minst lyckan spelar roll. [&hellip;]<\/p>\n","protected":false},"author":1,"featured_media":0,"parent":0,"menu_order":6,"comment_status":"closed","ping_status":"closed","template":"","meta":{"footnotes":""},"class_list":["post-8542","page","type-page","status-publish","hentry"],"yoast_head":"<!-- This site is optimized with the Yoast SEO plugin v27.5 - https:\/\/yoast.com\/product\/yoast-seo-wordpress\/ -->\n<title>Grundl\u00e4ggande information om bingo<\/title>\n<meta name=\"description\" content=\"Allt om bingo online, och de b\u00e4sta sajterna att spela bingo online\" \/>\n<meta name=\"robots\" content=\"index, follow, max-snippet:-1, max-image-preview:large, max-video-preview:-1\" \/>\n<link rel=\"canonical\" href=\"https:\/\/gambling6.com\/sv\/bingo\/\" \/>\n<meta property=\"og:locale\" content=\"sv_SE\" \/>\n<meta property=\"og:type\" content=\"article\" \/>\n<meta property=\"og:title\" content=\"Grundl\u00e4ggande information om bingo\" \/>\n<meta property=\"og:description\" content=\"Allt om bingo online, och de b\u00e4sta sajterna att spela bingo online\" \/>\n<meta property=\"og:url\" content=\"https:\/\/gambling6.com\/sv\/bingo\/\" \/>\n<meta property=\"og:site_name\" content=\"Gambling6\" \/>\n<meta property=\"article:modified_time\" content=\"2025-11-12T11:57:02+00:00\" \/>\n<meta property=\"og:image\" content=\"https:\/\/media.revenueplanet.com\/uploads\/nbb-120x600-oct-free.gif\" \/>\n<meta name=\"twitter:card\" content=\"summary_large_image\" \/>\n<meta name=\"twitter:label1\" content=\"Ber\u00e4knad l\u00e4stid\" \/>\n\t<meta name=\"twitter:data1\" content=\"3 minuter\" \/>\n<script type=\"application\/ld+json\" class=\"yoast-schema-graph\">{\"@context\":\"https:\\\/\\\/schema.org\",\"@graph\":[{\"@type\":\"WebPage\",\"@id\":\"https:\\\/\\\/gambling6.com\\\/sv\\\/bingo\\\/\",\"url\":\"https:\\\/\\\/gambling6.com\\\/sv\\\/bingo\\\/\",\"name\":\"Grundl\u00e4ggande information om bingo\",\"isPartOf\":{\"@id\":\"https:\\\/\\\/gambling6.com\\\/sv\\\/#website\"},\"primaryImageOfPage\":{\"@id\":\"https:\\\/\\\/gambling6.com\\\/sv\\\/bingo\\\/#primaryimage\"},\"image\":{\"@id\":\"https:\\\/\\\/gambling6.com\\\/sv\\\/bingo\\\/#primaryimage\"},\"thumbnailUrl\":\"https:\\\/\\\/media.revenueplanet.com\\\/uploads\\\/nbb-120x600-oct-free.gif\",\"datePublished\":\"2025-11-07T19:55:52+00:00\",\"dateModified\":\"2025-11-12T11:57:02+00:00\",\"description\":\"Allt om bingo online, och de b\u00e4sta sajterna att spela bingo online\",\"breadcrumb\":{\"@id\":\"https:\\\/\\\/gambling6.com\\\/sv\\\/bingo\\\/#breadcrumb\"},\"inLanguage\":\"sv-SE\",\"potentialAction\":[{\"@type\":\"ReadAction\",\"target\":[\"https:\\\/\\\/gambling6.com\\\/sv\\\/bingo\\\/\"]}]},{\"@type\":\"ImageObject\",\"inLanguage\":\"sv-SE\",\"@id\":\"https:\\\/\\\/gambling6.com\\\/sv\\\/bingo\\\/#primaryimage\",\"url\":\"https:\\\/\\\/media.revenueplanet.com\\\/uploads\\\/nbb-120x600-oct-free.gif\",\"contentUrl\":\"https:\\\/\\\/media.revenueplanet.com\\\/uploads\\\/nbb-120x600-oct-free.gif\"},{\"@type\":\"BreadcrumbList\",\"@id\":\"https:\\\/\\\/gambling6.com\\\/sv\\\/bingo\\\/#breadcrumb\",\"itemListElement\":[{\"@type\":\"ListItem\",\"position\":1,\"name\":\"Home\",\"item\":\"https:\\\/\\\/gambling6.com\\\/sv\\\/home\\\/\"},{\"@type\":\"ListItem\",\"position\":2,\"name\":\"Bingo\"}]},{\"@type\":\"WebSite\",\"@id\":\"https:\\\/\\\/gambling6.com\\\/sv\\\/#website\",\"url\":\"https:\\\/\\\/gambling6.com\\\/sv\\\/\",\"name\":\"Gambling6\",\"description\":\"\",\"potentialAction\":[{\"@type\":\"SearchAction\",\"target\":{\"@type\":\"EntryPoint\",\"urlTemplate\":\"https:\\\/\\\/gambling6.com\\\/sv\\\/?s={search_term_string}\"},\"query-input\":{\"@type\":\"PropertyValueSpecification\",\"valueRequired\":true,\"valueName\":\"search_term_string\"}}],\"inLanguage\":\"sv-SE\"}]}<\/script>\n<!-- \/ Yoast SEO plugin. -->","yoast_head_json":{"title":"Grundl\u00e4ggande information om bingo","description":"Allt om bingo online, och de b\u00e4sta sajterna att spela bingo online","robots":{"index":"index","follow":"follow","max-snippet":"max-snippet:-1","max-image-preview":"max-image-preview:large","max-video-preview":"max-video-preview:-1"},"canonical":"https:\/\/gambling6.com\/sv\/bingo\/","og_locale":"sv_SE","og_type":"article","og_title":"Grundl\u00e4ggande information om bingo","og_description":"Allt om bingo online, och de b\u00e4sta sajterna att spela bingo online","og_url":"https:\/\/gambling6.com\/sv\/bingo\/","og_site_name":"Gambling6","article_modified_time":"2025-11-12T11:57:02+00:00","og_image":[{"url":"https:\/\/media.revenueplanet.com\/uploads\/nbb-120x600-oct-free.gif","type":"","width":"","height":""}],"twitter_card":"summary_large_image","twitter_misc":{"Ber\u00e4knad l\u00e4stid":"3 minuter"},"schema":{"@context":"https:\/\/schema.org","@graph":[{"@type":"WebPage","@id":"https:\/\/gambling6.com\/sv\/bingo\/","url":"https:\/\/gambling6.com\/sv\/bingo\/","name":"Grundl\u00e4ggande information om bingo","isPartOf":{"@id":"https:\/\/gambling6.com\/sv\/#website"},"primaryImageOfPage":{"@id":"https:\/\/gambling6.com\/sv\/bingo\/#primaryimage"},"image":{"@id":"https:\/\/gambling6.com\/sv\/bingo\/#primaryimage"},"thumbnailUrl":"https:\/\/media.revenueplanet.com\/uploads\/nbb-120x600-oct-free.gif","datePublished":"2025-11-07T19:55:52+00:00","dateModified":"2025-11-12T11:57:02+00:00","description":"Allt om bingo online, och de b\u00e4sta sajterna att spela bingo online","breadcrumb":{"@id":"https:\/\/gambling6.com\/sv\/bingo\/#breadcrumb"},"inLanguage":"sv-SE","potentialAction":[{"@type":"ReadAction","target":["https:\/\/gambling6.com\/sv\/bingo\/"]}]},{"@type":"ImageObject","inLanguage":"sv-SE","@id":"https:\/\/gambling6.com\/sv\/bingo\/#primaryimage","url":"https:\/\/media.revenueplanet.com\/uploads\/nbb-120x600-oct-free.gif","contentUrl":"https:\/\/media.revenueplanet.com\/uploads\/nbb-120x600-oct-free.gif"},{"@type":"BreadcrumbList","@id":"https:\/\/gambling6.com\/sv\/bingo\/#breadcrumb","itemListElement":[{"@type":"ListItem","position":1,"name":"Home","item":"https:\/\/gambling6.com\/sv\/home\/"},{"@type":"ListItem","position":2,"name":"Bingo"}]},{"@type":"WebSite","@id":"https:\/\/gambling6.com\/sv\/#website","url":"https:\/\/gambling6.com\/sv\/","name":"Gambling6","description":"","potentialAction":[{"@type":"SearchAction","target":{"@type":"EntryPoint","urlTemplate":"https:\/\/gambling6.com\/sv\/?s={search_term_string}"},"query-input":{"@type":"PropertyValueSpecification","valueRequired":true,"valueName":"search_term_string"}}],"inLanguage":"sv-SE"}]}},"_links":{"self":[{"href":"https:\/\/gambling6.com\/sv\/wp-json\/wp\/v2\/pages\/8542","targetHints":{"allow":["GET"]}}],"collection":[{"href":"https:\/\/gambling6.com\/sv\/wp-json\/wp\/v2\/pages"}],"about":[{"href":"https:\/\/gambling6.com\/sv\/wp-json\/wp\/v2\/types\/page"}],"author":[{"embeddable":true,"href":"https:\/\/gambling6.com\/sv\/wp-json\/wp\/v2\/users\/1"}],"replies":[{"embeddable":true,"href":"https:\/\/gambling6.com\/sv\/wp-json\/wp\/v2\/comments?post=8542"}],"version-history":[{"count":1,"href":"https:\/\/gambling6.com\/sv\/wp-json\/wp\/v2\/pages\/8542\/revisions"}],"predecessor-version":[{"id":10609,"href":"https:\/\/gambling6.com\/sv\/wp-json\/wp\/v2\/pages\/8542\/revisions\/10609"}],"wp:attachment":[{"href":"https:\/\/gambling6.com\/sv\/wp-json\/wp\/v2\/media?parent=8542"}],"curies":[{"name":"wp","href":"https:\/\/api.w.org\/{rel}","templated":true}]}}