{"id":8594,"date":"2025-11-07T21:10:18","date_gmt":"2025-11-07T21:10:18","guid":{"rendered":"https:\/\/gambling6.com\/kasino\/mobilt-spela-pa-sprang\/"},"modified":"2025-11-12T09:30:21","modified_gmt":"2025-11-12T09:30:21","slug":"mobilt-spela-pa-sprang","status":"publish","type":"page","link":"https:\/\/gambling6.com\/sv\/kasino\/mobilt-spela-pa-sprang\/","title":{"rendered":"Mobilt \u2013 Spela p\u00e5 spr\u00e5ng"},"content":{"rendered":"<h2>Onlinespel p\u00e5 mobila enheter<\/h2>\n<h3>HTML5 kontra native appar \u2013 valet \u00e4r ditt!<\/h3>\n<p>Om man tittar p\u00e5 en bra spelkatalog \u00e4r det l\u00e4tt att se att det finns m\u00e5nga bra alternativ f\u00f6r spelare som vill njuta av sina favoritalternativ \u00f6ver internet. Olika webbplatser erbjuder s\u00e4kert onlinespel i n\u00e4stan alla kategorier, med poker, casino och sportspel vanligtvis h\u00f6gst upp p\u00e5 listan. Det \u00e4r viktigt att notera att det ocks\u00e5 finns alternativ f\u00f6r amerikanska spelare, trots reglerna p\u00e5 denna marknad, s\u00e5 amerikaner borde inte ha n\u00e5gra problem med att hitta en p\u00e5litlig webbplats via en iGambling-portal.<\/p>\n<p><img loading=\"lazy\" decoding=\"async\" class=\" alignright size-full wp-image-400\" style=\"margin: 5px; float: right;\" src=\"http:\/\/gambling6.com\/wp-content\/uploads\/2013\/12\/mobile-gambling-150x150.jpg\" alt=\"appar f\u00f6r mobilspel\" width=\"150\" height=\"150\" \/>Medan utbudet av onlinespel forts\u00e4tter att v\u00e4xa, verkar trenden vara att mobilspel \u00e4r dit saker och ting \u00e4r p\u00e5 v\u00e4g. N\u00e4stan alla de st\u00f6rsta operat\u00f6rerna i branschen har, eller arbetar nu med, en mobilapplikation som l\u00e5ter deras anv\u00e4ndare f\u00e5 tillg\u00e5ng till samma tj\u00e4nster som de f\u00e5r hemma fr\u00e5n en smartphone. I en nyligen genomf\u00f6rd intervju sa informationschefen f\u00f6r Intralot, Dr. Christos Dimitriadis, att mobilspel kommer att bli lagligt i alla l\u00e4nder i Europeiska unionen.<\/p>\n<p>\u00c4ven om han inte specificerade n\u00e4r detta sannolikt kommer att ske, g\u00f6r det faktum att staterna m\u00e5ste beh\u00e5lla kontrollen \u00f6ver spel mobilspel lagligt och noggrant reglerat obligatoriskt. I takt med att fler och fler spelare spelar p\u00e5 mobila enheter m\u00e5ste b\u00e5de operat\u00f6rer och tillsynsmyndigheter p\u00e5 specifika marknader samarbeta f\u00f6r att n\u00e5 en idealisk l\u00f6sning.<\/p>\n<h2>HTML5<\/h2>\n<p>N\u00e5gra av de st\u00f6rsta operat\u00f6rerna p\u00e5 marknaden f\u00f6r onlinespel har redan tagit betydande steg f\u00f6r att f\u00f6rb\u00e4ttra sina mobila erbjudanden. 888 \u00e4r k\u00e4nt \u00f6ver hela v\u00e4rlden, fr\u00e4mst f\u00f6r sina sportspel online, som i stort sett t\u00e4cker hela v\u00e4rlden och erbjuder spel p\u00e5 alla st\u00f6rre sporter och olika ligor. Sajten har \u00e4ven kasinospel, poker, bingo och andra onlinespelkategorier, vilket g\u00f6r den till ett av de st\u00f6rsta namnen i branschen.<\/p>\n<p><a class=\"thirstylink\" title=\"888 casino en\" href=\"https:\/\/gambling6.com\/go\/888-casino-en\/\" target=\"_blank\" rel=\"nofollow noopener\"><strong>Klicka h\u00e4r f\u00f6r att bes\u00f6ka 888 Casino<\/strong><\/a> &#8211; skapa ett spelarkonto gratis och ladda sedan ner mobilappen.<\/p>\n<p>Nyligen bytte 888 sin mobilplattform till en HTML5-version f\u00f6r att g\u00f6ra det mycket bekv\u00e4mare f\u00f6r spelare. I grund och botten kommer operat\u00f6rens ljud- och videostr\u00f6mning nu att drivas av HTML5, vilket g\u00f6r att anv\u00e4ndare kan f\u00f6lja h\u00e4ndelserna p\u00e5 sin valda enhet utan att beh\u00f6va ett Flash-plugin. Detta \u00f6ppnar ocks\u00e5 d\u00f6rren till nya m\u00f6jligheter, eftersom anv\u00e4ndare nu kan placera spel samtidigt som de tar emot realtidsdata. HTML5-versionen ger ocks\u00e5 en b\u00e4ttre anv\u00e4ndarupplevelse. Den kan uppt\u00e4cka enhetens sk\u00e4rmstorlek, systemfunktioner och tillg\u00e4ngliga anslutningar.<\/p>\n<p>Detta inneb\u00e4r att man vidtar n\u00f6dv\u00e4ndiga f\u00f6rsiktighets\u00e5tg\u00e4rder f\u00f6r att s\u00e4kerst\u00e4lla att allt g\u00e5r smidigt, till exempel att s\u00e4nka kvaliteten eller v\u00e4nta innan man startar en video f\u00f6r att spara bandbredd. Webbplatser f\u00f6r spelrecensioner g\u00f6r det mycket l\u00e4ttare att hitta ett p\u00e5litligt online casino genom att gruppera webbplatser i olika kategorier baserat p\u00e5 deras styrkor. Vissa webbplatser tenderar att fokusera p\u00e5 sina mobila erbjudanden, och amerikanska online casinon \u00e4r alltid ett utm\u00e4rkt \u00e4mne f\u00f6r diskussion.<\/p>\n<h2>Inbyggda appar<\/h2>\n<p>Inbyggda appar kr\u00e4ver nedladdning och installation, vilket inneb\u00e4r att det m\u00e5ste finnas olika versioner f\u00f6r att st\u00f6dja de olika mobila operativsystem som nu finns tillg\u00e4ngliga. \u00c4ven om dessa \u00e4r mycket vanliga bland online casinon, f\u00f6rlorar de verkligen mark till HTML5. Det finns m\u00e5nga anledningar till detta, varav den fr\u00e4msta \u00e4r att en HTML5-version kan passa alla mobila enheter och g\u00f6ra de n\u00f6dv\u00e4ndiga \u00e4ndringarna sj\u00e4lva. Det \u00e4r viktigt att notera att, som n\u00e4mnts ovan, kommer 888 inte att \u00f6verge sina inbyggda appar, och inte heller kommer de att sluta anv\u00e4nda HTML4-teknik.<\/p>\n<p>Detta \u00e4r ett utm\u00e4rkt exempel f\u00f6r andra operat\u00f6rer ocks\u00e5, eftersom att byta till HTML5 \u00f6ver en natt och \u00f6verge tidigare alternativ skulle inneb\u00e4ra att vissa anv\u00e4ndare inte l\u00e4ngre har tillg\u00e5ng till erbjudandena. Inte alla spelare har den teknik som beh\u00f6vs f\u00f6r att k\u00f6ra den nya generationen programvara perfekt, s\u00e5 \u00e4ven om detta \u00e4r ett bra steg p\u00e5 v\u00e4gen mot b\u00e4ttre mobilspel, b\u00f6r det inte p\u00e5verka nuvarande kunder negativt. Inbyggda appar \u00e4r fortfarande ett bra s\u00e4tt att njuta av onlinekasinospel p\u00e5 olika mobila enheter. Hela ig\u00e5ngs\u00e4ttningsprocessen tar vanligtvis inte l\u00e5ng tid, s\u00e5 \u00e4ven om HTML5 kommer att vara n\u00e4sta stora steg f\u00f6r alla operat\u00f6rer, \u00e4r de erbjudanden som nu finns tillg\u00e4ngliga ocks\u00e5 ganska fantastiska.<\/p>\n","protected":false},"excerpt":{"rendered":"<p>Onlinespel p\u00e5 mobila enheter HTML5 kontra native appar \u2013 valet \u00e4r ditt! Om man tittar p\u00e5 en bra spelkatalog \u00e4r det l\u00e4tt att se att det finns m\u00e5nga bra alternativ f\u00f6r spelare som vill njuta av sina favoritalternativ \u00f6ver internet. Olika webbplatser erbjuder s\u00e4kert onlinespel i n\u00e4stan alla kategorier, med poker, casino och sportspel vanligtvis [&hellip;]<\/p>\n","protected":false},"author":1,"featured_media":8574,"parent":8334,"menu_order":40,"comment_status":"closed","ping_status":"closed","template":"","meta":{"footnotes":""},"class_list":["post-8594","page","type-page","status-publish","has-post-thumbnail","hentry"],"yoast_head":"<!-- This site is optimized with the Yoast SEO plugin v27.5 - https:\/\/yoast.com\/product\/yoast-seo-wordpress\/ -->\n<title>Onlinespel p\u00e5 mobila enheter<\/title>\n<meta name=\"description\" content=\"Mobilspel blir alltmer popul\u00e4rt och applikationer f\u00e5r b\u00e4ttre grafik och fler funktioner.\" \/>\n<meta name=\"robots\" content=\"index, follow, max-snippet:-1, max-image-preview:large, max-video-preview:-1\" \/>\n<link rel=\"canonical\" href=\"https:\/\/gambling6.com\/sv\/kasino\/mobilt-spela-pa-sprang\/\" \/>\n<meta property=\"og:locale\" content=\"sv_SE\" \/>\n<meta property=\"og:type\" content=\"article\" \/>\n<meta property=\"og:title\" content=\"Onlinespel p\u00e5 mobila enheter\" \/>\n<meta property=\"og:description\" content=\"Mobilspel blir alltmer popul\u00e4rt och applikationer f\u00e5r b\u00e4ttre grafik och fler funktioner.\" \/>\n<meta property=\"og:url\" content=\"https:\/\/gambling6.com\/sv\/kasino\/mobilt-spela-pa-sprang\/\" \/>\n<meta property=\"og:site_name\" content=\"Gambling6\" \/>\n<meta property=\"article:modified_time\" content=\"2025-11-12T09:30:21+00:00\" \/>\n<meta property=\"og:image\" content=\"https:\/\/gambling6.com\/wp-content\/uploads\/2013\/12\/mobile-gambling-150x150.jpg\" \/>\n\t<meta property=\"og:image:width\" content=\"150\" \/>\n\t<meta property=\"og:image:height\" content=\"150\" \/>\n\t<meta property=\"og:image:type\" content=\"image\/jpeg\" \/>\n<meta name=\"twitter:card\" content=\"summary_large_image\" \/>\n<meta name=\"twitter:label1\" content=\"Ber\u00e4knad l\u00e4stid\" \/>\n\t<meta name=\"twitter:data1\" content=\"4 minuter\" \/>\n<script type=\"application\/ld+json\" class=\"yoast-schema-graph\">{\"@context\":\"https:\\\/\\\/schema.org\",\"@graph\":[{\"@type\":\"WebPage\",\"@id\":\"https:\\\/\\\/gambling6.com\\\/sv\\\/kasino\\\/mobilt-spela-pa-sprang\\\/\",\"url\":\"https:\\\/\\\/gambling6.com\\\/sv\\\/kasino\\\/mobilt-spela-pa-sprang\\\/\",\"name\":\"Onlinespel p\u00e5 mobila enheter\",\"isPartOf\":{\"@id\":\"https:\\\/\\\/gambling6.com\\\/sv\\\/#website\"},\"primaryImageOfPage\":{\"@id\":\"https:\\\/\\\/gambling6.com\\\/sv\\\/kasino\\\/mobilt-spela-pa-sprang\\\/#primaryimage\"},\"image\":{\"@id\":\"https:\\\/\\\/gambling6.com\\\/sv\\\/kasino\\\/mobilt-spela-pa-sprang\\\/#primaryimage\"},\"thumbnailUrl\":\"https:\\\/\\\/gambling6.com\\\/wp-content\\\/uploads\\\/2013\\\/12\\\/mobile-gambling-150x150.jpg\",\"datePublished\":\"2025-11-07T21:10:18+00:00\",\"dateModified\":\"2025-11-12T09:30:21+00:00\",\"description\":\"Mobilspel blir alltmer popul\u00e4rt och applikationer f\u00e5r b\u00e4ttre grafik och fler funktioner.\",\"breadcrumb\":{\"@id\":\"https:\\\/\\\/gambling6.com\\\/sv\\\/kasino\\\/mobilt-spela-pa-sprang\\\/#breadcrumb\"},\"inLanguage\":\"sv-SE\",\"potentialAction\":[{\"@type\":\"ReadAction\",\"target\":[\"https:\\\/\\\/gambling6.com\\\/sv\\\/kasino\\\/mobilt-spela-pa-sprang\\\/\"]}]},{\"@type\":\"ImageObject\",\"inLanguage\":\"sv-SE\",\"@id\":\"https:\\\/\\\/gambling6.com\\\/sv\\\/kasino\\\/mobilt-spela-pa-sprang\\\/#primaryimage\",\"url\":\"https:\\\/\\\/gambling6.com\\\/wp-content\\\/uploads\\\/2013\\\/12\\\/mobile-gambling-150x150.jpg\",\"contentUrl\":\"https:\\\/\\\/gambling6.com\\\/wp-content\\\/uploads\\\/2013\\\/12\\\/mobile-gambling-150x150.jpg\",\"width\":150,\"height\":150,\"caption\":\"online slotmachine\"},{\"@type\":\"BreadcrumbList\",\"@id\":\"https:\\\/\\\/gambling6.com\\\/sv\\\/kasino\\\/mobilt-spela-pa-sprang\\\/#breadcrumb\",\"itemListElement\":[{\"@type\":\"ListItem\",\"position\":1,\"name\":\"Home\",\"item\":\"https:\\\/\\\/gambling6.com\\\/sv\\\/home\\\/\"},{\"@type\":\"ListItem\",\"position\":2,\"name\":\"Kasino\",\"item\":\"https:\\\/\\\/gambling6.com\\\/sv\\\/get-started-with-online-gambling\\\/\"},{\"@type\":\"ListItem\",\"position\":3,\"name\":\"Mobilt \u2013 Spela p\u00e5 spr\u00e5ng\"}]},{\"@type\":\"WebSite\",\"@id\":\"https:\\\/\\\/gambling6.com\\\/sv\\\/#website\",\"url\":\"https:\\\/\\\/gambling6.com\\\/sv\\\/\",\"name\":\"Gambling6\",\"description\":\"\",\"potentialAction\":[{\"@type\":\"SearchAction\",\"target\":{\"@type\":\"EntryPoint\",\"urlTemplate\":\"https:\\\/\\\/gambling6.com\\\/sv\\\/?s={search_term_string}\"},\"query-input\":{\"@type\":\"PropertyValueSpecification\",\"valueRequired\":true,\"valueName\":\"search_term_string\"}}],\"inLanguage\":\"sv-SE\"}]}<\/script>\n<!-- \/ Yoast SEO plugin. -->","yoast_head_json":{"title":"Onlinespel p\u00e5 mobila enheter","description":"Mobilspel blir alltmer popul\u00e4rt och applikationer f\u00e5r b\u00e4ttre grafik och fler funktioner.","robots":{"index":"index","follow":"follow","max-snippet":"max-snippet:-1","max-image-preview":"max-image-preview:large","max-video-preview":"max-video-preview:-1"},"canonical":"https:\/\/gambling6.com\/sv\/kasino\/mobilt-spela-pa-sprang\/","og_locale":"sv_SE","og_type":"article","og_title":"Onlinespel p\u00e5 mobila enheter","og_description":"Mobilspel blir alltmer popul\u00e4rt och applikationer f\u00e5r b\u00e4ttre grafik och fler funktioner.","og_url":"https:\/\/gambling6.com\/sv\/kasino\/mobilt-spela-pa-sprang\/","og_site_name":"Gambling6","article_modified_time":"2025-11-12T09:30:21+00:00","og_image":[{"width":150,"height":150,"url":"https:\/\/gambling6.com\/wp-content\/uploads\/2013\/12\/mobile-gambling-150x150.jpg","type":"image\/jpeg"}],"twitter_card":"summary_large_image","twitter_misc":{"Ber\u00e4knad l\u00e4stid":"4 minuter"},"schema":{"@context":"https:\/\/schema.org","@graph":[{"@type":"WebPage","@id":"https:\/\/gambling6.com\/sv\/kasino\/mobilt-spela-pa-sprang\/","url":"https:\/\/gambling6.com\/sv\/kasino\/mobilt-spela-pa-sprang\/","name":"Onlinespel p\u00e5 mobila enheter","isPartOf":{"@id":"https:\/\/gambling6.com\/sv\/#website"},"primaryImageOfPage":{"@id":"https:\/\/gambling6.com\/sv\/kasino\/mobilt-spela-pa-sprang\/#primaryimage"},"image":{"@id":"https:\/\/gambling6.com\/sv\/kasino\/mobilt-spela-pa-sprang\/#primaryimage"},"thumbnailUrl":"https:\/\/gambling6.com\/wp-content\/uploads\/2013\/12\/mobile-gambling-150x150.jpg","datePublished":"2025-11-07T21:10:18+00:00","dateModified":"2025-11-12T09:30:21+00:00","description":"Mobilspel blir alltmer popul\u00e4rt och applikationer f\u00e5r b\u00e4ttre grafik och fler funktioner.","breadcrumb":{"@id":"https:\/\/gambling6.com\/sv\/kasino\/mobilt-spela-pa-sprang\/#breadcrumb"},"inLanguage":"sv-SE","potentialAction":[{"@type":"ReadAction","target":["https:\/\/gambling6.com\/sv\/kasino\/mobilt-spela-pa-sprang\/"]}]},{"@type":"ImageObject","inLanguage":"sv-SE","@id":"https:\/\/gambling6.com\/sv\/kasino\/mobilt-spela-pa-sprang\/#primaryimage","url":"https:\/\/gambling6.com\/wp-content\/uploads\/2013\/12\/mobile-gambling-150x150.jpg","contentUrl":"https:\/\/gambling6.com\/wp-content\/uploads\/2013\/12\/mobile-gambling-150x150.jpg","width":150,"height":150,"caption":"online slotmachine"},{"@type":"BreadcrumbList","@id":"https:\/\/gambling6.com\/sv\/kasino\/mobilt-spela-pa-sprang\/#breadcrumb","itemListElement":[{"@type":"ListItem","position":1,"name":"Home","item":"https:\/\/gambling6.com\/sv\/home\/"},{"@type":"ListItem","position":2,"name":"Kasino","item":"https:\/\/gambling6.com\/sv\/get-started-with-online-gambling\/"},{"@type":"ListItem","position":3,"name":"Mobilt \u2013 Spela p\u00e5 spr\u00e5ng"}]},{"@type":"WebSite","@id":"https:\/\/gambling6.com\/sv\/#website","url":"https:\/\/gambling6.com\/sv\/","name":"Gambling6","description":"","potentialAction":[{"@type":"SearchAction","target":{"@type":"EntryPoint","urlTemplate":"https:\/\/gambling6.com\/sv\/?s={search_term_string}"},"query-input":{"@type":"PropertyValueSpecification","valueRequired":true,"valueName":"search_term_string"}}],"inLanguage":"sv-SE"}]}},"_links":{"self":[{"href":"https:\/\/gambling6.com\/sv\/wp-json\/wp\/v2\/pages\/8594","targetHints":{"allow":["GET"]}}],"collection":[{"href":"https:\/\/gambling6.com\/sv\/wp-json\/wp\/v2\/pages"}],"about":[{"href":"https:\/\/gambling6.com\/sv\/wp-json\/wp\/v2\/types\/page"}],"author":[{"embeddable":true,"href":"https:\/\/gambling6.com\/sv\/wp-json\/wp\/v2\/users\/1"}],"replies":[{"embeddable":true,"href":"https:\/\/gambling6.com\/sv\/wp-json\/wp\/v2\/comments?post=8594"}],"version-history":[{"count":1,"href":"https:\/\/gambling6.com\/sv\/wp-json\/wp\/v2\/pages\/8594\/revisions"}],"predecessor-version":[{"id":10476,"href":"https:\/\/gambling6.com\/sv\/wp-json\/wp\/v2\/pages\/8594\/revisions\/10476"}],"up":[{"embeddable":true,"href":"https:\/\/gambling6.com\/sv\/wp-json\/wp\/v2\/pages\/8334"}],"wp:featuredmedia":[{"embeddable":true,"href":"https:\/\/gambling6.com\/sv\/wp-json\/wp\/v2\/media\/8574"}],"wp:attachment":[{"href":"https:\/\/gambling6.com\/sv\/wp-json\/wp\/v2\/media?parent=8594"}],"curies":[{"name":"wp","href":"https:\/\/api.w.org\/{rel}","templated":true}]}}