{"id":8659,"date":"2025-11-07T22:28:33","date_gmt":"2025-11-07T22:28:33","guid":{"rendered":"https:\/\/gambling6.com\/spela-pa-europeiska-pokersajter\/"},"modified":"2025-11-12T11:40:03","modified_gmt":"2025-11-12T11:40:03","slug":"spela-pa-europeiska-pokersajter","status":"publish","type":"page","link":"https:\/\/gambling6.com\/sv\/poker\/spela-pa-europeiska-pokersajter\/","title":{"rendered":"Spela p\u00e5 europeiska pokersajter"},"content":{"rendered":"<h2>Europeiska sajter har ocks\u00e5 poker.<\/h2>\n<p>Under de senaste \u00e5ren har pokerns popularitet n\u00e5tt nya h\u00f6jder. De europeiska l\u00e4nderna \u00e4r en betydande marknad f\u00f6r pokersajter online, och den amerikanska regeringens \u00e5tstramning av onlinespel har tvingat operat\u00f6rer att fokusera p\u00e5 den europeiska marknaden i stor utstr\u00e4ckning. \u00c4ven om livepoker \u00e4r en passion bland europ\u00e9er, kommer onlinepoker snabbt ikapp n\u00e4tkunniga spelare. L\u00e4nder som Storbritannien, \u00d6sterrike och Tyskland \u00e4r till och med v\u00e4rdar f\u00f6r internationella pokerturn\u00e9er och turneringar.<\/p>\n<p><img loading=\"lazy\" decoding=\"async\" class=\"size-full wp-image-3075 alignright\" src=\"https:\/\/gambling6.com\/wp-content\/uploads\/2022\/04\/poker_bonusode_test_bericht.png\" alt=\"europeiska pokersajter\" width=\"246\" height=\"200\" \/>Den europeiska kontinenten best\u00e5r av flera l\u00e4nder som \u00e4r medlemmar i Europeiska unionen (EU). Onlinepoker ses positivt i hela Europeiska unionen \u2013 faktum \u00e4r att pokersajter online inte har f\u00f6rbjudits att verka p\u00e5 europeiska marknader. Varje medlemsland till\u00e4mpar dock sina egna lagar g\u00e4llande onlinespel. Det \u00e4r d\u00e4rf\u00f6r ganska komplicerat att f\u00f6rklara lagligheten av onlinepoker i hela Europa. Alla medlemsl\u00e4nder i Europeiska unionen m\u00e5ste acceptera tj\u00e4nster fr\u00e5n andra medlemsl\u00e4nder, men varje land har friheten att besluta om lagligheten av onlinespel.<\/p>\n<p>F\u00f6ljaktligen har vissa EU-medlemmar f\u00f6rbjudit onlinespel, n\u00e5gra har legaliserat det, medan andra har haft en tvetydig inst\u00e4llning. \u00c4ven om det \u00e4r okej att spela online, m\u00e5ste europeiska onlinepokerspelare vara f\u00f6rsiktiga \u2013 det rekommenderas att de kontrollerar den lokala policyn f\u00f6r onlinespel innan de best\u00e4mmer sig f\u00f6r att spela. \u00c4ven om onlinepokersajter beskattas och regleras av Europeiska unionen, finns det skillnader i lagarna i enskilda medlemsstater g\u00e4llande onlinespel.<\/p>\n<h2>B\u00e4sta onlinepokersajten f\u00f6r europeiska spelare<\/h2>\n<p>Europeiska onlinepokerspelare har ett mycket bredare utbud av pokersajter \u00e4n amerikanska spelare. Den sajt som sticker ut fr\u00e5n m\u00e4ngden \u00e4r 888 Poker.<\/p>\n<p><span style=\"background-color: transparent;\"><strong>888 Poker<\/strong> \u00e4r ett v\u00e4lk\u00e4nt namn bland europeiska pokersajter. Och de ger till och med nya spelare en <span style=\"font-size: medium;\"><strong>gratis spelkassa p\u00e5 \u20ac20 \u2013 en helt riskfri start p\u00e5 poker med riktiga pengar<\/strong><\/span>! Dessutom har du r\u00e4tt till ytterligare \u20ac300 i bonus p\u00e5 en efterf\u00f6ljande ins\u00e4ttning. <\/span><a class=\"thirstylink\" title=\"888 poker en\" href=\"https:\/\/gambling6.com\/go\/888-poker-en\/\" target=\"_blank\" rel=\"nofollow noopener\"><strong>Klicka h\u00e4r f\u00f6r att registrera dig hos 888 och b\u00f6rja spela med 20 \u20ac i riktiga pengar gratis.<\/strong><\/a><br \/>\n<a href=\"https:\/\/ic.aff-handler.com\/C\/46138?sr=1073333&amp;anid=\" rel=\"nofollow\"><img loading=\"lazy\" decoding=\"async\" class=\"aligncenter\" src=\"https:\/\/ic.aff-handler.com\/I\/46138?sr=1073333&amp;anid=\" width=\"530\" height=\"68\" \/><\/a><\/p>\n<p>Till exempel till\u00e5ter Storbritannien sina medborgare att spela online och till\u00e5ter \u00e4ven utl\u00e4ndska spelsajter att verka i landet. Nederl\u00e4nderna till\u00e5ter endast inv\u00e5nare att spela p\u00e5 onlinepokersajter som har en nederl\u00e4ndsk licens. \u00d6steuropeiska l\u00e4nder, \u00e5 andra sidan, var inte med i kappl\u00f6pningen om onlinespel, men p\u00e5 senare tid, med enkel internet\u00e5tkomst, har \u00e4ven de anslutit sig till kampen. Nyligen lades ett f\u00f6rslag fram till EU som kr\u00e4vde ett enhetligt regleringssystem f\u00f6r onlinespel i alla medlemsstater. Detta skulle bidra till att standardisera licensieringsprocessen i hela Europa och f\u00f6renkla den.<\/p>\n<p>N\u00e4r det g\u00e4ller spelare p\u00e5 europeiska pokersajter g\u00e4ller endast skattelagar f\u00f6r dem. Spelare beskattas av sina respektive l\u00e4nder och EU n\u00e4r de s\u00e4tter in pengar p\u00e5 en onlinepokersajt baserad utomlands. Olika l\u00e4nder i Europa talar andra spr\u00e5k. Europeiska pokersajter tillgodoser i allm\u00e4nhet sina kunder p\u00e5 det lokala spr\u00e5ket. Men n\u00e5gra av de stora pokersajterna erbjuder idag sina webbplatser p\u00e5 olika spr\u00e5k, eftersom deras pokerprogramvara st\u00f6der flera spr\u00e5k.<\/p>\n<p>Kundsupport finns ocks\u00e5 p\u00e5 olika spr\u00e5k. F\u00f6rutom engelska kan pokersajten erbjuda franska, spanska, tyska, nederl\u00e4ndska, danska, italienska, norska, portugisiska etc. Precis som med spr\u00e5k accepterar europeiska pokersajter olika valutor. \u00c4ven om de prim\u00e4ra valutorna \u00e4r amerikanska dollar eller brittiska pund, \u00e4r euron den gemensamma valutan i EU. Pokerspelare fr\u00e5n Europa f\u00f6redrar att anv\u00e4nda euro eller brittiska pund n\u00e4r de g\u00f6r ins\u00e4ttningar p\u00e5 en onlinepokersajt.<\/p>\n<p>Europeiska pokersajter erbjuder i allm\u00e4nhet flera ins\u00e4ttnings- och uttagsalternativ som passar kunder fr\u00e5n olika l\u00e4nder i Europeiska unionen. Standardbetalningsmetoder p\u00e5 onlinepokersajter inkluderar betalkort, kreditkort, e-pl\u00e5nb\u00f6cker, bank\u00f6verf\u00f6ringar och e-checkar. Den enklaste och mest popul\u00e4ra metoden att s\u00e4tta in pengar p\u00e5 ett onlinepokerkonto \u00e4r med kreditkort. Vissa kreditkortsutgivare kanske dock inte godk\u00e4nner transaktioner f\u00f6r onlinespel, s\u00e5 det \u00e4r b\u00e4st att kontrollera innan du v\u00e4ljer den h\u00e4r metoden.<\/p>\n<p>M\u00e5nga pokerspelare tycker att det \u00e4r bekv\u00e4mt att s\u00e4tta in pengar p\u00e5 sina onlinepokerkonton med hj\u00e4lp av e-pl\u00e5nb\u00f6cker. Spelare kan \u00f6ppna ett konto hos n\u00e5gon av e-pl\u00e5nbokstj\u00e4nsterna och s\u00e4tta in pengar p\u00e5 kontot via sin bank. E-wallen<\/p>\n<h2>Europeiska sajter har ocks\u00e5 poker.<\/h2>\n<p>Under de senaste \u00e5ren har pokerns popularitet n\u00e5tt nya h\u00f6jder. De europeiska l\u00e4nderna \u00e4r en betydande marknad f\u00f6r pokersajter online, och den amerikanska regeringens \u00e5tstramning av onlinespel har tvingat operat\u00f6rer att fokusera p\u00e5 den europeiska marknaden i stor utstr\u00e4ckning. \u00c4ven om livepoker \u00e4r en passion bland europ\u00e9er, kommer onlinepoker snabbt ikapp n\u00e4tkunniga spelare. L\u00e4nder som Storbritannien, \u00d6sterrike och Tyskland \u00e4r till och med v\u00e4rdar f\u00f6r internationella pokerturn\u00e9er och turneringar.<\/p>\n<p><img loading=\"lazy\" decoding=\"async\" class=\"size-full wp-image-3075 alignright\" src=\"https:\/\/gambling6.com\/wp-content\/uploads\/2022\/04\/poker_bonusode_test_bericht.png\" alt=\"europeiska pokersajter\" width=\"246\" height=\"200\" \/>Den europeiska kontinenten best\u00e5r av flera l\u00e4nder som \u00e4r medlemmar i Europeiska unionen (EU). Onlinepoker ses positivt i hela Europeiska unionen \u2013 faktum \u00e4r att pokersajter online inte har f\u00f6rbjudits att verka p\u00e5 europeiska marknader. Varje medlemsland till\u00e4mpar dock sina egna lagar g\u00e4llande onlinespel. Det \u00e4r d\u00e4rf\u00f6r ganska komplicerat att f\u00f6rklara lagligheten av onlinepoker i hela Europa. Alla medlemsl\u00e4nder i Europeiska unionen m\u00e5ste acceptera tj\u00e4nster fr\u00e5n andra medlemsl\u00e4nder, men varje land har friheten att besluta om lagligheten av onlinespel.<\/p>\n<p>F\u00f6ljaktligen har vissa EU-medlemmar f\u00f6rbjudit onlinespel, n\u00e5gra har legaliserat det, medan andra har haft en tvetydig inst\u00e4llning. \u00c4ven om det \u00e4r okej att spela online, m\u00e5ste europeiska onlinepokerspelare vara f\u00f6rsiktiga \u2013 det rekommenderas att de kontrollerar den lokala policyn f\u00f6r onlinespel innan de best\u00e4mmer sig f\u00f6r att spela. \u00c4ven om onlinepokersajter beskattas och regleras av Europeiska unionen, finns det skillnader i lagarna i enskilda medlemsstater g\u00e4llande onlinespel.<\/p>\n<h2>B\u00e4sta onlinepokersajten f\u00f6r europeiska spelare<\/h2>\n<p>Europeiska onlinepokerspelare har ett mycket bredare utbud av pokersajter \u00e4n amerikanska spelare. Den sajt som sticker ut fr\u00e5n m\u00e4ngden \u00e4r 888 Poker.<\/p>\n<p><span style=\"background-color: transparent;\"><strong>888 Poker<\/strong> \u00e4r ett v\u00e4lk\u00e4nt namn bland europeiska pokersajter. Och de ger till och med nya spelare en <span style=\"font-size: medium;\"><strong>gratis spelkassa p\u00e5 \u20ac20 \u2013 en helt riskfri start p\u00e5 poker med riktiga pengar<\/strong><\/span>! Dessutom har du r\u00e4tt till ytterligare \u20ac300 i bonus p\u00e5 en efterf\u00f6ljande ins\u00e4ttning. <\/span><a class=\"thirstylink\" title=\"888 poker sv\" href=\"https:\/\/gambling6.com\/go\/888-poker-sv\/\" target=\"_blank\" rel=\"nofollow noopener\"><strong>Klicka h\u00e4r f\u00f6r att registrera dig hos 888 och b\u00f6rja spela med 20 \u20ac i riktiga pengar gratis.<\/strong><\/a><br \/>\n<a href=\"https:\/\/ic.aff-handler.com\/C\/46138?sr=1073333&amp;anid=\" rel=\"nofollow\"><img loading=\"lazy\" decoding=\"async\" class=\"aligncenter\" src=\"https:\/\/ic.aff-handler.com\/I\/46138?sr=1073333&amp;anid=\" width=\"530\" height=\"68\" \/><\/a><\/p>\n<p>Till exempel till\u00e5ter Storbritannien sina medborgare att spela online och till\u00e5ter \u00e4ven utl\u00e4ndska spelsajter att verka i landet. Nederl\u00e4nderna till\u00e5ter endast inv\u00e5nare att spela p\u00e5 onlinepokersajter som har en nederl\u00e4ndsk licens. \u00d6steuropeiska l\u00e4nder, \u00e5 andra sidan, var inte med i kappl\u00f6pningen om onlinespel, men p\u00e5 senare tid, med enkel internet\u00e5tkomst, har \u00e4ven de anslutit sig till kampen. Nyligen lades ett f\u00f6rslag fram till EU som kr\u00e4vde ett enhetligt regleringssystem f\u00f6r onlinespel i alla medlemsstater. Detta skulle bidra till att standardisera licensieringsprocessen i hela Europa och f\u00f6renkla den.<\/p>\n<p>N\u00e4r det g\u00e4ller spelare p\u00e5 europeiska pokersajter g\u00e4ller endast skattelagar f\u00f6r dem. Spelare beskattas av sina respektive l\u00e4nder och EU n\u00e4r de s\u00e4tter in pengar p\u00e5 en onlinepokersajt baserad utomlands. Olika l\u00e4nder i Europa talar andra spr\u00e5k. Europeiska pokersajter tillgodoser i allm\u00e4nhet sina kunder p\u00e5 det lokala spr\u00e5ket. Men n\u00e5gra av de stora pokersajterna erbjuder idag sina webbplatser p\u00e5 olika spr\u00e5k, eftersom deras pokerprogramvara st\u00f6der flera spr\u00e5k.<\/p>\n<p>Kundsupport finns ocks\u00e5 p\u00e5 olika spr\u00e5k. F\u00f6rutom engelska kan pokersajten erbjuda franska, spanska, tyska, nederl\u00e4ndska, danska, italienska, norska, portugisiska etc. Precis som med spr\u00e5k accepterar europeiska pokersajter olika valutor. \u00c4ven om de prim\u00e4ra valutorna \u00e4r amerikanska dollar eller brittiska pund, \u00e4r euron den gemensamma valutan i EU. Pokerspelare fr\u00e5n Europa f\u00f6redrar att anv\u00e4nda euro eller brittiska pund n\u00e4r de g\u00f6r ins\u00e4ttningar p\u00e5 en onlinepokersajt.<\/p>\n<p>Europeiska pokersajter erbjuder i allm\u00e4nhet flera ins\u00e4ttnings- och uttagsalternativ som passar kunder fr\u00e5n olika l\u00e4nder i Europeiska unionen. Standardbetalningsmetoder p\u00e5 onlinepokersajter inkluderar betalkort, kreditkort, e-pl\u00e5nb\u00f6cker, bank\u00f6verf\u00f6ringar och e-checkar. Den enklaste och mest popul\u00e4ra metoden att s\u00e4tta in pengar p\u00e5 ett onlinepokerkonto \u00e4r med kreditkort. Vissa kreditkortsutgivare kanske dock inte godk\u00e4nner transaktioner f\u00f6r onlinespel, s\u00e5 det \u00e4r b\u00e4st att kontrollera innan du v\u00e4ljer den h\u00e4r metoden.<\/p>\n<p>M\u00e5nga pokerspelare tycker att det \u00e4r bekv\u00e4mt att s\u00e4tta in pengar p\u00e5 sina onlinepokerkonton med hj\u00e4lp av e-pl\u00e5nb\u00f6cker. Spelare kan \u00f6ppna ett konto hos n\u00e5gon av e-pl\u00e5nbokstj\u00e4nsterna och s\u00e4tta in pengar p\u00e5 kontot via sin bank. E-wallen<\/p>\n","protected":false},"excerpt":{"rendered":"<p>Europeiska sajter har ocks\u00e5 poker. Under de senaste \u00e5ren har pokerns popularitet n\u00e5tt nya h\u00f6jder. De europeiska l\u00e4nderna \u00e4r en betydande marknad f\u00f6r pokersajter online, och den amerikanska regeringens \u00e5tstramning av onlinespel har tvingat operat\u00f6rer att fokusera p\u00e5 den europeiska marknaden i stor utstr\u00e4ckning. \u00c4ven om livepoker \u00e4r en passion bland europ\u00e9er, kommer onlinepoker snabbt [&hellip;]<\/p>\n","protected":false},"author":1,"featured_media":0,"parent":8746,"menu_order":22,"comment_status":"closed","ping_status":"closed","template":"","meta":{"footnotes":""},"class_list":["post-8659","page","type-page","status-publish","hentry"],"yoast_head":"<!-- This site is optimized with the Yoast SEO plugin v27.4 - https:\/\/yoast.com\/product\/yoast-seo-wordpress\/ -->\n<title>B\u00e4sta europeiska pokersajter<\/title>\n<meta name=\"description\" content=\"Europeiska pokerspelare har m\u00e5nga sajter att v\u00e4lja mellan \u2013 h\u00e4r \u00e4r v\u00e5ra favoritpokerrum i EU\" \/>\n<meta name=\"robots\" content=\"index, follow, max-snippet:-1, max-image-preview:large, max-video-preview:-1\" \/>\n<link rel=\"canonical\" href=\"https:\/\/gambling6.com\/sv\/poker\/spela-pa-europeiska-pokersajter\/\" \/>\n<meta property=\"og:locale\" content=\"sv_SE\" \/>\n<meta property=\"og:type\" content=\"article\" \/>\n<meta property=\"og:title\" content=\"B\u00e4sta europeiska pokersajter\" \/>\n<meta property=\"og:description\" content=\"Europeiska pokerspelare har m\u00e5nga sajter att v\u00e4lja mellan \u2013 h\u00e4r \u00e4r v\u00e5ra favoritpokerrum i EU\" \/>\n<meta property=\"og:url\" content=\"https:\/\/gambling6.com\/sv\/poker\/spela-pa-europeiska-pokersajter\/\" \/>\n<meta property=\"og:site_name\" content=\"Gambling6\" \/>\n<meta property=\"article:modified_time\" content=\"2025-11-12T11:40:03+00:00\" \/>\n<meta property=\"og:image\" content=\"https:\/\/gambling6.com\/wp-content\/uploads\/2022\/04\/poker_bonusode_test_bericht.png\" \/>\n\t<meta property=\"og:image:width\" content=\"246\" \/>\n\t<meta property=\"og:image:height\" content=\"200\" \/>\n\t<meta property=\"og:image:type\" content=\"image\/png\" \/>\n<meta name=\"twitter:card\" content=\"summary_large_image\" \/>\n<meta name=\"twitter:label1\" content=\"Ber\u00e4knad l\u00e4stid\" \/>\n\t<meta name=\"twitter:data1\" content=\"7 minuter\" \/>\n<script type=\"application\/ld+json\" class=\"yoast-schema-graph\">{\"@context\":\"https:\\\/\\\/schema.org\",\"@graph\":[{\"@type\":\"WebPage\",\"@id\":\"https:\\\/\\\/gambling6.com\\\/sv\\\/poker\\\/spela-pa-europeiska-pokersajter\\\/\",\"url\":\"https:\\\/\\\/gambling6.com\\\/sv\\\/poker\\\/spela-pa-europeiska-pokersajter\\\/\",\"name\":\"B\u00e4sta europeiska pokersajter\",\"isPartOf\":{\"@id\":\"https:\\\/\\\/gambling6.com\\\/sv\\\/#website\"},\"primaryImageOfPage\":{\"@id\":\"https:\\\/\\\/gambling6.com\\\/sv\\\/poker\\\/spela-pa-europeiska-pokersajter\\\/#primaryimage\"},\"image\":{\"@id\":\"https:\\\/\\\/gambling6.com\\\/sv\\\/poker\\\/spela-pa-europeiska-pokersajter\\\/#primaryimage\"},\"thumbnailUrl\":\"https:\\\/\\\/gambling6.com\\\/wp-content\\\/uploads\\\/2022\\\/04\\\/poker_bonusode_test_bericht.png\",\"datePublished\":\"2025-11-07T22:28:33+00:00\",\"dateModified\":\"2025-11-12T11:40:03+00:00\",\"description\":\"Europeiska pokerspelare har m\u00e5nga sajter att v\u00e4lja mellan \u2013 h\u00e4r \u00e4r v\u00e5ra favoritpokerrum i EU\",\"breadcrumb\":{\"@id\":\"https:\\\/\\\/gambling6.com\\\/sv\\\/poker\\\/spela-pa-europeiska-pokersajter\\\/#breadcrumb\"},\"inLanguage\":\"sv-SE\",\"potentialAction\":[{\"@type\":\"ReadAction\",\"target\":[\"https:\\\/\\\/gambling6.com\\\/sv\\\/poker\\\/spela-pa-europeiska-pokersajter\\\/\"]}]},{\"@type\":\"ImageObject\",\"inLanguage\":\"sv-SE\",\"@id\":\"https:\\\/\\\/gambling6.com\\\/sv\\\/poker\\\/spela-pa-europeiska-pokersajter\\\/#primaryimage\",\"url\":\"https:\\\/\\\/gambling6.com\\\/wp-content\\\/uploads\\\/2022\\\/04\\\/poker_bonusode_test_bericht.png\",\"contentUrl\":\"https:\\\/\\\/gambling6.com\\\/wp-content\\\/uploads\\\/2022\\\/04\\\/poker_bonusode_test_bericht.png\"},{\"@type\":\"BreadcrumbList\",\"@id\":\"https:\\\/\\\/gambling6.com\\\/sv\\\/poker\\\/spela-pa-europeiska-pokersajter\\\/#breadcrumb\",\"itemListElement\":[{\"@type\":\"ListItem\",\"position\":1,\"name\":\"Home\",\"item\":\"https:\\\/\\\/gambling6.com\\\/sv\\\/home\\\/\"},{\"@type\":\"ListItem\",\"position\":2,\"name\":\"Poker\",\"item\":\"https:\\\/\\\/gambling6.com\\\/sv\\\/poker\\\/\"},{\"@type\":\"ListItem\",\"position\":3,\"name\":\"Spela p\u00e5 europeiska pokersajter\"}]},{\"@type\":\"WebSite\",\"@id\":\"https:\\\/\\\/gambling6.com\\\/sv\\\/#website\",\"url\":\"https:\\\/\\\/gambling6.com\\\/sv\\\/\",\"name\":\"Gambling6\",\"description\":\"\",\"potentialAction\":[{\"@type\":\"SearchAction\",\"target\":{\"@type\":\"EntryPoint\",\"urlTemplate\":\"https:\\\/\\\/gambling6.com\\\/sv\\\/?s={search_term_string}\"},\"query-input\":{\"@type\":\"PropertyValueSpecification\",\"valueRequired\":true,\"valueName\":\"search_term_string\"}}],\"inLanguage\":\"sv-SE\"}]}<\/script>\n<!-- \/ Yoast SEO plugin. -->","yoast_head_json":{"title":"B\u00e4sta europeiska pokersajter","description":"Europeiska pokerspelare har m\u00e5nga sajter att v\u00e4lja mellan \u2013 h\u00e4r \u00e4r v\u00e5ra favoritpokerrum i EU","robots":{"index":"index","follow":"follow","max-snippet":"max-snippet:-1","max-image-preview":"max-image-preview:large","max-video-preview":"max-video-preview:-1"},"canonical":"https:\/\/gambling6.com\/sv\/poker\/spela-pa-europeiska-pokersajter\/","og_locale":"sv_SE","og_type":"article","og_title":"B\u00e4sta europeiska pokersajter","og_description":"Europeiska pokerspelare har m\u00e5nga sajter att v\u00e4lja mellan \u2013 h\u00e4r \u00e4r v\u00e5ra favoritpokerrum i EU","og_url":"https:\/\/gambling6.com\/sv\/poker\/spela-pa-europeiska-pokersajter\/","og_site_name":"Gambling6","article_modified_time":"2025-11-12T11:40:03+00:00","og_image":[{"width":246,"height":200,"url":"https:\/\/gambling6.com\/wp-content\/uploads\/2022\/04\/poker_bonusode_test_bericht.png","type":"image\/png"}],"twitter_card":"summary_large_image","twitter_misc":{"Ber\u00e4knad l\u00e4stid":"7 minuter"},"schema":{"@context":"https:\/\/schema.org","@graph":[{"@type":"WebPage","@id":"https:\/\/gambling6.com\/sv\/poker\/spela-pa-europeiska-pokersajter\/","url":"https:\/\/gambling6.com\/sv\/poker\/spela-pa-europeiska-pokersajter\/","name":"B\u00e4sta europeiska pokersajter","isPartOf":{"@id":"https:\/\/gambling6.com\/sv\/#website"},"primaryImageOfPage":{"@id":"https:\/\/gambling6.com\/sv\/poker\/spela-pa-europeiska-pokersajter\/#primaryimage"},"image":{"@id":"https:\/\/gambling6.com\/sv\/poker\/spela-pa-europeiska-pokersajter\/#primaryimage"},"thumbnailUrl":"https:\/\/gambling6.com\/wp-content\/uploads\/2022\/04\/poker_bonusode_test_bericht.png","datePublished":"2025-11-07T22:28:33+00:00","dateModified":"2025-11-12T11:40:03+00:00","description":"Europeiska pokerspelare har m\u00e5nga sajter att v\u00e4lja mellan \u2013 h\u00e4r \u00e4r v\u00e5ra favoritpokerrum i EU","breadcrumb":{"@id":"https:\/\/gambling6.com\/sv\/poker\/spela-pa-europeiska-pokersajter\/#breadcrumb"},"inLanguage":"sv-SE","potentialAction":[{"@type":"ReadAction","target":["https:\/\/gambling6.com\/sv\/poker\/spela-pa-europeiska-pokersajter\/"]}]},{"@type":"ImageObject","inLanguage":"sv-SE","@id":"https:\/\/gambling6.com\/sv\/poker\/spela-pa-europeiska-pokersajter\/#primaryimage","url":"https:\/\/gambling6.com\/wp-content\/uploads\/2022\/04\/poker_bonusode_test_bericht.png","contentUrl":"https:\/\/gambling6.com\/wp-content\/uploads\/2022\/04\/poker_bonusode_test_bericht.png"},{"@type":"BreadcrumbList","@id":"https:\/\/gambling6.com\/sv\/poker\/spela-pa-europeiska-pokersajter\/#breadcrumb","itemListElement":[{"@type":"ListItem","position":1,"name":"Home","item":"https:\/\/gambling6.com\/sv\/home\/"},{"@type":"ListItem","position":2,"name":"Poker","item":"https:\/\/gambling6.com\/sv\/poker\/"},{"@type":"ListItem","position":3,"name":"Spela p\u00e5 europeiska pokersajter"}]},{"@type":"WebSite","@id":"https:\/\/gambling6.com\/sv\/#website","url":"https:\/\/gambling6.com\/sv\/","name":"Gambling6","description":"","potentialAction":[{"@type":"SearchAction","target":{"@type":"EntryPoint","urlTemplate":"https:\/\/gambling6.com\/sv\/?s={search_term_string}"},"query-input":{"@type":"PropertyValueSpecification","valueRequired":true,"valueName":"search_term_string"}}],"inLanguage":"sv-SE"}]}},"_links":{"self":[{"href":"https:\/\/gambling6.com\/sv\/wp-json\/wp\/v2\/pages\/8659","targetHints":{"allow":["GET"]}}],"collection":[{"href":"https:\/\/gambling6.com\/sv\/wp-json\/wp\/v2\/pages"}],"about":[{"href":"https:\/\/gambling6.com\/sv\/wp-json\/wp\/v2\/types\/page"}],"author":[{"embeddable":true,"href":"https:\/\/gambling6.com\/sv\/wp-json\/wp\/v2\/users\/1"}],"replies":[{"embeddable":true,"href":"https:\/\/gambling6.com\/sv\/wp-json\/wp\/v2\/comments?post=8659"}],"version-history":[{"count":2,"href":"https:\/\/gambling6.com\/sv\/wp-json\/wp\/v2\/pages\/8659\/revisions"}],"predecessor-version":[{"id":10587,"href":"https:\/\/gambling6.com\/sv\/wp-json\/wp\/v2\/pages\/8659\/revisions\/10587"}],"up":[{"embeddable":true,"href":"https:\/\/gambling6.com\/sv\/wp-json\/wp\/v2\/pages\/8746"}],"wp:attachment":[{"href":"https:\/\/gambling6.com\/sv\/wp-json\/wp\/v2\/media?parent=8659"}],"curies":[{"name":"wp","href":"https:\/\/api.w.org\/{rel}","templated":true}]}}