{"id":8729,"date":"2025-11-07T23:22:30","date_gmt":"2025-11-07T23:22:30","guid":{"rendered":"https:\/\/gambling6.com\/skraplotter\/"},"modified":"2025-11-07T23:22:30","modified_gmt":"2025-11-07T23:22:30","slug":"skraplotter","status":"publish","type":"page","link":"https:\/\/gambling6.com\/sv\/skraplotter\/","title":{"rendered":"Skraplotter"},"content":{"rendered":"<p>Om du gillar sp\u00e4nningen med att spela skraplotter eller andra spel med direktvinster, <strong>kommer du att \u00e4lska v\u00e5r webbplatsrekommendation f\u00f6r att spela skraplotter online.<\/strong> Det finns m\u00e5nga alternativ f\u00f6r att spela skraplotter p\u00e5 internet. Alla dessa webbplatser erbjuder registreringsbonusar och ett bra urval av produkter. Du kan registrera dig, v\u00e4lja en betalningsmetod, fylla p\u00e5 ditt konto och b\u00f6rja spela p\u00e5 n\u00e5gra minuter.<img loading=\"lazy\" decoding=\"async\" class=\"alignright wp-image-511\" style=\"margin: 10px; border: 5px solid #ffffff; float: right;\" src=\"http:\/\/gambling6.com\/wp-content\/uploads\/2013\/12\/best_online_scratchcards.jpg\" alt=\"b\u00e4sta skraplotter online\" width=\"299\" height=\"163\" srcset=\"https:\/\/gambling6.com\/wp-content\/uploads\/2013\/12\/best_online_scratchcards.jpg 446w, https:\/\/gambling6.com\/wp-content\/uploads\/2013\/12\/best_online_scratchcards-300x163.jpg 300w\" sizes=\"auto, (max-width: 299px) 100vw, 299px\" \/><\/p>\n<h2>Skraplotter online erbjuder fantastisk animation<\/h2>\n<p>Till skillnad fr\u00e5n spelen du spelar p\u00e5 kort fr\u00e5n din favoritlotteri\u00e5terf\u00f6rs\u00e4ljare, erbjuder onlineversionerna av skraplotter sp\u00e4nnande animation f\u00f6r att skapa en rolig milj\u00f6. Sp\u00e4nningen i att vinna och adrenalinkicken man f\u00e5r av att se de vinnande f\u00f6rem\u00e5len dyka upp p\u00e5 sk\u00e4rmen \u00e4r det som f\u00e5r spelarna att komma tillbaka till skraplotterwebbplatser online. Dessa webbplatser har lagt till visuella hj\u00e4lpmedel f\u00f6r att \u00f6ka sp\u00e4nningen och upphetsningen.<\/p>\n<h2>888 Casino Instant Win-skraplotter \u00e4r utformade f\u00f6r europeiska och brittiska spelare<\/h2>\n<p>888 Casino \u00e4r v\u00e4lk\u00e4nt internationellt som ett casino i v\u00e4rldsklass, men det \u00e4r ocks\u00e5 en kraft att r\u00e4kna med inom online-skraplotter. <a class=\"thirstylink\" title=\"888 casino sv\" href=\"https:\/\/gambling6.com\/go\/888-casino-sv\/\" target=\"_blank\" rel=\"nofollow noopener\">Du kan bes\u00f6ka skraplotteravsnittet genom att klicka h\u00e4r.<\/a><\/p>\n<p>Exakt vad kommer du att se p\u00e5 888 Casinos online-skraplotter? Viktigast av allt, spelarna kommer att \u00e4lska antalet brickor som erbjuds. Du kan spela \u00f6ver 40 olika spel, och om du tr\u00f6ttnar p\u00e5 att spela skraplotter kan du snabbt byta till deras hundratals online-spelautomater med progressiva jackpottar och ett spelutbud f\u00f6r alla spelare. M\u00e5nga av dessa maskiner b\u00f6rjar som penny slots med fantastiska utbetalningar.<\/p>\n<p>Denna webbplats erbjuder ett brett utbud av kasinospel, men \u00e4ven poker och sportspel.<\/p>\n<p>Sp\u00e4nningen p\u00e5 888 Casino drivs av supportteamet, som ansvarar f\u00f6r att skapa en milj\u00f6 som f\u00e5r dig att komma tillbaka. De dr\u00f6mmer alltid upp nya s\u00e4tt att ge dig nya spel och nya s\u00e4tt att vinna och h\u00e5lla dig uppdaterad i varje steg l\u00e4ngs v\u00e4gen.<\/p>\n<p>Kombinera enorma jackpottar med massor av speltitlar och kasta in ett team i v\u00e4rldsklass som arbetar natt och dag f\u00f6r att ge dig nya program f\u00f6r att h\u00e5lla dig underh\u00e5llen, och du har en h\u00e4rlig blandning av skraplottslycka. Se till att du deltar i skraplottsactionen p\u00e5 888 Casino.<\/p>\n","protected":false},"excerpt":{"rendered":"<p>Om du gillar sp\u00e4nningen med att spela skraplotter eller andra spel med direktvinster, kommer du att \u00e4lska v\u00e5r webbplatsrekommendation f\u00f6r att spela skraplotter online. Det finns m\u00e5nga alternativ f\u00f6r att spela skraplotter p\u00e5 internet. Alla dessa webbplatser erbjuder registreringsbonusar och ett bra urval av produkter. Du kan registrera dig, v\u00e4lja en betalningsmetod, fylla p\u00e5 ditt [&hellip;]<\/p>\n","protected":false},"author":1,"featured_media":8695,"parent":0,"menu_order":7,"comment_status":"closed","ping_status":"closed","template":"","meta":{"footnotes":""},"class_list":["post-8729","page","type-page","status-publish","has-post-thumbnail","hentry"],"yoast_head":"<!-- This site is optimized with the Yoast SEO plugin v27.6 - https:\/\/yoast.com\/product\/yoast-seo-wordpress\/ -->\n<title>Vilka \u00e4r de b\u00e4sta skraplotterwebbplatserna online?<\/title>\n<meta name=\"description\" content=\"B\u00f6rja spela p\u00e5 den b\u00e4sta webbplatsen f\u00f6r skraplotter online. Dussintals skraplotter tillg\u00e4ngliga i ett brett prisspann.\" \/>\n<meta name=\"robots\" content=\"index, follow, max-snippet:-1, max-image-preview:large, max-video-preview:-1\" \/>\n<link rel=\"canonical\" href=\"https:\/\/gambling6.com\/sv\/skraplotter\/\" \/>\n<meta property=\"og:locale\" content=\"sv_SE\" \/>\n<meta property=\"og:type\" content=\"article\" \/>\n<meta property=\"og:title\" content=\"Vilka \u00e4r de b\u00e4sta skraplotterwebbplatserna online?\" \/>\n<meta property=\"og:description\" content=\"B\u00f6rja spela p\u00e5 den b\u00e4sta webbplatsen f\u00f6r skraplotter online. Dussintals skraplotter tillg\u00e4ngliga i ett brett prisspann.\" \/>\n<meta property=\"og:url\" content=\"https:\/\/gambling6.com\/sv\/skraplotter\/\" \/>\n<meta property=\"og:site_name\" content=\"Gambling6\" \/>\n<meta property=\"og:image\" content=\"https:\/\/gambling6.com\/wp-content\/uploads\/2013\/12\/best_online_scratchcards.jpg\" \/>\n\t<meta property=\"og:image:width\" content=\"446\" \/>\n\t<meta property=\"og:image:height\" content=\"243\" \/>\n\t<meta property=\"og:image:type\" content=\"image\/jpeg\" \/>\n<meta name=\"twitter:card\" content=\"summary_large_image\" \/>\n<meta name=\"twitter:label1\" content=\"Ber\u00e4knad l\u00e4stid\" \/>\n\t<meta name=\"twitter:data1\" content=\"2 minuter\" \/>\n<script type=\"application\/ld+json\" class=\"yoast-schema-graph\">{\"@context\":\"https:\\\/\\\/schema.org\",\"@graph\":[{\"@type\":\"WebPage\",\"@id\":\"https:\\\/\\\/gambling6.com\\\/sv\\\/skraplotter\\\/\",\"url\":\"https:\\\/\\\/gambling6.com\\\/sv\\\/skraplotter\\\/\",\"name\":\"Vilka \u00e4r de b\u00e4sta skraplotterwebbplatserna online?\",\"isPartOf\":{\"@id\":\"https:\\\/\\\/gambling6.com\\\/sv\\\/#website\"},\"primaryImageOfPage\":{\"@id\":\"https:\\\/\\\/gambling6.com\\\/sv\\\/skraplotter\\\/#primaryimage\"},\"image\":{\"@id\":\"https:\\\/\\\/gambling6.com\\\/sv\\\/skraplotter\\\/#primaryimage\"},\"thumbnailUrl\":\"https:\\\/\\\/gambling6.com\\\/wp-content\\\/uploads\\\/2013\\\/12\\\/best_online_scratchcards.jpg\",\"datePublished\":\"2025-11-07T23:22:30+00:00\",\"description\":\"B\u00f6rja spela p\u00e5 den b\u00e4sta webbplatsen f\u00f6r skraplotter online. Dussintals skraplotter tillg\u00e4ngliga i ett brett prisspann.\",\"breadcrumb\":{\"@id\":\"https:\\\/\\\/gambling6.com\\\/sv\\\/skraplotter\\\/#breadcrumb\"},\"inLanguage\":\"sv-SE\",\"potentialAction\":[{\"@type\":\"ReadAction\",\"target\":[\"https:\\\/\\\/gambling6.com\\\/sv\\\/skraplotter\\\/\"]}]},{\"@type\":\"ImageObject\",\"inLanguage\":\"sv-SE\",\"@id\":\"https:\\\/\\\/gambling6.com\\\/sv\\\/skraplotter\\\/#primaryimage\",\"url\":\"https:\\\/\\\/gambling6.com\\\/wp-content\\\/uploads\\\/2013\\\/12\\\/best_online_scratchcards.jpg\",\"contentUrl\":\"https:\\\/\\\/gambling6.com\\\/wp-content\\\/uploads\\\/2013\\\/12\\\/best_online_scratchcards.jpg\",\"width\":446,\"height\":243},{\"@type\":\"BreadcrumbList\",\"@id\":\"https:\\\/\\\/gambling6.com\\\/sv\\\/skraplotter\\\/#breadcrumb\",\"itemListElement\":[{\"@type\":\"ListItem\",\"position\":1,\"name\":\"Home\",\"item\":\"https:\\\/\\\/gambling6.com\\\/sv\\\/home\\\/\"},{\"@type\":\"ListItem\",\"position\":2,\"name\":\"Skraplotter\"}]},{\"@type\":\"WebSite\",\"@id\":\"https:\\\/\\\/gambling6.com\\\/sv\\\/#website\",\"url\":\"https:\\\/\\\/gambling6.com\\\/sv\\\/\",\"name\":\"Gambling6\",\"description\":\"\",\"potentialAction\":[{\"@type\":\"SearchAction\",\"target\":{\"@type\":\"EntryPoint\",\"urlTemplate\":\"https:\\\/\\\/gambling6.com\\\/sv\\\/?s={search_term_string}\"},\"query-input\":{\"@type\":\"PropertyValueSpecification\",\"valueRequired\":true,\"valueName\":\"search_term_string\"}}],\"inLanguage\":\"sv-SE\"}]}<\/script>\n<!-- \/ Yoast SEO plugin. -->","yoast_head_json":{"title":"Vilka \u00e4r de b\u00e4sta skraplotterwebbplatserna online?","description":"B\u00f6rja spela p\u00e5 den b\u00e4sta webbplatsen f\u00f6r skraplotter online. Dussintals skraplotter tillg\u00e4ngliga i ett brett prisspann.","robots":{"index":"index","follow":"follow","max-snippet":"max-snippet:-1","max-image-preview":"max-image-preview:large","max-video-preview":"max-video-preview:-1"},"canonical":"https:\/\/gambling6.com\/sv\/skraplotter\/","og_locale":"sv_SE","og_type":"article","og_title":"Vilka \u00e4r de b\u00e4sta skraplotterwebbplatserna online?","og_description":"B\u00f6rja spela p\u00e5 den b\u00e4sta webbplatsen f\u00f6r skraplotter online. Dussintals skraplotter tillg\u00e4ngliga i ett brett prisspann.","og_url":"https:\/\/gambling6.com\/sv\/skraplotter\/","og_site_name":"Gambling6","og_image":[{"width":446,"height":243,"url":"https:\/\/gambling6.com\/wp-content\/uploads\/2013\/12\/best_online_scratchcards.jpg","type":"image\/jpeg"}],"twitter_card":"summary_large_image","twitter_misc":{"Ber\u00e4knad l\u00e4stid":"2 minuter"},"schema":{"@context":"https:\/\/schema.org","@graph":[{"@type":"WebPage","@id":"https:\/\/gambling6.com\/sv\/skraplotter\/","url":"https:\/\/gambling6.com\/sv\/skraplotter\/","name":"Vilka \u00e4r de b\u00e4sta skraplotterwebbplatserna online?","isPartOf":{"@id":"https:\/\/gambling6.com\/sv\/#website"},"primaryImageOfPage":{"@id":"https:\/\/gambling6.com\/sv\/skraplotter\/#primaryimage"},"image":{"@id":"https:\/\/gambling6.com\/sv\/skraplotter\/#primaryimage"},"thumbnailUrl":"https:\/\/gambling6.com\/wp-content\/uploads\/2013\/12\/best_online_scratchcards.jpg","datePublished":"2025-11-07T23:22:30+00:00","description":"B\u00f6rja spela p\u00e5 den b\u00e4sta webbplatsen f\u00f6r skraplotter online. Dussintals skraplotter tillg\u00e4ngliga i ett brett prisspann.","breadcrumb":{"@id":"https:\/\/gambling6.com\/sv\/skraplotter\/#breadcrumb"},"inLanguage":"sv-SE","potentialAction":[{"@type":"ReadAction","target":["https:\/\/gambling6.com\/sv\/skraplotter\/"]}]},{"@type":"ImageObject","inLanguage":"sv-SE","@id":"https:\/\/gambling6.com\/sv\/skraplotter\/#primaryimage","url":"https:\/\/gambling6.com\/wp-content\/uploads\/2013\/12\/best_online_scratchcards.jpg","contentUrl":"https:\/\/gambling6.com\/wp-content\/uploads\/2013\/12\/best_online_scratchcards.jpg","width":446,"height":243},{"@type":"BreadcrumbList","@id":"https:\/\/gambling6.com\/sv\/skraplotter\/#breadcrumb","itemListElement":[{"@type":"ListItem","position":1,"name":"Home","item":"https:\/\/gambling6.com\/sv\/home\/"},{"@type":"ListItem","position":2,"name":"Skraplotter"}]},{"@type":"WebSite","@id":"https:\/\/gambling6.com\/sv\/#website","url":"https:\/\/gambling6.com\/sv\/","name":"Gambling6","description":"","potentialAction":[{"@type":"SearchAction","target":{"@type":"EntryPoint","urlTemplate":"https:\/\/gambling6.com\/sv\/?s={search_term_string}"},"query-input":{"@type":"PropertyValueSpecification","valueRequired":true,"valueName":"search_term_string"}}],"inLanguage":"sv-SE"}]}},"_links":{"self":[{"href":"https:\/\/gambling6.com\/sv\/wp-json\/wp\/v2\/pages\/8729","targetHints":{"allow":["GET"]}}],"collection":[{"href":"https:\/\/gambling6.com\/sv\/wp-json\/wp\/v2\/pages"}],"about":[{"href":"https:\/\/gambling6.com\/sv\/wp-json\/wp\/v2\/types\/page"}],"author":[{"embeddable":true,"href":"https:\/\/gambling6.com\/sv\/wp-json\/wp\/v2\/users\/1"}],"replies":[{"embeddable":true,"href":"https:\/\/gambling6.com\/sv\/wp-json\/wp\/v2\/comments?post=8729"}],"version-history":[{"count":0,"href":"https:\/\/gambling6.com\/sv\/wp-json\/wp\/v2\/pages\/8729\/revisions"}],"wp:featuredmedia":[{"embeddable":true,"href":"https:\/\/gambling6.com\/sv\/wp-json\/wp\/v2\/media\/8695"}],"wp:attachment":[{"href":"https:\/\/gambling6.com\/sv\/wp-json\/wp\/v2\/media?parent=8729"}],"curies":[{"name":"wp","href":"https:\/\/api.w.org\/{rel}","templated":true}]}}