{"id":8746,"date":"2025-11-07T23:38:36","date_gmt":"2025-11-07T23:38:36","guid":{"rendered":"https:\/\/gambling6.com\/poker\/"},"modified":"2025-11-12T11:25:18","modified_gmt":"2025-11-12T11:25:18","slug":"poker","status":"publish","type":"page","link":"https:\/\/gambling6.com\/sv\/poker\/","title":{"rendered":"Poker"},"content":{"rendered":"<h2 style=\"text-align: left;\"><img loading=\"lazy\" decoding=\"async\" class=\" wp-image-3009 alignright\" src=\"https:\/\/gambling6.com\/wp-content\/uploads\/2022\/04\/pokertournament-300x209.jpg\" alt=\"b\u00f6rja spela poker\" width=\"266\" height=\"185\" srcset=\"https:\/\/gambling6.com\/wp-content\/uploads\/2022\/04\/pokertournament-300x209.jpg 300w, https:\/\/gambling6.com\/wp-content\/uploads\/2022\/04\/pokertournament.jpg 415w\" sizes=\"auto, (max-width: 266px) 100vw, 266px\" \/>Kom ig\u00e5ng med onlinepoker<\/h2>\n<p>Om du vill b\u00f6rja spela onlinepoker finns det ett par saker du beh\u00f6ver veta. Poker \u00e4r ett skicklighetsspel. Nu s\u00e4ger vi inte att det inte finns n\u00e5gon tur inblandad &#8211; faktiskt, det finns det &#8211; men sanningen \u00e4r att om du vill tj\u00e4na pengar finns det definitivt en inl\u00e4rningskurva.<\/p>\n<h2>5 gyllene regler n\u00e4r du b\u00f6rjar spela poker online<\/h2>\n<ol>\n<li>V\u00e4lj ditt pokerrum klokt &#8211; l\u00e4s v\u00e5ra recensioner innan du v\u00e4ljer vilken webbplats du ska spela p\u00e5<\/li>\n<li>B\u00f6rja med l\u00e5tsaspengar f\u00f6r att bekanta dig med reglerna och sj\u00e4lva spelet, b\u00f6rja sedan med den l\u00e4gsta niv\u00e5n f\u00f6r riktiga pengar<\/li>\n<li>L\u00e4gg mycket tid p\u00e5 att l\u00e4sa om pokerstrategi. Vet vilka starth\u00e4nder som \u00e4r bra i vilken situation och vet hur du spelar dem i vilken position vid bordet. &#8221;Tight is right&#8221; \u00e4r det b\u00e4sta r\u00e5det f\u00f6r nyb\u00f6rjaren, och din relativa position \u00e4r mycket viktig f\u00f6r dina beslut.<\/li>\n<li>Anv\u00e4nd ett bra bonuserbjudande f\u00f6r din f\u00f6rsta ins\u00e4ttning, eller anv\u00e4nd till och med ett gratis bankroll-erbjudande som det fr\u00e5n 888 Poker. De ger dig 20,00 \u20ac (eller GBP, beroende p\u00e5 var du bor) gratis bara f\u00f6r att du registrerar dig! Och du f\u00e5r fortfarande en ins\u00e4ttningsbonus p\u00e5 100% och upp till 300,00 \u20ac eller GBP n\u00e4r du s\u00e4tter in pengar. <a class=\"thirstylink\" title=\"888 poker en\" href=\"https:\/\/gambling6.com\/go\/888-poker-en\/\" target=\"_blank\" rel=\"nofollow noopener\"><span style=\"text-decoration: underline;\"><strong>Klicka h\u00e4r f\u00f6r att<\/strong><\/span><span style=\"text-decoration: underline;\"><strong>g\u00e5<\/strong><\/span><span style=\"text-decoration: underline;\"><strong>till<\/strong><\/span><span style=\"text-decoration: underline;\"><strong>8<\/strong><\/span><span style=\"text-decoration: underline;\"><strong>88 Poker nu.<\/strong><\/span><\/a><\/li>\n<li>Hantera din bankrulle noggrant. Ha minst 100 g\u00e5nger, helst 200 g\u00e5nger, det l\u00e4gsta insatsbeloppet f\u00f6r den niv\u00e5 du spelar p\u00e5.<\/li>\n<\/ol>\n<p><a href=\"https:\/\/ic.aff-handler.com\/C\/46138?sr=1073333&amp;anid=\" rel=\"nofollow\"><img loading=\"lazy\" decoding=\"async\" class=\"aligncenter\" src=\"https:\/\/ic.aff-handler.com\/I\/46138?sr=1073333&amp;anid=\" width=\"563\" height=\"72\" \/><\/a><\/p>\n<h2>De b\u00e4sta webbplatserna f\u00f6r att spela onlinepoker f\u00f6r nyb\u00f6rjare<\/h2>\n<p>Tja, en webbplats vi redan n\u00e4mnt. Det \u00e4r 888 Poker, d\u00e4r kampanjen med 20 \u20ac gratis bankrulle l\u00e5ter dig spela med riktiga pengar direkt, utan att beh\u00f6va s\u00e4tta in. Och du f\u00e5r senare ytterligare en bonus n\u00e4r du s\u00e4tter in egna pengar, vilket kommer att f\u00f6rdubbla dina pengar. Denna leverant\u00f6r accepterar dock inte spelare fr\u00e5n USA.<\/p>\n<h2>B\u00e4sta webbplatser f\u00f6r amerikanska pokerspelare<\/h2>\n<p>P\u00e5 grund av de juridiska restriktionerna i USA har du inte lika m\u00e5nga valm\u00f6jligheter. De flesta operat\u00f6rer har dragit sig ur den amerikanska marknaden, och en reglerad onlinespelmarknad i USA \u00e4r fortfarande en framtidsfr\u00e5ga \u2013 \u00e5tminstone f\u00f6r de flesta stater.<\/p>\n<p>Med det sagt, f\u00f6r n\u00e4rvarande skulle ditt b\u00e4sta alternativ vara BetOnline Poker. <a class=\"thirstylink\" title=\"Betonline poker sv\" href=\"https:\/\/gambling6.com\/go\/betonline-poker-sv\/\" target=\"_blank\" rel=\"nofollow noopener\">Klicka p\u00e5 den h\u00e4r l\u00e4nken f\u00f6r att bes\u00f6ka deras webbplats<\/a>, d\u00e4r du kan spela poker s\u00e5v\u00e4l som alla typer av kasinospel.<\/p>\n","protected":false},"excerpt":{"rendered":"<p>Kom ig\u00e5ng med onlinepoker Om du vill b\u00f6rja spela onlinepoker finns det ett par saker du beh\u00f6ver veta. Poker \u00e4r ett skicklighetsspel. Nu s\u00e4ger vi inte att det inte finns n\u00e5gon tur inblandad &#8211; faktiskt, det finns det &#8211; men sanningen \u00e4r att om du vill tj\u00e4na pengar finns det definitivt en inl\u00e4rningskurva. 5 gyllene [&hellip;]<\/p>\n","protected":false},"author":1,"featured_media":0,"parent":0,"menu_order":5,"comment_status":"closed","ping_status":"closed","template":"","meta":{"footnotes":""},"class_list":["post-8746","page","type-page","status-publish","hentry"],"yoast_head":"<!-- This site is optimized with the Yoast SEO plugin v27.4 - https:\/\/yoast.com\/product\/yoast-seo-wordpress\/ -->\n<title>B\u00e4sta st\u00e4llena att b\u00f6rja spela poker online?<\/title>\n<meta name=\"description\" content=\"B\u00e4sta st\u00e4llena f\u00f6r onlinepoker, 5 gyllene regler f\u00f6r att komma ig\u00e5ng\" \/>\n<meta name=\"robots\" content=\"index, follow, max-snippet:-1, max-image-preview:large, max-video-preview:-1\" \/>\n<link rel=\"canonical\" href=\"https:\/\/gambling6.com\/sv\/poker\/\" \/>\n<meta property=\"og:locale\" content=\"sv_SE\" \/>\n<meta property=\"og:type\" content=\"article\" \/>\n<meta property=\"og:title\" content=\"B\u00e4sta st\u00e4llena att b\u00f6rja spela poker online?\" \/>\n<meta property=\"og:description\" content=\"B\u00e4sta st\u00e4llena f\u00f6r onlinepoker, 5 gyllene regler f\u00f6r att komma ig\u00e5ng\" \/>\n<meta property=\"og:url\" content=\"https:\/\/gambling6.com\/sv\/poker\/\" \/>\n<meta property=\"og:site_name\" content=\"Gambling6\" \/>\n<meta property=\"article:modified_time\" content=\"2025-11-12T11:25:18+00:00\" \/>\n<meta property=\"og:image\" content=\"https:\/\/gambling6.com\/wp-content\/uploads\/2022\/04\/pokertournament.jpg\" \/>\n\t<meta property=\"og:image:width\" content=\"415\" \/>\n\t<meta property=\"og:image:height\" content=\"289\" \/>\n\t<meta property=\"og:image:type\" content=\"image\/jpeg\" \/>\n<meta name=\"twitter:card\" content=\"summary_large_image\" \/>\n<meta name=\"twitter:label1\" content=\"Ber\u00e4knad l\u00e4stid\" \/>\n\t<meta name=\"twitter:data1\" content=\"2 minuter\" \/>\n<script type=\"application\/ld+json\" class=\"yoast-schema-graph\">{\"@context\":\"https:\\\/\\\/schema.org\",\"@graph\":[{\"@type\":\"WebPage\",\"@id\":\"https:\\\/\\\/gambling6.com\\\/sv\\\/poker\\\/\",\"url\":\"https:\\\/\\\/gambling6.com\\\/sv\\\/poker\\\/\",\"name\":\"B\u00e4sta st\u00e4llena att b\u00f6rja spela poker online?\",\"isPartOf\":{\"@id\":\"https:\\\/\\\/gambling6.com\\\/sv\\\/#website\"},\"primaryImageOfPage\":{\"@id\":\"https:\\\/\\\/gambling6.com\\\/sv\\\/poker\\\/#primaryimage\"},\"image\":{\"@id\":\"https:\\\/\\\/gambling6.com\\\/sv\\\/poker\\\/#primaryimage\"},\"thumbnailUrl\":\"https:\\\/\\\/gambling6.com\\\/wp-content\\\/uploads\\\/2022\\\/04\\\/pokertournament-300x209.jpg\",\"datePublished\":\"2025-11-07T23:38:36+00:00\",\"dateModified\":\"2025-11-12T11:25:18+00:00\",\"description\":\"B\u00e4sta st\u00e4llena f\u00f6r onlinepoker, 5 gyllene regler f\u00f6r att komma ig\u00e5ng\",\"breadcrumb\":{\"@id\":\"https:\\\/\\\/gambling6.com\\\/sv\\\/poker\\\/#breadcrumb\"},\"inLanguage\":\"sv-SE\",\"potentialAction\":[{\"@type\":\"ReadAction\",\"target\":[\"https:\\\/\\\/gambling6.com\\\/sv\\\/poker\\\/\"]}]},{\"@type\":\"ImageObject\",\"inLanguage\":\"sv-SE\",\"@id\":\"https:\\\/\\\/gambling6.com\\\/sv\\\/poker\\\/#primaryimage\",\"url\":\"https:\\\/\\\/gambling6.com\\\/wp-content\\\/uploads\\\/2022\\\/04\\\/pokertournament-300x209.jpg\",\"contentUrl\":\"https:\\\/\\\/gambling6.com\\\/wp-content\\\/uploads\\\/2022\\\/04\\\/pokertournament-300x209.jpg\"},{\"@type\":\"BreadcrumbList\",\"@id\":\"https:\\\/\\\/gambling6.com\\\/sv\\\/poker\\\/#breadcrumb\",\"itemListElement\":[{\"@type\":\"ListItem\",\"position\":1,\"name\":\"Home\",\"item\":\"https:\\\/\\\/gambling6.com\\\/sv\\\/home\\\/\"},{\"@type\":\"ListItem\",\"position\":2,\"name\":\"Poker\"}]},{\"@type\":\"WebSite\",\"@id\":\"https:\\\/\\\/gambling6.com\\\/sv\\\/#website\",\"url\":\"https:\\\/\\\/gambling6.com\\\/sv\\\/\",\"name\":\"Gambling6\",\"description\":\"\",\"potentialAction\":[{\"@type\":\"SearchAction\",\"target\":{\"@type\":\"EntryPoint\",\"urlTemplate\":\"https:\\\/\\\/gambling6.com\\\/sv\\\/?s={search_term_string}\"},\"query-input\":{\"@type\":\"PropertyValueSpecification\",\"valueRequired\":true,\"valueName\":\"search_term_string\"}}],\"inLanguage\":\"sv-SE\"}]}<\/script>\n<!-- \/ Yoast SEO plugin. -->","yoast_head_json":{"title":"B\u00e4sta st\u00e4llena att b\u00f6rja spela poker online?","description":"B\u00e4sta st\u00e4llena f\u00f6r onlinepoker, 5 gyllene regler f\u00f6r att komma ig\u00e5ng","robots":{"index":"index","follow":"follow","max-snippet":"max-snippet:-1","max-image-preview":"max-image-preview:large","max-video-preview":"max-video-preview:-1"},"canonical":"https:\/\/gambling6.com\/sv\/poker\/","og_locale":"sv_SE","og_type":"article","og_title":"B\u00e4sta st\u00e4llena att b\u00f6rja spela poker online?","og_description":"B\u00e4sta st\u00e4llena f\u00f6r onlinepoker, 5 gyllene regler f\u00f6r att komma ig\u00e5ng","og_url":"https:\/\/gambling6.com\/sv\/poker\/","og_site_name":"Gambling6","article_modified_time":"2025-11-12T11:25:18+00:00","og_image":[{"width":415,"height":289,"url":"https:\/\/gambling6.com\/wp-content\/uploads\/2022\/04\/pokertournament.jpg","type":"image\/jpeg"}],"twitter_card":"summary_large_image","twitter_misc":{"Ber\u00e4knad l\u00e4stid":"2 minuter"},"schema":{"@context":"https:\/\/schema.org","@graph":[{"@type":"WebPage","@id":"https:\/\/gambling6.com\/sv\/poker\/","url":"https:\/\/gambling6.com\/sv\/poker\/","name":"B\u00e4sta st\u00e4llena att b\u00f6rja spela poker online?","isPartOf":{"@id":"https:\/\/gambling6.com\/sv\/#website"},"primaryImageOfPage":{"@id":"https:\/\/gambling6.com\/sv\/poker\/#primaryimage"},"image":{"@id":"https:\/\/gambling6.com\/sv\/poker\/#primaryimage"},"thumbnailUrl":"https:\/\/gambling6.com\/wp-content\/uploads\/2022\/04\/pokertournament-300x209.jpg","datePublished":"2025-11-07T23:38:36+00:00","dateModified":"2025-11-12T11:25:18+00:00","description":"B\u00e4sta st\u00e4llena f\u00f6r onlinepoker, 5 gyllene regler f\u00f6r att komma ig\u00e5ng","breadcrumb":{"@id":"https:\/\/gambling6.com\/sv\/poker\/#breadcrumb"},"inLanguage":"sv-SE","potentialAction":[{"@type":"ReadAction","target":["https:\/\/gambling6.com\/sv\/poker\/"]}]},{"@type":"ImageObject","inLanguage":"sv-SE","@id":"https:\/\/gambling6.com\/sv\/poker\/#primaryimage","url":"https:\/\/gambling6.com\/wp-content\/uploads\/2022\/04\/pokertournament-300x209.jpg","contentUrl":"https:\/\/gambling6.com\/wp-content\/uploads\/2022\/04\/pokertournament-300x209.jpg"},{"@type":"BreadcrumbList","@id":"https:\/\/gambling6.com\/sv\/poker\/#breadcrumb","itemListElement":[{"@type":"ListItem","position":1,"name":"Home","item":"https:\/\/gambling6.com\/sv\/home\/"},{"@type":"ListItem","position":2,"name":"Poker"}]},{"@type":"WebSite","@id":"https:\/\/gambling6.com\/sv\/#website","url":"https:\/\/gambling6.com\/sv\/","name":"Gambling6","description":"","potentialAction":[{"@type":"SearchAction","target":{"@type":"EntryPoint","urlTemplate":"https:\/\/gambling6.com\/sv\/?s={search_term_string}"},"query-input":{"@type":"PropertyValueSpecification","valueRequired":true,"valueName":"search_term_string"}}],"inLanguage":"sv-SE"}]}},"_links":{"self":[{"href":"https:\/\/gambling6.com\/sv\/wp-json\/wp\/v2\/pages\/8746","targetHints":{"allow":["GET"]}}],"collection":[{"href":"https:\/\/gambling6.com\/sv\/wp-json\/wp\/v2\/pages"}],"about":[{"href":"https:\/\/gambling6.com\/sv\/wp-json\/wp\/v2\/types\/page"}],"author":[{"embeddable":true,"href":"https:\/\/gambling6.com\/sv\/wp-json\/wp\/v2\/users\/1"}],"replies":[{"embeddable":true,"href":"https:\/\/gambling6.com\/sv\/wp-json\/wp\/v2\/comments?post=8746"}],"version-history":[{"count":1,"href":"https:\/\/gambling6.com\/sv\/wp-json\/wp\/v2\/pages\/8746\/revisions"}],"predecessor-version":[{"id":10576,"href":"https:\/\/gambling6.com\/sv\/wp-json\/wp\/v2\/pages\/8746\/revisions\/10576"}],"wp:attachment":[{"href":"https:\/\/gambling6.com\/sv\/wp-json\/wp\/v2\/media?parent=8746"}],"curies":[{"name":"wp","href":"https:\/\/api.w.org\/{rel}","templated":true}]}}