{"id":8851,"date":"2025-11-08T08:41:31","date_gmt":"2025-11-08T08:41:31","guid":{"rendered":"https:\/\/gambling6.com\/kasino\/att-halla-ditt-onlinespelkonto-sakert\/"},"modified":"2025-11-15T10:01:19","modified_gmt":"2025-11-15T10:01:19","slug":"att-halla-ditt-onlinespelkonto-sakert","status":"publish","type":"page","link":"https:\/\/gambling6.com\/sv\/kasino\/att-halla-ditt-onlinespelkonto-sakert\/","title":{"rendered":"Att h\u00e5lla ditt onlinespelkonto s\u00e4kert"},"content":{"rendered":"<h2>Undvik d\u00e5liga webbplatser och vidta s\u00e4kerhets\u00e5tg\u00e4rder.<\/h2>\n<p>Onlinespelv\u00e4rlden har vuxit avsev\u00e4rt, och \u00e4ven om detta generellt sett \u00e4r bra f\u00f6r spelare, har det ocks\u00e5 n\u00e5gra nackdelar. Den onlines\u00e4kerhet som erbjuds av kasinon \u00e4r utan tvekan det viktigaste elementet n\u00e4r man spelar f\u00f6r riktiga pengar, och anv\u00e4ndare m\u00e5ste garanteras felfria finansiella transaktioner.<\/p>\n<p>Tyv\u00e4rr \u00e4r bedr\u00e4gerier och onlinebedr\u00e4gerier i dagens tekniskt avancerade v\u00e4rld alldeles f\u00f6r vanliga f\u00f6r att man ska kunna anta att de inte kommer att h\u00e4nda dig, och d\u00e4rf\u00f6r inte vidta n\u00e5gra \u00e5tg\u00e4rder f\u00f6r att f\u00f6rhindra dem. Nya onlinekasinon dyker upp n\u00e4stan \u00f6ver en natt och lovar enorma bonusar f\u00f6r att f\u00e5 bollen i rullning och locka ett stort antal kunder.<\/p>\n<p>Att veta om dessa kan litas p\u00e5 \u00e4r mycket viktigt, och det rekommenderas starkt att f\u00f6rst f\u00e5 mer information fr\u00e5n andra webbplatser. Recensioner gjorda av anv\u00e4ndare eller erfarna spelare blir mycket popul\u00e4ra p\u00e5 internet, eftersom fler spelare ser risken att hoppa in i det blinta och f\u00f6rst letar efter lite trygghet.<\/p>\n<h2>Onlinespel i USA<\/h2>\n<p><img loading=\"lazy\" decoding=\"async\" class=\" wp-image-2415 alignright\" src=\"https:\/\/gambling6.com\/wp-content\/uploads\/2022\/04\/1_play_euromillions_online3-300x200.jpg\" alt=\"kasinos\u00e4kerhet\" width=\"263\" height=\"175\" srcset=\"https:\/\/gambling6.com\/wp-content\/uploads\/2022\/04\/1_play_euromillions_online3-300x200.jpg 300w, https:\/\/gambling6.com\/wp-content\/uploads\/2022\/04\/1_play_euromillions_online3.jpg 320w\" sizes=\"auto, (max-width: 263px) 100vw, 263px\" \/>USA \u00e4r en sp\u00e4nnande marknad f\u00f6r onlinespel. Medan onlinekasinon \u00e4r f\u00f6rbjudna i alla utom tv\u00e5 stater, \u00e4r den gr\u00e5a onlinespelindustrin enorm, fr\u00e4mst f\u00f6r att amerikanska spelare vill spela kasinospel online. Det betydande antalet potentiella kunder inneb\u00e4r ocks\u00e5 att det finns mer \u00e4n en handfull amerikanska onlinekasinon, vilket g\u00f6r det mycket enkelt f\u00f6r amerikanska spelare att komma ig\u00e5ng.<\/p>\n<p>Faktum \u00e4r att de ledande webbplatserna till och med accepterar amerikanska kreditkort som betalningsmetod, och allt \u00e4r utformat f\u00f6r att vara s\u00e5 bekv\u00e4mt som m\u00f6jligt f\u00f6r spelare. \u00c4ven om dessa onlinekasinon inte regleras av USA, har de licenser fr\u00e5n utl\u00e4ndska jurisdiktioner som s\u00e4kerst\u00e4ller att de tillhandah\u00e5ller en s\u00e4ker och trygg milj\u00f6. Problemet \u00e4r att, f\u00f6rutom de fantastiska casinona som riktar sig till den amerikanska marknaden, finns det ocks\u00e5 gott om skumma webbplatser som har problem med uttag eller helt enkelt inte erbjuder en r\u00e4ttvis utbetalningsprocent p\u00e5 sina spel.<\/p>\n<p>Det \u00e4r d\u00e4rf\u00f6r det \u00e4r absolut n\u00f6dv\u00e4ndigt att f\u00f6rst l\u00e4sa n\u00e5gra recensioner av webbplatsen du vill g\u00e5 med i och se om den \u00e4r s\u00e5 bra som den verkar. Detta tar inte mer \u00e4n n\u00e5gra minuter och s\u00e4kerst\u00e4ller att din spelupplevelse online blir s\u00e5 bra som m\u00f6jligt. N\u00e4r det g\u00e4ller r\u00e4ttvist spelande anv\u00e4nder de p\u00e5litliga online casinona slumptalsgeneratorer f\u00f6r att se till att varje spel \u00e4r helt baserat p\u00e5 slumpen. Ett online casino kan kombinera traditionella casinobord med f\u00f6rdelarna med onlinespel genom en livevideostr\u00f6m av en dealer.<\/p>\n<p>Som en USA-baserad spelare kan du inte g\u00e5 fel genom att h\u00e5lla dig till den marknadsledande leverant\u00f6ren f\u00f6r online casinoaction, n\u00e4mligen BetOnline. <a class=\"thirstylink\" title=\"Betonline casino en\" href=\"https:\/\/gambling6.com\/go\/betonline-casino-en\/\" target=\"_blank\" rel=\"nofollow noopener\">Klicka h\u00e4r f\u00f6r att bes\u00f6ka deras webbplats.<\/a> Din s\u00e4kerhet \u00e4r i goda h\u00e4nder d\u00e4r, till skillnad fr\u00e5n de flesta andra offshore-casinooperat\u00f6rer som accepterar amerikanska inv\u00e5nare.<\/p>\n<h2>S\u00e4kerhets\u00e5tg\u00e4rder att t\u00e4nka p\u00e5<\/h2>\n<p>Vi b\u00f6r ocks\u00e5 n\u00e4mna att en betydande del av ansvaret ligger hos spelaren, och det finns specifika \u00e5tg\u00e4rder de kan vidta f\u00f6r att f\u00f6rhindra bedr\u00e4gerier och h\u00e5lla sina pengar s\u00e4kra.<\/p>\n<p><strong>1. Ha ett s\u00e4kert l\u00f6senord<\/strong><\/p>\n<p>Fler och fler webbplatser uppmuntrar anv\u00e4ndare att anv\u00e4nda s\u00e4kra, sv\u00e5rgissade l\u00f6senord. Att inkludera siffror och bokst\u00e4ver i b\u00e5de versaler och gemener g\u00f6r ett l\u00f6senord mycket s\u00e4krare, och det rekommenderas ocks\u00e5 att inte anv\u00e4nda samma l\u00f6senord f\u00f6r flera konton.<\/p>\n<p><strong>2. Se till att du har ett bra antivirusprogram<\/strong><\/p>\n<p>De flesta spelare tenderar att gl\u00f6mma vikten av ett bra antivirusprogram. Detta kan omedelbart uppt\u00e4cka eventuella problem n\u00e4r du surfar p\u00e5 internet eller laddar ner n\u00e5got, till exempel appen f\u00f6r ett nytt onlinecasino.<\/p>\n<p><strong>3. Se alltid till att sidan \u00e4r s\u00e4ker<\/strong><\/p>\n<p>N\u00e4r du anger personuppgifter, till exempel kontoinformation, se till att sidan \u00e4r s\u00e4ker. Detta g\u00f6rs genom att kontrollera adressf\u00e4ltet i webbl\u00e4saren f\u00f6r HTTPS och genom att leta efter det st\u00e4ngda l\u00e5set.<\/p>\n","protected":false},"excerpt":{"rendered":"<p>Undvik d\u00e5liga webbplatser och vidta s\u00e4kerhets\u00e5tg\u00e4rder. Onlinespelv\u00e4rlden har vuxit avsev\u00e4rt, och \u00e4ven om detta generellt sett \u00e4r bra f\u00f6r spelare, har det ocks\u00e5 n\u00e5gra nackdelar. Den onlines\u00e4kerhet som erbjuds av kasinon \u00e4r utan tvekan det viktigaste elementet n\u00e4r man spelar f\u00f6r riktiga pengar, och anv\u00e4ndare m\u00e5ste garanteras felfria finansiella transaktioner. Tyv\u00e4rr \u00e4r bedr\u00e4gerier och onlinebedr\u00e4gerier [&hellip;]<\/p>\n","protected":false},"author":1,"featured_media":0,"parent":8334,"menu_order":36,"comment_status":"closed","ping_status":"closed","template":"","meta":{"footnotes":""},"class_list":["post-8851","page","type-page","status-publish","hentry"],"yoast_head":"<!-- This site is optimized with the Yoast SEO plugin v27.5 - https:\/\/yoast.com\/product\/yoast-seo-wordpress\/ -->\n<title>Hur kan jag skydda mitt onlinekasinokonto<\/title>\n<meta name=\"description\" content=\"Anv\u00e4ndbara tips f\u00f6r s\u00e4kerheten vid spel online, s\u00e5 att ditt casinokonto \u00e4r s\u00e4kert\" \/>\n<meta name=\"robots\" content=\"index, follow, max-snippet:-1, max-image-preview:large, max-video-preview:-1\" \/>\n<link rel=\"canonical\" href=\"https:\/\/gambling6.com\/sv\/kasino\/att-halla-ditt-onlinespelkonto-sakert\/\" \/>\n<meta property=\"og:locale\" content=\"sv_SE\" \/>\n<meta property=\"og:type\" content=\"article\" \/>\n<meta property=\"og:title\" content=\"Hur kan jag skydda mitt onlinekasinokonto\" \/>\n<meta property=\"og:description\" content=\"Anv\u00e4ndbara tips f\u00f6r s\u00e4kerheten vid spel online, s\u00e5 att ditt casinokonto \u00e4r s\u00e4kert\" \/>\n<meta property=\"og:url\" content=\"https:\/\/gambling6.com\/sv\/kasino\/att-halla-ditt-onlinespelkonto-sakert\/\" \/>\n<meta property=\"og:site_name\" content=\"Gambling6\" \/>\n<meta property=\"article:modified_time\" content=\"2025-11-15T10:01:19+00:00\" \/>\n<meta property=\"og:image\" content=\"https:\/\/gambling6.com\/wp-content\/uploads\/2022\/04\/1_play_euromillions_online3.jpg\" \/>\n\t<meta property=\"og:image:width\" content=\"320\" \/>\n\t<meta property=\"og:image:height\" content=\"213\" \/>\n\t<meta property=\"og:image:type\" content=\"image\/jpeg\" \/>\n<meta name=\"twitter:card\" content=\"summary_large_image\" \/>\n<meta name=\"twitter:label1\" content=\"Ber\u00e4knad l\u00e4stid\" \/>\n\t<meta name=\"twitter:data1\" content=\"4 minuter\" \/>\n<script type=\"application\/ld+json\" class=\"yoast-schema-graph\">{\"@context\":\"https:\\\/\\\/schema.org\",\"@graph\":[{\"@type\":\"WebPage\",\"@id\":\"https:\\\/\\\/gambling6.com\\\/sv\\\/kasino\\\/att-halla-ditt-onlinespelkonto-sakert\\\/\",\"url\":\"https:\\\/\\\/gambling6.com\\\/sv\\\/kasino\\\/att-halla-ditt-onlinespelkonto-sakert\\\/\",\"name\":\"Hur kan jag skydda mitt onlinekasinokonto\",\"isPartOf\":{\"@id\":\"https:\\\/\\\/gambling6.com\\\/sv\\\/#website\"},\"primaryImageOfPage\":{\"@id\":\"https:\\\/\\\/gambling6.com\\\/sv\\\/kasino\\\/att-halla-ditt-onlinespelkonto-sakert\\\/#primaryimage\"},\"image\":{\"@id\":\"https:\\\/\\\/gambling6.com\\\/sv\\\/kasino\\\/att-halla-ditt-onlinespelkonto-sakert\\\/#primaryimage\"},\"thumbnailUrl\":\"https:\\\/\\\/gambling6.com\\\/wp-content\\\/uploads\\\/2022\\\/04\\\/1_play_euromillions_online3-300x200.jpg\",\"datePublished\":\"2025-11-08T08:41:31+00:00\",\"dateModified\":\"2025-11-15T10:01:19+00:00\",\"description\":\"Anv\u00e4ndbara tips f\u00f6r s\u00e4kerheten vid spel online, s\u00e5 att ditt casinokonto \u00e4r s\u00e4kert\",\"breadcrumb\":{\"@id\":\"https:\\\/\\\/gambling6.com\\\/sv\\\/kasino\\\/att-halla-ditt-onlinespelkonto-sakert\\\/#breadcrumb\"},\"inLanguage\":\"sv-SE\",\"potentialAction\":[{\"@type\":\"ReadAction\",\"target\":[\"https:\\\/\\\/gambling6.com\\\/sv\\\/kasino\\\/att-halla-ditt-onlinespelkonto-sakert\\\/\"]}]},{\"@type\":\"ImageObject\",\"inLanguage\":\"sv-SE\",\"@id\":\"https:\\\/\\\/gambling6.com\\\/sv\\\/kasino\\\/att-halla-ditt-onlinespelkonto-sakert\\\/#primaryimage\",\"url\":\"https:\\\/\\\/gambling6.com\\\/wp-content\\\/uploads\\\/2022\\\/04\\\/1_play_euromillions_online3-300x200.jpg\",\"contentUrl\":\"https:\\\/\\\/gambling6.com\\\/wp-content\\\/uploads\\\/2022\\\/04\\\/1_play_euromillions_online3-300x200.jpg\"},{\"@type\":\"BreadcrumbList\",\"@id\":\"https:\\\/\\\/gambling6.com\\\/sv\\\/kasino\\\/att-halla-ditt-onlinespelkonto-sakert\\\/#breadcrumb\",\"itemListElement\":[{\"@type\":\"ListItem\",\"position\":1,\"name\":\"Home\",\"item\":\"https:\\\/\\\/gambling6.com\\\/sv\\\/home\\\/\"},{\"@type\":\"ListItem\",\"position\":2,\"name\":\"Kasino\",\"item\":\"https:\\\/\\\/gambling6.com\\\/sv\\\/get-started-with-online-gambling\\\/\"},{\"@type\":\"ListItem\",\"position\":3,\"name\":\"Att h\u00e5lla ditt onlinespelkonto s\u00e4kert\"}]},{\"@type\":\"WebSite\",\"@id\":\"https:\\\/\\\/gambling6.com\\\/sv\\\/#website\",\"url\":\"https:\\\/\\\/gambling6.com\\\/sv\\\/\",\"name\":\"Gambling6\",\"description\":\"\",\"potentialAction\":[{\"@type\":\"SearchAction\",\"target\":{\"@type\":\"EntryPoint\",\"urlTemplate\":\"https:\\\/\\\/gambling6.com\\\/sv\\\/?s={search_term_string}\"},\"query-input\":{\"@type\":\"PropertyValueSpecification\",\"valueRequired\":true,\"valueName\":\"search_term_string\"}}],\"inLanguage\":\"sv-SE\"}]}<\/script>\n<!-- \/ Yoast SEO plugin. -->","yoast_head_json":{"title":"Hur kan jag skydda mitt onlinekasinokonto","description":"Anv\u00e4ndbara tips f\u00f6r s\u00e4kerheten vid spel online, s\u00e5 att ditt casinokonto \u00e4r s\u00e4kert","robots":{"index":"index","follow":"follow","max-snippet":"max-snippet:-1","max-image-preview":"max-image-preview:large","max-video-preview":"max-video-preview:-1"},"canonical":"https:\/\/gambling6.com\/sv\/kasino\/att-halla-ditt-onlinespelkonto-sakert\/","og_locale":"sv_SE","og_type":"article","og_title":"Hur kan jag skydda mitt onlinekasinokonto","og_description":"Anv\u00e4ndbara tips f\u00f6r s\u00e4kerheten vid spel online, s\u00e5 att ditt casinokonto \u00e4r s\u00e4kert","og_url":"https:\/\/gambling6.com\/sv\/kasino\/att-halla-ditt-onlinespelkonto-sakert\/","og_site_name":"Gambling6","article_modified_time":"2025-11-15T10:01:19+00:00","og_image":[{"width":320,"height":213,"url":"https:\/\/gambling6.com\/wp-content\/uploads\/2022\/04\/1_play_euromillions_online3.jpg","type":"image\/jpeg"}],"twitter_card":"summary_large_image","twitter_misc":{"Ber\u00e4knad l\u00e4stid":"4 minuter"},"schema":{"@context":"https:\/\/schema.org","@graph":[{"@type":"WebPage","@id":"https:\/\/gambling6.com\/sv\/kasino\/att-halla-ditt-onlinespelkonto-sakert\/","url":"https:\/\/gambling6.com\/sv\/kasino\/att-halla-ditt-onlinespelkonto-sakert\/","name":"Hur kan jag skydda mitt onlinekasinokonto","isPartOf":{"@id":"https:\/\/gambling6.com\/sv\/#website"},"primaryImageOfPage":{"@id":"https:\/\/gambling6.com\/sv\/kasino\/att-halla-ditt-onlinespelkonto-sakert\/#primaryimage"},"image":{"@id":"https:\/\/gambling6.com\/sv\/kasino\/att-halla-ditt-onlinespelkonto-sakert\/#primaryimage"},"thumbnailUrl":"https:\/\/gambling6.com\/wp-content\/uploads\/2022\/04\/1_play_euromillions_online3-300x200.jpg","datePublished":"2025-11-08T08:41:31+00:00","dateModified":"2025-11-15T10:01:19+00:00","description":"Anv\u00e4ndbara tips f\u00f6r s\u00e4kerheten vid spel online, s\u00e5 att ditt casinokonto \u00e4r s\u00e4kert","breadcrumb":{"@id":"https:\/\/gambling6.com\/sv\/kasino\/att-halla-ditt-onlinespelkonto-sakert\/#breadcrumb"},"inLanguage":"sv-SE","potentialAction":[{"@type":"ReadAction","target":["https:\/\/gambling6.com\/sv\/kasino\/att-halla-ditt-onlinespelkonto-sakert\/"]}]},{"@type":"ImageObject","inLanguage":"sv-SE","@id":"https:\/\/gambling6.com\/sv\/kasino\/att-halla-ditt-onlinespelkonto-sakert\/#primaryimage","url":"https:\/\/gambling6.com\/wp-content\/uploads\/2022\/04\/1_play_euromillions_online3-300x200.jpg","contentUrl":"https:\/\/gambling6.com\/wp-content\/uploads\/2022\/04\/1_play_euromillions_online3-300x200.jpg"},{"@type":"BreadcrumbList","@id":"https:\/\/gambling6.com\/sv\/kasino\/att-halla-ditt-onlinespelkonto-sakert\/#breadcrumb","itemListElement":[{"@type":"ListItem","position":1,"name":"Home","item":"https:\/\/gambling6.com\/sv\/home\/"},{"@type":"ListItem","position":2,"name":"Kasino","item":"https:\/\/gambling6.com\/sv\/get-started-with-online-gambling\/"},{"@type":"ListItem","position":3,"name":"Att h\u00e5lla ditt onlinespelkonto s\u00e4kert"}]},{"@type":"WebSite","@id":"https:\/\/gambling6.com\/sv\/#website","url":"https:\/\/gambling6.com\/sv\/","name":"Gambling6","description":"","potentialAction":[{"@type":"SearchAction","target":{"@type":"EntryPoint","urlTemplate":"https:\/\/gambling6.com\/sv\/?s={search_term_string}"},"query-input":{"@type":"PropertyValueSpecification","valueRequired":true,"valueName":"search_term_string"}}],"inLanguage":"sv-SE"}]}},"_links":{"self":[{"href":"https:\/\/gambling6.com\/sv\/wp-json\/wp\/v2\/pages\/8851","targetHints":{"allow":["GET"]}}],"collection":[{"href":"https:\/\/gambling6.com\/sv\/wp-json\/wp\/v2\/pages"}],"about":[{"href":"https:\/\/gambling6.com\/sv\/wp-json\/wp\/v2\/types\/page"}],"author":[{"embeddable":true,"href":"https:\/\/gambling6.com\/sv\/wp-json\/wp\/v2\/users\/1"}],"replies":[{"embeddable":true,"href":"https:\/\/gambling6.com\/sv\/wp-json\/wp\/v2\/comments?post=8851"}],"version-history":[{"count":2,"href":"https:\/\/gambling6.com\/sv\/wp-json\/wp\/v2\/pages\/8851\/revisions"}],"predecessor-version":[{"id":10911,"href":"https:\/\/gambling6.com\/sv\/wp-json\/wp\/v2\/pages\/8851\/revisions\/10911"}],"up":[{"embeddable":true,"href":"https:\/\/gambling6.com\/sv\/wp-json\/wp\/v2\/pages\/8334"}],"wp:attachment":[{"href":"https:\/\/gambling6.com\/sv\/wp-json\/wp\/v2\/media?parent=8851"}],"curies":[{"name":"wp","href":"https:\/\/api.w.org\/{rel}","templated":true}]}}