{"id":8905,"date":"2025-11-08T09:47:43","date_gmt":"2025-11-08T09:47:43","guid":{"rendered":"https:\/\/gambling6.com\/kasino\/blackjackens-ursprung\/"},"modified":"2025-11-15T09:24:55","modified_gmt":"2025-11-15T09:24:55","slug":"blackjackens-ursprung","status":"publish","type":"page","link":"https:\/\/gambling6.com\/sv\/kasino\/blackjackens-ursprung\/","title":{"rendered":"Blackjackens ursprung"},"content":{"rendered":"<h2>N\u00e4r Blackjack spelades f\u00f6rsta g\u00e5ngen<\/h2>\n<p><a href=\"http:\/\/gambling6.com\/wp-content\/uploads\/2013\/12\/history-of-balck-jack.jpg\"><img loading=\"lazy\" decoding=\"async\" class=\"aligncenter size-full wp-image-547 alignright size-full wp-image-183\" style=\"margin: 5px; float: right;\" src=\"http:\/\/gambling6.com\/wp-content\/uploads\/2013\/12\/history-of-balck-jack.jpg\" alt=\"blackjackhistoria\" width=\"243\" height=\"207\" \/><\/a>Spelhistoriker \u00e4r f\u00f6rvirrade \u00f6ver historien och ursprunget till spelet vi k\u00e4nner som Black Jack. \u00c4n idag \u00e4r dess historia ett hett debatt\u00e4mne f\u00f6r m\u00e5nga forskare. Utifr\u00e5n kortspelens historia kan man konstatera att spelkort ursprungligen anv\u00e4ndes i Kina, Indien och Egypten s\u00e5 tidigt som \u00e5r 900 e.Kr. De f\u00f6rsta kortspelen s\u00e4gs ha b\u00f6rjat i Kina.<\/p>\n<p>Men det s\u00e4gs fortfarande att det var fransm\u00e4nnen som verkligen uppfann spelet Blackjack. Fransm\u00e4nnen hade kortspel k\u00e4nda som &#8221;chemin de fer&#8221; och &#8221;franska Ferme&#8221;. Man tror att Blackjack egentligen \u00e4r en utl\u00f6pare av dessa tv\u00e5 franska spel.<\/p>\n<p>N\u00e5gon g\u00e5ng \u00e5r 1700 e.Kr. introducerades ett spel k\u00e4nt som &#8221;vingt-et-un&#8221;, vilket betyder tjugoett, p\u00e5 de franska kasinona p\u00e5 den tiden. P\u00e5 1800-talet migrerade samma spel till USA.<\/p>\n<p>\u00c4ven om &#8221;vingt-et-un&#8221; ser ut att vara ganska likt Blackjack, \u00e4r det \u00e4nd\u00e5 annorlunda p\u00e5 vissa s\u00e4tt. I det h\u00e4r spelet \u00e4r m\u00e5let att n\u00e5 en &#8221;Natural&#8221; med kort vars totala antal \u00e4r tjugoett. Dessutom delades korten ut i omg\u00e5ngar, och insatser placerades f\u00f6r varje omg\u00e5ng. Dessutom hade endast givaren r\u00e4tt att &#8221;dubbla&#8221; och om han eller hon fick en Natural skulle alla andra spelare vara skyldiga att betala honom eller henne trippel.<\/p>\n<p>Ett annat argument fr\u00e5n respektive forskare \u00e4r att det italienska spelet k\u00e4nt som &#8221;Seven and a half&#8221; ocks\u00e5 kan ha bidragit till dagens Blackjack. Spelet spelades med kort numrerade 8, 9 och 10, tillsammans med kl\u00e4dda kort. Medan kl\u00e4dda kort r\u00e4knades som &#8221;halva&#8221;. Dessutom behandlades ruterkungen som ett jokerkort. Man tror att detta var det f\u00f6rsta spelet d\u00e4r konceptet &#8221;bust&#8221; introducerades. Det betyder att om det totala antalet kort var \u00f6ver sju och ett halvt f\u00f6r en spelare, gick han eller hon tv\u00e4rt eller ut ur spelet.<\/p>\n<p>&#8221;One and thretty&#8221;, det ber\u00f6mda spanska spelet, liknade ocks\u00e5 Black Jack. Men i detta var totalen trettioett ist\u00e4llet f\u00f6r tjugoett, tillsammans med det faktum att det spelades med tre kort ist\u00e4llet f\u00f6r tv\u00e5 som i Black Jack.<\/p>\n<p>Inledningsvis, n\u00e4r Blackjack kom in p\u00e5 amerikanska kasinon n\u00e5gon g\u00e5ng 1910, var det inte s\u00e4rskilt popul\u00e4rt. Spelhus introducerade olika incitament och bonusar f\u00f6r att locka folk till spelet. Bonusutbetalningen som ursprungligen erbj\u00f6ds av spelhusen var 10 mot 1. Vissa spelhus lade till lockelsen i det nya spelet och erk\u00e4nde b\u00e5de kl\u00f6verknekt och spaderknekt f\u00f6r en utbetalning p\u00e5 tio mot ett.<\/p>\n<p>En annan m\u00e4rklig sak \u00e4r hur namnet &#8221;Blackjack&#8221; anv\u00e4nds i detta spel. Det s\u00e4gs att spelet kallades Blackjack eftersom spelaren, f\u00f6r att f\u00e5 bonusutbetalningen, var tvungen att ha antingen spaderknekt eller spader ess som sina tv\u00e5 f\u00f6rsta kort.<\/p>\n<p>\u00c4ven om knekt nu inte l\u00e4ngre beh\u00f6ver ha en vinnande hand, och alla kort med ett ess i v\u00e4rdet tio kvalificerar som en vinnande hand, har namnet Blackjack en s\u00e5dan.<\/p>\n","protected":false},"excerpt":{"rendered":"<p>N\u00e4r Blackjack spelades f\u00f6rsta g\u00e5ngen Spelhistoriker \u00e4r f\u00f6rvirrade \u00f6ver historien och ursprunget till spelet vi k\u00e4nner som Black Jack. \u00c4n idag \u00e4r dess historia ett hett debatt\u00e4mne f\u00f6r m\u00e5nga forskare. Utifr\u00e5n kortspelens historia kan man konstatera att spelkort ursprungligen anv\u00e4ndes i Kina, Indien och Egypten s\u00e5 tidigt som \u00e5r 900 e.Kr. De f\u00f6rsta kortspelen s\u00e4gs [&hellip;]<\/p>\n","protected":false},"author":1,"featured_media":8888,"parent":8334,"menu_order":56,"comment_status":"closed","ping_status":"closed","template":"","meta":{"footnotes":""},"class_list":["post-8905","page","type-page","status-publish","has-post-thumbnail","hentry"],"yoast_head":"<!-- This site is optimized with the Yoast SEO plugin v27.4 - https:\/\/yoast.com\/product\/yoast-seo-wordpress\/ -->\n<title>Ursprunget till kortspelet Blackjack<\/title>\n<meta name=\"description\" content=\"L\u00e4s om Black Jacks historia, fr\u00e5n popul\u00e4rt street-spel till kasinon och onlinekasinon\" \/>\n<meta name=\"robots\" content=\"index, follow, max-snippet:-1, max-image-preview:large, max-video-preview:-1\" \/>\n<link rel=\"canonical\" href=\"https:\/\/gambling6.com\/sv\/kasino\/blackjackens-ursprung\/\" \/>\n<meta property=\"og:locale\" content=\"sv_SE\" \/>\n<meta property=\"og:type\" content=\"article\" \/>\n<meta property=\"og:title\" content=\"Ursprunget till kortspelet Blackjack\" \/>\n<meta property=\"og:description\" content=\"L\u00e4s om Black Jacks historia, fr\u00e5n popul\u00e4rt street-spel till kasinon och onlinekasinon\" \/>\n<meta property=\"og:url\" content=\"https:\/\/gambling6.com\/sv\/kasino\/blackjackens-ursprung\/\" \/>\n<meta property=\"og:site_name\" content=\"Gambling6\" \/>\n<meta property=\"article:modified_time\" content=\"2025-11-15T09:24:55+00:00\" \/>\n<meta property=\"og:image\" content=\"https:\/\/gambling6.com\/wp-content\/uploads\/2013\/12\/history-of-balck-jack.jpg\" \/>\n\t<meta property=\"og:image:width\" content=\"243\" \/>\n\t<meta property=\"og:image:height\" content=\"207\" \/>\n\t<meta property=\"og:image:type\" content=\"image\/jpeg\" \/>\n<meta name=\"twitter:card\" content=\"summary_large_image\" \/>\n<meta name=\"twitter:label1\" content=\"Ber\u00e4knad l\u00e4stid\" \/>\n\t<meta name=\"twitter:data1\" content=\"3 minuter\" \/>\n<script type=\"application\/ld+json\" class=\"yoast-schema-graph\">{\"@context\":\"https:\\\/\\\/schema.org\",\"@graph\":[{\"@type\":\"WebPage\",\"@id\":\"https:\\\/\\\/gambling6.com\\\/sv\\\/kasino\\\/blackjackens-ursprung\\\/\",\"url\":\"https:\\\/\\\/gambling6.com\\\/sv\\\/kasino\\\/blackjackens-ursprung\\\/\",\"name\":\"Ursprunget till kortspelet Blackjack\",\"isPartOf\":{\"@id\":\"https:\\\/\\\/gambling6.com\\\/sv\\\/#website\"},\"primaryImageOfPage\":{\"@id\":\"https:\\\/\\\/gambling6.com\\\/sv\\\/kasino\\\/blackjackens-ursprung\\\/#primaryimage\"},\"image\":{\"@id\":\"https:\\\/\\\/gambling6.com\\\/sv\\\/kasino\\\/blackjackens-ursprung\\\/#primaryimage\"},\"thumbnailUrl\":\"https:\\\/\\\/gambling6.com\\\/wp-content\\\/uploads\\\/2013\\\/12\\\/history-of-balck-jack.jpg\",\"datePublished\":\"2025-11-08T09:47:43+00:00\",\"dateModified\":\"2025-11-15T09:24:55+00:00\",\"description\":\"L\u00e4s om Black Jacks historia, fr\u00e5n popul\u00e4rt street-spel till kasinon och onlinekasinon\",\"breadcrumb\":{\"@id\":\"https:\\\/\\\/gambling6.com\\\/sv\\\/kasino\\\/blackjackens-ursprung\\\/#breadcrumb\"},\"inLanguage\":\"sv-SE\",\"potentialAction\":[{\"@type\":\"ReadAction\",\"target\":[\"https:\\\/\\\/gambling6.com\\\/sv\\\/kasino\\\/blackjackens-ursprung\\\/\"]}]},{\"@type\":\"ImageObject\",\"inLanguage\":\"sv-SE\",\"@id\":\"https:\\\/\\\/gambling6.com\\\/sv\\\/kasino\\\/blackjackens-ursprung\\\/#primaryimage\",\"url\":\"https:\\\/\\\/gambling6.com\\\/wp-content\\\/uploads\\\/2013\\\/12\\\/history-of-balck-jack.jpg\",\"contentUrl\":\"https:\\\/\\\/gambling6.com\\\/wp-content\\\/uploads\\\/2013\\\/12\\\/history-of-balck-jack.jpg\",\"width\":243,\"height\":207,\"caption\":\"blackjack\"},{\"@type\":\"BreadcrumbList\",\"@id\":\"https:\\\/\\\/gambling6.com\\\/sv\\\/kasino\\\/blackjackens-ursprung\\\/#breadcrumb\",\"itemListElement\":[{\"@type\":\"ListItem\",\"position\":1,\"name\":\"Home\",\"item\":\"https:\\\/\\\/gambling6.com\\\/sv\\\/home\\\/\"},{\"@type\":\"ListItem\",\"position\":2,\"name\":\"Kasino\",\"item\":\"https:\\\/\\\/gambling6.com\\\/sv\\\/get-started-with-online-gambling\\\/\"},{\"@type\":\"ListItem\",\"position\":3,\"name\":\"Blackjackens ursprung\"}]},{\"@type\":\"WebSite\",\"@id\":\"https:\\\/\\\/gambling6.com\\\/sv\\\/#website\",\"url\":\"https:\\\/\\\/gambling6.com\\\/sv\\\/\",\"name\":\"Gambling6\",\"description\":\"\",\"potentialAction\":[{\"@type\":\"SearchAction\",\"target\":{\"@type\":\"EntryPoint\",\"urlTemplate\":\"https:\\\/\\\/gambling6.com\\\/sv\\\/?s={search_term_string}\"},\"query-input\":{\"@type\":\"PropertyValueSpecification\",\"valueRequired\":true,\"valueName\":\"search_term_string\"}}],\"inLanguage\":\"sv-SE\"}]}<\/script>\n<!-- \/ Yoast SEO plugin. -->","yoast_head_json":{"title":"Ursprunget till kortspelet Blackjack","description":"L\u00e4s om Black Jacks historia, fr\u00e5n popul\u00e4rt street-spel till kasinon och onlinekasinon","robots":{"index":"index","follow":"follow","max-snippet":"max-snippet:-1","max-image-preview":"max-image-preview:large","max-video-preview":"max-video-preview:-1"},"canonical":"https:\/\/gambling6.com\/sv\/kasino\/blackjackens-ursprung\/","og_locale":"sv_SE","og_type":"article","og_title":"Ursprunget till kortspelet Blackjack","og_description":"L\u00e4s om Black Jacks historia, fr\u00e5n popul\u00e4rt street-spel till kasinon och onlinekasinon","og_url":"https:\/\/gambling6.com\/sv\/kasino\/blackjackens-ursprung\/","og_site_name":"Gambling6","article_modified_time":"2025-11-15T09:24:55+00:00","og_image":[{"width":243,"height":207,"url":"https:\/\/gambling6.com\/wp-content\/uploads\/2013\/12\/history-of-balck-jack.jpg","type":"image\/jpeg"}],"twitter_card":"summary_large_image","twitter_misc":{"Ber\u00e4knad l\u00e4stid":"3 minuter"},"schema":{"@context":"https:\/\/schema.org","@graph":[{"@type":"WebPage","@id":"https:\/\/gambling6.com\/sv\/kasino\/blackjackens-ursprung\/","url":"https:\/\/gambling6.com\/sv\/kasino\/blackjackens-ursprung\/","name":"Ursprunget till kortspelet Blackjack","isPartOf":{"@id":"https:\/\/gambling6.com\/sv\/#website"},"primaryImageOfPage":{"@id":"https:\/\/gambling6.com\/sv\/kasino\/blackjackens-ursprung\/#primaryimage"},"image":{"@id":"https:\/\/gambling6.com\/sv\/kasino\/blackjackens-ursprung\/#primaryimage"},"thumbnailUrl":"https:\/\/gambling6.com\/wp-content\/uploads\/2013\/12\/history-of-balck-jack.jpg","datePublished":"2025-11-08T09:47:43+00:00","dateModified":"2025-11-15T09:24:55+00:00","description":"L\u00e4s om Black Jacks historia, fr\u00e5n popul\u00e4rt street-spel till kasinon och onlinekasinon","breadcrumb":{"@id":"https:\/\/gambling6.com\/sv\/kasino\/blackjackens-ursprung\/#breadcrumb"},"inLanguage":"sv-SE","potentialAction":[{"@type":"ReadAction","target":["https:\/\/gambling6.com\/sv\/kasino\/blackjackens-ursprung\/"]}]},{"@type":"ImageObject","inLanguage":"sv-SE","@id":"https:\/\/gambling6.com\/sv\/kasino\/blackjackens-ursprung\/#primaryimage","url":"https:\/\/gambling6.com\/wp-content\/uploads\/2013\/12\/history-of-balck-jack.jpg","contentUrl":"https:\/\/gambling6.com\/wp-content\/uploads\/2013\/12\/history-of-balck-jack.jpg","width":243,"height":207,"caption":"blackjack"},{"@type":"BreadcrumbList","@id":"https:\/\/gambling6.com\/sv\/kasino\/blackjackens-ursprung\/#breadcrumb","itemListElement":[{"@type":"ListItem","position":1,"name":"Home","item":"https:\/\/gambling6.com\/sv\/home\/"},{"@type":"ListItem","position":2,"name":"Kasino","item":"https:\/\/gambling6.com\/sv\/get-started-with-online-gambling\/"},{"@type":"ListItem","position":3,"name":"Blackjackens ursprung"}]},{"@type":"WebSite","@id":"https:\/\/gambling6.com\/sv\/#website","url":"https:\/\/gambling6.com\/sv\/","name":"Gambling6","description":"","potentialAction":[{"@type":"SearchAction","target":{"@type":"EntryPoint","urlTemplate":"https:\/\/gambling6.com\/sv\/?s={search_term_string}"},"query-input":{"@type":"PropertyValueSpecification","valueRequired":true,"valueName":"search_term_string"}}],"inLanguage":"sv-SE"}]}},"_links":{"self":[{"href":"https:\/\/gambling6.com\/sv\/wp-json\/wp\/v2\/pages\/8905","targetHints":{"allow":["GET"]}}],"collection":[{"href":"https:\/\/gambling6.com\/sv\/wp-json\/wp\/v2\/pages"}],"about":[{"href":"https:\/\/gambling6.com\/sv\/wp-json\/wp\/v2\/types\/page"}],"author":[{"embeddable":true,"href":"https:\/\/gambling6.com\/sv\/wp-json\/wp\/v2\/users\/1"}],"replies":[{"embeddable":true,"href":"https:\/\/gambling6.com\/sv\/wp-json\/wp\/v2\/comments?post=8905"}],"version-history":[{"count":1,"href":"https:\/\/gambling6.com\/sv\/wp-json\/wp\/v2\/pages\/8905\/revisions"}],"predecessor-version":[{"id":10874,"href":"https:\/\/gambling6.com\/sv\/wp-json\/wp\/v2\/pages\/8905\/revisions\/10874"}],"up":[{"embeddable":true,"href":"https:\/\/gambling6.com\/sv\/wp-json\/wp\/v2\/pages\/8334"}],"wp:featuredmedia":[{"embeddable":true,"href":"https:\/\/gambling6.com\/sv\/wp-json\/wp\/v2\/media\/8888"}],"wp:attachment":[{"href":"https:\/\/gambling6.com\/sv\/wp-json\/wp\/v2\/media?parent=8905"}],"curies":[{"name":"wp","href":"https:\/\/api.w.org\/{rel}","templated":true}]}}