{"id":8950,"date":"2025-11-08T11:39:00","date_gmt":"2025-11-08T11:39:00","guid":{"rendered":"https:\/\/gambling6.com\/kasino\/allt-du-behover-veta-om-online-slots\/"},"modified":"2025-11-15T09:51:07","modified_gmt":"2025-11-15T09:51:07","slug":"allt-du-behover-veta-om-online-slots","status":"publish","type":"page","link":"https:\/\/gambling6.com\/sv\/kasino\/allt-du-behover-veta-om-online-slots\/","title":{"rendered":"Allt du beh\u00f6ver veta om online slots"},"content":{"rendered":"<h2>Att spela slots &#8211; det popul\u00e4raste onlinekasinospelet<\/h2>\n<p>Onlineslots \u00e4r det popul\u00e4raste valet bland kasinospelare, och det finns m\u00e5nga anledningar till detta. \u00c4ven om spelen ser enkla ut vid f\u00f6rsta anblicken finns det faktiskt en hel del saker du b\u00f6r veta om dem, vilket kan hj\u00e4lpa dig att f\u00f6rb\u00e4ttra dina resultat och skapa en b\u00e4ttre onlinespelupplevelse. F\u00f6r information om olika element g\u00e4llande slots med riktiga pengar, kolla in v\u00e5r webbplats som \u00e4r dedikerad till att l\u00e4ra spelare hur spelet fungerar och vilka strategier de kan anv\u00e4nda.<\/p>\n<h2>Introduktion till onlineslots<\/h2>\n<p><img loading=\"lazy\" decoding=\"async\" class=\" alignright size-full wp-image-370\" style=\"margin: 5px; float: right;\" src=\"http:\/\/gambling6.com\/wp-content\/uploads\/2013\/12\/Slots-150x150.jpg\" alt=\"Spelautomater--150x150\" width=\"150\" height=\"150\" \/>Spelautomater \u00e4r mycket popul\u00e4ra p\u00e5 fysiska kasinon, och de fyller vanligtvis stora rum f\u00f6r att m\u00f6ta den h\u00f6ga efterfr\u00e5gan. Faktum \u00e4r att det under rusningstid \u00e4r h\u00f6gst troligt att du inte kommer att kunna hitta en spelautomat tillg\u00e4nglig p\u00e5 de popul\u00e4ra kasinona. Spelets koncept \u00e4r enkelt: det finns flera symboler p\u00e5 3 eller 5 snurrande hjul. Spelaren m\u00e5ste placera en insats och v\u00e4lja antalet linjer han vill spela.<\/p>\n<p>Han kan sedan snurra hjulen, och om symbolerna stannar i en specifik kombination p\u00e5 varje vald linje, kommer spelet att ge ett pris baserat p\u00e5 oddsen och insatsens storlek. Det \u00e4r denna enkelhet i spelet som gjorde det s\u00e5 popul\u00e4rt fr\u00e5n f\u00f6rsta b\u00f6rjan, i kombination med potentialen att vinna stora priser. Allt eftersom onlinekasinon har blivit alltmer popul\u00e4ra under \u00e5ren har slots beh\u00e5llit sin popularitet i takt med att spelare flyttat online f\u00f6r att enklare f\u00e5 tillg\u00e5ng till sina favoritspel.<\/p>\n<p>Samma regler g\u00e4ller, men onlineslots anv\u00e4nder nu slumptalsgeneratorer f\u00f6r att avg\u00f6ra vilka symboler som visas n\u00e4r hjulen slutar snurra. Oddsen f\u00f6r slots f\u00f6rblir desamma i teorin, men de flesta spelare h\u00e4vdar att onlineslots \u00e4r mycket mer l\u00f6nsamma eftersom de inte justeras p\u00e5 n\u00e5got s\u00e4tt beroende p\u00e5 deras plats p\u00e5 casinogolvet.<\/p>\n<h2>Nya m\u00f6jligheter online<\/h2>\n<p>Onlineslots har verkligen tagit fart de senaste \u00e5ren, och internet har gett mjukvaruutvecklare chansen att ta spelet till n\u00e4sta niv\u00e5. Spelare kan nu v\u00e4lja mellan ett stort antal vinstlinjer. Varje ytterligare linje har samma odds f\u00f6r att tr\u00e4ffa en vinnande kombination, s\u00e5 spelaren har m\u00f6jlighet att betala mer och spela fler linjer i ett snurr. Internet har ocks\u00e5 gett det b\u00e4sta s\u00e4ttet att ut\u00f6ka onlineslots baserat p\u00e5 deras tema och stil. Nya titlar sl\u00e4pps ganska ofta och kan t\u00e4cka olika teman, d\u00e4r m\u00f6jligheterna verkligen begr\u00e4nsas endast av fantasin. Popul\u00e4ra filmer, som The Dark Knight och Gladiator, inspirerar onlineslots.<\/p>\n<p>Bland de b\u00e4sta casinona f\u00f6r casinospel med attraktiva teman och i\u00f6gonfallande design \u00e4r definitivt 888 Casino. <a class=\"thirstylink\" title=\"888 casino en\" href=\"https:\/\/gambling6.com\/go\/888-casino-en\/\" target=\"_blank\" rel=\"nofollow noopener\">Om du vill prova dem, f\u00f6lj den h\u00e4r l\u00e4nken &#8211; du kommer inte bli besviken.<\/a><\/p>\n<h2>Progressiva slots<\/h2>\n<p>Progressiva slots kan ocks\u00e5 hittas p\u00e5 fysiska casinon, men de \u00e4r riktigt popul\u00e4ra online. Tanken \u00e4r att casinot l\u00e4nkar samman flera spelautomater s\u00e5 att varje insats fr\u00e5n dem kan bidra till en standardjackpott som kan vinnas n\u00e4r som helst. N\u00e4r det g\u00e4ller onlinecasinon \u00e4r det mycket enklare att l\u00e4nka dessa spel, vilket g\u00f6r att fler anv\u00e4ndare kan spela samma spel. Detta resulterar i n\u00e5gra mycket popul\u00e4ra progressiva slots som kan ge ut miljontals dollar varannan m\u00e5nad.<\/p>\n<p>Jackpotten v\u00e4xer med varje ytterligare insats som g\u00f6rs av spelare tills n\u00e5gon tr\u00e4ffar den vinnande kombinationen och tar hela beloppet. Till exempel, i en online-slot med pokertema vinns jackpotten genom att tr\u00e4ffa en Royal Flush. Naturligtvis finns det ocks\u00e5 mindre priser som ges f\u00f6r andra kombinationer som dyker upp oftare, s\u00e5 spelarna satsar inte bara p\u00e5 jackpotten. Popul\u00e4ra progressiva slots finns p\u00e5 flera onlinekasinon samtidigt, s\u00e5 l\u00e4nge de anv\u00e4nder samma mjukvaruleverant\u00f6r.<\/p>\n<h2>Strategier f\u00f6r online-slots<\/h2>\n<p>\u00c4ven om slots \u00e4r ett rent turspel, kan n\u00e5gra praktiska tips hj\u00e4lpa till att \u00f6ka dina vinster. Det viktigaste att veta \u00e4r att ett snurr inte \u00e4r beroende av det f\u00f6reg\u00e5ende; varje snurr har samma odds. M\u00e5nga spelare tror att om de spelar tillr\u00e4ckligt l\u00e4nge kommer de s\u00e5 sm\u00e5ningom att vinna det stora priset. Det b\u00e4sta s\u00e4ttet att vinna p\u00e5 online-slots \u00e4r att hantera din bankrulle ordentligt och undvika on\u00f6diga risker tidigt. Det betyder att du b\u00f6r spela f\u00e4rre linjer och undvika spel som erbjuder &#8221;dubbelt eller inget&#8221;-funktioner. F\u00f6r att b\u00e4ttre l\u00e4ra dig hur spelet fungerar kan du f\u00f6rst spela f\u00f6r virtuella pengar.<\/p>\n","protected":false},"excerpt":{"rendered":"<p>Att spela slots &#8211; det popul\u00e4raste onlinekasinospelet Onlineslots \u00e4r det popul\u00e4raste valet bland kasinospelare, och det finns m\u00e5nga anledningar till detta. \u00c4ven om spelen ser enkla ut vid f\u00f6rsta anblicken finns det faktiskt en hel del saker du b\u00f6r veta om dem, vilket kan hj\u00e4lpa dig att f\u00f6rb\u00e4ttra dina resultat och skapa en b\u00e4ttre onlinespelupplevelse. [&hellip;]<\/p>\n","protected":false},"author":1,"featured_media":8932,"parent":8334,"menu_order":42,"comment_status":"closed","ping_status":"closed","template":"","meta":{"footnotes":""},"class_list":["post-8950","page","type-page","status-publish","has-post-thumbnail","hentry"],"yoast_head":"<!-- This site is optimized with the Yoast SEO plugin v27.3 - https:\/\/yoast.com\/product\/yoast-seo-wordpress\/ -->\n<title>Information om hur man spelar slots online<\/title>\n<meta name=\"description\" content=\"L\u00e4r dig hur du spelar slots online och h\u00e4mtar miljontals dollar i progressiva jackpottar med bara ett musklick.\" \/>\n<meta name=\"robots\" content=\"index, follow, max-snippet:-1, max-image-preview:large, max-video-preview:-1\" \/>\n<link rel=\"canonical\" href=\"https:\/\/gambling6.com\/sv\/kasino\/allt-du-behover-veta-om-online-slots\/\" \/>\n<meta property=\"og:locale\" content=\"sv_SE\" \/>\n<meta property=\"og:type\" content=\"article\" \/>\n<meta property=\"og:title\" content=\"Information om hur man spelar slots online\" \/>\n<meta property=\"og:description\" content=\"L\u00e4r dig hur du spelar slots online och h\u00e4mtar miljontals dollar i progressiva jackpottar med bara ett musklick.\" \/>\n<meta property=\"og:url\" content=\"https:\/\/gambling6.com\/sv\/kasino\/allt-du-behover-veta-om-online-slots\/\" \/>\n<meta property=\"og:site_name\" content=\"Gambling6\" \/>\n<meta property=\"article:modified_time\" content=\"2025-11-15T09:51:07+00:00\" \/>\n<meta property=\"og:image\" content=\"https:\/\/gambling6.com\/wp-content\/uploads\/2013\/12\/Slots-150x150.jpg\" \/>\n\t<meta property=\"og:image:width\" content=\"150\" \/>\n\t<meta property=\"og:image:height\" content=\"150\" \/>\n\t<meta property=\"og:image:type\" content=\"image\/jpeg\" \/>\n<meta name=\"twitter:card\" content=\"summary_large_image\" \/>\n<meta name=\"twitter:label1\" content=\"Ber\u00e4knad l\u00e4stid\" \/>\n\t<meta name=\"twitter:data1\" content=\"4 minuter\" \/>\n<script type=\"application\/ld+json\" class=\"yoast-schema-graph\">{\"@context\":\"https:\\\/\\\/schema.org\",\"@graph\":[{\"@type\":\"WebPage\",\"@id\":\"https:\\\/\\\/gambling6.com\\\/sv\\\/kasino\\\/allt-du-behover-veta-om-online-slots\\\/\",\"url\":\"https:\\\/\\\/gambling6.com\\\/sv\\\/kasino\\\/allt-du-behover-veta-om-online-slots\\\/\",\"name\":\"Information om hur man spelar slots online\",\"isPartOf\":{\"@id\":\"https:\\\/\\\/gambling6.com\\\/sv\\\/#website\"},\"primaryImageOfPage\":{\"@id\":\"https:\\\/\\\/gambling6.com\\\/sv\\\/kasino\\\/allt-du-behover-veta-om-online-slots\\\/#primaryimage\"},\"image\":{\"@id\":\"https:\\\/\\\/gambling6.com\\\/sv\\\/kasino\\\/allt-du-behover-veta-om-online-slots\\\/#primaryimage\"},\"thumbnailUrl\":\"https:\\\/\\\/gambling6.com\\\/wp-content\\\/uploads\\\/2013\\\/12\\\/Slots-150x150.jpg\",\"datePublished\":\"2025-11-08T11:39:00+00:00\",\"dateModified\":\"2025-11-15T09:51:07+00:00\",\"description\":\"L\u00e4r dig hur du spelar slots online och h\u00e4mtar miljontals dollar i progressiva jackpottar med bara ett musklick.\",\"breadcrumb\":{\"@id\":\"https:\\\/\\\/gambling6.com\\\/sv\\\/kasino\\\/allt-du-behover-veta-om-online-slots\\\/#breadcrumb\"},\"inLanguage\":\"sv-SE\",\"potentialAction\":[{\"@type\":\"ReadAction\",\"target\":[\"https:\\\/\\\/gambling6.com\\\/sv\\\/kasino\\\/allt-du-behover-veta-om-online-slots\\\/\"]}]},{\"@type\":\"ImageObject\",\"inLanguage\":\"sv-SE\",\"@id\":\"https:\\\/\\\/gambling6.com\\\/sv\\\/kasino\\\/allt-du-behover-veta-om-online-slots\\\/#primaryimage\",\"url\":\"https:\\\/\\\/gambling6.com\\\/wp-content\\\/uploads\\\/2013\\\/12\\\/Slots-150x150.jpg\",\"contentUrl\":\"https:\\\/\\\/gambling6.com\\\/wp-content\\\/uploads\\\/2013\\\/12\\\/Slots-150x150.jpg\",\"width\":150,\"height\":150},{\"@type\":\"BreadcrumbList\",\"@id\":\"https:\\\/\\\/gambling6.com\\\/sv\\\/kasino\\\/allt-du-behover-veta-om-online-slots\\\/#breadcrumb\",\"itemListElement\":[{\"@type\":\"ListItem\",\"position\":1,\"name\":\"Home\",\"item\":\"https:\\\/\\\/gambling6.com\\\/sv\\\/home\\\/\"},{\"@type\":\"ListItem\",\"position\":2,\"name\":\"Kasino\",\"item\":\"https:\\\/\\\/gambling6.com\\\/sv\\\/get-started-with-online-gambling\\\/\"},{\"@type\":\"ListItem\",\"position\":3,\"name\":\"Allt du beh\u00f6ver veta om online slots\"}]},{\"@type\":\"WebSite\",\"@id\":\"https:\\\/\\\/gambling6.com\\\/sv\\\/#website\",\"url\":\"https:\\\/\\\/gambling6.com\\\/sv\\\/\",\"name\":\"Gambling6\",\"description\":\"\",\"potentialAction\":[{\"@type\":\"SearchAction\",\"target\":{\"@type\":\"EntryPoint\",\"urlTemplate\":\"https:\\\/\\\/gambling6.com\\\/sv\\\/?s={search_term_string}\"},\"query-input\":{\"@type\":\"PropertyValueSpecification\",\"valueRequired\":true,\"valueName\":\"search_term_string\"}}],\"inLanguage\":\"sv-SE\"}]}<\/script>\n<!-- \/ Yoast SEO plugin. -->","yoast_head_json":{"title":"Information om hur man spelar slots online","description":"L\u00e4r dig hur du spelar slots online och h\u00e4mtar miljontals dollar i progressiva jackpottar med bara ett musklick.","robots":{"index":"index","follow":"follow","max-snippet":"max-snippet:-1","max-image-preview":"max-image-preview:large","max-video-preview":"max-video-preview:-1"},"canonical":"https:\/\/gambling6.com\/sv\/kasino\/allt-du-behover-veta-om-online-slots\/","og_locale":"sv_SE","og_type":"article","og_title":"Information om hur man spelar slots online","og_description":"L\u00e4r dig hur du spelar slots online och h\u00e4mtar miljontals dollar i progressiva jackpottar med bara ett musklick.","og_url":"https:\/\/gambling6.com\/sv\/kasino\/allt-du-behover-veta-om-online-slots\/","og_site_name":"Gambling6","article_modified_time":"2025-11-15T09:51:07+00:00","og_image":[{"width":150,"height":150,"url":"https:\/\/gambling6.com\/wp-content\/uploads\/2013\/12\/Slots-150x150.jpg","type":"image\/jpeg"}],"twitter_card":"summary_large_image","twitter_misc":{"Ber\u00e4knad l\u00e4stid":"4 minuter"},"schema":{"@context":"https:\/\/schema.org","@graph":[{"@type":"WebPage","@id":"https:\/\/gambling6.com\/sv\/kasino\/allt-du-behover-veta-om-online-slots\/","url":"https:\/\/gambling6.com\/sv\/kasino\/allt-du-behover-veta-om-online-slots\/","name":"Information om hur man spelar slots online","isPartOf":{"@id":"https:\/\/gambling6.com\/sv\/#website"},"primaryImageOfPage":{"@id":"https:\/\/gambling6.com\/sv\/kasino\/allt-du-behover-veta-om-online-slots\/#primaryimage"},"image":{"@id":"https:\/\/gambling6.com\/sv\/kasino\/allt-du-behover-veta-om-online-slots\/#primaryimage"},"thumbnailUrl":"https:\/\/gambling6.com\/wp-content\/uploads\/2013\/12\/Slots-150x150.jpg","datePublished":"2025-11-08T11:39:00+00:00","dateModified":"2025-11-15T09:51:07+00:00","description":"L\u00e4r dig hur du spelar slots online och h\u00e4mtar miljontals dollar i progressiva jackpottar med bara ett musklick.","breadcrumb":{"@id":"https:\/\/gambling6.com\/sv\/kasino\/allt-du-behover-veta-om-online-slots\/#breadcrumb"},"inLanguage":"sv-SE","potentialAction":[{"@type":"ReadAction","target":["https:\/\/gambling6.com\/sv\/kasino\/allt-du-behover-veta-om-online-slots\/"]}]},{"@type":"ImageObject","inLanguage":"sv-SE","@id":"https:\/\/gambling6.com\/sv\/kasino\/allt-du-behover-veta-om-online-slots\/#primaryimage","url":"https:\/\/gambling6.com\/wp-content\/uploads\/2013\/12\/Slots-150x150.jpg","contentUrl":"https:\/\/gambling6.com\/wp-content\/uploads\/2013\/12\/Slots-150x150.jpg","width":150,"height":150},{"@type":"BreadcrumbList","@id":"https:\/\/gambling6.com\/sv\/kasino\/allt-du-behover-veta-om-online-slots\/#breadcrumb","itemListElement":[{"@type":"ListItem","position":1,"name":"Home","item":"https:\/\/gambling6.com\/sv\/home\/"},{"@type":"ListItem","position":2,"name":"Kasino","item":"https:\/\/gambling6.com\/sv\/get-started-with-online-gambling\/"},{"@type":"ListItem","position":3,"name":"Allt du beh\u00f6ver veta om online slots"}]},{"@type":"WebSite","@id":"https:\/\/gambling6.com\/sv\/#website","url":"https:\/\/gambling6.com\/sv\/","name":"Gambling6","description":"","potentialAction":[{"@type":"SearchAction","target":{"@type":"EntryPoint","urlTemplate":"https:\/\/gambling6.com\/sv\/?s={search_term_string}"},"query-input":{"@type":"PropertyValueSpecification","valueRequired":true,"valueName":"search_term_string"}}],"inLanguage":"sv-SE"}]}},"_links":{"self":[{"href":"https:\/\/gambling6.com\/sv\/wp-json\/wp\/v2\/pages\/8950","targetHints":{"allow":["GET"]}}],"collection":[{"href":"https:\/\/gambling6.com\/sv\/wp-json\/wp\/v2\/pages"}],"about":[{"href":"https:\/\/gambling6.com\/sv\/wp-json\/wp\/v2\/types\/page"}],"author":[{"embeddable":true,"href":"https:\/\/gambling6.com\/sv\/wp-json\/wp\/v2\/users\/1"}],"replies":[{"embeddable":true,"href":"https:\/\/gambling6.com\/sv\/wp-json\/wp\/v2\/comments?post=8950"}],"version-history":[{"count":2,"href":"https:\/\/gambling6.com\/sv\/wp-json\/wp\/v2\/pages\/8950\/revisions"}],"predecessor-version":[{"id":10903,"href":"https:\/\/gambling6.com\/sv\/wp-json\/wp\/v2\/pages\/8950\/revisions\/10903"}],"up":[{"embeddable":true,"href":"https:\/\/gambling6.com\/sv\/wp-json\/wp\/v2\/pages\/8334"}],"wp:featuredmedia":[{"embeddable":true,"href":"https:\/\/gambling6.com\/sv\/wp-json\/wp\/v2\/media\/8932"}],"wp:attachment":[{"href":"https:\/\/gambling6.com\/sv\/wp-json\/wp\/v2\/media?parent=8950"}],"curies":[{"name":"wp","href":"https:\/\/api.w.org\/{rel}","templated":true}]}}