{"id":8974,"date":"2025-11-08T12:21:50","date_gmt":"2025-11-08T12:21:50","guid":{"rendered":"https:\/\/gambling6.com\/kasino\/var-man-hittar-slots-av-hogsta-kvalitet-online\/"},"modified":"2025-11-15T09:40:52","modified_gmt":"2025-11-15T09:40:52","slug":"var-man-hittar-slots-av-hogsta-kvalitet-online","status":"publish","type":"page","link":"https:\/\/gambling6.com\/sv\/kasino\/var-man-hittar-slots-av-hogsta-kvalitet-online\/","title":{"rendered":"Var man hittar slots av h\u00f6gsta kvalitet online"},"content":{"rendered":"<h2>Kvalitativa online slots-casinon<\/h2>\n<p>N\u00e4r det g\u00e4ller onlinekasinon \u00e4r det oftast slots som ligger h\u00f6gst upp i fr\u00e5ga om variation, antal spelare och jackpottar. Det \u00e4r naturligtvis v\u00e4ldigt l\u00e4tt att f\u00f6rst\u00e5 varf\u00f6r online slots \u00e4r s\u00e5 popul\u00e4ra, och med bara ett enkelt snurr med symbolerna har varje spelare potential att vinna stora priser, till och med miljontals dollar. Faktum \u00e4r att slots \u00e4r s\u00e5 popul\u00e4ra online att vissa onlinekasinon erbjuder specialbonusar just f\u00f6r dessa spel eftersom spelare bara g\u00e5r med f\u00f6r att spela olika slots, och de inte \u00e4r intresserade av n\u00e5got annat. Eftersom den b\u00e4sta strategin i online slots \u00e4r att spela mer, kommer dessa bonusar snabbt till nytta.<\/p>\n<h2>Leverant\u00f6rer av kasinospelsprogram<\/h2>\n<p><img loading=\"lazy\" decoding=\"async\" class=\"size-full wp-image-400 alignright\" src=\"https:\/\/gambling6.com\/wp-content\/uploads\/2013\/12\/mobile-gambling-150x150.jpg\" alt=\"online spelautomat\" width=\"150\" height=\"150\" \/>Varje online casino drivs av en mjukvaruutvecklare och det finns en hel del f\u00f6retag som gjort sig ett namn genom att erbjuda n\u00e5gra av de snyggaste casinospelen p\u00e5 internet. F\u00f6lj l\u00e4nken om du inte vet vilken spelautomatprogramvara du ska v\u00e4lja, s\u00e5 tar detta dig till de tv\u00e5 mest popul\u00e4ra namnen i branschen.<\/p>\n<h2>Spela de b\u00e4sta spelautomaterna p\u00e5 internet<\/h2>\n<p>Grafiken och funktionerna kan variera kraftigt beroende p\u00e5 programvaran, s\u00e5 det \u00e4r alltid en bra id\u00e9 att kolla in flera alternativ och se vilket du tycker \u00e4r mest tilltalande. Genom att veta hur vissa spel fr\u00e5n en viss mjukvaruutvecklare ser ut kan du ha det mycket enklare n\u00e4r du s\u00f6ker efter att g\u00e5 med i ett nytt online casino. \u00c4ven om vissa webbplatser har n\u00e5gra unika spel, speciellt utformade f\u00f6r det aktuella onlinecasinot, har alla webbplatser som drivs av samma mjukvaruleverant\u00f6r n\u00e4stan samma spel. F\u00f6r att s\u00e4kerst\u00e4lla att deras kunder \u00e4r n\u00f6jda erbjuder vissa onlinecasinon spel fr\u00e5n flera mjukvaruleverant\u00f6rer, och det \u00e4r alltid trevligt att se.<\/p>\n<h3>Slots online<\/h3>\n<p>Med s\u00e5 m\u00e5nga onlinecasinon som erbjuder slots fr\u00e5n olika leverant\u00f6rer kan det vara mycket sv\u00e5rt att veta vilka som verkligen \u00e4r b\u00e4st. Det garanterar en fantastisk spelupplevelse varje g\u00e5ng. Kolla in detta alternativ, som nu anses vara casinot med de b\u00e4sta slotsen p\u00e5 internet, eftersom det i stort sett erbjuder allt. Webbplatsen som listas h\u00e4r kan \u00e4ndras om ett b\u00e4ttre alternativ dyker upp, men f\u00f6r n\u00e4rvarande \u00e4r den b\u00e4sta webbplatsen att spela slots 888 Casino. 888 \u00e4r en av ledarna inom onlinespel med en stor sportsbook, ett realistiskt pokerrum och ett storslaget casino.<\/p>\n<p>Det som g\u00f6r 888 Casino till ett s\u00e5 bra st\u00e4lle att spela slots \u00e4r att de har en l\u00e5ng lista med alternativ med titlar fr\u00e5n Playtech, IGT, Microgaming och n\u00e5gra av sina egna. Det kommer att ta flera dagar f\u00f6r en ny spelare att g\u00e5 igenom alla tillg\u00e4ngliga spel, och de olika stilarna garanterar att hen aldrig kommer att bli uttr\u00e5kad.<br \/>\n<a href=\"https:\/\/ic.aff-handler.com\/C\/45871?sr=1064399&amp;anid=\" rel=\"nofollow\"><img loading=\"lazy\" decoding=\"async\" class=\"aligncenter\" src=\"https:\/\/ic.aff-handler.com\/I\/45871?sr=1064399&amp;anid=\" width=\"725\" height=\"93\" \/><\/a><\/p>\n<p>Naturligtvis handlar ett bra online casino inte bara om spelen det erbjuder; olika faktorer m\u00e5ste vara starka f\u00f6r att webbplatsen som helhet ska anses vara betydande. Det kanske viktigaste \u00e4r s\u00e4kerhet, eftersom finansiella transaktioner \u00e4r en stor del av onlinespel, och online casinot b\u00f6r garantera att allt \u00e4r s\u00e4kert och tryggt varje g\u00e5ng.<\/p>\n<p>Och om du \u00e4r bosatt i USA hindrar amerikansk lagstiftning dig fr\u00e5n att g\u00e5 med i 888 Casino. Bra alternativ f\u00f6r amerikanska spelare \u00e4r s\u00e4llsynta, men vi kan rekommendera BetOnline Casino f\u00f6r allt ditt onlinespelande. Klicka p\u00e5 bannern nedan f\u00f6r att bes\u00f6ka BetOnlineCasino &#8211; du kommer inte bli besviken!<\/p>\n<p><a class=\"thirstylink\" title=\"Betonline casino sv\" href=\"https:\/\/gambling6.com\/go\/betonline-casino-sv\/\" target=\"_blank\" rel=\"nofollow noopener\"><img loading=\"lazy\" decoding=\"async\" class=\"wp-image-7875 aligncenter\" src=\"https:\/\/gambling6.com\/wp-content\/uploads\/2025\/10\/BOL_AQC_banner_468x60_FS1_casino-300x38.gif\" alt=\"BetOnline casino\" width=\"553\" height=\"70\" \/><\/a><\/p>\n<p>Det \u00e4r d\u00e4rf\u00f6r det alltid \u00e4r bra att kolla recensioner och se vilka onlinekasinon som \u00e4r p\u00e5litliga och vilka som \u00e4r k\u00e4nda f\u00f6r utbetalningsproblem. Eftersom vi pratar om pengar har bonusar och kampanjer blivit v\u00e4ldigt viktiga under de senaste \u00e5ren, och de \u00e4r oftast det f\u00f6rsta en ny spelare kollar in. Det \u00e4r mycket vanligt att topprankade onlinekasinon erbjuder v\u00e4lkomstbonusar baserade p\u00e5 ins\u00e4ttningsbelopp, och slotsbonusar \u00e4r vanligast p\u00e5 grund av spelets popularitet.<\/p>\n","protected":false},"excerpt":{"rendered":"<p>Kvalitativa online slots-casinon N\u00e4r det g\u00e4ller onlinekasinon \u00e4r det oftast slots som ligger h\u00f6gst upp i fr\u00e5ga om variation, antal spelare och jackpottar. Det \u00e4r naturligtvis v\u00e4ldigt l\u00e4tt att f\u00f6rst\u00e5 varf\u00f6r online slots \u00e4r s\u00e5 popul\u00e4ra, och med bara ett enkelt snurr med symbolerna har varje spelare potential att vinna stora priser, till och med [&hellip;]<\/p>\n","protected":false},"author":1,"featured_media":0,"parent":8334,"menu_order":47,"comment_status":"closed","ping_status":"closed","template":"","meta":{"footnotes":""},"class_list":["post-8974","page","type-page","status-publish","hentry"],"yoast_head":"<!-- This site is optimized with the Yoast SEO plugin v27.3 - https:\/\/yoast.com\/product\/yoast-seo-wordpress\/ -->\n<title>Online-spelautomater av h\u00f6gsta kvalitet<\/title>\n<meta name=\"description\" content=\"Spela de b\u00e4sta spelautomaterna och spelautomaterna p\u00e5 internet. Hitta spelautomater av h\u00f6gsta kvalitet online h\u00e4r!\" \/>\n<meta name=\"robots\" content=\"index, follow, max-snippet:-1, max-image-preview:large, max-video-preview:-1\" \/>\n<link rel=\"canonical\" href=\"https:\/\/gambling6.com\/sv\/kasino\/var-man-hittar-slots-av-hogsta-kvalitet-online\/\" \/>\n<meta property=\"og:locale\" content=\"sv_SE\" \/>\n<meta property=\"og:type\" content=\"article\" \/>\n<meta property=\"og:title\" content=\"Online-spelautomater av h\u00f6gsta kvalitet\" \/>\n<meta property=\"og:description\" content=\"Spela de b\u00e4sta spelautomaterna och spelautomaterna p\u00e5 internet. Hitta spelautomater av h\u00f6gsta kvalitet online h\u00e4r!\" \/>\n<meta property=\"og:url\" content=\"https:\/\/gambling6.com\/sv\/kasino\/var-man-hittar-slots-av-hogsta-kvalitet-online\/\" \/>\n<meta property=\"og:site_name\" content=\"Gambling6\" \/>\n<meta property=\"article:modified_time\" content=\"2025-11-15T09:40:52+00:00\" \/>\n<meta property=\"og:image\" content=\"https:\/\/gambling6.com\/wp-content\/uploads\/2013\/12\/mobile-gambling-150x150.jpg\" \/>\n\t<meta property=\"og:image:width\" content=\"150\" \/>\n\t<meta property=\"og:image:height\" content=\"150\" \/>\n\t<meta property=\"og:image:type\" content=\"image\/jpeg\" \/>\n<meta name=\"twitter:card\" content=\"summary_large_image\" \/>\n<meta name=\"twitter:label1\" content=\"Ber\u00e4knad l\u00e4stid\" \/>\n\t<meta name=\"twitter:data1\" content=\"3 minuter\" \/>\n<script type=\"application\/ld+json\" class=\"yoast-schema-graph\">{\"@context\":\"https:\\\/\\\/schema.org\",\"@graph\":[{\"@type\":\"WebPage\",\"@id\":\"https:\\\/\\\/gambling6.com\\\/sv\\\/kasino\\\/var-man-hittar-slots-av-hogsta-kvalitet-online\\\/\",\"url\":\"https:\\\/\\\/gambling6.com\\\/sv\\\/kasino\\\/var-man-hittar-slots-av-hogsta-kvalitet-online\\\/\",\"name\":\"Online-spelautomater av h\u00f6gsta kvalitet\",\"isPartOf\":{\"@id\":\"https:\\\/\\\/gambling6.com\\\/sv\\\/#website\"},\"primaryImageOfPage\":{\"@id\":\"https:\\\/\\\/gambling6.com\\\/sv\\\/kasino\\\/var-man-hittar-slots-av-hogsta-kvalitet-online\\\/#primaryimage\"},\"image\":{\"@id\":\"https:\\\/\\\/gambling6.com\\\/sv\\\/kasino\\\/var-man-hittar-slots-av-hogsta-kvalitet-online\\\/#primaryimage\"},\"thumbnailUrl\":\"https:\\\/\\\/gambling6.com\\\/wp-content\\\/uploads\\\/2013\\\/12\\\/mobile-gambling-150x150.jpg\",\"datePublished\":\"2025-11-08T12:21:50+00:00\",\"dateModified\":\"2025-11-15T09:40:52+00:00\",\"description\":\"Spela de b\u00e4sta spelautomaterna och spelautomaterna p\u00e5 internet. Hitta spelautomater av h\u00f6gsta kvalitet online h\u00e4r!\",\"breadcrumb\":{\"@id\":\"https:\\\/\\\/gambling6.com\\\/sv\\\/kasino\\\/var-man-hittar-slots-av-hogsta-kvalitet-online\\\/#breadcrumb\"},\"inLanguage\":\"sv-SE\",\"potentialAction\":[{\"@type\":\"ReadAction\",\"target\":[\"https:\\\/\\\/gambling6.com\\\/sv\\\/kasino\\\/var-man-hittar-slots-av-hogsta-kvalitet-online\\\/\"]}]},{\"@type\":\"ImageObject\",\"inLanguage\":\"sv-SE\",\"@id\":\"https:\\\/\\\/gambling6.com\\\/sv\\\/kasino\\\/var-man-hittar-slots-av-hogsta-kvalitet-online\\\/#primaryimage\",\"url\":\"https:\\\/\\\/gambling6.com\\\/wp-content\\\/uploads\\\/2013\\\/12\\\/mobile-gambling-150x150.jpg\",\"contentUrl\":\"https:\\\/\\\/gambling6.com\\\/wp-content\\\/uploads\\\/2013\\\/12\\\/mobile-gambling-150x150.jpg\"},{\"@type\":\"BreadcrumbList\",\"@id\":\"https:\\\/\\\/gambling6.com\\\/sv\\\/kasino\\\/var-man-hittar-slots-av-hogsta-kvalitet-online\\\/#breadcrumb\",\"itemListElement\":[{\"@type\":\"ListItem\",\"position\":1,\"name\":\"Home\",\"item\":\"https:\\\/\\\/gambling6.com\\\/sv\\\/home\\\/\"},{\"@type\":\"ListItem\",\"position\":2,\"name\":\"Kasino\",\"item\":\"https:\\\/\\\/gambling6.com\\\/sv\\\/get-started-with-online-gambling\\\/\"},{\"@type\":\"ListItem\",\"position\":3,\"name\":\"Var man hittar slots av h\u00f6gsta kvalitet online\"}]},{\"@type\":\"WebSite\",\"@id\":\"https:\\\/\\\/gambling6.com\\\/sv\\\/#website\",\"url\":\"https:\\\/\\\/gambling6.com\\\/sv\\\/\",\"name\":\"Gambling6\",\"description\":\"\",\"potentialAction\":[{\"@type\":\"SearchAction\",\"target\":{\"@type\":\"EntryPoint\",\"urlTemplate\":\"https:\\\/\\\/gambling6.com\\\/sv\\\/?s={search_term_string}\"},\"query-input\":{\"@type\":\"PropertyValueSpecification\",\"valueRequired\":true,\"valueName\":\"search_term_string\"}}],\"inLanguage\":\"sv-SE\"}]}<\/script>\n<!-- \/ Yoast SEO plugin. -->","yoast_head_json":{"title":"Online-spelautomater av h\u00f6gsta kvalitet","description":"Spela de b\u00e4sta spelautomaterna och spelautomaterna p\u00e5 internet. Hitta spelautomater av h\u00f6gsta kvalitet online h\u00e4r!","robots":{"index":"index","follow":"follow","max-snippet":"max-snippet:-1","max-image-preview":"max-image-preview:large","max-video-preview":"max-video-preview:-1"},"canonical":"https:\/\/gambling6.com\/sv\/kasino\/var-man-hittar-slots-av-hogsta-kvalitet-online\/","og_locale":"sv_SE","og_type":"article","og_title":"Online-spelautomater av h\u00f6gsta kvalitet","og_description":"Spela de b\u00e4sta spelautomaterna och spelautomaterna p\u00e5 internet. Hitta spelautomater av h\u00f6gsta kvalitet online h\u00e4r!","og_url":"https:\/\/gambling6.com\/sv\/kasino\/var-man-hittar-slots-av-hogsta-kvalitet-online\/","og_site_name":"Gambling6","article_modified_time":"2025-11-15T09:40:52+00:00","og_image":[{"width":150,"height":150,"url":"https:\/\/gambling6.com\/wp-content\/uploads\/2013\/12\/mobile-gambling-150x150.jpg","type":"image\/jpeg"}],"twitter_card":"summary_large_image","twitter_misc":{"Ber\u00e4knad l\u00e4stid":"3 minuter"},"schema":{"@context":"https:\/\/schema.org","@graph":[{"@type":"WebPage","@id":"https:\/\/gambling6.com\/sv\/kasino\/var-man-hittar-slots-av-hogsta-kvalitet-online\/","url":"https:\/\/gambling6.com\/sv\/kasino\/var-man-hittar-slots-av-hogsta-kvalitet-online\/","name":"Online-spelautomater av h\u00f6gsta kvalitet","isPartOf":{"@id":"https:\/\/gambling6.com\/sv\/#website"},"primaryImageOfPage":{"@id":"https:\/\/gambling6.com\/sv\/kasino\/var-man-hittar-slots-av-hogsta-kvalitet-online\/#primaryimage"},"image":{"@id":"https:\/\/gambling6.com\/sv\/kasino\/var-man-hittar-slots-av-hogsta-kvalitet-online\/#primaryimage"},"thumbnailUrl":"https:\/\/gambling6.com\/wp-content\/uploads\/2013\/12\/mobile-gambling-150x150.jpg","datePublished":"2025-11-08T12:21:50+00:00","dateModified":"2025-11-15T09:40:52+00:00","description":"Spela de b\u00e4sta spelautomaterna och spelautomaterna p\u00e5 internet. Hitta spelautomater av h\u00f6gsta kvalitet online h\u00e4r!","breadcrumb":{"@id":"https:\/\/gambling6.com\/sv\/kasino\/var-man-hittar-slots-av-hogsta-kvalitet-online\/#breadcrumb"},"inLanguage":"sv-SE","potentialAction":[{"@type":"ReadAction","target":["https:\/\/gambling6.com\/sv\/kasino\/var-man-hittar-slots-av-hogsta-kvalitet-online\/"]}]},{"@type":"ImageObject","inLanguage":"sv-SE","@id":"https:\/\/gambling6.com\/sv\/kasino\/var-man-hittar-slots-av-hogsta-kvalitet-online\/#primaryimage","url":"https:\/\/gambling6.com\/wp-content\/uploads\/2013\/12\/mobile-gambling-150x150.jpg","contentUrl":"https:\/\/gambling6.com\/wp-content\/uploads\/2013\/12\/mobile-gambling-150x150.jpg"},{"@type":"BreadcrumbList","@id":"https:\/\/gambling6.com\/sv\/kasino\/var-man-hittar-slots-av-hogsta-kvalitet-online\/#breadcrumb","itemListElement":[{"@type":"ListItem","position":1,"name":"Home","item":"https:\/\/gambling6.com\/sv\/home\/"},{"@type":"ListItem","position":2,"name":"Kasino","item":"https:\/\/gambling6.com\/sv\/get-started-with-online-gambling\/"},{"@type":"ListItem","position":3,"name":"Var man hittar slots av h\u00f6gsta kvalitet online"}]},{"@type":"WebSite","@id":"https:\/\/gambling6.com\/sv\/#website","url":"https:\/\/gambling6.com\/sv\/","name":"Gambling6","description":"","potentialAction":[{"@type":"SearchAction","target":{"@type":"EntryPoint","urlTemplate":"https:\/\/gambling6.com\/sv\/?s={search_term_string}"},"query-input":{"@type":"PropertyValueSpecification","valueRequired":true,"valueName":"search_term_string"}}],"inLanguage":"sv-SE"}]}},"_links":{"self":[{"href":"https:\/\/gambling6.com\/sv\/wp-json\/wp\/v2\/pages\/8974","targetHints":{"allow":["GET"]}}],"collection":[{"href":"https:\/\/gambling6.com\/sv\/wp-json\/wp\/v2\/pages"}],"about":[{"href":"https:\/\/gambling6.com\/sv\/wp-json\/wp\/v2\/types\/page"}],"author":[{"embeddable":true,"href":"https:\/\/gambling6.com\/sv\/wp-json\/wp\/v2\/users\/1"}],"replies":[{"embeddable":true,"href":"https:\/\/gambling6.com\/sv\/wp-json\/wp\/v2\/comments?post=8974"}],"version-history":[{"count":1,"href":"https:\/\/gambling6.com\/sv\/wp-json\/wp\/v2\/pages\/8974\/revisions"}],"predecessor-version":[{"id":10892,"href":"https:\/\/gambling6.com\/sv\/wp-json\/wp\/v2\/pages\/8974\/revisions\/10892"}],"up":[{"embeddable":true,"href":"https:\/\/gambling6.com\/sv\/wp-json\/wp\/v2\/pages\/8334"}],"wp:attachment":[{"href":"https:\/\/gambling6.com\/sv\/wp-json\/wp\/v2\/media?parent=8974"}],"curies":[{"name":"wp","href":"https:\/\/api.w.org\/{rel}","templated":true}]}}