{"id":9019,"date":"2025-11-08T13:17:57","date_gmt":"2025-11-08T13:17:57","guid":{"rendered":"https:\/\/gambling6.com\/kasino\/vissa-casinospel-ar-faktiskt-gratis\/"},"modified":"2025-11-12T17:15:15","modified_gmt":"2025-11-12T17:15:15","slug":"vissa-casinospel-ar-faktiskt-gratis","status":"publish","type":"page","link":"https:\/\/gambling6.com\/sv\/kasino\/vissa-casinospel-ar-faktiskt-gratis\/","title":{"rendered":"Vissa casinospel \u00e4r faktiskt gratis!"},"content":{"rendered":"<h2>Varf\u00f6r erbjuder kasinon gratisspel<\/h2>\n<p>Med internetteknikens gryning har majoriteten av <a href=\"http:\/\/gambling6.com\/wp-content\/uploads\/2013\/12\/img_116.png\"><img loading=\"lazy\" decoding=\"async\" class=\"alignright size-full wp-image-638 alignleft size-full wp-image-238\" style=\"margin: 5px; float: left;\" src=\"http:\/\/gambling6.com\/wp-content\/uploads\/2013\/12\/img_116.png\" alt=\"gratis casinospel\" width=\"219\" height=\"151\" \/><\/a>kasinofans b\u00f6rjat spela kasinospel hemifr\u00e5n. Onlinekasinon erbjuder fler f\u00f6rdelar \u00e4n landbaserade kasinon. Att spela spel online ger inte bara bekv\u00e4mlighet utan l\u00e5ter dig ocks\u00e5 spela dina favoritspel utan att riskera dina pengar. Onlinekasinon m\u00f6ter h\u00e5rd konkurrens, s\u00e5 de erbjuder gratisspel f\u00f6r att uppmuntra nya spelare att bli medlemmar. Du kan spela dessa gratisspel tills du finslipar dina f\u00e4rdigheter och blir expert.<\/p>\n<h2>Vad du kan f\u00f6rv\u00e4nta dig n\u00e4r du v\u00e4ljer kasinon som erbjuder gratisspel<\/h2>\n<p>Det viktigaste du beh\u00f6ver g\u00f6ra f\u00f6r att spela **kasinospel** gratis \u00e4r att s\u00f6ka efter en bra webbplats som erbjuder ett brett utbud av spel gratis. Se till att webbplatsen \u00e4r p\u00e5litlig och ansedd. Ditt onlinespel\u00e4ventyr b\u00f6rjar med att du \u00f6ppnar ett konto. Onlinekasinon kr\u00e4ver att du anger personliga uppgifter som ditt namn, \u00e5lder, adress och e-postadress. De b\u00e4sta kasinona f\u00f6rs\u00f6ker erbjuda en s\u00e4ker och bekv\u00e4m milj\u00f6 d\u00e4r du kan njuta av att spela dina favoritspel i timmar. N\u00e4r du har registrerat ditt konto p\u00e5 webbplatsen kan du v\u00e4lja mellan n\u00f6jesl\u00e4ge och riktiga pengar-l\u00e4ge. Du kan v\u00e4lja n\u00f6jes- eller gratispengel\u00e4ge f\u00f6r att prova olika spel utan att spendera n\u00e5gra pengar fr\u00e5n din pl\u00e5nbok.<\/p>\n<h2>Finns det n\u00e5gon risk med att spela gratisspel?<\/h2>\n<p>Det finns ingen risk med att spela gratis **kasinospel** om du \u00e4r noggrann med att v\u00e4lja en p\u00e5litlig webbplats. Kasinona vidtar alla n\u00f6dv\u00e4ndiga \u00e5tg\u00e4rder f\u00f6r att erbjuda dig en h\u00e4rlig spelupplevelse s\u00e5 att du kan bli en riktig spelare.<\/p>\n<p>Om du vill prova kasinospel gratis medan du spelar med riktiga pengar har vi en utm\u00e4rkt rekommendation f\u00f6r dig. 888 Casino ger dig 20 euro att spela med, utan att du beh\u00f6ver g\u00f6ra en egen ins\u00e4ttning. Och om du v\u00e4ljer att s\u00e4tta in ytterligare pengar senare f\u00e5r du fortfarande ytterligare en bonus p\u00e5 upp till 1500 euro p\u00e5 din f\u00f6rsta ins\u00e4ttning.<br \/>\n<a href=\"https:\/\/ic.aff-handler.com\/C\/45871?sr=1064399&amp;anid=\" rel=\"nofollow\"><img loading=\"lazy\" decoding=\"async\" class=\"aligncenter\" src=\"https:\/\/ic.aff-handler.com\/I\/45871?sr=1064399&amp;anid=\" width=\"594\" height=\"77\" \/><\/a><br \/>\n<strong>Finns det n\u00e5gra begr\u00e4nsningar?<\/strong><\/p>\n<p>Onlinekasinon till\u00e5ter dig vanligtvis att spela spel ett visst antal g\u00e5nger och under en viss period. Det kan finnas vissa begr\u00e4nsningar f\u00f6r att spela gratisspel. Kasinona kanske inte till\u00e5ter dig att spela alla spel p\u00e5 deras webbplats gratis. De flesta kasinon kr\u00e4ver att du placerar din insats ett visst antal g\u00e5nger innan du kan ta ut de pengar du vunnit.<\/p>\n<h2>Var man hittar gratis kasinospel<\/h2>\n<p>M\u00e5nga webbplatser l\u00e5ter dig spela gratis <strong>kasinospel<\/strong>. Det b\u00e4sta st\u00e4llet att spela gratisspel \u00e4r en webbplats som inte kr\u00e4ver att du laddar ner n\u00e5gon programvara. Det g\u00f6r att du kan spela spel direkt genom att klicka p\u00e5 ditt favoritspel. Du kan kontrollera om webbplatsen erbjuder ett brett utbud av gratisspel, s\u00e5som gratis bordsspel, spelautomater, bingo, videopoker och andra spel s\u00e5 att du inte blir uttr\u00e5kad i f\u00f6rsta taget.<\/p>\n<p>Gratis **casinospel** ger dig en chans att testa nya program, tekniker eller strategier och bekr\u00e4fta om de kommer att fungera f\u00f6r dig i en riktig onlinespelmilj\u00f6. Eftersom du inte kommer att f\u00f6rlora n\u00e5gra pengar kommer du inte att k\u00e4nna n\u00e5gon press n\u00e4r du spelar.<\/p>\n","protected":false},"excerpt":{"rendered":"<p>Varf\u00f6r erbjuder kasinon gratisspel Med internetteknikens gryning har majoriteten av kasinofans b\u00f6rjat spela kasinospel hemifr\u00e5n. Onlinekasinon erbjuder fler f\u00f6rdelar \u00e4n landbaserade kasinon. Att spela spel online ger inte bara bekv\u00e4mlighet utan l\u00e5ter dig ocks\u00e5 spela dina favoritspel utan att riskera dina pengar. Onlinekasinon m\u00f6ter h\u00e5rd konkurrens, s\u00e5 de erbjuder gratisspel f\u00f6r att uppmuntra nya spelare [&hellip;]<\/p>\n","protected":false},"author":1,"featured_media":9000,"parent":8334,"menu_order":53,"comment_status":"closed","ping_status":"closed","template":"","meta":{"footnotes":""},"class_list":["post-9019","page","type-page","status-publish","has-post-thumbnail","hentry"],"yoast_head":"<!-- This site is optimized with the Yoast SEO plugin v27.3 - https:\/\/yoast.com\/product\/yoast-seo-wordpress\/ -->\n<title>Spela online casinospel gratis<\/title>\n<meta name=\"description\" content=\"Att spela gratis casinospel \u00e4r j\u00e4ttekul. Att veta n\u00e5gra viktiga saker om gratis casinospel hj\u00e4lper dig.\" \/>\n<meta name=\"robots\" content=\"index, follow, max-snippet:-1, max-image-preview:large, max-video-preview:-1\" \/>\n<link rel=\"canonical\" href=\"https:\/\/gambling6.com\/sv\/kasino\/vissa-casinospel-ar-faktiskt-gratis\/\" \/>\n<meta property=\"og:locale\" content=\"sv_SE\" \/>\n<meta property=\"og:type\" content=\"article\" \/>\n<meta property=\"og:title\" content=\"Spela online casinospel gratis\" \/>\n<meta property=\"og:description\" content=\"Att spela gratis casinospel \u00e4r j\u00e4ttekul. Att veta n\u00e5gra viktiga saker om gratis casinospel hj\u00e4lper dig.\" \/>\n<meta property=\"og:url\" content=\"https:\/\/gambling6.com\/sv\/kasino\/vissa-casinospel-ar-faktiskt-gratis\/\" \/>\n<meta property=\"og:site_name\" content=\"Gambling6\" \/>\n<meta property=\"article:modified_time\" content=\"2025-11-12T17:15:15+00:00\" \/>\n<meta property=\"og:image\" content=\"https:\/\/gambling6.com\/wp-content\/uploads\/2013\/12\/img_116.png\" \/>\n\t<meta property=\"og:image:width\" content=\"270\" \/>\n\t<meta property=\"og:image:height\" content=\"186\" \/>\n\t<meta property=\"og:image:type\" content=\"image\/png\" \/>\n<meta name=\"twitter:card\" content=\"summary_large_image\" \/>\n<meta name=\"twitter:label1\" content=\"Ber\u00e4knad l\u00e4stid\" \/>\n\t<meta name=\"twitter:data1\" content=\"3 minuter\" \/>\n<script type=\"application\/ld+json\" class=\"yoast-schema-graph\">{\"@context\":\"https:\\\/\\\/schema.org\",\"@graph\":[{\"@type\":\"WebPage\",\"@id\":\"https:\\\/\\\/gambling6.com\\\/sv\\\/kasino\\\/vissa-casinospel-ar-faktiskt-gratis\\\/\",\"url\":\"https:\\\/\\\/gambling6.com\\\/sv\\\/kasino\\\/vissa-casinospel-ar-faktiskt-gratis\\\/\",\"name\":\"Spela online casinospel gratis\",\"isPartOf\":{\"@id\":\"https:\\\/\\\/gambling6.com\\\/sv\\\/#website\"},\"primaryImageOfPage\":{\"@id\":\"https:\\\/\\\/gambling6.com\\\/sv\\\/kasino\\\/vissa-casinospel-ar-faktiskt-gratis\\\/#primaryimage\"},\"image\":{\"@id\":\"https:\\\/\\\/gambling6.com\\\/sv\\\/kasino\\\/vissa-casinospel-ar-faktiskt-gratis\\\/#primaryimage\"},\"thumbnailUrl\":\"https:\\\/\\\/gambling6.com\\\/wp-content\\\/uploads\\\/2013\\\/12\\\/img_116.png\",\"datePublished\":\"2025-11-08T13:17:57+00:00\",\"dateModified\":\"2025-11-12T17:15:15+00:00\",\"description\":\"Att spela gratis casinospel \u00e4r j\u00e4ttekul. Att veta n\u00e5gra viktiga saker om gratis casinospel hj\u00e4lper dig.\",\"breadcrumb\":{\"@id\":\"https:\\\/\\\/gambling6.com\\\/sv\\\/kasino\\\/vissa-casinospel-ar-faktiskt-gratis\\\/#breadcrumb\"},\"inLanguage\":\"sv-SE\",\"potentialAction\":[{\"@type\":\"ReadAction\",\"target\":[\"https:\\\/\\\/gambling6.com\\\/sv\\\/kasino\\\/vissa-casinospel-ar-faktiskt-gratis\\\/\"]}]},{\"@type\":\"ImageObject\",\"inLanguage\":\"sv-SE\",\"@id\":\"https:\\\/\\\/gambling6.com\\\/sv\\\/kasino\\\/vissa-casinospel-ar-faktiskt-gratis\\\/#primaryimage\",\"url\":\"https:\\\/\\\/gambling6.com\\\/wp-content\\\/uploads\\\/2013\\\/12\\\/img_116.png\",\"contentUrl\":\"https:\\\/\\\/gambling6.com\\\/wp-content\\\/uploads\\\/2013\\\/12\\\/img_116.png\",\"width\":270,\"height\":186},{\"@type\":\"BreadcrumbList\",\"@id\":\"https:\\\/\\\/gambling6.com\\\/sv\\\/kasino\\\/vissa-casinospel-ar-faktiskt-gratis\\\/#breadcrumb\",\"itemListElement\":[{\"@type\":\"ListItem\",\"position\":1,\"name\":\"Home\",\"item\":\"https:\\\/\\\/gambling6.com\\\/sv\\\/home\\\/\"},{\"@type\":\"ListItem\",\"position\":2,\"name\":\"Kasino\",\"item\":\"https:\\\/\\\/gambling6.com\\\/sv\\\/get-started-with-online-gambling\\\/\"},{\"@type\":\"ListItem\",\"position\":3,\"name\":\"Vissa casinospel \u00e4r faktiskt gratis!\"}]},{\"@type\":\"WebSite\",\"@id\":\"https:\\\/\\\/gambling6.com\\\/sv\\\/#website\",\"url\":\"https:\\\/\\\/gambling6.com\\\/sv\\\/\",\"name\":\"Gambling6\",\"description\":\"\",\"potentialAction\":[{\"@type\":\"SearchAction\",\"target\":{\"@type\":\"EntryPoint\",\"urlTemplate\":\"https:\\\/\\\/gambling6.com\\\/sv\\\/?s={search_term_string}\"},\"query-input\":{\"@type\":\"PropertyValueSpecification\",\"valueRequired\":true,\"valueName\":\"search_term_string\"}}],\"inLanguage\":\"sv-SE\"}]}<\/script>\n<!-- \/ Yoast SEO plugin. -->","yoast_head_json":{"title":"Spela online casinospel gratis","description":"Att spela gratis casinospel \u00e4r j\u00e4ttekul. Att veta n\u00e5gra viktiga saker om gratis casinospel hj\u00e4lper dig.","robots":{"index":"index","follow":"follow","max-snippet":"max-snippet:-1","max-image-preview":"max-image-preview:large","max-video-preview":"max-video-preview:-1"},"canonical":"https:\/\/gambling6.com\/sv\/kasino\/vissa-casinospel-ar-faktiskt-gratis\/","og_locale":"sv_SE","og_type":"article","og_title":"Spela online casinospel gratis","og_description":"Att spela gratis casinospel \u00e4r j\u00e4ttekul. Att veta n\u00e5gra viktiga saker om gratis casinospel hj\u00e4lper dig.","og_url":"https:\/\/gambling6.com\/sv\/kasino\/vissa-casinospel-ar-faktiskt-gratis\/","og_site_name":"Gambling6","article_modified_time":"2025-11-12T17:15:15+00:00","og_image":[{"width":270,"height":186,"url":"https:\/\/gambling6.com\/wp-content\/uploads\/2013\/12\/img_116.png","type":"image\/png"}],"twitter_card":"summary_large_image","twitter_misc":{"Ber\u00e4knad l\u00e4stid":"3 minuter"},"schema":{"@context":"https:\/\/schema.org","@graph":[{"@type":"WebPage","@id":"https:\/\/gambling6.com\/sv\/kasino\/vissa-casinospel-ar-faktiskt-gratis\/","url":"https:\/\/gambling6.com\/sv\/kasino\/vissa-casinospel-ar-faktiskt-gratis\/","name":"Spela online casinospel gratis","isPartOf":{"@id":"https:\/\/gambling6.com\/sv\/#website"},"primaryImageOfPage":{"@id":"https:\/\/gambling6.com\/sv\/kasino\/vissa-casinospel-ar-faktiskt-gratis\/#primaryimage"},"image":{"@id":"https:\/\/gambling6.com\/sv\/kasino\/vissa-casinospel-ar-faktiskt-gratis\/#primaryimage"},"thumbnailUrl":"https:\/\/gambling6.com\/wp-content\/uploads\/2013\/12\/img_116.png","datePublished":"2025-11-08T13:17:57+00:00","dateModified":"2025-11-12T17:15:15+00:00","description":"Att spela gratis casinospel \u00e4r j\u00e4ttekul. Att veta n\u00e5gra viktiga saker om gratis casinospel hj\u00e4lper dig.","breadcrumb":{"@id":"https:\/\/gambling6.com\/sv\/kasino\/vissa-casinospel-ar-faktiskt-gratis\/#breadcrumb"},"inLanguage":"sv-SE","potentialAction":[{"@type":"ReadAction","target":["https:\/\/gambling6.com\/sv\/kasino\/vissa-casinospel-ar-faktiskt-gratis\/"]}]},{"@type":"ImageObject","inLanguage":"sv-SE","@id":"https:\/\/gambling6.com\/sv\/kasino\/vissa-casinospel-ar-faktiskt-gratis\/#primaryimage","url":"https:\/\/gambling6.com\/wp-content\/uploads\/2013\/12\/img_116.png","contentUrl":"https:\/\/gambling6.com\/wp-content\/uploads\/2013\/12\/img_116.png","width":270,"height":186},{"@type":"BreadcrumbList","@id":"https:\/\/gambling6.com\/sv\/kasino\/vissa-casinospel-ar-faktiskt-gratis\/#breadcrumb","itemListElement":[{"@type":"ListItem","position":1,"name":"Home","item":"https:\/\/gambling6.com\/sv\/home\/"},{"@type":"ListItem","position":2,"name":"Kasino","item":"https:\/\/gambling6.com\/sv\/get-started-with-online-gambling\/"},{"@type":"ListItem","position":3,"name":"Vissa casinospel \u00e4r faktiskt gratis!"}]},{"@type":"WebSite","@id":"https:\/\/gambling6.com\/sv\/#website","url":"https:\/\/gambling6.com\/sv\/","name":"Gambling6","description":"","potentialAction":[{"@type":"SearchAction","target":{"@type":"EntryPoint","urlTemplate":"https:\/\/gambling6.com\/sv\/?s={search_term_string}"},"query-input":{"@type":"PropertyValueSpecification","valueRequired":true,"valueName":"search_term_string"}}],"inLanguage":"sv-SE"}]}},"_links":{"self":[{"href":"https:\/\/gambling6.com\/sv\/wp-json\/wp\/v2\/pages\/9019","targetHints":{"allow":["GET"]}}],"collection":[{"href":"https:\/\/gambling6.com\/sv\/wp-json\/wp\/v2\/pages"}],"about":[{"href":"https:\/\/gambling6.com\/sv\/wp-json\/wp\/v2\/types\/page"}],"author":[{"embeddable":true,"href":"https:\/\/gambling6.com\/sv\/wp-json\/wp\/v2\/users\/1"}],"replies":[{"embeddable":true,"href":"https:\/\/gambling6.com\/sv\/wp-json\/wp\/v2\/comments?post=9019"}],"version-history":[{"count":1,"href":"https:\/\/gambling6.com\/sv\/wp-json\/wp\/v2\/pages\/9019\/revisions"}],"predecessor-version":[{"id":10703,"href":"https:\/\/gambling6.com\/sv\/wp-json\/wp\/v2\/pages\/9019\/revisions\/10703"}],"up":[{"embeddable":true,"href":"https:\/\/gambling6.com\/sv\/wp-json\/wp\/v2\/pages\/8334"}],"wp:featuredmedia":[{"embeddable":true,"href":"https:\/\/gambling6.com\/sv\/wp-json\/wp\/v2\/media\/9000"}],"wp:attachment":[{"href":"https:\/\/gambling6.com\/sv\/wp-json\/wp\/v2\/media?parent=9019"}],"curies":[{"name":"wp","href":"https:\/\/api.w.org\/{rel}","templated":true}]}}