{"id":9059,"date":"2025-11-08T14:04:53","date_gmt":"2025-11-08T14:04:53","guid":{"rendered":"https:\/\/gambling6.com\/kasino\/onlinekasinon-med-kontanter-forsta-det-finstilta\/"},"modified":"2025-11-08T14:04:53","modified_gmt":"2025-11-08T14:04:53","slug":"onlinekasinon-med-kontanter-forsta-det-finstilta","status":"publish","type":"page","link":"https:\/\/gambling6.com\/sv\/kasino\/onlinekasinon-med-kontanter-forsta-det-finstilta\/","title":{"rendered":"Onlinekasinon med kontanter: F\u00f6rst\u00e5 det finstilta"},"content":{"rendered":"<h2>Kontrollera villkoren f\u00f6r onlinekasinon<\/h2>\n<p><img loading=\"lazy\" decoding=\"async\" class=\"alignright size-full wp-image-62 alignleft size-full wp-image-64\" style=\"margin: 5px; float: left;\" title=\"casino fine print\" src=\"http:\/\/gambling6.com\/wp-content\/uploads\/2013\/12\/casino-fine-print.jpg\" alt=\"casino fine print terms conditions\" width=\"168\" height=\"147\" \/><span style=\"box-sizing: border-box; margin: 0px; padding: 0px;\">N\u00e4r du registrerar dig p\u00e5 ett <strong>onlinekasino med kontanter<\/strong> m\u00e5ste du godk\u00e4nna anv\u00e4ndaravtalet, som inneh\u00e5ller onlinekasinots villkor som du m\u00e5ste f\u00f6lja.<\/span> Vissa av dessa villkor g\u00e4ller kasinots bankprocesser, medan andra kan g\u00e4lla oms\u00e4ttning, spel och bonusar.<\/p>\n<p>Det \u00e4r viktigt att noggrant f\u00f6rst\u00e5 och inse effekterna av dessa villkor innan du accepterar dem. \u00d6verf\u00f6ringen av pengar till och fr\u00e5n casinot \u00e4r kanske den viktigaste funktionen som p\u00e5verkar spelaren. D\u00e4rf\u00f6r \u00e4r det viktigt att vara medveten om exakt vad du ger dig in p\u00e5 n\u00e4r du accepterar casinots villkor. I den h\u00e4r artikeln str\u00e4var vi efter att f\u00f6renkla det juridiska spr\u00e5ket f\u00f6r att f\u00f6rklara vad dessa villkor inneb\u00e4r. Spelaren m\u00e5ste acceptera vissa skyldigheter n\u00e4r de accepterar anv\u00e4ndaravtalet. Hen m\u00e5ste ocks\u00e5 l\u00e4mna vissa garantier.<\/p>\n<p>Generellt kan man s\u00e4ga att vissa onlinecasinon inkluderar stycken i sitt finstilta som kan f\u00e5 mycket negativa konsekvenser f\u00f6r spelarna. De f\u00f6rlitar sig p\u00e5 att ingen skulle l\u00e4sa allt finstilt. F\u00f6ljaktligen f\u00f6resl\u00e5r vi att du h\u00e5ller dig till casinon som \u00e4r reglerade, har ett gott rykte och d\u00e4rmed r\u00e4ttvisa villkor.<\/p>\n<p>BetOnline Casino \u00e4r ett av dessa casinon. Deras finstilta inneh\u00e5ller inga \u00f6verraskningar. De \u00e5terspeglar att ins\u00e4ttnings- och uttagsprocessen, p\u00e5 grund av nya amerikanska regleringar, inte l\u00e4ngre \u00e4r lika enkel som den brukade vara. Men under omst\u00e4ndigheterna \u00e4r deras villkor fortfarande r\u00e4ttvisa.<\/p>\n<p><a class=\"thirstylink\" title=\"Betonline casino sv\" href=\"https:\/\/gambling6.com\/go\/betonline-casino-sv\/\" target=\"_blank\" rel=\"nofollow noopener\"><img loading=\"lazy\" decoding=\"async\" class=\"wp-image-7875 aligncenter\" src=\"https:\/\/gambling6.com\/wp-content\/uploads\/2025\/10\/BOL_AQC_banner_468x60_FS1_casino-300x38.gif\" alt=\"BetOnline casino\" width=\"498\" height=\"63\" \/><\/a><\/p>\n<h2>Vad casinots finstilta vanligtvis kr\u00e4ver att spelaren g\u00f6r<\/h2>\n<p>Casinot f\u00f6rv\u00e4ntar sig ocks\u00e5 bekr\u00e4ftelse fr\u00e5n spelaren att hen \u00e4r den lagliga \u00e4garen till de medel som anv\u00e4nds f\u00f6r vadslagning. Med andra ord kan hen inte anv\u00e4nda ett kreditkort som inte tillh\u00f6r hen f\u00f6r att s\u00e4tta in pengar p\u00e5 sitt konto. Dessutom kommer hens kreditkort att verifieras innan n\u00e5gra uttag kan g\u00f6ras. P\u00e5 samma s\u00e4tt kan han inte anv\u00e4nda n\u00e5gra andra betalningsalternativ som inte st\u00e5r i hans namn.<\/p>\n<p>Brott mot avtalet, oavsett om det g\u00e4ller bankprocesser eller vadslagning, kommer f\u00f6rst att p\u00e5verka spelarens konto. Om kontot st\u00e4ngs av kan kontantcasinot h\u00e5lla inne de omtvistade medlen; i de flesta fall kommer de att h\u00e5lla inne alla medel, inklusive bonusar, ins\u00e4ttningar och \u00e5terbetalningar, utan att g\u00f6ra n\u00e5gon skillnad. Detta \u00e4r i enlighet med de villkor ni har kommit \u00f6verens om.<\/p>\n<p>Om spelaren \u00e4r skyldig pengar till casinot kan casinot g\u00f6ra allt f\u00f6r att \u00e5terkr\u00e4va beloppet, inklusive att anlita inkassobyr\u00e5er. Vissa onlinecasinon har strikta policyer g\u00e4llande vilande konton. En av mina v\u00e4nner l\u00e4rde sig detta den h\u00e5rda v\u00e4gen. Han hade registrerat sig p\u00e5 ett onlinecasino och spelat d\u00e4r ett tag och vunnit en rej\u00e4l summa. Han bytte till ett annat casino och planerade att \u00e5terv\u00e4nda till det f\u00f6rsta efter en kort tid. N\u00e4r han kontrollerade sitt konto n\u00e4sta g\u00e5ng hittade han inget saldo. N\u00e4r han kontaktade kundtj\u00e4nst fick han veta att hans pengar hade f\u00f6rverkats eftersom han inte hade spelat p\u00e5 casinot p\u00e5 mer \u00e4n 6 m\u00e5nader. Detta \u00e4r naturligtvis n\u00e5got ovanligt, och \u00e4ven om det h\u00e4nde dig kan du l\u00f6sa problemet med ett kort mejl till kundtj\u00e4nsten.<\/p>\n<h2>Saker att vara f\u00f6rsiktig med<\/h2>\n<p>Om du \u00e4nd\u00e5 best\u00e4mmer dig f\u00f6r att sluta spela p\u00e5 ditt online casino, se till att ta ut alla pengar p\u00e5 ditt casinokonto, oavsett hur kort uppeh\u00e5llet blir. Kontrollera om n\u00e5gra avgifter kommer att dras f\u00f6r uttag. Om det finns en fast avgift f\u00f6r uttag kanske du vill ta ut alla dina pengar p\u00e5 en g\u00e5ng snarare \u00e4n att g\u00f6ra flera uttag. Ta inte ut pengar om du planerar att s\u00e4tta in igen en kort stund senare \u2013 du kommer att f\u00f6rlora pengar om du g\u00f6r det. <strong>J\u00e4mf\u00f6r de olika alternativen f\u00f6r pengahantering som \u00e4r tillg\u00e4ngliga f\u00f6r dig \u2013 vissa har l\u00e4gre avgifter, andra med h\u00f6gre!<\/strong><\/p>\n<p>Det finns andra villkor relaterade till bonusar och casinoerbjudanden. Generellt sett \u00e4r dessa beh\u00f6righetsvillkor och oms\u00e4ttningskrav som kr\u00e4vs f\u00f6r att frig\u00f6ra casinobonusen. Det \u00e4r en bra vana att l\u00e4sa och f\u00f6rst\u00e5 dessa krav innan du accepterar casinobonuserbjudanden. Likas\u00e5 m\u00e5ste spelare l\u00e4sa villkoren och f\u00f6rst\u00e5 det finstilta och vanliga fr\u00e5gor om casinon med riktiga pengar innan de registrerar sig p\u00e5 ett online casino f\u00f6r att inte st\u00f6ta p\u00e5 on\u00f6diga problem senare. Vanligtvis har online casinon en hel sida till\u00e4gnad slutanv\u00e4ndaravtalen, och duDin f\u00f6rsta uppgift b\u00f6r vara att l\u00e4sa dem noggrant innan du best\u00e4mmer dig f\u00f6r att g\u00e5 med i casinot.<\/p>\n","protected":false},"excerpt":{"rendered":"<p>Kontrollera villkoren f\u00f6r onlinekasinon N\u00e4r du registrerar dig p\u00e5 ett onlinekasino med kontanter m\u00e5ste du godk\u00e4nna anv\u00e4ndaravtalet, som inneh\u00e5ller onlinekasinots villkor som du m\u00e5ste f\u00f6lja. Vissa av dessa villkor g\u00e4ller kasinots bankprocesser, medan andra kan g\u00e4lla oms\u00e4ttning, spel och bonusar. Det \u00e4r viktigt att noggrant f\u00f6rst\u00e5 och inse effekterna av dessa villkor innan du accepterar [&hellip;]<\/p>\n","protected":false},"author":1,"featured_media":9043,"parent":8334,"menu_order":68,"comment_status":"closed","ping_status":"closed","template":"","meta":{"footnotes":""},"class_list":["post-9059","page","type-page","status-publish","has-post-thumbnail","hentry"],"yoast_head":"<!-- This site is optimized with the Yoast SEO plugin v27.5 - https:\/\/yoast.com\/product\/yoast-seo-wordpress\/ -->\n<title>Vad man ska se upp med i casinots villkor<\/title>\n<meta name=\"description\" content=\"Villkor f\u00f6r onlinekasinon i finstilt - vad man kan f\u00f6rv\u00e4nta sig och vad man inte kan f\u00f6rv\u00e4nta sig\" \/>\n<meta name=\"robots\" content=\"index, follow, max-snippet:-1, max-image-preview:large, max-video-preview:-1\" \/>\n<link rel=\"canonical\" href=\"https:\/\/gambling6.com\/sv\/kasino\/onlinekasinon-med-kontanter-forsta-det-finstilta\/\" \/>\n<meta property=\"og:locale\" content=\"sv_SE\" \/>\n<meta property=\"og:type\" content=\"article\" \/>\n<meta property=\"og:title\" content=\"Vad man ska se upp med i casinots villkor\" \/>\n<meta property=\"og:description\" content=\"Villkor f\u00f6r onlinekasinon i finstilt - vad man kan f\u00f6rv\u00e4nta sig och vad man inte kan f\u00f6rv\u00e4nta sig\" \/>\n<meta property=\"og:url\" content=\"https:\/\/gambling6.com\/sv\/kasino\/onlinekasinon-med-kontanter-forsta-det-finstilta\/\" \/>\n<meta property=\"og:site_name\" content=\"Gambling6\" \/>\n<meta property=\"og:image\" content=\"https:\/\/gambling6.com\/wp-content\/uploads\/2013\/12\/casino-fine-print.jpg\" \/>\n\t<meta property=\"og:image:width\" content=\"200\" \/>\n\t<meta property=\"og:image:height\" content=\"175\" \/>\n\t<meta property=\"og:image:type\" content=\"image\/jpeg\" \/>\n<meta name=\"twitter:card\" content=\"summary_large_image\" \/>\n<meta name=\"twitter:label1\" content=\"Ber\u00e4knad l\u00e4stid\" \/>\n\t<meta name=\"twitter:data1\" content=\"4 minuter\" \/>\n<script type=\"application\/ld+json\" class=\"yoast-schema-graph\">{\"@context\":\"https:\\\/\\\/schema.org\",\"@graph\":[{\"@type\":\"WebPage\",\"@id\":\"https:\\\/\\\/gambling6.com\\\/sv\\\/kasino\\\/onlinekasinon-med-kontanter-forsta-det-finstilta\\\/\",\"url\":\"https:\\\/\\\/gambling6.com\\\/sv\\\/kasino\\\/onlinekasinon-med-kontanter-forsta-det-finstilta\\\/\",\"name\":\"Vad man ska se upp med i casinots villkor\",\"isPartOf\":{\"@id\":\"https:\\\/\\\/gambling6.com\\\/sv\\\/#website\"},\"primaryImageOfPage\":{\"@id\":\"https:\\\/\\\/gambling6.com\\\/sv\\\/kasino\\\/onlinekasinon-med-kontanter-forsta-det-finstilta\\\/#primaryimage\"},\"image\":{\"@id\":\"https:\\\/\\\/gambling6.com\\\/sv\\\/kasino\\\/onlinekasinon-med-kontanter-forsta-det-finstilta\\\/#primaryimage\"},\"thumbnailUrl\":\"https:\\\/\\\/gambling6.com\\\/wp-content\\\/uploads\\\/2013\\\/12\\\/casino-fine-print.jpg\",\"datePublished\":\"2025-11-08T14:04:53+00:00\",\"description\":\"Villkor f\u00f6r onlinekasinon i finstilt - vad man kan f\u00f6rv\u00e4nta sig och vad man inte kan f\u00f6rv\u00e4nta sig\",\"breadcrumb\":{\"@id\":\"https:\\\/\\\/gambling6.com\\\/sv\\\/kasino\\\/onlinekasinon-med-kontanter-forsta-det-finstilta\\\/#breadcrumb\"},\"inLanguage\":\"sv-SE\",\"potentialAction\":[{\"@type\":\"ReadAction\",\"target\":[\"https:\\\/\\\/gambling6.com\\\/sv\\\/kasino\\\/onlinekasinon-med-kontanter-forsta-det-finstilta\\\/\"]}]},{\"@type\":\"ImageObject\",\"inLanguage\":\"sv-SE\",\"@id\":\"https:\\\/\\\/gambling6.com\\\/sv\\\/kasino\\\/onlinekasinon-med-kontanter-forsta-det-finstilta\\\/#primaryimage\",\"url\":\"https:\\\/\\\/gambling6.com\\\/wp-content\\\/uploads\\\/2013\\\/12\\\/casino-fine-print.jpg\",\"contentUrl\":\"https:\\\/\\\/gambling6.com\\\/wp-content\\\/uploads\\\/2013\\\/12\\\/casino-fine-print.jpg\",\"width\":200,\"height\":175,\"caption\":\"casino fine print\"},{\"@type\":\"BreadcrumbList\",\"@id\":\"https:\\\/\\\/gambling6.com\\\/sv\\\/kasino\\\/onlinekasinon-med-kontanter-forsta-det-finstilta\\\/#breadcrumb\",\"itemListElement\":[{\"@type\":\"ListItem\",\"position\":1,\"name\":\"Home\",\"item\":\"https:\\\/\\\/gambling6.com\\\/sv\\\/home\\\/\"},{\"@type\":\"ListItem\",\"position\":2,\"name\":\"Kasino\",\"item\":\"https:\\\/\\\/gambling6.com\\\/sv\\\/get-started-with-online-gambling\\\/\"},{\"@type\":\"ListItem\",\"position\":3,\"name\":\"Onlinekasinon med kontanter: F\u00f6rst\u00e5 det finstilta\"}]},{\"@type\":\"WebSite\",\"@id\":\"https:\\\/\\\/gambling6.com\\\/sv\\\/#website\",\"url\":\"https:\\\/\\\/gambling6.com\\\/sv\\\/\",\"name\":\"Gambling6\",\"description\":\"\",\"potentialAction\":[{\"@type\":\"SearchAction\",\"target\":{\"@type\":\"EntryPoint\",\"urlTemplate\":\"https:\\\/\\\/gambling6.com\\\/sv\\\/?s={search_term_string}\"},\"query-input\":{\"@type\":\"PropertyValueSpecification\",\"valueRequired\":true,\"valueName\":\"search_term_string\"}}],\"inLanguage\":\"sv-SE\"}]}<\/script>\n<!-- \/ Yoast SEO plugin. -->","yoast_head_json":{"title":"Vad man ska se upp med i casinots villkor","description":"Villkor f\u00f6r onlinekasinon i finstilt - vad man kan f\u00f6rv\u00e4nta sig och vad man inte kan f\u00f6rv\u00e4nta sig","robots":{"index":"index","follow":"follow","max-snippet":"max-snippet:-1","max-image-preview":"max-image-preview:large","max-video-preview":"max-video-preview:-1"},"canonical":"https:\/\/gambling6.com\/sv\/kasino\/onlinekasinon-med-kontanter-forsta-det-finstilta\/","og_locale":"sv_SE","og_type":"article","og_title":"Vad man ska se upp med i casinots villkor","og_description":"Villkor f\u00f6r onlinekasinon i finstilt - vad man kan f\u00f6rv\u00e4nta sig och vad man inte kan f\u00f6rv\u00e4nta sig","og_url":"https:\/\/gambling6.com\/sv\/kasino\/onlinekasinon-med-kontanter-forsta-det-finstilta\/","og_site_name":"Gambling6","og_image":[{"width":200,"height":175,"url":"https:\/\/gambling6.com\/wp-content\/uploads\/2013\/12\/casino-fine-print.jpg","type":"image\/jpeg"}],"twitter_card":"summary_large_image","twitter_misc":{"Ber\u00e4knad l\u00e4stid":"4 minuter"},"schema":{"@context":"https:\/\/schema.org","@graph":[{"@type":"WebPage","@id":"https:\/\/gambling6.com\/sv\/kasino\/onlinekasinon-med-kontanter-forsta-det-finstilta\/","url":"https:\/\/gambling6.com\/sv\/kasino\/onlinekasinon-med-kontanter-forsta-det-finstilta\/","name":"Vad man ska se upp med i casinots villkor","isPartOf":{"@id":"https:\/\/gambling6.com\/sv\/#website"},"primaryImageOfPage":{"@id":"https:\/\/gambling6.com\/sv\/kasino\/onlinekasinon-med-kontanter-forsta-det-finstilta\/#primaryimage"},"image":{"@id":"https:\/\/gambling6.com\/sv\/kasino\/onlinekasinon-med-kontanter-forsta-det-finstilta\/#primaryimage"},"thumbnailUrl":"https:\/\/gambling6.com\/wp-content\/uploads\/2013\/12\/casino-fine-print.jpg","datePublished":"2025-11-08T14:04:53+00:00","description":"Villkor f\u00f6r onlinekasinon i finstilt - vad man kan f\u00f6rv\u00e4nta sig och vad man inte kan f\u00f6rv\u00e4nta sig","breadcrumb":{"@id":"https:\/\/gambling6.com\/sv\/kasino\/onlinekasinon-med-kontanter-forsta-det-finstilta\/#breadcrumb"},"inLanguage":"sv-SE","potentialAction":[{"@type":"ReadAction","target":["https:\/\/gambling6.com\/sv\/kasino\/onlinekasinon-med-kontanter-forsta-det-finstilta\/"]}]},{"@type":"ImageObject","inLanguage":"sv-SE","@id":"https:\/\/gambling6.com\/sv\/kasino\/onlinekasinon-med-kontanter-forsta-det-finstilta\/#primaryimage","url":"https:\/\/gambling6.com\/wp-content\/uploads\/2013\/12\/casino-fine-print.jpg","contentUrl":"https:\/\/gambling6.com\/wp-content\/uploads\/2013\/12\/casino-fine-print.jpg","width":200,"height":175,"caption":"casino fine print"},{"@type":"BreadcrumbList","@id":"https:\/\/gambling6.com\/sv\/kasino\/onlinekasinon-med-kontanter-forsta-det-finstilta\/#breadcrumb","itemListElement":[{"@type":"ListItem","position":1,"name":"Home","item":"https:\/\/gambling6.com\/sv\/home\/"},{"@type":"ListItem","position":2,"name":"Kasino","item":"https:\/\/gambling6.com\/sv\/get-started-with-online-gambling\/"},{"@type":"ListItem","position":3,"name":"Onlinekasinon med kontanter: F\u00f6rst\u00e5 det finstilta"}]},{"@type":"WebSite","@id":"https:\/\/gambling6.com\/sv\/#website","url":"https:\/\/gambling6.com\/sv\/","name":"Gambling6","description":"","potentialAction":[{"@type":"SearchAction","target":{"@type":"EntryPoint","urlTemplate":"https:\/\/gambling6.com\/sv\/?s={search_term_string}"},"query-input":{"@type":"PropertyValueSpecification","valueRequired":true,"valueName":"search_term_string"}}],"inLanguage":"sv-SE"}]}},"_links":{"self":[{"href":"https:\/\/gambling6.com\/sv\/wp-json\/wp\/v2\/pages\/9059","targetHints":{"allow":["GET"]}}],"collection":[{"href":"https:\/\/gambling6.com\/sv\/wp-json\/wp\/v2\/pages"}],"about":[{"href":"https:\/\/gambling6.com\/sv\/wp-json\/wp\/v2\/types\/page"}],"author":[{"embeddable":true,"href":"https:\/\/gambling6.com\/sv\/wp-json\/wp\/v2\/users\/1"}],"replies":[{"embeddable":true,"href":"https:\/\/gambling6.com\/sv\/wp-json\/wp\/v2\/comments?post=9059"}],"version-history":[{"count":0,"href":"https:\/\/gambling6.com\/sv\/wp-json\/wp\/v2\/pages\/9059\/revisions"}],"up":[{"embeddable":true,"href":"https:\/\/gambling6.com\/sv\/wp-json\/wp\/v2\/pages\/8334"}],"wp:featuredmedia":[{"embeddable":true,"href":"https:\/\/gambling6.com\/sv\/wp-json\/wp\/v2\/media\/9043"}],"wp:attachment":[{"href":"https:\/\/gambling6.com\/sv\/wp-json\/wp\/v2\/media?parent=9059"}],"curies":[{"name":"wp","href":"https:\/\/api.w.org\/{rel}","templated":true}]}}