{"id":9123,"date":"2025-11-10T09:42:15","date_gmt":"2025-11-10T09:42:15","guid":{"rendered":"https:\/\/gambling6.com\/tips-for-sportspel-din-guide-till-onlinespel\/"},"modified":"2025-11-12T19:21:13","modified_gmt":"2025-11-12T19:21:13","slug":"tips-for-sportspel-din-guide-till-onlinespel","status":"publish","type":"page","link":"https:\/\/gambling6.com\/sv\/sportspel\/tips-for-sportspel-din-guide-till-onlinespel\/","title":{"rendered":"Tips f\u00f6r sportspel \u2013 Din guide till onlinespel"},"content":{"rendered":"<h2>En komplett guide till v\u00e4rlden av onlinespel!<\/h2>\n<p>\u00c4nda sedan m\u00e4nsklighetens gryning har spelande varit en del av v\u00e5r natur. N\u00e4r internet kom runt h\u00f6rnet var det bara naturligt att spelsajter skulle dyka upp. N\u00e4r de v\u00e4l gjorde det \u00e5tnj\u00f6t de enorma framg\u00e5ngar, och onlinespel \u00e4r nu en av de mest popul\u00e4ra aktiviteterna i v\u00e4rlden.<\/p>\n<p>Anta att du vill b\u00f6rja spela ett onlinespel. I s\u00e5 fall b\u00f6r du veta att det bara tar ett par minuter att registrera ett konto hos n\u00e5gon av de stora onlinespelsajterna, varefter du \u00e4r fri att spela vad du vill, fr\u00e5n onlinekasinospel till onlinepoker, eller till och med satsa p\u00e5 sport- eller finanssajter.<\/p>\n<p><img loading=\"lazy\" decoding=\"async\" class=\"size-medium wp-image-3057 alignright\" src=\"https:\/\/gambling6.com\/wp-content\/uploads\/2022\/04\/soccermoney-300x200.jpg\" alt=\"guide f\u00f6r onlinespel\" width=\"300\" height=\"200\" srcset=\"https:\/\/gambling6.com\/wp-content\/uploads\/2022\/04\/soccermoney-300x200.jpg 300w, https:\/\/gambling6.com\/wp-content\/uploads\/2022\/04\/soccermoney.jpg 424w\" sizes=\"auto, (max-width: 300px) 100vw, 300px\" \/>P\u00e5 tal om onlinespel, b\u00f6r du veta att om du vill g\u00e5 med i en webbplats f\u00f6r onlinespel som inte kr\u00e4ver att du l\u00e4r dig att spela ett nytt spel (vilket skulle vara fallet med allt fr\u00e5n onlinepoker till onlinekasinospel), \u00e4r onlinespel den perfekta l\u00f6sningen. Du k\u00e4nner redan till reglerna \u2013 allt du beh\u00f6ver g\u00f6ra \u00e4r att gissa resultatet av ett spel fr\u00e5n en professionell sport korrekt, och det \u00e4r allt. Om du har r\u00e4tt f\u00e5r du betalt. Om du har fel f\u00e5r du f\u00f6rs\u00f6ka igen.<\/p>\n<p>L\u00e5t oss s\u00e4ga att du inte har uppt\u00e4ckt onlinespel f\u00f6rr\u00e4n nu. Det vore dumt av dig att b\u00f6rja spela utan att veta n\u00e5gonting om branschen, sporten eller ens de onlinespelsajter du vill g\u00e5 med i. Det \u00e4r d\u00e4rf\u00f6r det finns sajter d\u00e4r ute vars enda syfte \u00e4r att f\u00f6ra dig n\u00e4rmare dina favoritaktiviteter inom onlinespel genom att erbjuda dig s\u00e5 mycket kunskap som m\u00f6jligt.<\/p>\n<p><strong>BetOnline<\/strong> \u00e4r en av de b\u00e4sta bettingsajterna online i v\u00e4rlden. Fr\u00e5n kappl\u00f6pningsspel till sportspel och finansspel, alla presenteras i detalj h\u00e4r, och du kan l\u00e4ra dig allt en nyb\u00f6rjare beh\u00f6ver veta genom att bara spendera ett par minuter i det avsnitt du \u00e4r intresserad av.<\/p>\n<p><a class=\"thirstylink\" title=\"Betonline sports en\" href=\"https:\/\/gambling6.com\/go\/betonline-sports-en\/\" target=\"_blank\" rel=\"nofollow noopener\">G\u00e5 med miljontals sportspelfans fr\u00e5n hela v\u00e4rlden p\u00e5 Betonline, v\u00e5r favoritsportsbook, genom att f\u00f6lja den h\u00e4r l\u00e4nken.<\/a><\/p>\n<p>Om du till exempel vill b\u00f6rja spela p\u00e5 kappl\u00f6pningar b\u00f6r du bes\u00f6ka avsnittet om kappl\u00f6pningsspel, som erbjuder dig allt som finns om online-kappl\u00f6pning &#8211; fr\u00e5n hundkappl\u00f6pning till den urgamla h\u00e4stkappl\u00f6pningen, eller till och med de nyare sporterna som NASCAR eller Formel 1-kappl\u00f6pning, finns BetOnline d\u00e4r f\u00f6r att erbjuda dig allt du vill veta om var och en av dessa typer av sporter.<\/p>\n<p>Sammantaget, om du vill b\u00f6rja spela p\u00e5 sport, b\u00f6r du prova BetOnline, en av de b\u00e4sta onlinespelsajterna som finns. De kommer att ta dig fr\u00e5n att veta absolut ingenting om den h\u00e4r branschen till att tj\u00e4na massor av pengar p\u00e5 den!<\/p>\n","protected":false},"excerpt":{"rendered":"<p>En komplett guide till v\u00e4rlden av onlinespel! \u00c4nda sedan m\u00e4nsklighetens gryning har spelande varit en del av v\u00e5r natur. N\u00e4r internet kom runt h\u00f6rnet var det bara naturligt att spelsajter skulle dyka upp. N\u00e4r de v\u00e4l gjorde det \u00e5tnj\u00f6t de enorma framg\u00e5ngar, och onlinespel \u00e4r nu en av de mest popul\u00e4ra aktiviteterna i v\u00e4rlden. Anta [&hellip;]<\/p>\n","protected":false},"author":1,"featured_media":0,"parent":9256,"menu_order":14,"comment_status":"closed","ping_status":"closed","template":"","meta":{"footnotes":""},"class_list":["post-9123","page","type-page","status-publish","hentry"],"yoast_head":"<!-- This site is optimized with the Yoast SEO plugin v27.4 - https:\/\/yoast.com\/product\/yoast-seo-wordpress\/ -->\n<title>Guide och tips f\u00f6r sportspel online<\/title>\n<meta name=\"description\" content=\"B\u00f6rja spela online idag. Bes\u00f6k BetOnline f\u00f6r ett komplett utbud av spelalternativ, s\u00e5v\u00e4l som onlinepoker och casino, allt p\u00e5 en webbplats\" \/>\n<meta name=\"robots\" content=\"index, follow, max-snippet:-1, max-image-preview:large, max-video-preview:-1\" \/>\n<link rel=\"canonical\" href=\"https:\/\/gambling6.com\/sv\/sportspel\/tips-for-sportspel-din-guide-till-onlinespel\/\" \/>\n<meta property=\"og:locale\" content=\"sv_SE\" \/>\n<meta property=\"og:type\" content=\"article\" \/>\n<meta property=\"og:title\" content=\"Guide och tips f\u00f6r sportspel online\" \/>\n<meta property=\"og:description\" content=\"B\u00f6rja spela online idag. Bes\u00f6k BetOnline f\u00f6r ett komplett utbud av spelalternativ, s\u00e5v\u00e4l som onlinepoker och casino, allt p\u00e5 en webbplats\" \/>\n<meta property=\"og:url\" content=\"https:\/\/gambling6.com\/sv\/sportspel\/tips-for-sportspel-din-guide-till-onlinespel\/\" \/>\n<meta property=\"og:site_name\" content=\"Gambling6\" \/>\n<meta property=\"article:modified_time\" content=\"2025-11-12T19:21:13+00:00\" \/>\n<meta property=\"og:image\" content=\"https:\/\/gambling6.com\/wp-content\/uploads\/2022\/04\/soccermoney.jpg\" \/>\n\t<meta property=\"og:image:width\" content=\"424\" \/>\n\t<meta property=\"og:image:height\" content=\"283\" \/>\n\t<meta property=\"og:image:type\" content=\"image\/jpeg\" \/>\n<meta name=\"twitter:card\" content=\"summary_large_image\" \/>\n<meta name=\"twitter:label1\" content=\"Ber\u00e4knad l\u00e4stid\" \/>\n\t<meta name=\"twitter:data1\" content=\"2 minuter\" \/>\n<script type=\"application\/ld+json\" class=\"yoast-schema-graph\">{\"@context\":\"https:\\\/\\\/schema.org\",\"@graph\":[{\"@type\":\"WebPage\",\"@id\":\"https:\\\/\\\/gambling6.com\\\/sv\\\/sportspel\\\/tips-for-sportspel-din-guide-till-onlinespel\\\/\",\"url\":\"https:\\\/\\\/gambling6.com\\\/sv\\\/sportspel\\\/tips-for-sportspel-din-guide-till-onlinespel\\\/\",\"name\":\"Guide och tips f\u00f6r sportspel online\",\"isPartOf\":{\"@id\":\"https:\\\/\\\/gambling6.com\\\/sv\\\/#website\"},\"primaryImageOfPage\":{\"@id\":\"https:\\\/\\\/gambling6.com\\\/sv\\\/sportspel\\\/tips-for-sportspel-din-guide-till-onlinespel\\\/#primaryimage\"},\"image\":{\"@id\":\"https:\\\/\\\/gambling6.com\\\/sv\\\/sportspel\\\/tips-for-sportspel-din-guide-till-onlinespel\\\/#primaryimage\"},\"thumbnailUrl\":\"https:\\\/\\\/gambling6.com\\\/wp-content\\\/uploads\\\/2022\\\/04\\\/soccermoney-300x200.jpg\",\"datePublished\":\"2025-11-10T09:42:15+00:00\",\"dateModified\":\"2025-11-12T19:21:13+00:00\",\"description\":\"B\u00f6rja spela online idag. Bes\u00f6k BetOnline f\u00f6r ett komplett utbud av spelalternativ, s\u00e5v\u00e4l som onlinepoker och casino, allt p\u00e5 en webbplats\",\"breadcrumb\":{\"@id\":\"https:\\\/\\\/gambling6.com\\\/sv\\\/sportspel\\\/tips-for-sportspel-din-guide-till-onlinespel\\\/#breadcrumb\"},\"inLanguage\":\"sv-SE\",\"potentialAction\":[{\"@type\":\"ReadAction\",\"target\":[\"https:\\\/\\\/gambling6.com\\\/sv\\\/sportspel\\\/tips-for-sportspel-din-guide-till-onlinespel\\\/\"]}]},{\"@type\":\"ImageObject\",\"inLanguage\":\"sv-SE\",\"@id\":\"https:\\\/\\\/gambling6.com\\\/sv\\\/sportspel\\\/tips-for-sportspel-din-guide-till-onlinespel\\\/#primaryimage\",\"url\":\"https:\\\/\\\/gambling6.com\\\/wp-content\\\/uploads\\\/2022\\\/04\\\/soccermoney-300x200.jpg\",\"contentUrl\":\"https:\\\/\\\/gambling6.com\\\/wp-content\\\/uploads\\\/2022\\\/04\\\/soccermoney-300x200.jpg\"},{\"@type\":\"BreadcrumbList\",\"@id\":\"https:\\\/\\\/gambling6.com\\\/sv\\\/sportspel\\\/tips-for-sportspel-din-guide-till-onlinespel\\\/#breadcrumb\",\"itemListElement\":[{\"@type\":\"ListItem\",\"position\":1,\"name\":\"Home\",\"item\":\"https:\\\/\\\/gambling6.com\\\/sv\\\/home\\\/\"},{\"@type\":\"ListItem\",\"position\":2,\"name\":\"Sportspel\",\"item\":\"https:\\\/\\\/gambling6.com\\\/sv\\\/introduction-to-online-sportsbetting\\\/\"},{\"@type\":\"ListItem\",\"position\":3,\"name\":\"Tips f\u00f6r sportspel \u2013 Din guide till onlinespel\"}]},{\"@type\":\"WebSite\",\"@id\":\"https:\\\/\\\/gambling6.com\\\/sv\\\/#website\",\"url\":\"https:\\\/\\\/gambling6.com\\\/sv\\\/\",\"name\":\"Gambling6\",\"description\":\"\",\"potentialAction\":[{\"@type\":\"SearchAction\",\"target\":{\"@type\":\"EntryPoint\",\"urlTemplate\":\"https:\\\/\\\/gambling6.com\\\/sv\\\/?s={search_term_string}\"},\"query-input\":{\"@type\":\"PropertyValueSpecification\",\"valueRequired\":true,\"valueName\":\"search_term_string\"}}],\"inLanguage\":\"sv-SE\"}]}<\/script>\n<!-- \/ Yoast SEO plugin. -->","yoast_head_json":{"title":"Guide och tips f\u00f6r sportspel online","description":"B\u00f6rja spela online idag. Bes\u00f6k BetOnline f\u00f6r ett komplett utbud av spelalternativ, s\u00e5v\u00e4l som onlinepoker och casino, allt p\u00e5 en webbplats","robots":{"index":"index","follow":"follow","max-snippet":"max-snippet:-1","max-image-preview":"max-image-preview:large","max-video-preview":"max-video-preview:-1"},"canonical":"https:\/\/gambling6.com\/sv\/sportspel\/tips-for-sportspel-din-guide-till-onlinespel\/","og_locale":"sv_SE","og_type":"article","og_title":"Guide och tips f\u00f6r sportspel online","og_description":"B\u00f6rja spela online idag. Bes\u00f6k BetOnline f\u00f6r ett komplett utbud av spelalternativ, s\u00e5v\u00e4l som onlinepoker och casino, allt p\u00e5 en webbplats","og_url":"https:\/\/gambling6.com\/sv\/sportspel\/tips-for-sportspel-din-guide-till-onlinespel\/","og_site_name":"Gambling6","article_modified_time":"2025-11-12T19:21:13+00:00","og_image":[{"width":424,"height":283,"url":"https:\/\/gambling6.com\/wp-content\/uploads\/2022\/04\/soccermoney.jpg","type":"image\/jpeg"}],"twitter_card":"summary_large_image","twitter_misc":{"Ber\u00e4knad l\u00e4stid":"2 minuter"},"schema":{"@context":"https:\/\/schema.org","@graph":[{"@type":"WebPage","@id":"https:\/\/gambling6.com\/sv\/sportspel\/tips-for-sportspel-din-guide-till-onlinespel\/","url":"https:\/\/gambling6.com\/sv\/sportspel\/tips-for-sportspel-din-guide-till-onlinespel\/","name":"Guide och tips f\u00f6r sportspel online","isPartOf":{"@id":"https:\/\/gambling6.com\/sv\/#website"},"primaryImageOfPage":{"@id":"https:\/\/gambling6.com\/sv\/sportspel\/tips-for-sportspel-din-guide-till-onlinespel\/#primaryimage"},"image":{"@id":"https:\/\/gambling6.com\/sv\/sportspel\/tips-for-sportspel-din-guide-till-onlinespel\/#primaryimage"},"thumbnailUrl":"https:\/\/gambling6.com\/wp-content\/uploads\/2022\/04\/soccermoney-300x200.jpg","datePublished":"2025-11-10T09:42:15+00:00","dateModified":"2025-11-12T19:21:13+00:00","description":"B\u00f6rja spela online idag. Bes\u00f6k BetOnline f\u00f6r ett komplett utbud av spelalternativ, s\u00e5v\u00e4l som onlinepoker och casino, allt p\u00e5 en webbplats","breadcrumb":{"@id":"https:\/\/gambling6.com\/sv\/sportspel\/tips-for-sportspel-din-guide-till-onlinespel\/#breadcrumb"},"inLanguage":"sv-SE","potentialAction":[{"@type":"ReadAction","target":["https:\/\/gambling6.com\/sv\/sportspel\/tips-for-sportspel-din-guide-till-onlinespel\/"]}]},{"@type":"ImageObject","inLanguage":"sv-SE","@id":"https:\/\/gambling6.com\/sv\/sportspel\/tips-for-sportspel-din-guide-till-onlinespel\/#primaryimage","url":"https:\/\/gambling6.com\/wp-content\/uploads\/2022\/04\/soccermoney-300x200.jpg","contentUrl":"https:\/\/gambling6.com\/wp-content\/uploads\/2022\/04\/soccermoney-300x200.jpg"},{"@type":"BreadcrumbList","@id":"https:\/\/gambling6.com\/sv\/sportspel\/tips-for-sportspel-din-guide-till-onlinespel\/#breadcrumb","itemListElement":[{"@type":"ListItem","position":1,"name":"Home","item":"https:\/\/gambling6.com\/sv\/home\/"},{"@type":"ListItem","position":2,"name":"Sportspel","item":"https:\/\/gambling6.com\/sv\/introduction-to-online-sportsbetting\/"},{"@type":"ListItem","position":3,"name":"Tips f\u00f6r sportspel \u2013 Din guide till onlinespel"}]},{"@type":"WebSite","@id":"https:\/\/gambling6.com\/sv\/#website","url":"https:\/\/gambling6.com\/sv\/","name":"Gambling6","description":"","potentialAction":[{"@type":"SearchAction","target":{"@type":"EntryPoint","urlTemplate":"https:\/\/gambling6.com\/sv\/?s={search_term_string}"},"query-input":{"@type":"PropertyValueSpecification","valueRequired":true,"valueName":"search_term_string"}}],"inLanguage":"sv-SE"}]}},"_links":{"self":[{"href":"https:\/\/gambling6.com\/sv\/wp-json\/wp\/v2\/pages\/9123","targetHints":{"allow":["GET"]}}],"collection":[{"href":"https:\/\/gambling6.com\/sv\/wp-json\/wp\/v2\/pages"}],"about":[{"href":"https:\/\/gambling6.com\/sv\/wp-json\/wp\/v2\/types\/page"}],"author":[{"embeddable":true,"href":"https:\/\/gambling6.com\/sv\/wp-json\/wp\/v2\/users\/1"}],"replies":[{"embeddable":true,"href":"https:\/\/gambling6.com\/sv\/wp-json\/wp\/v2\/comments?post=9123"}],"version-history":[{"count":2,"href":"https:\/\/gambling6.com\/sv\/wp-json\/wp\/v2\/pages\/9123\/revisions"}],"predecessor-version":[{"id":10553,"href":"https:\/\/gambling6.com\/sv\/wp-json\/wp\/v2\/pages\/9123\/revisions\/10553"}],"up":[{"embeddable":true,"href":"https:\/\/gambling6.com\/sv\/wp-json\/wp\/v2\/pages\/9256"}],"wp:attachment":[{"href":"https:\/\/gambling6.com\/sv\/wp-json\/wp\/v2\/media?parent=9123"}],"curies":[{"name":"wp","href":"https:\/\/api.w.org\/{rel}","templated":true}]}}