{"id":9189,"date":"2025-11-10T11:11:32","date_gmt":"2025-11-10T11:11:32","guid":{"rendered":"https:\/\/gambling6.com\/kop-lotter-till-powerball-lotteriet-online\/"},"modified":"2025-11-15T08:51:03","modified_gmt":"2025-11-15T08:51:03","slug":"kop-lotter-till-powerball-lotteriet-online","status":"publish","type":"page","link":"https:\/\/gambling6.com\/sv\/kop-lotter-till-powerball-lotteriet-online\/","title":{"rendered":"K\u00f6p lotter till Powerball-lotteriet online"},"content":{"rendered":"<h2>Spela Powerball-lotteriet online.<\/h2>\n<p>Powerball-lotteriet \u00e4r k\u00e4nt v\u00e4rlden \u00f6ver f\u00f6r sina otroliga jackpottar. Du hittar jackpottar som \u00f6verstiger 100 miljoner dollar mycket regelbundet. <strong>\u00d6kningar i jackpotten \u00e4r exponentiella eftersom du kan k\u00f6pa biljetter till Powerball-lotteriet online.<\/strong> Att spela Powerball online \u00e4r enkelt hemifr\u00e5n med bara din dator och en internetanslutning.<\/p>\n<h2>Powerball-biljetter online, enkla som 1-2-3<\/h2>\n<p>F\u00f6r att spela Powerball-lotteriet online m\u00e5ste du g\u00e5 till v\u00e5r partner <a class=\"thirstylink\" title=\"Redfoxlotto\" href=\"https:\/\/gambling6.com\/go\/redfoxlotto\/\" target=\"_blank\" rel=\"nofollow noopener\">RedFoxLotto (klicka h\u00e4r f\u00f6r att bes\u00f6ka) <\/a>och skapa ett konto. Det \u00e4r enkelt att \u00f6ppna ett konto, och du kan vara ig\u00e5ng och spela Powerball-lotteriet p\u00e5 n\u00e5gra minuter. N\u00e4sta steg \u00e4r att g\u00e5 till lottsektionen, d\u00e4r du anv\u00e4nder formul\u00e4ret f\u00f6r att v\u00e4lja fem huvudnummer.<\/p>\n<p>N\u00e4r du \u00e4r klar v\u00e4ljer du ett Powerball-bonusnummer. <strong>F\u00f6r att vinna jackpotpriset m\u00e5ste du matcha dina fem huvudnummer plus Powerball med de dragna bollarna.<\/strong> Oroa dig inte, om du inte matchar dessa kan du eventuellt delta i att h\u00e4mta en av de andra sju prisniv\u00e5erna.<\/p>\n<h2>Powerball-biljettf\u00f6rs\u00e4ljningen online skjuter i h\u00f6jden<\/h2>\n<p><img loading=\"lazy\" decoding=\"async\" class=\"size-medium wp-image-1533 alignright\" src=\"https:\/\/gambling6.com\/wp-content\/uploads\/2022\/04\/2_ticket_powerball_au2-1-163x300.jpg\" alt=\"biljett Powerball\" width=\"163\" height=\"300\" srcset=\"https:\/\/gambling6.com\/wp-content\/uploads\/2022\/04\/2_ticket_powerball_au2-1-163x300.jpg 163w, https:\/\/gambling6.com\/wp-content\/uploads\/2022\/04\/2_ticket_powerball_au2-1.jpg 250w\" sizes=\"auto, (max-width: 163px) 100vw, 163px\" \/>Under de senaste tv\u00e5 \u00e5ren har lottf\u00f6rs\u00e4ljningen till Powerball USA \u00f6kat i mycket snabb takt och f\u00f6rdubblats \u00e5r efter \u00e5r under denna period. **Storleken p\u00e5 jackpottarna tillsammans med hur enkelt det \u00e4r att k\u00f6pa lotter online har varit drivkraften bakom den betydande tillv\u00e4xten.** Om det f\u00f6rflutna \u00e4r n\u00e5gon indikator p\u00e5 framtida f\u00f6rs\u00e4ljning, kan vi f\u00f6rv\u00e4nta oss en \u00f6kad tillv\u00e4xt i jackpotstorlekar under de kommande \u00e5ren.<br \/>\n**Lotterispelandet v\u00e4xer v\u00e4rlden \u00f6ver.**<\/p>\n<p>F\u00f6rutom Mega Millions, som innehar rekordet f\u00f6r jackpotstorlekar, har vi sett rekordjackpottar i de flesta lotterier som spelats online under det senaste \u00e5ret. Det finns inga tecken p\u00e5 att dessa rekordjackpottar kommer att avta inom en snar framtid. Faktum \u00e4r att vi kan f\u00f6rv\u00e4nta oss att se rekorden sl\u00e5s upprepade g\u00e5nger n\u00e4r folk sv\u00e4rmar \u00f6ver sina datorer n\u00e4r nyheterna om jackpottar n\u00e5r h\u00f6ga niv\u00e5er.<br \/>\n**Kolla Powerball-vinnande nummer online.**<\/p>\n<p>Se till att du, om du k\u00f6per lotter, tar dig tid att kontrollera resultaten med hj\u00e4lp av ett online-databasverktyg. M\u00e5nga priser g\u00e5r varje \u00e5r oavgjorda eftersom n\u00e4r folk f\u00e5r h\u00f6ra att jackpottar har vunnits i ett omr\u00e5de d\u00e4r de inte bor eller p\u00e5 en plats d\u00e4r de inte k\u00f6pte sin lott, sl\u00e4nger de sin lott och f\u00f6ljer inte upp f\u00f6r att kontrollera vinster p\u00e5 andra vinstniv\u00e5er.<\/p>\n<p>G\u00f6r inte misstaget att kasta pengar i papperskorgen eller l\u00e4mna dem osynliga i din pl\u00e5nbok. Du f\u00f6rtj\u00e4nar alla pengar du har vunnit. Spela Powerball-lotteriet online idag, s\u00e5 kan du bli v\u00e4rldens n\u00e4sta multimiljon\u00e4r.<\/p>\n<table style=\"width: 500px;\" border=\"1\" cellspacing=\"5\" cellpadding=\"5\" align=\"center\">\n<tbody>\n<tr>\n<td colspan=\"3\" align=\"center\">Topp tio jackpottar f\u00f6r 2013<\/td>\n<\/tr>\n<tr>\n<td>Dragning<\/td>\n<td align=\"center\">Datum<\/td>\n<td align=\"center\">Jackpott (USD)<\/td>\n<\/tr>\n<tr>\n<td>Powerball &#8211; USA<\/td>\n<td align=\"center\">18 maj 2013<\/td>\n<td align=\"right\">590 500 000 dollar<\/td>\n<\/tr>\n<tr>\n<td>Powerball &#8211; USA<\/td>\n<td align=\"center\">7 augusti 2013<\/td>\n<td align=\"right\">448 400 000 USD<\/td>\n<\/tr>\n<tr>\n<td>Powerball &#8211; USA<\/td>\n<td align=\"center\">18 sep-13<\/td>\n<td align=\"right\">399 400 000 USD<\/td>\n<\/tr>\n<tr>\n<td>Powerball &#8211; USA<\/td>\n<td align=\"center\">23 mars-13<\/td>\n<td align=\"right\">338 300 000 USD<\/td>\n<\/tr>\n<tr>\n<td>Powerball &#8211; USA<\/td>\n<td align=\"center\">6 feb-13<\/td>\n<td align=\"right\">217 000 000 USD<\/td>\n<\/tr>\n<tr>\n<td>Powerball &#8211; USA<\/td>\n<td align=\"center\">23-okt-13<\/td>\n<td align=\"right\">213 400 000 USD<\/td>\n<\/tr>\n<tr>\n<td>Powerball &#8211; USA<\/td>\n<td align=\"center\">22-juni-13<\/td>\n<td align=\"right\">131 500 000 USD<\/td>\n<\/tr>\n<tr>\n<td>Powerball &#8211; USA<\/td>\n<td align=\"center\">16-nov-13<\/td>\n<td align=\"right\">130 300 000 USD<\/td>\n<\/tr>\n<tr>\n<td>Powerball &#8211; USA<\/td>\n<td align=\"center\">11-dec-13<\/td>\n<td align=\"right\">122 900 000 dollar<\/td>\n<\/tr>\n<tr>\n<td>Powerball &#8211; USA<\/td>\n<td align=\"center\">25 dec 2013<\/td>\n<td align=\"right\">74 000 000 dollar<\/td>\n<\/tr>\n<\/tbody>\n<\/table>\n<p>&nbsp;<\/p>\n<table style=\"width: 500px;\" border=\"1\" cellspacing=\"5\" cellpadding=\"5\" align=\"center\">\n<tbody>\n<tr>\n<td colspan=\"3\" align=\"center\">Powerball Lotto &#8211; USA:s prisniv\u00e5er<\/td>\n<\/tr>\n<tr>\n<td>Pris<\/td>\n<td align=\"center\">Matcher<\/td>\n<td align=\"center\">Odds<\/td>\n<\/tr>\n<tr>\n<td>1:a (Jackpott)<\/td>\n<td align=\"center\">5 + 1<\/td>\n<td align=\"right\">175 223 510 : 1<\/td>\n<\/tr>\n<tr>\n<td>2:a<\/td>\n<td align=\"center\">5<\/td>\n<td align=\"right\">5 153 633 : 1<\/td>\n<\/tr>\n<tr>\n<td>3:e<\/td>\n<td align=\"center\">4 + 1<\/td>\n<td align=\"right\">648 976 : 1<\/td>\n<\/tr>\n<tr>\n<td>4:e<\/td>\n<td align=\"center\">4<\/td>\n<td align=\"right\">19 087 : 1<\/td>\n<\/tr>\n<tr>\n<td>5:e<\/td>\n<td align=\"center\">r&#8221;&gt;3 + 1<\/td>\n<td align=\"right\">12 245 : 1<\/td>\n<\/tr>\n<tr>\n<td>6:e<\/td>\n<td align=\"center\">3<\/td>\n<td align=\"right\">360 : 1<\/td>\n<\/tr>\n<tr>\n<td>7:e<\/td>\n<td align=\"center\">2 + 1<\/td>\n<td align=\"right\">706 : 1<\/td>\n<\/tr>\n<tr>\n<td>8:e<\/td>\n<td align=\"center\">1 + 1<\/td>\n<td align=\"right\">111 : 1<\/td>\n<\/tr>\n<tr>\n<td>9:e<\/td>\n<td align=\"center\">0 + 1<\/td>\n<td align=\"right\">55 : 1<\/td>\n<\/tr>\n<\/tbody>\n<\/table>\n","protected":false},"excerpt":{"rendered":"<p>Spela Powerball-lotteriet online. Powerball-lotteriet \u00e4r k\u00e4nt v\u00e4rlden \u00f6ver f\u00f6r sina otroliga jackpottar. Du hittar jackpottar som \u00f6verstiger 100 miljoner dollar mycket regelbundet. \u00d6kningar i jackpotten \u00e4r exponentiella eftersom du kan k\u00f6pa biljetter till Powerball-lotteriet online. Att spela Powerball online \u00e4r enkelt hemifr\u00e5n med bara din dator och en internetanslutning. Powerball-biljetter online, enkla som 1-2-3 F\u00f6r [&hellip;]<\/p>\n","protected":false},"author":1,"featured_media":0,"parent":0,"menu_order":4,"comment_status":"closed","ping_status":"closed","template":"","meta":{"footnotes":""},"class_list":["post-9189","page","type-page","status-publish","hentry"],"yoast_head":"<!-- This site is optimized with the Yoast SEO plugin v27.4 - https:\/\/yoast.com\/product\/yoast-seo-wordpress\/ -->\n<title>K\u00f6p lotter till Powerball-lotteriet online<\/title>\n<meta name=\"description\" content=\"K\u00f6p dina lotter online idag till Powerball-lotteriet i USA.\" \/>\n<meta name=\"robots\" content=\"index, follow, max-snippet:-1, max-image-preview:large, max-video-preview:-1\" \/>\n<link rel=\"canonical\" href=\"https:\/\/gambling6.com\/sv\/kop-lotter-till-powerball-lotteriet-online\/\" \/>\n<meta property=\"og:locale\" content=\"sv_SE\" \/>\n<meta property=\"og:type\" content=\"article\" \/>\n<meta property=\"og:title\" content=\"K\u00f6p lotter till Powerball-lotteriet online\" \/>\n<meta property=\"og:description\" content=\"K\u00f6p dina lotter online idag till Powerball-lotteriet i USA.\" \/>\n<meta property=\"og:url\" content=\"https:\/\/gambling6.com\/sv\/kop-lotter-till-powerball-lotteriet-online\/\" \/>\n<meta property=\"og:site_name\" content=\"Gambling6\" \/>\n<meta property=\"article:modified_time\" content=\"2025-11-15T08:51:03+00:00\" \/>\n<meta property=\"og:image\" content=\"https:\/\/gambling6.com\/wp-content\/uploads\/2022\/04\/2_ticket_powerball_au2-1.jpg\" \/>\n\t<meta property=\"og:image:width\" content=\"250\" \/>\n\t<meta property=\"og:image:height\" content=\"460\" \/>\n\t<meta property=\"og:image:type\" content=\"image\/jpeg\" \/>\n<meta name=\"twitter:card\" content=\"summary_large_image\" \/>\n<meta name=\"twitter:label1\" content=\"Ber\u00e4knad l\u00e4stid\" \/>\n\t<meta name=\"twitter:data1\" content=\"3 minuter\" \/>\n<script type=\"application\/ld+json\" class=\"yoast-schema-graph\">{\"@context\":\"https:\\\/\\\/schema.org\",\"@graph\":[{\"@type\":\"WebPage\",\"@id\":\"https:\\\/\\\/gambling6.com\\\/sv\\\/kop-lotter-till-powerball-lotteriet-online\\\/\",\"url\":\"https:\\\/\\\/gambling6.com\\\/sv\\\/kop-lotter-till-powerball-lotteriet-online\\\/\",\"name\":\"K\u00f6p lotter till Powerball-lotteriet online\",\"isPartOf\":{\"@id\":\"https:\\\/\\\/gambling6.com\\\/sv\\\/#website\"},\"primaryImageOfPage\":{\"@id\":\"https:\\\/\\\/gambling6.com\\\/sv\\\/kop-lotter-till-powerball-lotteriet-online\\\/#primaryimage\"},\"image\":{\"@id\":\"https:\\\/\\\/gambling6.com\\\/sv\\\/kop-lotter-till-powerball-lotteriet-online\\\/#primaryimage\"},\"thumbnailUrl\":\"https:\\\/\\\/gambling6.com\\\/wp-content\\\/uploads\\\/2022\\\/04\\\/2_ticket_powerball_au2-1-163x300.jpg\",\"datePublished\":\"2025-11-10T11:11:32+00:00\",\"dateModified\":\"2025-11-15T08:51:03+00:00\",\"description\":\"K\u00f6p dina lotter online idag till Powerball-lotteriet i USA.\",\"breadcrumb\":{\"@id\":\"https:\\\/\\\/gambling6.com\\\/sv\\\/kop-lotter-till-powerball-lotteriet-online\\\/#breadcrumb\"},\"inLanguage\":\"sv-SE\",\"potentialAction\":[{\"@type\":\"ReadAction\",\"target\":[\"https:\\\/\\\/gambling6.com\\\/sv\\\/kop-lotter-till-powerball-lotteriet-online\\\/\"]}]},{\"@type\":\"ImageObject\",\"inLanguage\":\"sv-SE\",\"@id\":\"https:\\\/\\\/gambling6.com\\\/sv\\\/kop-lotter-till-powerball-lotteriet-online\\\/#primaryimage\",\"url\":\"https:\\\/\\\/gambling6.com\\\/wp-content\\\/uploads\\\/2022\\\/04\\\/2_ticket_powerball_au2-1-163x300.jpg\",\"contentUrl\":\"https:\\\/\\\/gambling6.com\\\/wp-content\\\/uploads\\\/2022\\\/04\\\/2_ticket_powerball_au2-1-163x300.jpg\"},{\"@type\":\"BreadcrumbList\",\"@id\":\"https:\\\/\\\/gambling6.com\\\/sv\\\/kop-lotter-till-powerball-lotteriet-online\\\/#breadcrumb\",\"itemListElement\":[{\"@type\":\"ListItem\",\"position\":1,\"name\":\"Home\",\"item\":\"https:\\\/\\\/gambling6.com\\\/sv\\\/home\\\/\"},{\"@type\":\"ListItem\",\"position\":2,\"name\":\"K\u00f6p lotter till Powerball-lotteriet online\"}]},{\"@type\":\"WebSite\",\"@id\":\"https:\\\/\\\/gambling6.com\\\/sv\\\/#website\",\"url\":\"https:\\\/\\\/gambling6.com\\\/sv\\\/\",\"name\":\"Gambling6\",\"description\":\"\",\"potentialAction\":[{\"@type\":\"SearchAction\",\"target\":{\"@type\":\"EntryPoint\",\"urlTemplate\":\"https:\\\/\\\/gambling6.com\\\/sv\\\/?s={search_term_string}\"},\"query-input\":{\"@type\":\"PropertyValueSpecification\",\"valueRequired\":true,\"valueName\":\"search_term_string\"}}],\"inLanguage\":\"sv-SE\"}]}<\/script>\n<!-- \/ Yoast SEO plugin. -->","yoast_head_json":{"title":"K\u00f6p lotter till Powerball-lotteriet online","description":"K\u00f6p dina lotter online idag till Powerball-lotteriet i USA.","robots":{"index":"index","follow":"follow","max-snippet":"max-snippet:-1","max-image-preview":"max-image-preview:large","max-video-preview":"max-video-preview:-1"},"canonical":"https:\/\/gambling6.com\/sv\/kop-lotter-till-powerball-lotteriet-online\/","og_locale":"sv_SE","og_type":"article","og_title":"K\u00f6p lotter till Powerball-lotteriet online","og_description":"K\u00f6p dina lotter online idag till Powerball-lotteriet i USA.","og_url":"https:\/\/gambling6.com\/sv\/kop-lotter-till-powerball-lotteriet-online\/","og_site_name":"Gambling6","article_modified_time":"2025-11-15T08:51:03+00:00","og_image":[{"width":250,"height":460,"url":"https:\/\/gambling6.com\/wp-content\/uploads\/2022\/04\/2_ticket_powerball_au2-1.jpg","type":"image\/jpeg"}],"twitter_card":"summary_large_image","twitter_misc":{"Ber\u00e4knad l\u00e4stid":"3 minuter"},"schema":{"@context":"https:\/\/schema.org","@graph":[{"@type":"WebPage","@id":"https:\/\/gambling6.com\/sv\/kop-lotter-till-powerball-lotteriet-online\/","url":"https:\/\/gambling6.com\/sv\/kop-lotter-till-powerball-lotteriet-online\/","name":"K\u00f6p lotter till Powerball-lotteriet online","isPartOf":{"@id":"https:\/\/gambling6.com\/sv\/#website"},"primaryImageOfPage":{"@id":"https:\/\/gambling6.com\/sv\/kop-lotter-till-powerball-lotteriet-online\/#primaryimage"},"image":{"@id":"https:\/\/gambling6.com\/sv\/kop-lotter-till-powerball-lotteriet-online\/#primaryimage"},"thumbnailUrl":"https:\/\/gambling6.com\/wp-content\/uploads\/2022\/04\/2_ticket_powerball_au2-1-163x300.jpg","datePublished":"2025-11-10T11:11:32+00:00","dateModified":"2025-11-15T08:51:03+00:00","description":"K\u00f6p dina lotter online idag till Powerball-lotteriet i USA.","breadcrumb":{"@id":"https:\/\/gambling6.com\/sv\/kop-lotter-till-powerball-lotteriet-online\/#breadcrumb"},"inLanguage":"sv-SE","potentialAction":[{"@type":"ReadAction","target":["https:\/\/gambling6.com\/sv\/kop-lotter-till-powerball-lotteriet-online\/"]}]},{"@type":"ImageObject","inLanguage":"sv-SE","@id":"https:\/\/gambling6.com\/sv\/kop-lotter-till-powerball-lotteriet-online\/#primaryimage","url":"https:\/\/gambling6.com\/wp-content\/uploads\/2022\/04\/2_ticket_powerball_au2-1-163x300.jpg","contentUrl":"https:\/\/gambling6.com\/wp-content\/uploads\/2022\/04\/2_ticket_powerball_au2-1-163x300.jpg"},{"@type":"BreadcrumbList","@id":"https:\/\/gambling6.com\/sv\/kop-lotter-till-powerball-lotteriet-online\/#breadcrumb","itemListElement":[{"@type":"ListItem","position":1,"name":"Home","item":"https:\/\/gambling6.com\/sv\/home\/"},{"@type":"ListItem","position":2,"name":"K\u00f6p lotter till Powerball-lotteriet online"}]},{"@type":"WebSite","@id":"https:\/\/gambling6.com\/sv\/#website","url":"https:\/\/gambling6.com\/sv\/","name":"Gambling6","description":"","potentialAction":[{"@type":"SearchAction","target":{"@type":"EntryPoint","urlTemplate":"https:\/\/gambling6.com\/sv\/?s={search_term_string}"},"query-input":{"@type":"PropertyValueSpecification","valueRequired":true,"valueName":"search_term_string"}}],"inLanguage":"sv-SE"}]}},"_links":{"self":[{"href":"https:\/\/gambling6.com\/sv\/wp-json\/wp\/v2\/pages\/9189","targetHints":{"allow":["GET"]}}],"collection":[{"href":"https:\/\/gambling6.com\/sv\/wp-json\/wp\/v2\/pages"}],"about":[{"href":"https:\/\/gambling6.com\/sv\/wp-json\/wp\/v2\/types\/page"}],"author":[{"embeddable":true,"href":"https:\/\/gambling6.com\/sv\/wp-json\/wp\/v2\/users\/1"}],"replies":[{"embeddable":true,"href":"https:\/\/gambling6.com\/sv\/wp-json\/wp\/v2\/comments?post=9189"}],"version-history":[{"count":2,"href":"https:\/\/gambling6.com\/sv\/wp-json\/wp\/v2\/pages\/9189\/revisions"}],"predecessor-version":[{"id":10850,"href":"https:\/\/gambling6.com\/sv\/wp-json\/wp\/v2\/pages\/9189\/revisions\/10850"}],"wp:attachment":[{"href":"https:\/\/gambling6.com\/sv\/wp-json\/wp\/v2\/media?parent=9189"}],"curies":[{"name":"wp","href":"https:\/\/api.w.org\/{rel}","templated":true}]}}