{"id":9256,"date":"2025-11-10T12:40:34","date_gmt":"2025-11-10T12:40:34","guid":{"rendered":"https:\/\/gambling6.com\/sportspel\/"},"modified":"2025-11-12T10:43:37","modified_gmt":"2025-11-12T10:43:37","slug":"sportspel","status":"publish","type":"page","link":"https:\/\/gambling6.com\/sv\/sportspel\/","title":{"rendered":"Sportspel"},"content":{"rendered":"<h2>Grunderna i sportspel<\/h2>\n<p>Sportspel, en term som uppst\u00e5r genom att helt enkelt kombinera de beskrivande orden, \u00e4r en \u00f6vning i att f\u00f6ruts\u00e4ga professionella och amat\u00f6rsportresultat, tillsammans med att l\u00e4gga ett spel p\u00e5 resultatet. <strong>Sportsbet \u00e4r termen som anv\u00e4nds f\u00f6r att beskriva en plats d\u00e4r man skulle delta i sportspel.<\/strong> I allm\u00e4nhet \u00e4r detta inte lagligt i USA. I huvudsak finns det bara fyra av de femtio stater i Amerika d\u00e4r sportspel och sportvadslagning \u00e4r erk\u00e4nda som 100 % lagliga. Sedan kom internet.<\/p>\n<h2>Miljontals m\u00e4nniskor deltar i sportspel dagligen<\/h2>\n<p>Dagligen flockas miljontals m\u00e4nniskor till tusentals webbplatser f\u00f6r att l\u00e4gga spel p\u00e5 vilken sport som helst. Men <strong>denna introduktion till sportspel online kommer att visa dig att det finns mer i detta \u00e4n att bara k\u00e4nna till spreaden och l\u00e4gga ditt spel p\u00e5 laget<\/strong> du vill vinna. Att satsa p\u00e5 en match kan inte bara g\u00f6ra den mer intressant f\u00f6r dig att titta p\u00e5, utan konsten att spela p\u00e5 sport kan ocks\u00e5 ge dig mycket pengar om den g\u00f6rs korrekt. Om detta \u00e4r ett nytt f\u00f6retag f\u00f6r n\u00e5gon som \u00e4r oerfaren inom sportspel, beh\u00f6ver du k\u00e4nna till grunderna och principerna f\u00f6r sportspel om du f\u00f6rv\u00e4ntar dig att inte bli desorienterad n\u00e4r spelet v\u00e4l \u00e4r ig\u00e5ng.<\/p>\n<h2>Terminologi f\u00f6r sportspel online<\/h2>\n<p>F\u00f6rst<strong> m\u00e5ste du bekanta dig med en del av terminologin som anv\u00e4nds inom sportspel<\/strong>. &#8221;<a href=\"http:\/\/en.wikipedia.org\/wiki\/Handicapping\" target=\"_blank\" rel=\"noopener\">Handicap<\/a>&#8221; \u00e4r den f\u00f6rsta termen jag kommer att introducera; det betyder att ge ett lag eller en person en f\u00f6rdel gentemot ett annat genom att f\u00f6rl\u00e4nga en av de andras slag, m\u00e5l, touchdowns eller helt enkelt po\u00e4ng f\u00f6r att ge deras motst\u00e5ndare en b\u00e4ttre chans att vara j\u00e4mn med deras spelniv\u00e5. S\u00e4g till exempel att jag skulle spela en-mot-en-basket med Michael Jordan, och den som f\u00f6rst f\u00e5r 21 po\u00e4ng skulle vinna. Jag kan f\u00e5 en f\u00f6rdel p\u00e5 18 po\u00e4ng, vilket skulle inneb\u00e4ra att han har ett handikapp p\u00e5 18 po\u00e4ng. Han m\u00e5ste g\u00f6ra 21 po\u00e4ng innan jag g\u00f6r 3 po\u00e4ng f\u00f6r att vinna. Det finns m\u00e5nga exempel p\u00e5 handikapp eller &#8221;po\u00e4ngspreadar&#8221;, som de ocks\u00e5 kan kallas. Att f\u00f6rst\u00e5 denna princip \u00e4r en av nycklarna till att f\u00f6rst\u00e5 bra spel inom sportspel online.<\/p>\n<h2>K\u00e4nn till din online-sportsbook<\/h2>\n<p><strong>Sportspel, vare sig det \u00e4r online eller live, sker vanligtvis i det som kallas en &#8221;sportsbook&#8221;.<\/strong> En &#8221;bok&#8221; \u00e4r en inr\u00e4ttning som accepterar spel, och bookmakern \u00e4r den person som vanligtvis fastst\u00e4ller spreaden f\u00f6r en specifik inr\u00e4ttning. Processen att fastst\u00e4lla &#8221;spreaden&#8221; i motsats till &#8221;j\u00e4mna pengar&#8221; (ett 1:1-oddsspel) kan vara mycket komplicerad och kan skilja sig fr\u00e5n en sportbok till en annan.<\/p>\n<h2>Betonline Sportsbook &#8211; accepterar amerikanska sportfans<\/h2>\n<p>N\u00e4r du \u00e4r redo f\u00f6r sportspel beh\u00f6ver du hitta ett v\u00e4lrenommerat onlinecasino eller sportsbook f\u00f6r att kunna placera dina spel. <a class=\"thirstylink\" title=\"Betonline casino sv\" href=\"https:\/\/gambling6.com\/go\/betonline-casino-sv\/\" target=\"_blank\" rel=\"nofollow noopener\">Du kan kolla in Betonline sportsbook<\/a>, de \u00e4r ett v\u00e4lk\u00e4nt onlinecasino med ett rykte om otrolig s\u00e4kerhet. De erbjuder m\u00e5nga olika ins\u00e4ttnings- och uttagsmetoder, och du borde kunna hitta ett s\u00e4tt att hantera dem som passar dina personliga behov.<\/p>\n<p>Ett annat bra alternativ \u00e4r 888 Casino &#8211; deras sportspelsavdelning \u00e4r en av de b\u00e4sta som finns. Dessutom har de ocks\u00e5 ett fantastiskt pokerrum, de absolut b\u00e4sta casinospelen och till och med saker som bingo och skraplotter.<\/p>\n<p>Den enda nackdelen med 888 \u00e4r att de inte accepterar kunder fr\u00e5n USA. Men om du \u00e4r bosatt i ett annat land b\u00f6r du definitivt <a class=\"thirstylink\" title=\"888 casino en\" href=\"https:\/\/gambling6.com\/go\/888-casino-en\/\" target=\"_blank\" rel=\"nofollow noopener\">bes\u00f6ka 888 Casinos webbplats &#8211; f\u00f6lj bara den h\u00e4r l\u00e4nken.<\/a><\/p>\n<p>Testa dina kunskaper, men du har mycket att l\u00e4ra dig om sportspel online. Vi kommer att forts\u00e4tta uppdatera den h\u00e4r webbplatsen s\u00e5 att du kan l\u00e4ra dig om odds och faktorer som bidrar till resultatet av vissa h\u00e4ndelser.<strong>Om du vill bli expert p\u00e5 sportspel<\/strong> har du kommit till r\u00e4tt st\u00e4lle. Luta dig tillbaka, g\u00f6r dig bekv\u00e4m och se fram emot att ha kul med sportspel online.<\/p>\n","protected":false},"excerpt":{"rendered":"<p>Grunderna i sportspel Sportspel, en term som uppst\u00e5r genom att helt enkelt kombinera de beskrivande orden, \u00e4r en \u00f6vning i att f\u00f6ruts\u00e4ga professionella och amat\u00f6rsportresultat, tillsammans med att l\u00e4gga ett spel p\u00e5 resultatet. Sportsbet \u00e4r termen som anv\u00e4nds f\u00f6r att beskriva en plats d\u00e4r man skulle delta i sportspel. I allm\u00e4nhet \u00e4r detta inte lagligt [&hellip;]<\/p>\n","protected":false},"author":1,"featured_media":0,"parent":0,"menu_order":4,"comment_status":"closed","ping_status":"closed","template":"","meta":{"footnotes":""},"class_list":["post-9256","page","type-page","status-publish","hentry"],"yoast_head":"<!-- This site is optimized with the Yoast SEO plugin v27.4 - https:\/\/yoast.com\/product\/yoast-seo-wordpress\/ -->\n<title>Introduktion till sportspel online<\/title>\n<meta name=\"description\" content=\"Bli introducerad till en del av den terminologi som anv\u00e4nds inom sportspel online.\" \/>\n<meta name=\"robots\" content=\"index, follow, max-snippet:-1, max-image-preview:large, max-video-preview:-1\" \/>\n<link rel=\"canonical\" href=\"https:\/\/gambling6.com\/sv\/sportspel\/\" \/>\n<meta property=\"og:locale\" content=\"sv_SE\" \/>\n<meta property=\"og:type\" content=\"article\" \/>\n<meta property=\"og:title\" content=\"Introduktion till sportspel online\" \/>\n<meta property=\"og:description\" content=\"Bli introducerad till en del av den terminologi som anv\u00e4nds inom sportspel online.\" \/>\n<meta property=\"og:url\" content=\"https:\/\/gambling6.com\/sv\/sportspel\/\" \/>\n<meta property=\"og:site_name\" content=\"Gambling6\" \/>\n<meta property=\"article:modified_time\" content=\"2025-11-12T10:43:37+00:00\" \/>\n<meta name=\"twitter:card\" content=\"summary_large_image\" \/>\n<meta name=\"twitter:label1\" content=\"Ber\u00e4knad l\u00e4stid\" \/>\n\t<meta name=\"twitter:data1\" content=\"4 minuter\" \/>\n<script type=\"application\/ld+json\" class=\"yoast-schema-graph\">{\"@context\":\"https:\\\/\\\/schema.org\",\"@graph\":[{\"@type\":\"WebPage\",\"@id\":\"https:\\\/\\\/gambling6.com\\\/sv\\\/sportspel\\\/\",\"url\":\"https:\\\/\\\/gambling6.com\\\/sv\\\/sportspel\\\/\",\"name\":\"Introduktion till sportspel online\",\"isPartOf\":{\"@id\":\"https:\\\/\\\/gambling6.com\\\/sv\\\/#website\"},\"datePublished\":\"2025-11-10T12:40:34+00:00\",\"dateModified\":\"2025-11-12T10:43:37+00:00\",\"description\":\"Bli introducerad till en del av den terminologi som anv\u00e4nds inom sportspel online.\",\"breadcrumb\":{\"@id\":\"https:\\\/\\\/gambling6.com\\\/sv\\\/sportspel\\\/#breadcrumb\"},\"inLanguage\":\"sv-SE\",\"potentialAction\":[{\"@type\":\"ReadAction\",\"target\":[\"https:\\\/\\\/gambling6.com\\\/sv\\\/sportspel\\\/\"]}]},{\"@type\":\"BreadcrumbList\",\"@id\":\"https:\\\/\\\/gambling6.com\\\/sv\\\/sportspel\\\/#breadcrumb\",\"itemListElement\":[{\"@type\":\"ListItem\",\"position\":1,\"name\":\"Home\",\"item\":\"https:\\\/\\\/gambling6.com\\\/sv\\\/home\\\/\"},{\"@type\":\"ListItem\",\"position\":2,\"name\":\"Sportspel\"}]},{\"@type\":\"WebSite\",\"@id\":\"https:\\\/\\\/gambling6.com\\\/sv\\\/#website\",\"url\":\"https:\\\/\\\/gambling6.com\\\/sv\\\/\",\"name\":\"Gambling6\",\"description\":\"\",\"potentialAction\":[{\"@type\":\"SearchAction\",\"target\":{\"@type\":\"EntryPoint\",\"urlTemplate\":\"https:\\\/\\\/gambling6.com\\\/sv\\\/?s={search_term_string}\"},\"query-input\":{\"@type\":\"PropertyValueSpecification\",\"valueRequired\":true,\"valueName\":\"search_term_string\"}}],\"inLanguage\":\"sv-SE\"}]}<\/script>\n<!-- \/ Yoast SEO plugin. -->","yoast_head_json":{"title":"Introduktion till sportspel online","description":"Bli introducerad till en del av den terminologi som anv\u00e4nds inom sportspel online.","robots":{"index":"index","follow":"follow","max-snippet":"max-snippet:-1","max-image-preview":"max-image-preview:large","max-video-preview":"max-video-preview:-1"},"canonical":"https:\/\/gambling6.com\/sv\/sportspel\/","og_locale":"sv_SE","og_type":"article","og_title":"Introduktion till sportspel online","og_description":"Bli introducerad till en del av den terminologi som anv\u00e4nds inom sportspel online.","og_url":"https:\/\/gambling6.com\/sv\/sportspel\/","og_site_name":"Gambling6","article_modified_time":"2025-11-12T10:43:37+00:00","twitter_card":"summary_large_image","twitter_misc":{"Ber\u00e4knad l\u00e4stid":"4 minuter"},"schema":{"@context":"https:\/\/schema.org","@graph":[{"@type":"WebPage","@id":"https:\/\/gambling6.com\/sv\/sportspel\/","url":"https:\/\/gambling6.com\/sv\/sportspel\/","name":"Introduktion till sportspel online","isPartOf":{"@id":"https:\/\/gambling6.com\/sv\/#website"},"datePublished":"2025-11-10T12:40:34+00:00","dateModified":"2025-11-12T10:43:37+00:00","description":"Bli introducerad till en del av den terminologi som anv\u00e4nds inom sportspel online.","breadcrumb":{"@id":"https:\/\/gambling6.com\/sv\/sportspel\/#breadcrumb"},"inLanguage":"sv-SE","potentialAction":[{"@type":"ReadAction","target":["https:\/\/gambling6.com\/sv\/sportspel\/"]}]},{"@type":"BreadcrumbList","@id":"https:\/\/gambling6.com\/sv\/sportspel\/#breadcrumb","itemListElement":[{"@type":"ListItem","position":1,"name":"Home","item":"https:\/\/gambling6.com\/sv\/home\/"},{"@type":"ListItem","position":2,"name":"Sportspel"}]},{"@type":"WebSite","@id":"https:\/\/gambling6.com\/sv\/#website","url":"https:\/\/gambling6.com\/sv\/","name":"Gambling6","description":"","potentialAction":[{"@type":"SearchAction","target":{"@type":"EntryPoint","urlTemplate":"https:\/\/gambling6.com\/sv\/?s={search_term_string}"},"query-input":{"@type":"PropertyValueSpecification","valueRequired":true,"valueName":"search_term_string"}}],"inLanguage":"sv-SE"}]}},"_links":{"self":[{"href":"https:\/\/gambling6.com\/sv\/wp-json\/wp\/v2\/pages\/9256","targetHints":{"allow":["GET"]}}],"collection":[{"href":"https:\/\/gambling6.com\/sv\/wp-json\/wp\/v2\/pages"}],"about":[{"href":"https:\/\/gambling6.com\/sv\/wp-json\/wp\/v2\/types\/page"}],"author":[{"embeddable":true,"href":"https:\/\/gambling6.com\/sv\/wp-json\/wp\/v2\/users\/1"}],"replies":[{"embeddable":true,"href":"https:\/\/gambling6.com\/sv\/wp-json\/wp\/v2\/comments?post=9256"}],"version-history":[{"count":1,"href":"https:\/\/gambling6.com\/sv\/wp-json\/wp\/v2\/pages\/9256\/revisions"}],"predecessor-version":[{"id":10541,"href":"https:\/\/gambling6.com\/sv\/wp-json\/wp\/v2\/pages\/9256\/revisions\/10541"}],"wp:attachment":[{"href":"https:\/\/gambling6.com\/sv\/wp-json\/wp\/v2\/media?parent=9256"}],"curies":[{"name":"wp","href":"https:\/\/api.w.org\/{rel}","templated":true}]}}