{"id":9325,"date":"2025-11-10T20:18:39","date_gmt":"2025-11-10T20:18:39","guid":{"rendered":"https:\/\/gambling6.com\/lotteri\/"},"modified":"2025-11-15T11:45:19","modified_gmt":"2025-11-15T11:45:19","slug":"lotteri","status":"publish","type":"page","link":"https:\/\/gambling6.com\/sv\/lotteri\/","title":{"rendered":"Lotteri"},"content":{"rendered":"<h2>Lotto blir internationellt och online.<\/h2>\n<p>\u00c4ven om det anses vara en fantastisk form av underh\u00e5llning har det ocks\u00e5 blivit en stor aff\u00e4rsverksamhet att k\u00f6pa internationella lotter. Spelande har generellt sett exploderat, delvis p\u00e5 grund av den utm\u00e4rkta exponering som poker har f\u00e5tt fr\u00e5n media, och ytterligare framg\u00e5ng har tillskrivits internet. <strong>Att spela internationella lotterier och k\u00f6pa lotter online har accelererat jackpottillv\u00e4xten,<\/strong> och m\u00e5nga m\u00e4nniskor g\u00f6r nu RedFoxLotto till en del av sin inkomstplan.<\/p>\n<h2>Internet g\u00f6r det enkelt att k\u00f6pa lotter.<\/h2>\n<p>Internet har f\u00f6r\u00e4ndrat v\u00e5ra liv p\u00e5 m\u00e5nga s\u00e4tt; det har definitivt gjort v\u00e4rlden till en mycket mindre plats. Det finns hundratals lotterier som spelas dagligen i m\u00e5nga l\u00e4nder v\u00e4rlden \u00f6ver. De flesta nationella dragningar, inklusive de med st\u00f6rre jackpottar, har gjorts tillg\u00e4ngliga f\u00f6r personer som k\u00f6per lotter internationellt. <strong>Stora lotterier v\u00e4rlden \u00f6ver, som Mega Millions i USA och Powerball fr\u00e5n b\u00e5de USA och Australien, till\u00e5ter k\u00f6p av lotter online via v\u00e5r partner RedFoxLotto.<\/strong><img loading=\"lazy\" decoding=\"async\" class=\"alignright size-full wp-image-437\" style=\"margin: 10px; border: 5px none #ffffff; float: right;\" src=\"http:\/\/gambling6.com\/wp-content\/uploads\/2013\/12\/International-Community-150x150.jpg\" alt=\"Internationella lotterier online\" width=\"150\" height=\"150\" \/><\/p>\n<h2>K\u00f6p lotter dygnet runt<\/h2>\n<p>I dagens tekniska v\u00e4rld kan vi k\u00f6pa lotter till m\u00e5nga internationella lotterier dygnet runt, 365 dagar i veckan. Med internet kan vi k\u00f6pa dessa lotter utan att springa till lotteributiker eller st\u00e5 i k\u00f6. Vi kan ta oss tid att v\u00e4lja dina nummer och anv\u00e4nda de olika verktyg som finns tillg\u00e4ngliga f\u00f6r dig f\u00f6r att g\u00f6ra det. Enkelheten med att spela internationella lotterier har h\u00f6jt jackpottar och flerniv\u00e5vinster till rekordniv\u00e5er. Vinstniv\u00e5erna har lett till att m\u00e5nga har byggt upp ett f\u00f6retag som spelar RedFoxLotto online.<\/p>\n<h2>Att k\u00f6pa lotter online \u00e4r s\u00e4kert.<\/h2>\n<p>Med v\u00e5r partner RedFoxLotto \u00e4r det s\u00e4kert och enkelt att k\u00f6pa lotter till internationella lotterier. F\u00f6rst m\u00e5ste du \u00f6ppna ett konto. N\u00e4r du \u00f6ppnar ditt konto kommer du att bli ombedd att l\u00e4mna personlig information. Se till att ange aktuell och korrekt information f\u00f6r ditt konto f\u00f6r att kunna verifiera din identitet n\u00e4r du vinner den stora jackpotten. Informationen du anger och skickar skyddas av 256-bitars kryptering, och Safe Harbor-hostingen s\u00e4kerst\u00e4ller att den h\u00e5lls privat och endast anv\u00e4nds f\u00f6r de \u00e4ndam\u00e5l som anges p\u00e5 webbplatsen.<\/p>\n<h2>Internetbankmetoder f\u00f6r att vinna RedFoxLotto<\/h2>\n<p>Du kan anv\u00e4nda kort som Visa, MasterCard och Visa debit f\u00f6r att k\u00f6pa lotter. Flera andra betalningsmetoder finns tillg\u00e4ngliga, till exempel bank\u00f6verf\u00f6ringar och kryptobetalningar. Men om du har en betydande vinst m\u00e5ste du ange ett bankkonto s\u00e5 att dina vinster kan \u00f6verf\u00f6ras till dig. Den s\u00e4kra milj\u00f6n g\u00f6r det till ett perfekt val f\u00f6r att spela internationella lotterier och ta emot dina vinster.<\/p>\n<h2>Att k\u00f6pa lotter online har f\u00f6rdelar.<\/h2>\n<p>En annan f\u00f6rdel med att k\u00f6pa lotter online \u00e4r att det finns m\u00e5nga verktyg tillg\u00e4ngliga som hj\u00e4lper dig att analysera nummer f\u00f6r de flesta stora internationella dragningar. Online-lotteriverktygen l\u00e5ter dig se de vanligaste numren, de minst vanliga numren och dragningshistoriken f\u00f6r lotterier v\u00e4rlden \u00f6ver. Denna information ger dig en f\u00f6rdel n\u00e4r du k\u00f6per dina lotter och kan st\u00e4rka ditt bankkonto med vinster i flera niv\u00e5er.<\/p>\n<p>Att spela RedFoxLotto kan vara roligt och l\u00f6nsamt. B\u00f6rja spela internationella lotterier idag. <a class=\"thirstylink\" title=\"Redfoxlotto\" href=\"https:\/\/gambling6.com\/go\/redfoxlotto\/\" target=\"_blank\" rel=\"nofollow noopener\">F\u00f6r att k\u00f6pa dina internationella lotter online, bes\u00f6k v\u00e5r partner RedFoxLotto.<\/a><\/p>\n<h2>Beh\u00f6ver du vara bosatt i USA f\u00f6r att spela ett internationellt lotteri?<\/h2>\n<p>Det enkla svaret \u00e4r: nej, det beh\u00f6ver du inte! Om du har l\u00e4st artiklar p\u00e5 internet eller i tidningen om personer som vunnit jackpottar p\u00e5 flera miljoner dollar kanske du har t\u00e4nkt: &#8221;Varf\u00f6r kan jag inte prova ett av de d\u00e4r lotterierna?&#8221; Nu \u00e4r det inte l\u00e4ngre ett problem att du inte \u00e4r bosatt i det land d\u00e4r jackpotlotteriet dras.<\/p>\n<p>Du kan f\u00e5 en lott till vilken lottojackpott du vill vinna, eftersom de \u00e4r tillg\u00e4ngliga online f\u00f6r alla i v\u00e4rlden. Den h\u00e4r webbplatsen hj\u00e4lper dig att k\u00f6pa en lott online f\u00f6r de viktigaste internationella jackpottarna som finns. Och proceduren kunde inte vara enklare. Klicka p\u00e5 l\u00e4nken ovan och v\u00e4lj ett lotteri. Du kommer till en sida d\u00e4r du kan v\u00e4lja dina favoritnummer till det lotteriet sj\u00e4lv, eller l\u00e5ta datorn slumpm\u00e4ssigt v\u00e4lja nummer \u00e5t dig.<\/p>\n<p>Sedan betalar du online via det betalningsalternativ som passar dig b\u00e4st. Dessa betalningsmetoder inkluderar popul\u00e4ra, s\u00e4kra e-pl\u00e5nboksl\u00f6sningar som Skrill och till och med kryptovaluta. Naturligtvis kan du ocks\u00e5 v\u00e4lja det mest popul\u00e4ra alternativet: att betala med kreditkort.<\/p>\n<p><strong>Vad h\u00e4nder sedan \u2013 hur f\u00e5r jag min lott online?<\/strong> Det fungerar som en budtj\u00e4nst \u2013 din lott online kommer attl k\u00f6ps i ditt namn, sedan skannas och laddas upp till ditt konto.<\/p>\n<p>Allt du beh\u00f6ver g\u00f6ra \u00e4r att luta dig tillbaka och v\u00e4nta p\u00e5 dragningen, kontrollera dina nummer och se hur mycket du har vunnit. Om du vinner ett belopp under 2000 euro kommer pengarna att krediteras ditt kundkonto. F\u00f6r belopp h\u00f6gre \u00e4n s\u00e5 kr\u00e4ver RedFoxLottos regler att du fyller i ett beg\u00e4randeformul\u00e4r, vilket webbplatsen tillhandah\u00e5ller. De vidarebefordrar det till relevant lotterikommission f\u00f6r din r\u00e4kning, och innan du vet ordet av har du en check i posten! <a class=\"thirstylink\" title=\"Redfoxlotto\" href=\"https:\/\/gambling6.com\/go\/redfoxlotto\/\" target=\"_blank\" rel=\"nofollow noopener\">K\u00f6p lotter idag p\u00e5 RedFoxLotto!<\/a><\/p>\n<p>&nbsp;<\/p>\n","protected":false},"excerpt":{"rendered":"<p>Lotto blir internationellt och online. \u00c4ven om det anses vara en fantastisk form av underh\u00e5llning har det ocks\u00e5 blivit en stor aff\u00e4rsverksamhet att k\u00f6pa internationella lotter. Spelande har generellt sett exploderat, delvis p\u00e5 grund av den utm\u00e4rkta exponering som poker har f\u00e5tt fr\u00e5n media, och ytterligare framg\u00e5ng har tillskrivits internet. Att spela internationella lotterier och [&hellip;]<\/p>\n","protected":false},"author":1,"featured_media":9295,"parent":0,"menu_order":8,"comment_status":"closed","ping_status":"closed","template":"","meta":{"footnotes":""},"class_list":["post-9325","page","type-page","status-publish","has-post-thumbnail","hentry"],"yoast_head":"<!-- This site is optimized with the Yoast SEO plugin v27.4 - https:\/\/yoast.com\/product\/yoast-seo-wordpress\/ -->\n<title>K\u00f6pa internationella lotter online<\/title>\n<meta name=\"description\" content=\"Att k\u00f6pa lotter till internationella lotterier online \u00e4r enkelt. Oavsett var du bor kan du delta i n\u00e5got av de b\u00e4sta lotterierna v\u00e4rlden \u00f6ver.\" \/>\n<meta name=\"robots\" content=\"index, follow, max-snippet:-1, max-image-preview:large, max-video-preview:-1\" \/>\n<link rel=\"canonical\" href=\"https:\/\/gambling6.com\/sv\/lotteri\/\" \/>\n<meta property=\"og:locale\" content=\"sv_SE\" \/>\n<meta property=\"og:type\" content=\"article\" \/>\n<meta property=\"og:title\" content=\"K\u00f6pa internationella lotter online\" \/>\n<meta property=\"og:description\" content=\"Att k\u00f6pa lotter till internationella lotterier online \u00e4r enkelt. Oavsett var du bor kan du delta i n\u00e5got av de b\u00e4sta lotterierna v\u00e4rlden \u00f6ver.\" \/>\n<meta property=\"og:url\" content=\"https:\/\/gambling6.com\/sv\/lotteri\/\" \/>\n<meta property=\"og:site_name\" content=\"Gambling6\" \/>\n<meta property=\"article:modified_time\" content=\"2025-11-15T11:45:19+00:00\" \/>\n<meta property=\"og:image\" content=\"https:\/\/gambling6.com\/wp-content\/uploads\/2013\/12\/International-Community-150x150.jpg\" \/>\n\t<meta property=\"og:image:width\" content=\"150\" \/>\n\t<meta property=\"og:image:height\" content=\"150\" \/>\n\t<meta property=\"og:image:type\" content=\"image\/jpeg\" \/>\n<meta name=\"twitter:card\" content=\"summary_large_image\" \/>\n<meta name=\"twitter:label1\" content=\"Ber\u00e4knad l\u00e4stid\" \/>\n\t<meta name=\"twitter:data1\" content=\"5 minuter\" \/>\n<script type=\"application\/ld+json\" class=\"yoast-schema-graph\">{\"@context\":\"https:\\\/\\\/schema.org\",\"@graph\":[{\"@type\":\"WebPage\",\"@id\":\"https:\\\/\\\/gambling6.com\\\/sv\\\/lotteri\\\/\",\"url\":\"https:\\\/\\\/gambling6.com\\\/sv\\\/lotteri\\\/\",\"name\":\"K\u00f6pa internationella lotter online\",\"isPartOf\":{\"@id\":\"https:\\\/\\\/gambling6.com\\\/sv\\\/#website\"},\"primaryImageOfPage\":{\"@id\":\"https:\\\/\\\/gambling6.com\\\/sv\\\/lotteri\\\/#primaryimage\"},\"image\":{\"@id\":\"https:\\\/\\\/gambling6.com\\\/sv\\\/lotteri\\\/#primaryimage\"},\"thumbnailUrl\":\"https:\\\/\\\/gambling6.com\\\/wp-content\\\/uploads\\\/2013\\\/12\\\/International-Community-150x150.jpg\",\"datePublished\":\"2025-11-10T20:18:39+00:00\",\"dateModified\":\"2025-11-15T11:45:19+00:00\",\"description\":\"Att k\u00f6pa lotter till internationella lotterier online \u00e4r enkelt. Oavsett var du bor kan du delta i n\u00e5got av de b\u00e4sta lotterierna v\u00e4rlden \u00f6ver.\",\"breadcrumb\":{\"@id\":\"https:\\\/\\\/gambling6.com\\\/sv\\\/lotteri\\\/#breadcrumb\"},\"inLanguage\":\"sv-SE\",\"potentialAction\":[{\"@type\":\"ReadAction\",\"target\":[\"https:\\\/\\\/gambling6.com\\\/sv\\\/lotteri\\\/\"]}]},{\"@type\":\"ImageObject\",\"inLanguage\":\"sv-SE\",\"@id\":\"https:\\\/\\\/gambling6.com\\\/sv\\\/lotteri\\\/#primaryimage\",\"url\":\"https:\\\/\\\/gambling6.com\\\/wp-content\\\/uploads\\\/2013\\\/12\\\/International-Community-150x150.jpg\",\"contentUrl\":\"https:\\\/\\\/gambling6.com\\\/wp-content\\\/uploads\\\/2013\\\/12\\\/International-Community-150x150.jpg\",\"width\":150,\"height\":150},{\"@type\":\"BreadcrumbList\",\"@id\":\"https:\\\/\\\/gambling6.com\\\/sv\\\/lotteri\\\/#breadcrumb\",\"itemListElement\":[{\"@type\":\"ListItem\",\"position\":1,\"name\":\"Home\",\"item\":\"https:\\\/\\\/gambling6.com\\\/sv\\\/home\\\/\"},{\"@type\":\"ListItem\",\"position\":2,\"name\":\"Lotteri\"}]},{\"@type\":\"WebSite\",\"@id\":\"https:\\\/\\\/gambling6.com\\\/sv\\\/#website\",\"url\":\"https:\\\/\\\/gambling6.com\\\/sv\\\/\",\"name\":\"Gambling6\",\"description\":\"\",\"potentialAction\":[{\"@type\":\"SearchAction\",\"target\":{\"@type\":\"EntryPoint\",\"urlTemplate\":\"https:\\\/\\\/gambling6.com\\\/sv\\\/?s={search_term_string}\"},\"query-input\":{\"@type\":\"PropertyValueSpecification\",\"valueRequired\":true,\"valueName\":\"search_term_string\"}}],\"inLanguage\":\"sv-SE\"}]}<\/script>\n<!-- \/ Yoast SEO plugin. -->","yoast_head_json":{"title":"K\u00f6pa internationella lotter online","description":"Att k\u00f6pa lotter till internationella lotterier online \u00e4r enkelt. Oavsett var du bor kan du delta i n\u00e5got av de b\u00e4sta lotterierna v\u00e4rlden \u00f6ver.","robots":{"index":"index","follow":"follow","max-snippet":"max-snippet:-1","max-image-preview":"max-image-preview:large","max-video-preview":"max-video-preview:-1"},"canonical":"https:\/\/gambling6.com\/sv\/lotteri\/","og_locale":"sv_SE","og_type":"article","og_title":"K\u00f6pa internationella lotter online","og_description":"Att k\u00f6pa lotter till internationella lotterier online \u00e4r enkelt. Oavsett var du bor kan du delta i n\u00e5got av de b\u00e4sta lotterierna v\u00e4rlden \u00f6ver.","og_url":"https:\/\/gambling6.com\/sv\/lotteri\/","og_site_name":"Gambling6","article_modified_time":"2025-11-15T11:45:19+00:00","og_image":[{"width":150,"height":150,"url":"https:\/\/gambling6.com\/wp-content\/uploads\/2013\/12\/International-Community-150x150.jpg","type":"image\/jpeg"}],"twitter_card":"summary_large_image","twitter_misc":{"Ber\u00e4knad l\u00e4stid":"5 minuter"},"schema":{"@context":"https:\/\/schema.org","@graph":[{"@type":"WebPage","@id":"https:\/\/gambling6.com\/sv\/lotteri\/","url":"https:\/\/gambling6.com\/sv\/lotteri\/","name":"K\u00f6pa internationella lotter online","isPartOf":{"@id":"https:\/\/gambling6.com\/sv\/#website"},"primaryImageOfPage":{"@id":"https:\/\/gambling6.com\/sv\/lotteri\/#primaryimage"},"image":{"@id":"https:\/\/gambling6.com\/sv\/lotteri\/#primaryimage"},"thumbnailUrl":"https:\/\/gambling6.com\/wp-content\/uploads\/2013\/12\/International-Community-150x150.jpg","datePublished":"2025-11-10T20:18:39+00:00","dateModified":"2025-11-15T11:45:19+00:00","description":"Att k\u00f6pa lotter till internationella lotterier online \u00e4r enkelt. Oavsett var du bor kan du delta i n\u00e5got av de b\u00e4sta lotterierna v\u00e4rlden \u00f6ver.","breadcrumb":{"@id":"https:\/\/gambling6.com\/sv\/lotteri\/#breadcrumb"},"inLanguage":"sv-SE","potentialAction":[{"@type":"ReadAction","target":["https:\/\/gambling6.com\/sv\/lotteri\/"]}]},{"@type":"ImageObject","inLanguage":"sv-SE","@id":"https:\/\/gambling6.com\/sv\/lotteri\/#primaryimage","url":"https:\/\/gambling6.com\/wp-content\/uploads\/2013\/12\/International-Community-150x150.jpg","contentUrl":"https:\/\/gambling6.com\/wp-content\/uploads\/2013\/12\/International-Community-150x150.jpg","width":150,"height":150},{"@type":"BreadcrumbList","@id":"https:\/\/gambling6.com\/sv\/lotteri\/#breadcrumb","itemListElement":[{"@type":"ListItem","position":1,"name":"Home","item":"https:\/\/gambling6.com\/sv\/home\/"},{"@type":"ListItem","position":2,"name":"Lotteri"}]},{"@type":"WebSite","@id":"https:\/\/gambling6.com\/sv\/#website","url":"https:\/\/gambling6.com\/sv\/","name":"Gambling6","description":"","potentialAction":[{"@type":"SearchAction","target":{"@type":"EntryPoint","urlTemplate":"https:\/\/gambling6.com\/sv\/?s={search_term_string}"},"query-input":{"@type":"PropertyValueSpecification","valueRequired":true,"valueName":"search_term_string"}}],"inLanguage":"sv-SE"}]}},"_links":{"self":[{"href":"https:\/\/gambling6.com\/sv\/wp-json\/wp\/v2\/pages\/9325","targetHints":{"allow":["GET"]}}],"collection":[{"href":"https:\/\/gambling6.com\/sv\/wp-json\/wp\/v2\/pages"}],"about":[{"href":"https:\/\/gambling6.com\/sv\/wp-json\/wp\/v2\/types\/page"}],"author":[{"embeddable":true,"href":"https:\/\/gambling6.com\/sv\/wp-json\/wp\/v2\/users\/1"}],"replies":[{"embeddable":true,"href":"https:\/\/gambling6.com\/sv\/wp-json\/wp\/v2\/comments?post=9325"}],"version-history":[{"count":1,"href":"https:\/\/gambling6.com\/sv\/wp-json\/wp\/v2\/pages\/9325\/revisions"}],"predecessor-version":[{"id":10742,"href":"https:\/\/gambling6.com\/sv\/wp-json\/wp\/v2\/pages\/9325\/revisions\/10742"}],"wp:featuredmedia":[{"embeddable":true,"href":"https:\/\/gambling6.com\/sv\/wp-json\/wp\/v2\/media\/9295"}],"wp:attachment":[{"href":"https:\/\/gambling6.com\/sv\/wp-json\/wp\/v2\/media?parent=9325"}],"curies":[{"name":"wp","href":"https:\/\/api.w.org\/{rel}","templated":true}]}}