{"id":9414,"date":"2025-11-11T02:09:20","date_gmt":"2025-11-11T02:09:20","guid":{"rendered":"https:\/\/gambling6.com\/lotteri\/hur-kan-jag-kopa-lotter-till-euromillions-lotteriet-online-fran-lander-utanfor-europa\/"},"modified":"2025-11-12T18:48:35","modified_gmt":"2025-11-12T18:48:35","slug":"hur-kan-jag-kopa-lotter-till-euromillions-lotteriet-online-fran-lander-utanfor-europa","status":"publish","type":"page","link":"https:\/\/gambling6.com\/sv\/lotteri\/hur-kan-jag-kopa-lotter-till-euromillions-lotteriet-online-fran-lander-utanfor-europa\/","title":{"rendered":"Hur kan jag k\u00f6pa lotter till Euromillions-lotteriet online fr\u00e5n l\u00e4nder utanf\u00f6r Europa?"},"content":{"rendered":"<h2>Euro Millions<\/h2>\n<p>Med 185 miljoner euro p\u00e5 spel och den vanliga <span style=\"box-sizing: border-box; margin: 0px; padding: 0px;\">chansen att vinna \u00f6ver 100 miljoner euro, <strong>kavar folk till sina datorer f\u00f6r att k\u00f6pa lotter till EuroMillions-lotteriet online.<\/strong> Euromillions spelas i 9 l\u00e4nder \u00f6ver hela Europa och f\u00f6rra \u00e5ret betalade det ut \u00f6ver 2,5 miljarder dollar i priser. Varf\u00f6r skulle du inte vilja ha chansen att vinna denna jackpott? Allt du beh\u00f6ver g\u00f6ra \u00e4r att bes\u00f6ka v\u00e5r partner RedFoxLotto och skaffa dina lotter online. Att spela RedFoxLotto har aldrig varit enklare.<\/p>\n<p><strong>Du kan k\u00f6pa lotter till Euromillions-lotteriet online tv\u00e5 g\u00e5nger i veckan<\/strong> och genom att g\u00f6ra det har du chansen att vinna upp till 13 olika prisniv\u00e5er. F\u00f6r att k\u00f6pa lotter online, v\u00e4lj 5 huvudnummer fr\u00e5n 1 till 50. F\u00f6r det andra finns det tv\u00e5 lyckostj\u00e4rnenummer, b\u00e5da mellan 1 och 11, som dras fr\u00e5n en separat maskin. F\u00f6r att h\u00e4mta f\u00f6rstaprisjackpotten m\u00e5ste du matcha alla sju nummer.<\/p>\n<h2>Varf\u00f6r spela Euromillions-lotteriet online?<\/h2>\n<p><img loading=\"lazy\" decoding=\"async\" class=\"wp-image-1437 alignright\" src=\"https:\/\/gambling6.com\/wp-content\/uploads\/2022\/04\/2_ticket_euromillions-112x300.jpg\" alt=\"EuroMillions-lott\" width=\"99\" height=\"265\" srcset=\"https:\/\/gambling6.com\/wp-content\/uploads\/2022\/04\/2_ticket_euromillions-112x300.jpg 112w, https:\/\/gambling6.com\/wp-content\/uploads\/2022\/04\/2_ticket_euromillions.jpg 200w\" sizes=\"auto, (max-width: 99px) 100vw, 99px\" \/>Lotterifebern i Europa kan \u2013 och har \u2013 n\u00e5tt epidemiska niv\u00e5er. D\u00e4rf\u00f6r k\u00f6ar folk varje vecka f\u00f6r att spela det st\u00f6rsta lotteriet i Europa med en av de tre st\u00f6rsta jackpottarna som finns i v\u00e4rlden. Euromillions-lotteriet startade 2004 och spelas i Belgien, Frankrike, Irland, \u00d6sterrike, Luxemburg, Spanien, Portugal, Schweiz och Storbritannien. Ett skotskt par vann den st\u00f6rsta jackpotten n\u00e5gonsin i juli 2011 och h\u00e4mtade ut 185 miljoner euro.<\/p>\n<p>F\u00f6rutom alla europeiska spelare i de l\u00e4nder som n\u00e4mns ovan k\u00f6per miljontals m\u00e4nniskor lotter online varje vecka. Att f\u00e5 tag p\u00e5 dina lotter till EuroMillions-lotteriet \u00e4r mycket enkelt: bes\u00f6k v\u00e5r partner RedFoxLotto. Oddsen att vinna f\u00f6rstaprisjackpotten i EuroMillions-lotteriet \u00e4r 1 p\u00e5 116 531 800. Men f\u00f6r att delta i en av de andra 13 prisniv\u00e5erna \u00e4r dina totala chanser en p\u00e5 13.<\/p>\n<p>\u00c5terigen hittar du EuroMillions-lotteriet, ett av de mest sp\u00e4nnande att spela i v\u00e4rlden. <span style=\"box-sizing: border-box; margin: 0px; padding: 0px;\">Ta dig tid att <a href=\"https:\/\/gambling6.com\/go\/redfoxlotto-en\/\" target=\"_blank\" rel=\"noopener\">bes\u00f6ka RedFoxLotto idag genom att f\u00f6lja den h\u00e4r l\u00e4nken<\/a>, \u00f6ppna ett konto och b\u00f6rja spela detta gigantiska europeiska lotteri.<\/span> Vi \u00e4r s\u00e4kra p\u00e5 att du kommer att bli glad att du gjorde det. Det \u00e4r enkelt att f\u00e5 tag p\u00e5 lotter online till EuroMillions och andra popul\u00e4ra lotterier v\u00e4rlden \u00f6ver.<\/p>\n<table style=\"width: 500px;\" border=\"1\" cellspacing=\"5\" cellpadding=\"5\" align=\"center\">\n<tbody>\n<tr>\n<td colspan=\"3\" align=\"center\">De fem st\u00f6rsta jackpottarna f\u00f6r 2013<\/td>\n<\/tr>\n<tr>\n<td>Dragning<\/td>\n<td align=\"center\">Datum<\/td>\n<td align=\"center\">Jackpott (USD)<\/td>\n<\/tr>\n<tr>\n<td>Euro Millions &#8211; Europa<\/td>\n<td align=\"center\">25 juni 2013<\/td>\n<td align=\"right\">260 129 094 dollar<\/td>\n<\/tr>\n<tr>\n<td>Euro Millions &#8211; Europa<\/td>\n<td align=\"center\">15 november 2013<\/td>\n<td align=\"right\">137 000 000 USD<\/td>\n<\/tr>\n<tr>\n<td>Euro Millions &#8211; Europa<\/td>\n<td align=\"center\">28 maj 2013<\/td>\n<td align=\"right\">132 676 542 USD<\/td>\n<\/tr>\n<tr>\n<td>Euro Millions &#8211; Europa<\/td>\n<td align=\"center\">25 juni 2013<\/td>\n<td align=\"right\">131 636 203 USD<\/td>\n<\/tr>\n<tr>\n<td>Euro Millions &#8211; Europa<\/td>\n<td align=\"center\">23 augusti 2013<\/td>\n<td align=\"right\">131 628 767 USD<\/td>\n<\/tr>\n<\/tbody>\n<\/table>\n<p>&nbsp;<\/p>\n<table style=\"width: 500px;\" border=\"1\" cellspacing=\"5\" cellpadding=\"5\" align=\"center\">\n<tbody>\n<tr>\n<td colspan=\"3\" align=\"center\">Euro Millions vinstniv\u00e5er<\/td>\n<\/tr>\n<tr>\n<td>Pris<\/td>\n<td align=\"center\">Matcher<\/td>\n<td align=\"center\">Odds<\/td>\n<\/tr>\n<tr>\n<td>1:a (Jackpott)<\/td>\n<td align=\"center\">5 + 2<\/td>\n<td align=\"right\">116 531 800 : 1<\/td>\n<\/tr>\n<tr>\n<td>2:a<\/td>\n<td align=\"center\">5 + 1<\/td>\n<td align=\"right\">6 473 989 : 1<\/td>\n<\/tr>\n<tr>\n<td>3:e<\/td>\n<td align=\"center\">5<\/td>\n<td align=\"right\">3 236 994 : 1<\/td>\n<\/tr>\n<tr>\n<td>4:e<\/td>\n<td align=\"center\">4 + 2<\/td>\n<td align=\"right\">517 919 : 1<\/td>\n<\/tr>\n<tr>\n<td>5:e<\/td>\n<td align=\"center\">4 + 1<\/td>\n<td align=\"right\">28 773 : 1<\/td>\n<\/tr>\n<tr>\n<td>6:e<\/td>\n<td align=\"center\">4<\/td>\n<td align=\"right\">14 387 : 1<\/td>\n<\/tr>\n<tr>\n<td>7:e<\/td>\n<td align=\"center\">3 + 2<\/td>\n<td align=\"right\">11 771 : 1<\/td>\n<\/tr>\n<tr>\n<td>8:e<\/td>\n<td align=\"center\">2 + 2<\/td>\n<td align=\"right\">821 : 1<\/td>\n<\/tr>\n<tr>\n<td>9:e<\/td>\n<td align=\"center\">3 + 1<\/td>\n<td align=\"right\">654 : 1<\/td>\n<\/tr>\n<tr>\n<td>10:e<\/td>\n<td align=\"center\">3<\/td>\n<td align=\"right\">327 : 1<\/td>\n<\/tr>\n<tr>\n<td>11:e<\/td>\n<td align=\"center\">1 + 2<\/td>\n<td align=\"right\">156 : 1<\/td>\n<\/tr>\n<tr>\n<td>12:e<\/td>\n<td align=\"center\">2 + 1<\/td>\n<td align=\"right\">46 : 1<\/td>\n<\/tr>\n<tr>\n<td>13:e<\/td>\n<td align=\"center\">2<\/td>\n<td align=\"right\">23 : 1<\/td>\n<\/tr>\n<\/tbody>\n<\/table>\n","protected":false},"excerpt":{"rendered":"<p>Euro Millions Med 185 miljoner euro p\u00e5 spel och den vanliga chansen att vinna \u00f6ver 100 miljoner euro, kavar folk till sina datorer f\u00f6r att k\u00f6pa lotter till EuroMillions-lotteriet online. Euromillions spelas i 9 l\u00e4nder \u00f6ver hela Europa och f\u00f6rra \u00e5ret betalade det ut \u00f6ver 2,5 miljarder dollar i priser. Varf\u00f6r skulle du inte vilja [&hellip;]<\/p>\n","protected":false},"author":1,"featured_media":0,"parent":9325,"menu_order":2,"comment_status":"closed","ping_status":"closed","template":"","meta":{"footnotes":""},"class_list":["post-9414","page","type-page","status-publish","hentry"],"yoast_head":"<!-- This site is optimized with the Yoast SEO plugin v27.3 - https:\/\/yoast.com\/product\/yoast-seo-wordpress\/ -->\n<title>K\u00f6p lotter online till Euromillions-lotteriet<\/title>\n<meta name=\"description\" content=\"Se till att k\u00f6pa dina lotter online till Europas st\u00f6rsta lotteri, Euromillions och Euromillions UK, fr\u00e5n en p\u00e5litlig leverant\u00f6r som RedFoxLotto.com.\" \/>\n<meta name=\"robots\" content=\"index, follow, max-snippet:-1, max-image-preview:large, max-video-preview:-1\" \/>\n<link rel=\"canonical\" href=\"https:\/\/gambling6.com\/sv\/lotteri\/hur-kan-jag-kopa-lotter-till-euromillions-lotteriet-online-fran-lander-utanfor-europa\/\" \/>\n<meta property=\"og:locale\" content=\"sv_SE\" \/>\n<meta property=\"og:type\" content=\"article\" \/>\n<meta property=\"og:title\" content=\"K\u00f6p lotter online till Euromillions-lotteriet\" \/>\n<meta property=\"og:description\" content=\"Se till att k\u00f6pa dina lotter online till Europas st\u00f6rsta lotteri, Euromillions och Euromillions UK, fr\u00e5n en p\u00e5litlig leverant\u00f6r som RedFoxLotto.com.\" \/>\n<meta property=\"og:url\" content=\"https:\/\/gambling6.com\/sv\/lotteri\/hur-kan-jag-kopa-lotter-till-euromillions-lotteriet-online-fran-lander-utanfor-europa\/\" \/>\n<meta property=\"og:site_name\" content=\"Gambling6\" \/>\n<meta property=\"article:modified_time\" content=\"2025-11-12T18:48:35+00:00\" \/>\n<meta property=\"og:image\" content=\"https:\/\/gambling6.com\/wp-content\/uploads\/2022\/04\/2_ticket_euromillions.jpg\" \/>\n\t<meta property=\"og:image:width\" content=\"200\" \/>\n\t<meta property=\"og:image:height\" content=\"534\" \/>\n\t<meta property=\"og:image:type\" content=\"image\/jpeg\" \/>\n<meta name=\"twitter:card\" content=\"summary_large_image\" \/>\n<meta name=\"twitter:label1\" content=\"Ber\u00e4knad l\u00e4stid\" \/>\n\t<meta name=\"twitter:data1\" content=\"2 minuter\" \/>\n<script type=\"application\/ld+json\" class=\"yoast-schema-graph\">{\"@context\":\"https:\\\/\\\/schema.org\",\"@graph\":[{\"@type\":\"WebPage\",\"@id\":\"https:\\\/\\\/gambling6.com\\\/sv\\\/lotteri\\\/hur-kan-jag-kopa-lotter-till-euromillions-lotteriet-online-fran-lander-utanfor-europa\\\/\",\"url\":\"https:\\\/\\\/gambling6.com\\\/sv\\\/lotteri\\\/hur-kan-jag-kopa-lotter-till-euromillions-lotteriet-online-fran-lander-utanfor-europa\\\/\",\"name\":\"K\u00f6p lotter online till Euromillions-lotteriet\",\"isPartOf\":{\"@id\":\"https:\\\/\\\/gambling6.com\\\/sv\\\/#website\"},\"primaryImageOfPage\":{\"@id\":\"https:\\\/\\\/gambling6.com\\\/sv\\\/lotteri\\\/hur-kan-jag-kopa-lotter-till-euromillions-lotteriet-online-fran-lander-utanfor-europa\\\/#primaryimage\"},\"image\":{\"@id\":\"https:\\\/\\\/gambling6.com\\\/sv\\\/lotteri\\\/hur-kan-jag-kopa-lotter-till-euromillions-lotteriet-online-fran-lander-utanfor-europa\\\/#primaryimage\"},\"thumbnailUrl\":\"https:\\\/\\\/gambling6.com\\\/wp-content\\\/uploads\\\/2022\\\/04\\\/2_ticket_euromillions-112x300.jpg\",\"datePublished\":\"2025-11-11T02:09:20+00:00\",\"dateModified\":\"2025-11-12T18:48:35+00:00\",\"description\":\"Se till att k\u00f6pa dina lotter online till Europas st\u00f6rsta lotteri, Euromillions och Euromillions UK, fr\u00e5n en p\u00e5litlig leverant\u00f6r som RedFoxLotto.com.\",\"breadcrumb\":{\"@id\":\"https:\\\/\\\/gambling6.com\\\/sv\\\/lotteri\\\/hur-kan-jag-kopa-lotter-till-euromillions-lotteriet-online-fran-lander-utanfor-europa\\\/#breadcrumb\"},\"inLanguage\":\"sv-SE\",\"potentialAction\":[{\"@type\":\"ReadAction\",\"target\":[\"https:\\\/\\\/gambling6.com\\\/sv\\\/lotteri\\\/hur-kan-jag-kopa-lotter-till-euromillions-lotteriet-online-fran-lander-utanfor-europa\\\/\"]}]},{\"@type\":\"ImageObject\",\"inLanguage\":\"sv-SE\",\"@id\":\"https:\\\/\\\/gambling6.com\\\/sv\\\/lotteri\\\/hur-kan-jag-kopa-lotter-till-euromillions-lotteriet-online-fran-lander-utanfor-europa\\\/#primaryimage\",\"url\":\"https:\\\/\\\/gambling6.com\\\/wp-content\\\/uploads\\\/2022\\\/04\\\/2_ticket_euromillions-112x300.jpg\",\"contentUrl\":\"https:\\\/\\\/gambling6.com\\\/wp-content\\\/uploads\\\/2022\\\/04\\\/2_ticket_euromillions-112x300.jpg\"},{\"@type\":\"BreadcrumbList\",\"@id\":\"https:\\\/\\\/gambling6.com\\\/sv\\\/lotteri\\\/hur-kan-jag-kopa-lotter-till-euromillions-lotteriet-online-fran-lander-utanfor-europa\\\/#breadcrumb\",\"itemListElement\":[{\"@type\":\"ListItem\",\"position\":1,\"name\":\"Home\",\"item\":\"https:\\\/\\\/gambling6.com\\\/sv\\\/home\\\/\"},{\"@type\":\"ListItem\",\"position\":2,\"name\":\"Lotteri\",\"item\":\"https:\\\/\\\/gambling6.com\\\/sv\\\/lotteri\\\/\"},{\"@type\":\"ListItem\",\"position\":3,\"name\":\"Hur kan jag k\u00f6pa lotter till Euromillions-lotteriet online fr\u00e5n l\u00e4nder utanf\u00f6r Europa?\"}]},{\"@type\":\"WebSite\",\"@id\":\"https:\\\/\\\/gambling6.com\\\/sv\\\/#website\",\"url\":\"https:\\\/\\\/gambling6.com\\\/sv\\\/\",\"name\":\"Gambling6\",\"description\":\"\",\"potentialAction\":[{\"@type\":\"SearchAction\",\"target\":{\"@type\":\"EntryPoint\",\"urlTemplate\":\"https:\\\/\\\/gambling6.com\\\/sv\\\/?s={search_term_string}\"},\"query-input\":{\"@type\":\"PropertyValueSpecification\",\"valueRequired\":true,\"valueName\":\"search_term_string\"}}],\"inLanguage\":\"sv-SE\"}]}<\/script>\n<!-- \/ Yoast SEO plugin. -->","yoast_head_json":{"title":"K\u00f6p lotter online till Euromillions-lotteriet","description":"Se till att k\u00f6pa dina lotter online till Europas st\u00f6rsta lotteri, Euromillions och Euromillions UK, fr\u00e5n en p\u00e5litlig leverant\u00f6r som RedFoxLotto.com.","robots":{"index":"index","follow":"follow","max-snippet":"max-snippet:-1","max-image-preview":"max-image-preview:large","max-video-preview":"max-video-preview:-1"},"canonical":"https:\/\/gambling6.com\/sv\/lotteri\/hur-kan-jag-kopa-lotter-till-euromillions-lotteriet-online-fran-lander-utanfor-europa\/","og_locale":"sv_SE","og_type":"article","og_title":"K\u00f6p lotter online till Euromillions-lotteriet","og_description":"Se till att k\u00f6pa dina lotter online till Europas st\u00f6rsta lotteri, Euromillions och Euromillions UK, fr\u00e5n en p\u00e5litlig leverant\u00f6r som RedFoxLotto.com.","og_url":"https:\/\/gambling6.com\/sv\/lotteri\/hur-kan-jag-kopa-lotter-till-euromillions-lotteriet-online-fran-lander-utanfor-europa\/","og_site_name":"Gambling6","article_modified_time":"2025-11-12T18:48:35+00:00","og_image":[{"width":200,"height":534,"url":"https:\/\/gambling6.com\/wp-content\/uploads\/2022\/04\/2_ticket_euromillions.jpg","type":"image\/jpeg"}],"twitter_card":"summary_large_image","twitter_misc":{"Ber\u00e4knad l\u00e4stid":"2 minuter"},"schema":{"@context":"https:\/\/schema.org","@graph":[{"@type":"WebPage","@id":"https:\/\/gambling6.com\/sv\/lotteri\/hur-kan-jag-kopa-lotter-till-euromillions-lotteriet-online-fran-lander-utanfor-europa\/","url":"https:\/\/gambling6.com\/sv\/lotteri\/hur-kan-jag-kopa-lotter-till-euromillions-lotteriet-online-fran-lander-utanfor-europa\/","name":"K\u00f6p lotter online till Euromillions-lotteriet","isPartOf":{"@id":"https:\/\/gambling6.com\/sv\/#website"},"primaryImageOfPage":{"@id":"https:\/\/gambling6.com\/sv\/lotteri\/hur-kan-jag-kopa-lotter-till-euromillions-lotteriet-online-fran-lander-utanfor-europa\/#primaryimage"},"image":{"@id":"https:\/\/gambling6.com\/sv\/lotteri\/hur-kan-jag-kopa-lotter-till-euromillions-lotteriet-online-fran-lander-utanfor-europa\/#primaryimage"},"thumbnailUrl":"https:\/\/gambling6.com\/wp-content\/uploads\/2022\/04\/2_ticket_euromillions-112x300.jpg","datePublished":"2025-11-11T02:09:20+00:00","dateModified":"2025-11-12T18:48:35+00:00","description":"Se till att k\u00f6pa dina lotter online till Europas st\u00f6rsta lotteri, Euromillions och Euromillions UK, fr\u00e5n en p\u00e5litlig leverant\u00f6r som RedFoxLotto.com.","breadcrumb":{"@id":"https:\/\/gambling6.com\/sv\/lotteri\/hur-kan-jag-kopa-lotter-till-euromillions-lotteriet-online-fran-lander-utanfor-europa\/#breadcrumb"},"inLanguage":"sv-SE","potentialAction":[{"@type":"ReadAction","target":["https:\/\/gambling6.com\/sv\/lotteri\/hur-kan-jag-kopa-lotter-till-euromillions-lotteriet-online-fran-lander-utanfor-europa\/"]}]},{"@type":"ImageObject","inLanguage":"sv-SE","@id":"https:\/\/gambling6.com\/sv\/lotteri\/hur-kan-jag-kopa-lotter-till-euromillions-lotteriet-online-fran-lander-utanfor-europa\/#primaryimage","url":"https:\/\/gambling6.com\/wp-content\/uploads\/2022\/04\/2_ticket_euromillions-112x300.jpg","contentUrl":"https:\/\/gambling6.com\/wp-content\/uploads\/2022\/04\/2_ticket_euromillions-112x300.jpg"},{"@type":"BreadcrumbList","@id":"https:\/\/gambling6.com\/sv\/lotteri\/hur-kan-jag-kopa-lotter-till-euromillions-lotteriet-online-fran-lander-utanfor-europa\/#breadcrumb","itemListElement":[{"@type":"ListItem","position":1,"name":"Home","item":"https:\/\/gambling6.com\/sv\/home\/"},{"@type":"ListItem","position":2,"name":"Lotteri","item":"https:\/\/gambling6.com\/sv\/lotteri\/"},{"@type":"ListItem","position":3,"name":"Hur kan jag k\u00f6pa lotter till Euromillions-lotteriet online fr\u00e5n l\u00e4nder utanf\u00f6r Europa?"}]},{"@type":"WebSite","@id":"https:\/\/gambling6.com\/sv\/#website","url":"https:\/\/gambling6.com\/sv\/","name":"Gambling6","description":"","potentialAction":[{"@type":"SearchAction","target":{"@type":"EntryPoint","urlTemplate":"https:\/\/gambling6.com\/sv\/?s={search_term_string}"},"query-input":{"@type":"PropertyValueSpecification","valueRequired":true,"valueName":"search_term_string"}}],"inLanguage":"sv-SE"}]}},"_links":{"self":[{"href":"https:\/\/gambling6.com\/sv\/wp-json\/wp\/v2\/pages\/9414","targetHints":{"allow":["GET"]}}],"collection":[{"href":"https:\/\/gambling6.com\/sv\/wp-json\/wp\/v2\/pages"}],"about":[{"href":"https:\/\/gambling6.com\/sv\/wp-json\/wp\/v2\/types\/page"}],"author":[{"embeddable":true,"href":"https:\/\/gambling6.com\/sv\/wp-json\/wp\/v2\/users\/1"}],"replies":[{"embeddable":true,"href":"https:\/\/gambling6.com\/sv\/wp-json\/wp\/v2\/comments?post=9414"}],"version-history":[{"count":2,"href":"https:\/\/gambling6.com\/sv\/wp-json\/wp\/v2\/pages\/9414\/revisions"}],"predecessor-version":[{"id":10771,"href":"https:\/\/gambling6.com\/sv\/wp-json\/wp\/v2\/pages\/9414\/revisions\/10771"}],"up":[{"embeddable":true,"href":"https:\/\/gambling6.com\/sv\/wp-json\/wp\/v2\/pages\/9325"}],"wp:attachment":[{"href":"https:\/\/gambling6.com\/sv\/wp-json\/wp\/v2\/media?parent=9414"}],"curies":[{"name":"wp","href":"https:\/\/api.w.org\/{rel}","templated":true}]}}