{"id":9438,"date":"2025-11-11T02:47:11","date_gmt":"2025-11-11T02:47:11","guid":{"rendered":"https:\/\/gambling6.com\/lotteri\/kop-lotter-till-new-york-lotteriet-online\/"},"modified":"2025-11-11T02:47:11","modified_gmt":"2025-11-11T02:47:11","slug":"kop-lotter-till-new-york-lotteriet-online","status":"publish","type":"page","link":"https:\/\/gambling6.com\/sv\/lotteri\/kop-lotter-till-new-york-lotteriet-online\/","title":{"rendered":"K\u00f6p lotter till New York-lotteriet online"},"content":{"rendered":"<h2>New York-lotteriet online<\/h2>\n<p>Med jackpottar som b\u00f6rjar p\u00e5 3 miljoner dollar blir New York-lotteriet lika stort som staden sj\u00e4lv n\u00e4r det g\u00e4ller dragningsdagen. F\u00f6r din information \u00e4r den l\u00e4gsta jackpotten mycket h\u00f6gre \u00e4n de flesta, <strong>s\u00e5 n\u00e4r du fattar ett beslut, \u00f6verv\u00e4g att k\u00f6pa lotter online till New York-lotteriet<\/strong>.<\/p>\n<p>Om jackpotten inte vinns kan du f\u00f6rv\u00e4nta dig rollover-jackpottar, som ofta eskaleras till 10 siffror. Faktum \u00e4r att rekordjackpotten f\u00f6r New York-lotteriet \u00e4r 58 miljoner dollar. <strong>Med m\u00f6jligheten att k\u00f6pa dina lotter online kan du delta i n\u00e4sta rekordjackpott.<\/strong><\/p>\n<h2>New York-lotteriet dras tv\u00e5 g\u00e5nger i veckan.<\/h2>\n<p>Jackpotten \u00e4r alltid miljontals dollar i dragningen som h\u00e5lls tv\u00e5 g\u00e5nger i veckan i New York City. Det \u00e4r bara logiskt att en av de st\u00f6rsta st\u00e4derna i v\u00e4rlden har ett jackpottlotteri som b\u00f6rjar som ett av de st\u00f6rsta i v\u00e4rlden. Varje vecka k\u00f6ar miljontals New York-inv\u00e5nare f\u00f6r att k\u00f6pa lotter till detta livsf\u00f6r\u00e4ndrande lotteri. <b>Du beh\u00f6ver inte k\u00f6a om du kan k\u00f6pa lotter online.<\/b><\/p>\n<p>Som ett av de \u00e4ldsta lotterierna i USA, grundat 1967, har New York Lottery samlat in n\u00e4rmare 40 miljarder dollar till v\u00e4lg\u00f6renhet v\u00e4rlden \u00f6ver. \u00c5r 2004 drog en enda lottinnehavare in hela 58 miljoner dollar, vilket vid den tiden var en av de st\u00f6rsta lotterivinsterna i USA:s historia.<\/p>\n<p>New York Lottery \u00e4r enkelt att spela. Detta 6\/59-liknande lotto kr\u00e4ver att du v\u00e4ljer sex nummer fr\u00e5n 1 till 59 tillsammans med bonusnumret.<strong> F\u00f6r att vinna jackpotten m\u00e5ste du matcha sex prim\u00e4rnummer, och dina odds \u00e4r ungef\u00e4r 1 p\u00e5 45 miljoner.<\/strong> Genom att matcha fem, fyra eller tre nummer kan du delta i ett av de fem sekund\u00e4ra priserna som finns tillg\u00e4ngliga f\u00f6r varje dragning p\u00e5 onsdag och l\u00f6rdag varje vecka.<\/p>\n<p>New York-lotteriet \u00e4r ett spel som alla vill spela, och nu <span style=\"box-sizing: border-box; margin: 0px; padding: 0px;\">kan du <a href=\"https:\/\/gambling6.com\/go\/redfoxlotto-en\/\" target=\"_blank\" rel=\"noopener\">k\u00f6pa dina lotter online via v\u00e5r partner RedFoxLotto med hj\u00e4lp av<\/a><\/span><a class=\"thirstylink\" title=\"RedFoxLotto en\" href=\"https:\/\/gambling6.com\/go\/redfoxlotto-en\/\" target=\"_blank\" rel=\"nofollow noopener\">den h\u00e4r l\u00e4nken.<\/a> border=&#8221;1&#8243; cellspacing=&#8221;5&#8243; cellpadding=&#8221;5&#8243; align=&#8221;center&#8221;><\/p>\n<tbody>\n<tr>\n<td colspan=\"3\" align=\"center\">De fem b\u00e4sta jackpottarna f\u00f6r 2013<\/td>\n<\/tr>\n<tr>\n<td>Dragning<\/td>\n<td align=\"center\">Datum<\/td>\n<td align=\"center\">Jackpott (USD)<\/td>\n<\/tr>\n<tr>\n<td>New York Lotto &#8211; USA<\/td>\n<td align=\"center\">10 april 2013<\/td>\n<td align=\"right\">26 500 000 dollar<\/td>\n<\/tr>\n<tr>\n<td>New York Lotto &#8211; USA<\/td>\n<td align=\"center\">29 juni 2013<\/td>\n<td align=\"right\">10 700 000 USD<\/td>\n<\/tr>\n<tr>\n<td>New York Lotto &#8211; USA<\/td>\n<td align=\"center\">4 sep-13<\/td>\n<td align=\"right\">7 100 000 USD<\/td>\n<\/tr>\n<tr>\n<td>New York Lotto &#8211; USA<\/td>\n<td align=\"center\">6 nov-13<\/td>\n<td align=\"right\">6 200 000 USD<\/td>\n<\/tr>\n<tr>\n<td>New York Lotto &#8211; USA<\/td>\n<td align=\"center\">23 nov-13<\/td>\n<td align=\"right\">3 200 000 USD<\/td>\n<\/tr>\n<\/tbody>\n<\/table>\n<p>&nbsp;<\/p>\n<table style=\"width: 500px;\" border=\"1\" cellspacing=\"5\" cellpadding=\"5\" align=\"center\">\n<tbody>\n<tr>\n<td colspan=\"3\" align=\"center\">New York Lotto &#8211; USA:s vinstniv\u00e5er<\/td>\n<\/tr>\n<tr>\n<td>Pris<\/td>\n<td align=\"center\">Matcher<\/td>\n<td align=\"center\">Odds<\/td>\n<\/tr>\n<tr>\n<td>1:a (Jackpott)<\/td>\n<td align=\"center\">6<\/td>\n<td align=\"right\">45 057 474 : 1<\/td>\n<\/tr>\n<tr>\n<td>2:a<\/td>\n<td align=\"center\">5 + 1<\/td>\n<td align=\"right\">7 509 579 : 1<\/td>\n<\/tr>\n<tr>\n<td>3:e<\/td>\n<td align=\"center\">5<\/td>\n<td align=\"right\">141 690 : 1<\/td>\n<\/tr>\n<tr>\n<td>4:e<\/td>\n<td align=\"center\">4<\/td>\n<td align=\"right\">2 180 : 1<\/td>\n<\/tr>\n<tr>\n<td>5:e<\/td>\n<td align=\"center\">3<\/td>\n<td align=\"right\">96 : 1<\/td>\n<\/tr>\n<\/tbody>\n<\/table>\n","protected":false},"excerpt":{"rendered":"<p>New York-lotteriet online Med jackpottar som b\u00f6rjar p\u00e5 3 miljoner dollar blir New York-lotteriet lika stort som staden sj\u00e4lv n\u00e4r det g\u00e4ller dragningsdagen. F\u00f6r din information \u00e4r den l\u00e4gsta jackpotten mycket h\u00f6gre \u00e4n de flesta, s\u00e5 n\u00e4r du fattar ett beslut, \u00f6verv\u00e4g att k\u00f6pa lotter online till New York-lotteriet. Om jackpotten inte vinns kan du [&hellip;]<\/p>\n","protected":false},"author":1,"featured_media":0,"parent":9325,"menu_order":12,"comment_status":"closed","ping_status":"closed","template":"","meta":{"footnotes":""},"class_list":["post-9438","page","type-page","status-publish","hentry"],"yoast_head":"<!-- This site is optimized with the Yoast SEO plugin v27.3 - https:\/\/yoast.com\/product\/yoast-seo-wordpress\/ -->\n<title>K\u00f6p lotter till New York-lotteriet online<\/title>\n<meta name=\"description\" content=\"Bli en omedelbar miljon\u00e4r genom att k\u00f6pa dina lotter online till New York Lotto.\" \/>\n<meta name=\"robots\" content=\"index, follow, max-snippet:-1, max-image-preview:large, max-video-preview:-1\" \/>\n<link rel=\"canonical\" href=\"https:\/\/gambling6.com\/sv\/lotteri\/kop-lotter-till-new-york-lotteriet-online\/\" \/>\n<meta property=\"og:locale\" content=\"sv_SE\" \/>\n<meta property=\"og:type\" content=\"article\" \/>\n<meta property=\"og:title\" content=\"K\u00f6p lotter till New York-lotteriet online\" \/>\n<meta property=\"og:description\" content=\"Bli en omedelbar miljon\u00e4r genom att k\u00f6pa dina lotter online till New York Lotto.\" \/>\n<meta property=\"og:url\" content=\"https:\/\/gambling6.com\/sv\/lotteri\/kop-lotter-till-new-york-lotteriet-online\/\" \/>\n<meta property=\"og:site_name\" content=\"Gambling6\" \/>\n<meta name=\"twitter:card\" content=\"summary_large_image\" \/>\n<meta name=\"twitter:label1\" content=\"Ber\u00e4knad l\u00e4stid\" \/>\n\t<meta name=\"twitter:data1\" content=\"2 minuter\" \/>\n<script type=\"application\/ld+json\" class=\"yoast-schema-graph\">{\"@context\":\"https:\\\/\\\/schema.org\",\"@graph\":[{\"@type\":\"WebPage\",\"@id\":\"https:\\\/\\\/gambling6.com\\\/sv\\\/lotteri\\\/kop-lotter-till-new-york-lotteriet-online\\\/\",\"url\":\"https:\\\/\\\/gambling6.com\\\/sv\\\/lotteri\\\/kop-lotter-till-new-york-lotteriet-online\\\/\",\"name\":\"K\u00f6p lotter till New York-lotteriet online\",\"isPartOf\":{\"@id\":\"https:\\\/\\\/gambling6.com\\\/sv\\\/#website\"},\"datePublished\":\"2025-11-11T02:47:11+00:00\",\"description\":\"Bli en omedelbar miljon\u00e4r genom att k\u00f6pa dina lotter online till New York Lotto.\",\"breadcrumb\":{\"@id\":\"https:\\\/\\\/gambling6.com\\\/sv\\\/lotteri\\\/kop-lotter-till-new-york-lotteriet-online\\\/#breadcrumb\"},\"inLanguage\":\"sv-SE\",\"potentialAction\":[{\"@type\":\"ReadAction\",\"target\":[\"https:\\\/\\\/gambling6.com\\\/sv\\\/lotteri\\\/kop-lotter-till-new-york-lotteriet-online\\\/\"]}]},{\"@type\":\"BreadcrumbList\",\"@id\":\"https:\\\/\\\/gambling6.com\\\/sv\\\/lotteri\\\/kop-lotter-till-new-york-lotteriet-online\\\/#breadcrumb\",\"itemListElement\":[{\"@type\":\"ListItem\",\"position\":1,\"name\":\"Home\",\"item\":\"https:\\\/\\\/gambling6.com\\\/sv\\\/home\\\/\"},{\"@type\":\"ListItem\",\"position\":2,\"name\":\"Lotteri\",\"item\":\"https:\\\/\\\/gambling6.com\\\/sv\\\/lotteri\\\/\"},{\"@type\":\"ListItem\",\"position\":3,\"name\":\"K\u00f6p lotter till New York-lotteriet online\"}]},{\"@type\":\"WebSite\",\"@id\":\"https:\\\/\\\/gambling6.com\\\/sv\\\/#website\",\"url\":\"https:\\\/\\\/gambling6.com\\\/sv\\\/\",\"name\":\"Gambling6\",\"description\":\"\",\"potentialAction\":[{\"@type\":\"SearchAction\",\"target\":{\"@type\":\"EntryPoint\",\"urlTemplate\":\"https:\\\/\\\/gambling6.com\\\/sv\\\/?s={search_term_string}\"},\"query-input\":{\"@type\":\"PropertyValueSpecification\",\"valueRequired\":true,\"valueName\":\"search_term_string\"}}],\"inLanguage\":\"sv-SE\"}]}<\/script>\n<!-- \/ Yoast SEO plugin. -->","yoast_head_json":{"title":"K\u00f6p lotter till New York-lotteriet online","description":"Bli en omedelbar miljon\u00e4r genom att k\u00f6pa dina lotter online till New York Lotto.","robots":{"index":"index","follow":"follow","max-snippet":"max-snippet:-1","max-image-preview":"max-image-preview:large","max-video-preview":"max-video-preview:-1"},"canonical":"https:\/\/gambling6.com\/sv\/lotteri\/kop-lotter-till-new-york-lotteriet-online\/","og_locale":"sv_SE","og_type":"article","og_title":"K\u00f6p lotter till New York-lotteriet online","og_description":"Bli en omedelbar miljon\u00e4r genom att k\u00f6pa dina lotter online till New York Lotto.","og_url":"https:\/\/gambling6.com\/sv\/lotteri\/kop-lotter-till-new-york-lotteriet-online\/","og_site_name":"Gambling6","twitter_card":"summary_large_image","twitter_misc":{"Ber\u00e4knad l\u00e4stid":"2 minuter"},"schema":{"@context":"https:\/\/schema.org","@graph":[{"@type":"WebPage","@id":"https:\/\/gambling6.com\/sv\/lotteri\/kop-lotter-till-new-york-lotteriet-online\/","url":"https:\/\/gambling6.com\/sv\/lotteri\/kop-lotter-till-new-york-lotteriet-online\/","name":"K\u00f6p lotter till New York-lotteriet online","isPartOf":{"@id":"https:\/\/gambling6.com\/sv\/#website"},"datePublished":"2025-11-11T02:47:11+00:00","description":"Bli en omedelbar miljon\u00e4r genom att k\u00f6pa dina lotter online till New York Lotto.","breadcrumb":{"@id":"https:\/\/gambling6.com\/sv\/lotteri\/kop-lotter-till-new-york-lotteriet-online\/#breadcrumb"},"inLanguage":"sv-SE","potentialAction":[{"@type":"ReadAction","target":["https:\/\/gambling6.com\/sv\/lotteri\/kop-lotter-till-new-york-lotteriet-online\/"]}]},{"@type":"BreadcrumbList","@id":"https:\/\/gambling6.com\/sv\/lotteri\/kop-lotter-till-new-york-lotteriet-online\/#breadcrumb","itemListElement":[{"@type":"ListItem","position":1,"name":"Home","item":"https:\/\/gambling6.com\/sv\/home\/"},{"@type":"ListItem","position":2,"name":"Lotteri","item":"https:\/\/gambling6.com\/sv\/lotteri\/"},{"@type":"ListItem","position":3,"name":"K\u00f6p lotter till New York-lotteriet online"}]},{"@type":"WebSite","@id":"https:\/\/gambling6.com\/sv\/#website","url":"https:\/\/gambling6.com\/sv\/","name":"Gambling6","description":"","potentialAction":[{"@type":"SearchAction","target":{"@type":"EntryPoint","urlTemplate":"https:\/\/gambling6.com\/sv\/?s={search_term_string}"},"query-input":{"@type":"PropertyValueSpecification","valueRequired":true,"valueName":"search_term_string"}}],"inLanguage":"sv-SE"}]}},"_links":{"self":[{"href":"https:\/\/gambling6.com\/sv\/wp-json\/wp\/v2\/pages\/9438","targetHints":{"allow":["GET"]}}],"collection":[{"href":"https:\/\/gambling6.com\/sv\/wp-json\/wp\/v2\/pages"}],"about":[{"href":"https:\/\/gambling6.com\/sv\/wp-json\/wp\/v2\/types\/page"}],"author":[{"embeddable":true,"href":"https:\/\/gambling6.com\/sv\/wp-json\/wp\/v2\/users\/1"}],"replies":[{"embeddable":true,"href":"https:\/\/gambling6.com\/sv\/wp-json\/wp\/v2\/comments?post=9438"}],"version-history":[{"count":0,"href":"https:\/\/gambling6.com\/sv\/wp-json\/wp\/v2\/pages\/9438\/revisions"}],"up":[{"embeddable":true,"href":"https:\/\/gambling6.com\/sv\/wp-json\/wp\/v2\/pages\/9325"}],"wp:attachment":[{"href":"https:\/\/gambling6.com\/sv\/wp-json\/wp\/v2\/media?parent=9438"}],"curies":[{"name":"wp","href":"https:\/\/api.w.org\/{rel}","templated":true}]}}