{"id":9504,"date":"2025-11-11T04:00:42","date_gmt":"2025-11-11T04:00:42","guid":{"rendered":"https:\/\/gambling6.com\/lotteri\/delta-i-kanadas-6-49-lotto\/"},"modified":"2025-11-11T04:00:42","modified_gmt":"2025-11-11T04:00:42","slug":"delta-i-kanadas-6-49-lotto","status":"publish","type":"page","link":"https:\/\/gambling6.com\/sv\/lotteri\/delta-i-kanadas-6-49-lotto\/","title":{"rendered":"Delta i Kanadas 6\/49 Lotto"},"content":{"rendered":"<h2>Canada Lotto 6\/49<\/h2>\n<p>Sedan 1982 har tv\u00e5 saker varit garanterade i Kanada p\u00e5 vintern. Det f\u00f6rsta du kunde lita p\u00e5 var att du kunde titta p\u00e5 Hockey Night in Canada p\u00e5 CBC. Det andra du kunde f\u00f6rutsp\u00e5 var att n\u00e5gon skulle bli miljon\u00e4r genom att spela Lotto 6\/49. Idag kan du fortfarande lita p\u00e5 l\u00f6rdagskv\u00e4llens dragning. <strong>Den stora skillnaden idag \u00e4r att du kan k\u00f6pa lotter online till Kanadas Lotto 6\/49-dragning.<\/strong> Ta dig tid att <a class=\"thirstylink\" title=\"Redfoxlotto\" href=\"https:\/\/gambling6.com\/go\/redfoxlotto\/\" target=\"_blank\" rel=\"nofollow noopener\">k\u00f6pa dina lotter online idag hos v\u00e5r partner RedFoxLotto.com.<\/a><img loading=\"lazy\" decoding=\"async\" class=\"alignright size-full wp-image-562\" style=\"margin: 10px; border: 5px solid #ffffff; float: right;\" src=\"http:\/\/gambling6.com\/wp-content\/uploads\/2013\/12\/get-online-649-lotto-tickets.png\" alt=\"Lotto 6\/49 Kanada\" width=\"300\" height=\"190\" \/><\/p>\n<p>Sannolikheten att vinna f\u00f6rstapriset i Kanadas Lotto 6\/49 \u00e4r 13 983 816:1. Den totala chansen att vinna en bel\u00f6ning \u00e4r ungef\u00e4r en p\u00e5 32. F\u00f6r att f\u00e5 lotter online, v\u00e4lj f\u00f6rst sex prim\u00e4ra bollar fr\u00e5n 1 till 49. <strong>F\u00f6r att vinna en del av jackpotten m\u00e5ste du matcha alla sex dragna nummer<\/strong>. F\u00f6r att vinna andrapriset, v\u00e4lj fem prim\u00e4ra nummer plus bonusnumret korrekt. Dragningar \u00e4ger rum p\u00e5 l\u00f6rdags- och onsdagskv\u00e4llar cirka klockan 19:10 EST i Kanada. Det finns sex prisniv\u00e5er, och om ingen g\u00f6r anspr\u00e5k p\u00e5 jackpotten \u00f6verf\u00f6rs den till n\u00e4sta spel tills n\u00e5gon slutligen vinner.<\/p>\n<h2>Spela om stora jackpottar med online-lotter till Lotto 6\/49<\/h2>\n<table style=\"width: 500px;\" border=\"1\" cellspacing=\"5\" cellpadding=\"5\" align=\"center\">\n<tbody>\n<tr>\n<td colspan=\"3\" align=\"center\">De fem b\u00e4sta jackpottarna f\u00f6r 2013<\/td>\n<\/tr>\n<tr>\n<td>Dragning<\/td>\n<td align=\"center\">Datum<\/td>\n<td align=\"center\">Jackpott (USD)<\/td>\n<\/tr>\n<tr>\n<td>Lotto 6\/49 &#8211; Kanada<\/td>\n<td align=\"center\">13 april 2013<\/td>\n<td align=\"right\">58 974 913 dollar<\/td>\n<\/tr>\n<tr>\n<td>Lotto 6\/49 &#8211; Kanada<\/td>\n<td align=\"center\">12 oktober 2013<\/td>\n<td align=\"right\">37 200 000 USD<\/td>\n<\/tr>\n<tr>\n<td>Lotto 6\/49 &#8211; Kanada<\/td>\n<td align=\"center\">30-okt-13<\/td>\n<td align=\"right\">18 807 390 USD<\/td>\n<\/tr>\n<tr>\n<td>Lotto 6\/49 &#8211; Kanada<\/td>\n<td align=\"center\">6-jul-13<\/td>\n<td align=\"right\">18 351 756 USD<\/td>\n<\/tr>\n<tr>\n<td>Lotto 6\/49 &#8211; Kanada<\/td>\n<td align=\"center\">4-dec-13<\/td>\n<td align=\"right\">17 670 000 USD<\/td>\n<\/tr>\n<\/tbody>\n<\/table>\n<h2>M\u00e5nga prisniv\u00e5er att v\u00e4lja mellan Vinn med lotter online<\/h2>\n<p>Att kunna vinna med sju olika vinstniv\u00e5er \u00f6ppnar upp en v\u00e4rld av m\u00f6jligheter att tj\u00e4na pengar n\u00e4r du k\u00f6per lotter online till Lotto 6\/49. M\u00e5nga gl\u00f6mmer faktiskt bort alla extra niv\u00e5er d\u00e4r man kan vinna ett pris. Det \u00e4r viktigt att, n\u00e4r du v\u00e4l har k\u00f6pt lotter, kontrollera dem f\u00f6r att se om du har vunnit n\u00e5got.<\/p>\n<p>Det \u00e4r ett faktum att m\u00e5nga k\u00f6per lotter varje vecka och misslyckas med att kontrollera om de har vunnit n\u00e5got efter att ha h\u00f6rt att n\u00e5gon annan k\u00f6pt en lott p\u00e5 en annan plats \u00e4n deras och vunnit jackpotten. <b>Lika enkelt som det \u00e4r att k\u00f6pa Lotto 6\/49-lotter online, \u00e4r det lika enkelt att kontrollera dina lotter online.<\/b> Det finns en m\u00e4ngd verktyg som hj\u00e4lper dig att s\u00f6ka igenom ett antal databaser f\u00f6r de stora lotterierna v\u00e4rlden \u00f6ver.<\/p>\n<table style=\"width: 500px;\" border=\"1\" cellspacing=\"5\" cellpadding=\"5\" align=\"center\">\n<tbody>\n<tr>\n<td colspan=\"3\" align=\"center\">Lotto 6\/49 &#8211; Kanadas prisniv\u00e5er<\/td>\n<\/tr>\n<tr>\n<td>Pris<\/td>\n<td align=\"center\">Matcher<\/td>\n<td align=\"center\">Odds<\/td>\n<\/tr>\n<tr>\n<td>1:a (Jackpott)<\/td>\n<td align=\"center\">6<\/td>\n<td align=\"right\">13 983 816 : 1<\/td>\n<\/tr>\n<tr>\n<td>2:a<\/td>\n<td align=\"center\">5 + 1<\/td>\n<td align=\"right\">2 330 636 : 1<\/td>\n<\/tr>\n<tr>\n<td>3:e<\/td>\n<td align=\"center\">5<\/td>\n<td align=\"right\">55 492 : 1<\/td>\n<\/tr>\n<tr>\n<td>4:e<\/td>\n<td align=\"center\">4<\/td>\n<td align=\"right\">1 033 : 1<\/td>\n<\/tr>\n<tr>\n<td>5:e<\/td>\n<td align=\"center\">3<\/td>\n<td align=\"right\">57 : 1<\/td>\n<\/tr>\n<tr>\n<td>6:e<\/td>\n<td align=\"center\">2 + 1<\/td>\n<td align=\"right\">81 : 1<\/td>\n<\/tr>\n<tr>\n<td>7:e<\/td>\n<td align=\"center\">2<\/td>\n<td align=\"right\">8 : 1<\/td>\n<\/tr>\n<\/tbody>\n<\/table>\n<p style=\"text-align: center;\"><strong>Spela Kanadas lotto 6\/49 online och njut av friheten som det ger att bli miljon\u00e4r!<\/strong><\/p>\n","protected":false},"excerpt":{"rendered":"<p>Canada Lotto 6\/49 Sedan 1982 har tv\u00e5 saker varit garanterade i Kanada p\u00e5 vintern. Det f\u00f6rsta du kunde lita p\u00e5 var att du kunde titta p\u00e5 Hockey Night in Canada p\u00e5 CBC. Det andra du kunde f\u00f6rutsp\u00e5 var att n\u00e5gon skulle bli miljon\u00e4r genom att spela Lotto 6\/49. Idag kan du fortfarande lita p\u00e5 l\u00f6rdagskv\u00e4llens [&hellip;]<\/p>\n","protected":false},"author":1,"featured_media":9487,"parent":9325,"menu_order":5,"comment_status":"closed","ping_status":"closed","template":"","meta":{"footnotes":""},"class_list":["post-9504","page","type-page","status-publish","has-post-thumbnail","hentry"],"yoast_head":"<!-- This site is optimized with the Yoast SEO plugin v27.4 - https:\/\/yoast.com\/product\/yoast-seo-wordpress\/ -->\n<title>K\u00f6p lotter online till Kanadas 6\/49-lotteri<\/title>\n<meta name=\"description\" content=\"Det \u00e4r nu enkelt att k\u00f6pa biljetter online till Lotto 6\/49 i Kanada.\" \/>\n<meta name=\"robots\" content=\"index, follow, max-snippet:-1, max-image-preview:large, max-video-preview:-1\" \/>\n<link rel=\"canonical\" href=\"https:\/\/gambling6.com\/sv\/lotteri\/delta-i-kanadas-6-49-lotto\/\" \/>\n<meta property=\"og:locale\" content=\"sv_SE\" \/>\n<meta property=\"og:type\" content=\"article\" \/>\n<meta property=\"og:title\" content=\"K\u00f6p lotter online till Kanadas 6\/49-lotteri\" \/>\n<meta property=\"og:description\" content=\"Det \u00e4r nu enkelt att k\u00f6pa biljetter online till Lotto 6\/49 i Kanada.\" \/>\n<meta property=\"og:url\" content=\"https:\/\/gambling6.com\/sv\/lotteri\/delta-i-kanadas-6-49-lotto\/\" \/>\n<meta property=\"og:site_name\" content=\"Gambling6\" \/>\n<meta property=\"og:image\" content=\"https:\/\/gambling6.com\/wp-content\/uploads\/2013\/12\/get-online-649-lotto-tickets.png\" \/>\n\t<meta property=\"og:image:width\" content=\"300\" \/>\n\t<meta property=\"og:image:height\" content=\"190\" \/>\n\t<meta property=\"og:image:type\" content=\"image\/png\" \/>\n<meta name=\"twitter:card\" content=\"summary_large_image\" \/>\n<meta name=\"twitter:label1\" content=\"Ber\u00e4knad l\u00e4stid\" \/>\n\t<meta name=\"twitter:data1\" content=\"2 minuter\" \/>\n<script type=\"application\/ld+json\" class=\"yoast-schema-graph\">{\"@context\":\"https:\\\/\\\/schema.org\",\"@graph\":[{\"@type\":\"WebPage\",\"@id\":\"https:\\\/\\\/gambling6.com\\\/sv\\\/lotteri\\\/delta-i-kanadas-6-49-lotto\\\/\",\"url\":\"https:\\\/\\\/gambling6.com\\\/sv\\\/lotteri\\\/delta-i-kanadas-6-49-lotto\\\/\",\"name\":\"K\u00f6p lotter online till Kanadas 6\\\/49-lotteri\",\"isPartOf\":{\"@id\":\"https:\\\/\\\/gambling6.com\\\/sv\\\/#website\"},\"primaryImageOfPage\":{\"@id\":\"https:\\\/\\\/gambling6.com\\\/sv\\\/lotteri\\\/delta-i-kanadas-6-49-lotto\\\/#primaryimage\"},\"image\":{\"@id\":\"https:\\\/\\\/gambling6.com\\\/sv\\\/lotteri\\\/delta-i-kanadas-6-49-lotto\\\/#primaryimage\"},\"thumbnailUrl\":\"https:\\\/\\\/gambling6.com\\\/wp-content\\\/uploads\\\/2013\\\/12\\\/get-online-649-lotto-tickets.png\",\"datePublished\":\"2025-11-11T04:00:42+00:00\",\"description\":\"Det \u00e4r nu enkelt att k\u00f6pa biljetter online till Lotto 6\\\/49 i Kanada.\",\"breadcrumb\":{\"@id\":\"https:\\\/\\\/gambling6.com\\\/sv\\\/lotteri\\\/delta-i-kanadas-6-49-lotto\\\/#breadcrumb\"},\"inLanguage\":\"sv-SE\",\"potentialAction\":[{\"@type\":\"ReadAction\",\"target\":[\"https:\\\/\\\/gambling6.com\\\/sv\\\/lotteri\\\/delta-i-kanadas-6-49-lotto\\\/\"]}]},{\"@type\":\"ImageObject\",\"inLanguage\":\"sv-SE\",\"@id\":\"https:\\\/\\\/gambling6.com\\\/sv\\\/lotteri\\\/delta-i-kanadas-6-49-lotto\\\/#primaryimage\",\"url\":\"https:\\\/\\\/gambling6.com\\\/wp-content\\\/uploads\\\/2013\\\/12\\\/get-online-649-lotto-tickets.png\",\"contentUrl\":\"https:\\\/\\\/gambling6.com\\\/wp-content\\\/uploads\\\/2013\\\/12\\\/get-online-649-lotto-tickets.png\",\"width\":300,\"height\":190},{\"@type\":\"BreadcrumbList\",\"@id\":\"https:\\\/\\\/gambling6.com\\\/sv\\\/lotteri\\\/delta-i-kanadas-6-49-lotto\\\/#breadcrumb\",\"itemListElement\":[{\"@type\":\"ListItem\",\"position\":1,\"name\":\"Home\",\"item\":\"https:\\\/\\\/gambling6.com\\\/sv\\\/home\\\/\"},{\"@type\":\"ListItem\",\"position\":2,\"name\":\"Lotteri\",\"item\":\"https:\\\/\\\/gambling6.com\\\/sv\\\/lotteri\\\/\"},{\"@type\":\"ListItem\",\"position\":3,\"name\":\"Delta i Kanadas 6\\\/49 Lotto\"}]},{\"@type\":\"WebSite\",\"@id\":\"https:\\\/\\\/gambling6.com\\\/sv\\\/#website\",\"url\":\"https:\\\/\\\/gambling6.com\\\/sv\\\/\",\"name\":\"Gambling6\",\"description\":\"\",\"potentialAction\":[{\"@type\":\"SearchAction\",\"target\":{\"@type\":\"EntryPoint\",\"urlTemplate\":\"https:\\\/\\\/gambling6.com\\\/sv\\\/?s={search_term_string}\"},\"query-input\":{\"@type\":\"PropertyValueSpecification\",\"valueRequired\":true,\"valueName\":\"search_term_string\"}}],\"inLanguage\":\"sv-SE\"}]}<\/script>\n<!-- \/ Yoast SEO plugin. -->","yoast_head_json":{"title":"K\u00f6p lotter online till Kanadas 6\/49-lotteri","description":"Det \u00e4r nu enkelt att k\u00f6pa biljetter online till Lotto 6\/49 i Kanada.","robots":{"index":"index","follow":"follow","max-snippet":"max-snippet:-1","max-image-preview":"max-image-preview:large","max-video-preview":"max-video-preview:-1"},"canonical":"https:\/\/gambling6.com\/sv\/lotteri\/delta-i-kanadas-6-49-lotto\/","og_locale":"sv_SE","og_type":"article","og_title":"K\u00f6p lotter online till Kanadas 6\/49-lotteri","og_description":"Det \u00e4r nu enkelt att k\u00f6pa biljetter online till Lotto 6\/49 i Kanada.","og_url":"https:\/\/gambling6.com\/sv\/lotteri\/delta-i-kanadas-6-49-lotto\/","og_site_name":"Gambling6","og_image":[{"width":300,"height":190,"url":"https:\/\/gambling6.com\/wp-content\/uploads\/2013\/12\/get-online-649-lotto-tickets.png","type":"image\/png"}],"twitter_card":"summary_large_image","twitter_misc":{"Ber\u00e4knad l\u00e4stid":"2 minuter"},"schema":{"@context":"https:\/\/schema.org","@graph":[{"@type":"WebPage","@id":"https:\/\/gambling6.com\/sv\/lotteri\/delta-i-kanadas-6-49-lotto\/","url":"https:\/\/gambling6.com\/sv\/lotteri\/delta-i-kanadas-6-49-lotto\/","name":"K\u00f6p lotter online till Kanadas 6\/49-lotteri","isPartOf":{"@id":"https:\/\/gambling6.com\/sv\/#website"},"primaryImageOfPage":{"@id":"https:\/\/gambling6.com\/sv\/lotteri\/delta-i-kanadas-6-49-lotto\/#primaryimage"},"image":{"@id":"https:\/\/gambling6.com\/sv\/lotteri\/delta-i-kanadas-6-49-lotto\/#primaryimage"},"thumbnailUrl":"https:\/\/gambling6.com\/wp-content\/uploads\/2013\/12\/get-online-649-lotto-tickets.png","datePublished":"2025-11-11T04:00:42+00:00","description":"Det \u00e4r nu enkelt att k\u00f6pa biljetter online till Lotto 6\/49 i Kanada.","breadcrumb":{"@id":"https:\/\/gambling6.com\/sv\/lotteri\/delta-i-kanadas-6-49-lotto\/#breadcrumb"},"inLanguage":"sv-SE","potentialAction":[{"@type":"ReadAction","target":["https:\/\/gambling6.com\/sv\/lotteri\/delta-i-kanadas-6-49-lotto\/"]}]},{"@type":"ImageObject","inLanguage":"sv-SE","@id":"https:\/\/gambling6.com\/sv\/lotteri\/delta-i-kanadas-6-49-lotto\/#primaryimage","url":"https:\/\/gambling6.com\/wp-content\/uploads\/2013\/12\/get-online-649-lotto-tickets.png","contentUrl":"https:\/\/gambling6.com\/wp-content\/uploads\/2013\/12\/get-online-649-lotto-tickets.png","width":300,"height":190},{"@type":"BreadcrumbList","@id":"https:\/\/gambling6.com\/sv\/lotteri\/delta-i-kanadas-6-49-lotto\/#breadcrumb","itemListElement":[{"@type":"ListItem","position":1,"name":"Home","item":"https:\/\/gambling6.com\/sv\/home\/"},{"@type":"ListItem","position":2,"name":"Lotteri","item":"https:\/\/gambling6.com\/sv\/lotteri\/"},{"@type":"ListItem","position":3,"name":"Delta i Kanadas 6\/49 Lotto"}]},{"@type":"WebSite","@id":"https:\/\/gambling6.com\/sv\/#website","url":"https:\/\/gambling6.com\/sv\/","name":"Gambling6","description":"","potentialAction":[{"@type":"SearchAction","target":{"@type":"EntryPoint","urlTemplate":"https:\/\/gambling6.com\/sv\/?s={search_term_string}"},"query-input":{"@type":"PropertyValueSpecification","valueRequired":true,"valueName":"search_term_string"}}],"inLanguage":"sv-SE"}]}},"_links":{"self":[{"href":"https:\/\/gambling6.com\/sv\/wp-json\/wp\/v2\/pages\/9504","targetHints":{"allow":["GET"]}}],"collection":[{"href":"https:\/\/gambling6.com\/sv\/wp-json\/wp\/v2\/pages"}],"about":[{"href":"https:\/\/gambling6.com\/sv\/wp-json\/wp\/v2\/types\/page"}],"author":[{"embeddable":true,"href":"https:\/\/gambling6.com\/sv\/wp-json\/wp\/v2\/users\/1"}],"replies":[{"embeddable":true,"href":"https:\/\/gambling6.com\/sv\/wp-json\/wp\/v2\/comments?post=9504"}],"version-history":[{"count":0,"href":"https:\/\/gambling6.com\/sv\/wp-json\/wp\/v2\/pages\/9504\/revisions"}],"up":[{"embeddable":true,"href":"https:\/\/gambling6.com\/sv\/wp-json\/wp\/v2\/pages\/9325"}],"wp:featuredmedia":[{"embeddable":true,"href":"https:\/\/gambling6.com\/sv\/wp-json\/wp\/v2\/media\/9487"}],"wp:attachment":[{"href":"https:\/\/gambling6.com\/sv\/wp-json\/wp\/v2\/media?parent=9504"}],"curies":[{"name":"wp","href":"https:\/\/api.w.org\/{rel}","templated":true}]}}