{"id":9621,"date":"2025-11-11T08:08:36","date_gmt":"2025-11-11T08:08:36","guid":{"rendered":"https:\/\/gambling6.com\/lotteri\/kop-lotter-till-floridas-lotteri-online\/"},"modified":"2025-11-11T08:08:36","modified_gmt":"2025-11-11T08:08:36","slug":"kop-lotter-till-floridas-lotteri-online","status":"publish","type":"page","link":"https:\/\/gambling6.com\/sv\/lotteri\/kop-lotter-till-floridas-lotteri-online\/","title":{"rendered":"K\u00f6p lotter till Floridas lotteri online"},"content":{"rendered":"<h2>Florida Lotto<\/h2>\n<p>Heta stater, heta lotterier! Floridas inv\u00e5nare h\u00e5ller s\u00e4kert med om att deras lotteri \u00e4r ett m\u00e5ste varje onsdag och l\u00f6rdag. Med jackpottar som b\u00f6rjar p\u00e5 2 miljoner dollar och ofta \u00f6verstiger 10 miljoner dollar och mer, har Florida Lottery blivit otroligt popul\u00e4rt bland sn\u00f6f\u00e5glar och lotterifantaster online. <strong>Att k\u00f6pa dina lotter online till Florida Lottery \u00e4r enklare \u00e4n att resa till Florida f\u00f6r att k\u00f6pa dem.<\/strong><\/p>\n<p>\u00c4ven om oddsen f\u00f6r att vinna jackpotten \u00e4r en p\u00e5 22 957 480, <strong>har du en chans p\u00e5 mer \u00e4n 1 p\u00e5 67 att vinna ett av priserna som finns tillg\u00e4ngliga i de fyra niv\u00e5erna<\/strong>. Eftersom det bara finns fyra prisniv\u00e5er \u00e4r kontantbeloppen h\u00f6gre \u00e4n i de flesta andra lotterier. \u00c4nd\u00e5 \u00e4r det inte uteslutet att vinna jackpotten. Rekordjackpotten var drygt 106 miljoner dollar; detta var en av de st\u00f6rsta jackpottarna i amerikansk historia vid den tidpunkt d\u00e5 den vanns. <\/p>\n<h2>Florida Lotto underl\u00e4ttar utbildning<\/h2>\n<p>\u00c5r 1988 skapades Florida Lotto f\u00f6r att finansiera utbildning i delstaten Florida. Mycket pengar har samlats in till \u00e4ndam\u00e5let, och med till\u00e4gget av onlinef\u00f6rs\u00e4ljning har Florida Lotto sett jackpottarna v\u00e4xa snabbt. Detta framg\u00e5r av rekordjackpotten p\u00e5 106 miljoner dollar fr\u00e5n 1990. <strong>Denna rekordjackpott h\u00e4mtades av sex olika vinnare, som alla hade numren p\u00e5 sin lott.<\/strong><\/p>\n<p>F\u00f6r att spela detta lotteri m\u00e5ste du v\u00e4lja sex nummer mellan ett och 53. F\u00f6r att h\u00e4mta jackpotten beh\u00f6ver du bara matcha alla sex nummer. Om jackpotten inte h\u00e4mtas ut \u00f6verf\u00f6rs den till n\u00e4sta dragning. Som innehavare av en online-lott har du chansen att vinna fyra olika vinstniv\u00e5er som ocks\u00e5 kan ge dig stora pengar.<\/p>\n<p>Kanske klarar du inte av det varma klimatet som Florida erbjuder. \u00c4nd\u00e5 kan du s\u00e4kert <a class=\"thirstylink\" title=\"TheLotter sv\" href=\"https:\/\/gambling6.com\/go\/thelotter-sv\/\" target=\"_blank\" rel=\"nofollow noopener\"><strong>dra nytta av att f\u00e5 dina lotter till Florida Lotto online genom att bes\u00f6ka v\u00e5r partner, TheLotter<\/strong>.<\/a><\/p>\n<p>&nbsp;<\/p>\n<table style=\"width: 500px;\" border=\"1\" cellspacing=\"5\" cellpadding=\"5\" align=\"center\">\n<tbody>\n<tr>\n<td colspan=\"3\" align=\"center\">Toppjackpottar f\u00f6r 2013<\/td>\n<\/tr>\n<tr>\n<td>Dragning<\/td>\n<td align=\"center\">Datum<\/td>\n<td align=\"center\">Jackpott (USD)<\/td>\n<\/tr>\n<tr>\n<td>Florida Lotto &#8211; USA<\/td>\n<td align=\"center\">24 aug-13<\/td>\n<td align=\"right\">58 000 000 dollar<\/td>\n<\/tr>\n<tr>\n<td>Florida Lotto &#8211; USA<\/td>\n<td align=\"center\">18 dec-13<\/td>\n<td align=\"right\">46 000 000 dollar<\/td>\n<\/tr>\n<\/tbody>\n<\/table>\n<p>&nbsp;<\/p>\n<table style=\"width: 500px;\" border=\"1\" cellspacing=\"5\" cellpadding=\"5\" align=\"center\">\n<tbody>\n<tr>\n<td colspan=\"3\" align=\"center\">Florida Lotto &#8211; USA:s prisniv\u00e5er<\/td>\n<\/tr>\n<tr>\n<td>Pris<\/td>\n<td align=\"center\">Matcher<\/td>\n<td align=\"center\">Odds<\/td>\n<\/tr>\n<tr>\n<td>1:a (Jackpott)<\/td>\n<td align=\"center\">6<\/td>\n<td align=\"right\">22 957 480 : 1<\/td>\n<\/tr>\n<tr>\n<td>2:a<\/td>\n<td align=\"center\">5<\/td>\n<td align=\"right\">81 410 : 1<\/td>\n<\/tr>\n<tr>\n<td>3:e<\/td>\n<td align=\"center\">4<\/td>\n<td align=\"right\">1 416 : 1<\/td>\n<\/tr>\n<tr>\n<td>4:e<\/td>\n<td align=\"center\">3<\/td>\n<td align=\"right\">71 : 1<\/td>\n<\/tr>\n<\/tbody>\n<\/table>\n","protected":false},"excerpt":{"rendered":"<p>Florida Lotto Heta stater, heta lotterier! Floridas inv\u00e5nare h\u00e5ller s\u00e4kert med om att deras lotteri \u00e4r ett m\u00e5ste varje onsdag och l\u00f6rdag. Med jackpottar som b\u00f6rjar p\u00e5 2 miljoner dollar och ofta \u00f6verstiger 10 miljoner dollar och mer, har Florida Lottery blivit otroligt popul\u00e4rt bland sn\u00f6f\u00e5glar och lotterifantaster online. Att k\u00f6pa dina lotter online till [&hellip;]<\/p>\n","protected":false},"author":1,"featured_media":0,"parent":9325,"menu_order":11,"comment_status":"closed","ping_status":"closed","template":"","meta":{"footnotes":""},"class_list":["post-9621","page","type-page","status-publish","hentry"],"yoast_head":"<!-- This site is optimized with the Yoast SEO plugin v27.5 - https:\/\/yoast.com\/product\/yoast-seo-wordpress\/ -->\n<title>K\u00f6p lotter till Floridas lotteri online<\/title>\n<meta name=\"description\" content=\"Delta i Florida Lotto och slipp hettan genom att k\u00f6pa dina lotter online.\" \/>\n<meta name=\"robots\" content=\"index, follow, max-snippet:-1, max-image-preview:large, max-video-preview:-1\" \/>\n<link rel=\"canonical\" href=\"https:\/\/gambling6.com\/sv\/lotteri\/kop-lotter-till-floridas-lotteri-online\/\" \/>\n<meta property=\"og:locale\" content=\"sv_SE\" \/>\n<meta property=\"og:type\" content=\"article\" \/>\n<meta property=\"og:title\" content=\"K\u00f6p lotter till Floridas lotteri online\" \/>\n<meta property=\"og:description\" content=\"Delta i Florida Lotto och slipp hettan genom att k\u00f6pa dina lotter online.\" \/>\n<meta property=\"og:url\" content=\"https:\/\/gambling6.com\/sv\/lotteri\/kop-lotter-till-floridas-lotteri-online\/\" \/>\n<meta property=\"og:site_name\" content=\"Gambling6\" \/>\n<meta name=\"twitter:card\" content=\"summary_large_image\" \/>\n<meta name=\"twitter:label1\" content=\"Ber\u00e4knad l\u00e4stid\" \/>\n\t<meta name=\"twitter:data1\" content=\"2 minuter\" \/>\n<script type=\"application\/ld+json\" class=\"yoast-schema-graph\">{\"@context\":\"https:\\\/\\\/schema.org\",\"@graph\":[{\"@type\":\"WebPage\",\"@id\":\"https:\\\/\\\/gambling6.com\\\/sv\\\/lotteri\\\/kop-lotter-till-floridas-lotteri-online\\\/\",\"url\":\"https:\\\/\\\/gambling6.com\\\/sv\\\/lotteri\\\/kop-lotter-till-floridas-lotteri-online\\\/\",\"name\":\"K\u00f6p lotter till Floridas lotteri online\",\"isPartOf\":{\"@id\":\"https:\\\/\\\/gambling6.com\\\/sv\\\/#website\"},\"datePublished\":\"2025-11-11T08:08:36+00:00\",\"description\":\"Delta i Florida Lotto och slipp hettan genom att k\u00f6pa dina lotter online.\",\"breadcrumb\":{\"@id\":\"https:\\\/\\\/gambling6.com\\\/sv\\\/lotteri\\\/kop-lotter-till-floridas-lotteri-online\\\/#breadcrumb\"},\"inLanguage\":\"sv-SE\",\"potentialAction\":[{\"@type\":\"ReadAction\",\"target\":[\"https:\\\/\\\/gambling6.com\\\/sv\\\/lotteri\\\/kop-lotter-till-floridas-lotteri-online\\\/\"]}]},{\"@type\":\"BreadcrumbList\",\"@id\":\"https:\\\/\\\/gambling6.com\\\/sv\\\/lotteri\\\/kop-lotter-till-floridas-lotteri-online\\\/#breadcrumb\",\"itemListElement\":[{\"@type\":\"ListItem\",\"position\":1,\"name\":\"Home\",\"item\":\"https:\\\/\\\/gambling6.com\\\/sv\\\/home\\\/\"},{\"@type\":\"ListItem\",\"position\":2,\"name\":\"Lotteri\",\"item\":\"https:\\\/\\\/gambling6.com\\\/sv\\\/lotteri\\\/\"},{\"@type\":\"ListItem\",\"position\":3,\"name\":\"K\u00f6p lotter till Floridas lotteri online\"}]},{\"@type\":\"WebSite\",\"@id\":\"https:\\\/\\\/gambling6.com\\\/sv\\\/#website\",\"url\":\"https:\\\/\\\/gambling6.com\\\/sv\\\/\",\"name\":\"Gambling6\",\"description\":\"\",\"potentialAction\":[{\"@type\":\"SearchAction\",\"target\":{\"@type\":\"EntryPoint\",\"urlTemplate\":\"https:\\\/\\\/gambling6.com\\\/sv\\\/?s={search_term_string}\"},\"query-input\":{\"@type\":\"PropertyValueSpecification\",\"valueRequired\":true,\"valueName\":\"search_term_string\"}}],\"inLanguage\":\"sv-SE\"}]}<\/script>\n<!-- \/ Yoast SEO plugin. -->","yoast_head_json":{"title":"K\u00f6p lotter till Floridas lotteri online","description":"Delta i Florida Lotto och slipp hettan genom att k\u00f6pa dina lotter online.","robots":{"index":"index","follow":"follow","max-snippet":"max-snippet:-1","max-image-preview":"max-image-preview:large","max-video-preview":"max-video-preview:-1"},"canonical":"https:\/\/gambling6.com\/sv\/lotteri\/kop-lotter-till-floridas-lotteri-online\/","og_locale":"sv_SE","og_type":"article","og_title":"K\u00f6p lotter till Floridas lotteri online","og_description":"Delta i Florida Lotto och slipp hettan genom att k\u00f6pa dina lotter online.","og_url":"https:\/\/gambling6.com\/sv\/lotteri\/kop-lotter-till-floridas-lotteri-online\/","og_site_name":"Gambling6","twitter_card":"summary_large_image","twitter_misc":{"Ber\u00e4knad l\u00e4stid":"2 minuter"},"schema":{"@context":"https:\/\/schema.org","@graph":[{"@type":"WebPage","@id":"https:\/\/gambling6.com\/sv\/lotteri\/kop-lotter-till-floridas-lotteri-online\/","url":"https:\/\/gambling6.com\/sv\/lotteri\/kop-lotter-till-floridas-lotteri-online\/","name":"K\u00f6p lotter till Floridas lotteri online","isPartOf":{"@id":"https:\/\/gambling6.com\/sv\/#website"},"datePublished":"2025-11-11T08:08:36+00:00","description":"Delta i Florida Lotto och slipp hettan genom att k\u00f6pa dina lotter online.","breadcrumb":{"@id":"https:\/\/gambling6.com\/sv\/lotteri\/kop-lotter-till-floridas-lotteri-online\/#breadcrumb"},"inLanguage":"sv-SE","potentialAction":[{"@type":"ReadAction","target":["https:\/\/gambling6.com\/sv\/lotteri\/kop-lotter-till-floridas-lotteri-online\/"]}]},{"@type":"BreadcrumbList","@id":"https:\/\/gambling6.com\/sv\/lotteri\/kop-lotter-till-floridas-lotteri-online\/#breadcrumb","itemListElement":[{"@type":"ListItem","position":1,"name":"Home","item":"https:\/\/gambling6.com\/sv\/home\/"},{"@type":"ListItem","position":2,"name":"Lotteri","item":"https:\/\/gambling6.com\/sv\/lotteri\/"},{"@type":"ListItem","position":3,"name":"K\u00f6p lotter till Floridas lotteri online"}]},{"@type":"WebSite","@id":"https:\/\/gambling6.com\/sv\/#website","url":"https:\/\/gambling6.com\/sv\/","name":"Gambling6","description":"","potentialAction":[{"@type":"SearchAction","target":{"@type":"EntryPoint","urlTemplate":"https:\/\/gambling6.com\/sv\/?s={search_term_string}"},"query-input":{"@type":"PropertyValueSpecification","valueRequired":true,"valueName":"search_term_string"}}],"inLanguage":"sv-SE"}]}},"_links":{"self":[{"href":"https:\/\/gambling6.com\/sv\/wp-json\/wp\/v2\/pages\/9621","targetHints":{"allow":["GET"]}}],"collection":[{"href":"https:\/\/gambling6.com\/sv\/wp-json\/wp\/v2\/pages"}],"about":[{"href":"https:\/\/gambling6.com\/sv\/wp-json\/wp\/v2\/types\/page"}],"author":[{"embeddable":true,"href":"https:\/\/gambling6.com\/sv\/wp-json\/wp\/v2\/users\/1"}],"replies":[{"embeddable":true,"href":"https:\/\/gambling6.com\/sv\/wp-json\/wp\/v2\/comments?post=9621"}],"version-history":[{"count":0,"href":"https:\/\/gambling6.com\/sv\/wp-json\/wp\/v2\/pages\/9621\/revisions"}],"up":[{"embeddable":true,"href":"https:\/\/gambling6.com\/sv\/wp-json\/wp\/v2\/pages\/9325"}],"wp:attachment":[{"href":"https:\/\/gambling6.com\/sv\/wp-json\/wp\/v2\/media?parent=9621"}],"curies":[{"name":"wp","href":"https:\/\/api.w.org\/{rel}","templated":true}]}}