{"id":9639,"date":"2025-11-11T08:49:56","date_gmt":"2025-11-11T08:49:56","guid":{"rendered":"https:\/\/gambling6.com\/lotteri\/kop-lotter-till-eurojackpot-lotteriet-online\/"},"modified":"2025-11-11T08:49:56","modified_gmt":"2025-11-11T08:49:56","slug":"kop-lotter-till-eurojackpot-lotteriet-online","status":"publish","type":"page","link":"https:\/\/gambling6.com\/sv\/lotteri\/kop-lotter-till-eurojackpot-lotteriet-online\/","title":{"rendered":"K\u00f6p lotter till Eurojackpot-lotteriet online"},"content":{"rendered":"<h2>Eurojackpot-lotteri<\/h2>\n<p>Du kan k\u00f6pa Eurojackpot-biljetter online och bli miljon\u00e4r \u00f6ver en natt. Internet har nu gjort det m\u00f6jligt att spela Eurojackpot online tillsammans med m\u00e5nga andra europeiska lotterier. Du kan g\u00f6ra det genom att k\u00f6pa lotter online fr\u00e5n den mysiga f\u00e5t\u00f6ljen du tillbringar tid i hemma. Inget mer springande till n\u00e4rbutiken eller lottikiosker, k\u00f6p dina Eurojackpot-biljetter online.<img loading=\"lazy\" decoding=\"async\" class=\"alignright wp-image-552 \" style=\"margin: 10px; border: 5px solid #ffffff; float: right;\" src=\"https:\/\/gambling6.com\/wp-content\/uploads\/2013\/12\/play-euro-jackpot-online.jpg\" alt=\"k\u00f6p eurojackpot-biljetter online\" width=\"240\" height=\"218\" \/><\/p>\n<p>Om du vill bli en av de miljoner m\u00e4nniskor som vill vinna stora jackpottar beh\u00f6ver du bara v\u00e4lja dina sju nummer online och ta ut pengarna med en av m\u00e5nga bekv\u00e4ma betalningsmetoder. Att k\u00f6pa lotter online har aldrig varit enklare. I utkanten av Europa kan du k\u00f6pa lotter online till flera stora jackpotlotterier.<\/p>\n<h2>K\u00f6p lotter online till Eurojackpot fr\u00e5n vilket land som helst<\/h2>\n<p>Det finns inga gr\u00e4nser n\u00e4r det g\u00e4ller att k\u00f6pa lotter online. Oavsett om du \u00e4r p\u00e5 Kuba eller i Kina kan du anv\u00e4nda internet f\u00f6r att k\u00f6pa dina lotter i en snabb, v\u00e4nlig och s\u00e4ker milj\u00f6 med v\u00e5r partner RedFoxLotto. <a class=\"thirstylink\" title=\"RedFoxLotto sv\" href=\"https:\/\/gambling6.com\/go\/redfoxlotto-en\/\" target=\"_blank\" rel=\"nofollow noopener\">Du registrerar dig h\u00e4r, loggar in p\u00e5 ditt konto<\/a>, v\u00e4ljer dina nummer, betalar och v\u00e4ntar p\u00e5 att j\u00e4mf\u00f6ra din lott mot dragningsresultaten.<\/p>\n<p>RedFoxLotto kan inte acceptera lottofans baserade i USA; ist\u00e4llet b\u00f6r amerikanska spelare prova TheLotter, ett annat alternativ f\u00f6r internationella lotter.<br \/>\n<a href=\"https:\/\/smarturl.it\/theBig_Play?tl_affid=8190&amp;tl_bannerid=6cc3afab\" target=\"_self\" rel=\"noopener\"><img loading=\"lazy\" decoding=\"async\" class=\"aligncenter\" title=\"\" src=\"\/\/www.thelotter-affiliates.com\/accounts\/default1\/banners\/6cc3afab.gif\" alt=\"\" width=\"468\" height=\"60\" \/><\/a><\/p>\n<h2>Stora priser med dina Eurojackpot-biljetter online<\/h2>\n<table style=\"width: 500px;\" border=\"1\" cellspacing=\"5\" cellpadding=\"5\" align=\"center\">\n<tbody>\n<tr>\n<td colspan=\"3\" align=\"center\">De fem b\u00e4sta jackpottarna f\u00f6r 2013<\/td>\n<\/tr>\n<tr>\n<td>Dragning<\/td>\n<td align=\"center\">Datum<\/td>\n<td align=\"center\">Jackpott (USD)<\/td>\n<\/tr>\n<tr>\n<td>Eurojackpott &#8211; Europa<\/td>\n<td align=\"center\">12 april 2013<\/td>\n<td align=\"right\">63 128 694 dollar<\/td>\n<\/tr>\n<tr>\n<td>Eurojackpott &#8211; Europa<\/td>\n<td align=\"center\">19 juli 2013<\/td>\n<td align=\"right\">56 886 414 USD<\/td>\n<\/tr>\n<tr>\n<td>Eurojackpott &#8211; Europa<\/td>\n<td align=\"center\">25 jan-13<\/td>\n<td align=\"right\">40 470 680 USD<\/td>\n<\/tr>\n<tr>\n<td>Eurojackpott &#8211; Europa<\/td>\n<td align=\"center\">27 sep-13<\/td>\n<td align=\"right\">29 122 090 USD<\/td>\n<\/tr>\n<tr>\n<td>Eurojackpott &#8211; Europa<\/td>\n<td align=\"center\">7 dec-13<\/td>\n<td align=\"right\">28 770 000 USD<\/td>\n<\/tr>\n<\/tbody>\n<\/table>\n<h2>\u00a0Tolv chanser att vinna med din Eurojackpot online lotter<\/h2>\n<table style=\"width: 500px;\" border=\"1\" cellspacing=\"5\" cellpadding=\"5\" align=\"center\">\n<tbody>\n<tr>\n<td colspan=\"3\" align=\"center\">Eurojackpot-prisniv\u00e5er<\/td>\n<\/tr>\n<tr>\n<td>Pris<\/td>\n<td align=\"center\">Matcher<\/td>\n<td align=\"center\">Odds<\/td>\n<\/tr>\n<tr>\n<td>1:a (Jackpot)<\/td>\n<td align=\"center\">5 + 2<\/td>\n<td align=\"right\">59 325 280 : 1<\/td>\n<\/tr>\n<tr>\n<td>2:a<\/td>\n<td align=\"center\">5 + 1<\/td>\n<td align=\"right\">4 943 773 : 1<\/td>\n<\/tr>\n<tr>\n<td>3:e<\/td>\n<td align=\"center\">5<\/td>\n<td align=\"right\">3 955 019 : 1<\/td>\n<\/tr>\n<tr>\n<td>4:e<\/td>\n<td align=\"center\">4 + 2<\/td>\n<td align=\"right\">263 668 : 1<\/td>\n<\/tr>\n<tr>\n<td>5:e<\/td>\n<td align=\"center\">4 + 1<\/td>\n<td align=\"right\">21 972 : 1<\/td>\n<\/tr>\n<tr>\n<td>6:e<\/td>\n<td align=\"center\">4<\/td>\n<td align=\"right\">17 578 : 1<\/td>\n<\/tr>\n<tr>\n<td>7:e<\/td>\n<td align=\"center\">3 + 2<\/td>\n<td align=\"right\">5 992 : 1<\/td>\n<\/tr>\n<tr>\n<td>8:e<\/td>\n<td align=\"center\">3 + 1<\/td>\n<td align=\"right\">499 : 1<\/td>\n<\/tr>\n<tr>\n<td>9:e<\/td>\n<td align=\"center\">2 + 2<\/td>\n<td align=\"right\">418 : 1<\/td>\n<\/tr>\n<tr>\n<td>10:e<\/td>\n<td align=\"center\">3<\/td>\n<td align=\"right\">399 : 1<\/td>\n<\/tr>\n<tr>\n<td>11:e<\/td>\n<td align=\"center\">1 + 2<\/td>\n<td align=\"right\">80 : 1<\/td>\n<\/tr>\n<tr>\n<td>12:e<\/td>\n<td align=\"center\">2 + 1<\/td>\n<td align=\"right\">35 : 1<\/td>\n<\/tr>\n<\/tbody>\n<\/table>\n<p style=\"text-align: center;\"><strong>Skjut inte upp din chans att bli miljon\u00e4r. Registrera dig f\u00f6r att k\u00f6pa dina Eurojackpot-biljetter online idag.<\/strong><\/p>\n","protected":false},"excerpt":{"rendered":"<p>Eurojackpot-lotteri Du kan k\u00f6pa Eurojackpot-biljetter online och bli miljon\u00e4r \u00f6ver en natt. Internet har nu gjort det m\u00f6jligt att spela Eurojackpot online tillsammans med m\u00e5nga andra europeiska lotterier. Du kan g\u00f6ra det genom att k\u00f6pa lotter online fr\u00e5n den mysiga f\u00e5t\u00f6ljen du tillbringar tid i hemma. Inget mer springande till n\u00e4rbutiken eller lottikiosker, k\u00f6p dina [&hellip;]<\/p>\n","protected":false},"author":1,"featured_media":9529,"parent":9325,"menu_order":10,"comment_status":"closed","ping_status":"closed","template":"","meta":{"footnotes":""},"class_list":["post-9639","page","type-page","status-publish","has-post-thumbnail","hentry"],"yoast_head":"<!-- This site is optimized with the Yoast SEO plugin v27.4 - https:\/\/yoast.com\/product\/yoast-seo-wordpress\/ -->\n<title>K\u00f6p lotter till Eurojackpot-lotteriet online<\/title>\n<meta name=\"description\" content=\"Massor av pengar att vinna genom att spela Eurojackpot n\u00e4r du k\u00f6per dina lotter online.\" \/>\n<meta name=\"robots\" content=\"index, follow, max-snippet:-1, max-image-preview:large, max-video-preview:-1\" \/>\n<link rel=\"canonical\" href=\"https:\/\/gambling6.com\/sv\/lotteri\/kop-lotter-till-eurojackpot-lotteriet-online\/\" \/>\n<meta property=\"og:locale\" content=\"sv_SE\" \/>\n<meta property=\"og:type\" content=\"article\" \/>\n<meta property=\"og:title\" content=\"K\u00f6p lotter till Eurojackpot-lotteriet online\" \/>\n<meta property=\"og:description\" content=\"Massor av pengar att vinna genom att spela Eurojackpot n\u00e4r du k\u00f6per dina lotter online.\" \/>\n<meta property=\"og:url\" content=\"https:\/\/gambling6.com\/sv\/lotteri\/kop-lotter-till-eurojackpot-lotteriet-online\/\" \/>\n<meta property=\"og:site_name\" content=\"Gambling6\" \/>\n<meta property=\"og:image\" content=\"https:\/\/gambling6.com\/wp-content\/uploads\/2013\/12\/play-euro-jackpot-online.jpg\" \/>\n\t<meta property=\"og:image:width\" content=\"285\" \/>\n\t<meta property=\"og:image:height\" content=\"259\" \/>\n\t<meta property=\"og:image:type\" content=\"image\/jpeg\" \/>\n<meta name=\"twitter:card\" content=\"summary_large_image\" \/>\n<meta name=\"twitter:label1\" content=\"Ber\u00e4knad l\u00e4stid\" \/>\n\t<meta name=\"twitter:data1\" content=\"2 minuter\" \/>\n<script type=\"application\/ld+json\" class=\"yoast-schema-graph\">{\"@context\":\"https:\\\/\\\/schema.org\",\"@graph\":[{\"@type\":\"WebPage\",\"@id\":\"https:\\\/\\\/gambling6.com\\\/sv\\\/lotteri\\\/kop-lotter-till-eurojackpot-lotteriet-online\\\/\",\"url\":\"https:\\\/\\\/gambling6.com\\\/sv\\\/lotteri\\\/kop-lotter-till-eurojackpot-lotteriet-online\\\/\",\"name\":\"K\u00f6p lotter till Eurojackpot-lotteriet online\",\"isPartOf\":{\"@id\":\"https:\\\/\\\/gambling6.com\\\/sv\\\/#website\"},\"primaryImageOfPage\":{\"@id\":\"https:\\\/\\\/gambling6.com\\\/sv\\\/lotteri\\\/kop-lotter-till-eurojackpot-lotteriet-online\\\/#primaryimage\"},\"image\":{\"@id\":\"https:\\\/\\\/gambling6.com\\\/sv\\\/lotteri\\\/kop-lotter-till-eurojackpot-lotteriet-online\\\/#primaryimage\"},\"thumbnailUrl\":\"https:\\\/\\\/gambling6.com\\\/wp-content\\\/uploads\\\/2013\\\/12\\\/play-euro-jackpot-online.jpg\",\"datePublished\":\"2025-11-11T08:49:56+00:00\",\"description\":\"Massor av pengar att vinna genom att spela Eurojackpot n\u00e4r du k\u00f6per dina lotter online.\",\"breadcrumb\":{\"@id\":\"https:\\\/\\\/gambling6.com\\\/sv\\\/lotteri\\\/kop-lotter-till-eurojackpot-lotteriet-online\\\/#breadcrumb\"},\"inLanguage\":\"sv-SE\",\"potentialAction\":[{\"@type\":\"ReadAction\",\"target\":[\"https:\\\/\\\/gambling6.com\\\/sv\\\/lotteri\\\/kop-lotter-till-eurojackpot-lotteriet-online\\\/\"]}]},{\"@type\":\"ImageObject\",\"inLanguage\":\"sv-SE\",\"@id\":\"https:\\\/\\\/gambling6.com\\\/sv\\\/lotteri\\\/kop-lotter-till-eurojackpot-lotteriet-online\\\/#primaryimage\",\"url\":\"https:\\\/\\\/gambling6.com\\\/wp-content\\\/uploads\\\/2013\\\/12\\\/play-euro-jackpot-online.jpg\",\"contentUrl\":\"https:\\\/\\\/gambling6.com\\\/wp-content\\\/uploads\\\/2013\\\/12\\\/play-euro-jackpot-online.jpg\",\"width\":285,\"height\":259},{\"@type\":\"BreadcrumbList\",\"@id\":\"https:\\\/\\\/gambling6.com\\\/sv\\\/lotteri\\\/kop-lotter-till-eurojackpot-lotteriet-online\\\/#breadcrumb\",\"itemListElement\":[{\"@type\":\"ListItem\",\"position\":1,\"name\":\"Home\",\"item\":\"https:\\\/\\\/gambling6.com\\\/sv\\\/home\\\/\"},{\"@type\":\"ListItem\",\"position\":2,\"name\":\"Lotteri\",\"item\":\"https:\\\/\\\/gambling6.com\\\/sv\\\/lotteri\\\/\"},{\"@type\":\"ListItem\",\"position\":3,\"name\":\"K\u00f6p lotter till Eurojackpot-lotteriet online\"}]},{\"@type\":\"WebSite\",\"@id\":\"https:\\\/\\\/gambling6.com\\\/sv\\\/#website\",\"url\":\"https:\\\/\\\/gambling6.com\\\/sv\\\/\",\"name\":\"Gambling6\",\"description\":\"\",\"potentialAction\":[{\"@type\":\"SearchAction\",\"target\":{\"@type\":\"EntryPoint\",\"urlTemplate\":\"https:\\\/\\\/gambling6.com\\\/sv\\\/?s={search_term_string}\"},\"query-input\":{\"@type\":\"PropertyValueSpecification\",\"valueRequired\":true,\"valueName\":\"search_term_string\"}}],\"inLanguage\":\"sv-SE\"}]}<\/script>\n<!-- \/ Yoast SEO plugin. -->","yoast_head_json":{"title":"K\u00f6p lotter till Eurojackpot-lotteriet online","description":"Massor av pengar att vinna genom att spela Eurojackpot n\u00e4r du k\u00f6per dina lotter online.","robots":{"index":"index","follow":"follow","max-snippet":"max-snippet:-1","max-image-preview":"max-image-preview:large","max-video-preview":"max-video-preview:-1"},"canonical":"https:\/\/gambling6.com\/sv\/lotteri\/kop-lotter-till-eurojackpot-lotteriet-online\/","og_locale":"sv_SE","og_type":"article","og_title":"K\u00f6p lotter till Eurojackpot-lotteriet online","og_description":"Massor av pengar att vinna genom att spela Eurojackpot n\u00e4r du k\u00f6per dina lotter online.","og_url":"https:\/\/gambling6.com\/sv\/lotteri\/kop-lotter-till-eurojackpot-lotteriet-online\/","og_site_name":"Gambling6","og_image":[{"width":285,"height":259,"url":"https:\/\/gambling6.com\/wp-content\/uploads\/2013\/12\/play-euro-jackpot-online.jpg","type":"image\/jpeg"}],"twitter_card":"summary_large_image","twitter_misc":{"Ber\u00e4knad l\u00e4stid":"2 minuter"},"schema":{"@context":"https:\/\/schema.org","@graph":[{"@type":"WebPage","@id":"https:\/\/gambling6.com\/sv\/lotteri\/kop-lotter-till-eurojackpot-lotteriet-online\/","url":"https:\/\/gambling6.com\/sv\/lotteri\/kop-lotter-till-eurojackpot-lotteriet-online\/","name":"K\u00f6p lotter till Eurojackpot-lotteriet online","isPartOf":{"@id":"https:\/\/gambling6.com\/sv\/#website"},"primaryImageOfPage":{"@id":"https:\/\/gambling6.com\/sv\/lotteri\/kop-lotter-till-eurojackpot-lotteriet-online\/#primaryimage"},"image":{"@id":"https:\/\/gambling6.com\/sv\/lotteri\/kop-lotter-till-eurojackpot-lotteriet-online\/#primaryimage"},"thumbnailUrl":"https:\/\/gambling6.com\/wp-content\/uploads\/2013\/12\/play-euro-jackpot-online.jpg","datePublished":"2025-11-11T08:49:56+00:00","description":"Massor av pengar att vinna genom att spela Eurojackpot n\u00e4r du k\u00f6per dina lotter online.","breadcrumb":{"@id":"https:\/\/gambling6.com\/sv\/lotteri\/kop-lotter-till-eurojackpot-lotteriet-online\/#breadcrumb"},"inLanguage":"sv-SE","potentialAction":[{"@type":"ReadAction","target":["https:\/\/gambling6.com\/sv\/lotteri\/kop-lotter-till-eurojackpot-lotteriet-online\/"]}]},{"@type":"ImageObject","inLanguage":"sv-SE","@id":"https:\/\/gambling6.com\/sv\/lotteri\/kop-lotter-till-eurojackpot-lotteriet-online\/#primaryimage","url":"https:\/\/gambling6.com\/wp-content\/uploads\/2013\/12\/play-euro-jackpot-online.jpg","contentUrl":"https:\/\/gambling6.com\/wp-content\/uploads\/2013\/12\/play-euro-jackpot-online.jpg","width":285,"height":259},{"@type":"BreadcrumbList","@id":"https:\/\/gambling6.com\/sv\/lotteri\/kop-lotter-till-eurojackpot-lotteriet-online\/#breadcrumb","itemListElement":[{"@type":"ListItem","position":1,"name":"Home","item":"https:\/\/gambling6.com\/sv\/home\/"},{"@type":"ListItem","position":2,"name":"Lotteri","item":"https:\/\/gambling6.com\/sv\/lotteri\/"},{"@type":"ListItem","position":3,"name":"K\u00f6p lotter till Eurojackpot-lotteriet online"}]},{"@type":"WebSite","@id":"https:\/\/gambling6.com\/sv\/#website","url":"https:\/\/gambling6.com\/sv\/","name":"Gambling6","description":"","potentialAction":[{"@type":"SearchAction","target":{"@type":"EntryPoint","urlTemplate":"https:\/\/gambling6.com\/sv\/?s={search_term_string}"},"query-input":{"@type":"PropertyValueSpecification","valueRequired":true,"valueName":"search_term_string"}}],"inLanguage":"sv-SE"}]}},"_links":{"self":[{"href":"https:\/\/gambling6.com\/sv\/wp-json\/wp\/v2\/pages\/9639","targetHints":{"allow":["GET"]}}],"collection":[{"href":"https:\/\/gambling6.com\/sv\/wp-json\/wp\/v2\/pages"}],"about":[{"href":"https:\/\/gambling6.com\/sv\/wp-json\/wp\/v2\/types\/page"}],"author":[{"embeddable":true,"href":"https:\/\/gambling6.com\/sv\/wp-json\/wp\/v2\/users\/1"}],"replies":[{"embeddable":true,"href":"https:\/\/gambling6.com\/sv\/wp-json\/wp\/v2\/comments?post=9639"}],"version-history":[{"count":0,"href":"https:\/\/gambling6.com\/sv\/wp-json\/wp\/v2\/pages\/9639\/revisions"}],"up":[{"embeddable":true,"href":"https:\/\/gambling6.com\/sv\/wp-json\/wp\/v2\/pages\/9325"}],"wp:featuredmedia":[{"embeddable":true,"href":"https:\/\/gambling6.com\/sv\/wp-json\/wp\/v2\/media\/9529"}],"wp:attachment":[{"href":"https:\/\/gambling6.com\/sv\/wp-json\/wp\/v2\/media?parent=9639"}],"curies":[{"name":"wp","href":"https:\/\/api.w.org\/{rel}","templated":true}]}}