{"id":9653,"date":"2025-11-11T09:11:02","date_gmt":"2025-11-11T09:11:02","guid":{"rendered":"https:\/\/gambling6.com\/lotteri\/skaffa-el-gordo-lotteribiljetter-var-som-helst\/"},"modified":"2025-11-15T11:31:52","modified_gmt":"2025-11-15T11:31:52","slug":"skaffa-el-gordo-lotteribiljetter-var-som-helst","status":"publish","type":"page","link":"https:\/\/gambling6.com\/sv\/lotteri\/skaffa-el-gordo-lotteribiljetter-var-som-helst\/","title":{"rendered":"Skaffa El Gordo-lotteribiljetter var som helst"},"content":{"rendered":"<h2>L\u00e4tt att k\u00f6pa lotter online till El Gordo-lotteriet.<\/h2>\n<p><img loading=\"lazy\" decoding=\"async\" class=\" wp-image-1569 alignright\" src=\"https:\/\/gambling6.com\/wp-content\/uploads\/2022\/04\/2_ticket_spanish_lottery.jpg\" alt=\"den feta biljetten\" width=\"200\" height=\"274\" \/>I Europa \u00e4r El Gordo-lotteriet enormt och spelas av m\u00e4nniskor b\u00e5de i Spanien och internationellt. Du kan f\u00f6rv\u00e4nta dig en minsta jackpott p\u00e5 cirka 6,5 \u200b\u200bmiljoner euro varje vecka. Det \u00e4r bara en dragning i veckan p\u00e5 en s\u00f6ndag, och folk st\u00e5r i k\u00f6 f\u00f6r att spela varje vecka. Jackpotten kan ackumuleras upp till 26 miljoner euro. Men om det sker frekventa prisoms\u00e4ttningar (inte en jackpott) kan den ibland n\u00e5 upp till 35 miljoner euro, n\u00e4r du har \u00f6verf\u00f6ringarna fr\u00e5n tidigare veckor.<\/p>\n<h2>Europ\u00e9er k\u00f6per lotter online varje vecka.<\/h2>\n<p>Europa har f\u00f6rblivit en v\u00e4xande k\u00e4lla till lotteriint\u00e4kter; Varje vecka k\u00f6ar miljontals spelare f\u00f6r att spela lotto p\u00e5 denna kontinent. F\u00f6r att f\u00e5 dina lotter online till El Gordo-lotteriet m\u00e5ste du bes\u00f6ka v\u00e5r partner RedFoxLotto, logga in p\u00e5 ditt konto och sedan best\u00e4mma om du vill anv\u00e4nda snabbval eller v\u00e4lja dina egna nummer. Om du v\u00e4ljer dina egna nummer m\u00e5ste du v\u00e4lja fem prim\u00e4rnummer och ett bonusnummer.<\/p>\n<h2>Europ\u00e9er k\u00f6per lotter online till s\u00f6ndagens dragning.<\/h2>\n<p>El Gordo, k\u00e4nt som det spanska 6\/49-lotteriet, ska inte f\u00f6rv\u00e4xlas med El Gordos jullotteri. Detta popul\u00e4ra veckolotteri dras p\u00e5 s\u00f6ndagar. N\u00e4r du k\u00f6per lotter online till El Gordo-lotteriet, kom ih\u00e5g att det finns en chans p\u00e5 1 p\u00e5 10 att vinna ett pris. Detta beror p\u00e5 att det finns sju olika prisniv\u00e5er ut\u00f6ver att vinna jackpotten.<\/p>\n<h2>Miljontals dollar spenderas varje m\u00e5nad p\u00e5 lottk\u00f6p.<\/h2>\n<p>Europ\u00e9er har blivit galna i lotter de senaste \u00e5ren. N\u00e4st efter Nordamerika spenderar europ\u00e9er hundratals miljoner dollar p\u00e5 lotter varje \u00e5r. Nu n\u00e4r det \u00e4r m\u00f6jligt att k\u00f6pa lotter till lotterier v\u00e4rlden \u00f6ver online har f\u00f6rs\u00e4ljningen \u00f6kat dramatiskt. Om du vill f\u00e5 tag p\u00e5 dina lotter till det kommande El Gordo-lotteriet, <a class=\"thirstylink\" title=\"Redfoxlotto\" href=\"https:\/\/gambling6.com\/go\/redfoxlotto\/\" target=\"_blank\" rel=\"nofollow noopener\">bes\u00f6k bara v\u00e5r partner RedFoxLotto<\/a>, registrera ett konto, s\u00e5 kan du vara p\u00e5 god v\u00e4g att bli multimiljon\u00e4r \u00f6ver en natt.<\/p>\n<table style=\"width: 500px;\" border=\"1\" cellspacing=\"5\" cellpadding=\"5\" align=\"center\">\n<tbody>\n<tr>\n<td colspan=\"3\" align=\"center\">Toppjackpottar f\u00f6r 2013<\/td>\n<\/tr>\n<tr>\n<td>Dragning<\/td>\n<td align=\"center\">Datum<\/td>\n<td align=\"center\">Jackpott (USD)<\/td>\n<\/tr>\n<tr>\n<td>El Gordo &#8211; Spanien<\/td>\n<td align=\"center\">13-okt-13<\/td>\n<td align=\"right\">13 327 360 USD<\/td>\n<\/tr>\n<tr>\n<td>El Gordo &#8211; Spanien<\/td>\n<td align=\"center\">4-aug-13<\/td>\n<td align=\"right\">10 275 000 USD<\/td>\n<\/tr>\n<tr>\n<td>El Gordo &#8211; Spanien<\/td>\n<td align=\"center\">16 juni 2013<\/td>\n<td align=\"right\">9 590 000 USD<\/td>\n<\/tr>\n<tr>\n<td>El Gordo &#8211; Spanien<\/td>\n<td align=\"center\">23 juni 2013<\/td>\n<td align=\"right\">6 850 000 USD<\/td>\n<\/tr>\n<\/tbody>\n<\/table>\n<p>&nbsp;<\/p>\n<table style=\"width: 500px;\" border=\"1\" cellspacing=\"5\" cellpadding=\"5\" align=\"center\">\n<tbody>\n<tr>\n<td colspan=\"3\" align=\"center\">El Gordo Lotto &#8211; Spanska 6\/49 vinstniv\u00e5er<\/td>\n<\/tr>\n<tr>\n<td>Pris<\/td>\n<td align=\"center\">Matcher<\/td>\n<td align=\"center\">Odds<\/td>\n<\/tr>\n<tr>\n<td>1:a (Jackpott)<\/td>\n<td align=\"center\">5 + 1<\/td>\n<td align=\"right\">31 625 100 : 1<\/td>\n<\/tr>\n<tr>\n<td>2:a<\/td>\n<td align=\"center\">5<\/td>\n<td align=\"right\">3 513 900 : 1<\/td>\n<\/tr>\n<tr>\n<td>3:e<\/td>\n<td align=\"center\">4 + 1<\/td>\n<td align=\"right\">129 082 : 1<\/td>\n<\/tr>\n<tr>\n<td>4:e<\/td>\n<td align=\"center\">4<\/td>\n<td align=\"right\">14 342 : 1<\/td>\n<\/tr>\n<tr>\n<td>5:e<\/td>\n<td align=\"center\">3 + 1<\/td>\n<td align=\"right\">2 689 : 1<\/td>\n<\/tr>\n<tr>\n<td>6:e<\/td>\n<td align=\"center\">3<\/td>\n<td align=\"right\">299 : 1<\/td>\n<\/tr>\n<tr>\n<td>7:e<\/td>\n<td align=\"center\">2 + 1<\/td>\n<td align=\"right\">172 : 1<\/td>\n<\/tr>\n<tr>\n<td>8:e<\/td>\n<td align=\"center\">2<\/td>\n<td align=\"right\">19 : 1<\/td>\n<\/tr>\n<tr>\n<td>9:e<\/td>\n<td align=\"center\">0 + 1<\/td>\n<td align=\"right\">10 : 1<\/td>\n<\/tr>\n<\/tbody>\n<\/table>\n","protected":false},"excerpt":{"rendered":"<p>L\u00e4tt att k\u00f6pa lotter online till El Gordo-lotteriet. I Europa \u00e4r El Gordo-lotteriet enormt och spelas av m\u00e4nniskor b\u00e5de i Spanien och internationellt. Du kan f\u00f6rv\u00e4nta dig en minsta jackpott p\u00e5 cirka 6,5 \u200b\u200bmiljoner euro varje vecka. Det \u00e4r bara en dragning i veckan p\u00e5 en s\u00f6ndag, och folk st\u00e5r i k\u00f6 f\u00f6r att spela [&hellip;]<\/p>\n","protected":false},"author":1,"featured_media":0,"parent":9325,"menu_order":3,"comment_status":"closed","ping_status":"closed","template":"","meta":{"footnotes":""},"class_list":["post-9653","page","type-page","status-publish","hentry"],"yoast_head":"<!-- This site is optimized with the Yoast SEO plugin v27.4 - https:\/\/yoast.com\/product\/yoast-seo-wordpress\/ -->\n<title>K\u00f6p lotter till El Gordo-lotteriet online<\/title>\n<meta name=\"description\" content=\"Bli miljon\u00e4r n\u00e4r du k\u00f6per dina lotter till El Gordo-lotteriet online.\" \/>\n<meta name=\"robots\" content=\"index, follow, max-snippet:-1, max-image-preview:large, max-video-preview:-1\" \/>\n<link rel=\"canonical\" href=\"https:\/\/gambling6.com\/sv\/lotteri\/skaffa-el-gordo-lotteribiljetter-var-som-helst\/\" \/>\n<meta property=\"og:locale\" content=\"sv_SE\" \/>\n<meta property=\"og:type\" content=\"article\" \/>\n<meta property=\"og:title\" content=\"K\u00f6p lotter till El Gordo-lotteriet online\" \/>\n<meta property=\"og:description\" content=\"Bli miljon\u00e4r n\u00e4r du k\u00f6per dina lotter till El Gordo-lotteriet online.\" \/>\n<meta property=\"og:url\" content=\"https:\/\/gambling6.com\/sv\/lotteri\/skaffa-el-gordo-lotteribiljetter-var-som-helst\/\" \/>\n<meta property=\"og:site_name\" content=\"Gambling6\" \/>\n<meta property=\"article:modified_time\" content=\"2025-11-15T11:31:52+00:00\" \/>\n<meta property=\"og:image\" content=\"https:\/\/gambling6.com\/wp-content\/uploads\/2022\/04\/2_ticket_spanish_lottery.jpg\" \/>\n\t<meta property=\"og:image:width\" content=\"219\" \/>\n\t<meta property=\"og:image:height\" content=\"300\" \/>\n\t<meta property=\"og:image:type\" content=\"image\/jpeg\" \/>\n<meta name=\"twitter:card\" content=\"summary_large_image\" \/>\n<meta name=\"twitter:label1\" content=\"Ber\u00e4knad l\u00e4stid\" \/>\n\t<meta name=\"twitter:data1\" content=\"2 minuter\" \/>\n<script type=\"application\/ld+json\" class=\"yoast-schema-graph\">{\"@context\":\"https:\\\/\\\/schema.org\",\"@graph\":[{\"@type\":\"WebPage\",\"@id\":\"https:\\\/\\\/gambling6.com\\\/sv\\\/lotteri\\\/skaffa-el-gordo-lotteribiljetter-var-som-helst\\\/\",\"url\":\"https:\\\/\\\/gambling6.com\\\/sv\\\/lotteri\\\/skaffa-el-gordo-lotteribiljetter-var-som-helst\\\/\",\"name\":\"K\u00f6p lotter till El Gordo-lotteriet online\",\"isPartOf\":{\"@id\":\"https:\\\/\\\/gambling6.com\\\/sv\\\/#website\"},\"primaryImageOfPage\":{\"@id\":\"https:\\\/\\\/gambling6.com\\\/sv\\\/lotteri\\\/skaffa-el-gordo-lotteribiljetter-var-som-helst\\\/#primaryimage\"},\"image\":{\"@id\":\"https:\\\/\\\/gambling6.com\\\/sv\\\/lotteri\\\/skaffa-el-gordo-lotteribiljetter-var-som-helst\\\/#primaryimage\"},\"thumbnailUrl\":\"https:\\\/\\\/gambling6.com\\\/wp-content\\\/uploads\\\/2022\\\/04\\\/2_ticket_spanish_lottery.jpg\",\"datePublished\":\"2025-11-11T09:11:02+00:00\",\"dateModified\":\"2025-11-15T11:31:52+00:00\",\"description\":\"Bli miljon\u00e4r n\u00e4r du k\u00f6per dina lotter till El Gordo-lotteriet online.\",\"breadcrumb\":{\"@id\":\"https:\\\/\\\/gambling6.com\\\/sv\\\/lotteri\\\/skaffa-el-gordo-lotteribiljetter-var-som-helst\\\/#breadcrumb\"},\"inLanguage\":\"sv-SE\",\"potentialAction\":[{\"@type\":\"ReadAction\",\"target\":[\"https:\\\/\\\/gambling6.com\\\/sv\\\/lotteri\\\/skaffa-el-gordo-lotteribiljetter-var-som-helst\\\/\"]}]},{\"@type\":\"ImageObject\",\"inLanguage\":\"sv-SE\",\"@id\":\"https:\\\/\\\/gambling6.com\\\/sv\\\/lotteri\\\/skaffa-el-gordo-lotteribiljetter-var-som-helst\\\/#primaryimage\",\"url\":\"https:\\\/\\\/gambling6.com\\\/wp-content\\\/uploads\\\/2022\\\/04\\\/2_ticket_spanish_lottery.jpg\",\"contentUrl\":\"https:\\\/\\\/gambling6.com\\\/wp-content\\\/uploads\\\/2022\\\/04\\\/2_ticket_spanish_lottery.jpg\"},{\"@type\":\"BreadcrumbList\",\"@id\":\"https:\\\/\\\/gambling6.com\\\/sv\\\/lotteri\\\/skaffa-el-gordo-lotteribiljetter-var-som-helst\\\/#breadcrumb\",\"itemListElement\":[{\"@type\":\"ListItem\",\"position\":1,\"name\":\"Home\",\"item\":\"https:\\\/\\\/gambling6.com\\\/sv\\\/home\\\/\"},{\"@type\":\"ListItem\",\"position\":2,\"name\":\"Lotteri\",\"item\":\"https:\\\/\\\/gambling6.com\\\/sv\\\/lotteri\\\/\"},{\"@type\":\"ListItem\",\"position\":3,\"name\":\"Skaffa El Gordo-lotteribiljetter var som helst\"}]},{\"@type\":\"WebSite\",\"@id\":\"https:\\\/\\\/gambling6.com\\\/sv\\\/#website\",\"url\":\"https:\\\/\\\/gambling6.com\\\/sv\\\/\",\"name\":\"Gambling6\",\"description\":\"\",\"potentialAction\":[{\"@type\":\"SearchAction\",\"target\":{\"@type\":\"EntryPoint\",\"urlTemplate\":\"https:\\\/\\\/gambling6.com\\\/sv\\\/?s={search_term_string}\"},\"query-input\":{\"@type\":\"PropertyValueSpecification\",\"valueRequired\":true,\"valueName\":\"search_term_string\"}}],\"inLanguage\":\"sv-SE\"}]}<\/script>\n<!-- \/ Yoast SEO plugin. -->","yoast_head_json":{"title":"K\u00f6p lotter till El Gordo-lotteriet online","description":"Bli miljon\u00e4r n\u00e4r du k\u00f6per dina lotter till El Gordo-lotteriet online.","robots":{"index":"index","follow":"follow","max-snippet":"max-snippet:-1","max-image-preview":"max-image-preview:large","max-video-preview":"max-video-preview:-1"},"canonical":"https:\/\/gambling6.com\/sv\/lotteri\/skaffa-el-gordo-lotteribiljetter-var-som-helst\/","og_locale":"sv_SE","og_type":"article","og_title":"K\u00f6p lotter till El Gordo-lotteriet online","og_description":"Bli miljon\u00e4r n\u00e4r du k\u00f6per dina lotter till El Gordo-lotteriet online.","og_url":"https:\/\/gambling6.com\/sv\/lotteri\/skaffa-el-gordo-lotteribiljetter-var-som-helst\/","og_site_name":"Gambling6","article_modified_time":"2025-11-15T11:31:52+00:00","og_image":[{"width":219,"height":300,"url":"https:\/\/gambling6.com\/wp-content\/uploads\/2022\/04\/2_ticket_spanish_lottery.jpg","type":"image\/jpeg"}],"twitter_card":"summary_large_image","twitter_misc":{"Ber\u00e4knad l\u00e4stid":"2 minuter"},"schema":{"@context":"https:\/\/schema.org","@graph":[{"@type":"WebPage","@id":"https:\/\/gambling6.com\/sv\/lotteri\/skaffa-el-gordo-lotteribiljetter-var-som-helst\/","url":"https:\/\/gambling6.com\/sv\/lotteri\/skaffa-el-gordo-lotteribiljetter-var-som-helst\/","name":"K\u00f6p lotter till El Gordo-lotteriet online","isPartOf":{"@id":"https:\/\/gambling6.com\/sv\/#website"},"primaryImageOfPage":{"@id":"https:\/\/gambling6.com\/sv\/lotteri\/skaffa-el-gordo-lotteribiljetter-var-som-helst\/#primaryimage"},"image":{"@id":"https:\/\/gambling6.com\/sv\/lotteri\/skaffa-el-gordo-lotteribiljetter-var-som-helst\/#primaryimage"},"thumbnailUrl":"https:\/\/gambling6.com\/wp-content\/uploads\/2022\/04\/2_ticket_spanish_lottery.jpg","datePublished":"2025-11-11T09:11:02+00:00","dateModified":"2025-11-15T11:31:52+00:00","description":"Bli miljon\u00e4r n\u00e4r du k\u00f6per dina lotter till El Gordo-lotteriet online.","breadcrumb":{"@id":"https:\/\/gambling6.com\/sv\/lotteri\/skaffa-el-gordo-lotteribiljetter-var-som-helst\/#breadcrumb"},"inLanguage":"sv-SE","potentialAction":[{"@type":"ReadAction","target":["https:\/\/gambling6.com\/sv\/lotteri\/skaffa-el-gordo-lotteribiljetter-var-som-helst\/"]}]},{"@type":"ImageObject","inLanguage":"sv-SE","@id":"https:\/\/gambling6.com\/sv\/lotteri\/skaffa-el-gordo-lotteribiljetter-var-som-helst\/#primaryimage","url":"https:\/\/gambling6.com\/wp-content\/uploads\/2022\/04\/2_ticket_spanish_lottery.jpg","contentUrl":"https:\/\/gambling6.com\/wp-content\/uploads\/2022\/04\/2_ticket_spanish_lottery.jpg"},{"@type":"BreadcrumbList","@id":"https:\/\/gambling6.com\/sv\/lotteri\/skaffa-el-gordo-lotteribiljetter-var-som-helst\/#breadcrumb","itemListElement":[{"@type":"ListItem","position":1,"name":"Home","item":"https:\/\/gambling6.com\/sv\/home\/"},{"@type":"ListItem","position":2,"name":"Lotteri","item":"https:\/\/gambling6.com\/sv\/lotteri\/"},{"@type":"ListItem","position":3,"name":"Skaffa El Gordo-lotteribiljetter var som helst"}]},{"@type":"WebSite","@id":"https:\/\/gambling6.com\/sv\/#website","url":"https:\/\/gambling6.com\/sv\/","name":"Gambling6","description":"","potentialAction":[{"@type":"SearchAction","target":{"@type":"EntryPoint","urlTemplate":"https:\/\/gambling6.com\/sv\/?s={search_term_string}"},"query-input":{"@type":"PropertyValueSpecification","valueRequired":true,"valueName":"search_term_string"}}],"inLanguage":"sv-SE"}]}},"_links":{"self":[{"href":"https:\/\/gambling6.com\/sv\/wp-json\/wp\/v2\/pages\/9653","targetHints":{"allow":["GET"]}}],"collection":[{"href":"https:\/\/gambling6.com\/sv\/wp-json\/wp\/v2\/pages"}],"about":[{"href":"https:\/\/gambling6.com\/sv\/wp-json\/wp\/v2\/types\/page"}],"author":[{"embeddable":true,"href":"https:\/\/gambling6.com\/sv\/wp-json\/wp\/v2\/users\/1"}],"replies":[{"embeddable":true,"href":"https:\/\/gambling6.com\/sv\/wp-json\/wp\/v2\/comments?post=9653"}],"version-history":[{"count":1,"href":"https:\/\/gambling6.com\/sv\/wp-json\/wp\/v2\/pages\/9653\/revisions"}],"predecessor-version":[{"id":10951,"href":"https:\/\/gambling6.com\/sv\/wp-json\/wp\/v2\/pages\/9653\/revisions\/10951"}],"up":[{"embeddable":true,"href":"https:\/\/gambling6.com\/sv\/wp-json\/wp\/v2\/pages\/9325"}],"wp:attachment":[{"href":"https:\/\/gambling6.com\/sv\/wp-json\/wp\/v2\/media?parent=9653"}],"curies":[{"name":"wp","href":"https:\/\/api.w.org\/{rel}","templated":true}]}}