{"id":9678,"date":"2025-11-11T09:46:31","date_gmt":"2025-11-11T09:46:31","guid":{"rendered":"https:\/\/gambling6.com\/lotteri\/kop-lotter-online-till-det-australiska-lotteriet\/"},"modified":"2025-11-11T09:46:31","modified_gmt":"2025-11-11T09:46:31","slug":"kop-lotter-online-till-det-australiska-lotteriet","status":"publish","type":"page","link":"https:\/\/gambling6.com\/sv\/lotteri\/kop-lotter-online-till-det-australiska-lotteriet\/","title":{"rendered":"K\u00f6p lotter online till det australiska lotteriet"},"content":{"rendered":"<h2>Australiensiskt Lotteri<\/h2>\n<p>Varje vecka, p\u00e5 tisdag och torsdag, \u00e4ger tv\u00e5 mycket sp\u00e4nnande lotterier rum i Australien. Powerball- och Oz Lotto-lottor finns att k\u00f6pa online. Att k\u00f6pa lotter online till det australiska lottot \u00e4r lika enkelt som att &#8221;kasta en r\u00e4ka till p\u00e5 barbiedockan&#8221;. Folk spelar dessa lotterier om de regelbundet h\u00f6ga jackpottarna p\u00e5 50 miljoner dollar och mer.<\/p>\n<p>Oddsen f\u00f6r b\u00e5da jackpottarna \u00e4r ganska gynnsamma, med tanke p\u00e5 deras storlek, och med m\u00f6jligheten att k\u00f6pa lotter online stiger de ganska snabbt. Globalt har dessa jackpottar vunnit popularitet under de senaste \u00e5ren. Du h\u00f6r mer om dessa dragningar i nyheterna varje dag.<\/p>\n<h2>Online Oz Lotto-lotter \u00e4r s\u00e4kra och trygga.<\/h2>\n<p>Du kan tryggt och s\u00e4kert v\u00e4lja dina 7 nummer och v\u00e4nta p\u00e5 dragningen. V\u00e5r partner <a class=\"thirstylink\" title=\"Redfoxlotto\" href=\"https:\/\/gambling6.com\/go\/redfoxlotto\/\" target=\"_blank\" rel=\"nofollow noopener\">RedFoxLotto.com<\/a> tar bort all oro med att k\u00f6pa lotter online, s\u00e5 du beh\u00f6ver bara luta dig tillbaka och v\u00e4nta p\u00e5 att vinna.<\/p>\n<p>Amerikanska spelare <span style=\"box-sizing: border-box; margin: 0px; padding: 0px;\">som vill delta i och k\u00f6pa en lott online f\u00f6r Powerball eller n\u00e5got annat lotteri fr\u00e5n Australien b\u00f6r v\u00e4lja v\u00e5r andra rekommendation: <a href=\"https:\/\/gambling6.com\/go\/thelotter-en\/\" target=\"_blank\" rel=\"noopener\">TheLotter. Klicka h\u00e4r f\u00f6r att bes\u00f6ka<\/a><\/span><a class=\"thirstylink\" title=\"TheLotter sv\" href=\"https:\/\/gambling6.com\/go\/thelotter-sv\/\" target=\"_blank\" rel=\"nofollow noopener\">\u00a0deras webbplats.<\/a><\/p>\n<h2>Stora jackpottar med online-biljetter till Powerball Australien<\/h2>\n<table style=\"width: 500px;\" border=\"1\" cellspacing=\"5\" cellpadding=\"5\" align=\"center\">\n<tbody>\n<tr>\n<td colspan=\"3\" align=\"center\">De fem b\u00e4sta jackpottarna f\u00f6r 2013<\/td>\n<\/tr>\n<tr>\n<td>Dragning<\/td>\n<td align=\"center\">Datum<\/td>\n<td align=\"center\">Jackpott (USD)<\/td>\n<\/tr>\n<tr>\n<td>Powerball &#8211; Australien<\/td>\n<td align=\"center\">2 maj 2013<\/td>\n<td align=\"right\">55 229 291 dollar<\/td>\n<\/tr>\n<tr>\n<td>Powerball &#8211; Australien<\/td>\n<td align=\"center\">18 juli 2013<\/td>\n<td align=\"right\">26 700 000 USD<\/td>\n<\/tr>\n<tr>\n<td>Powerball &#8211; Australien<\/td>\n<td align=\"center\">19 sep-13<\/td>\n<td align=\"right\">26 700 000 USD<\/td>\n<\/tr>\n<tr>\n<td>Powerball &#8211; Australien<\/td>\n<td align=\"center\">24 okt-13<\/td>\n<td align=\"right\">26 700 000 USD<\/td>\n<\/tr>\n<tr>\n<td>Powerball &#8211; Australien<\/td>\n<td align=\"center\">3 jan-13<\/td>\n<td align=\"right\">22 250 000 USD<\/td>\n<\/tr>\n<\/tbody>\n<\/table>\n<h2> \u00c5tta prisniv\u00e5er f\u00f6r onlinebiljetten till den australiska Powerball k\u00f6pare<\/h2>\n<table style=\"width: 500px;\" border=\"1\" cellspacing=\"5\" cellpadding=\"5\" align=\"center\">\n<tbody>\n<tr>\n<td colspan=\"3\" align=\"center\">Powerball Lotto &#8211; Australiens prisniv\u00e5er<\/td>\n<\/tr>\n<tr>\n<td>Pris<\/td>\n<td align=\"center\">Matcher<\/td>\n<td align=\"center\">Odds<\/td>\n<\/tr>\n<tr>\n<td>1:a (Jackpott)<\/td>\n<td align=\"center\">6 + 1<\/td>\n<td align=\"right\">76 767 600 : 1<\/td>\n<\/tr>\n<tr>\n<td>2:a<\/td>\n<td align=\"center\">6<\/td>\n<td align=\"right\">4 040 400 : 1<\/td>\n<\/tr>\n<tr>\n<td>3:e<\/td>\n<td align=\"center\">5 + 1<\/td>\n<td align=\"right\">376 312 : 1<\/td>\n<\/tr>\n<tr>\n<td>4:e<\/td>\n<td align=\"center\">5<\/td>\n<td align=\"right\">19 806 : 1<\/td>\n<\/tr>\n<tr>\n<td>5:e<\/td>\n<td align=\"center\">4 + 1<\/td>\n<td align=\"right\">9 123 : 1<\/td>\n<\/tr>\n<tr>\n<td>6:e<\/td>\n<td align=\"center\">3 + 1<\/td>\n<td align=\"right\">641 : 1<\/td>\n<\/tr>\n<tr>\n<td>7:e<\/td>\n<td align=\"center\">4<\/td>\n<td align=\"right\">480 : 1<\/td>\n<\/tr>\n<tr>\n<td>8:e<\/td>\n<td align=\"center\">2 + 1<\/td>\n<td align=\"right\">110 : 1<\/td>\n<\/tr>\n<\/tbody>\n<\/table>\n<h2>\u00a0Innehavare av Oz Lotto-biljetter online kan ta hem stora pengar<\/h2>\n<table style=\"width: 500px;\" border=\"1\" cellspacing=\"5\" cellpadding=\"5\" align=\"center\">\n<tbody>\n<tr>\n<td colspan=\"3\" align=\"center\">De fem st\u00f6rsta jackpottarna f\u00f6r 2013<\/td>\n<\/tr>\n<tr>\n<td>Dragning<\/td>\n<td align=\"center\">Datum<\/td>\n<td align=\"center\">Jackpott (USD)<\/td>\n<\/tr>\n<tr>\n<td>Oz Lotto &#8211; Australien<\/td>\n<td align=\"center\">17-dec-13<\/td>\n<td align=\"right\">62 300 000 $<\/td>\n<\/tr>\n<tr>\n<td>Oz Lotto &#8211; Australien<\/td>\n<td align=\"center\">2-jul-13<\/td>\n<td align=\"right\">44 500 000 USD<\/td>\n<\/tr>\n<tr>\n<td>Oz Lotto &#8211; Australien<\/td>\n<td align=\"center\">30 april 2013<\/td>\n<td align=\"right\">26 700 000 USD<\/td>\n<\/tr>\n<tr>\n<td>Oz Lotto &#8211; Australien<\/td>\n<td align=\"center\">29 januari 2013<\/td>\n<td align=\"right\">20 296 484 USD<\/td>\n<\/tr>\n<tr>\n<td>Oz Lotto &#8211; Australien<\/td>\n<td align=\"center\">3 september 2013<\/td>\n<td align=\"right\">19 790 620 USD<\/td>\n<\/tr>\n<\/tbody>\n<\/table>\n<h2>\u00a0Kolla biljetter online f\u00f6r att se om det finns n\u00e5gra matcher betala<\/h2>\n<table style=\"width: 500px;\" border=\"1\" cellspacing=\"5\" cellpadding=\"5\" align=\"center\">\n<tbody>\n<tr>\n<td colspan=\"3\" align=\"center\">Oz Lotto &#8211; Australiens prisniv\u00e5er<\/td>\n<\/tr>\n<tr>\n<td>Pris<\/td>\n<td align=\"center\">Matcher<\/td>\n<td align=\"center\">Odds<\/td>\n<\/tr>\n<tr>\n<td>1:a (Jackpott)<\/td>\n<td align=\"center\">7<\/td>\n<td align=\"right\">45 379 620 : 1<\/td>\n<\/tr>\n<tr>\n<td>2:a<\/td>\n<td align=\"center\">6 + 1<\/td>\n<td align=\"right\">3 241 401 : 1<\/td>\n<\/tr>\n<tr>\n<td>3:e<\/td>\n<td align=\"center\">6<\/td>\n<td align=\"right\">180 078 : 1<\/td>\n<\/tr>\n<tr>\n<td>4:e<\/td>\n<td align=\"center\">5 + 1<\/td>\n<td align=\"right\">29 602 : 1<\/td>\n<\/tr>\n<tr>\n<td>5:e<\/td>\n<td align=\"center\">5<\/td>\n<td align=\"right\">3 430 : 1<\/td>\n<\/tr>\n<tr>\n<td>6:e<\/td>\n<td align=\"center\">4<\/td>\n<td align=\"right\">154 : 1<\/td>\n<\/tr>\n<tr>\n<td>7:e<\/td>\n<td align=\"center\">3 + 1<\/td>\n<td align=\"right\">55 : 1<\/td>\n<\/tr>\n<\/tbody>\n<\/table>\n","protected":false},"excerpt":{"rendered":"<p>Australiensiskt Lotteri Varje vecka, p\u00e5 tisdag och torsdag, \u00e4ger tv\u00e5 mycket sp\u00e4nnande lotterier rum i Australien. Powerball- och Oz Lotto-lottor finns att k\u00f6pa online. Att k\u00f6pa lotter online till det australiska lottot \u00e4r lika enkelt som att &#8221;kasta en r\u00e4ka till p\u00e5 barbiedockan&#8221;. Folk spelar dessa lotterier om de regelbundet h\u00f6ga jackpottarna p\u00e5 50 miljoner [&hellip;]<\/p>\n","protected":false},"author":1,"featured_media":0,"parent":9325,"menu_order":9,"comment_status":"closed","ping_status":"closed","template":"","meta":{"footnotes":""},"class_list":["post-9678","page","type-page","status-publish","hentry"],"yoast_head":"<!-- This site is optimized with the Yoast SEO plugin v27.5 - https:\/\/yoast.com\/product\/yoast-seo-wordpress\/ -->\n<title>K\u00f6p lotter till det australiska lotteriet online<\/title>\n<meta name=\"description\" content=\"Att k\u00f6pa lotter online till australiska lotterier tar sp\u00e4nningen till nya niv\u00e5er.\" \/>\n<meta name=\"robots\" content=\"index, follow, max-snippet:-1, max-image-preview:large, max-video-preview:-1\" \/>\n<link rel=\"canonical\" href=\"https:\/\/gambling6.com\/sv\/lotteri\/kop-lotter-online-till-det-australiska-lotteriet\/\" \/>\n<meta property=\"og:locale\" content=\"sv_SE\" \/>\n<meta property=\"og:type\" content=\"article\" \/>\n<meta property=\"og:title\" content=\"K\u00f6p lotter till det australiska lotteriet online\" \/>\n<meta property=\"og:description\" content=\"Att k\u00f6pa lotter online till australiska lotterier tar sp\u00e4nningen till nya niv\u00e5er.\" \/>\n<meta property=\"og:url\" content=\"https:\/\/gambling6.com\/sv\/lotteri\/kop-lotter-online-till-det-australiska-lotteriet\/\" \/>\n<meta property=\"og:site_name\" content=\"Gambling6\" \/>\n<meta name=\"twitter:card\" content=\"summary_large_image\" \/>\n<meta name=\"twitter:label1\" content=\"Ber\u00e4knad l\u00e4stid\" \/>\n\t<meta name=\"twitter:data1\" content=\"2 minuter\" \/>\n<script type=\"application\/ld+json\" class=\"yoast-schema-graph\">{\"@context\":\"https:\\\/\\\/schema.org\",\"@graph\":[{\"@type\":\"WebPage\",\"@id\":\"https:\\\/\\\/gambling6.com\\\/sv\\\/lotteri\\\/kop-lotter-online-till-det-australiska-lotteriet\\\/\",\"url\":\"https:\\\/\\\/gambling6.com\\\/sv\\\/lotteri\\\/kop-lotter-online-till-det-australiska-lotteriet\\\/\",\"name\":\"K\u00f6p lotter till det australiska lotteriet online\",\"isPartOf\":{\"@id\":\"https:\\\/\\\/gambling6.com\\\/sv\\\/#website\"},\"datePublished\":\"2025-11-11T09:46:31+00:00\",\"description\":\"Att k\u00f6pa lotter online till australiska lotterier tar sp\u00e4nningen till nya niv\u00e5er.\",\"breadcrumb\":{\"@id\":\"https:\\\/\\\/gambling6.com\\\/sv\\\/lotteri\\\/kop-lotter-online-till-det-australiska-lotteriet\\\/#breadcrumb\"},\"inLanguage\":\"sv-SE\",\"potentialAction\":[{\"@type\":\"ReadAction\",\"target\":[\"https:\\\/\\\/gambling6.com\\\/sv\\\/lotteri\\\/kop-lotter-online-till-det-australiska-lotteriet\\\/\"]}]},{\"@type\":\"BreadcrumbList\",\"@id\":\"https:\\\/\\\/gambling6.com\\\/sv\\\/lotteri\\\/kop-lotter-online-till-det-australiska-lotteriet\\\/#breadcrumb\",\"itemListElement\":[{\"@type\":\"ListItem\",\"position\":1,\"name\":\"Home\",\"item\":\"https:\\\/\\\/gambling6.com\\\/sv\\\/home\\\/\"},{\"@type\":\"ListItem\",\"position\":2,\"name\":\"Lotteri\",\"item\":\"https:\\\/\\\/gambling6.com\\\/sv\\\/lotteri\\\/\"},{\"@type\":\"ListItem\",\"position\":3,\"name\":\"K\u00f6p lotter online till det australiska lotteriet\"}]},{\"@type\":\"WebSite\",\"@id\":\"https:\\\/\\\/gambling6.com\\\/sv\\\/#website\",\"url\":\"https:\\\/\\\/gambling6.com\\\/sv\\\/\",\"name\":\"Gambling6\",\"description\":\"\",\"potentialAction\":[{\"@type\":\"SearchAction\",\"target\":{\"@type\":\"EntryPoint\",\"urlTemplate\":\"https:\\\/\\\/gambling6.com\\\/sv\\\/?s={search_term_string}\"},\"query-input\":{\"@type\":\"PropertyValueSpecification\",\"valueRequired\":true,\"valueName\":\"search_term_string\"}}],\"inLanguage\":\"sv-SE\"}]}<\/script>\n<!-- \/ Yoast SEO plugin. -->","yoast_head_json":{"title":"K\u00f6p lotter till det australiska lotteriet online","description":"Att k\u00f6pa lotter online till australiska lotterier tar sp\u00e4nningen till nya niv\u00e5er.","robots":{"index":"index","follow":"follow","max-snippet":"max-snippet:-1","max-image-preview":"max-image-preview:large","max-video-preview":"max-video-preview:-1"},"canonical":"https:\/\/gambling6.com\/sv\/lotteri\/kop-lotter-online-till-det-australiska-lotteriet\/","og_locale":"sv_SE","og_type":"article","og_title":"K\u00f6p lotter till det australiska lotteriet online","og_description":"Att k\u00f6pa lotter online till australiska lotterier tar sp\u00e4nningen till nya niv\u00e5er.","og_url":"https:\/\/gambling6.com\/sv\/lotteri\/kop-lotter-online-till-det-australiska-lotteriet\/","og_site_name":"Gambling6","twitter_card":"summary_large_image","twitter_misc":{"Ber\u00e4knad l\u00e4stid":"2 minuter"},"schema":{"@context":"https:\/\/schema.org","@graph":[{"@type":"WebPage","@id":"https:\/\/gambling6.com\/sv\/lotteri\/kop-lotter-online-till-det-australiska-lotteriet\/","url":"https:\/\/gambling6.com\/sv\/lotteri\/kop-lotter-online-till-det-australiska-lotteriet\/","name":"K\u00f6p lotter till det australiska lotteriet online","isPartOf":{"@id":"https:\/\/gambling6.com\/sv\/#website"},"datePublished":"2025-11-11T09:46:31+00:00","description":"Att k\u00f6pa lotter online till australiska lotterier tar sp\u00e4nningen till nya niv\u00e5er.","breadcrumb":{"@id":"https:\/\/gambling6.com\/sv\/lotteri\/kop-lotter-online-till-det-australiska-lotteriet\/#breadcrumb"},"inLanguage":"sv-SE","potentialAction":[{"@type":"ReadAction","target":["https:\/\/gambling6.com\/sv\/lotteri\/kop-lotter-online-till-det-australiska-lotteriet\/"]}]},{"@type":"BreadcrumbList","@id":"https:\/\/gambling6.com\/sv\/lotteri\/kop-lotter-online-till-det-australiska-lotteriet\/#breadcrumb","itemListElement":[{"@type":"ListItem","position":1,"name":"Home","item":"https:\/\/gambling6.com\/sv\/home\/"},{"@type":"ListItem","position":2,"name":"Lotteri","item":"https:\/\/gambling6.com\/sv\/lotteri\/"},{"@type":"ListItem","position":3,"name":"K\u00f6p lotter online till det australiska lotteriet"}]},{"@type":"WebSite","@id":"https:\/\/gambling6.com\/sv\/#website","url":"https:\/\/gambling6.com\/sv\/","name":"Gambling6","description":"","potentialAction":[{"@type":"SearchAction","target":{"@type":"EntryPoint","urlTemplate":"https:\/\/gambling6.com\/sv\/?s={search_term_string}"},"query-input":{"@type":"PropertyValueSpecification","valueRequired":true,"valueName":"search_term_string"}}],"inLanguage":"sv-SE"}]}},"_links":{"self":[{"href":"https:\/\/gambling6.com\/sv\/wp-json\/wp\/v2\/pages\/9678","targetHints":{"allow":["GET"]}}],"collection":[{"href":"https:\/\/gambling6.com\/sv\/wp-json\/wp\/v2\/pages"}],"about":[{"href":"https:\/\/gambling6.com\/sv\/wp-json\/wp\/v2\/types\/page"}],"author":[{"embeddable":true,"href":"https:\/\/gambling6.com\/sv\/wp-json\/wp\/v2\/users\/1"}],"replies":[{"embeddable":true,"href":"https:\/\/gambling6.com\/sv\/wp-json\/wp\/v2\/comments?post=9678"}],"version-history":[{"count":0,"href":"https:\/\/gambling6.com\/sv\/wp-json\/wp\/v2\/pages\/9678\/revisions"}],"up":[{"embeddable":true,"href":"https:\/\/gambling6.com\/sv\/wp-json\/wp\/v2\/pages\/9325"}],"wp:attachment":[{"href":"https:\/\/gambling6.com\/sv\/wp-json\/wp\/v2\/media?parent=9678"}],"curies":[{"name":"wp","href":"https:\/\/api.w.org\/{rel}","templated":true}]}}