{"id":9686,"date":"2025-11-11T10:02:40","date_gmt":"2025-11-11T10:02:40","guid":{"rendered":"https:\/\/gambling6.com\/lotteri\/kop-lotter-online-till-mega-sena-lotteriet\/"},"modified":"2025-11-11T10:02:40","modified_gmt":"2025-11-11T10:02:40","slug":"kop-lotter-online-till-mega-sena-lotteriet","status":"publish","type":"page","link":"https:\/\/gambling6.com\/sv\/lotteri\/kop-lotter-online-till-mega-sena-lotteriet\/","title":{"rendered":"K\u00f6p lotter online till Mega Sena-lotteriet"},"content":{"rendered":"<h2>Mega Sena-lotteriet<\/h2>\n<p>Med en garanterad minimijackpott p\u00e5 1,1 miljoner dollar drar Mega Sena-lotteriet i Brasilien en enorm f\u00f6ljarskara tv\u00e5 g\u00e5nger i veckan. Med m\u00f6jligheten att k\u00f6pa lotter online till Mega Sena-lotteriet kl\u00e4ttrar jackpottarna ofta mycket h\u00f6gre.<strong>I ett land k\u00e4nt v\u00e4rlden \u00f6ver f\u00f6r vackra kvinnor p\u00e5 str\u00e4nderna och f\u00f6r att ha kul, \u00f6kar Brasiliens nationella Mega-Sena-lotteri sp\u00e4nningen med jackpottar som kan n\u00e5 35 miljoner dollar.<\/p>\n<p><strong>Som om 35 miljoner dollar inte vore nog, \u00e4ger en specialdragning rum p\u00e5 ny\u00e5rsafton med en garanterad jackpott p\u00e5 200 miljoner dollar.<\/strong><\/p>\n<p>Mega-Sena-lotteriet, som h\u00e5lls tv\u00e5 g\u00e5nger i veckan i Brasilien, \u00e4r det st\u00f6rsta i Sydamerika och kan k\u00f6pas online. Inv\u00e5nare i Brasilien, tillsammans med m\u00e5nga onlinespelare, flockas f\u00f6r att k\u00f6pa lotter tv\u00e5 g\u00e5nger i veckan till detta l\u00e4ttspelade lotteri. <\/p>\n<h2>Spela Mega-Sena-lotteriet online.<\/h2>\n<p>F\u00f6r att delta i detta lotteri beh\u00f6ver du bara v\u00e4lja sex nummer mellan 1 och 60 och v\u00e4nta p\u00e5 att dragningen ska ske. F\u00f6r att h\u00e4mta jackpotten beh\u00f6ver du bara matcha sex nummer. <strong>Som onlinespelare \u00e4r n\u00e4sta steg att flyga till Brasilien<\/strong>, h\u00e4mta din jackpott och sv\u00e4rma stranden med alla dina nyfunna v\u00e4nner.<\/p>\n<p>Oddsen att vinna Mega Sena med dina onlinebiljetter \u00e4r cirka 50 000 000 till 1. Att k\u00f6pa Mega Sena-biljetter online kan ocks\u00e5 vinna ett av de andra eller tredje niv\u00e5ernas priser, som ofta \u00e4r betydande. <a class=\"thirstylink\" title=\"Redfoxlotto\" href=\"https:\/\/gambling6.com\/go\/redfoxlotto\/\" target=\"_blank\" rel=\"nofollow noopener\">Klicka h\u00e4r f\u00f6r att bes\u00f6ka v\u00e5r partner RedFoxlotto och f\u00e5 dina biljetter till Mega Sena-lotteriet online.<\/a><\/p>\n<table style=\"width: 500px;\" border=\"1\" cellspacing=\"5\" cellpadding=\"5\" align=\"center\">\n<tbody>\n<tr>\n<td colspan=\"3\" align=\"center\">Topp fem jackpottar f\u00f6r 2013<\/td>\n<\/tr>\n<tr>\n<td>Dragning<\/td>\n<td align=\"center\">Datum<\/td>\n<td align=\"center\">Jackpott (USD)<\/td>\n<\/tr>\n<tr>\n<td>Mega-Sena &#8211; Latinamerika<\/td>\n<td align=\"center\">6-nov-13<\/td>\n<td align=\"right\">34 615 000 dollar<\/td>\n<\/tr>\n<tr>\n<td>Mega-Sena &#8211; Latinamerika<\/td>\n<td align=\"center\">1-juni-13<\/td>\n<td align=\"right\">18 505 745 USD<\/td>\n<\/tr>\n<tr>\n<td>Mega-Sena &#8211; Latinamerika<\/td>\n<td align=\"center\">3 juli 2013<\/td>\n<td align=\"right\">18 205 319 USD<\/td>\n<\/tr>\n<tr>\n<td>Mega-Sena &#8211; Latinamerika<\/td>\n<td align=\"center\">31 augusti 2013<\/td>\n<td align=\"right\">13 760 000 USD<\/td>\n<\/tr>\n<tr>\n<td>Mega-Sena &#8211; Latinamerika<\/td>\n<td align=\"center\">14 augusti 2013<\/td>\n<td align=\"right\">10 884 923 USD<\/td>\n<\/tr>\n<\/tbody>\n<\/table>\n<p>&nbsp;<\/p>\n<table style=\"width: 500px;\" border=\"1\" cellspacing=\"5\" cellpadding=\"5\" align=\"center\">\n<tbody>\n<tr>\n<td colspan=\"3\" align=\"center\">Mega-Sena Lotteri &#8211; Brasiliens prisniv\u00e5er<\/td>\n<\/tr>\n<tr>\n<td>Pris<\/td>\n<td align=\"center\">Matcher<\/td>\n<td align=\"center\">Odds<\/td>\n<\/tr>\n<tr>\n<td>1:a (Jackpott)<\/td>\n<td align=\"center\">6<\/td>\n<td align=\"right\">50 063 856 : 1<\/td>\n<\/tr>\n<tr>\n<td>2:a<\/td>\n<td align=\"center\">5<\/td>\n<td align=\"right\">154 518 : 1<\/td>\n<\/tr>\n<tr>\n<td>3:e<\/td>\n<td align=\"center\">4<\/td>\n<td align=\"right\">2 332 : 1<\/td>\n<\/tr>\n<\/tbody>\n<\/table>\n","protected":false},"excerpt":{"rendered":"<p>Mega Sena-lotteriet Med en garanterad minimijackpott p\u00e5 1,1 miljoner dollar drar Mega Sena-lotteriet i Brasilien en enorm f\u00f6ljarskara tv\u00e5 g\u00e5nger i veckan. Med m\u00f6jligheten att k\u00f6pa lotter online till Mega Sena-lotteriet kl\u00e4ttrar jackpottarna ofta mycket h\u00f6gre.I ett land k\u00e4nt v\u00e4rlden \u00f6ver f\u00f6r vackra kvinnor p\u00e5 str\u00e4nderna och f\u00f6r att ha kul, \u00f6kar Brasiliens nationella Mega-Sena-lotteri [&hellip;]<\/p>\n","protected":false},"author":1,"featured_media":0,"parent":9325,"menu_order":8,"comment_status":"closed","ping_status":"closed","template":"","meta":{"footnotes":""},"class_list":["post-9686","page","type-page","status-publish","hentry"],"yoast_head":"<!-- This site is optimized with the Yoast SEO plugin v27.4 - https:\/\/yoast.com\/product\/yoast-seo-wordpress\/ -->\n<title>K\u00f6p lotter online till Mega Sena-lotteriet<\/title>\n<meta name=\"description\" content=\"L\u00e4r dig hur du kan f\u00e5 tag p\u00e5 lotter till Brasiliens Mega-Sena-lotteri online.\" \/>\n<meta name=\"robots\" content=\"index, follow, max-snippet:-1, max-image-preview:large, max-video-preview:-1\" \/>\n<link rel=\"canonical\" href=\"https:\/\/gambling6.com\/sv\/lotteri\/kop-lotter-online-till-mega-sena-lotteriet\/\" \/>\n<meta property=\"og:locale\" content=\"sv_SE\" \/>\n<meta property=\"og:type\" content=\"article\" \/>\n<meta property=\"og:title\" content=\"K\u00f6p lotter online till Mega Sena-lotteriet\" \/>\n<meta property=\"og:description\" content=\"L\u00e4r dig hur du kan f\u00e5 tag p\u00e5 lotter till Brasiliens Mega-Sena-lotteri online.\" \/>\n<meta property=\"og:url\" content=\"https:\/\/gambling6.com\/sv\/lotteri\/kop-lotter-online-till-mega-sena-lotteriet\/\" \/>\n<meta property=\"og:site_name\" content=\"Gambling6\" \/>\n<meta name=\"twitter:card\" content=\"summary_large_image\" \/>\n<meta name=\"twitter:label1\" content=\"Ber\u00e4knad l\u00e4stid\" \/>\n\t<meta name=\"twitter:data1\" content=\"2 minuter\" \/>\n<script type=\"application\/ld+json\" class=\"yoast-schema-graph\">{\"@context\":\"https:\\\/\\\/schema.org\",\"@graph\":[{\"@type\":\"WebPage\",\"@id\":\"https:\\\/\\\/gambling6.com\\\/sv\\\/lotteri\\\/kop-lotter-online-till-mega-sena-lotteriet\\\/\",\"url\":\"https:\\\/\\\/gambling6.com\\\/sv\\\/lotteri\\\/kop-lotter-online-till-mega-sena-lotteriet\\\/\",\"name\":\"K\u00f6p lotter online till Mega Sena-lotteriet\",\"isPartOf\":{\"@id\":\"https:\\\/\\\/gambling6.com\\\/sv\\\/#website\"},\"datePublished\":\"2025-11-11T10:02:40+00:00\",\"description\":\"L\u00e4r dig hur du kan f\u00e5 tag p\u00e5 lotter till Brasiliens Mega-Sena-lotteri online.\",\"breadcrumb\":{\"@id\":\"https:\\\/\\\/gambling6.com\\\/sv\\\/lotteri\\\/kop-lotter-online-till-mega-sena-lotteriet\\\/#breadcrumb\"},\"inLanguage\":\"sv-SE\",\"potentialAction\":[{\"@type\":\"ReadAction\",\"target\":[\"https:\\\/\\\/gambling6.com\\\/sv\\\/lotteri\\\/kop-lotter-online-till-mega-sena-lotteriet\\\/\"]}]},{\"@type\":\"BreadcrumbList\",\"@id\":\"https:\\\/\\\/gambling6.com\\\/sv\\\/lotteri\\\/kop-lotter-online-till-mega-sena-lotteriet\\\/#breadcrumb\",\"itemListElement\":[{\"@type\":\"ListItem\",\"position\":1,\"name\":\"Home\",\"item\":\"https:\\\/\\\/gambling6.com\\\/sv\\\/home\\\/\"},{\"@type\":\"ListItem\",\"position\":2,\"name\":\"Lotteri\",\"item\":\"https:\\\/\\\/gambling6.com\\\/sv\\\/lotteri\\\/\"},{\"@type\":\"ListItem\",\"position\":3,\"name\":\"K\u00f6p lotter online till Mega Sena-lotteriet\"}]},{\"@type\":\"WebSite\",\"@id\":\"https:\\\/\\\/gambling6.com\\\/sv\\\/#website\",\"url\":\"https:\\\/\\\/gambling6.com\\\/sv\\\/\",\"name\":\"Gambling6\",\"description\":\"\",\"potentialAction\":[{\"@type\":\"SearchAction\",\"target\":{\"@type\":\"EntryPoint\",\"urlTemplate\":\"https:\\\/\\\/gambling6.com\\\/sv\\\/?s={search_term_string}\"},\"query-input\":{\"@type\":\"PropertyValueSpecification\",\"valueRequired\":true,\"valueName\":\"search_term_string\"}}],\"inLanguage\":\"sv-SE\"}]}<\/script>\n<!-- \/ Yoast SEO plugin. -->","yoast_head_json":{"title":"K\u00f6p lotter online till Mega Sena-lotteriet","description":"L\u00e4r dig hur du kan f\u00e5 tag p\u00e5 lotter till Brasiliens Mega-Sena-lotteri online.","robots":{"index":"index","follow":"follow","max-snippet":"max-snippet:-1","max-image-preview":"max-image-preview:large","max-video-preview":"max-video-preview:-1"},"canonical":"https:\/\/gambling6.com\/sv\/lotteri\/kop-lotter-online-till-mega-sena-lotteriet\/","og_locale":"sv_SE","og_type":"article","og_title":"K\u00f6p lotter online till Mega Sena-lotteriet","og_description":"L\u00e4r dig hur du kan f\u00e5 tag p\u00e5 lotter till Brasiliens Mega-Sena-lotteri online.","og_url":"https:\/\/gambling6.com\/sv\/lotteri\/kop-lotter-online-till-mega-sena-lotteriet\/","og_site_name":"Gambling6","twitter_card":"summary_large_image","twitter_misc":{"Ber\u00e4knad l\u00e4stid":"2 minuter"},"schema":{"@context":"https:\/\/schema.org","@graph":[{"@type":"WebPage","@id":"https:\/\/gambling6.com\/sv\/lotteri\/kop-lotter-online-till-mega-sena-lotteriet\/","url":"https:\/\/gambling6.com\/sv\/lotteri\/kop-lotter-online-till-mega-sena-lotteriet\/","name":"K\u00f6p lotter online till Mega Sena-lotteriet","isPartOf":{"@id":"https:\/\/gambling6.com\/sv\/#website"},"datePublished":"2025-11-11T10:02:40+00:00","description":"L\u00e4r dig hur du kan f\u00e5 tag p\u00e5 lotter till Brasiliens Mega-Sena-lotteri online.","breadcrumb":{"@id":"https:\/\/gambling6.com\/sv\/lotteri\/kop-lotter-online-till-mega-sena-lotteriet\/#breadcrumb"},"inLanguage":"sv-SE","potentialAction":[{"@type":"ReadAction","target":["https:\/\/gambling6.com\/sv\/lotteri\/kop-lotter-online-till-mega-sena-lotteriet\/"]}]},{"@type":"BreadcrumbList","@id":"https:\/\/gambling6.com\/sv\/lotteri\/kop-lotter-online-till-mega-sena-lotteriet\/#breadcrumb","itemListElement":[{"@type":"ListItem","position":1,"name":"Home","item":"https:\/\/gambling6.com\/sv\/home\/"},{"@type":"ListItem","position":2,"name":"Lotteri","item":"https:\/\/gambling6.com\/sv\/lotteri\/"},{"@type":"ListItem","position":3,"name":"K\u00f6p lotter online till Mega Sena-lotteriet"}]},{"@type":"WebSite","@id":"https:\/\/gambling6.com\/sv\/#website","url":"https:\/\/gambling6.com\/sv\/","name":"Gambling6","description":"","potentialAction":[{"@type":"SearchAction","target":{"@type":"EntryPoint","urlTemplate":"https:\/\/gambling6.com\/sv\/?s={search_term_string}"},"query-input":{"@type":"PropertyValueSpecification","valueRequired":true,"valueName":"search_term_string"}}],"inLanguage":"sv-SE"}]}},"_links":{"self":[{"href":"https:\/\/gambling6.com\/sv\/wp-json\/wp\/v2\/pages\/9686","targetHints":{"allow":["GET"]}}],"collection":[{"href":"https:\/\/gambling6.com\/sv\/wp-json\/wp\/v2\/pages"}],"about":[{"href":"https:\/\/gambling6.com\/sv\/wp-json\/wp\/v2\/types\/page"}],"author":[{"embeddable":true,"href":"https:\/\/gambling6.com\/sv\/wp-json\/wp\/v2\/users\/1"}],"replies":[{"embeddable":true,"href":"https:\/\/gambling6.com\/sv\/wp-json\/wp\/v2\/comments?post=9686"}],"version-history":[{"count":0,"href":"https:\/\/gambling6.com\/sv\/wp-json\/wp\/v2\/pages\/9686\/revisions"}],"up":[{"embeddable":true,"href":"https:\/\/gambling6.com\/sv\/wp-json\/wp\/v2\/pages\/9325"}],"wp:attachment":[{"href":"https:\/\/gambling6.com\/sv\/wp-json\/wp\/v2\/media?parent=9686"}],"curies":[{"name":"wp","href":"https:\/\/api.w.org\/{rel}","templated":true}]}}