{"id":9704,"date":"2025-11-11T10:28:54","date_gmt":"2025-11-11T10:28:54","guid":{"rendered":"https:\/\/gambling6.com\/lotteri\/kop-biljetter-till-superenalotto-online\/"},"modified":"2025-11-11T10:28:54","modified_gmt":"2025-11-11T10:28:54","slug":"kop-biljetter-till-superenalotto-online","status":"publish","type":"page","link":"https:\/\/gambling6.com\/sv\/lotteri\/kop-biljetter-till-superenalotto-online\/","title":{"rendered":"K\u00f6p biljetter till Superenalotto online"},"content":{"rendered":"<h2>Superenalotto<\/h2>\n<p>Italienarna \u00e4r lotterifanatiker, s\u00e4rskilt f\u00f6rtjusta i deras Superenalotto. Varje vecka \u00e4r lotterif\u00f6rs\u00e4ljningen till detta lotteri uppr\u00f6rande h\u00f6g, med odds p\u00e5 mer \u00e4n 1 p\u00e5 600 miljoner. <strong>Att k\u00f6pa lotter online till Italiens Superenalotto ger dig de s\u00e4msta t\u00e4nkbara oddsen av alla lotterier i v\u00e4rlden.<\/strong> \u00c4nd\u00e5 verkar detta vara den st\u00f6rsta attraktionen f\u00f6r lokala europ\u00e9er och online-lotterispelare v\u00e4rlden \u00f6ver.<\/p>\n<h2><img loading=\"lazy\" decoding=\"async\" class=\"size-full wp-image-1575 alignright\" src=\"https:\/\/gambling6.com\/wp-content\/uploads\/2022\/04\/2_ticket_superenalotto.jpg\" alt=\"superenalotto ticket\" width=\"228\" height=\"300\" \/>Rollover-jackpottar f\u00f6r SuperEnalotto<\/h2>\n<p>P\u00e5 grund av oddsen f\u00f6r att vinna Italiens Superenalotto \u00e4r det ganska ofta att jackpotten rullas \u00f6ver. Att v\u00e4lja sex nummer mellan ett och 90 ger dig chansen att vinna jackpotten genom att matcha alla sex nummer. Matchar du bara fem nummer f\u00e5r du bonusen. Bonusnumret dras separat och kallas f\u00f6r jolly ball. <strong>Onlinespelare rusar f\u00f6r att k\u00f6pa lotter f\u00f6r att f\u00f6rs\u00f6ka vinna rekordjackpottar p\u00e5 upp till 500 miljoner euro.<\/strong><\/p>\n<p>Det italienska Superenalotto har tre dragningar i veckan. <b>Jackpotten b\u00f6rjar p\u00e5 2 miljoner euro, och det \u00e4r ingen \u00f6verraskning att folk \u00e4r s\u00e5 intresserade av att spela.<\/b> B\u00e5de lokala och onlinespelare vill ha en del av detta internationella lotteri, som erbjuder de rapporterat h\u00f6gsta oddsen.<\/p>\n<p>Superenalotto i Italien introducerades 1997 och drog snabbt till sig europeiska lotterispelares uppm\u00e4rksamhet, och jackpottarna v\u00e4xte och rullade \u00f6ver. Den st\u00f6rsta jackpotten vanns av en enda lottinnehavare 2010 och uppgick till 223 miljoner euro. <strong>Med\u00a0<\/strong><span style=\"box-sizing: border-box; margin: 0px; padding: 0px;\"><strong>fler personer som k\u00f6per lotter online till Superenalotto<\/strong> har jackpotten potential att v\u00e4xa \u00e4nnu st\u00f6rre eftersom det inte finns n\u00e5gon gr\u00e4ns f\u00f6r dess storlek<\/span>.<\/p>\n<p>Ut\u00f6ver att kunna vinna den stora jackpotten kan onlinespelare delta i ett av de andra fem tillg\u00e4ngliga priserna. <a class=\"thirstylink\" title=\"RedFoxLotto sv\" href=\"https:\/\/gambling6.com\/go\/redfoxlotto-en\/\" target=\"_blank\" rel=\"nofollow noopener\">F\u00f6r att f\u00e5 dina lotter till Italiens Superenalotto via RedFoxLotto, klicka h\u00e4r.<\/a><\/p>\n<table style=\"width: 500px;\" border=\"1\" cellspacing=\"5\" cellpadding=\"5\" align=\"center\">\n<tbody>\n<tr>\n<td colspan=\"3\" align=\"center\">Toppjackpottar f\u00f6r 2013<\/td>\n<\/tr>\n<tr>\n<td>Dragning<\/td>\n<td align=\"center\">Datum<\/td>\n<td align=\"center\">Jackpott (USD)<\/td>\n<\/tr>\n<tr>\n<td>Superenalotto &#8211; Italien<\/td>\n<td align=\"center\">29 juni 2013<\/td>\n<td align=\"right\">55 759 000 dollar<\/td>\n<\/tr>\n<tr>\n<td>Superenalotto &#8211; Italien<\/td>\n<td align=\"center\">15 oktober 2013<\/td>\n<td align=\"right\">25 124 430 USD<\/td>\n<\/tr>\n<tr>\n<td>Superenalotto &#8211; Italien<\/td>\n<td align=\"center\">3 oktober 2013<\/td>\n<td align=\"right\">21 372 000 USD<\/td>\n<\/tr>\n<tr>\n<td>Superenalotto &#8211; Italien<\/td>\n<td align=\"center\">27 juli 2013<\/td>\n<td align=\"right\">19 043 000 USD<\/td>\n<\/tr>\n<\/tbody>\n<\/table>\n<p>&nbsp;<\/p>\n<table style=\"width: 500px;\" border=\"1\" cellspacing=\"5\" cellpadding=\"5\" align=\"center\">\n<tbody>\n<tr>\n<td colspan=\"3\" align=\"center\">Superenalotto &#8211; Italiens prisniv\u00e5er<\/td>\n<\/tr>\n<tr>\n<td>Pris<\/td>\n<td align=\"center\">Matcher<\/td>\n<td align=\"center\">Odds<\/td>\n<\/tr>\n<tr>\n<td>1:a (Jackpott)<\/td>\n<td align=\"center\">6<\/td>\n<td align=\"right\">622 614 630 : 1<\/td>\n<\/tr>\n<tr>\n<td>2:a<\/td>\n<td align=\"center\">5 + 1<\/td>\n<td align=\"right\">103 769 105 : 1<\/td>\n<\/tr>\n<tr>\n<td>3:e<\/td>\n<td align=\"center\">5<\/td>\n<td align=\"right\">1 235 346 : 1<\/td>\n<\/tr>\n<tr>\n<td>4:e<\/td>\n<td align=\"center\">4<\/td>\n<td align=\"right\">11 907 : 1<\/td>\n<\/tr>\n<tr>\n<td>5:e<\/td>\n<td align=\"center\">3<\/td>\n<td align=\"right\">327 : 1<\/td>\n<\/tr>\n<\/tbody>\n<\/table>\n","protected":false},"excerpt":{"rendered":"<p>Superenalotto Italienarna \u00e4r lotterifanatiker, s\u00e4rskilt f\u00f6rtjusta i deras Superenalotto. Varje vecka \u00e4r lotterif\u00f6rs\u00e4ljningen till detta lotteri uppr\u00f6rande h\u00f6g, med odds p\u00e5 mer \u00e4n 1 p\u00e5 600 miljoner. Att k\u00f6pa lotter online till Italiens Superenalotto ger dig de s\u00e4msta t\u00e4nkbara oddsen av alla lotterier i v\u00e4rlden. \u00c4nd\u00e5 verkar detta vara den st\u00f6rsta attraktionen f\u00f6r lokala europ\u00e9er [&hellip;]<\/p>\n","protected":false},"author":1,"featured_media":0,"parent":9325,"menu_order":7,"comment_status":"closed","ping_status":"closed","template":"","meta":{"footnotes":""},"class_list":["post-9704","page","type-page","status-publish","hentry"],"yoast_head":"<!-- This site is optimized with the Yoast SEO plugin v27.5 - https:\/\/yoast.com\/product\/yoast-seo-wordpress\/ -->\n<title>K\u00f6p biljetter till Superenalotto online<\/title>\n<meta name=\"description\" content=\"K\u00f6p dina biljetter online till Superenalotto genom att bes\u00f6ka v\u00e5r partner, RedFoxLotto\" \/>\n<meta name=\"robots\" content=\"index, follow, max-snippet:-1, max-image-preview:large, max-video-preview:-1\" \/>\n<link rel=\"canonical\" href=\"https:\/\/gambling6.com\/sv\/lotteri\/kop-biljetter-till-superenalotto-online\/\" \/>\n<meta property=\"og:locale\" content=\"sv_SE\" \/>\n<meta property=\"og:type\" content=\"article\" \/>\n<meta property=\"og:title\" content=\"K\u00f6p biljetter till Superenalotto online\" \/>\n<meta property=\"og:description\" content=\"K\u00f6p dina biljetter online till Superenalotto genom att bes\u00f6ka v\u00e5r partner, RedFoxLotto\" \/>\n<meta property=\"og:url\" content=\"https:\/\/gambling6.com\/sv\/lotteri\/kop-biljetter-till-superenalotto-online\/\" \/>\n<meta property=\"og:site_name\" content=\"Gambling6\" \/>\n<meta property=\"og:image\" content=\"https:\/\/gambling6.com\/wp-content\/uploads\/2022\/04\/2_ticket_superenalotto.jpg\" \/>\n\t<meta property=\"og:image:width\" content=\"228\" \/>\n\t<meta property=\"og:image:height\" content=\"300\" \/>\n\t<meta property=\"og:image:type\" content=\"image\/jpeg\" \/>\n<meta name=\"twitter:card\" content=\"summary_large_image\" \/>\n<meta name=\"twitter:label1\" content=\"Ber\u00e4knad l\u00e4stid\" \/>\n\t<meta name=\"twitter:data1\" content=\"2 minuter\" \/>\n<script type=\"application\/ld+json\" class=\"yoast-schema-graph\">{\"@context\":\"https:\\\/\\\/schema.org\",\"@graph\":[{\"@type\":\"WebPage\",\"@id\":\"https:\\\/\\\/gambling6.com\\\/sv\\\/lotteri\\\/kop-biljetter-till-superenalotto-online\\\/\",\"url\":\"https:\\\/\\\/gambling6.com\\\/sv\\\/lotteri\\\/kop-biljetter-till-superenalotto-online\\\/\",\"name\":\"K\u00f6p biljetter till Superenalotto online\",\"isPartOf\":{\"@id\":\"https:\\\/\\\/gambling6.com\\\/sv\\\/#website\"},\"primaryImageOfPage\":{\"@id\":\"https:\\\/\\\/gambling6.com\\\/sv\\\/lotteri\\\/kop-biljetter-till-superenalotto-online\\\/#primaryimage\"},\"image\":{\"@id\":\"https:\\\/\\\/gambling6.com\\\/sv\\\/lotteri\\\/kop-biljetter-till-superenalotto-online\\\/#primaryimage\"},\"thumbnailUrl\":\"https:\\\/\\\/gambling6.com\\\/wp-content\\\/uploads\\\/2022\\\/04\\\/2_ticket_superenalotto.jpg\",\"datePublished\":\"2025-11-11T10:28:54+00:00\",\"description\":\"K\u00f6p dina biljetter online till Superenalotto genom att bes\u00f6ka v\u00e5r partner, RedFoxLotto\",\"breadcrumb\":{\"@id\":\"https:\\\/\\\/gambling6.com\\\/sv\\\/lotteri\\\/kop-biljetter-till-superenalotto-online\\\/#breadcrumb\"},\"inLanguage\":\"sv-SE\",\"potentialAction\":[{\"@type\":\"ReadAction\",\"target\":[\"https:\\\/\\\/gambling6.com\\\/sv\\\/lotteri\\\/kop-biljetter-till-superenalotto-online\\\/\"]}]},{\"@type\":\"ImageObject\",\"inLanguage\":\"sv-SE\",\"@id\":\"https:\\\/\\\/gambling6.com\\\/sv\\\/lotteri\\\/kop-biljetter-till-superenalotto-online\\\/#primaryimage\",\"url\":\"https:\\\/\\\/gambling6.com\\\/wp-content\\\/uploads\\\/2022\\\/04\\\/2_ticket_superenalotto.jpg\",\"contentUrl\":\"https:\\\/\\\/gambling6.com\\\/wp-content\\\/uploads\\\/2022\\\/04\\\/2_ticket_superenalotto.jpg\"},{\"@type\":\"BreadcrumbList\",\"@id\":\"https:\\\/\\\/gambling6.com\\\/sv\\\/lotteri\\\/kop-biljetter-till-superenalotto-online\\\/#breadcrumb\",\"itemListElement\":[{\"@type\":\"ListItem\",\"position\":1,\"name\":\"Home\",\"item\":\"https:\\\/\\\/gambling6.com\\\/sv\\\/home\\\/\"},{\"@type\":\"ListItem\",\"position\":2,\"name\":\"Lotteri\",\"item\":\"https:\\\/\\\/gambling6.com\\\/sv\\\/lotteri\\\/\"},{\"@type\":\"ListItem\",\"position\":3,\"name\":\"K\u00f6p biljetter till Superenalotto online\"}]},{\"@type\":\"WebSite\",\"@id\":\"https:\\\/\\\/gambling6.com\\\/sv\\\/#website\",\"url\":\"https:\\\/\\\/gambling6.com\\\/sv\\\/\",\"name\":\"Gambling6\",\"description\":\"\",\"potentialAction\":[{\"@type\":\"SearchAction\",\"target\":{\"@type\":\"EntryPoint\",\"urlTemplate\":\"https:\\\/\\\/gambling6.com\\\/sv\\\/?s={search_term_string}\"},\"query-input\":{\"@type\":\"PropertyValueSpecification\",\"valueRequired\":true,\"valueName\":\"search_term_string\"}}],\"inLanguage\":\"sv-SE\"}]}<\/script>\n<!-- \/ Yoast SEO plugin. -->","yoast_head_json":{"title":"K\u00f6p biljetter till Superenalotto online","description":"K\u00f6p dina biljetter online till Superenalotto genom att bes\u00f6ka v\u00e5r partner, RedFoxLotto","robots":{"index":"index","follow":"follow","max-snippet":"max-snippet:-1","max-image-preview":"max-image-preview:large","max-video-preview":"max-video-preview:-1"},"canonical":"https:\/\/gambling6.com\/sv\/lotteri\/kop-biljetter-till-superenalotto-online\/","og_locale":"sv_SE","og_type":"article","og_title":"K\u00f6p biljetter till Superenalotto online","og_description":"K\u00f6p dina biljetter online till Superenalotto genom att bes\u00f6ka v\u00e5r partner, RedFoxLotto","og_url":"https:\/\/gambling6.com\/sv\/lotteri\/kop-biljetter-till-superenalotto-online\/","og_site_name":"Gambling6","og_image":[{"width":228,"height":300,"url":"https:\/\/gambling6.com\/wp-content\/uploads\/2022\/04\/2_ticket_superenalotto.jpg","type":"image\/jpeg"}],"twitter_card":"summary_large_image","twitter_misc":{"Ber\u00e4knad l\u00e4stid":"2 minuter"},"schema":{"@context":"https:\/\/schema.org","@graph":[{"@type":"WebPage","@id":"https:\/\/gambling6.com\/sv\/lotteri\/kop-biljetter-till-superenalotto-online\/","url":"https:\/\/gambling6.com\/sv\/lotteri\/kop-biljetter-till-superenalotto-online\/","name":"K\u00f6p biljetter till Superenalotto online","isPartOf":{"@id":"https:\/\/gambling6.com\/sv\/#website"},"primaryImageOfPage":{"@id":"https:\/\/gambling6.com\/sv\/lotteri\/kop-biljetter-till-superenalotto-online\/#primaryimage"},"image":{"@id":"https:\/\/gambling6.com\/sv\/lotteri\/kop-biljetter-till-superenalotto-online\/#primaryimage"},"thumbnailUrl":"https:\/\/gambling6.com\/wp-content\/uploads\/2022\/04\/2_ticket_superenalotto.jpg","datePublished":"2025-11-11T10:28:54+00:00","description":"K\u00f6p dina biljetter online till Superenalotto genom att bes\u00f6ka v\u00e5r partner, RedFoxLotto","breadcrumb":{"@id":"https:\/\/gambling6.com\/sv\/lotteri\/kop-biljetter-till-superenalotto-online\/#breadcrumb"},"inLanguage":"sv-SE","potentialAction":[{"@type":"ReadAction","target":["https:\/\/gambling6.com\/sv\/lotteri\/kop-biljetter-till-superenalotto-online\/"]}]},{"@type":"ImageObject","inLanguage":"sv-SE","@id":"https:\/\/gambling6.com\/sv\/lotteri\/kop-biljetter-till-superenalotto-online\/#primaryimage","url":"https:\/\/gambling6.com\/wp-content\/uploads\/2022\/04\/2_ticket_superenalotto.jpg","contentUrl":"https:\/\/gambling6.com\/wp-content\/uploads\/2022\/04\/2_ticket_superenalotto.jpg"},{"@type":"BreadcrumbList","@id":"https:\/\/gambling6.com\/sv\/lotteri\/kop-biljetter-till-superenalotto-online\/#breadcrumb","itemListElement":[{"@type":"ListItem","position":1,"name":"Home","item":"https:\/\/gambling6.com\/sv\/home\/"},{"@type":"ListItem","position":2,"name":"Lotteri","item":"https:\/\/gambling6.com\/sv\/lotteri\/"},{"@type":"ListItem","position":3,"name":"K\u00f6p biljetter till Superenalotto online"}]},{"@type":"WebSite","@id":"https:\/\/gambling6.com\/sv\/#website","url":"https:\/\/gambling6.com\/sv\/","name":"Gambling6","description":"","potentialAction":[{"@type":"SearchAction","target":{"@type":"EntryPoint","urlTemplate":"https:\/\/gambling6.com\/sv\/?s={search_term_string}"},"query-input":{"@type":"PropertyValueSpecification","valueRequired":true,"valueName":"search_term_string"}}],"inLanguage":"sv-SE"}]}},"_links":{"self":[{"href":"https:\/\/gambling6.com\/sv\/wp-json\/wp\/v2\/pages\/9704","targetHints":{"allow":["GET"]}}],"collection":[{"href":"https:\/\/gambling6.com\/sv\/wp-json\/wp\/v2\/pages"}],"about":[{"href":"https:\/\/gambling6.com\/sv\/wp-json\/wp\/v2\/types\/page"}],"author":[{"embeddable":true,"href":"https:\/\/gambling6.com\/sv\/wp-json\/wp\/v2\/users\/1"}],"replies":[{"embeddable":true,"href":"https:\/\/gambling6.com\/sv\/wp-json\/wp\/v2\/comments?post=9704"}],"version-history":[{"count":0,"href":"https:\/\/gambling6.com\/sv\/wp-json\/wp\/v2\/pages\/9704\/revisions"}],"up":[{"embeddable":true,"href":"https:\/\/gambling6.com\/sv\/wp-json\/wp\/v2\/pages\/9325"}],"wp:attachment":[{"href":"https:\/\/gambling6.com\/sv\/wp-json\/wp\/v2\/media?parent=9704"}],"curies":[{"name":"wp","href":"https:\/\/api.w.org\/{rel}","templated":true}]}}